{"id":517411,"date":"2021-03-08T16:04:33","date_gmt":"2021-03-08T14:04:33","guid":{"rendered":"https:\/\/euro-east.fi\/tuote\/dovgan-buckwheat-4-x-100g-dose-package\/"},"modified":"2026-01-19T15:09:40","modified_gmt":"2026-01-19T13:09:40","slug":"dovgan-buckwheat-4-x-100g-dose-package","status":"publish","type":"product","link":"https:\/\/euro-east.fi\/en\/tuote\/dovgan-buckwheat-4-x-100g-dose-package\/","title":{"rendered":"Dovgan Buckwheat 4 X 100g dose package"},"content":{"rendered":"<p>Buckwheat groats in easy cooking bags 4 x 100 g. Buckwheatgroats cook quickly (cooking time approx. 10 min).<\/p>\n<p>Enjoy buckwheat as a side dish, prepare risotto or add to casseroles and box dishes.<br \/>\nPorridge made from buckwheat groats is also delicious and nutritious.<\/p>\n<p>In terms of nutritional value, buckwheat is an excellent supplement option.                                                                    2) For sweet hunger &#8211; You can also enjoy buckwheat sweet when you add honey, sugar, cinnamon, raisins or nuts to the buckwheat.<\/p>\n","protected":false},"excerpt":{"rendered":"<p>Buckwheat groats in easy cooking bags 4 x 100 g. Buckwheatgroats cook quickly (cooking time approx. 10 min). Enjoy buckwheat as a side dish, prepare risotto or add to casseroles and box dishes. Porridge made from buckwheat groats is also delicious and nutritious. In terms of nutritional value, buckwheat is an excellent supplement option. 2) [&hellip;]<\/p>\n","protected":false},"featured_media":521437,"template":"","meta":{"_acf_changed":false,"content-type":"","_improvement_type_select":"improve_an_existing","_thumb_yes_seoaic":false,"_frame_yes_seoaic":false,"seoaic_generate_description":"","seoaic_improve_instructions_prompt":"","seoaic_rollback_content_improvement":"","seoaic_idea_thumbnail_generator":"","thumbnail_generated":false,"thumbnail_generate_prompt":"","seoaic_article_description":""},"product_brand":[],"product_cat":[3392],"product_tag":[],"class_list":{"0":"post-517411","1":"product","2":"type-product","3":"status-publish","4":"has-post-thumbnail","6":"product_cat-grains-and-biscuits","8":"first","9":"instock","10":"taxable","11":"shipping-taxable","12":"purchasable","13":"product-type-simple"},"acf":[],"yoast_head":"<!-- This site is optimized with the Yoast SEO plugin v27.1.1 - https:\/\/yoast.com\/product\/yoast-seo-wordpress\/ -->\n<title>Dovgan Buckwheat 4 X 100g dose package - Euro-East<\/title>\n<meta name=\"robots\" content=\"index, follow, max-snippet:-1, max-image-preview:large, max-video-preview:-1\" \/>\n<link rel=\"canonical\" href=\"https:\/\/euro-east.fi\/en\/tuote\/dovgan-buckwheat-4-x-100g-dose-package\/\" \/>\n<meta property=\"og:locale\" content=\"en_US\" \/>\n<meta property=\"og:type\" content=\"article\" \/>\n<meta property=\"og:title\" content=\"Dovgan Buckwheat 4 X 100g dose package - Euro-East\" \/>\n<meta property=\"og:description\" content=\"Buckwheat groats in easy cooking bags 4 x 100 g. Buckwheatgroats cook quickly (cooking time approx. 10 min). Enjoy buckwheat as a side dish, prepare risotto or add to casseroles and box dishes. Porridge made from buckwheat groats is also delicious and nutritious. In terms of nutritional value, buckwheat is an excellent supplement option. 2) [&hellip;]\" \/>\n<meta property=\"og:url\" content=\"https:\/\/euro-east.fi\/en\/tuote\/dovgan-buckwheat-4-x-100g-dose-package\/\" \/>\n<meta property=\"og:site_name\" content=\"Euro-East\" \/>\n<meta property=\"article:publisher\" content=\"https:\/\/www.facebook.com\/EuroEast.fi\" \/>\n<meta property=\"article:modified_time\" content=\"2026-01-19T13:09:40+00:00\" \/>\n<meta property=\"og:image\" content=\"https:\/\/euro-east.fi\/wp-content\/uploads\/2024\/06\/51010400_dovgan_tattarisuurimot_4_x_100_g_annospussi.jpg\" \/>\n\t<meta property=\"og:image:width\" content=\"500\" \/>\n\t<meta property=\"og:image:height\" content=\"500\" \/>\n\t<meta property=\"og:image:type\" content=\"image\/jpeg\" \/>\n<meta name=\"twitter:card\" content=\"summary_large_image\" \/>\n<meta name=\"twitter:site\" content=\"@euroeastoy\" \/>\n<meta name=\"twitter:label1\" content=\"Est. reading time\" \/>\n\t<meta name=\"twitter:data1\" content=\"1 minute\" \/>\n<script type=\"application\/ld+json\" class=\"yoast-schema-graph\">{\"@context\":\"https:\/\/schema.org\",\"@graph\":[{\"@type\":\"WebPage\",\"@id\":\"https:\/\/euro-east.fi\/en\/tuote\/dovgan-buckwheat-4-x-100g-dose-package\/\",\"url\":\"https:\/\/euro-east.fi\/en\/tuote\/dovgan-buckwheat-4-x-100g-dose-package\/\",\"name\":\"Dovgan Buckwheat 4 X 100g dose package - Euro-East\",\"isPartOf\":{\"@id\":\"https:\/\/euro-east.fi\/#website\"},\"primaryImageOfPage\":{\"@id\":\"https:\/\/euro-east.fi\/en\/tuote\/dovgan-buckwheat-4-x-100g-dose-package\/#primaryimage\"},\"image\":{\"@id\":\"https:\/\/euro-east.fi\/en\/tuote\/dovgan-buckwheat-4-x-100g-dose-package\/#primaryimage\"},\"thumbnailUrl\":\"https:\/\/euro-east.fi\/wp-content\/uploads\/2024\/06\/51010400_dovgan_tattarisuurimot_4_x_100_g_annospussi.jpg\",\"datePublished\":\"2021-03-08T14:04:33+00:00\",\"dateModified\":\"2026-01-19T13:09:40+00:00\",\"breadcrumb\":{\"@id\":\"https:\/\/euro-east.fi\/en\/tuote\/dovgan-buckwheat-4-x-100g-dose-package\/#breadcrumb\"},\"inLanguage\":\"en-US\",\"potentialAction\":[{\"@type\":\"ReadAction\",\"target\":[\"https:\/\/euro-east.fi\/en\/tuote\/dovgan-buckwheat-4-x-100g-dose-package\/\"]}]},{\"@type\":\"ImageObject\",\"inLanguage\":\"en-US\",\"@id\":\"https:\/\/euro-east.fi\/en\/tuote\/dovgan-buckwheat-4-x-100g-dose-package\/#primaryimage\",\"url\":\"https:\/\/euro-east.fi\/wp-content\/uploads\/2024\/06\/51010400_dovgan_tattarisuurimot_4_x_100_g_annospussi.jpg\",\"contentUrl\":\"https:\/\/euro-east.fi\/wp-content\/uploads\/2024\/06\/51010400_dovgan_tattarisuurimot_4_x_100_g_annospussi.jpg\",\"width\":500,\"height\":500,\"caption\":\"Tattarisuurimot_4_X_100g\"},{\"@type\":\"BreadcrumbList\",\"@id\":\"https:\/\/euro-east.fi\/en\/tuote\/dovgan-buckwheat-4-x-100g-dose-package\/#breadcrumb\",\"itemListElement\":[{\"@type\":\"ListItem\",\"position\":1,\"name\":\"Home\",\"item\":\"https:\/\/euro-east.fi\/en\/\"},{\"@type\":\"ListItem\",\"position\":2,\"name\":\"Shop\",\"item\":\"https:\/\/euro-east.fi\/en\/shop\/\"},{\"@type\":\"ListItem\",\"position\":3,\"name\":\"Dovgan Buckwheat 4 X 100g dose package\"}]},{\"@type\":\"WebSite\",\"@id\":\"https:\/\/euro-east.fi\/#website\",\"url\":\"https:\/\/euro-east.fi\/\",\"name\":\"Euro-East\",\"description\":\"Euro-East vie sinut makumatkalle Baltiasta Balkanille.Euro-East on it\u00e4eurooppalaisten elintarvikkeiden maahantuoja. Tarjoamme parhaita herkkuja Baltiasta Balkaniin. Meilt\u00e4 l\u00f6yd\u00e4t laadukkaita vihannes-, kala- ja lihas\u00e4ilykkeit\u00e4, kastikkeita, jyvi\u00e4, mehuja, keksej\u00e4 ja pakasteita. Tule mukaan makumatkalle ja ihastu ruokakulttuurien herkulliseen kirjoon\",\"publisher\":{\"@id\":\"https:\/\/euro-east.fi\/#organization\"},\"potentialAction\":[{\"@type\":\"SearchAction\",\"target\":{\"@type\":\"EntryPoint\",\"urlTemplate\":\"https:\/\/euro-east.fi\/?s={search_term_string}\"},\"query-input\":{\"@type\":\"PropertyValueSpecification\",\"valueRequired\":true,\"valueName\":\"search_term_string\"}}],\"inLanguage\":\"en-US\"},{\"@type\":\"Organization\",\"@id\":\"https:\/\/euro-east.fi\/#organization\",\"name\":\"Euro-East\",\"url\":\"https:\/\/euro-east.fi\/\",\"logo\":{\"@type\":\"ImageObject\",\"inLanguage\":\"en-US\",\"@id\":\"https:\/\/euro-east.fi\/#\/schema\/logo\/image\/\",\"url\":\"https:\/\/euro-east.fi\/wp-content\/uploads\/2023\/03\/Logo-1.png\",\"contentUrl\":\"https:\/\/euro-east.fi\/wp-content\/uploads\/2023\/03\/Logo-1.png\",\"width\":250,\"height\":250,\"caption\":\"Euro-East\"},\"image\":{\"@id\":\"https:\/\/euro-east.fi\/#\/schema\/logo\/image\/\"},\"sameAs\":[\"https:\/\/www.facebook.com\/EuroEast.fi\",\"https:\/\/x.com\/euroeastoy\",\"https:\/\/www.instagram.com\/euro.east\/\",\"https:\/\/www.pinterest.com\/euroeast\/\",\"https:\/\/www.youtube.com\/channel\/UCfNlzn0G_n53fATPX6Uw0yw\"]}]}<\/script>\n<!-- \/ Yoast SEO plugin. -->","yoast_head_json":{"title":"Dovgan Buckwheat 4 X 100g dose package - Euro-East","robots":{"index":"index","follow":"follow","max-snippet":"max-snippet:-1","max-image-preview":"max-image-preview:large","max-video-preview":"max-video-preview:-1"},"canonical":"https:\/\/euro-east.fi\/en\/tuote\/dovgan-buckwheat-4-x-100g-dose-package\/","og_locale":"en_US","og_type":"article","og_title":"Dovgan Buckwheat 4 X 100g dose package - Euro-East","og_description":"Buckwheat groats in easy cooking bags 4 x 100 g. Buckwheatgroats cook quickly (cooking time approx. 10 min). Enjoy buckwheat as a side dish, prepare risotto or add to casseroles and box dishes. Porridge made from buckwheat groats is also delicious and nutritious. In terms of nutritional value, buckwheat is an excellent supplement option. 2) [&hellip;]","og_url":"https:\/\/euro-east.fi\/en\/tuote\/dovgan-buckwheat-4-x-100g-dose-package\/","og_site_name":"Euro-East","article_publisher":"https:\/\/www.facebook.com\/EuroEast.fi","article_modified_time":"2026-01-19T13:09:40+00:00","og_image":[{"width":500,"height":500,"url":"https:\/\/euro-east.fi\/wp-content\/uploads\/2024\/06\/51010400_dovgan_tattarisuurimot_4_x_100_g_annospussi.jpg","type":"image\/jpeg"}],"twitter_card":"summary_large_image","twitter_site":"@euroeastoy","twitter_misc":{"Est. reading time":"1 minute"},"schema":{"@context":"https:\/\/schema.org","@graph":[{"@type":"WebPage","@id":"https:\/\/euro-east.fi\/en\/tuote\/dovgan-buckwheat-4-x-100g-dose-package\/","url":"https:\/\/euro-east.fi\/en\/tuote\/dovgan-buckwheat-4-x-100g-dose-package\/","name":"Dovgan Buckwheat 4 X 100g dose package - Euro-East","isPartOf":{"@id":"https:\/\/euro-east.fi\/#website"},"primaryImageOfPage":{"@id":"https:\/\/euro-east.fi\/en\/tuote\/dovgan-buckwheat-4-x-100g-dose-package\/#primaryimage"},"image":{"@id":"https:\/\/euro-east.fi\/en\/tuote\/dovgan-buckwheat-4-x-100g-dose-package\/#primaryimage"},"thumbnailUrl":"https:\/\/euro-east.fi\/wp-content\/uploads\/2024\/06\/51010400_dovgan_tattarisuurimot_4_x_100_g_annospussi.jpg","datePublished":"2021-03-08T14:04:33+00:00","dateModified":"2026-01-19T13:09:40+00:00","breadcrumb":{"@id":"https:\/\/euro-east.fi\/en\/tuote\/dovgan-buckwheat-4-x-100g-dose-package\/#breadcrumb"},"inLanguage":"en-US","potentialAction":[{"@type":"ReadAction","target":["https:\/\/euro-east.fi\/en\/tuote\/dovgan-buckwheat-4-x-100g-dose-package\/"]}]},{"@type":"ImageObject","inLanguage":"en-US","@id":"https:\/\/euro-east.fi\/en\/tuote\/dovgan-buckwheat-4-x-100g-dose-package\/#primaryimage","url":"https:\/\/euro-east.fi\/wp-content\/uploads\/2024\/06\/51010400_dovgan_tattarisuurimot_4_x_100_g_annospussi.jpg","contentUrl":"https:\/\/euro-east.fi\/wp-content\/uploads\/2024\/06\/51010400_dovgan_tattarisuurimot_4_x_100_g_annospussi.jpg","width":500,"height":500,"caption":"Tattarisuurimot_4_X_100g"},{"@type":"BreadcrumbList","@id":"https:\/\/euro-east.fi\/en\/tuote\/dovgan-buckwheat-4-x-100g-dose-package\/#breadcrumb","itemListElement":[{"@type":"ListItem","position":1,"name":"Home","item":"https:\/\/euro-east.fi\/en\/"},{"@type":"ListItem","position":2,"name":"Shop","item":"https:\/\/euro-east.fi\/en\/shop\/"},{"@type":"ListItem","position":3,"name":"Dovgan Buckwheat 4 X 100g dose package"}]},{"@type":"WebSite","@id":"https:\/\/euro-east.fi\/#website","url":"https:\/\/euro-east.fi\/","name":"Euro-East","description":"Euro-East vie sinut makumatkalle Baltiasta Balkanille.Euro-East on it\u00e4eurooppalaisten elintarvikkeiden maahantuoja. Tarjoamme parhaita herkkuja Baltiasta Balkaniin. Meilt\u00e4 l\u00f6yd\u00e4t laadukkaita vihannes-, kala- ja lihas\u00e4ilykkeit\u00e4, kastikkeita, jyvi\u00e4, mehuja, keksej\u00e4 ja pakasteita. Tule mukaan makumatkalle ja ihastu ruokakulttuurien herkulliseen kirjoon","publisher":{"@id":"https:\/\/euro-east.fi\/#organization"},"potentialAction":[{"@type":"SearchAction","target":{"@type":"EntryPoint","urlTemplate":"https:\/\/euro-east.fi\/?s={search_term_string}"},"query-input":{"@type":"PropertyValueSpecification","valueRequired":true,"valueName":"search_term_string"}}],"inLanguage":"en-US"},{"@type":"Organization","@id":"https:\/\/euro-east.fi\/#organization","name":"Euro-East","url":"https:\/\/euro-east.fi\/","logo":{"@type":"ImageObject","inLanguage":"en-US","@id":"https:\/\/euro-east.fi\/#\/schema\/logo\/image\/","url":"https:\/\/euro-east.fi\/wp-content\/uploads\/2023\/03\/Logo-1.png","contentUrl":"https:\/\/euro-east.fi\/wp-content\/uploads\/2023\/03\/Logo-1.png","width":250,"height":250,"caption":"Euro-East"},"image":{"@id":"https:\/\/euro-east.fi\/#\/schema\/logo\/image\/"},"sameAs":["https:\/\/www.facebook.com\/EuroEast.fi","https:\/\/x.com\/euroeastoy","https:\/\/www.instagram.com\/euro.east\/","https:\/\/www.pinterest.com\/euroeast\/","https:\/\/www.youtube.com\/channel\/UCfNlzn0G_n53fATPX6Uw0yw"]}]}},"_links":{"self":[{"href":"https:\/\/euro-east.fi\/en\/wp-json\/wp\/v2\/product\/517411","targetHints":{"allow":["GET"]}}],"collection":[{"href":"https:\/\/euro-east.fi\/en\/wp-json\/wp\/v2\/product"}],"about":[{"href":"https:\/\/euro-east.fi\/en\/wp-json\/wp\/v2\/types\/product"}],"wp:featuredmedia":[{"embeddable":true,"href":"https:\/\/euro-east.fi\/en\/wp-json\/wp\/v2\/media\/521437"}],"wp:attachment":[{"href":"https:\/\/euro-east.fi\/en\/wp-json\/wp\/v2\/media?parent=517411"}],"wp:term":[{"taxonomy":"product_brand","embeddable":true,"href":"https:\/\/euro-east.fi\/en\/wp-json\/wp\/v2\/product_brand?post=517411"},{"taxonomy":"product_cat","embeddable":true,"href":"https:\/\/euro-east.fi\/en\/wp-json\/wp\/v2\/product_cat?post=517411"},{"taxonomy":"product_tag","embeddable":true,"href":"https:\/\/euro-east.fi\/en\/wp-json\/wp\/v2\/product_tag?post=517411"}],"curies":[{"name":"wp","href":"https:\/\/api.w.org\/{rel}","templated":true}]}}