{"id":521575,"date":"2024-06-28T14:28:00","date_gmt":"2024-06-28T11:28:00","guid":{"rendered":"https:\/\/euro-east.fi\/tuote\/amina-semi-coarse-wheat-flour-1-kg\/"},"modified":"2026-01-19T14:52:22","modified_gmt":"2026-01-19T12:52:22","slug":"amina-semi-coarse-wheat-flour-1-kg","status":"publish","type":"product","link":"https:\/\/euro-east.fi\/en\/tuote\/amina-semi-coarse-wheat-flour-1-kg\/","title":{"rendered":"Amina Special wheat flour 1 kg"},"content":{"rendered":"<p>Discover the high-quality Amina special wheat flour from Ukraine, which stands out for its naturalness and excellent baking properties.<br \/>\nThis flour contains no flour improvers, additives, or preservatives, making it an extremely pure and natural choice.<br \/>\nAdditionally, the flour is designed to withstand more demanding handling in baking without breaking down.<br \/>\nUkrainian special wheat flour is versatile for baking and cooking.<br \/>\nYou can use it to thicken sauces, bake delicious small buns, braided loaves, spice cakes, and prepare tasty berry or quark pies.<\/p>\n","protected":false},"excerpt":{"rendered":"<p>Discover the high-quality Amina special wheat flour from Ukraine, which stands out for its naturalness and excellent baking properties. This flour contains no flour improvers, additives, or preservatives, making it an extremely pure and natural choice. Additionally, the flour is designed to withstand more demanding handling in baking without breaking down. Ukrainian special wheat flour [&hellip;]<\/p>\n","protected":false},"featured_media":520500,"template":"","meta":{"_acf_changed":false,"content-type":"","_improvement_type_select":"improve_an_existing","_thumb_yes_seoaic":false,"_frame_yes_seoaic":false,"seoaic_generate_description":"","seoaic_improve_instructions_prompt":"","seoaic_rollback_content_improvement":"","seoaic_idea_thumbnail_generator":"","thumbnail_generated":false,"thumbnail_generate_prompt":"","seoaic_article_description":""},"product_brand":[],"product_cat":[3392],"product_tag":[],"class_list":{"0":"post-521575","1":"product","2":"type-product","3":"status-publish","4":"has-post-thumbnail","6":"product_cat-grains-and-biscuits","8":"first","9":"instock","10":"taxable","11":"shipping-taxable","12":"purchasable","13":"product-type-simple"},"acf":[],"yoast_head":"<!-- This site is optimized with the Yoast SEO plugin v27.1.1 - https:\/\/yoast.com\/product\/yoast-seo-wordpress\/ -->\n<title>Amina Special wheat flour 1 kg - Euro-East<\/title>\n<meta name=\"robots\" content=\"index, follow, max-snippet:-1, max-image-preview:large, max-video-preview:-1\" \/>\n<link rel=\"canonical\" href=\"https:\/\/euro-east.fi\/en\/tuote\/amina-semi-coarse-wheat-flour-1-kg\/\" \/>\n<meta property=\"og:locale\" content=\"en_US\" \/>\n<meta property=\"og:type\" content=\"article\" \/>\n<meta property=\"og:title\" content=\"Amina Special wheat flour 1 kg - Euro-East\" \/>\n<meta property=\"og:description\" content=\"Discover the high-quality Amina special wheat flour from Ukraine, which stands out for its naturalness and excellent baking properties. This flour contains no flour improvers, additives, or preservatives, making it an extremely pure and natural choice. Additionally, the flour is designed to withstand more demanding handling in baking without breaking down. Ukrainian special wheat flour [&hellip;]\" \/>\n<meta property=\"og:url\" content=\"https:\/\/euro-east.fi\/en\/tuote\/amina-semi-coarse-wheat-flour-1-kg\/\" \/>\n<meta property=\"og:site_name\" content=\"Euro-East\" \/>\n<meta property=\"article:publisher\" content=\"https:\/\/www.facebook.com\/EuroEast.fi\" \/>\n<meta property=\"article:modified_time\" content=\"2026-01-19T12:52:22+00:00\" \/>\n<meta property=\"og:image\" content=\"https:\/\/euro-east.fi\/wp-content\/uploads\/2024\/02\/482018_amina_puolikarkea_vehnajauho_1_kg-1.jpg\" \/>\n\t<meta property=\"og:image:width\" content=\"500\" \/>\n\t<meta property=\"og:image:height\" content=\"500\" \/>\n\t<meta property=\"og:image:type\" content=\"image\/jpeg\" \/>\n<meta name=\"twitter:card\" content=\"summary_large_image\" \/>\n<meta name=\"twitter:site\" content=\"@euroeastoy\" \/>\n<script type=\"application\/ld+json\" class=\"yoast-schema-graph\">{\"@context\":\"https:\/\/schema.org\",\"@graph\":[{\"@type\":\"WebPage\",\"@id\":\"https:\/\/euro-east.fi\/en\/tuote\/amina-semi-coarse-wheat-flour-1-kg\/\",\"url\":\"https:\/\/euro-east.fi\/en\/tuote\/amina-semi-coarse-wheat-flour-1-kg\/\",\"name\":\"Amina Special wheat flour 1 kg - Euro-East\",\"isPartOf\":{\"@id\":\"https:\/\/euro-east.fi\/#website\"},\"primaryImageOfPage\":{\"@id\":\"https:\/\/euro-east.fi\/en\/tuote\/amina-semi-coarse-wheat-flour-1-kg\/#primaryimage\"},\"image\":{\"@id\":\"https:\/\/euro-east.fi\/en\/tuote\/amina-semi-coarse-wheat-flour-1-kg\/#primaryimage\"},\"thumbnailUrl\":\"https:\/\/euro-east.fi\/wp-content\/uploads\/2024\/02\/482018_amina_puolikarkea_vehnajauho_1_kg-1.jpg\",\"datePublished\":\"2024-06-28T11:28:00+00:00\",\"dateModified\":\"2026-01-19T12:52:22+00:00\",\"breadcrumb\":{\"@id\":\"https:\/\/euro-east.fi\/en\/tuote\/amina-semi-coarse-wheat-flour-1-kg\/#breadcrumb\"},\"inLanguage\":\"en-US\",\"potentialAction\":[{\"@type\":\"ReadAction\",\"target\":[\"https:\/\/euro-east.fi\/en\/tuote\/amina-semi-coarse-wheat-flour-1-kg\/\"]}]},{\"@type\":\"ImageObject\",\"inLanguage\":\"en-US\",\"@id\":\"https:\/\/euro-east.fi\/en\/tuote\/amina-semi-coarse-wheat-flour-1-kg\/#primaryimage\",\"url\":\"https:\/\/euro-east.fi\/wp-content\/uploads\/2024\/02\/482018_amina_puolikarkea_vehnajauho_1_kg-1.jpg\",\"contentUrl\":\"https:\/\/euro-east.fi\/wp-content\/uploads\/2024\/02\/482018_amina_puolikarkea_vehnajauho_1_kg-1.jpg\",\"width\":500,\"height\":500,\"caption\":\"Amina_Vehnajauho_1_kg\"},{\"@type\":\"BreadcrumbList\",\"@id\":\"https:\/\/euro-east.fi\/en\/tuote\/amina-semi-coarse-wheat-flour-1-kg\/#breadcrumb\",\"itemListElement\":[{\"@type\":\"ListItem\",\"position\":1,\"name\":\"Home\",\"item\":\"https:\/\/euro-east.fi\/en\/\"},{\"@type\":\"ListItem\",\"position\":2,\"name\":\"Shop\",\"item\":\"https:\/\/euro-east.fi\/en\/shop\/\"},{\"@type\":\"ListItem\",\"position\":3,\"name\":\"Amina Special wheat flour 1 kg\"}]},{\"@type\":\"WebSite\",\"@id\":\"https:\/\/euro-east.fi\/#website\",\"url\":\"https:\/\/euro-east.fi\/\",\"name\":\"Euro-East\",\"description\":\"Euro-East vie sinut makumatkalle Baltiasta Balkanille.Euro-East on it\u00e4eurooppalaisten elintarvikkeiden maahantuoja. Tarjoamme parhaita herkkuja Baltiasta Balkaniin. Meilt\u00e4 l\u00f6yd\u00e4t laadukkaita vihannes-, kala- ja lihas\u00e4ilykkeit\u00e4, kastikkeita, jyvi\u00e4, mehuja, keksej\u00e4 ja pakasteita. Tule mukaan makumatkalle ja ihastu ruokakulttuurien herkulliseen kirjoon\",\"publisher\":{\"@id\":\"https:\/\/euro-east.fi\/#organization\"},\"potentialAction\":[{\"@type\":\"SearchAction\",\"target\":{\"@type\":\"EntryPoint\",\"urlTemplate\":\"https:\/\/euro-east.fi\/?s={search_term_string}\"},\"query-input\":{\"@type\":\"PropertyValueSpecification\",\"valueRequired\":true,\"valueName\":\"search_term_string\"}}],\"inLanguage\":\"en-US\"},{\"@type\":\"Organization\",\"@id\":\"https:\/\/euro-east.fi\/#organization\",\"name\":\"Euro-East\",\"url\":\"https:\/\/euro-east.fi\/\",\"logo\":{\"@type\":\"ImageObject\",\"inLanguage\":\"en-US\",\"@id\":\"https:\/\/euro-east.fi\/#\/schema\/logo\/image\/\",\"url\":\"https:\/\/euro-east.fi\/wp-content\/uploads\/2023\/03\/Logo-1.png\",\"contentUrl\":\"https:\/\/euro-east.fi\/wp-content\/uploads\/2023\/03\/Logo-1.png\",\"width\":250,\"height\":250,\"caption\":\"Euro-East\"},\"image\":{\"@id\":\"https:\/\/euro-east.fi\/#\/schema\/logo\/image\/\"},\"sameAs\":[\"https:\/\/www.facebook.com\/EuroEast.fi\",\"https:\/\/x.com\/euroeastoy\",\"https:\/\/www.instagram.com\/euro.east\/\",\"https:\/\/www.pinterest.com\/euroeast\/\",\"https:\/\/www.youtube.com\/channel\/UCfNlzn0G_n53fATPX6Uw0yw\"]}]}<\/script>\n<!-- \/ Yoast SEO plugin. -->","yoast_head_json":{"title":"Amina Special wheat flour 1 kg - Euro-East","robots":{"index":"index","follow":"follow","max-snippet":"max-snippet:-1","max-image-preview":"max-image-preview:large","max-video-preview":"max-video-preview:-1"},"canonical":"https:\/\/euro-east.fi\/en\/tuote\/amina-semi-coarse-wheat-flour-1-kg\/","og_locale":"en_US","og_type":"article","og_title":"Amina Special wheat flour 1 kg - Euro-East","og_description":"Discover the high-quality Amina special wheat flour from Ukraine, which stands out for its naturalness and excellent baking properties. This flour contains no flour improvers, additives, or preservatives, making it an extremely pure and natural choice. Additionally, the flour is designed to withstand more demanding handling in baking without breaking down. Ukrainian special wheat flour [&hellip;]","og_url":"https:\/\/euro-east.fi\/en\/tuote\/amina-semi-coarse-wheat-flour-1-kg\/","og_site_name":"Euro-East","article_publisher":"https:\/\/www.facebook.com\/EuroEast.fi","article_modified_time":"2026-01-19T12:52:22+00:00","og_image":[{"width":500,"height":500,"url":"https:\/\/euro-east.fi\/wp-content\/uploads\/2024\/02\/482018_amina_puolikarkea_vehnajauho_1_kg-1.jpg","type":"image\/jpeg"}],"twitter_card":"summary_large_image","twitter_site":"@euroeastoy","schema":{"@context":"https:\/\/schema.org","@graph":[{"@type":"WebPage","@id":"https:\/\/euro-east.fi\/en\/tuote\/amina-semi-coarse-wheat-flour-1-kg\/","url":"https:\/\/euro-east.fi\/en\/tuote\/amina-semi-coarse-wheat-flour-1-kg\/","name":"Amina Special wheat flour 1 kg - Euro-East","isPartOf":{"@id":"https:\/\/euro-east.fi\/#website"},"primaryImageOfPage":{"@id":"https:\/\/euro-east.fi\/en\/tuote\/amina-semi-coarse-wheat-flour-1-kg\/#primaryimage"},"image":{"@id":"https:\/\/euro-east.fi\/en\/tuote\/amina-semi-coarse-wheat-flour-1-kg\/#primaryimage"},"thumbnailUrl":"https:\/\/euro-east.fi\/wp-content\/uploads\/2024\/02\/482018_amina_puolikarkea_vehnajauho_1_kg-1.jpg","datePublished":"2024-06-28T11:28:00+00:00","dateModified":"2026-01-19T12:52:22+00:00","breadcrumb":{"@id":"https:\/\/euro-east.fi\/en\/tuote\/amina-semi-coarse-wheat-flour-1-kg\/#breadcrumb"},"inLanguage":"en-US","potentialAction":[{"@type":"ReadAction","target":["https:\/\/euro-east.fi\/en\/tuote\/amina-semi-coarse-wheat-flour-1-kg\/"]}]},{"@type":"ImageObject","inLanguage":"en-US","@id":"https:\/\/euro-east.fi\/en\/tuote\/amina-semi-coarse-wheat-flour-1-kg\/#primaryimage","url":"https:\/\/euro-east.fi\/wp-content\/uploads\/2024\/02\/482018_amina_puolikarkea_vehnajauho_1_kg-1.jpg","contentUrl":"https:\/\/euro-east.fi\/wp-content\/uploads\/2024\/02\/482018_amina_puolikarkea_vehnajauho_1_kg-1.jpg","width":500,"height":500,"caption":"Amina_Vehnajauho_1_kg"},{"@type":"BreadcrumbList","@id":"https:\/\/euro-east.fi\/en\/tuote\/amina-semi-coarse-wheat-flour-1-kg\/#breadcrumb","itemListElement":[{"@type":"ListItem","position":1,"name":"Home","item":"https:\/\/euro-east.fi\/en\/"},{"@type":"ListItem","position":2,"name":"Shop","item":"https:\/\/euro-east.fi\/en\/shop\/"},{"@type":"ListItem","position":3,"name":"Amina Special wheat flour 1 kg"}]},{"@type":"WebSite","@id":"https:\/\/euro-east.fi\/#website","url":"https:\/\/euro-east.fi\/","name":"Euro-East","description":"Euro-East vie sinut makumatkalle Baltiasta Balkanille.Euro-East on it\u00e4eurooppalaisten elintarvikkeiden maahantuoja. Tarjoamme parhaita herkkuja Baltiasta Balkaniin. Meilt\u00e4 l\u00f6yd\u00e4t laadukkaita vihannes-, kala- ja lihas\u00e4ilykkeit\u00e4, kastikkeita, jyvi\u00e4, mehuja, keksej\u00e4 ja pakasteita. Tule mukaan makumatkalle ja ihastu ruokakulttuurien herkulliseen kirjoon","publisher":{"@id":"https:\/\/euro-east.fi\/#organization"},"potentialAction":[{"@type":"SearchAction","target":{"@type":"EntryPoint","urlTemplate":"https:\/\/euro-east.fi\/?s={search_term_string}"},"query-input":{"@type":"PropertyValueSpecification","valueRequired":true,"valueName":"search_term_string"}}],"inLanguage":"en-US"},{"@type":"Organization","@id":"https:\/\/euro-east.fi\/#organization","name":"Euro-East","url":"https:\/\/euro-east.fi\/","logo":{"@type":"ImageObject","inLanguage":"en-US","@id":"https:\/\/euro-east.fi\/#\/schema\/logo\/image\/","url":"https:\/\/euro-east.fi\/wp-content\/uploads\/2023\/03\/Logo-1.png","contentUrl":"https:\/\/euro-east.fi\/wp-content\/uploads\/2023\/03\/Logo-1.png","width":250,"height":250,"caption":"Euro-East"},"image":{"@id":"https:\/\/euro-east.fi\/#\/schema\/logo\/image\/"},"sameAs":["https:\/\/www.facebook.com\/EuroEast.fi","https:\/\/x.com\/euroeastoy","https:\/\/www.instagram.com\/euro.east\/","https:\/\/www.pinterest.com\/euroeast\/","https:\/\/www.youtube.com\/channel\/UCfNlzn0G_n53fATPX6Uw0yw"]}]}},"_links":{"self":[{"href":"https:\/\/euro-east.fi\/en\/wp-json\/wp\/v2\/product\/521575","targetHints":{"allow":["GET"]}}],"collection":[{"href":"https:\/\/euro-east.fi\/en\/wp-json\/wp\/v2\/product"}],"about":[{"href":"https:\/\/euro-east.fi\/en\/wp-json\/wp\/v2\/types\/product"}],"wp:featuredmedia":[{"embeddable":true,"href":"https:\/\/euro-east.fi\/en\/wp-json\/wp\/v2\/media\/520500"}],"wp:attachment":[{"href":"https:\/\/euro-east.fi\/en\/wp-json\/wp\/v2\/media?parent=521575"}],"wp:term":[{"taxonomy":"product_brand","embeddable":true,"href":"https:\/\/euro-east.fi\/en\/wp-json\/wp\/v2\/product_brand?post=521575"},{"taxonomy":"product_cat","embeddable":true,"href":"https:\/\/euro-east.fi\/en\/wp-json\/wp\/v2\/product_cat?post=521575"},{"taxonomy":"product_tag","embeddable":true,"href":"https:\/\/euro-east.fi\/en\/wp-json\/wp\/v2\/product_tag?post=521575"}],"curies":[{"name":"wp","href":"https:\/\/api.w.org\/{rel}","templated":true}]}}