{"id":522162,"date":"2024-08-09T08:40:29","date_gmt":"2024-08-09T05:40:29","guid":{"rendered":"https:\/\/euro-east.fi\/tuote\/glads-discovery-rice-noodles-with-pho-bo-sauce-65-g\/"},"modified":"2026-01-19T14:51:32","modified_gmt":"2026-01-19T12:51:32","slug":"glads-discovery-rice-noodles-with-pho-bo-sauce-65-g","status":"publish","type":"product","link":"https:\/\/euro-east.fi\/en\/tuote\/glads-discovery-rice-noodles-with-pho-bo-sauce-65-g\/","title":{"rendered":"Glads Discovery Rice noodles with Pho Bo sauce 65 g"},"content":{"rendered":"<p>Glads Discovery Rice Noodle with Pho Bo Sauce offers an enticing and gluten-free journey into Vietnamese flavors. Meticulously combining carefully selected ingredients, this dish brings together noodles, flavorful vegetables, and the traditional Vietnamese Pho Bo sauce. Pho Bo sauce is renowned for its blend of cinnamon, ginger, cardamom, and anise, creating a rich and deep flavor for the broth. You can enjoy this meal on its own or easily incorporate it into stir-fries, salads, or soups. If you desire added filling, consider enhancing it with tofu, chicken, beef, or pork. Experience authentic flavors effortlessly in your own kitchen!<\/p>\n","protected":false},"excerpt":{"rendered":"<p>Glads Discovery Rice Noodle with Pho Bo Sauce offers an enticing and gluten-free journey into Vietnamese flavors. Meticulously combining carefully selected ingredients, this dish brings together noodles, flavorful vegetables, and the traditional Vietnamese Pho Bo sauce. Pho Bo sauce is renowned for its blend of cinnamon, ginger, cardamom, and anise, creating a rich and deep [&hellip;]<\/p>\n","protected":false},"featured_media":522138,"template":"","meta":{"_acf_changed":false,"content-type":"","_improvement_type_select":"improve_an_existing","_thumb_yes_seoaic":false,"_frame_yes_seoaic":false,"seoaic_generate_description":"","seoaic_improve_instructions_prompt":"","seoaic_rollback_content_improvement":"","seoaic_idea_thumbnail_generator":"","thumbnail_generated":false,"thumbnail_generate_prompt":"","seoaic_article_description":""},"product_brand":[],"product_cat":[3377],"product_tag":[],"class_list":{"0":"post-522162","1":"product","2":"type-product","3":"status-publish","4":"has-post-thumbnail","6":"product_cat-noodles-and-pasta","8":"first","9":"instock","10":"taxable","11":"shipping-taxable","12":"purchasable","13":"product-type-simple"},"acf":[],"yoast_head":"<!-- This site is optimized with the Yoast SEO plugin v27.1.1 - https:\/\/yoast.com\/product\/yoast-seo-wordpress\/ -->\n<title>Glads Discovery Rice noodles with Pho Bo sauce 65 g - Euro-East<\/title>\n<meta name=\"robots\" content=\"index, follow, max-snippet:-1, max-image-preview:large, max-video-preview:-1\" \/>\n<link rel=\"canonical\" href=\"https:\/\/euro-east.fi\/en\/tuote\/glads-discovery-rice-noodles-with-pho-bo-sauce-65-g\/\" \/>\n<meta property=\"og:locale\" content=\"en_US\" \/>\n<meta property=\"og:type\" content=\"article\" \/>\n<meta property=\"og:title\" content=\"Glads Discovery Rice noodles with Pho Bo sauce 65 g - Euro-East\" \/>\n<meta property=\"og:description\" content=\"Glads Discovery Rice Noodle with Pho Bo Sauce offers an enticing and gluten-free journey into Vietnamese flavors. Meticulously combining carefully selected ingredients, this dish brings together noodles, flavorful vegetables, and the traditional Vietnamese Pho Bo sauce. Pho Bo sauce is renowned for its blend of cinnamon, ginger, cardamom, and anise, creating a rich and deep [&hellip;]\" \/>\n<meta property=\"og:url\" content=\"https:\/\/euro-east.fi\/en\/tuote\/glads-discovery-rice-noodles-with-pho-bo-sauce-65-g\/\" \/>\n<meta property=\"og:site_name\" content=\"Euro-East\" \/>\n<meta property=\"article:publisher\" content=\"https:\/\/www.facebook.com\/EuroEast.fi\" \/>\n<meta property=\"article:modified_time\" content=\"2026-01-19T12:51:32+00:00\" \/>\n<meta property=\"og:image\" content=\"https:\/\/euro-east.fi\/wp-content\/uploads\/2024\/08\/482148_glads_discovery_riisinuudeli_pho_bo_kastikkeella_65_g.jpg\" \/>\n\t<meta property=\"og:image:width\" content=\"500\" \/>\n\t<meta property=\"og:image:height\" content=\"500\" \/>\n\t<meta property=\"og:image:type\" content=\"image\/jpeg\" \/>\n<meta name=\"twitter:card\" content=\"summary_large_image\" \/>\n<meta name=\"twitter:site\" content=\"@euroeastoy\" \/>\n<script type=\"application\/ld+json\" class=\"yoast-schema-graph\">{\"@context\":\"https:\/\/schema.org\",\"@graph\":[{\"@type\":\"WebPage\",\"@id\":\"https:\/\/euro-east.fi\/en\/tuote\/glads-discovery-rice-noodles-with-pho-bo-sauce-65-g\/\",\"url\":\"https:\/\/euro-east.fi\/en\/tuote\/glads-discovery-rice-noodles-with-pho-bo-sauce-65-g\/\",\"name\":\"Glads Discovery Rice noodles with Pho Bo sauce 65 g - Euro-East\",\"isPartOf\":{\"@id\":\"https:\/\/euro-east.fi\/#website\"},\"primaryImageOfPage\":{\"@id\":\"https:\/\/euro-east.fi\/en\/tuote\/glads-discovery-rice-noodles-with-pho-bo-sauce-65-g\/#primaryimage\"},\"image\":{\"@id\":\"https:\/\/euro-east.fi\/en\/tuote\/glads-discovery-rice-noodles-with-pho-bo-sauce-65-g\/#primaryimage\"},\"thumbnailUrl\":\"https:\/\/euro-east.fi\/wp-content\/uploads\/2024\/08\/482148_glads_discovery_riisinuudeli_pho_bo_kastikkeella_65_g.jpg\",\"datePublished\":\"2024-08-09T05:40:29+00:00\",\"dateModified\":\"2026-01-19T12:51:32+00:00\",\"breadcrumb\":{\"@id\":\"https:\/\/euro-east.fi\/en\/tuote\/glads-discovery-rice-noodles-with-pho-bo-sauce-65-g\/#breadcrumb\"},\"inLanguage\":\"en-US\",\"potentialAction\":[{\"@type\":\"ReadAction\",\"target\":[\"https:\/\/euro-east.fi\/en\/tuote\/glads-discovery-rice-noodles-with-pho-bo-sauce-65-g\/\"]}]},{\"@type\":\"ImageObject\",\"inLanguage\":\"en-US\",\"@id\":\"https:\/\/euro-east.fi\/en\/tuote\/glads-discovery-rice-noodles-with-pho-bo-sauce-65-g\/#primaryimage\",\"url\":\"https:\/\/euro-east.fi\/wp-content\/uploads\/2024\/08\/482148_glads_discovery_riisinuudeli_pho_bo_kastikkeella_65_g.jpg\",\"contentUrl\":\"https:\/\/euro-east.fi\/wp-content\/uploads\/2024\/08\/482148_glads_discovery_riisinuudeli_pho_bo_kastikkeella_65_g.jpg\",\"width\":500,\"height\":500,\"caption\":\"Glads_Discovery_Riisinuudeli_Pho_Bo_kastikkeella_65_g\"},{\"@type\":\"BreadcrumbList\",\"@id\":\"https:\/\/euro-east.fi\/en\/tuote\/glads-discovery-rice-noodles-with-pho-bo-sauce-65-g\/#breadcrumb\",\"itemListElement\":[{\"@type\":\"ListItem\",\"position\":1,\"name\":\"Home\",\"item\":\"https:\/\/euro-east.fi\/en\/\"},{\"@type\":\"ListItem\",\"position\":2,\"name\":\"Shop\",\"item\":\"https:\/\/euro-east.fi\/en\/shop\/\"},{\"@type\":\"ListItem\",\"position\":3,\"name\":\"Glads Discovery Rice noodles with Pho Bo sauce 65 g\"}]},{\"@type\":\"WebSite\",\"@id\":\"https:\/\/euro-east.fi\/#website\",\"url\":\"https:\/\/euro-east.fi\/\",\"name\":\"Euro-East\",\"description\":\"Euro-East vie sinut makumatkalle Baltiasta Balkanille.Euro-East on it\u00e4eurooppalaisten elintarvikkeiden maahantuoja. Tarjoamme parhaita herkkuja Baltiasta Balkaniin. Meilt\u00e4 l\u00f6yd\u00e4t laadukkaita vihannes-, kala- ja lihas\u00e4ilykkeit\u00e4, kastikkeita, jyvi\u00e4, mehuja, keksej\u00e4 ja pakasteita. Tule mukaan makumatkalle ja ihastu ruokakulttuurien herkulliseen kirjoon\",\"publisher\":{\"@id\":\"https:\/\/euro-east.fi\/#organization\"},\"potentialAction\":[{\"@type\":\"SearchAction\",\"target\":{\"@type\":\"EntryPoint\",\"urlTemplate\":\"https:\/\/euro-east.fi\/?s={search_term_string}\"},\"query-input\":{\"@type\":\"PropertyValueSpecification\",\"valueRequired\":true,\"valueName\":\"search_term_string\"}}],\"inLanguage\":\"en-US\"},{\"@type\":\"Organization\",\"@id\":\"https:\/\/euro-east.fi\/#organization\",\"name\":\"Euro-East\",\"url\":\"https:\/\/euro-east.fi\/\",\"logo\":{\"@type\":\"ImageObject\",\"inLanguage\":\"en-US\",\"@id\":\"https:\/\/euro-east.fi\/#\/schema\/logo\/image\/\",\"url\":\"https:\/\/euro-east.fi\/wp-content\/uploads\/2023\/03\/Logo-1.png\",\"contentUrl\":\"https:\/\/euro-east.fi\/wp-content\/uploads\/2023\/03\/Logo-1.png\",\"width\":250,\"height\":250,\"caption\":\"Euro-East\"},\"image\":{\"@id\":\"https:\/\/euro-east.fi\/#\/schema\/logo\/image\/\"},\"sameAs\":[\"https:\/\/www.facebook.com\/EuroEast.fi\",\"https:\/\/x.com\/euroeastoy\",\"https:\/\/www.instagram.com\/euro.east\/\",\"https:\/\/www.pinterest.com\/euroeast\/\",\"https:\/\/www.youtube.com\/channel\/UCfNlzn0G_n53fATPX6Uw0yw\"]}]}<\/script>\n<!-- \/ Yoast SEO plugin. -->","yoast_head_json":{"title":"Glads Discovery Rice noodles with Pho Bo sauce 65 g - Euro-East","robots":{"index":"index","follow":"follow","max-snippet":"max-snippet:-1","max-image-preview":"max-image-preview:large","max-video-preview":"max-video-preview:-1"},"canonical":"https:\/\/euro-east.fi\/en\/tuote\/glads-discovery-rice-noodles-with-pho-bo-sauce-65-g\/","og_locale":"en_US","og_type":"article","og_title":"Glads Discovery Rice noodles with Pho Bo sauce 65 g - Euro-East","og_description":"Glads Discovery Rice Noodle with Pho Bo Sauce offers an enticing and gluten-free journey into Vietnamese flavors. Meticulously combining carefully selected ingredients, this dish brings together noodles, flavorful vegetables, and the traditional Vietnamese Pho Bo sauce. Pho Bo sauce is renowned for its blend of cinnamon, ginger, cardamom, and anise, creating a rich and deep [&hellip;]","og_url":"https:\/\/euro-east.fi\/en\/tuote\/glads-discovery-rice-noodles-with-pho-bo-sauce-65-g\/","og_site_name":"Euro-East","article_publisher":"https:\/\/www.facebook.com\/EuroEast.fi","article_modified_time":"2026-01-19T12:51:32+00:00","og_image":[{"width":500,"height":500,"url":"https:\/\/euro-east.fi\/wp-content\/uploads\/2024\/08\/482148_glads_discovery_riisinuudeli_pho_bo_kastikkeella_65_g.jpg","type":"image\/jpeg"}],"twitter_card":"summary_large_image","twitter_site":"@euroeastoy","schema":{"@context":"https:\/\/schema.org","@graph":[{"@type":"WebPage","@id":"https:\/\/euro-east.fi\/en\/tuote\/glads-discovery-rice-noodles-with-pho-bo-sauce-65-g\/","url":"https:\/\/euro-east.fi\/en\/tuote\/glads-discovery-rice-noodles-with-pho-bo-sauce-65-g\/","name":"Glads Discovery Rice noodles with Pho Bo sauce 65 g - Euro-East","isPartOf":{"@id":"https:\/\/euro-east.fi\/#website"},"primaryImageOfPage":{"@id":"https:\/\/euro-east.fi\/en\/tuote\/glads-discovery-rice-noodles-with-pho-bo-sauce-65-g\/#primaryimage"},"image":{"@id":"https:\/\/euro-east.fi\/en\/tuote\/glads-discovery-rice-noodles-with-pho-bo-sauce-65-g\/#primaryimage"},"thumbnailUrl":"https:\/\/euro-east.fi\/wp-content\/uploads\/2024\/08\/482148_glads_discovery_riisinuudeli_pho_bo_kastikkeella_65_g.jpg","datePublished":"2024-08-09T05:40:29+00:00","dateModified":"2026-01-19T12:51:32+00:00","breadcrumb":{"@id":"https:\/\/euro-east.fi\/en\/tuote\/glads-discovery-rice-noodles-with-pho-bo-sauce-65-g\/#breadcrumb"},"inLanguage":"en-US","potentialAction":[{"@type":"ReadAction","target":["https:\/\/euro-east.fi\/en\/tuote\/glads-discovery-rice-noodles-with-pho-bo-sauce-65-g\/"]}]},{"@type":"ImageObject","inLanguage":"en-US","@id":"https:\/\/euro-east.fi\/en\/tuote\/glads-discovery-rice-noodles-with-pho-bo-sauce-65-g\/#primaryimage","url":"https:\/\/euro-east.fi\/wp-content\/uploads\/2024\/08\/482148_glads_discovery_riisinuudeli_pho_bo_kastikkeella_65_g.jpg","contentUrl":"https:\/\/euro-east.fi\/wp-content\/uploads\/2024\/08\/482148_glads_discovery_riisinuudeli_pho_bo_kastikkeella_65_g.jpg","width":500,"height":500,"caption":"Glads_Discovery_Riisinuudeli_Pho_Bo_kastikkeella_65_g"},{"@type":"BreadcrumbList","@id":"https:\/\/euro-east.fi\/en\/tuote\/glads-discovery-rice-noodles-with-pho-bo-sauce-65-g\/#breadcrumb","itemListElement":[{"@type":"ListItem","position":1,"name":"Home","item":"https:\/\/euro-east.fi\/en\/"},{"@type":"ListItem","position":2,"name":"Shop","item":"https:\/\/euro-east.fi\/en\/shop\/"},{"@type":"ListItem","position":3,"name":"Glads Discovery Rice noodles with Pho Bo sauce 65 g"}]},{"@type":"WebSite","@id":"https:\/\/euro-east.fi\/#website","url":"https:\/\/euro-east.fi\/","name":"Euro-East","description":"Euro-East vie sinut makumatkalle Baltiasta Balkanille.Euro-East on it\u00e4eurooppalaisten elintarvikkeiden maahantuoja. Tarjoamme parhaita herkkuja Baltiasta Balkaniin. Meilt\u00e4 l\u00f6yd\u00e4t laadukkaita vihannes-, kala- ja lihas\u00e4ilykkeit\u00e4, kastikkeita, jyvi\u00e4, mehuja, keksej\u00e4 ja pakasteita. Tule mukaan makumatkalle ja ihastu ruokakulttuurien herkulliseen kirjoon","publisher":{"@id":"https:\/\/euro-east.fi\/#organization"},"potentialAction":[{"@type":"SearchAction","target":{"@type":"EntryPoint","urlTemplate":"https:\/\/euro-east.fi\/?s={search_term_string}"},"query-input":{"@type":"PropertyValueSpecification","valueRequired":true,"valueName":"search_term_string"}}],"inLanguage":"en-US"},{"@type":"Organization","@id":"https:\/\/euro-east.fi\/#organization","name":"Euro-East","url":"https:\/\/euro-east.fi\/","logo":{"@type":"ImageObject","inLanguage":"en-US","@id":"https:\/\/euro-east.fi\/#\/schema\/logo\/image\/","url":"https:\/\/euro-east.fi\/wp-content\/uploads\/2023\/03\/Logo-1.png","contentUrl":"https:\/\/euro-east.fi\/wp-content\/uploads\/2023\/03\/Logo-1.png","width":250,"height":250,"caption":"Euro-East"},"image":{"@id":"https:\/\/euro-east.fi\/#\/schema\/logo\/image\/"},"sameAs":["https:\/\/www.facebook.com\/EuroEast.fi","https:\/\/x.com\/euroeastoy","https:\/\/www.instagram.com\/euro.east\/","https:\/\/www.pinterest.com\/euroeast\/","https:\/\/www.youtube.com\/channel\/UCfNlzn0G_n53fATPX6Uw0yw"]}]}},"_links":{"self":[{"href":"https:\/\/euro-east.fi\/en\/wp-json\/wp\/v2\/product\/522162","targetHints":{"allow":["GET"]}}],"collection":[{"href":"https:\/\/euro-east.fi\/en\/wp-json\/wp\/v2\/product"}],"about":[{"href":"https:\/\/euro-east.fi\/en\/wp-json\/wp\/v2\/types\/product"}],"wp:featuredmedia":[{"embeddable":true,"href":"https:\/\/euro-east.fi\/en\/wp-json\/wp\/v2\/media\/522138"}],"wp:attachment":[{"href":"https:\/\/euro-east.fi\/en\/wp-json\/wp\/v2\/media?parent=522162"}],"wp:term":[{"taxonomy":"product_brand","embeddable":true,"href":"https:\/\/euro-east.fi\/en\/wp-json\/wp\/v2\/product_brand?post=522162"},{"taxonomy":"product_cat","embeddable":true,"href":"https:\/\/euro-east.fi\/en\/wp-json\/wp\/v2\/product_cat?post=522162"},{"taxonomy":"product_tag","embeddable":true,"href":"https:\/\/euro-east.fi\/en\/wp-json\/wp\/v2\/product_tag?post=522162"}],"curies":[{"name":"wp","href":"https:\/\/api.w.org\/{rel}","templated":true}]}}