{"id":10464,"date":"2020-02-17T11:16:36","date_gmt":"2020-02-17T09:16:36","guid":{"rendered":"https:\/\/euro-east.fi\/?page_id=10464"},"modified":"2020-02-17T14:00:26","modified_gmt":"2020-02-17T12:00:26","slug":"%d1%81%d0%be%d0%ba%d0%b8-%d0%b8-%d0%bd%d0%b0%d0%bf%d0%b8%d1%82%d0%ba%d0%b8","status":"publish","type":"page","link":"https:\/\/euro-east.fi\/ru\/%d0%bf%d1%80%d0%be%d0%b4%d1%83%d0%ba%d1%86%d0%b8%d1%8f\/%d1%81%d0%be%d0%ba%d0%b8-%d0%b8-%d0%bd%d0%b0%d0%bf%d0%b8%d1%82%d0%ba%d0%b8\/","title":{"rendered":"\u0421\u043e\u043a\u0438 \u0438 \u043d\u0430\u043f\u0438\u0442\u043a\u0438"},"content":{"rendered":"<h1>\u0421\u043e\u043a\u0438 \u0438 \u043d\u0430\u043f\u0438\u0442\u043a\u0438<\/h1>\n<p>Euro-East \u043f\u0440\u0435\u0434\u043b\u0430\u0433\u0430\u0435\u0442 \u0432\u0430\u043c \u0430\u0441\u0441\u043e\u0440\u0442\u0438\u043c\u0435\u043d\u0442 \u043f\u043e\u043b\u0435\u0437\u043d\u044b\u0445 \u0441\u043e\u043a\u043e\u0432 , \u0442\u0430\u043a\u0438\u0435 \u043a\u0430\u043a 100% \u0413\u0440\u0430\u043d\u0430\u0442\u043e\u0432\u044b\u0439 \u0441\u043e\u043a \u043f\u0440\u044f\u043c\u043e\u0433\u043e \u043e\u0442\u0436\u0438\u043c\u0430 \u0438 \u0431\u0435\u0440\u0435\u0437\u043e\u0432\u044b\u0439 \u0441\u043e\u043a. \u041d\u0430\u0448\u0438 \u0441\u043e\u043a\u0438 \u0432\u044b \u043c\u043e\u0436\u0435\u0442\u0435 \u043a\u0443\u043f\u0438\u0442\u044c \u0432 \u0432\u0430\u0448\u0435\u043c \u0431\u043b\u0438\u0436\u0430\u0439\u0448\u0435\u043c \u0421\u0438\u0442\u0438\u043c\u0430\u0440\u043a\u0435\u0442\u0435, \u041f\u0440\u0438\u0437\u043c\u0435 , \u041f\u0443\u0443\u0438\u043b\u043e \u0438\u043b\u0438 \u0422\u043e\u043a\u043c\u0430\u043d\u043d\u0435.<\/p>\n","protected":false},"excerpt":{"rendered":"<p>\u0421\u043e\u043a\u0438 \u0438 \u043d\u0430\u043f\u0438\u0442\u043a\u0438 Euro-East \u043f\u0440\u0435\u0434\u043b\u0430\u0433\u0430\u0435\u0442 \u0432\u0430\u043c \u0430\u0441\u0441\u043e\u0440\u0442\u0438\u043c\u0435\u043d\u0442 \u043f\u043e\u043b\u0435\u0437\u043d\u044b\u0445 \u0441\u043e\u043a\u043e\u0432 , \u0442\u0430\u043a\u0438\u0435 \u043a\u0430\u043a 100% \u0413\u0440\u0430\u043d\u0430\u0442\u043e\u0432\u044b\u0439 \u0441\u043e\u043a \u043f\u0440\u044f\u043c\u043e\u0433\u043e \u043e\u0442\u0436\u0438\u043c\u0430 \u0438 \u0431\u0435\u0440\u0435\u0437\u043e\u0432\u044b\u0439 \u0441\u043e\u043a. \u041d\u0430\u0448\u0438 \u0441\u043e\u043a\u0438 \u0432\u044b \u043c\u043e\u0436\u0435\u0442\u0435 \u043a\u0443\u043f\u0438\u0442\u044c \u0432 \u0432\u0430\u0448\u0435\u043c \u0431\u043b\u0438\u0436\u0430\u0439\u0448\u0435\u043c \u0421\u0438\u0442\u0438\u043c\u0430\u0440\u043a\u0435\u0442\u0435, \u041f\u0440\u0438\u0437\u043c\u0435 , \u041f\u0443\u0443\u0438\u043b\u043e \u0438\u043b\u0438 \u0422\u043e\u043a\u043c\u0430\u043d\u043d\u0435.<\/p>\n","protected":false},"author":3,"featured_media":0,"parent":600,"menu_order":6,"comment_status":"closed","ping_status":"closed","template":"","meta":{"_acf_changed":false,"content-type":"","_improvement_type_select":"improve_an_existing","_thumb_yes_seoaic":false,"_frame_yes_seoaic":false,"seoaic_generate_description":"","seoaic_improve_instructions_prompt":"","seoaic_rollback_content_improvement":"","seoaic_idea_thumbnail_generator":"","thumbnail_generated":false,"thumbnail_generate_prompt":"","seoaic_article_description":"","footnotes":""},"class_list":["post-10464","page","type-page","status-publish","hentry"],"acf":[],"yoast_head":"<!-- This site is optimized with the Yoast SEO plugin v27.1.1 - https:\/\/yoast.com\/product\/yoast-seo-wordpress\/ -->\n<title>\u0421\u043e\u043a\u0438 \u0438 \u043d\u0430\u043f\u0438\u0442\u043a\u0438 - Euro-East<\/title>\n<meta name=\"robots\" content=\"index, follow, max-snippet:-1, max-image-preview:large, max-video-preview:-1\" \/>\n<link rel=\"canonical\" href=\"https:\/\/euro-east.fi\/ru\/\u043f\u0440\u043e\u0434\u0443\u043a\u0446\u0438\u044f\/\u0441\u043e\u043a\u0438-\u0438-\u043d\u0430\u043f\u0438\u0442\u043a\u0438\/\" \/>\n<meta property=\"og:locale\" content=\"ru_RU\" \/>\n<meta property=\"og:type\" content=\"article\" \/>\n<meta property=\"og:title\" content=\"\u0421\u043e\u043a\u0438 \u0438 \u043d\u0430\u043f\u0438\u0442\u043a\u0438 - Euro-East\" \/>\n<meta property=\"og:description\" content=\"\u0421\u043e\u043a\u0438 \u0438 \u043d\u0430\u043f\u0438\u0442\u043a\u0438 Euro-East \u043f\u0440\u0435\u0434\u043b\u0430\u0433\u0430\u0435\u0442 \u0432\u0430\u043c \u0430\u0441\u0441\u043e\u0440\u0442\u0438\u043c\u0435\u043d\u0442 \u043f\u043e\u043b\u0435\u0437\u043d\u044b\u0445 \u0441\u043e\u043a\u043e\u0432 , \u0442\u0430\u043a\u0438\u0435 \u043a\u0430\u043a 100% \u0413\u0440\u0430\u043d\u0430\u0442\u043e\u0432\u044b\u0439 \u0441\u043e\u043a \u043f\u0440\u044f\u043c\u043e\u0433\u043e \u043e\u0442\u0436\u0438\u043c\u0430 \u0438 \u0431\u0435\u0440\u0435\u0437\u043e\u0432\u044b\u0439 \u0441\u043e\u043a. \u041d\u0430\u0448\u0438 \u0441\u043e\u043a\u0438 \u0432\u044b \u043c\u043e\u0436\u0435\u0442\u0435 \u043a\u0443\u043f\u0438\u0442\u044c \u0432 \u0432\u0430\u0448\u0435\u043c \u0431\u043b\u0438\u0436\u0430\u0439\u0448\u0435\u043c \u0421\u0438\u0442\u0438\u043c\u0430\u0440\u043a\u0435\u0442\u0435, \u041f\u0440\u0438\u0437\u043c\u0435 , \u041f\u0443\u0443\u0438\u043b\u043e \u0438\u043b\u0438 \u0422\u043e\u043a\u043c\u0430\u043d\u043d\u0435.\" \/>\n<meta property=\"og:url\" content=\"https:\/\/euro-east.fi\/ru\/\u043f\u0440\u043e\u0434\u0443\u043a\u0446\u0438\u044f\/\u0441\u043e\u043a\u0438-\u0438-\u043d\u0430\u043f\u0438\u0442\u043a\u0438\/\" \/>\n<meta property=\"og:site_name\" content=\"Euro-East\" \/>\n<meta property=\"article:publisher\" content=\"https:\/\/www.facebook.com\/EuroEast.fi\" \/>\n<meta property=\"article:modified_time\" content=\"2020-02-17T12:00:26+00:00\" \/>\n<meta property=\"og:image\" content=\"https:\/\/euro-east.fi\/wp-content\/uploads\/2019\/04\/Juomat.jpg\" \/>\n\t<meta property=\"og:image:width\" content=\"500\" \/>\n\t<meta property=\"og:image:height\" content=\"500\" \/>\n\t<meta property=\"og:image:type\" content=\"image\/jpeg\" \/>\n<meta name=\"twitter:card\" content=\"summary_large_image\" \/>\n<meta name=\"twitter:site\" content=\"@euroeastoy\" \/>\n<script type=\"application\/ld+json\" class=\"yoast-schema-graph\">{\"@context\":\"https:\/\/schema.org\",\"@graph\":[{\"@type\":\"WebPage\",\"@id\":\"https:\/\/euro-east.fi\/ru\/%d0%bf%d1%80%d0%be%d0%b4%d1%83%d0%ba%d1%86%d0%b8%d1%8f\/%d1%81%d0%be%d0%ba%d0%b8-%d0%b8-%d0%bd%d0%b0%d0%bf%d0%b8%d1%82%d0%ba%d0%b8\/\",\"url\":\"https:\/\/euro-east.fi\/ru\/%d0%bf%d1%80%d0%be%d0%b4%d1%83%d0%ba%d1%86%d0%b8%d1%8f\/%d1%81%d0%be%d0%ba%d0%b8-%d0%b8-%d0%bd%d0%b0%d0%bf%d0%b8%d1%82%d0%ba%d0%b8\/\",\"name\":\"\u0421\u043e\u043a\u0438 \u0438 \u043d\u0430\u043f\u0438\u0442\u043a\u0438 - Euro-East\",\"isPartOf\":{\"@id\":\"https:\/\/euro-east.fi\/#website\"},\"datePublished\":\"2020-02-17T09:16:36+00:00\",\"dateModified\":\"2020-02-17T12:00:26+00:00\",\"breadcrumb\":{\"@id\":\"https:\/\/euro-east.fi\/ru\/%d0%bf%d1%80%d0%be%d0%b4%d1%83%d0%ba%d1%86%d0%b8%d1%8f\/%d1%81%d0%be%d0%ba%d0%b8-%d0%b8-%d0%bd%d0%b0%d0%bf%d0%b8%d1%82%d0%ba%d0%b8\/#breadcrumb\"},\"inLanguage\":\"ru-RU\",\"potentialAction\":[{\"@type\":\"ReadAction\",\"target\":[\"https:\/\/euro-east.fi\/ru\/%d0%bf%d1%80%d0%be%d0%b4%d1%83%d0%ba%d1%86%d0%b8%d1%8f\/%d1%81%d0%be%d0%ba%d0%b8-%d0%b8-%d0%bd%d0%b0%d0%bf%d0%b8%d1%82%d0%ba%d0%b8\/\"]}]},{\"@type\":\"BreadcrumbList\",\"@id\":\"https:\/\/euro-east.fi\/ru\/%d0%bf%d1%80%d0%be%d0%b4%d1%83%d0%ba%d1%86%d0%b8%d1%8f\/%d1%81%d0%be%d0%ba%d0%b8-%d0%b8-%d0%bd%d0%b0%d0%bf%d0%b8%d1%82%d0%ba%d0%b8\/#breadcrumb\",\"itemListElement\":[{\"@type\":\"ListItem\",\"position\":1,\"name\":\"Home\",\"item\":\"https:\/\/euro-east.fi\/ru\/\"},{\"@type\":\"ListItem\",\"position\":2,\"name\":\"\u041f\u0440\u043e\u0434\u0443\u043a\u0446\u0438\u044f\",\"item\":\"https:\/\/euro-east.fi\/ru\/%d0%bf%d1%80%d0%be%d0%b4%d1%83%d0%ba%d1%86%d0%b8%d1%8f\/\"},{\"@type\":\"ListItem\",\"position\":3,\"name\":\"\u0421\u043e\u043a\u0438 \u0438 \u043d\u0430\u043f\u0438\u0442\u043a\u0438\"}]},{\"@type\":\"WebSite\",\"@id\":\"https:\/\/euro-east.fi\/#website\",\"url\":\"https:\/\/euro-east.fi\/\",\"name\":\"Euro-East\",\"description\":\"Euro-East vie sinut makumatkalle Baltiasta Balkanille.Euro-East on it\u00e4eurooppalaisten elintarvikkeiden maahantuoja. Tarjoamme parhaita herkkuja Baltiasta Balkaniin. Meilt\u00e4 l\u00f6yd\u00e4t laadukkaita vihannes-, kala- ja lihas\u00e4ilykkeit\u00e4, kastikkeita, jyvi\u00e4, mehuja, keksej\u00e4 ja pakasteita. Tule mukaan makumatkalle ja ihastu ruokakulttuurien herkulliseen kirjoon\",\"publisher\":{\"@id\":\"https:\/\/euro-east.fi\/#organization\"},\"potentialAction\":[{\"@type\":\"SearchAction\",\"target\":{\"@type\":\"EntryPoint\",\"urlTemplate\":\"https:\/\/euro-east.fi\/?s={search_term_string}\"},\"query-input\":{\"@type\":\"PropertyValueSpecification\",\"valueRequired\":true,\"valueName\":\"search_term_string\"}}],\"inLanguage\":\"ru-RU\"},{\"@type\":\"Organization\",\"@id\":\"https:\/\/euro-east.fi\/#organization\",\"name\":\"Euro-East\",\"url\":\"https:\/\/euro-east.fi\/\",\"logo\":{\"@type\":\"ImageObject\",\"inLanguage\":\"ru-RU\",\"@id\":\"https:\/\/euro-east.fi\/#\/schema\/logo\/image\/\",\"url\":\"https:\/\/euro-east.fi\/wp-content\/uploads\/2023\/03\/Logo-1.png\",\"contentUrl\":\"https:\/\/euro-east.fi\/wp-content\/uploads\/2023\/03\/Logo-1.png\",\"width\":250,\"height\":250,\"caption\":\"Euro-East\"},\"image\":{\"@id\":\"https:\/\/euro-east.fi\/#\/schema\/logo\/image\/\"},\"sameAs\":[\"https:\/\/www.facebook.com\/EuroEast.fi\",\"https:\/\/x.com\/euroeastoy\",\"https:\/\/www.instagram.com\/euro.east\/\",\"https:\/\/www.pinterest.com\/euroeast\/\",\"https:\/\/www.youtube.com\/channel\/UCfNlzn0G_n53fATPX6Uw0yw\"]}]}<\/script>\n<!-- \/ Yoast SEO plugin. -->","yoast_head_json":{"title":"\u0421\u043e\u043a\u0438 \u0438 \u043d\u0430\u043f\u0438\u0442\u043a\u0438 - Euro-East","robots":{"index":"index","follow":"follow","max-snippet":"max-snippet:-1","max-image-preview":"max-image-preview:large","max-video-preview":"max-video-preview:-1"},"canonical":"https:\/\/euro-east.fi\/ru\/\u043f\u0440\u043e\u0434\u0443\u043a\u0446\u0438\u044f\/\u0441\u043e\u043a\u0438-\u0438-\u043d\u0430\u043f\u0438\u0442\u043a\u0438\/","og_locale":"ru_RU","og_type":"article","og_title":"\u0421\u043e\u043a\u0438 \u0438 \u043d\u0430\u043f\u0438\u0442\u043a\u0438 - Euro-East","og_description":"\u0421\u043e\u043a\u0438 \u0438 \u043d\u0430\u043f\u0438\u0442\u043a\u0438 Euro-East \u043f\u0440\u0435\u0434\u043b\u0430\u0433\u0430\u0435\u0442 \u0432\u0430\u043c \u0430\u0441\u0441\u043e\u0440\u0442\u0438\u043c\u0435\u043d\u0442 \u043f\u043e\u043b\u0435\u0437\u043d\u044b\u0445 \u0441\u043e\u043a\u043e\u0432 , \u0442\u0430\u043a\u0438\u0435 \u043a\u0430\u043a 100% \u0413\u0440\u0430\u043d\u0430\u0442\u043e\u0432\u044b\u0439 \u0441\u043e\u043a \u043f\u0440\u044f\u043c\u043e\u0433\u043e \u043e\u0442\u0436\u0438\u043c\u0430 \u0438 \u0431\u0435\u0440\u0435\u0437\u043e\u0432\u044b\u0439 \u0441\u043e\u043a. \u041d\u0430\u0448\u0438 \u0441\u043e\u043a\u0438 \u0432\u044b \u043c\u043e\u0436\u0435\u0442\u0435 \u043a\u0443\u043f\u0438\u0442\u044c \u0432 \u0432\u0430\u0448\u0435\u043c \u0431\u043b\u0438\u0436\u0430\u0439\u0448\u0435\u043c \u0421\u0438\u0442\u0438\u043c\u0430\u0440\u043a\u0435\u0442\u0435, \u041f\u0440\u0438\u0437\u043c\u0435 , \u041f\u0443\u0443\u0438\u043b\u043e \u0438\u043b\u0438 \u0422\u043e\u043a\u043c\u0430\u043d\u043d\u0435.","og_url":"https:\/\/euro-east.fi\/ru\/\u043f\u0440\u043e\u0434\u0443\u043a\u0446\u0438\u044f\/\u0441\u043e\u043a\u0438-\u0438-\u043d\u0430\u043f\u0438\u0442\u043a\u0438\/","og_site_name":"Euro-East","article_publisher":"https:\/\/www.facebook.com\/EuroEast.fi","article_modified_time":"2020-02-17T12:00:26+00:00","og_image":[{"width":500,"height":500,"url":"https:\/\/euro-east.fi\/wp-content\/uploads\/2019\/04\/Juomat.jpg","type":"image\/jpeg"}],"twitter_card":"summary_large_image","twitter_site":"@euroeastoy","schema":{"@context":"https:\/\/schema.org","@graph":[{"@type":"WebPage","@id":"https:\/\/euro-east.fi\/ru\/%d0%bf%d1%80%d0%be%d0%b4%d1%83%d0%ba%d1%86%d0%b8%d1%8f\/%d1%81%d0%be%d0%ba%d0%b8-%d0%b8-%d0%bd%d0%b0%d0%bf%d0%b8%d1%82%d0%ba%d0%b8\/","url":"https:\/\/euro-east.fi\/ru\/%d0%bf%d1%80%d0%be%d0%b4%d1%83%d0%ba%d1%86%d0%b8%d1%8f\/%d1%81%d0%be%d0%ba%d0%b8-%d0%b8-%d0%bd%d0%b0%d0%bf%d0%b8%d1%82%d0%ba%d0%b8\/","name":"\u0421\u043e\u043a\u0438 \u0438 \u043d\u0430\u043f\u0438\u0442\u043a\u0438 - Euro-East","isPartOf":{"@id":"https:\/\/euro-east.fi\/#website"},"datePublished":"2020-02-17T09:16:36+00:00","dateModified":"2020-02-17T12:00:26+00:00","breadcrumb":{"@id":"https:\/\/euro-east.fi\/ru\/%d0%bf%d1%80%d0%be%d0%b4%d1%83%d0%ba%d1%86%d0%b8%d1%8f\/%d1%81%d0%be%d0%ba%d0%b8-%d0%b8-%d0%bd%d0%b0%d0%bf%d0%b8%d1%82%d0%ba%d0%b8\/#breadcrumb"},"inLanguage":"ru-RU","potentialAction":[{"@type":"ReadAction","target":["https:\/\/euro-east.fi\/ru\/%d0%bf%d1%80%d0%be%d0%b4%d1%83%d0%ba%d1%86%d0%b8%d1%8f\/%d1%81%d0%be%d0%ba%d0%b8-%d0%b8-%d0%bd%d0%b0%d0%bf%d0%b8%d1%82%d0%ba%d0%b8\/"]}]},{"@type":"BreadcrumbList","@id":"https:\/\/euro-east.fi\/ru\/%d0%bf%d1%80%d0%be%d0%b4%d1%83%d0%ba%d1%86%d0%b8%d1%8f\/%d1%81%d0%be%d0%ba%d0%b8-%d0%b8-%d0%bd%d0%b0%d0%bf%d0%b8%d1%82%d0%ba%d0%b8\/#breadcrumb","itemListElement":[{"@type":"ListItem","position":1,"name":"Home","item":"https:\/\/euro-east.fi\/ru\/"},{"@type":"ListItem","position":2,"name":"\u041f\u0440\u043e\u0434\u0443\u043a\u0446\u0438\u044f","item":"https:\/\/euro-east.fi\/ru\/%d0%bf%d1%80%d0%be%d0%b4%d1%83%d0%ba%d1%86%d0%b8%d1%8f\/"},{"@type":"ListItem","position":3,"name":"\u0421\u043e\u043a\u0438 \u0438 \u043d\u0430\u043f\u0438\u0442\u043a\u0438"}]},{"@type":"WebSite","@id":"https:\/\/euro-east.fi\/#website","url":"https:\/\/euro-east.fi\/","name":"Euro-East","description":"Euro-East vie sinut makumatkalle Baltiasta Balkanille.Euro-East on it\u00e4eurooppalaisten elintarvikkeiden maahantuoja. Tarjoamme parhaita herkkuja Baltiasta Balkaniin. Meilt\u00e4 l\u00f6yd\u00e4t laadukkaita vihannes-, kala- ja lihas\u00e4ilykkeit\u00e4, kastikkeita, jyvi\u00e4, mehuja, keksej\u00e4 ja pakasteita. Tule mukaan makumatkalle ja ihastu ruokakulttuurien herkulliseen kirjoon","publisher":{"@id":"https:\/\/euro-east.fi\/#organization"},"potentialAction":[{"@type":"SearchAction","target":{"@type":"EntryPoint","urlTemplate":"https:\/\/euro-east.fi\/?s={search_term_string}"},"query-input":{"@type":"PropertyValueSpecification","valueRequired":true,"valueName":"search_term_string"}}],"inLanguage":"ru-RU"},{"@type":"Organization","@id":"https:\/\/euro-east.fi\/#organization","name":"Euro-East","url":"https:\/\/euro-east.fi\/","logo":{"@type":"ImageObject","inLanguage":"ru-RU","@id":"https:\/\/euro-east.fi\/#\/schema\/logo\/image\/","url":"https:\/\/euro-east.fi\/wp-content\/uploads\/2023\/03\/Logo-1.png","contentUrl":"https:\/\/euro-east.fi\/wp-content\/uploads\/2023\/03\/Logo-1.png","width":250,"height":250,"caption":"Euro-East"},"image":{"@id":"https:\/\/euro-east.fi\/#\/schema\/logo\/image\/"},"sameAs":["https:\/\/www.facebook.com\/EuroEast.fi","https:\/\/x.com\/euroeastoy","https:\/\/www.instagram.com\/euro.east\/","https:\/\/www.pinterest.com\/euroeast\/","https:\/\/www.youtube.com\/channel\/UCfNlzn0G_n53fATPX6Uw0yw"]}]}},"_links":{"self":[{"href":"https:\/\/euro-east.fi\/ru\/wp-json\/wp\/v2\/pages\/10464","targetHints":{"allow":["GET"]}}],"collection":[{"href":"https:\/\/euro-east.fi\/ru\/wp-json\/wp\/v2\/pages"}],"about":[{"href":"https:\/\/euro-east.fi\/ru\/wp-json\/wp\/v2\/types\/page"}],"author":[{"embeddable":true,"href":"https:\/\/euro-east.fi\/ru\/wp-json\/wp\/v2\/users\/3"}],"replies":[{"embeddable":true,"href":"https:\/\/euro-east.fi\/ru\/wp-json\/wp\/v2\/comments?post=10464"}],"version-history":[{"count":0,"href":"https:\/\/euro-east.fi\/ru\/wp-json\/wp\/v2\/pages\/10464\/revisions"}],"up":[{"embeddable":true,"href":"https:\/\/euro-east.fi\/ru\/wp-json\/wp\/v2\/pages\/600"}],"wp:attachment":[{"href":"https:\/\/euro-east.fi\/ru\/wp-json\/wp\/v2\/media?parent=10464"}],"curies":[{"name":"wp","href":"https:\/\/api.w.org\/{rel}","templated":true}]}}