{"id":608,"date":"2012-09-29T19:02:26","date_gmt":"2012-09-29T16:02:26","guid":{"rendered":"https:\/\/euro-east.fi\/?page_id=608"},"modified":"2026-03-26T09:55:55","modified_gmt":"2026-03-26T07:55:55","slug":"%d0%ba%d0%be%d0%bd%d1%82%d0%b0%d0%ba%d1%82%d1%8b","status":"publish","type":"page","link":"https:\/\/euro-east.fi\/ru\/%d0%ba%d0%be%d0%bd%d1%82%d0%b0%d0%ba%d1%82%d1%8b\/","title":{"rendered":"\u041a\u043e\u043d\u0442\u0430\u043a\u0442\u044b"},"content":{"rendered":"<h1>\u041a\u043e\u043d\u0442\u0430\u043a\u0442\u044b<\/h1>\r\n\r\n<div class=\"wp-block-columns is-layout-flex wp-container-core-columns-is-layout-9d6595d7 wp-block-columns-is-layout-flex\"><!-- Sarake 1 -->\r\n<div class=\"wp-block-column\">\r\n<h3>\u041e\u0444\u0438\u0441 \/ \u0441\u043a\u043b\u0430\u0434:<\/h3>\r\n<p>Euro-East Oy<br \/>Ahokyl\u00e4nkatu 7<br \/>20780 Kaarina<\/p>\r\n<p>\u0411\u0438\u0437\u043d\u0435\u0441-ID: FI 1034816-6<br \/>\u041d\u043e\u043c\u0435\u0440 \u0432 \u0442\u043e\u0440\u0433\u043e\u0432\u043e\u043c \u0440\u0435\u0435\u0441\u0442\u0440\u0435: 658.161<\/p>\r\n<h3>\u041e\u0431\u0441\u043b\u0443\u0436\u0438\u0432\u0430\u043d\u0438\u0435 \u043a\u043b\u0438\u0435\u043d\u0442\u043e\u0432 (\u0434\u043b\u044f \u0447\u0430\u0441\u0442\u043d\u044b\u0445 \u043b\u0438\u0446):<\/h3>\r\n<p>\u0422\u0435\u043b.: +358 20 792 0290<br \/>\u042d\u043b. \u043f\u043e\u0447\u0442\u0430: euroeast@euro-east.fi<\/p>\r\n<h3>\u041e\u0431\u0441\u043b\u0443\u0436\u0438\u0432\u0430\u043d\u0438\u0435 \u0431\u0438\u0437\u043d\u0435\u0441-\u043a\u043b\u0438\u0435\u043d\u0442\u043e\u0432, \u0437\u0430\u043a\u0430\u0437\u044b \u0438 \u0432\u044b\u0441\u0442\u0430\u0432\u043b\u0435\u043d\u0438\u0435 \u0441\u0447\u0435\u0442\u043e\u0432:<\/h3>\r\n<p>\u0422\u0435\u043b.: +358 20 792 0290<br \/>\u041c\u043e\u0431. \u0442\u0435\u043b.: +358 40 663 7029<br \/>\u042d\u043b. \u043f\u043e\u0447\u0442\u0430: euroeast@euro-east.fi<\/p>\r\n<\/div>\r\n<!-- Sarake 2 -->\r\n<div class=\"wp-block-column\">\r\n<h3>\u0413\u0435\u043d\u0435\u0440\u0430\u043b\u044c\u043d\u044b\u0439 \u0434\u0438\u0440\u0435\u043a\u0442\u043e\u0440, \u043b\u043e\u0433\u0438\u0441\u0442\u0438\u043a\u0430 \u0438 \u0437\u0430\u043a\u0443\u043f\u043a\u0438:<\/h3>\r\n<p><strong>\u041b\u0430\u0440\u0438\u0441\u0441\u0430 \u041c\u0430\u0437\u0443\u0440\u043e\u0432\u0430<\/strong><br \/>\u0422\u0435\u043b.: +358 20 792 0291<br \/>\u041c\u043e\u0431. \u0442\u0435\u043b.: +358 40 081 2073<br \/>\u042d\u043b. \u043f\u043e\u0447\u0442\u0430: larissa.mazourova@euro-east.fi<\/p>\r\n<h3>\u041c\u0435\u043d\u0435\u0434\u0436\u0435\u0440 \u043f\u043e \u043a\u043b\u044e\u0447\u0435\u0432\u044b\u043c \u043a\u043b\u0438\u0435\u043d\u0442\u0430\u043c \/ \u0424\u0438\u043d\u0430\u043d\u0441\u044b \u0438 \u0443\u0441\u0442\u043e\u0439\u0447\u0438\u0432\u043e\u0435 \u0440\u0430\u0437\u0432\u0438\u0442\u0438\u0435:<\/h3>\r\n<p><strong>\u0410\u043b\u0438\u043d\u0430 \u041c\u0430\u0437\u0443\u0440\u043e\u0432\u0430<\/strong><br \/>\u0422\u0435\u043b.: +358 20 792 0293<br \/>\u041c\u043e\u0431. \u0442\u0435\u043b.: +358 45 878 4919<br \/>\u042d\u043b. \u043f\u043e\u0447\u0442\u0430: alina.mazourova@euro-east.fi<\/p>\r\n<h3>\u041c\u0430\u0440\u043a\u0435\u0442\u0438\u043d\u0433:<\/h3>\r\n<p>\u0422\u0435\u043b.: +358 20 792 0293<br \/>\u042d\u043b. \u043f\u043e\u0447\u0442\u0430: marketing@euro-east.fi<\/p>\r\n<h3><span style=\"font-size: 1.14286rem;\">\u0420\u0435\u0433\u0438\u043e\u043d\u0430\u043b\u044c\u043d\u044b\u0435 \u043f\u0440\u043e\u0434\u0430\u0436\u0438:<\/span><\/h3>\r\n<\/div>\r\n<div class=\"wp-block-column\">\r\n<p><strong>\u042d\u0441\u0430 \u041b\u0430\u0445\u0442\u0438<\/strong><br \/>\u0422\u0435\u043b.: +358 400 766 305<br \/>\u042d\u043b. \u043f\u043e\u0447\u0442\u0430: esa.lahti@omanetti.fi<\/p>\r\n<ul>\r\n<li>\u0421\u0435\u0432\u0435\u0440\u043d\u0430\u044f \u0424\u0438\u043d\u043b\u044f\u043d\u0434\u0438\u044f<\/li>\r\n<li>\u041b\u0430\u043f\u043b\u0430\u043d\u0434\u0438\u044f<\/li>\r\n<\/ul>\r\n<\/div>\r\n<\/div>\r\n<!-- Toinen sarakepari: palaute ja kartta -->\r\n\r\n\r\n<div class=\"wp-block-columns is-layout-flex wp-container-core-columns-is-layout-9d6595d7 wp-block-columns-is-layout-flex\">\r\n<div class=\"wp-block-column\">\r\n<h3>\u0414\u0430\u0439\u0442\u0435 \u043e\u0431\u0440\u0430\u0442\u043d\u0443\u044e \u0441\u0432\u044f\u0437\u044c:<\/h3>\r\n\n<div class=\"wpcf7 no-js\" id=\"wpcf7-f5368-o1\" lang=\"en-US\" dir=\"ltr\" data-wpcf7-id=\"5368\">\n<div class=\"screen-reader-response\"><p role=\"status\" aria-live=\"polite\" aria-atomic=\"true\"><\/p> <ul><\/ul><\/div>\n<form action=\"\/ru\/wp-json\/wp\/v2\/pages\/608#wpcf7-f5368-o1\" method=\"post\" class=\"wpcf7-form init\" aria-label=\"Contact form\" novalidate=\"novalidate\" data-status=\"init\">\n<fieldset class=\"hidden-fields-container\"><input type=\"hidden\" name=\"_wpcf7\" value=\"5368\" \/><input type=\"hidden\" name=\"_wpcf7_version\" value=\"6.1.5\" \/><input type=\"hidden\" name=\"_wpcf7_locale\" value=\"en_US\" \/><input type=\"hidden\" name=\"_wpcf7_unit_tag\" value=\"wpcf7-f5368-o1\" \/><input type=\"hidden\" name=\"_wpcf7_container_post\" value=\"0\" \/><input type=\"hidden\" name=\"_wpcf7_posted_data_hash\" value=\"\" \/><input type=\"hidden\" name=\"_wpcf7_recaptcha_response\" value=\"\" \/>\n<\/fieldset>\n<p><label class=\"honeypot-field\"> <span class=\"wpcf7-form-control-wrap\" data-name=\"name_honey\"><input size=\"40\" maxlength=\"400\" class=\"wpcf7-form-control wpcf7-text\" aria-invalid=\"false\" value=\"\" type=\"text\" name=\"name_honey\" \/><\/span> <\/label>\n<\/p>\n<p>\u0412\u0430\u0448\u0435 \u0438\u043c\u044f\n<\/p>\n<p><span class=\"wpcf7-form-control-wrap\" data-name=\"your-name\"><input size=\"40\" maxlength=\"400\" class=\"wpcf7-form-control wpcf7-text wpcf7-validates-as-required\" aria-required=\"true\" aria-invalid=\"false\" value=\"\" type=\"text\" name=\"your-name\" \/><\/span>\n<\/p>\n<p>\u0412\u0430\u0448 \u0430\u0434\u0440\u0435\u0441 \u044d\u043b\u0435\u043a\u0442\u0440\u043e\u043d\u043d\u043e\u0439 \u043f\u043e\u0447\u0442\u044b\n<\/p>\n<p><span class=\"wpcf7-form-control-wrap\" data-name=\"your-email\"><input size=\"40\" maxlength=\"400\" class=\"wpcf7-form-control wpcf7-email wpcf7-validates-as-required wpcf7-text wpcf7-validates-as-email\" aria-required=\"true\" aria-invalid=\"false\" value=\"\" type=\"email\" name=\"your-email\" \/><\/span>\n<\/p>\n<p>\u0422\u0435\u043c\u0430\n<\/p>\n<p><span class=\"wpcf7-form-control-wrap\" data-name=\"your-subject\"><input size=\"40\" maxlength=\"400\" class=\"wpcf7-form-control wpcf7-text wpcf7-validates-as-required\" aria-required=\"true\" aria-invalid=\"false\" value=\"\" type=\"text\" name=\"your-subject\" \/><\/span>\n<\/p>\n<p>\u0421\u043e\u043e\u0431\u0449\u0435\u043d\u0438\u0435\n<\/p>\n<p><span class=\"wpcf7-form-control-wrap\" data-name=\"your-message\"><textarea cols=\"40\" rows=\"10\" maxlength=\"2000\" class=\"wpcf7-form-control wpcf7-textarea wpcf7-validates-as-required\" aria-required=\"true\" aria-invalid=\"false\" name=\"your-message\"><\/textarea><\/span>\n<\/p>\n<p><input class=\"wpcf7-form-control wpcf7-submit has-spinner\" type=\"submit\" value=\"\u041e\u0442\u043f\u0440\u0430\u0432\u0438\u0442\u044c\" \/>\n<\/p><div class=\"wpcf7-response-output\" aria-hidden=\"true\"><\/div>\n<\/form>\n<\/div>\n\n<\/div>\r\n<div class=\"wp-block-column\">\r\n<h3>\u041a\u0430\u0440\u0442\u0430<\/h3>\r\n<iframe loading=\"lazy\" style=\"border: 0;\" src=\"https:\/\/www.google.com\/maps\/embed?pb=!1m18!1m12!1m3!1d1969.406233895133!2d22.397353277329962!3d60.42199802308349!2m3!1f0!2f0!3f0!3m2!1i1024!2i768!4f13.1!3m3!1m2!1s0x468c71019af99969%3A0xc64a7be3f7427190!2sAhokyl%C3%A4nkatu%207%2C%2020780%20Kaarina!5e0!3m2!1sfi!2sfi!4v1774511431523!5m2!1sfi!2sfi\" width=\"100%\" height=\"400\" frameborder=\"0\" allowfullscreen=\"allowfullscreen\"><span data-mce-type=\"bookmark\" style=\"display: inline-block; width: 0px; overflow: hidden; line-height: 0;\" class=\"mce_SELRES_start\">\ufeff<\/span><\/iframe><\/div>\r\n<\/div>\r\n\r\n<p>&nbsp;<\/p>","protected":false},"excerpt":{"rendered":"<p>\u041a\u043e\u043d\u0442\u0430\u043a\u0442\u044b \u041e\u0444\u0438\u0441 \/ \u0441\u043a\u043b\u0430\u0434: Euro-East OyAhokyl\u00e4nkatu 720780 Kaarina \u0411\u0438\u0437\u043d\u0435\u0441-ID: FI 1034816-6\u041d\u043e\u043c\u0435\u0440 \u0432 \u0442\u043e\u0440\u0433\u043e\u0432\u043e\u043c \u0440\u0435\u0435\u0441\u0442\u0440\u0435: 658.161 \u041e\u0431\u0441\u043b\u0443\u0436\u0438\u0432\u0430\u043d\u0438\u0435 \u043a\u043b\u0438\u0435\u043d\u0442\u043e\u0432 (\u0434\u043b\u044f \u0447\u0430\u0441\u0442\u043d\u044b\u0445 \u043b\u0438\u0446): \u0422\u0435\u043b.: +358 20 792 0290\u042d\u043b. \u043f\u043e\u0447\u0442\u0430: euroeast@euro-east.fi \u041e\u0431\u0441\u043b\u0443\u0436\u0438\u0432\u0430\u043d\u0438\u0435 \u0431\u0438\u0437\u043d\u0435\u0441-\u043a\u043b\u0438\u0435\u043d\u0442\u043e\u0432, \u0437\u0430\u043a\u0430\u0437\u044b \u0438 \u0432\u044b\u0441\u0442\u0430\u0432\u043b\u0435\u043d\u0438\u0435 \u0441\u0447\u0435\u0442\u043e\u0432: \u0422\u0435\u043b.: +358 20 792 0290\u041c\u043e\u0431. \u0442\u0435\u043b.: +358 40 663 7029\u042d\u043b. \u043f\u043e\u0447\u0442\u0430: euroeast@euro-east.fi \u0413\u0435\u043d\u0435\u0440\u0430\u043b\u044c\u043d\u044b\u0439 \u0434\u0438\u0440\u0435\u043a\u0442\u043e\u0440, \u043b\u043e\u0433\u0438\u0441\u0442\u0438\u043a\u0430 \u0438 \u0437\u0430\u043a\u0443\u043f\u043a\u0438: \u041b\u0430\u0440\u0438\u0441\u0441\u0430 \u041c\u0430\u0437\u0443\u0440\u043e\u0432\u0430\u0422\u0435\u043b.: +358 20 792 [&hellip;]<\/p>\n","protected":false},"author":2,"featured_media":0,"parent":0,"menu_order":1004,"comment_status":"open","ping_status":"open","template":"","meta":{"_acf_changed":false,"content-type":"","_improvement_type_select":"improve_an_existing","_thumb_yes_seoaic":false,"_frame_yes_seoaic":false,"seoaic_generate_description":"","seoaic_improve_instructions_prompt":"","seoaic_rollback_content_improvement":"","seoaic_idea_thumbnail_generator":"","thumbnail_generated":false,"thumbnail_generate_prompt":"","seoaic_article_description":"","footnotes":""},"class_list":["post-608","page","type-page","status-publish","hentry"],"acf":[],"yoast_head":"<!-- This site is optimized with the Yoast SEO plugin v27.1.1 - https:\/\/yoast.com\/product\/yoast-seo-wordpress\/ -->\n<title>\u041a\u043e\u043d\u0442\u0430\u043a\u0442\u044b - Euro-East<\/title>\n<meta name=\"robots\" content=\"index, follow, max-snippet:-1, max-image-preview:large, max-video-preview:-1\" \/>\n<link rel=\"canonical\" href=\"https:\/\/euro-east.fi\/ru\/\u043a\u043e\u043d\u0442\u0430\u043a\u0442\u044b\/\" \/>\n<meta property=\"og:locale\" content=\"ru_RU\" \/>\n<meta property=\"og:type\" content=\"article\" \/>\n<meta property=\"og:title\" content=\"\u041a\u043e\u043d\u0442\u0430\u043a\u0442\u044b - Euro-East\" \/>\n<meta property=\"og:description\" content=\"\u041a\u043e\u043d\u0442\u0430\u043a\u0442\u044b \u041e\u0444\u0438\u0441 \/ \u0441\u043a\u043b\u0430\u0434: Euro-East OyAhokyl\u00e4nkatu 720780 Kaarina \u0411\u0438\u0437\u043d\u0435\u0441-ID: FI 1034816-6\u041d\u043e\u043c\u0435\u0440 \u0432 \u0442\u043e\u0440\u0433\u043e\u0432\u043e\u043c \u0440\u0435\u0435\u0441\u0442\u0440\u0435: 658.161 \u041e\u0431\u0441\u043b\u0443\u0436\u0438\u0432\u0430\u043d\u0438\u0435 \u043a\u043b\u0438\u0435\u043d\u0442\u043e\u0432 (\u0434\u043b\u044f \u0447\u0430\u0441\u0442\u043d\u044b\u0445 \u043b\u0438\u0446): \u0422\u0435\u043b.: +358 20 792 0290\u042d\u043b. \u043f\u043e\u0447\u0442\u0430: euroeast@euro-east.fi \u041e\u0431\u0441\u043b\u0443\u0436\u0438\u0432\u0430\u043d\u0438\u0435 \u0431\u0438\u0437\u043d\u0435\u0441-\u043a\u043b\u0438\u0435\u043d\u0442\u043e\u0432, \u0437\u0430\u043a\u0430\u0437\u044b \u0438 \u0432\u044b\u0441\u0442\u0430\u0432\u043b\u0435\u043d\u0438\u0435 \u0441\u0447\u0435\u0442\u043e\u0432: \u0422\u0435\u043b.: +358 20 792 0290\u041c\u043e\u0431. \u0442\u0435\u043b.: +358 40 663 7029\u042d\u043b. \u043f\u043e\u0447\u0442\u0430: euroeast@euro-east.fi \u0413\u0435\u043d\u0435\u0440\u0430\u043b\u044c\u043d\u044b\u0439 \u0434\u0438\u0440\u0435\u043a\u0442\u043e\u0440, \u043b\u043e\u0433\u0438\u0441\u0442\u0438\u043a\u0430 \u0438 \u0437\u0430\u043a\u0443\u043f\u043a\u0438: \u041b\u0430\u0440\u0438\u0441\u0441\u0430 \u041c\u0430\u0437\u0443\u0440\u043e\u0432\u0430\u0422\u0435\u043b.: +358 20 792 [&hellip;]\" \/>\n<meta property=\"og:url\" content=\"https:\/\/euro-east.fi\/ru\/\u043a\u043e\u043d\u0442\u0430\u043a\u0442\u044b\/\" \/>\n<meta property=\"og:site_name\" content=\"Euro-East\" \/>\n<meta property=\"article:publisher\" content=\"https:\/\/www.facebook.com\/EuroEast.fi\" \/>\n<meta property=\"article:modified_time\" content=\"2026-03-26T07:55:55+00:00\" \/>\n<meta property=\"og:image\" content=\"https:\/\/euro-east.fi\/wp-content\/uploads\/2023\/03\/Logo-1.png\" \/>\n\t<meta property=\"og:image:width\" content=\"250\" \/>\n\t<meta property=\"og:image:height\" content=\"250\" \/>\n\t<meta property=\"og:image:type\" content=\"image\/png\" \/>\n<meta name=\"twitter:card\" content=\"summary_large_image\" \/>\n<meta name=\"twitter:site\" content=\"@euroeastoy\" \/>\n<meta name=\"twitter:label1\" content=\"\u041f\u0440\u0438\u043c\u0435\u0440\u043d\u043e\u0435 \u0432\u0440\u0435\u043c\u044f \u0434\u043b\u044f \u0447\u0442\u0435\u043d\u0438\u044f\" \/>\n\t<meta name=\"twitter:data1\" content=\"1 minute\" \/>\n<script type=\"application\/ld+json\" class=\"yoast-schema-graph\">{\"@context\":\"https:\/\/schema.org\",\"@graph\":[{\"@type\":\"WebPage\",\"@id\":\"https:\/\/euro-east.fi\/ru\/%d0%ba%d0%be%d0%bd%d1%82%d0%b0%d0%ba%d1%82%d1%8b\/\",\"url\":\"https:\/\/euro-east.fi\/ru\/%d0%ba%d0%be%d0%bd%d1%82%d0%b0%d0%ba%d1%82%d1%8b\/\",\"name\":\"\u041a\u043e\u043d\u0442\u0430\u043a\u0442\u044b - Euro-East\",\"isPartOf\":{\"@id\":\"https:\/\/euro-east.fi\/#website\"},\"datePublished\":\"2012-09-29T16:02:26+00:00\",\"dateModified\":\"2026-03-26T07:55:55+00:00\",\"breadcrumb\":{\"@id\":\"https:\/\/euro-east.fi\/ru\/%d0%ba%d0%be%d0%bd%d1%82%d0%b0%d0%ba%d1%82%d1%8b\/#breadcrumb\"},\"inLanguage\":\"ru-RU\",\"potentialAction\":[{\"@type\":\"ReadAction\",\"target\":[\"https:\/\/euro-east.fi\/ru\/%d0%ba%d0%be%d0%bd%d1%82%d0%b0%d0%ba%d1%82%d1%8b\/\"]}]},{\"@type\":\"BreadcrumbList\",\"@id\":\"https:\/\/euro-east.fi\/ru\/%d0%ba%d0%be%d0%bd%d1%82%d0%b0%d0%ba%d1%82%d1%8b\/#breadcrumb\",\"itemListElement\":[{\"@type\":\"ListItem\",\"position\":1,\"name\":\"Home\",\"item\":\"https:\/\/euro-east.fi\/ru\/\"},{\"@type\":\"ListItem\",\"position\":2,\"name\":\"\u041a\u043e\u043d\u0442\u0430\u043a\u0442\u044b\"}]},{\"@type\":\"WebSite\",\"@id\":\"https:\/\/euro-east.fi\/#website\",\"url\":\"https:\/\/euro-east.fi\/\",\"name\":\"Euro-East\",\"description\":\"Euro-East vie sinut makumatkalle Baltiasta Balkanille.Euro-East on it\u00e4eurooppalaisten elintarvikkeiden maahantuoja. Tarjoamme parhaita herkkuja Baltiasta Balkaniin. Meilt\u00e4 l\u00f6yd\u00e4t laadukkaita vihannes-, kala- ja lihas\u00e4ilykkeit\u00e4, kastikkeita, jyvi\u00e4, mehuja, keksej\u00e4 ja pakasteita. Tule mukaan makumatkalle ja ihastu ruokakulttuurien herkulliseen kirjoon\",\"publisher\":{\"@id\":\"https:\/\/euro-east.fi\/#organization\"},\"potentialAction\":[{\"@type\":\"SearchAction\",\"target\":{\"@type\":\"EntryPoint\",\"urlTemplate\":\"https:\/\/euro-east.fi\/?s={search_term_string}\"},\"query-input\":{\"@type\":\"PropertyValueSpecification\",\"valueRequired\":true,\"valueName\":\"search_term_string\"}}],\"inLanguage\":\"ru-RU\"},{\"@type\":\"Organization\",\"@id\":\"https:\/\/euro-east.fi\/#organization\",\"name\":\"Euro-East\",\"url\":\"https:\/\/euro-east.fi\/\",\"logo\":{\"@type\":\"ImageObject\",\"inLanguage\":\"ru-RU\",\"@id\":\"https:\/\/euro-east.fi\/#\/schema\/logo\/image\/\",\"url\":\"https:\/\/euro-east.fi\/wp-content\/uploads\/2023\/03\/Logo-1.png\",\"contentUrl\":\"https:\/\/euro-east.fi\/wp-content\/uploads\/2023\/03\/Logo-1.png\",\"width\":250,\"height\":250,\"caption\":\"Euro-East\"},\"image\":{\"@id\":\"https:\/\/euro-east.fi\/#\/schema\/logo\/image\/\"},\"sameAs\":[\"https:\/\/www.facebook.com\/EuroEast.fi\",\"https:\/\/x.com\/euroeastoy\",\"https:\/\/www.instagram.com\/euro.east\/\",\"https:\/\/www.pinterest.com\/euroeast\/\",\"https:\/\/www.youtube.com\/channel\/UCfNlzn0G_n53fATPX6Uw0yw\"]}]}<\/script>\n<!-- \/ Yoast SEO plugin. -->","yoast_head_json":{"title":"\u041a\u043e\u043d\u0442\u0430\u043a\u0442\u044b - Euro-East","robots":{"index":"index","follow":"follow","max-snippet":"max-snippet:-1","max-image-preview":"max-image-preview:large","max-video-preview":"max-video-preview:-1"},"canonical":"https:\/\/euro-east.fi\/ru\/\u043a\u043e\u043d\u0442\u0430\u043a\u0442\u044b\/","og_locale":"ru_RU","og_type":"article","og_title":"\u041a\u043e\u043d\u0442\u0430\u043a\u0442\u044b - Euro-East","og_description":"\u041a\u043e\u043d\u0442\u0430\u043a\u0442\u044b \u041e\u0444\u0438\u0441 \/ \u0441\u043a\u043b\u0430\u0434: Euro-East OyAhokyl\u00e4nkatu 720780 Kaarina \u0411\u0438\u0437\u043d\u0435\u0441-ID: FI 1034816-6\u041d\u043e\u043c\u0435\u0440 \u0432 \u0442\u043e\u0440\u0433\u043e\u0432\u043e\u043c \u0440\u0435\u0435\u0441\u0442\u0440\u0435: 658.161 \u041e\u0431\u0441\u043b\u0443\u0436\u0438\u0432\u0430\u043d\u0438\u0435 \u043a\u043b\u0438\u0435\u043d\u0442\u043e\u0432 (\u0434\u043b\u044f \u0447\u0430\u0441\u0442\u043d\u044b\u0445 \u043b\u0438\u0446): \u0422\u0435\u043b.: +358 20 792 0290\u042d\u043b. \u043f\u043e\u0447\u0442\u0430: euroeast@euro-east.fi \u041e\u0431\u0441\u043b\u0443\u0436\u0438\u0432\u0430\u043d\u0438\u0435 \u0431\u0438\u0437\u043d\u0435\u0441-\u043a\u043b\u0438\u0435\u043d\u0442\u043e\u0432, \u0437\u0430\u043a\u0430\u0437\u044b \u0438 \u0432\u044b\u0441\u0442\u0430\u0432\u043b\u0435\u043d\u0438\u0435 \u0441\u0447\u0435\u0442\u043e\u0432: \u0422\u0435\u043b.: +358 20 792 0290\u041c\u043e\u0431. \u0442\u0435\u043b.: +358 40 663 7029\u042d\u043b. \u043f\u043e\u0447\u0442\u0430: euroeast@euro-east.fi \u0413\u0435\u043d\u0435\u0440\u0430\u043b\u044c\u043d\u044b\u0439 \u0434\u0438\u0440\u0435\u043a\u0442\u043e\u0440, \u043b\u043e\u0433\u0438\u0441\u0442\u0438\u043a\u0430 \u0438 \u0437\u0430\u043a\u0443\u043f\u043a\u0438: \u041b\u0430\u0440\u0438\u0441\u0441\u0430 \u041c\u0430\u0437\u0443\u0440\u043e\u0432\u0430\u0422\u0435\u043b.: +358 20 792 [&hellip;]","og_url":"https:\/\/euro-east.fi\/ru\/\u043a\u043e\u043d\u0442\u0430\u043a\u0442\u044b\/","og_site_name":"Euro-East","article_publisher":"https:\/\/www.facebook.com\/EuroEast.fi","article_modified_time":"2026-03-26T07:55:55+00:00","og_image":[{"width":250,"height":250,"url":"https:\/\/euro-east.fi\/wp-content\/uploads\/2023\/03\/Logo-1.png","type":"image\/png"}],"twitter_card":"summary_large_image","twitter_site":"@euroeastoy","twitter_misc":{"\u041f\u0440\u0438\u043c\u0435\u0440\u043d\u043e\u0435 \u0432\u0440\u0435\u043c\u044f \u0434\u043b\u044f \u0447\u0442\u0435\u043d\u0438\u044f":"1 minute"},"schema":{"@context":"https:\/\/schema.org","@graph":[{"@type":"WebPage","@id":"https:\/\/euro-east.fi\/ru\/%d0%ba%d0%be%d0%bd%d1%82%d0%b0%d0%ba%d1%82%d1%8b\/","url":"https:\/\/euro-east.fi\/ru\/%d0%ba%d0%be%d0%bd%d1%82%d0%b0%d0%ba%d1%82%d1%8b\/","name":"\u041a\u043e\u043d\u0442\u0430\u043a\u0442\u044b - Euro-East","isPartOf":{"@id":"https:\/\/euro-east.fi\/#website"},"datePublished":"2012-09-29T16:02:26+00:00","dateModified":"2026-03-26T07:55:55+00:00","breadcrumb":{"@id":"https:\/\/euro-east.fi\/ru\/%d0%ba%d0%be%d0%bd%d1%82%d0%b0%d0%ba%d1%82%d1%8b\/#breadcrumb"},"inLanguage":"ru-RU","potentialAction":[{"@type":"ReadAction","target":["https:\/\/euro-east.fi\/ru\/%d0%ba%d0%be%d0%bd%d1%82%d0%b0%d0%ba%d1%82%d1%8b\/"]}]},{"@type":"BreadcrumbList","@id":"https:\/\/euro-east.fi\/ru\/%d0%ba%d0%be%d0%bd%d1%82%d0%b0%d0%ba%d1%82%d1%8b\/#breadcrumb","itemListElement":[{"@type":"ListItem","position":1,"name":"Home","item":"https:\/\/euro-east.fi\/ru\/"},{"@type":"ListItem","position":2,"name":"\u041a\u043e\u043d\u0442\u0430\u043a\u0442\u044b"}]},{"@type":"WebSite","@id":"https:\/\/euro-east.fi\/#website","url":"https:\/\/euro-east.fi\/","name":"Euro-East","description":"Euro-East vie sinut makumatkalle Baltiasta Balkanille.Euro-East on it\u00e4eurooppalaisten elintarvikkeiden maahantuoja. Tarjoamme parhaita herkkuja Baltiasta Balkaniin. Meilt\u00e4 l\u00f6yd\u00e4t laadukkaita vihannes-, kala- ja lihas\u00e4ilykkeit\u00e4, kastikkeita, jyvi\u00e4, mehuja, keksej\u00e4 ja pakasteita. Tule mukaan makumatkalle ja ihastu ruokakulttuurien herkulliseen kirjoon","publisher":{"@id":"https:\/\/euro-east.fi\/#organization"},"potentialAction":[{"@type":"SearchAction","target":{"@type":"EntryPoint","urlTemplate":"https:\/\/euro-east.fi\/?s={search_term_string}"},"query-input":{"@type":"PropertyValueSpecification","valueRequired":true,"valueName":"search_term_string"}}],"inLanguage":"ru-RU"},{"@type":"Organization","@id":"https:\/\/euro-east.fi\/#organization","name":"Euro-East","url":"https:\/\/euro-east.fi\/","logo":{"@type":"ImageObject","inLanguage":"ru-RU","@id":"https:\/\/euro-east.fi\/#\/schema\/logo\/image\/","url":"https:\/\/euro-east.fi\/wp-content\/uploads\/2023\/03\/Logo-1.png","contentUrl":"https:\/\/euro-east.fi\/wp-content\/uploads\/2023\/03\/Logo-1.png","width":250,"height":250,"caption":"Euro-East"},"image":{"@id":"https:\/\/euro-east.fi\/#\/schema\/logo\/image\/"},"sameAs":["https:\/\/www.facebook.com\/EuroEast.fi","https:\/\/x.com\/euroeastoy","https:\/\/www.instagram.com\/euro.east\/","https:\/\/www.pinterest.com\/euroeast\/","https:\/\/www.youtube.com\/channel\/UCfNlzn0G_n53fATPX6Uw0yw"]}]}},"_links":{"self":[{"href":"https:\/\/euro-east.fi\/ru\/wp-json\/wp\/v2\/pages\/608","targetHints":{"allow":["GET"]}}],"collection":[{"href":"https:\/\/euro-east.fi\/ru\/wp-json\/wp\/v2\/pages"}],"about":[{"href":"https:\/\/euro-east.fi\/ru\/wp-json\/wp\/v2\/types\/page"}],"author":[{"embeddable":true,"href":"https:\/\/euro-east.fi\/ru\/wp-json\/wp\/v2\/users\/2"}],"replies":[{"embeddable":true,"href":"https:\/\/euro-east.fi\/ru\/wp-json\/wp\/v2\/comments?post=608"}],"version-history":[{"count":3,"href":"https:\/\/euro-east.fi\/ru\/wp-json\/wp\/v2\/pages\/608\/revisions"}],"predecessor-version":[{"id":527074,"href":"https:\/\/euro-east.fi\/ru\/wp-json\/wp\/v2\/pages\/608\/revisions\/527074"}],"wp:attachment":[{"href":"https:\/\/euro-east.fi\/ru\/wp-json\/wp\/v2\/media?parent=608"}],"curies":[{"name":"wp","href":"https:\/\/api.w.org\/{rel}","templated":true}]}}