{"id":517448,"date":"2022-09-14T09:52:25","date_gmt":"2022-09-14T06:52:25","guid":{"rendered":"https:\/\/euro-east.fi\/tuote\/dovgan-%d0%bf%d0%b5%d1%80%d0%bb%d0%be%d0%b2%d0%ba%d0%b0-4-x-100-%d0%b3\/"},"modified":"2026-01-19T15:02:12","modified_gmt":"2026-01-19T13:02:12","slug":"dovgan-%d0%bf%d0%b5%d1%80%d0%bb%d0%be%d0%b2%d0%ba%d0%b0-4-x-100-%d0%b3","status":"publish","type":"product","link":"https:\/\/euro-east.fi\/ru\/tuote\/dovgan-%d0%bf%d0%b5%d1%80%d0%bb%d0%be%d0%b2%d0%ba%d0%b0-4-x-100-%d0%b3\/","title":{"rendered":"Dovgan \u043f\u0435\u0440\u043b\u043e\u0432\u043a\u0430 4 x 100 \u0433"},"content":{"rendered":"<p>\u041f\u0435\u0440\u043b\u043e\u0432\u0430\u044f \u043a\u0440\u0443\u043f\u0430 \u0432 \u0443\u0434\u043e\u0431\u043d\u044b\u0445 \u043f\u0430\u043a\u0435\u0442\u0430\u0445 \u0434\u043b\u044f \u0432\u0430\u0440\u043a\u0438 4 x 100 \u0433. \u0418\u0441\u043f\u043e\u043b\u044c\u0437\u0443\u0439\u0442\u0435 \u043f\u0435\u0440\u043b\u043e\u0432\u0443\u044e \u043a\u0440\u0443\u043f\u0443, \u0447\u0442\u043e\u0431\u044b \u043f\u0440\u0438\u0434\u0430\u0442\u044c \u0441\u044b\u0442\u043e\u0441\u0442\u044c \u0441\u0443\u043f\u0430\u043c, \u0441\u0430\u043b\u0430\u0442\u0430\u043c \u0438 \u0442\u0443\u0448\u0435\u043d\u0438\u044f\u043c. \u041e\u043d\u0438 \u0442\u0430\u043a\u0436\u0435 \u044f\u0432\u043b\u044f\u044e\u0442\u0441\u044f \u0437\u0434\u043e\u0440\u043e\u0432\u044b\u043c \u0438 \u0432\u043a\u0443\u0441\u043d\u044b\u043c \u0433\u0430\u0440\u043d\u0438\u0440\u043e\u043c \u0441\u0430\u043c\u0438 \u043f\u043e \u0441\u0435\u0431\u0435. \u041f\u0435\u0440\u043b\u043e\u0432\u0430\u044f \u043a\u0440\u0443\u043f\u0430 \u0438\u0437\u0433\u043e\u0442\u0430\u0432\u043b\u0438\u0432\u0430\u0435\u0442\u0441\u044f \u0438\u0437 \u044f\u0447\u043c\u0435\u043d\u044f, \u043e\u0434\u043d\u043e\u0433\u043e \u0438\u0437 \u0441\u0430\u043c\u044b\u0445 \u0434\u0440\u0435\u0432\u043d\u0438\u0445 \u043a\u0443\u043b\u044c\u0442\u0443\u0440\u043d\u044b\u0445 \u0441\u043e\u0440\u0442\u043e\u0432, \u0438\u0437\u0432\u0435\u0441\u0442\u043d\u044b\u0445 \u0447\u0435\u043b\u043e\u0432\u0435\u0447\u0435\u0441\u0442\u0432\u0443. \u042f\u0447\u043c\u0435\u043d\u044c \u0441\u043e\u0434\u0435\u0440\u0436\u0438\u0442 \u043f\u043e\u043b\u0435\u0437\u043d\u044b\u0435 \u0430\u043c\u0438\u043d\u043e\u043a\u0438\u0441\u043b\u043e\u0442\u044b \u0438 \u043c\u0438\u043a\u0440\u043e\u044d\u043b\u0435\u043c\u0435\u043d\u0442\u044b.<\/p>\n","protected":false},"excerpt":{"rendered":"<p>\u041f\u0435\u0440\u043b\u043e\u0432\u0430\u044f \u043a\u0440\u0443\u043f\u0430 \u0432 \u0443\u0434\u043e\u0431\u043d\u044b\u0445 \u043f\u0430\u043a\u0435\u0442\u0430\u0445 \u0434\u043b\u044f \u0432\u0430\u0440\u043a\u0438 4 x 100 \u0433. \u0418\u0441\u043f\u043e\u043b\u044c\u0437\u0443\u0439\u0442\u0435 \u043f\u0435\u0440\u043b\u043e\u0432\u0443\u044e \u043a\u0440\u0443\u043f\u0443, \u0447\u0442\u043e\u0431\u044b \u043f\u0440\u0438\u0434\u0430\u0442\u044c \u0441\u044b\u0442\u043e\u0441\u0442\u044c \u0441\u0443\u043f\u0430\u043c, \u0441\u0430\u043b\u0430\u0442\u0430\u043c \u0438 \u0442\u0443\u0448\u0435\u043d\u0438\u044f\u043c. \u041e\u043d\u0438 \u0442\u0430\u043a\u0436\u0435 \u044f\u0432\u043b\u044f\u044e\u0442\u0441\u044f \u0437\u0434\u043e\u0440\u043e\u0432\u044b\u043c \u0438 \u0432\u043a\u0443\u0441\u043d\u044b\u043c \u0433\u0430\u0440\u043d\u0438\u0440\u043e\u043c \u0441\u0430\u043c\u0438 \u043f\u043e \u0441\u0435\u0431\u0435. \u041f\u0435\u0440\u043b\u043e\u0432\u0430\u044f \u043a\u0440\u0443\u043f\u0430 \u0438\u0437\u0433\u043e\u0442\u0430\u0432\u043b\u0438\u0432\u0430\u0435\u0442\u0441\u044f \u0438\u0437 \u044f\u0447\u043c\u0435\u043d\u044f, \u043e\u0434\u043d\u043e\u0433\u043e \u0438\u0437 \u0441\u0430\u043c\u044b\u0445 \u0434\u0440\u0435\u0432\u043d\u0438\u0445 \u043a\u0443\u043b\u044c\u0442\u0443\u0440\u043d\u044b\u0445 \u0441\u043e\u0440\u0442\u043e\u0432, \u0438\u0437\u0432\u0435\u0441\u0442\u043d\u044b\u0445 \u0447\u0435\u043b\u043e\u0432\u0435\u0447\u0435\u0441\u0442\u0432\u0443. \u042f\u0447\u043c\u0435\u043d\u044c \u0441\u043e\u0434\u0435\u0440\u0436\u0438\u0442 \u043f\u043e\u043b\u0435\u0437\u043d\u044b\u0435 \u0430\u043c\u0438\u043d\u043e\u043a\u0438\u0441\u043b\u043e\u0442\u044b \u0438 \u043c\u0438\u043a\u0440\u043e\u044d\u043b\u0435\u043c\u0435\u043d\u0442\u044b.<\/p>\n","protected":false},"featured_media":513301,"template":"","meta":{"_acf_changed":false,"content-type":"","_improvement_type_select":"improve_an_existing","_thumb_yes_seoaic":false,"_frame_yes_seoaic":false,"seoaic_generate_description":"","seoaic_improve_instructions_prompt":"","seoaic_rollback_content_improvement":"","seoaic_idea_thumbnail_generator":"","thumbnail_generated":false,"thumbnail_generate_prompt":"","seoaic_article_description":""},"product_brand":[],"product_cat":[3393],"product_tag":[],"class_list":{"0":"post-517448","1":"product","2":"type-product","3":"status-publish","4":"has-post-thumbnail","6":"product_cat-3393","8":"first","9":"outofstock","10":"taxable","11":"shipping-taxable","12":"purchasable","13":"product-type-simple"},"acf":[],"yoast_head":"<!-- This site is optimized with the Yoast SEO plugin v27.1.1 - https:\/\/yoast.com\/product\/yoast-seo-wordpress\/ -->\n<title>Dovgan \u043f\u0435\u0440\u043b\u043e\u0432\u043a\u0430 4 x 100 \u0433 - Euro-East<\/title>\n<meta name=\"robots\" content=\"index, follow, max-snippet:-1, max-image-preview:large, max-video-preview:-1\" \/>\n<link rel=\"canonical\" href=\"https:\/\/euro-east.fi\/ru\/tuote\/dovgan-\u043f\u0435\u0440\u043b\u043e\u0432\u043a\u0430-4-x-100-\u0433\/\" \/>\n<meta property=\"og:locale\" content=\"ru_RU\" \/>\n<meta property=\"og:type\" content=\"article\" \/>\n<meta property=\"og:title\" content=\"Dovgan \u043f\u0435\u0440\u043b\u043e\u0432\u043a\u0430 4 x 100 \u0433 - Euro-East\" \/>\n<meta property=\"og:description\" content=\"\u041f\u0435\u0440\u043b\u043e\u0432\u0430\u044f \u043a\u0440\u0443\u043f\u0430 \u0432 \u0443\u0434\u043e\u0431\u043d\u044b\u0445 \u043f\u0430\u043a\u0435\u0442\u0430\u0445 \u0434\u043b\u044f \u0432\u0430\u0440\u043a\u0438 4 x 100 \u0433. \u0418\u0441\u043f\u043e\u043b\u044c\u0437\u0443\u0439\u0442\u0435 \u043f\u0435\u0440\u043b\u043e\u0432\u0443\u044e \u043a\u0440\u0443\u043f\u0443, \u0447\u0442\u043e\u0431\u044b \u043f\u0440\u0438\u0434\u0430\u0442\u044c \u0441\u044b\u0442\u043e\u0441\u0442\u044c \u0441\u0443\u043f\u0430\u043c, \u0441\u0430\u043b\u0430\u0442\u0430\u043c \u0438 \u0442\u0443\u0448\u0435\u043d\u0438\u044f\u043c. \u041e\u043d\u0438 \u0442\u0430\u043a\u0436\u0435 \u044f\u0432\u043b\u044f\u044e\u0442\u0441\u044f \u0437\u0434\u043e\u0440\u043e\u0432\u044b\u043c \u0438 \u0432\u043a\u0443\u0441\u043d\u044b\u043c \u0433\u0430\u0440\u043d\u0438\u0440\u043e\u043c \u0441\u0430\u043c\u0438 \u043f\u043e \u0441\u0435\u0431\u0435. \u041f\u0435\u0440\u043b\u043e\u0432\u0430\u044f \u043a\u0440\u0443\u043f\u0430 \u0438\u0437\u0433\u043e\u0442\u0430\u0432\u043b\u0438\u0432\u0430\u0435\u0442\u0441\u044f \u0438\u0437 \u044f\u0447\u043c\u0435\u043d\u044f, \u043e\u0434\u043d\u043e\u0433\u043e \u0438\u0437 \u0441\u0430\u043c\u044b\u0445 \u0434\u0440\u0435\u0432\u043d\u0438\u0445 \u043a\u0443\u043b\u044c\u0442\u0443\u0440\u043d\u044b\u0445 \u0441\u043e\u0440\u0442\u043e\u0432, \u0438\u0437\u0432\u0435\u0441\u0442\u043d\u044b\u0445 \u0447\u0435\u043b\u043e\u0432\u0435\u0447\u0435\u0441\u0442\u0432\u0443. \u042f\u0447\u043c\u0435\u043d\u044c \u0441\u043e\u0434\u0435\u0440\u0436\u0438\u0442 \u043f\u043e\u043b\u0435\u0437\u043d\u044b\u0435 \u0430\u043c\u0438\u043d\u043e\u043a\u0438\u0441\u043b\u043e\u0442\u044b \u0438 \u043c\u0438\u043a\u0440\u043e\u044d\u043b\u0435\u043c\u0435\u043d\u0442\u044b.\" \/>\n<meta property=\"og:url\" content=\"https:\/\/euro-east.fi\/ru\/tuote\/dovgan-\u043f\u0435\u0440\u043b\u043e\u0432\u043a\u0430-4-x-100-\u0433\/\" \/>\n<meta property=\"og:site_name\" content=\"Euro-East\" \/>\n<meta property=\"article:publisher\" content=\"https:\/\/www.facebook.com\/EuroEast.fi\" \/>\n<meta property=\"article:modified_time\" content=\"2026-01-19T13:02:12+00:00\" \/>\n<meta property=\"og:image\" content=\"https:\/\/euro-east.fi\/wp-content\/uploads\/2022\/09\/51070400_ohrasuurimot_keitinpussissa_4x100g-1-1.jpg\" \/>\n\t<meta property=\"og:image:width\" content=\"500\" \/>\n\t<meta property=\"og:image:height\" content=\"500\" \/>\n\t<meta property=\"og:image:type\" content=\"image\/jpeg\" \/>\n<meta name=\"twitter:card\" content=\"summary_large_image\" \/>\n<meta name=\"twitter:site\" content=\"@euroeastoy\" \/>\n<meta name=\"twitter:label1\" content=\"\u041f\u0440\u0438\u043c\u0435\u0440\u043d\u043e\u0435 \u0432\u0440\u0435\u043c\u044f \u0434\u043b\u044f \u0447\u0442\u0435\u043d\u0438\u044f\" \/>\n\t<meta name=\"twitter:data1\" content=\"1 minute\" \/>\n<script type=\"application\/ld+json\" class=\"yoast-schema-graph\">{\"@context\":\"https:\/\/schema.org\",\"@graph\":[{\"@type\":\"WebPage\",\"@id\":\"https:\/\/euro-east.fi\/ru\/tuote\/dovgan-%d0%bf%d0%b5%d1%80%d0%bb%d0%be%d0%b2%d0%ba%d0%b0-4-x-100-%d0%b3\/\",\"url\":\"https:\/\/euro-east.fi\/ru\/tuote\/dovgan-%d0%bf%d0%b5%d1%80%d0%bb%d0%be%d0%b2%d0%ba%d0%b0-4-x-100-%d0%b3\/\",\"name\":\"Dovgan \u043f\u0435\u0440\u043b\u043e\u0432\u043a\u0430 4 x 100 \u0433 - Euro-East\",\"isPartOf\":{\"@id\":\"https:\/\/euro-east.fi\/#website\"},\"primaryImageOfPage\":{\"@id\":\"https:\/\/euro-east.fi\/ru\/tuote\/dovgan-%d0%bf%d0%b5%d1%80%d0%bb%d0%be%d0%b2%d0%ba%d0%b0-4-x-100-%d0%b3\/#primaryimage\"},\"image\":{\"@id\":\"https:\/\/euro-east.fi\/ru\/tuote\/dovgan-%d0%bf%d0%b5%d1%80%d0%bb%d0%be%d0%b2%d0%ba%d0%b0-4-x-100-%d0%b3\/#primaryimage\"},\"thumbnailUrl\":\"https:\/\/euro-east.fi\/wp-content\/uploads\/2022\/09\/51070400_ohrasuurimot_keitinpussissa_4x100g-1-1.jpg\",\"datePublished\":\"2022-09-14T06:52:25+00:00\",\"dateModified\":\"2026-01-19T13:02:12+00:00\",\"breadcrumb\":{\"@id\":\"https:\/\/euro-east.fi\/ru\/tuote\/dovgan-%d0%bf%d0%b5%d1%80%d0%bb%d0%be%d0%b2%d0%ba%d0%b0-4-x-100-%d0%b3\/#breadcrumb\"},\"inLanguage\":\"ru-RU\",\"potentialAction\":[{\"@type\":\"ReadAction\",\"target\":[\"https:\/\/euro-east.fi\/ru\/tuote\/dovgan-%d0%bf%d0%b5%d1%80%d0%bb%d0%be%d0%b2%d0%ba%d0%b0-4-x-100-%d0%b3\/\"]}]},{\"@type\":\"ImageObject\",\"inLanguage\":\"ru-RU\",\"@id\":\"https:\/\/euro-east.fi\/ru\/tuote\/dovgan-%d0%bf%d0%b5%d1%80%d0%bb%d0%be%d0%b2%d0%ba%d0%b0-4-x-100-%d0%b3\/#primaryimage\",\"url\":\"https:\/\/euro-east.fi\/wp-content\/uploads\/2022\/09\/51070400_ohrasuurimot_keitinpussissa_4x100g-1-1.jpg\",\"contentUrl\":\"https:\/\/euro-east.fi\/wp-content\/uploads\/2022\/09\/51070400_ohrasuurimot_keitinpussissa_4x100g-1-1.jpg\",\"width\":500,\"height\":500,\"caption\":\"Ohrasuurimot_4x100g\"},{\"@type\":\"BreadcrumbList\",\"@id\":\"https:\/\/euro-east.fi\/ru\/tuote\/dovgan-%d0%bf%d0%b5%d1%80%d0%bb%d0%be%d0%b2%d0%ba%d0%b0-4-x-100-%d0%b3\/#breadcrumb\",\"itemListElement\":[{\"@type\":\"ListItem\",\"position\":1,\"name\":\"Home\",\"item\":\"https:\/\/euro-east.fi\/ru\/\"},{\"@type\":\"ListItem\",\"position\":2,\"name\":\"Kauppa\",\"item\":\"https:\/\/euro-east.fi\/ru\/kauppa\/\"},{\"@type\":\"ListItem\",\"position\":3,\"name\":\"Dovgan \u043f\u0435\u0440\u043b\u043e\u0432\u043a\u0430 4 x 100 \u0433\"}]},{\"@type\":\"WebSite\",\"@id\":\"https:\/\/euro-east.fi\/#website\",\"url\":\"https:\/\/euro-east.fi\/\",\"name\":\"Euro-East\",\"description\":\"Euro-East vie sinut makumatkalle Baltiasta Balkanille.Euro-East on it\u00e4eurooppalaisten elintarvikkeiden maahantuoja. Tarjoamme parhaita herkkuja Baltiasta Balkaniin. Meilt\u00e4 l\u00f6yd\u00e4t laadukkaita vihannes-, kala- ja lihas\u00e4ilykkeit\u00e4, kastikkeita, jyvi\u00e4, mehuja, keksej\u00e4 ja pakasteita. Tule mukaan makumatkalle ja ihastu ruokakulttuurien herkulliseen kirjoon\",\"publisher\":{\"@id\":\"https:\/\/euro-east.fi\/#organization\"},\"potentialAction\":[{\"@type\":\"SearchAction\",\"target\":{\"@type\":\"EntryPoint\",\"urlTemplate\":\"https:\/\/euro-east.fi\/?s={search_term_string}\"},\"query-input\":{\"@type\":\"PropertyValueSpecification\",\"valueRequired\":true,\"valueName\":\"search_term_string\"}}],\"inLanguage\":\"ru-RU\"},{\"@type\":\"Organization\",\"@id\":\"https:\/\/euro-east.fi\/#organization\",\"name\":\"Euro-East\",\"url\":\"https:\/\/euro-east.fi\/\",\"logo\":{\"@type\":\"ImageObject\",\"inLanguage\":\"ru-RU\",\"@id\":\"https:\/\/euro-east.fi\/#\/schema\/logo\/image\/\",\"url\":\"https:\/\/euro-east.fi\/wp-content\/uploads\/2023\/03\/Logo-1.png\",\"contentUrl\":\"https:\/\/euro-east.fi\/wp-content\/uploads\/2023\/03\/Logo-1.png\",\"width\":250,\"height\":250,\"caption\":\"Euro-East\"},\"image\":{\"@id\":\"https:\/\/euro-east.fi\/#\/schema\/logo\/image\/\"},\"sameAs\":[\"https:\/\/www.facebook.com\/EuroEast.fi\",\"https:\/\/x.com\/euroeastoy\",\"https:\/\/www.instagram.com\/euro.east\/\",\"https:\/\/www.pinterest.com\/euroeast\/\",\"https:\/\/www.youtube.com\/channel\/UCfNlzn0G_n53fATPX6Uw0yw\"]}]}<\/script>\n<!-- \/ Yoast SEO plugin. -->","yoast_head_json":{"title":"Dovgan \u043f\u0435\u0440\u043b\u043e\u0432\u043a\u0430 4 x 100 \u0433 - Euro-East","robots":{"index":"index","follow":"follow","max-snippet":"max-snippet:-1","max-image-preview":"max-image-preview:large","max-video-preview":"max-video-preview:-1"},"canonical":"https:\/\/euro-east.fi\/ru\/tuote\/dovgan-\u043f\u0435\u0440\u043b\u043e\u0432\u043a\u0430-4-x-100-\u0433\/","og_locale":"ru_RU","og_type":"article","og_title":"Dovgan \u043f\u0435\u0440\u043b\u043e\u0432\u043a\u0430 4 x 100 \u0433 - Euro-East","og_description":"\u041f\u0435\u0440\u043b\u043e\u0432\u0430\u044f \u043a\u0440\u0443\u043f\u0430 \u0432 \u0443\u0434\u043e\u0431\u043d\u044b\u0445 \u043f\u0430\u043a\u0435\u0442\u0430\u0445 \u0434\u043b\u044f \u0432\u0430\u0440\u043a\u0438 4 x 100 \u0433. \u0418\u0441\u043f\u043e\u043b\u044c\u0437\u0443\u0439\u0442\u0435 \u043f\u0435\u0440\u043b\u043e\u0432\u0443\u044e \u043a\u0440\u0443\u043f\u0443, \u0447\u0442\u043e\u0431\u044b \u043f\u0440\u0438\u0434\u0430\u0442\u044c \u0441\u044b\u0442\u043e\u0441\u0442\u044c \u0441\u0443\u043f\u0430\u043c, \u0441\u0430\u043b\u0430\u0442\u0430\u043c \u0438 \u0442\u0443\u0448\u0435\u043d\u0438\u044f\u043c. \u041e\u043d\u0438 \u0442\u0430\u043a\u0436\u0435 \u044f\u0432\u043b\u044f\u044e\u0442\u0441\u044f \u0437\u0434\u043e\u0440\u043e\u0432\u044b\u043c \u0438 \u0432\u043a\u0443\u0441\u043d\u044b\u043c \u0433\u0430\u0440\u043d\u0438\u0440\u043e\u043c \u0441\u0430\u043c\u0438 \u043f\u043e \u0441\u0435\u0431\u0435. \u041f\u0435\u0440\u043b\u043e\u0432\u0430\u044f \u043a\u0440\u0443\u043f\u0430 \u0438\u0437\u0433\u043e\u0442\u0430\u0432\u043b\u0438\u0432\u0430\u0435\u0442\u0441\u044f \u0438\u0437 \u044f\u0447\u043c\u0435\u043d\u044f, \u043e\u0434\u043d\u043e\u0433\u043e \u0438\u0437 \u0441\u0430\u043c\u044b\u0445 \u0434\u0440\u0435\u0432\u043d\u0438\u0445 \u043a\u0443\u043b\u044c\u0442\u0443\u0440\u043d\u044b\u0445 \u0441\u043e\u0440\u0442\u043e\u0432, \u0438\u0437\u0432\u0435\u0441\u0442\u043d\u044b\u0445 \u0447\u0435\u043b\u043e\u0432\u0435\u0447\u0435\u0441\u0442\u0432\u0443. \u042f\u0447\u043c\u0435\u043d\u044c \u0441\u043e\u0434\u0435\u0440\u0436\u0438\u0442 \u043f\u043e\u043b\u0435\u0437\u043d\u044b\u0435 \u0430\u043c\u0438\u043d\u043e\u043a\u0438\u0441\u043b\u043e\u0442\u044b \u0438 \u043c\u0438\u043a\u0440\u043e\u044d\u043b\u0435\u043c\u0435\u043d\u0442\u044b.","og_url":"https:\/\/euro-east.fi\/ru\/tuote\/dovgan-\u043f\u0435\u0440\u043b\u043e\u0432\u043a\u0430-4-x-100-\u0433\/","og_site_name":"Euro-East","article_publisher":"https:\/\/www.facebook.com\/EuroEast.fi","article_modified_time":"2026-01-19T13:02:12+00:00","og_image":[{"width":500,"height":500,"url":"https:\/\/euro-east.fi\/wp-content\/uploads\/2022\/09\/51070400_ohrasuurimot_keitinpussissa_4x100g-1-1.jpg","type":"image\/jpeg"}],"twitter_card":"summary_large_image","twitter_site":"@euroeastoy","twitter_misc":{"\u041f\u0440\u0438\u043c\u0435\u0440\u043d\u043e\u0435 \u0432\u0440\u0435\u043c\u044f \u0434\u043b\u044f \u0447\u0442\u0435\u043d\u0438\u044f":"1 minute"},"schema":{"@context":"https:\/\/schema.org","@graph":[{"@type":"WebPage","@id":"https:\/\/euro-east.fi\/ru\/tuote\/dovgan-%d0%bf%d0%b5%d1%80%d0%bb%d0%be%d0%b2%d0%ba%d0%b0-4-x-100-%d0%b3\/","url":"https:\/\/euro-east.fi\/ru\/tuote\/dovgan-%d0%bf%d0%b5%d1%80%d0%bb%d0%be%d0%b2%d0%ba%d0%b0-4-x-100-%d0%b3\/","name":"Dovgan \u043f\u0435\u0440\u043b\u043e\u0432\u043a\u0430 4 x 100 \u0433 - Euro-East","isPartOf":{"@id":"https:\/\/euro-east.fi\/#website"},"primaryImageOfPage":{"@id":"https:\/\/euro-east.fi\/ru\/tuote\/dovgan-%d0%bf%d0%b5%d1%80%d0%bb%d0%be%d0%b2%d0%ba%d0%b0-4-x-100-%d0%b3\/#primaryimage"},"image":{"@id":"https:\/\/euro-east.fi\/ru\/tuote\/dovgan-%d0%bf%d0%b5%d1%80%d0%bb%d0%be%d0%b2%d0%ba%d0%b0-4-x-100-%d0%b3\/#primaryimage"},"thumbnailUrl":"https:\/\/euro-east.fi\/wp-content\/uploads\/2022\/09\/51070400_ohrasuurimot_keitinpussissa_4x100g-1-1.jpg","datePublished":"2022-09-14T06:52:25+00:00","dateModified":"2026-01-19T13:02:12+00:00","breadcrumb":{"@id":"https:\/\/euro-east.fi\/ru\/tuote\/dovgan-%d0%bf%d0%b5%d1%80%d0%bb%d0%be%d0%b2%d0%ba%d0%b0-4-x-100-%d0%b3\/#breadcrumb"},"inLanguage":"ru-RU","potentialAction":[{"@type":"ReadAction","target":["https:\/\/euro-east.fi\/ru\/tuote\/dovgan-%d0%bf%d0%b5%d1%80%d0%bb%d0%be%d0%b2%d0%ba%d0%b0-4-x-100-%d0%b3\/"]}]},{"@type":"ImageObject","inLanguage":"ru-RU","@id":"https:\/\/euro-east.fi\/ru\/tuote\/dovgan-%d0%bf%d0%b5%d1%80%d0%bb%d0%be%d0%b2%d0%ba%d0%b0-4-x-100-%d0%b3\/#primaryimage","url":"https:\/\/euro-east.fi\/wp-content\/uploads\/2022\/09\/51070400_ohrasuurimot_keitinpussissa_4x100g-1-1.jpg","contentUrl":"https:\/\/euro-east.fi\/wp-content\/uploads\/2022\/09\/51070400_ohrasuurimot_keitinpussissa_4x100g-1-1.jpg","width":500,"height":500,"caption":"Ohrasuurimot_4x100g"},{"@type":"BreadcrumbList","@id":"https:\/\/euro-east.fi\/ru\/tuote\/dovgan-%d0%bf%d0%b5%d1%80%d0%bb%d0%be%d0%b2%d0%ba%d0%b0-4-x-100-%d0%b3\/#breadcrumb","itemListElement":[{"@type":"ListItem","position":1,"name":"Home","item":"https:\/\/euro-east.fi\/ru\/"},{"@type":"ListItem","position":2,"name":"Kauppa","item":"https:\/\/euro-east.fi\/ru\/kauppa\/"},{"@type":"ListItem","position":3,"name":"Dovgan \u043f\u0435\u0440\u043b\u043e\u0432\u043a\u0430 4 x 100 \u0433"}]},{"@type":"WebSite","@id":"https:\/\/euro-east.fi\/#website","url":"https:\/\/euro-east.fi\/","name":"Euro-East","description":"Euro-East vie sinut makumatkalle Baltiasta Balkanille.Euro-East on it\u00e4eurooppalaisten elintarvikkeiden maahantuoja. Tarjoamme parhaita herkkuja Baltiasta Balkaniin. Meilt\u00e4 l\u00f6yd\u00e4t laadukkaita vihannes-, kala- ja lihas\u00e4ilykkeit\u00e4, kastikkeita, jyvi\u00e4, mehuja, keksej\u00e4 ja pakasteita. Tule mukaan makumatkalle ja ihastu ruokakulttuurien herkulliseen kirjoon","publisher":{"@id":"https:\/\/euro-east.fi\/#organization"},"potentialAction":[{"@type":"SearchAction","target":{"@type":"EntryPoint","urlTemplate":"https:\/\/euro-east.fi\/?s={search_term_string}"},"query-input":{"@type":"PropertyValueSpecification","valueRequired":true,"valueName":"search_term_string"}}],"inLanguage":"ru-RU"},{"@type":"Organization","@id":"https:\/\/euro-east.fi\/#organization","name":"Euro-East","url":"https:\/\/euro-east.fi\/","logo":{"@type":"ImageObject","inLanguage":"ru-RU","@id":"https:\/\/euro-east.fi\/#\/schema\/logo\/image\/","url":"https:\/\/euro-east.fi\/wp-content\/uploads\/2023\/03\/Logo-1.png","contentUrl":"https:\/\/euro-east.fi\/wp-content\/uploads\/2023\/03\/Logo-1.png","width":250,"height":250,"caption":"Euro-East"},"image":{"@id":"https:\/\/euro-east.fi\/#\/schema\/logo\/image\/"},"sameAs":["https:\/\/www.facebook.com\/EuroEast.fi","https:\/\/x.com\/euroeastoy","https:\/\/www.instagram.com\/euro.east\/","https:\/\/www.pinterest.com\/euroeast\/","https:\/\/www.youtube.com\/channel\/UCfNlzn0G_n53fATPX6Uw0yw"]}]}},"_links":{"self":[{"href":"https:\/\/euro-east.fi\/ru\/wp-json\/wp\/v2\/product\/517448","targetHints":{"allow":["GET"]}}],"collection":[{"href":"https:\/\/euro-east.fi\/ru\/wp-json\/wp\/v2\/product"}],"about":[{"href":"https:\/\/euro-east.fi\/ru\/wp-json\/wp\/v2\/types\/product"}],"wp:featuredmedia":[{"embeddable":true,"href":"https:\/\/euro-east.fi\/ru\/wp-json\/wp\/v2\/media\/513301"}],"wp:attachment":[{"href":"https:\/\/euro-east.fi\/ru\/wp-json\/wp\/v2\/media?parent=517448"}],"wp:term":[{"taxonomy":"product_brand","embeddable":true,"href":"https:\/\/euro-east.fi\/ru\/wp-json\/wp\/v2\/product_brand?post=517448"},{"taxonomy":"product_cat","embeddable":true,"href":"https:\/\/euro-east.fi\/ru\/wp-json\/wp\/v2\/product_cat?post=517448"},{"taxonomy":"product_tag","embeddable":true,"href":"https:\/\/euro-east.fi\/ru\/wp-json\/wp\/v2\/product_tag?post=517448"}],"curies":[{"name":"wp","href":"https:\/\/api.w.org\/{rel}","templated":true}]}}