{"id":527029,"date":"2026-03-16T07:46:50","date_gmt":"2026-03-16T05:46:50","guid":{"rendered":"https:\/\/euro-east.fi\/tuote\/kucharek-%d0%bf%d1%80%d0%b8%d0%bf%d1%80%d0%b0%d0%b2%d0%b0-%d1%83%d0%bd%d0%b8%d0%b2%d0%b5%d1%80%d1%81%d0%b0%d0%bb%d1%8c%d0%bd%d0%b0%d1%8f-%d1%81-%d0%be%d0%b2%d0%be%d1%89%d0%b0%d0%bc%d0%b8-200%d0%b3\/"},"modified":"2026-03-16T07:46:57","modified_gmt":"2026-03-16T05:46:57","slug":"kucharek-%d0%bf%d1%80%d0%b8%d0%bf%d1%80%d0%b0%d0%b2%d0%b0-%d1%83%d0%bd%d0%b8%d0%b2%d0%b5%d1%80%d1%81%d0%b0%d0%bb%d1%8c%d0%bd%d0%b0%d1%8f-%d1%81-%d0%be%d0%b2%d0%be%d1%89%d0%b0%d0%bc%d0%b8-200%d0%b3","status":"publish","type":"product","link":"https:\/\/euro-east.fi\/ru\/tuote\/kucharek-%d0%bf%d1%80%d0%b8%d0%bf%d1%80%d0%b0%d0%b2%d0%b0-%d1%83%d0%bd%d0%b8%d0%b2%d0%b5%d1%80%d1%81%d0%b0%d0%bb%d1%8c%d0%bd%d0%b0%d1%8f-%d1%81-%d0%be%d0%b2%d0%be%d1%89%d0%b0%d0%bc%d0%b8-200%d0%b3\/","title":{"rendered":"Kucharek \u041f\u0440\u0438\u043f\u0440\u0430\u0432\u0430 \u0443\u043d\u0438\u0432\u0435\u0440\u0441\u0430\u043b\u044c\u043d\u0430\u044f \u0441 \u043e\u0432\u043e\u0449\u0430\u043c\u0438 200\u0433\u0440."},"content":{"rendered":"<p>\u0423\u043d\u0438\u0432\u0435\u0440\u0441\u0430\u043b\u044c\u043d\u0430\u044f \u0438 \u0430\u0440\u043e\u043c\u0430\u0442\u043d\u0430\u044f \u0441\u043c\u0435\u0441\u044c \u043f\u0440\u0438\u043f\u0440\u0430\u0432, \u043a\u043e\u0442\u043e\u0440\u0430\u044f \u043f\u0440\u0438\u0434\u0430\u0451\u0442 \u0431\u043b\u044e\u0434\u0430\u043c \u043d\u0430\u0441\u044b\u0449\u0435\u043d\u043d\u044b\u0439 \u0432\u043a\u0443\u0441 \u0438 \u043f\u0440\u0438\u044f\u0442\u043d\u0443\u044e \u043e\u0432\u043e\u0449\u043d\u0443\u044e \u043d\u043e\u0442\u043a\u0443. \u0418\u0434\u0435\u0430\u043b\u044c\u043d\u043e \u043f\u043e\u0434\u0445\u043e\u0434\u0438\u0442 \u0434\u043b\u044f \u0441\u0443\u043f\u043e\u0432, \u0441\u043e\u0443\u0441\u043e\u0432, \u0440\u0430\u0433\u0443, \u0431\u043b\u044e\u0434 \u0438\u0437 \u0440\u0438\u0441\u0430 \u0438 \u043f\u0430\u0441\u0442\u044b, \u0430 \u0442\u0430\u043a\u0436\u0435 \u0434\u043b\u044f \u043c\u044f\u0441\u0430 \u0438 \u043e\u0432\u043e\u0449\u0435\u0439. \u0423\u0434\u043e\u0431\u043d\u044b\u0439 \u0441\u043f\u043e\u0441\u043e\u0431 \u0431\u044b\u0441\u0442\u0440\u043e \u043f\u0440\u0438\u0434\u0430\u0442\u044c \u0431\u043b\u044e\u0434\u0443 \u0437\u0430\u0432\u0435\u0440\u0448\u0451\u043d\u043d\u044b\u0439 \u0432\u043a\u0443\u0441 \u2014 \u0434\u043e\u0441\u0442\u0430\u0442\u043e\u0447\u043d\u043e \u0449\u0435\u043f\u043e\u0442\u043a\u0438, \u0447\u0442\u043e\u0431\u044b \u043f\u043e\u0434\u0447\u0435\u0440\u043a\u043d\u0443\u0442\u044c \u043b\u0443\u0447\u0448\u0438\u0435 \u0432\u043a\u0443\u0441\u044b \u0438\u043d\u0433\u0440\u0435\u0434\u0438\u0435\u043d\u0442\u043e\u0432.<\/p>\n","protected":false},"excerpt":{"rendered":"<p>\u0423\u043d\u0438\u0432\u0435\u0440\u0441\u0430\u043b\u044c\u043d\u0430\u044f \u0438 \u0430\u0440\u043e\u043c\u0430\u0442\u043d\u0430\u044f \u0441\u043c\u0435\u0441\u044c \u043f\u0440\u0438\u043f\u0440\u0430\u0432, \u043a\u043e\u0442\u043e\u0440\u0430\u044f \u043f\u0440\u0438\u0434\u0430\u0451\u0442 \u0431\u043b\u044e\u0434\u0430\u043c \u043d\u0430\u0441\u044b\u0449\u0435\u043d\u043d\u044b\u0439 \u0432\u043a\u0443\u0441 \u0438 \u043f\u0440\u0438\u044f\u0442\u043d\u0443\u044e \u043e\u0432\u043e\u0449\u043d\u0443\u044e \u043d\u043e\u0442\u043a\u0443. \u0418\u0434\u0435\u0430\u043b\u044c\u043d\u043e \u043f\u043e\u0434\u0445\u043e\u0434\u0438\u0442 \u0434\u043b\u044f \u0441\u0443\u043f\u043e\u0432, \u0441\u043e\u0443\u0441\u043e\u0432, \u0440\u0430\u0433\u0443, \u0431\u043b\u044e\u0434 \u0438\u0437 \u0440\u0438\u0441\u0430 \u0438 \u043f\u0430\u0441\u0442\u044b, \u0430 \u0442\u0430\u043a\u0436\u0435 \u0434\u043b\u044f \u043c\u044f\u0441\u0430 \u0438 \u043e\u0432\u043e\u0449\u0435\u0439. \u0423\u0434\u043e\u0431\u043d\u044b\u0439 \u0441\u043f\u043e\u0441\u043e\u0431 \u0431\u044b\u0441\u0442\u0440\u043e \u043f\u0440\u0438\u0434\u0430\u0442\u044c \u0431\u043b\u044e\u0434\u0443 \u0437\u0430\u0432\u0435\u0440\u0448\u0451\u043d\u043d\u044b\u0439 \u0432\u043a\u0443\u0441 \u2014 \u0434\u043e\u0441\u0442\u0430\u0442\u043e\u0447\u043d\u043e \u0449\u0435\u043f\u043e\u0442\u043a\u0438, \u0447\u0442\u043e\u0431\u044b \u043f\u043e\u0434\u0447\u0435\u0440\u043a\u043d\u0443\u0442\u044c \u043b\u0443\u0447\u0448\u0438\u0435 \u0432\u043a\u0443\u0441\u044b \u0438\u043d\u0433\u0440\u0435\u0434\u0438\u0435\u043d\u0442\u043e\u0432.<\/p>\n","protected":false},"featured_media":527025,"template":"","meta":{"_acf_changed":false,"content-type":"","_improvement_type_select":"improve_an_existing","_thumb_yes_seoaic":false,"_frame_yes_seoaic":false,"seoaic_generate_description":"","seoaic_improve_instructions_prompt":"","seoaic_rollback_content_improvement":"","seoaic_idea_thumbnail_generator":"","thumbnail_generated":false,"thumbnail_generate_prompt":"","seoaic_article_description":""},"product_brand":[],"product_cat":[3399],"product_tag":[],"class_list":{"0":"post-527029","1":"product","2":"type-product","3":"status-publish","4":"has-post-thumbnail","6":"product_cat-3399","8":"first","9":"instock","10":"taxable","11":"shipping-taxable","12":"purchasable","13":"product-type-simple"},"acf":[],"yoast_head":"<!-- This site is optimized with the Yoast SEO plugin v27.1.1 - https:\/\/yoast.com\/product\/yoast-seo-wordpress\/ -->\n<title>Kucharek \u041f\u0440\u0438\u043f\u0440\u0430\u0432\u0430 \u0443\u043d\u0438\u0432\u0435\u0440\u0441\u0430\u043b\u044c\u043d\u0430\u044f \u0441 \u043e\u0432\u043e\u0449\u0430\u043c\u0438 200\u0433\u0440. - Euro-East<\/title>\n<meta name=\"robots\" content=\"index, follow, max-snippet:-1, max-image-preview:large, max-video-preview:-1\" \/>\n<link rel=\"canonical\" href=\"https:\/\/euro-east.fi\/tuote\/kucharek-\u043f\u0440\u0438\u043f\u0440\u0430\u0432\u0430-\u0443\u043d\u0438\u0432\u0435\u0440\u0441\u0430\u043b\u044c\u043d\u0430\u044f-\u0441-\u043e\u0432\u043e\u0449\u0430\u043c\u0438-200\u0433\/\" \/>\n<meta property=\"og:locale\" content=\"ru_RU\" \/>\n<meta property=\"og:type\" content=\"article\" \/>\n<meta property=\"og:title\" content=\"Kucharek \u041f\u0440\u0438\u043f\u0440\u0430\u0432\u0430 \u0443\u043d\u0438\u0432\u0435\u0440\u0441\u0430\u043b\u044c\u043d\u0430\u044f \u0441 \u043e\u0432\u043e\u0449\u0430\u043c\u0438 200\u0433\u0440. - Euro-East\" \/>\n<meta property=\"og:description\" content=\"\u0423\u043d\u0438\u0432\u0435\u0440\u0441\u0430\u043b\u044c\u043d\u0430\u044f \u0438 \u0430\u0440\u043e\u043c\u0430\u0442\u043d\u0430\u044f \u0441\u043c\u0435\u0441\u044c \u043f\u0440\u0438\u043f\u0440\u0430\u0432, \u043a\u043e\u0442\u043e\u0440\u0430\u044f \u043f\u0440\u0438\u0434\u0430\u0451\u0442 \u0431\u043b\u044e\u0434\u0430\u043c \u043d\u0430\u0441\u044b\u0449\u0435\u043d\u043d\u044b\u0439 \u0432\u043a\u0443\u0441 \u0438 \u043f\u0440\u0438\u044f\u0442\u043d\u0443\u044e \u043e\u0432\u043e\u0449\u043d\u0443\u044e \u043d\u043e\u0442\u043a\u0443. \u0418\u0434\u0435\u0430\u043b\u044c\u043d\u043e \u043f\u043e\u0434\u0445\u043e\u0434\u0438\u0442 \u0434\u043b\u044f \u0441\u0443\u043f\u043e\u0432, \u0441\u043e\u0443\u0441\u043e\u0432, \u0440\u0430\u0433\u0443, \u0431\u043b\u044e\u0434 \u0438\u0437 \u0440\u0438\u0441\u0430 \u0438 \u043f\u0430\u0441\u0442\u044b, \u0430 \u0442\u0430\u043a\u0436\u0435 \u0434\u043b\u044f \u043c\u044f\u0441\u0430 \u0438 \u043e\u0432\u043e\u0449\u0435\u0439. \u0423\u0434\u043e\u0431\u043d\u044b\u0439 \u0441\u043f\u043e\u0441\u043e\u0431 \u0431\u044b\u0441\u0442\u0440\u043e \u043f\u0440\u0438\u0434\u0430\u0442\u044c \u0431\u043b\u044e\u0434\u0443 \u0437\u0430\u0432\u0435\u0440\u0448\u0451\u043d\u043d\u044b\u0439 \u0432\u043a\u0443\u0441 \u2014 \u0434\u043e\u0441\u0442\u0430\u0442\u043e\u0447\u043d\u043e \u0449\u0435\u043f\u043e\u0442\u043a\u0438, \u0447\u0442\u043e\u0431\u044b \u043f\u043e\u0434\u0447\u0435\u0440\u043a\u043d\u0443\u0442\u044c \u043b\u0443\u0447\u0448\u0438\u0435 \u0432\u043a\u0443\u0441\u044b \u0438\u043d\u0433\u0440\u0435\u0434\u0438\u0435\u043d\u0442\u043e\u0432.\" \/>\n<meta property=\"og:url\" content=\"https:\/\/euro-east.fi\/tuote\/kucharek-\u043f\u0440\u0438\u043f\u0440\u0430\u0432\u0430-\u0443\u043d\u0438\u0432\u0435\u0440\u0441\u0430\u043b\u044c\u043d\u0430\u044f-\u0441-\u043e\u0432\u043e\u0449\u0430\u043c\u0438-200\u0433\/\" \/>\n<meta property=\"og:site_name\" content=\"Euro-East\" \/>\n<meta property=\"article:publisher\" content=\"https:\/\/www.facebook.com\/EuroEast.fi\" \/>\n<meta property=\"article:modified_time\" content=\"2026-03-16T05:46:57+00:00\" \/>\n<meta property=\"og:image\" content=\"https:\/\/euro-east.fi\/wp-content\/uploads\/2023\/03\/Logo-1.png\" \/>\n\t<meta property=\"og:image:width\" content=\"250\" \/>\n\t<meta property=\"og:image:height\" content=\"250\" \/>\n\t<meta property=\"og:image:type\" content=\"image\/png\" \/>\n<meta name=\"twitter:card\" content=\"summary_large_image\" \/>\n<meta name=\"twitter:site\" content=\"@euroeastoy\" \/>\n<script type=\"application\/ld+json\" class=\"yoast-schema-graph\">{\"@context\":\"https:\/\/schema.org\",\"@graph\":[{\"@type\":\"WebPage\",\"@id\":\"https:\/\/euro-east.fi\/tuote\/kucharek-%d0%bf%d1%80%d0%b8%d0%bf%d1%80%d0%b0%d0%b2%d0%b0-%d1%83%d0%bd%d0%b8%d0%b2%d0%b5%d1%80%d1%81%d0%b0%d0%bb%d1%8c%d0%bd%d0%b0%d1%8f-%d1%81-%d0%be%d0%b2%d0%be%d1%89%d0%b0%d0%bc%d0%b8-200%d0%b3\/\",\"url\":\"https:\/\/euro-east.fi\/tuote\/kucharek-%d0%bf%d1%80%d0%b8%d0%bf%d1%80%d0%b0%d0%b2%d0%b0-%d1%83%d0%bd%d0%b8%d0%b2%d0%b5%d1%80%d1%81%d0%b0%d0%bb%d1%8c%d0%bd%d0%b0%d1%8f-%d1%81-%d0%be%d0%b2%d0%be%d1%89%d0%b0%d0%bc%d0%b8-200%d0%b3\/\",\"name\":\"Kucharek \u041f\u0440\u0438\u043f\u0440\u0430\u0432\u0430 \u0443\u043d\u0438\u0432\u0435\u0440\u0441\u0430\u043b\u044c\u043d\u0430\u044f \u0441 \u043e\u0432\u043e\u0449\u0430\u043c\u0438 200\u0433\u0440. - Euro-East\",\"isPartOf\":{\"@id\":\"https:\/\/euro-east.fi\/#website\"},\"primaryImageOfPage\":{\"@id\":\"https:\/\/euro-east.fi\/tuote\/kucharek-%d0%bf%d1%80%d0%b8%d0%bf%d1%80%d0%b0%d0%b2%d0%b0-%d1%83%d0%bd%d0%b8%d0%b2%d0%b5%d1%80%d1%81%d0%b0%d0%bb%d1%8c%d0%bd%d0%b0%d1%8f-%d1%81-%d0%be%d0%b2%d0%be%d1%89%d0%b0%d0%bc%d0%b8-200%d0%b3\/#primaryimage\"},\"image\":{\"@id\":\"https:\/\/euro-east.fi\/tuote\/kucharek-%d0%bf%d1%80%d0%b8%d0%bf%d1%80%d0%b0%d0%b2%d0%b0-%d1%83%d0%bd%d0%b8%d0%b2%d0%b5%d1%80%d1%81%d0%b0%d0%bb%d1%8c%d0%bd%d0%b0%d1%8f-%d1%81-%d0%be%d0%b2%d0%be%d1%89%d0%b0%d0%bc%d0%b8-200%d0%b3\/#primaryimage\"},\"thumbnailUrl\":\"https:\/\/euro-east.fi\/wp-content\/uploads\/2026\/03\/49180200_kucharek_yleismausteseos_vihanneksilla_200g.jpg\",\"datePublished\":\"2026-03-16T05:46:50+00:00\",\"dateModified\":\"2026-03-16T05:46:57+00:00\",\"breadcrumb\":{\"@id\":\"https:\/\/euro-east.fi\/tuote\/kucharek-%d0%bf%d1%80%d0%b8%d0%bf%d1%80%d0%b0%d0%b2%d0%b0-%d1%83%d0%bd%d0%b8%d0%b2%d0%b5%d1%80%d1%81%d0%b0%d0%bb%d1%8c%d0%bd%d0%b0%d1%8f-%d1%81-%d0%be%d0%b2%d0%be%d1%89%d0%b0%d0%bc%d0%b8-200%d0%b3\/#breadcrumb\"},\"inLanguage\":\"ru-RU\",\"potentialAction\":[{\"@type\":\"ReadAction\",\"target\":[\"https:\/\/euro-east.fi\/tuote\/kucharek-%d0%bf%d1%80%d0%b8%d0%bf%d1%80%d0%b0%d0%b2%d0%b0-%d1%83%d0%bd%d0%b8%d0%b2%d0%b5%d1%80%d1%81%d0%b0%d0%bb%d1%8c%d0%bd%d0%b0%d1%8f-%d1%81-%d0%be%d0%b2%d0%be%d1%89%d0%b0%d0%bc%d0%b8-200%d0%b3\/\"]}]},{\"@type\":\"ImageObject\",\"inLanguage\":\"ru-RU\",\"@id\":\"https:\/\/euro-east.fi\/tuote\/kucharek-%d0%bf%d1%80%d0%b8%d0%bf%d1%80%d0%b0%d0%b2%d0%b0-%d1%83%d0%bd%d0%b8%d0%b2%d0%b5%d1%80%d1%81%d0%b0%d0%bb%d1%8c%d0%bd%d0%b0%d1%8f-%d1%81-%d0%be%d0%b2%d0%be%d1%89%d0%b0%d0%bc%d0%b8-200%d0%b3\/#primaryimage\",\"url\":\"https:\/\/euro-east.fi\/wp-content\/uploads\/2026\/03\/49180200_kucharek_yleismausteseos_vihanneksilla_200g.jpg\",\"contentUrl\":\"https:\/\/euro-east.fi\/wp-content\/uploads\/2026\/03\/49180200_kucharek_yleismausteseos_vihanneksilla_200g.jpg\",\"width\":500,\"height\":500,\"caption\":\"49180200_Kucharek-yleismausteseos_vihanneksilla_200g\"},{\"@type\":\"BreadcrumbList\",\"@id\":\"https:\/\/euro-east.fi\/tuote\/kucharek-%d0%bf%d1%80%d0%b8%d0%bf%d1%80%d0%b0%d0%b2%d0%b0-%d1%83%d0%bd%d0%b8%d0%b2%d0%b5%d1%80%d1%81%d0%b0%d0%bb%d1%8c%d0%bd%d0%b0%d1%8f-%d1%81-%d0%be%d0%b2%d0%be%d1%89%d0%b0%d0%bc%d0%b8-200%d0%b3\/#breadcrumb\",\"itemListElement\":[{\"@type\":\"ListItem\",\"position\":1,\"name\":\"Home\",\"item\":\"https:\/\/euro-east.fi\/ru\/\"},{\"@type\":\"ListItem\",\"position\":2,\"name\":\"Kauppa\",\"item\":\"https:\/\/euro-east.fi\/ru\/kauppa\/\"},{\"@type\":\"ListItem\",\"position\":3,\"name\":\"Kucharek \u041f\u0440\u0438\u043f\u0440\u0430\u0432\u0430 \u0443\u043d\u0438\u0432\u0435\u0440\u0441\u0430\u043b\u044c\u043d\u0430\u044f \u0441 \u043e\u0432\u043e\u0449\u0430\u043c\u0438 200\u0433\u0440.\"}]},{\"@type\":\"WebSite\",\"@id\":\"https:\/\/euro-east.fi\/#website\",\"url\":\"https:\/\/euro-east.fi\/\",\"name\":\"Euro-East\",\"description\":\"Euro-East vie sinut makumatkalle Baltiasta Balkanille.Euro-East on it\u00e4eurooppalaisten elintarvikkeiden maahantuoja. Tarjoamme parhaita herkkuja Baltiasta Balkaniin. Meilt\u00e4 l\u00f6yd\u00e4t laadukkaita vihannes-, kala- ja lihas\u00e4ilykkeit\u00e4, kastikkeita, jyvi\u00e4, mehuja, keksej\u00e4 ja pakasteita. Tule mukaan makumatkalle ja ihastu ruokakulttuurien herkulliseen kirjoon\",\"publisher\":{\"@id\":\"https:\/\/euro-east.fi\/#organization\"},\"potentialAction\":[{\"@type\":\"SearchAction\",\"target\":{\"@type\":\"EntryPoint\",\"urlTemplate\":\"https:\/\/euro-east.fi\/?s={search_term_string}\"},\"query-input\":{\"@type\":\"PropertyValueSpecification\",\"valueRequired\":true,\"valueName\":\"search_term_string\"}}],\"inLanguage\":\"ru-RU\"},{\"@type\":\"Organization\",\"@id\":\"https:\/\/euro-east.fi\/#organization\",\"name\":\"Euro-East\",\"url\":\"https:\/\/euro-east.fi\/\",\"logo\":{\"@type\":\"ImageObject\",\"inLanguage\":\"ru-RU\",\"@id\":\"https:\/\/euro-east.fi\/#\/schema\/logo\/image\/\",\"url\":\"https:\/\/euro-east.fi\/wp-content\/uploads\/2023\/03\/Logo-1.png\",\"contentUrl\":\"https:\/\/euro-east.fi\/wp-content\/uploads\/2023\/03\/Logo-1.png\",\"width\":250,\"height\":250,\"caption\":\"Euro-East\"},\"image\":{\"@id\":\"https:\/\/euro-east.fi\/#\/schema\/logo\/image\/\"},\"sameAs\":[\"https:\/\/www.facebook.com\/EuroEast.fi\",\"https:\/\/x.com\/euroeastoy\",\"https:\/\/www.instagram.com\/euro.east\/\",\"https:\/\/www.pinterest.com\/euroeast\/\",\"https:\/\/www.youtube.com\/channel\/UCfNlzn0G_n53fATPX6Uw0yw\"]}]}<\/script>\n<!-- \/ Yoast SEO plugin. -->","yoast_head_json":{"title":"Kucharek \u041f\u0440\u0438\u043f\u0440\u0430\u0432\u0430 \u0443\u043d\u0438\u0432\u0435\u0440\u0441\u0430\u043b\u044c\u043d\u0430\u044f \u0441 \u043e\u0432\u043e\u0449\u0430\u043c\u0438 200\u0433\u0440. - Euro-East","robots":{"index":"index","follow":"follow","max-snippet":"max-snippet:-1","max-image-preview":"max-image-preview:large","max-video-preview":"max-video-preview:-1"},"canonical":"https:\/\/euro-east.fi\/tuote\/kucharek-\u043f\u0440\u0438\u043f\u0440\u0430\u0432\u0430-\u0443\u043d\u0438\u0432\u0435\u0440\u0441\u0430\u043b\u044c\u043d\u0430\u044f-\u0441-\u043e\u0432\u043e\u0449\u0430\u043c\u0438-200\u0433\/","og_locale":"ru_RU","og_type":"article","og_title":"Kucharek \u041f\u0440\u0438\u043f\u0440\u0430\u0432\u0430 \u0443\u043d\u0438\u0432\u0435\u0440\u0441\u0430\u043b\u044c\u043d\u0430\u044f \u0441 \u043e\u0432\u043e\u0449\u0430\u043c\u0438 200\u0433\u0440. - Euro-East","og_description":"\u0423\u043d\u0438\u0432\u0435\u0440\u0441\u0430\u043b\u044c\u043d\u0430\u044f \u0438 \u0430\u0440\u043e\u043c\u0430\u0442\u043d\u0430\u044f \u0441\u043c\u0435\u0441\u044c \u043f\u0440\u0438\u043f\u0440\u0430\u0432, \u043a\u043e\u0442\u043e\u0440\u0430\u044f \u043f\u0440\u0438\u0434\u0430\u0451\u0442 \u0431\u043b\u044e\u0434\u0430\u043c \u043d\u0430\u0441\u044b\u0449\u0435\u043d\u043d\u044b\u0439 \u0432\u043a\u0443\u0441 \u0438 \u043f\u0440\u0438\u044f\u0442\u043d\u0443\u044e \u043e\u0432\u043e\u0449\u043d\u0443\u044e \u043d\u043e\u0442\u043a\u0443. \u0418\u0434\u0435\u0430\u043b\u044c\u043d\u043e \u043f\u043e\u0434\u0445\u043e\u0434\u0438\u0442 \u0434\u043b\u044f \u0441\u0443\u043f\u043e\u0432, \u0441\u043e\u0443\u0441\u043e\u0432, \u0440\u0430\u0433\u0443, \u0431\u043b\u044e\u0434 \u0438\u0437 \u0440\u0438\u0441\u0430 \u0438 \u043f\u0430\u0441\u0442\u044b, \u0430 \u0442\u0430\u043a\u0436\u0435 \u0434\u043b\u044f \u043c\u044f\u0441\u0430 \u0438 \u043e\u0432\u043e\u0449\u0435\u0439. \u0423\u0434\u043e\u0431\u043d\u044b\u0439 \u0441\u043f\u043e\u0441\u043e\u0431 \u0431\u044b\u0441\u0442\u0440\u043e \u043f\u0440\u0438\u0434\u0430\u0442\u044c \u0431\u043b\u044e\u0434\u0443 \u0437\u0430\u0432\u0435\u0440\u0448\u0451\u043d\u043d\u044b\u0439 \u0432\u043a\u0443\u0441 \u2014 \u0434\u043e\u0441\u0442\u0430\u0442\u043e\u0447\u043d\u043e \u0449\u0435\u043f\u043e\u0442\u043a\u0438, \u0447\u0442\u043e\u0431\u044b \u043f\u043e\u0434\u0447\u0435\u0440\u043a\u043d\u0443\u0442\u044c \u043b\u0443\u0447\u0448\u0438\u0435 \u0432\u043a\u0443\u0441\u044b \u0438\u043d\u0433\u0440\u0435\u0434\u0438\u0435\u043d\u0442\u043e\u0432.","og_url":"https:\/\/euro-east.fi\/tuote\/kucharek-\u043f\u0440\u0438\u043f\u0440\u0430\u0432\u0430-\u0443\u043d\u0438\u0432\u0435\u0440\u0441\u0430\u043b\u044c\u043d\u0430\u044f-\u0441-\u043e\u0432\u043e\u0449\u0430\u043c\u0438-200\u0433\/","og_site_name":"Euro-East","article_publisher":"https:\/\/www.facebook.com\/EuroEast.fi","article_modified_time":"2026-03-16T05:46:57+00:00","og_image":[{"width":250,"height":250,"url":"https:\/\/euro-east.fi\/wp-content\/uploads\/2023\/03\/Logo-1.png","type":"image\/png"}],"twitter_card":"summary_large_image","twitter_site":"@euroeastoy","schema":{"@context":"https:\/\/schema.org","@graph":[{"@type":"WebPage","@id":"https:\/\/euro-east.fi\/tuote\/kucharek-%d0%bf%d1%80%d0%b8%d0%bf%d1%80%d0%b0%d0%b2%d0%b0-%d1%83%d0%bd%d0%b8%d0%b2%d0%b5%d1%80%d1%81%d0%b0%d0%bb%d1%8c%d0%bd%d0%b0%d1%8f-%d1%81-%d0%be%d0%b2%d0%be%d1%89%d0%b0%d0%bc%d0%b8-200%d0%b3\/","url":"https:\/\/euro-east.fi\/tuote\/kucharek-%d0%bf%d1%80%d0%b8%d0%bf%d1%80%d0%b0%d0%b2%d0%b0-%d1%83%d0%bd%d0%b8%d0%b2%d0%b5%d1%80%d1%81%d0%b0%d0%bb%d1%8c%d0%bd%d0%b0%d1%8f-%d1%81-%d0%be%d0%b2%d0%be%d1%89%d0%b0%d0%bc%d0%b8-200%d0%b3\/","name":"Kucharek \u041f\u0440\u0438\u043f\u0440\u0430\u0432\u0430 \u0443\u043d\u0438\u0432\u0435\u0440\u0441\u0430\u043b\u044c\u043d\u0430\u044f \u0441 \u043e\u0432\u043e\u0449\u0430\u043c\u0438 200\u0433\u0440. - Euro-East","isPartOf":{"@id":"https:\/\/euro-east.fi\/#website"},"primaryImageOfPage":{"@id":"https:\/\/euro-east.fi\/tuote\/kucharek-%d0%bf%d1%80%d0%b8%d0%bf%d1%80%d0%b0%d0%b2%d0%b0-%d1%83%d0%bd%d0%b8%d0%b2%d0%b5%d1%80%d1%81%d0%b0%d0%bb%d1%8c%d0%bd%d0%b0%d1%8f-%d1%81-%d0%be%d0%b2%d0%be%d1%89%d0%b0%d0%bc%d0%b8-200%d0%b3\/#primaryimage"},"image":{"@id":"https:\/\/euro-east.fi\/tuote\/kucharek-%d0%bf%d1%80%d0%b8%d0%bf%d1%80%d0%b0%d0%b2%d0%b0-%d1%83%d0%bd%d0%b8%d0%b2%d0%b5%d1%80%d1%81%d0%b0%d0%bb%d1%8c%d0%bd%d0%b0%d1%8f-%d1%81-%d0%be%d0%b2%d0%be%d1%89%d0%b0%d0%bc%d0%b8-200%d0%b3\/#primaryimage"},"thumbnailUrl":"https:\/\/euro-east.fi\/wp-content\/uploads\/2026\/03\/49180200_kucharek_yleismausteseos_vihanneksilla_200g.jpg","datePublished":"2026-03-16T05:46:50+00:00","dateModified":"2026-03-16T05:46:57+00:00","breadcrumb":{"@id":"https:\/\/euro-east.fi\/tuote\/kucharek-%d0%bf%d1%80%d0%b8%d0%bf%d1%80%d0%b0%d0%b2%d0%b0-%d1%83%d0%bd%d0%b8%d0%b2%d0%b5%d1%80%d1%81%d0%b0%d0%bb%d1%8c%d0%bd%d0%b0%d1%8f-%d1%81-%d0%be%d0%b2%d0%be%d1%89%d0%b0%d0%bc%d0%b8-200%d0%b3\/#breadcrumb"},"inLanguage":"ru-RU","potentialAction":[{"@type":"ReadAction","target":["https:\/\/euro-east.fi\/tuote\/kucharek-%d0%bf%d1%80%d0%b8%d0%bf%d1%80%d0%b0%d0%b2%d0%b0-%d1%83%d0%bd%d0%b8%d0%b2%d0%b5%d1%80%d1%81%d0%b0%d0%bb%d1%8c%d0%bd%d0%b0%d1%8f-%d1%81-%d0%be%d0%b2%d0%be%d1%89%d0%b0%d0%bc%d0%b8-200%d0%b3\/"]}]},{"@type":"ImageObject","inLanguage":"ru-RU","@id":"https:\/\/euro-east.fi\/tuote\/kucharek-%d0%bf%d1%80%d0%b8%d0%bf%d1%80%d0%b0%d0%b2%d0%b0-%d1%83%d0%bd%d0%b8%d0%b2%d0%b5%d1%80%d1%81%d0%b0%d0%bb%d1%8c%d0%bd%d0%b0%d1%8f-%d1%81-%d0%be%d0%b2%d0%be%d1%89%d0%b0%d0%bc%d0%b8-200%d0%b3\/#primaryimage","url":"https:\/\/euro-east.fi\/wp-content\/uploads\/2026\/03\/49180200_kucharek_yleismausteseos_vihanneksilla_200g.jpg","contentUrl":"https:\/\/euro-east.fi\/wp-content\/uploads\/2026\/03\/49180200_kucharek_yleismausteseos_vihanneksilla_200g.jpg","width":500,"height":500,"caption":"49180200_Kucharek-yleismausteseos_vihanneksilla_200g"},{"@type":"BreadcrumbList","@id":"https:\/\/euro-east.fi\/tuote\/kucharek-%d0%bf%d1%80%d0%b8%d0%bf%d1%80%d0%b0%d0%b2%d0%b0-%d1%83%d0%bd%d0%b8%d0%b2%d0%b5%d1%80%d1%81%d0%b0%d0%bb%d1%8c%d0%bd%d0%b0%d1%8f-%d1%81-%d0%be%d0%b2%d0%be%d1%89%d0%b0%d0%bc%d0%b8-200%d0%b3\/#breadcrumb","itemListElement":[{"@type":"ListItem","position":1,"name":"Home","item":"https:\/\/euro-east.fi\/ru\/"},{"@type":"ListItem","position":2,"name":"Kauppa","item":"https:\/\/euro-east.fi\/ru\/kauppa\/"},{"@type":"ListItem","position":3,"name":"Kucharek \u041f\u0440\u0438\u043f\u0440\u0430\u0432\u0430 \u0443\u043d\u0438\u0432\u0435\u0440\u0441\u0430\u043b\u044c\u043d\u0430\u044f \u0441 \u043e\u0432\u043e\u0449\u0430\u043c\u0438 200\u0433\u0440."}]},{"@type":"WebSite","@id":"https:\/\/euro-east.fi\/#website","url":"https:\/\/euro-east.fi\/","name":"Euro-East","description":"Euro-East vie sinut makumatkalle Baltiasta Balkanille.Euro-East on it\u00e4eurooppalaisten elintarvikkeiden maahantuoja. Tarjoamme parhaita herkkuja Baltiasta Balkaniin. Meilt\u00e4 l\u00f6yd\u00e4t laadukkaita vihannes-, kala- ja lihas\u00e4ilykkeit\u00e4, kastikkeita, jyvi\u00e4, mehuja, keksej\u00e4 ja pakasteita. Tule mukaan makumatkalle ja ihastu ruokakulttuurien herkulliseen kirjoon","publisher":{"@id":"https:\/\/euro-east.fi\/#organization"},"potentialAction":[{"@type":"SearchAction","target":{"@type":"EntryPoint","urlTemplate":"https:\/\/euro-east.fi\/?s={search_term_string}"},"query-input":{"@type":"PropertyValueSpecification","valueRequired":true,"valueName":"search_term_string"}}],"inLanguage":"ru-RU"},{"@type":"Organization","@id":"https:\/\/euro-east.fi\/#organization","name":"Euro-East","url":"https:\/\/euro-east.fi\/","logo":{"@type":"ImageObject","inLanguage":"ru-RU","@id":"https:\/\/euro-east.fi\/#\/schema\/logo\/image\/","url":"https:\/\/euro-east.fi\/wp-content\/uploads\/2023\/03\/Logo-1.png","contentUrl":"https:\/\/euro-east.fi\/wp-content\/uploads\/2023\/03\/Logo-1.png","width":250,"height":250,"caption":"Euro-East"},"image":{"@id":"https:\/\/euro-east.fi\/#\/schema\/logo\/image\/"},"sameAs":["https:\/\/www.facebook.com\/EuroEast.fi","https:\/\/x.com\/euroeastoy","https:\/\/www.instagram.com\/euro.east\/","https:\/\/www.pinterest.com\/euroeast\/","https:\/\/www.youtube.com\/channel\/UCfNlzn0G_n53fATPX6Uw0yw"]}]}},"_links":{"self":[{"href":"https:\/\/euro-east.fi\/ru\/wp-json\/wp\/v2\/product\/527029","targetHints":{"allow":["GET"]}}],"collection":[{"href":"https:\/\/euro-east.fi\/ru\/wp-json\/wp\/v2\/product"}],"about":[{"href":"https:\/\/euro-east.fi\/ru\/wp-json\/wp\/v2\/types\/product"}],"wp:featuredmedia":[{"embeddable":true,"href":"https:\/\/euro-east.fi\/ru\/wp-json\/wp\/v2\/media\/527025"}],"wp:attachment":[{"href":"https:\/\/euro-east.fi\/ru\/wp-json\/wp\/v2\/media?parent=527029"}],"wp:term":[{"taxonomy":"product_brand","embeddable":true,"href":"https:\/\/euro-east.fi\/ru\/wp-json\/wp\/v2\/product_brand?post=527029"},{"taxonomy":"product_cat","embeddable":true,"href":"https:\/\/euro-east.fi\/ru\/wp-json\/wp\/v2\/product_cat?post=527029"},{"taxonomy":"product_tag","embeddable":true,"href":"https:\/\/euro-east.fi\/ru\/wp-json\/wp\/v2\/product_tag?post=527029"}],"curies":[{"name":"wp","href":"https:\/\/api.w.org\/{rel}","templated":true}]}}