{"id":4601,"date":"2012-11-29T18:50:57","date_gmt":"2012-11-29T16:50:57","guid":{"rendered":"https:\/\/euro-east.fi\/?page_id=4601"},"modified":"2023-12-07T09:55:44","modified_gmt":"2023-12-07T07:55:44","slug":"produkter","status":"publish","type":"page","link":"https:\/\/euro-east.fi\/sv\/produkter\/","title":{"rendered":"Produkter"},"content":{"rendered":"<h1>V\u00e4rldens smaker<\/h1>\n<p>V\u00e5rt omfattande produktsortiment ger dig m\u00f6jlighet att njuta av \u00f6steuropeiska och ryska delikatesser. V\u00e5rt utbud \u00e4r noggrant utvalt och inneh\u00e5ller s\u00e5v\u00e4l gr\u00f6nsaks-, fisk- som k\u00f6ttkonserver, rom, s\u00e5ser, korn och frysvaror. Du kan ocks\u00e5 uppt\u00e4cka v\u00e5ra produkter i v\u00e5r <a href=\"https:\/\/euro-east.fi\/wp-content\/uploads\/2015\/11\/EE_tuoteluettelo_2016.pdf\" target=\"_blank\" rel=\"noopener\">produktkatalog<\/a>.<\/p>\n","protected":false},"excerpt":{"rendered":"<p>V\u00e4rldens smaker V\u00e5rt omfattande produktsortiment ger dig m\u00f6jlighet att njuta av \u00f6steuropeiska och ryska delikatesser. V\u00e5rt utbud \u00e4r noggrant utvalt och inneh\u00e5ller s\u00e5v\u00e4l gr\u00f6nsaks-, fisk- som k\u00f6ttkonserver, rom, s\u00e5ser, korn och frysvaror. Du kan ocks\u00e5 uppt\u00e4cka v\u00e5ra produkter i v\u00e5r produktkatalog.<\/p>\n","protected":false},"author":3,"featured_media":0,"parent":0,"menu_order":7,"comment_status":"open","ping_status":"open","template":"template-tuotteet.php","meta":{"_acf_changed":false,"content-type":"","_improvement_type_select":"improve_an_existing","_thumb_yes_seoaic":false,"_frame_yes_seoaic":false,"seoaic_generate_description":"","seoaic_improve_instructions_prompt":"","seoaic_rollback_content_improvement":"","seoaic_idea_thumbnail_generator":"","thumbnail_generated":false,"thumbnail_generate_prompt":"","seoaic_article_description":"","footnotes":""},"class_list":["post-4601","page","type-page","status-publish","hentry"],"acf":[],"yoast_head":"<!-- This site is optimized with the Yoast SEO plugin v27.1.1 - https:\/\/yoast.com\/product\/yoast-seo-wordpress\/ -->\n<title>Produkter - Euro-East<\/title>\n<meta name=\"robots\" content=\"index, follow, max-snippet:-1, max-image-preview:large, max-video-preview:-1\" \/>\n<link rel=\"canonical\" href=\"https:\/\/euro-east.fi\/sv\/produkter\/\" \/>\n<meta property=\"og:locale\" content=\"sv_SE\" \/>\n<meta property=\"og:type\" content=\"article\" \/>\n<meta property=\"og:title\" content=\"Produkter - Euro-East\" \/>\n<meta property=\"og:description\" content=\"V\u00e4rldens smaker V\u00e5rt omfattande produktsortiment ger dig m\u00f6jlighet att njuta av \u00f6steuropeiska och ryska delikatesser. V\u00e5rt utbud \u00e4r noggrant utvalt och inneh\u00e5ller s\u00e5v\u00e4l gr\u00f6nsaks-, fisk- som k\u00f6ttkonserver, rom, s\u00e5ser, korn och frysvaror. Du kan ocks\u00e5 uppt\u00e4cka v\u00e5ra produkter i v\u00e5r produktkatalog.\" \/>\n<meta property=\"og:url\" content=\"https:\/\/euro-east.fi\/sv\/produkter\/\" \/>\n<meta property=\"og:site_name\" content=\"Euro-East\" \/>\n<meta property=\"article:publisher\" content=\"https:\/\/www.facebook.com\/EuroEast.fi\" \/>\n<meta property=\"article:modified_time\" content=\"2023-12-07T07:55:44+00:00\" \/>\n<meta property=\"og:image\" content=\"https:\/\/euro-east.fi\/wp-content\/uploads\/2023\/03\/Logo-1.png\" \/>\n\t<meta property=\"og:image:width\" content=\"250\" \/>\n\t<meta property=\"og:image:height\" content=\"250\" \/>\n\t<meta property=\"og:image:type\" content=\"image\/png\" \/>\n<meta name=\"twitter:card\" content=\"summary_large_image\" \/>\n<meta name=\"twitter:site\" content=\"@euroeastoy\" \/>\n<meta name=\"twitter:label1\" content=\"Ber\u00e4knad l\u00e4stid\" \/>\n\t<meta name=\"twitter:data1\" content=\"1 minute\" \/>\n<script type=\"application\/ld+json\" class=\"yoast-schema-graph\">{\"@context\":\"https:\/\/schema.org\",\"@graph\":[{\"@type\":\"WebPage\",\"@id\":\"https:\/\/euro-east.fi\/sv\/produkter\/\",\"url\":\"https:\/\/euro-east.fi\/sv\/produkter\/\",\"name\":\"Produkter - Euro-East\",\"isPartOf\":{\"@id\":\"https:\/\/euro-east.fi\/#website\"},\"datePublished\":\"2012-11-29T16:50:57+00:00\",\"dateModified\":\"2023-12-07T07:55:44+00:00\",\"breadcrumb\":{\"@id\":\"https:\/\/euro-east.fi\/sv\/produkter\/#breadcrumb\"},\"inLanguage\":\"sv-SE\",\"potentialAction\":[{\"@type\":\"ReadAction\",\"target\":[\"https:\/\/euro-east.fi\/sv\/produkter\/\"]}]},{\"@type\":\"BreadcrumbList\",\"@id\":\"https:\/\/euro-east.fi\/sv\/produkter\/#breadcrumb\",\"itemListElement\":[{\"@type\":\"ListItem\",\"position\":1,\"name\":\"Home\",\"item\":\"https:\/\/euro-east.fi\/sv\/\"},{\"@type\":\"ListItem\",\"position\":2,\"name\":\"Produkter\"}]},{\"@type\":\"WebSite\",\"@id\":\"https:\/\/euro-east.fi\/#website\",\"url\":\"https:\/\/euro-east.fi\/\",\"name\":\"Euro-East\",\"description\":\"Euro-East vie sinut makumatkalle Baltiasta Balkanille.Euro-East on it\u00e4eurooppalaisten elintarvikkeiden maahantuoja. Tarjoamme parhaita herkkuja Baltiasta Balkaniin. Meilt\u00e4 l\u00f6yd\u00e4t laadukkaita vihannes-, kala- ja lihas\u00e4ilykkeit\u00e4, kastikkeita, jyvi\u00e4, mehuja, keksej\u00e4 ja pakasteita. Tule mukaan makumatkalle ja ihastu ruokakulttuurien herkulliseen kirjoon\",\"publisher\":{\"@id\":\"https:\/\/euro-east.fi\/#organization\"},\"potentialAction\":[{\"@type\":\"SearchAction\",\"target\":{\"@type\":\"EntryPoint\",\"urlTemplate\":\"https:\/\/euro-east.fi\/?s={search_term_string}\"},\"query-input\":{\"@type\":\"PropertyValueSpecification\",\"valueRequired\":true,\"valueName\":\"search_term_string\"}}],\"inLanguage\":\"sv-SE\"},{\"@type\":\"Organization\",\"@id\":\"https:\/\/euro-east.fi\/#organization\",\"name\":\"Euro-East\",\"url\":\"https:\/\/euro-east.fi\/\",\"logo\":{\"@type\":\"ImageObject\",\"inLanguage\":\"sv-SE\",\"@id\":\"https:\/\/euro-east.fi\/#\/schema\/logo\/image\/\",\"url\":\"https:\/\/euro-east.fi\/wp-content\/uploads\/2023\/03\/Logo-1.png\",\"contentUrl\":\"https:\/\/euro-east.fi\/wp-content\/uploads\/2023\/03\/Logo-1.png\",\"width\":250,\"height\":250,\"caption\":\"Euro-East\"},\"image\":{\"@id\":\"https:\/\/euro-east.fi\/#\/schema\/logo\/image\/\"},\"sameAs\":[\"https:\/\/www.facebook.com\/EuroEast.fi\",\"https:\/\/x.com\/euroeastoy\",\"https:\/\/www.instagram.com\/euro.east\/\",\"https:\/\/www.pinterest.com\/euroeast\/\",\"https:\/\/www.youtube.com\/channel\/UCfNlzn0G_n53fATPX6Uw0yw\"]}]}<\/script>\n<!-- \/ Yoast SEO plugin. -->","yoast_head_json":{"title":"Produkter - Euro-East","robots":{"index":"index","follow":"follow","max-snippet":"max-snippet:-1","max-image-preview":"max-image-preview:large","max-video-preview":"max-video-preview:-1"},"canonical":"https:\/\/euro-east.fi\/sv\/produkter\/","og_locale":"sv_SE","og_type":"article","og_title":"Produkter - Euro-East","og_description":"V\u00e4rldens smaker V\u00e5rt omfattande produktsortiment ger dig m\u00f6jlighet att njuta av \u00f6steuropeiska och ryska delikatesser. V\u00e5rt utbud \u00e4r noggrant utvalt och inneh\u00e5ller s\u00e5v\u00e4l gr\u00f6nsaks-, fisk- som k\u00f6ttkonserver, rom, s\u00e5ser, korn och frysvaror. Du kan ocks\u00e5 uppt\u00e4cka v\u00e5ra produkter i v\u00e5r produktkatalog.","og_url":"https:\/\/euro-east.fi\/sv\/produkter\/","og_site_name":"Euro-East","article_publisher":"https:\/\/www.facebook.com\/EuroEast.fi","article_modified_time":"2023-12-07T07:55:44+00:00","og_image":[{"width":250,"height":250,"url":"https:\/\/euro-east.fi\/wp-content\/uploads\/2023\/03\/Logo-1.png","type":"image\/png"}],"twitter_card":"summary_large_image","twitter_site":"@euroeastoy","twitter_misc":{"Ber\u00e4knad l\u00e4stid":"1 minute"},"schema":{"@context":"https:\/\/schema.org","@graph":[{"@type":"WebPage","@id":"https:\/\/euro-east.fi\/sv\/produkter\/","url":"https:\/\/euro-east.fi\/sv\/produkter\/","name":"Produkter - Euro-East","isPartOf":{"@id":"https:\/\/euro-east.fi\/#website"},"datePublished":"2012-11-29T16:50:57+00:00","dateModified":"2023-12-07T07:55:44+00:00","breadcrumb":{"@id":"https:\/\/euro-east.fi\/sv\/produkter\/#breadcrumb"},"inLanguage":"sv-SE","potentialAction":[{"@type":"ReadAction","target":["https:\/\/euro-east.fi\/sv\/produkter\/"]}]},{"@type":"BreadcrumbList","@id":"https:\/\/euro-east.fi\/sv\/produkter\/#breadcrumb","itemListElement":[{"@type":"ListItem","position":1,"name":"Home","item":"https:\/\/euro-east.fi\/sv\/"},{"@type":"ListItem","position":2,"name":"Produkter"}]},{"@type":"WebSite","@id":"https:\/\/euro-east.fi\/#website","url":"https:\/\/euro-east.fi\/","name":"Euro-East","description":"Euro-East vie sinut makumatkalle Baltiasta Balkanille.Euro-East on it\u00e4eurooppalaisten elintarvikkeiden maahantuoja. Tarjoamme parhaita herkkuja Baltiasta Balkaniin. Meilt\u00e4 l\u00f6yd\u00e4t laadukkaita vihannes-, kala- ja lihas\u00e4ilykkeit\u00e4, kastikkeita, jyvi\u00e4, mehuja, keksej\u00e4 ja pakasteita. Tule mukaan makumatkalle ja ihastu ruokakulttuurien herkulliseen kirjoon","publisher":{"@id":"https:\/\/euro-east.fi\/#organization"},"potentialAction":[{"@type":"SearchAction","target":{"@type":"EntryPoint","urlTemplate":"https:\/\/euro-east.fi\/?s={search_term_string}"},"query-input":{"@type":"PropertyValueSpecification","valueRequired":true,"valueName":"search_term_string"}}],"inLanguage":"sv-SE"},{"@type":"Organization","@id":"https:\/\/euro-east.fi\/#organization","name":"Euro-East","url":"https:\/\/euro-east.fi\/","logo":{"@type":"ImageObject","inLanguage":"sv-SE","@id":"https:\/\/euro-east.fi\/#\/schema\/logo\/image\/","url":"https:\/\/euro-east.fi\/wp-content\/uploads\/2023\/03\/Logo-1.png","contentUrl":"https:\/\/euro-east.fi\/wp-content\/uploads\/2023\/03\/Logo-1.png","width":250,"height":250,"caption":"Euro-East"},"image":{"@id":"https:\/\/euro-east.fi\/#\/schema\/logo\/image\/"},"sameAs":["https:\/\/www.facebook.com\/EuroEast.fi","https:\/\/x.com\/euroeastoy","https:\/\/www.instagram.com\/euro.east\/","https:\/\/www.pinterest.com\/euroeast\/","https:\/\/www.youtube.com\/channel\/UCfNlzn0G_n53fATPX6Uw0yw"]}]}},"_links":{"self":[{"href":"https:\/\/euro-east.fi\/sv\/wp-json\/wp\/v2\/pages\/4601","targetHints":{"allow":["GET"]}}],"collection":[{"href":"https:\/\/euro-east.fi\/sv\/wp-json\/wp\/v2\/pages"}],"about":[{"href":"https:\/\/euro-east.fi\/sv\/wp-json\/wp\/v2\/types\/page"}],"author":[{"embeddable":true,"href":"https:\/\/euro-east.fi\/sv\/wp-json\/wp\/v2\/users\/3"}],"replies":[{"embeddable":true,"href":"https:\/\/euro-east.fi\/sv\/wp-json\/wp\/v2\/comments?post=4601"}],"version-history":[{"count":0,"href":"https:\/\/euro-east.fi\/sv\/wp-json\/wp\/v2\/pages\/4601\/revisions"}],"wp:attachment":[{"href":"https:\/\/euro-east.fi\/sv\/wp-json\/wp\/v2\/media?parent=4601"}],"curies":[{"name":"wp","href":"https:\/\/api.w.org\/{rel}","templated":true}]}}