{"id":4622,"date":"2015-11-03T16:27:40","date_gmt":"2015-11-03T14:27:40","guid":{"rendered":"https:\/\/euro-east.fi\/?page_id=4622"},"modified":"2026-02-20T16:35:51","modified_gmt":"2026-02-20T14:35:51","slug":"euro-east-oy","status":"publish","type":"page","link":"https:\/\/euro-east.fi\/sv\/kontakt\/euro-east-oy\/","title":{"rendered":"Euro-East Oy"},"content":{"rendered":"<h1>Euro-East Oy<\/h1>\n<p>Euro-East Oy \u00e4r ett st\u00e4ndigt v\u00e4xande finskt importf\u00f6retag som tar dig till k\u00f6ket i Ryssland och \u00d6steuropa. V\u00e5rt uppdrag \u00e4r att g\u00f6ra den traditionella matkulturen k\u00e4nd och erbjuda m\u00f6jlighet att uppt\u00e4cka olika smaker fr\u00e5n hela v\u00e4rlden. I f\u00f6rs\u00e4ljningen och marknadsf\u00f6ringen av ryska och \u00f6steuropeiska k\u00f6ket \u00e4r vi marknadsledande: v\u00e5ra produkter \u00e4r redan tillg\u00e4ngliga i alla v\u00e4lsk\u00f6tta livsmedelsbutiker runt om i Finland.<\/p>\n<p>V\u00e5r verksamhet startade 1996. Under \u00e5ren har v\u00e5r verksamhet inkluderat mat export, import och batch handel. Under 2002 b\u00f6rjade vi s\u00e4lja och marknadsf\u00f6ra Den ryska k\u00f6ksproduktfamiljen i Finland. Under 2014 utvidgade vi v\u00e5rt sortiment med \u00f6steuropeiska och asiatiska produkter. Vi utvecklar st\u00e4ndigt v\u00e5rt sortiment s\u00e5 att vi kan erbjuda v\u00e5ra kunder god, <strong>h\u00e4lsosam och h\u00f6gkvalitativ mat f\u00f6r b\u00e5de vardagliga och festliga tillf\u00e4llen<\/strong>.<\/p>\n<p>Fr\u00e5n ett brett utbud av n\u00e4stan 100 produkter hittar du smakupplevelser f\u00f6r alla \u00e4lskare av god mat. Det \u00e4r s\u00e4rskilt viktigt f\u00f6r oss att ha god kvalitet och \u00e4kta smak. Alla v\u00e5ra produkter \u00e4r gjorda enligt traditionella recept och vi vill erbjuda produkter som smakar som de som g\u00f6rs hemma.<\/p>\n<h2>Ansvar<\/h2>\n<h4>F\u00f6retag<\/h4>\n<p>Som livsmedelsf\u00f6retagare \u00e4r ansvaret en viktig del av v\u00e5r dagliga verksamhet. Vi f\u00f6ljer juridiska normer i n\u00e4ringslivet. Euro-East utvecklar aff\u00e4rer p\u00e5 den niv\u00e5 som kr\u00e4vs av livsmedelsindustrin f\u00f6r att s\u00e4kerst\u00e4lla produktkvalitet, etisk produktion, s\u00e4kerhet och l\u00e4gre milj\u00f6kostnader.<\/p>\n<p>F\u00f6retagen \u00e4r lika med personal och partners. Vi vid Euro-East accepterar inte diskriminering eller korruption p\u00e5 n\u00e5got s\u00e4tt. Vi finner ocks\u00e5 det viktigt att st\u00f6dja samh\u00e4llet. Vi str\u00e4var efter att minimera matavfall med v\u00e4ldimensionerade order och samarbeta med organisationer f\u00f6r att hj\u00e4lpa dem som \u00e4r i behov.<\/p>\n<h4>Personal<\/h4>\n<p>F\u00f6retags personal engagerade i sina uppgifter och allt arbete f\u00f6r att fr\u00e4mja en s\u00e4ker och ansvarsfull livsmedelsindustri.<\/p>\n<p>I sitt arbete har en person r\u00e4tt till r\u00e4ttvis behandling och lika m\u00f6jligheter. I arbetsgemenskapen skapas m\u00f6jligheten att utveckla kompetens och kompetens. Vi \u00e4r engagerade i att arbeta f\u00f6r h\u00e4lsa och s\u00e4kerhet. Arbetsh\u00e4lsov\u00e5rden \u00e4r centraliserad och det \u00f6vergripande v\u00e4lbefinnandet p\u00e5 jobbet \u00e4r en viktig faktor f\u00f6r ett f\u00f6retags framg\u00e5ng.<\/p>\n<h4>Produkt<\/h4>\n<p>Som import\u00f6r \u00e4r det viktigt f\u00f6r oss att de produkter vi erbjuder \u00e4r av h\u00f6g kvalitet, ansvarsfullt producerad och s\u00e4kra. Produkts\u00e4kerhet f\u00f6r alla produkter och precisionen av produktinformation \u00e4r v\u00e5ra viktigaste problem. V\u00e5ra produkter levereras endast till oss av certifierade leverant\u00f6rer, s\u00e5 vi kan vara s\u00e4kra p\u00e5 att produkterna \u00f6verensst\u00e4mmer med internationella certifikat. Produkter genomg\u00e5r regelbundet laboratorietester f\u00f6r att best\u00e4mma produktgr\u00e4nser och obligatorisk m\u00e4rkning. Det \u00e4r ocks\u00e5 viktigt att Euro-East k\u00e4nner till varornas ursprung och tillverkningsland och att vara medveten om f\u00f6rs\u00f6rjningskedjans ansvar.<\/p>\n<p>Vi har varit medlem i Amfori BSCI sedan 2015. Med BSCI-modellen \u00f6vervakar och f\u00f6rb\u00e4ttra leverant\u00f6rernas arbetsvillkor i riskl\u00e4nder. Leverant\u00f6rer granskas f\u00f6r att kontrollera niv\u00e5n p\u00e5 milj\u00f6prestanda och produktion och kvalitet. I Finland finns cirka 30 medlemmar av amfori och de st\u00f6rsta handelsbolagen i handeln, inklusive SOK, Kesko, Lidl, Stockmann och Tokmanni. V\u00e5rt gemensamma m\u00e5l \u00e4r att ge konsumenten ansvariga och etiskt producerade produkter.<\/p>\n<p>V\u00e5rt sortiment omfattar MSC-certifierade fiskprodukter, s\u00e5 vi vill ge konsumenterna produkter som \u00e4r certifierade enligt h\u00e5llbart fiske och f\u00f6r v\u00e5r del att skydda fiskbest\u00e5nden och havets v\u00e4lbefinnande. I framtiden vill vi att alla fiskprodukter ska vara MSC-certifierade. Eftersom v\u00e5rt sortimentsutbud utvecklas s\u00f6ker vi st\u00e4ndigt efter nya ekologiska produkter i v\u00e5rt sortiment s\u00e5 att vi kan betj\u00e4na konsumenterna i st\u00f6rre utstr\u00e4ckning.<\/p>\n<p>Vi vill vara n\u00e4ra konsumenterna. Vi kommunicerar aktivt med konsumenterna genom v\u00e5r kundservice och sociala medier. Vi f\u00e5r viktig feedback fr\u00e5n konsumentf\u00e4ltet och d\u00e4rf\u00f6r kan vi g\u00f6ra produktutveckling tillsammans med konsumenterna. Aktiv kommunikation understryker tj\u00e4nstens aktiva och transparenta roll.<\/p>\n<h4>Kunder \/ Partners<\/h4>\n<p>Vi levererar v\u00e5ra produkter till Finlands st\u00f6rsta handelscentrum. Dessutom serverar vi grossister, restauranger och cateringkunder.<\/p>\n<p>Det strategiska m\u00e5let f\u00f6r v\u00e5rt f\u00f6retag \u00e4r att uppn\u00e5 och beh\u00e5lla positionen hos en p\u00e5litlig och betydande leverant\u00f6r av varor. L\u00e5ng erfarenhet inom grossist och \u00e5terf\u00f6rs\u00e4ljning s\u00e4kerst\u00e4ller att operat\u00f6rerna har en kunnig och p\u00e5litlig partner. Vi agerar snabbt och flexibelt mot v\u00e5ra kunder och partners. Varje partner behandlas professionellt, objektivt och r\u00e4ttvist, utan personligt intresse. Vi arbetar med f\u00f6retag som f\u00f6rv\u00e4ntar sig att f\u00f6lja samma policyer och regler i sin verksamhet.<\/p>\n<p>Vi fokuserar p\u00e5 kundorienterat t\u00e4nkande och h\u00e5llbara kundrelationer. Det \u00e4r viktigt f\u00f6r oss att tillgodose v\u00e5ra kunders behov, s\u00e5 vi lyssnar noggrant p\u00e5 \u00e5terkopplingen fr\u00e5n f\u00e4ltet, d\u00e4r produktutvecklingen \u00e4r kontinuerlig och frisk. I v\u00e5r kommunikation str\u00e4var vi efter att vara konsekventa och noggranna f\u00f6r att ge medlemmarna till alla v\u00e5ra intressenter en riktig bild av Euro-East verksamhet.<\/p>\n<h4>Milj\u00f6<\/h4>\n<p>Euro-East \u00e4r ansvarig f\u00f6r milj\u00f6v\u00e5rden. Allt avfall som produceras av f\u00f6retaget \u00e5tervinns och sorteras. I livsmedelsindustrin orsakar transport av produkter kostnader, s\u00e5 vi utformar v\u00e5r import p\u00e5 ett kostnadseffektivt s\u00e4tt, vilket minskar milj\u00f6p\u00e5verkan &#8211; genom att minska energif\u00f6rbrukningen och utsl\u00e4ppen fr\u00e5n verksamheten.<\/p>\n<p>I produktutveckling str\u00e4var vi efter att minska anv\u00e4ndningen av extra plast, och i produktf\u00f6rpackningar f\u00f6redrar vi glas och andra \u00e5tervinningsbara material.<\/p>\n<p>Vi p\u00e5 Euro-East vill utveckla l\u00e5ngsiktiga kundrelationer, s\u00e5 <a href=\"https:\/\/euro-east.fi\/sv\/kontakt\/\">ring eller l\u00e4mna ett meddelande<\/a>.<br \/>\nVi betj\u00e4nar dig!<\/p>\n<p>&nbsp;<\/p>\n<p><a href=\"http:\/\/Koldioxidavtrycksrapport\">Koldioxidavtrycksrapport 2023<\/a><\/p>\n","protected":false},"excerpt":{"rendered":"<p>Euro-East Oy Euro-East Oy \u00e4r ett st\u00e4ndigt v\u00e4xande finskt importf\u00f6retag som tar dig till k\u00f6ket i Ryssland och \u00d6steuropa. V\u00e5rt uppdrag \u00e4r att g\u00f6ra den traditionella matkulturen k\u00e4nd och erbjuda m\u00f6jlighet att uppt\u00e4cka olika smaker fr\u00e5n hela v\u00e4rlden. I f\u00f6rs\u00e4ljningen och marknadsf\u00f6ringen av ryska och \u00f6steuropeiska k\u00f6ket \u00e4r vi marknadsledande: v\u00e5ra produkter \u00e4r redan tillg\u00e4ngliga [&hellip;]<\/p>\n","protected":false},"author":3,"featured_media":0,"parent":4629,"menu_order":9,"comment_status":"open","ping_status":"open","template":"","meta":{"_acf_changed":false,"content-type":"","_improvement_type_select":"improve_an_existing","_thumb_yes_seoaic":false,"_frame_yes_seoaic":false,"seoaic_generate_description":"","seoaic_improve_instructions_prompt":"","seoaic_rollback_content_improvement":"","seoaic_idea_thumbnail_generator":"","thumbnail_generated":false,"thumbnail_generate_prompt":"","seoaic_article_description":"","footnotes":""},"class_list":["post-4622","page","type-page","status-publish","hentry"],"acf":[],"yoast_head":"<!-- This site is optimized with the Yoast SEO plugin v27.1.1 - https:\/\/yoast.com\/product\/yoast-seo-wordpress\/ -->\n<title>Euro-East Oy - Euro-East<\/title>\n<meta name=\"description\" content=\"Euro-East Oy \u00e4r ett st\u00e4ndigt v\u00e4xande finskt importf\u00f6retag som tar dig till k\u00f6ket i Ryssland och \u00d6steuropa. V\u00e5rt uppdrag \u00e4r att g\u00f6ra den traditionella matkulturen k\u00e4nd och erbjuda m\u00f6jlighet att uppt\u00e4cka olika smaker fr\u00e5n hela v\u00e4rlden. I f\u00f6rs\u00e4ljningen och marknadsf\u00f6ringen av ryska och \u00f6steuropeiska k\u00f6ket \u00e4r vi marknadsledande: v\u00e5ra produkter \u00e4r redan tillg\u00e4ngliga i alla v\u00e4lsk\u00f6tta livsmedelsbutiker runt om i Finland.\" \/>\n<meta name=\"robots\" content=\"index, follow, max-snippet:-1, max-image-preview:large, max-video-preview:-1\" \/>\n<link rel=\"canonical\" href=\"https:\/\/euro-east.fi\/sv\/kontakt\/euro-east-oy\/\" \/>\n<meta property=\"og:locale\" content=\"sv_SE\" \/>\n<meta property=\"og:type\" content=\"article\" \/>\n<meta property=\"og:title\" content=\"Euro-East Oy - Euro-East\" \/>\n<meta property=\"og:description\" content=\"Euro-East Oy \u00e4r ett st\u00e4ndigt v\u00e4xande finskt importf\u00f6retag som tar dig till k\u00f6ket i Ryssland och \u00d6steuropa. V\u00e5rt uppdrag \u00e4r att g\u00f6ra den traditionella matkulturen k\u00e4nd och erbjuda m\u00f6jlighet att uppt\u00e4cka olika smaker fr\u00e5n hela v\u00e4rlden. I f\u00f6rs\u00e4ljningen och marknadsf\u00f6ringen av ryska och \u00f6steuropeiska k\u00f6ket \u00e4r vi marknadsledande: v\u00e5ra produkter \u00e4r redan tillg\u00e4ngliga i alla v\u00e4lsk\u00f6tta livsmedelsbutiker runt om i Finland.\" \/>\n<meta property=\"og:url\" content=\"https:\/\/euro-east.fi\/sv\/kontakt\/euro-east-oy\/\" \/>\n<meta property=\"og:site_name\" content=\"Euro-East\" \/>\n<meta property=\"article:publisher\" content=\"https:\/\/www.facebook.com\/EuroEast.fi\" \/>\n<meta property=\"article:modified_time\" content=\"2026-02-20T14:35:51+00:00\" \/>\n<meta property=\"og:image\" content=\"https:\/\/euro-east.fi\/wp-content\/uploads\/2023\/03\/Logo-1.png\" \/>\n\t<meta property=\"og:image:width\" content=\"250\" \/>\n\t<meta property=\"og:image:height\" content=\"250\" \/>\n\t<meta property=\"og:image:type\" content=\"image\/png\" \/>\n<meta name=\"twitter:card\" content=\"summary_large_image\" \/>\n<meta name=\"twitter:site\" content=\"@euroeastoy\" \/>\n<meta name=\"twitter:label1\" content=\"Ber\u00e4knad l\u00e4stid\" \/>\n\t<meta name=\"twitter:data1\" content=\"5 minutes\" \/>\n<script type=\"application\/ld+json\" class=\"yoast-schema-graph\">{\"@context\":\"https:\/\/schema.org\",\"@graph\":[{\"@type\":\"WebPage\",\"@id\":\"https:\/\/euro-east.fi\/sv\/kontakt\/euro-east-oy\/\",\"url\":\"https:\/\/euro-east.fi\/sv\/kontakt\/euro-east-oy\/\",\"name\":\"Euro-East Oy - Euro-East\",\"isPartOf\":{\"@id\":\"https:\/\/euro-east.fi\/#website\"},\"datePublished\":\"2015-11-03T14:27:40+00:00\",\"dateModified\":\"2026-02-20T14:35:51+00:00\",\"description\":\"Euro-East Oy \u00e4r ett st\u00e4ndigt v\u00e4xande finskt importf\u00f6retag som tar dig till k\u00f6ket i Ryssland och \u00d6steuropa. V\u00e5rt uppdrag \u00e4r att g\u00f6ra den traditionella matkulturen k\u00e4nd och erbjuda m\u00f6jlighet att uppt\u00e4cka olika smaker fr\u00e5n hela v\u00e4rlden. I f\u00f6rs\u00e4ljningen och marknadsf\u00f6ringen av ryska och \u00f6steuropeiska k\u00f6ket \u00e4r vi marknadsledande: v\u00e5ra produkter \u00e4r redan tillg\u00e4ngliga i alla v\u00e4lsk\u00f6tta livsmedelsbutiker runt om i Finland.\",\"breadcrumb\":{\"@id\":\"https:\/\/euro-east.fi\/sv\/kontakt\/euro-east-oy\/#breadcrumb\"},\"inLanguage\":\"sv-SE\",\"potentialAction\":[{\"@type\":\"ReadAction\",\"target\":[\"https:\/\/euro-east.fi\/sv\/kontakt\/euro-east-oy\/\"]}]},{\"@type\":\"BreadcrumbList\",\"@id\":\"https:\/\/euro-east.fi\/sv\/kontakt\/euro-east-oy\/#breadcrumb\",\"itemListElement\":[{\"@type\":\"ListItem\",\"position\":1,\"name\":\"Home\",\"item\":\"https:\/\/euro-east.fi\/sv\/\"},{\"@type\":\"ListItem\",\"position\":2,\"name\":\"Kontakt\",\"item\":\"https:\/\/euro-east.fi\/sv\/kontakt\/\"},{\"@type\":\"ListItem\",\"position\":3,\"name\":\"Euro-East Oy\"}]},{\"@type\":\"WebSite\",\"@id\":\"https:\/\/euro-east.fi\/#website\",\"url\":\"https:\/\/euro-east.fi\/\",\"name\":\"Euro-East\",\"description\":\"Euro-East vie sinut makumatkalle Baltiasta Balkanille.Euro-East on it\u00e4eurooppalaisten elintarvikkeiden maahantuoja. Tarjoamme parhaita herkkuja Baltiasta Balkaniin. Meilt\u00e4 l\u00f6yd\u00e4t laadukkaita vihannes-, kala- ja lihas\u00e4ilykkeit\u00e4, kastikkeita, jyvi\u00e4, mehuja, keksej\u00e4 ja pakasteita. Tule mukaan makumatkalle ja ihastu ruokakulttuurien herkulliseen kirjoon\",\"publisher\":{\"@id\":\"https:\/\/euro-east.fi\/#organization\"},\"potentialAction\":[{\"@type\":\"SearchAction\",\"target\":{\"@type\":\"EntryPoint\",\"urlTemplate\":\"https:\/\/euro-east.fi\/?s={search_term_string}\"},\"query-input\":{\"@type\":\"PropertyValueSpecification\",\"valueRequired\":true,\"valueName\":\"search_term_string\"}}],\"inLanguage\":\"sv-SE\"},{\"@type\":\"Organization\",\"@id\":\"https:\/\/euro-east.fi\/#organization\",\"name\":\"Euro-East\",\"url\":\"https:\/\/euro-east.fi\/\",\"logo\":{\"@type\":\"ImageObject\",\"inLanguage\":\"sv-SE\",\"@id\":\"https:\/\/euro-east.fi\/#\/schema\/logo\/image\/\",\"url\":\"https:\/\/euro-east.fi\/wp-content\/uploads\/2023\/03\/Logo-1.png\",\"contentUrl\":\"https:\/\/euro-east.fi\/wp-content\/uploads\/2023\/03\/Logo-1.png\",\"width\":250,\"height\":250,\"caption\":\"Euro-East\"},\"image\":{\"@id\":\"https:\/\/euro-east.fi\/#\/schema\/logo\/image\/\"},\"sameAs\":[\"https:\/\/www.facebook.com\/EuroEast.fi\",\"https:\/\/x.com\/euroeastoy\",\"https:\/\/www.instagram.com\/euro.east\/\",\"https:\/\/www.pinterest.com\/euroeast\/\",\"https:\/\/www.youtube.com\/channel\/UCfNlzn0G_n53fATPX6Uw0yw\"]}]}<\/script>\n<!-- \/ Yoast SEO plugin. -->","yoast_head_json":{"title":"Euro-East Oy - Euro-East","description":"Euro-East Oy \u00e4r ett st\u00e4ndigt v\u00e4xande finskt importf\u00f6retag som tar dig till k\u00f6ket i Ryssland och \u00d6steuropa. V\u00e5rt uppdrag \u00e4r att g\u00f6ra den traditionella matkulturen k\u00e4nd och erbjuda m\u00f6jlighet att uppt\u00e4cka olika smaker fr\u00e5n hela v\u00e4rlden. I f\u00f6rs\u00e4ljningen och marknadsf\u00f6ringen av ryska och \u00f6steuropeiska k\u00f6ket \u00e4r vi marknadsledande: v\u00e5ra produkter \u00e4r redan tillg\u00e4ngliga i alla v\u00e4lsk\u00f6tta livsmedelsbutiker runt om i Finland.","robots":{"index":"index","follow":"follow","max-snippet":"max-snippet:-1","max-image-preview":"max-image-preview:large","max-video-preview":"max-video-preview:-1"},"canonical":"https:\/\/euro-east.fi\/sv\/kontakt\/euro-east-oy\/","og_locale":"sv_SE","og_type":"article","og_title":"Euro-East Oy - Euro-East","og_description":"Euro-East Oy \u00e4r ett st\u00e4ndigt v\u00e4xande finskt importf\u00f6retag som tar dig till k\u00f6ket i Ryssland och \u00d6steuropa. V\u00e5rt uppdrag \u00e4r att g\u00f6ra den traditionella matkulturen k\u00e4nd och erbjuda m\u00f6jlighet att uppt\u00e4cka olika smaker fr\u00e5n hela v\u00e4rlden. I f\u00f6rs\u00e4ljningen och marknadsf\u00f6ringen av ryska och \u00f6steuropeiska k\u00f6ket \u00e4r vi marknadsledande: v\u00e5ra produkter \u00e4r redan tillg\u00e4ngliga i alla v\u00e4lsk\u00f6tta livsmedelsbutiker runt om i Finland.","og_url":"https:\/\/euro-east.fi\/sv\/kontakt\/euro-east-oy\/","og_site_name":"Euro-East","article_publisher":"https:\/\/www.facebook.com\/EuroEast.fi","article_modified_time":"2026-02-20T14:35:51+00:00","og_image":[{"width":250,"height":250,"url":"https:\/\/euro-east.fi\/wp-content\/uploads\/2023\/03\/Logo-1.png","type":"image\/png"}],"twitter_card":"summary_large_image","twitter_site":"@euroeastoy","twitter_misc":{"Ber\u00e4knad l\u00e4stid":"5 minutes"},"schema":{"@context":"https:\/\/schema.org","@graph":[{"@type":"WebPage","@id":"https:\/\/euro-east.fi\/sv\/kontakt\/euro-east-oy\/","url":"https:\/\/euro-east.fi\/sv\/kontakt\/euro-east-oy\/","name":"Euro-East Oy - Euro-East","isPartOf":{"@id":"https:\/\/euro-east.fi\/#website"},"datePublished":"2015-11-03T14:27:40+00:00","dateModified":"2026-02-20T14:35:51+00:00","description":"Euro-East Oy \u00e4r ett st\u00e4ndigt v\u00e4xande finskt importf\u00f6retag som tar dig till k\u00f6ket i Ryssland och \u00d6steuropa. V\u00e5rt uppdrag \u00e4r att g\u00f6ra den traditionella matkulturen k\u00e4nd och erbjuda m\u00f6jlighet att uppt\u00e4cka olika smaker fr\u00e5n hela v\u00e4rlden. I f\u00f6rs\u00e4ljningen och marknadsf\u00f6ringen av ryska och \u00f6steuropeiska k\u00f6ket \u00e4r vi marknadsledande: v\u00e5ra produkter \u00e4r redan tillg\u00e4ngliga i alla v\u00e4lsk\u00f6tta livsmedelsbutiker runt om i Finland.","breadcrumb":{"@id":"https:\/\/euro-east.fi\/sv\/kontakt\/euro-east-oy\/#breadcrumb"},"inLanguage":"sv-SE","potentialAction":[{"@type":"ReadAction","target":["https:\/\/euro-east.fi\/sv\/kontakt\/euro-east-oy\/"]}]},{"@type":"BreadcrumbList","@id":"https:\/\/euro-east.fi\/sv\/kontakt\/euro-east-oy\/#breadcrumb","itemListElement":[{"@type":"ListItem","position":1,"name":"Home","item":"https:\/\/euro-east.fi\/sv\/"},{"@type":"ListItem","position":2,"name":"Kontakt","item":"https:\/\/euro-east.fi\/sv\/kontakt\/"},{"@type":"ListItem","position":3,"name":"Euro-East Oy"}]},{"@type":"WebSite","@id":"https:\/\/euro-east.fi\/#website","url":"https:\/\/euro-east.fi\/","name":"Euro-East","description":"Euro-East vie sinut makumatkalle Baltiasta Balkanille.Euro-East on it\u00e4eurooppalaisten elintarvikkeiden maahantuoja. Tarjoamme parhaita herkkuja Baltiasta Balkaniin. Meilt\u00e4 l\u00f6yd\u00e4t laadukkaita vihannes-, kala- ja lihas\u00e4ilykkeit\u00e4, kastikkeita, jyvi\u00e4, mehuja, keksej\u00e4 ja pakasteita. Tule mukaan makumatkalle ja ihastu ruokakulttuurien herkulliseen kirjoon","publisher":{"@id":"https:\/\/euro-east.fi\/#organization"},"potentialAction":[{"@type":"SearchAction","target":{"@type":"EntryPoint","urlTemplate":"https:\/\/euro-east.fi\/?s={search_term_string}"},"query-input":{"@type":"PropertyValueSpecification","valueRequired":true,"valueName":"search_term_string"}}],"inLanguage":"sv-SE"},{"@type":"Organization","@id":"https:\/\/euro-east.fi\/#organization","name":"Euro-East","url":"https:\/\/euro-east.fi\/","logo":{"@type":"ImageObject","inLanguage":"sv-SE","@id":"https:\/\/euro-east.fi\/#\/schema\/logo\/image\/","url":"https:\/\/euro-east.fi\/wp-content\/uploads\/2023\/03\/Logo-1.png","contentUrl":"https:\/\/euro-east.fi\/wp-content\/uploads\/2023\/03\/Logo-1.png","width":250,"height":250,"caption":"Euro-East"},"image":{"@id":"https:\/\/euro-east.fi\/#\/schema\/logo\/image\/"},"sameAs":["https:\/\/www.facebook.com\/EuroEast.fi","https:\/\/x.com\/euroeastoy","https:\/\/www.instagram.com\/euro.east\/","https:\/\/www.pinterest.com\/euroeast\/","https:\/\/www.youtube.com\/channel\/UCfNlzn0G_n53fATPX6Uw0yw"]}]}},"_links":{"self":[{"href":"https:\/\/euro-east.fi\/sv\/wp-json\/wp\/v2\/pages\/4622","targetHints":{"allow":["GET"]}}],"collection":[{"href":"https:\/\/euro-east.fi\/sv\/wp-json\/wp\/v2\/pages"}],"about":[{"href":"https:\/\/euro-east.fi\/sv\/wp-json\/wp\/v2\/types\/page"}],"author":[{"embeddable":true,"href":"https:\/\/euro-east.fi\/sv\/wp-json\/wp\/v2\/users\/3"}],"replies":[{"embeddable":true,"href":"https:\/\/euro-east.fi\/sv\/wp-json\/wp\/v2\/comments?post=4622"}],"version-history":[{"count":1,"href":"https:\/\/euro-east.fi\/sv\/wp-json\/wp\/v2\/pages\/4622\/revisions"}],"predecessor-version":[{"id":526718,"href":"https:\/\/euro-east.fi\/sv\/wp-json\/wp\/v2\/pages\/4622\/revisions\/526718"}],"up":[{"embeddable":true,"href":"https:\/\/euro-east.fi\/sv\/wp-json\/wp\/v2\/pages\/4629"}],"wp:attachment":[{"href":"https:\/\/euro-east.fi\/sv\/wp-json\/wp\/v2\/media?parent=4622"}],"curies":[{"name":"wp","href":"https:\/\/api.w.org\/{rel}","templated":true}]}}