{"id":4624,"date":"2015-11-03T16:28:11","date_gmt":"2015-11-03T14:28:11","guid":{"rendered":"https:\/\/euro-east.fi\/?page_id=4624"},"modified":"2023-12-12T12:43:14","modified_gmt":"2023-12-12T10:43:14","slug":"aterforsaljare","status":"publish","type":"page","link":"https:\/\/euro-east.fi\/sv\/aterforsaljare\/","title":{"rendered":"\u00c5terf\u00f6rs\u00e4ljare"},"content":{"rendered":"<h1>\u00c5terf\u00f6rs\u00e4ljare<\/h1>\n<p>I dag hittar du v\u00e5ra ryska och \u00f6steuropeiska delikatesser i n\u00e4stan alla v\u00e4lsorterade matbutiker runt om i Finland. V\u00e5ra produkter s\u00e4ljs till exempel i <a href=\"https:\/\/www.k-ruoka.fi\/\" target=\"_blank\" rel=\"noopener\">K-Citymarket, K-Supermarket, K-market<\/a>, <a href=\"https:\/\/www.foodie.fi\/\" target=\"_blank\" rel=\"noopener\">Prisma<\/a>, <a href=\"https:\/\/www.foodie.fi\/stores\/?query=s-market\" target=\"_blank\" rel=\"noopener\">S-market<\/a>, <a href=\"https:\/\/www.tokmanni.fi\/\" target=\"_blank\" rel=\"noopener\">Tokmanni<\/a> och <a href=\"https:\/\/www.puuilo.fi\/epages\/puuilo.sf\/fi_FI\/\" target=\"_blank\" rel=\"noopener\">Puuilo<\/a>.<\/p>\n<p>Letar du efter h\u00f6gkvalitativa industriella livsmedelsprodukter fr\u00e5n \u00d6steuropa till din verksamhet? Euro-East AB erbjuder ett brett sortiment av h\u00f6gkvalitativa livsmedelsprodukter direkt fr\u00e5n tillverkare i \u00d6steuropa. Vi \u00e4r stolta \u00f6ver att leverera h\u00f6gkvalitativa produkter till v\u00e5ra B2B-kunder \u00f6ver hela Finland.<\/p>\n<p><strong>Varf\u00f6r v\u00e4lja Euro-East?<\/strong><\/p>\n<ol>\n<li><strong>H\u00f6gkvalitativa produkter:<\/strong> Vi erbjuder l\u00e4ckra och h\u00f6gkvalitativa livsmedelsprodukter direkt fr\u00e5n tillverkare med omfattande erfarenhet inom branschen.<\/li>\n<li><strong>Brett sortiment:<\/strong> V\u00e5rt urval t\u00e4cker ett varierat utbud av l\u00e4ckra produkter l\u00e4mpliga f\u00f6r olika gastronomiska behov.<\/li>\n<li><strong>Tillf\u00f6rlitlighet och samarbete:<\/strong> Vi prioriterar l\u00e5ngsiktiga partnerskap med tillverkare f\u00f6r att s\u00e4kerst\u00e4lla konsekvent kvalitet och p\u00e5litliga leveranser.<\/li>\n<li><strong>Expertkundservice:<\/strong> Vi finns h\u00e4r f\u00f6r att hj\u00e4lpa dig hitta de b\u00e4sta l\u00f6sningarna f\u00f6r dina aff\u00e4rsbehov. Kundn\u00f6jdhet \u00e4r v\u00e5r fr\u00e4msta prioritet.<\/li>\n<\/ol>\n<p><strong>Letar du efter specifika produkter eller \u00e4r intresserad av att diskutera samarbetsm\u00f6jligheter? Kontakta oss via formul\u00e4ret nedan eller ta direkt kontakt med v\u00e5r kundtj\u00e4nst.<\/strong><\/p>\n<p><strong>F\u00f6retagskundtj\u00e4nst, Best\u00e4llningar och Fakturering:<\/strong> Telefon: +358 20 792 0290 E-post: <a href=\"mailto:euroeast@euro-east.fi\" target=\"_new\" rel=\"noopener\">euroeast@euro-east.fi<\/a><\/p>\n","protected":false},"excerpt":{"rendered":"<p>\u00c5terf\u00f6rs\u00e4ljare I dag hittar du v\u00e5ra ryska och \u00f6steuropeiska delikatesser i n\u00e4stan alla v\u00e4lsorterade matbutiker runt om i Finland. V\u00e5ra produkter s\u00e4ljs till exempel i K-Citymarket, K-Supermarket, K-market, Prisma, S-market, Tokmanni och Puuilo. Letar du efter h\u00f6gkvalitativa industriella livsmedelsprodukter fr\u00e5n \u00d6steuropa till din verksamhet? Euro-East AB erbjuder ett brett sortiment av h\u00f6gkvalitativa livsmedelsprodukter direkt fr\u00e5n [&hellip;]<\/p>\n","protected":false},"author":3,"featured_media":0,"parent":0,"menu_order":11,"comment_status":"open","ping_status":"open","template":"","meta":{"_acf_changed":false,"content-type":"","_improvement_type_select":"improve_an_existing","_thumb_yes_seoaic":false,"_frame_yes_seoaic":false,"seoaic_generate_description":"","seoaic_improve_instructions_prompt":"","seoaic_rollback_content_improvement":"","seoaic_idea_thumbnail_generator":"","thumbnail_generated":false,"thumbnail_generate_prompt":"","seoaic_article_description":"","footnotes":""},"class_list":["post-4624","page","type-page","status-publish","hentry"],"acf":[],"yoast_head":"<!-- This site is optimized with the Yoast SEO plugin v27.1.1 - https:\/\/yoast.com\/product\/yoast-seo-wordpress\/ -->\n<title>\u00c5terf\u00f6rs\u00e4ljare - Euro-East<\/title>\n<meta name=\"robots\" content=\"index, follow, max-snippet:-1, max-image-preview:large, max-video-preview:-1\" \/>\n<link rel=\"canonical\" href=\"https:\/\/euro-east.fi\/sv\/aterforsaljare\/\" \/>\n<meta property=\"og:locale\" content=\"sv_SE\" \/>\n<meta property=\"og:type\" content=\"article\" \/>\n<meta property=\"og:title\" content=\"\u00c5terf\u00f6rs\u00e4ljare - Euro-East\" \/>\n<meta property=\"og:description\" content=\"\u00c5terf\u00f6rs\u00e4ljare I dag hittar du v\u00e5ra ryska och \u00f6steuropeiska delikatesser i n\u00e4stan alla v\u00e4lsorterade matbutiker runt om i Finland. V\u00e5ra produkter s\u00e4ljs till exempel i K-Citymarket, K-Supermarket, K-market, Prisma, S-market, Tokmanni och Puuilo. Letar du efter h\u00f6gkvalitativa industriella livsmedelsprodukter fr\u00e5n \u00d6steuropa till din verksamhet? Euro-East AB erbjuder ett brett sortiment av h\u00f6gkvalitativa livsmedelsprodukter direkt fr\u00e5n [&hellip;]\" \/>\n<meta property=\"og:url\" content=\"https:\/\/euro-east.fi\/sv\/aterforsaljare\/\" \/>\n<meta property=\"og:site_name\" content=\"Euro-East\" \/>\n<meta property=\"article:publisher\" content=\"https:\/\/www.facebook.com\/EuroEast.fi\" \/>\n<meta property=\"article:modified_time\" content=\"2023-12-12T10:43:14+00:00\" \/>\n<meta property=\"og:image\" content=\"https:\/\/euro-east.fi\/wp-content\/uploads\/2023\/03\/Logo-1.png\" \/>\n\t<meta property=\"og:image:width\" content=\"250\" \/>\n\t<meta property=\"og:image:height\" content=\"250\" \/>\n\t<meta property=\"og:image:type\" content=\"image\/png\" \/>\n<meta name=\"twitter:card\" content=\"summary_large_image\" \/>\n<meta name=\"twitter:site\" content=\"@euroeastoy\" \/>\n<meta name=\"twitter:label1\" content=\"Ber\u00e4knad l\u00e4stid\" \/>\n\t<meta name=\"twitter:data1\" content=\"2 minutes\" \/>\n<script type=\"application\/ld+json\" class=\"yoast-schema-graph\">{\"@context\":\"https:\/\/schema.org\",\"@graph\":[{\"@type\":\"WebPage\",\"@id\":\"https:\/\/euro-east.fi\/sv\/aterforsaljare\/\",\"url\":\"https:\/\/euro-east.fi\/sv\/aterforsaljare\/\",\"name\":\"\u00c5terf\u00f6rs\u00e4ljare - Euro-East\",\"isPartOf\":{\"@id\":\"https:\/\/euro-east.fi\/#website\"},\"datePublished\":\"2015-11-03T14:28:11+00:00\",\"dateModified\":\"2023-12-12T10:43:14+00:00\",\"breadcrumb\":{\"@id\":\"https:\/\/euro-east.fi\/sv\/aterforsaljare\/#breadcrumb\"},\"inLanguage\":\"sv-SE\",\"potentialAction\":[{\"@type\":\"ReadAction\",\"target\":[\"https:\/\/euro-east.fi\/sv\/aterforsaljare\/\"]}]},{\"@type\":\"BreadcrumbList\",\"@id\":\"https:\/\/euro-east.fi\/sv\/aterforsaljare\/#breadcrumb\",\"itemListElement\":[{\"@type\":\"ListItem\",\"position\":1,\"name\":\"Home\",\"item\":\"https:\/\/euro-east.fi\/sv\/\"},{\"@type\":\"ListItem\",\"position\":2,\"name\":\"\u00c5terf\u00f6rs\u00e4ljare\"}]},{\"@type\":\"WebSite\",\"@id\":\"https:\/\/euro-east.fi\/#website\",\"url\":\"https:\/\/euro-east.fi\/\",\"name\":\"Euro-East\",\"description\":\"Euro-East vie sinut makumatkalle Baltiasta Balkanille.Euro-East on it\u00e4eurooppalaisten elintarvikkeiden maahantuoja. Tarjoamme parhaita herkkuja Baltiasta Balkaniin. Meilt\u00e4 l\u00f6yd\u00e4t laadukkaita vihannes-, kala- ja lihas\u00e4ilykkeit\u00e4, kastikkeita, jyvi\u00e4, mehuja, keksej\u00e4 ja pakasteita. Tule mukaan makumatkalle ja ihastu ruokakulttuurien herkulliseen kirjoon\",\"publisher\":{\"@id\":\"https:\/\/euro-east.fi\/#organization\"},\"potentialAction\":[{\"@type\":\"SearchAction\",\"target\":{\"@type\":\"EntryPoint\",\"urlTemplate\":\"https:\/\/euro-east.fi\/?s={search_term_string}\"},\"query-input\":{\"@type\":\"PropertyValueSpecification\",\"valueRequired\":true,\"valueName\":\"search_term_string\"}}],\"inLanguage\":\"sv-SE\"},{\"@type\":\"Organization\",\"@id\":\"https:\/\/euro-east.fi\/#organization\",\"name\":\"Euro-East\",\"url\":\"https:\/\/euro-east.fi\/\",\"logo\":{\"@type\":\"ImageObject\",\"inLanguage\":\"sv-SE\",\"@id\":\"https:\/\/euro-east.fi\/#\/schema\/logo\/image\/\",\"url\":\"https:\/\/euro-east.fi\/wp-content\/uploads\/2023\/03\/Logo-1.png\",\"contentUrl\":\"https:\/\/euro-east.fi\/wp-content\/uploads\/2023\/03\/Logo-1.png\",\"width\":250,\"height\":250,\"caption\":\"Euro-East\"},\"image\":{\"@id\":\"https:\/\/euro-east.fi\/#\/schema\/logo\/image\/\"},\"sameAs\":[\"https:\/\/www.facebook.com\/EuroEast.fi\",\"https:\/\/x.com\/euroeastoy\",\"https:\/\/www.instagram.com\/euro.east\/\",\"https:\/\/www.pinterest.com\/euroeast\/\",\"https:\/\/www.youtube.com\/channel\/UCfNlzn0G_n53fATPX6Uw0yw\"]}]}<\/script>\n<!-- \/ Yoast SEO plugin. -->","yoast_head_json":{"title":"\u00c5terf\u00f6rs\u00e4ljare - Euro-East","robots":{"index":"index","follow":"follow","max-snippet":"max-snippet:-1","max-image-preview":"max-image-preview:large","max-video-preview":"max-video-preview:-1"},"canonical":"https:\/\/euro-east.fi\/sv\/aterforsaljare\/","og_locale":"sv_SE","og_type":"article","og_title":"\u00c5terf\u00f6rs\u00e4ljare - Euro-East","og_description":"\u00c5terf\u00f6rs\u00e4ljare I dag hittar du v\u00e5ra ryska och \u00f6steuropeiska delikatesser i n\u00e4stan alla v\u00e4lsorterade matbutiker runt om i Finland. V\u00e5ra produkter s\u00e4ljs till exempel i K-Citymarket, K-Supermarket, K-market, Prisma, S-market, Tokmanni och Puuilo. Letar du efter h\u00f6gkvalitativa industriella livsmedelsprodukter fr\u00e5n \u00d6steuropa till din verksamhet? Euro-East AB erbjuder ett brett sortiment av h\u00f6gkvalitativa livsmedelsprodukter direkt fr\u00e5n [&hellip;]","og_url":"https:\/\/euro-east.fi\/sv\/aterforsaljare\/","og_site_name":"Euro-East","article_publisher":"https:\/\/www.facebook.com\/EuroEast.fi","article_modified_time":"2023-12-12T10:43:14+00:00","og_image":[{"width":250,"height":250,"url":"https:\/\/euro-east.fi\/wp-content\/uploads\/2023\/03\/Logo-1.png","type":"image\/png"}],"twitter_card":"summary_large_image","twitter_site":"@euroeastoy","twitter_misc":{"Ber\u00e4knad l\u00e4stid":"2 minutes"},"schema":{"@context":"https:\/\/schema.org","@graph":[{"@type":"WebPage","@id":"https:\/\/euro-east.fi\/sv\/aterforsaljare\/","url":"https:\/\/euro-east.fi\/sv\/aterforsaljare\/","name":"\u00c5terf\u00f6rs\u00e4ljare - Euro-East","isPartOf":{"@id":"https:\/\/euro-east.fi\/#website"},"datePublished":"2015-11-03T14:28:11+00:00","dateModified":"2023-12-12T10:43:14+00:00","breadcrumb":{"@id":"https:\/\/euro-east.fi\/sv\/aterforsaljare\/#breadcrumb"},"inLanguage":"sv-SE","potentialAction":[{"@type":"ReadAction","target":["https:\/\/euro-east.fi\/sv\/aterforsaljare\/"]}]},{"@type":"BreadcrumbList","@id":"https:\/\/euro-east.fi\/sv\/aterforsaljare\/#breadcrumb","itemListElement":[{"@type":"ListItem","position":1,"name":"Home","item":"https:\/\/euro-east.fi\/sv\/"},{"@type":"ListItem","position":2,"name":"\u00c5terf\u00f6rs\u00e4ljare"}]},{"@type":"WebSite","@id":"https:\/\/euro-east.fi\/#website","url":"https:\/\/euro-east.fi\/","name":"Euro-East","description":"Euro-East vie sinut makumatkalle Baltiasta Balkanille.Euro-East on it\u00e4eurooppalaisten elintarvikkeiden maahantuoja. Tarjoamme parhaita herkkuja Baltiasta Balkaniin. Meilt\u00e4 l\u00f6yd\u00e4t laadukkaita vihannes-, kala- ja lihas\u00e4ilykkeit\u00e4, kastikkeita, jyvi\u00e4, mehuja, keksej\u00e4 ja pakasteita. Tule mukaan makumatkalle ja ihastu ruokakulttuurien herkulliseen kirjoon","publisher":{"@id":"https:\/\/euro-east.fi\/#organization"},"potentialAction":[{"@type":"SearchAction","target":{"@type":"EntryPoint","urlTemplate":"https:\/\/euro-east.fi\/?s={search_term_string}"},"query-input":{"@type":"PropertyValueSpecification","valueRequired":true,"valueName":"search_term_string"}}],"inLanguage":"sv-SE"},{"@type":"Organization","@id":"https:\/\/euro-east.fi\/#organization","name":"Euro-East","url":"https:\/\/euro-east.fi\/","logo":{"@type":"ImageObject","inLanguage":"sv-SE","@id":"https:\/\/euro-east.fi\/#\/schema\/logo\/image\/","url":"https:\/\/euro-east.fi\/wp-content\/uploads\/2023\/03\/Logo-1.png","contentUrl":"https:\/\/euro-east.fi\/wp-content\/uploads\/2023\/03\/Logo-1.png","width":250,"height":250,"caption":"Euro-East"},"image":{"@id":"https:\/\/euro-east.fi\/#\/schema\/logo\/image\/"},"sameAs":["https:\/\/www.facebook.com\/EuroEast.fi","https:\/\/x.com\/euroeastoy","https:\/\/www.instagram.com\/euro.east\/","https:\/\/www.pinterest.com\/euroeast\/","https:\/\/www.youtube.com\/channel\/UCfNlzn0G_n53fATPX6Uw0yw"]}]}},"_links":{"self":[{"href":"https:\/\/euro-east.fi\/sv\/wp-json\/wp\/v2\/pages\/4624","targetHints":{"allow":["GET"]}}],"collection":[{"href":"https:\/\/euro-east.fi\/sv\/wp-json\/wp\/v2\/pages"}],"about":[{"href":"https:\/\/euro-east.fi\/sv\/wp-json\/wp\/v2\/types\/page"}],"author":[{"embeddable":true,"href":"https:\/\/euro-east.fi\/sv\/wp-json\/wp\/v2\/users\/3"}],"replies":[{"embeddable":true,"href":"https:\/\/euro-east.fi\/sv\/wp-json\/wp\/v2\/comments?post=4624"}],"version-history":[{"count":0,"href":"https:\/\/euro-east.fi\/sv\/wp-json\/wp\/v2\/pages\/4624\/revisions"}],"wp:attachment":[{"href":"https:\/\/euro-east.fi\/sv\/wp-json\/wp\/v2\/media?parent=4624"}],"curies":[{"name":"wp","href":"https:\/\/api.w.org\/{rel}","templated":true}]}}