{"id":4629,"date":"2015-11-03T16:30:33","date_gmt":"2015-11-03T14:30:33","guid":{"rendered":"https:\/\/euro-east.fi\/?page_id=4629"},"modified":"2026-03-26T09:57:11","modified_gmt":"2026-03-26T07:57:11","slug":"kontakt","status":"publish","type":"page","link":"https:\/\/euro-east.fi\/sv\/kontakt\/","title":{"rendered":"Kontakt"},"content":{"rendered":"<h1>Kontaktuppgifter<\/h1>\r\n<h3>Kontor\/lager:<\/h3>\r\n<p>Euro-East Oy<br \/>Ahokyl\u00e4nkatu 7<br \/>20780 Kaarina<\/p>\r\n<p>FO-nummer: FI 1034816-6<\/p>\r\n<p><br \/>Handelsregisternummer: 658.161<\/p>\r\n<h3>F\u00f6rs\u00e4ljning och best\u00e4llningar:<\/h3>\r\n<p>tel. +358 20 792 0290<br \/>euroeast@euro-east.fi<\/p>\r\n<!-- \/wp:post-content -->\r\n\r\n<!-- wp:column -->\r\n<h3>Nyckelkundsansvarig<\/h3>\r\n<p>Alina Mazourova +358 20 792 0290<\/p>\r\n<p>alina.mazourova@euro-east.fi<\/p>\r\n<h3>Marknadsf\u00f6ring<\/h3>\r\n<p>+358 20 792 0290<\/p>\r\n<p>marketing@euro-east.fi<\/p>\r\n<h3>Verkst\u00e4llande direkt\u00f6r<\/h3>\r\n<p>Larissa Mazourova tel. +358 20 792 0291 gsm +358 40 081 2073<\/p>\r\n<p>larissa.mazourova@euro-east.fi<\/p>\r\n<h3>F\u00f6rs\u00e4ljning<\/h3>\r\n<p>Esa Lahti puh: 0400 766 305 esa.lahti @ omanetti.fi<\/p>\r\n<ul>\r\n<li>Norra \u00d6sterbotten<\/li>\r\n<li>Lappland<\/li>\r\n<\/ul>\r\n<p>[Ge respons:\n<div class=\"wpcf7 no-js\" id=\"wpcf7-f5376-o1\" lang=\"en-US\" dir=\"ltr\" data-wpcf7-id=\"5376\">\n<div class=\"screen-reader-response\"><p role=\"status\" aria-live=\"polite\" aria-atomic=\"true\"><\/p> <ul><\/ul><\/div>\n<form action=\"\/sv\/wp-json\/wp\/v2\/pages\/4629#wpcf7-f5376-o1\" method=\"post\" class=\"wpcf7-form init\" aria-label=\"Contact form\" novalidate=\"novalidate\" data-status=\"init\">\n<fieldset class=\"hidden-fields-container\"><input type=\"hidden\" name=\"_wpcf7\" value=\"5376\" \/><input type=\"hidden\" name=\"_wpcf7_version\" value=\"6.1.5\" \/><input type=\"hidden\" name=\"_wpcf7_locale\" value=\"en_US\" \/><input type=\"hidden\" name=\"_wpcf7_unit_tag\" value=\"wpcf7-f5376-o1\" \/><input type=\"hidden\" name=\"_wpcf7_container_post\" value=\"0\" \/><input type=\"hidden\" name=\"_wpcf7_posted_data_hash\" value=\"\" \/><input type=\"hidden\" name=\"_wpcf7_recaptcha_response\" value=\"\" \/>\n<\/fieldset>\n<p><label class=\"honeypot-field\"> <span class=\"wpcf7-form-control-wrap\" data-name=\"name_honey\"><input size=\"40\" maxlength=\"400\" class=\"wpcf7-form-control wpcf7-text\" aria-invalid=\"false\" value=\"\" type=\"text\" name=\"name_honey\" \/><\/span> <\/label>\n<\/p>\n<p>Ditt namn\n<\/p>\n<p><span class=\"wpcf7-form-control-wrap\" data-name=\"your-name\"><input size=\"40\" maxlength=\"400\" class=\"wpcf7-form-control wpcf7-text wpcf7-validates-as-required\" aria-required=\"true\" aria-invalid=\"false\" value=\"\" type=\"text\" name=\"your-name\" \/><\/span>\n<\/p>\n<p>Din e-postadress\n<\/p>\n<p><span class=\"wpcf7-form-control-wrap\" data-name=\"your-email\"><input size=\"40\" maxlength=\"400\" class=\"wpcf7-form-control wpcf7-email wpcf7-validates-as-required wpcf7-text wpcf7-validates-as-email\" aria-required=\"true\" aria-invalid=\"false\" value=\"\" type=\"email\" name=\"your-email\" \/><\/span>\n<\/p>\n<p>\u00c4mne\n<\/p>\n<p><span class=\"wpcf7-form-control-wrap\" data-name=\"your-subject\"><input size=\"40\" maxlength=\"400\" class=\"wpcf7-form-control wpcf7-text wpcf7-validates-as-required\" aria-required=\"true\" aria-invalid=\"false\" value=\"\" type=\"text\" name=\"your-subject\" \/><\/span>\n<\/p>\n<p>Meddelande\n<\/p>\n<p><span class=\"wpcf7-form-control-wrap\" data-name=\"your-message\"><textarea cols=\"40\" rows=\"10\" maxlength=\"2000\" class=\"wpcf7-form-control wpcf7-textarea wpcf7-validates-as-required\" aria-required=\"true\" aria-invalid=\"false\" name=\"your-message\"><\/textarea><\/span>\n<\/p>\n<p><input class=\"wpcf7-form-control wpcf7-submit has-spinner\" type=\"submit\" value=\"Skicka\" \/>\n<\/p><div class=\"wpcf7-response-output\" aria-hidden=\"true\"><\/div>\n<\/form>\n<\/div>\n <strong>Karta<\/strong> <iframe loading=\"lazy\" src=\"https:\/\/www.google.com\/maps\/embed?pb=!1m18!1m12!1m3!1d1969.406233895133!2d22.397353277329962!3d60.42199802308349!2m3!1f0!2f0!3f0!3m2!1i1024!2i768!4f13.1!3m3!1m2!1s0x468c71019af99969%3A0xc64a7be3f7427190!2sAhokyl%C3%A4nkatu%207%2C%2020780%20Kaarina!5e0!3m2!1sfi!2sfi!4v1774511431523!5m2!1sfi!2sfi\" width=\"100%\" height=\"400\" frameborder=\"0\" allowfullscreen=\"allowfullscreen\"><span data-mce-type=\"bookmark\" style=\"display: inline-block; width: 0px; overflow: hidden; line-height: 0;\" class=\"mce_SELRES_start\">\ufeff<\/span><\/iframe> <span style=\"border-radius: 2px; text-indent: 20px; width: auto; padding: 0px 4px 0px 0px; text-align: center; font: bold 11px\/20px 'Helvetica Neue',Helvetica,sans-serif; color: #ffffff; background: #bd081c no-repeat scroll 3px 50% \/ 14px 14px; position: absolute; opacity: 1; z-index: 8675309; display: none; cursor: pointer;\">Tallenna<\/span><\/p>","protected":false},"excerpt":{"rendered":"<p>Kontaktuppgifter Kontor\/lager: Euro-East OyAhokyl\u00e4nkatu 720780 Kaarina FO-nummer: FI 1034816-6 Handelsregisternummer: 658.161 F\u00f6rs\u00e4ljning och best\u00e4llningar: tel. +358 20 792 0290euroeast@euro-east.fi Nyckelkundsansvarig Alina Mazourova +358 20 792 0290 alina.mazourova@euro-east.fi Marknadsf\u00f6ring +358 20 792 0290 marketing@euro-east.fi Verkst\u00e4llande direkt\u00f6r Larissa Mazourova tel. +358 20 792 0291 gsm +358 40 081 2073 larissa.mazourova@euro-east.fi F\u00f6rs\u00e4ljning Esa Lahti puh: 0400 766 305 [&hellip;]<\/p>\n","protected":false},"author":3,"featured_media":0,"parent":0,"menu_order":1004,"comment_status":"open","ping_status":"open","template":"","meta":{"_acf_changed":false,"content-type":"","_improvement_type_select":"improve_an_existing","_thumb_yes_seoaic":false,"_frame_yes_seoaic":false,"seoaic_generate_description":"","seoaic_improve_instructions_prompt":"","seoaic_rollback_content_improvement":"","seoaic_idea_thumbnail_generator":"","thumbnail_generated":false,"thumbnail_generate_prompt":"","seoaic_article_description":"","footnotes":""},"class_list":["post-4629","page","type-page","status-publish","hentry"],"acf":[],"yoast_head":"<!-- This site is optimized with the Yoast SEO plugin v27.1.1 - https:\/\/yoast.com\/product\/yoast-seo-wordpress\/ -->\n<title>Kontakt - Euro-East<\/title>\n<meta name=\"robots\" content=\"index, follow, max-snippet:-1, max-image-preview:large, max-video-preview:-1\" \/>\n<link rel=\"canonical\" href=\"https:\/\/euro-east.fi\/sv\/kontakt\/\" \/>\n<meta property=\"og:locale\" content=\"sv_SE\" \/>\n<meta property=\"og:type\" content=\"article\" \/>\n<meta property=\"og:title\" content=\"Kontakt - Euro-East\" \/>\n<meta property=\"og:description\" content=\"Kontaktuppgifter Kontor\/lager: Euro-East OyAhokyl\u00e4nkatu 720780 Kaarina FO-nummer: FI 1034816-6 Handelsregisternummer: 658.161 F\u00f6rs\u00e4ljning och best\u00e4llningar: tel. +358 20 792 0290euroeast@euro-east.fi Nyckelkundsansvarig Alina Mazourova +358 20 792 0290 alina.mazourova@euro-east.fi Marknadsf\u00f6ring +358 20 792 0290 marketing@euro-east.fi Verkst\u00e4llande direkt\u00f6r Larissa Mazourova tel. +358 20 792 0291 gsm +358 40 081 2073 larissa.mazourova@euro-east.fi F\u00f6rs\u00e4ljning Esa Lahti puh: 0400 766 305 [&hellip;]\" \/>\n<meta property=\"og:url\" content=\"https:\/\/euro-east.fi\/sv\/kontakt\/\" \/>\n<meta property=\"og:site_name\" content=\"Euro-East\" \/>\n<meta property=\"article:publisher\" content=\"https:\/\/www.facebook.com\/EuroEast.fi\" \/>\n<meta property=\"article:modified_time\" content=\"2026-03-26T07:57:11+00:00\" \/>\n<meta property=\"og:image\" content=\"https:\/\/euro-east.fi\/wp-content\/uploads\/2023\/03\/Logo-1.png\" \/>\n\t<meta property=\"og:image:width\" content=\"250\" \/>\n\t<meta property=\"og:image:height\" content=\"250\" \/>\n\t<meta property=\"og:image:type\" content=\"image\/png\" \/>\n<meta name=\"twitter:card\" content=\"summary_large_image\" \/>\n<meta name=\"twitter:site\" content=\"@euroeastoy\" \/>\n<meta name=\"twitter:label1\" content=\"Ber\u00e4knad l\u00e4stid\" \/>\n\t<meta name=\"twitter:data1\" content=\"1 minute\" \/>\n<script type=\"application\/ld+json\" class=\"yoast-schema-graph\">{\"@context\":\"https:\/\/schema.org\",\"@graph\":[{\"@type\":\"WebPage\",\"@id\":\"https:\/\/euro-east.fi\/sv\/kontakt\/\",\"url\":\"https:\/\/euro-east.fi\/sv\/kontakt\/\",\"name\":\"Kontakt - Euro-East\",\"isPartOf\":{\"@id\":\"https:\/\/euro-east.fi\/#website\"},\"datePublished\":\"2015-11-03T14:30:33+00:00\",\"dateModified\":\"2026-03-26T07:57:11+00:00\",\"breadcrumb\":{\"@id\":\"https:\/\/euro-east.fi\/sv\/kontakt\/#breadcrumb\"},\"inLanguage\":\"sv-SE\",\"potentialAction\":[{\"@type\":\"ReadAction\",\"target\":[\"https:\/\/euro-east.fi\/sv\/kontakt\/\"]}]},{\"@type\":\"BreadcrumbList\",\"@id\":\"https:\/\/euro-east.fi\/sv\/kontakt\/#breadcrumb\",\"itemListElement\":[{\"@type\":\"ListItem\",\"position\":1,\"name\":\"Home\",\"item\":\"https:\/\/euro-east.fi\/sv\/\"},{\"@type\":\"ListItem\",\"position\":2,\"name\":\"Kontakt\"}]},{\"@type\":\"WebSite\",\"@id\":\"https:\/\/euro-east.fi\/#website\",\"url\":\"https:\/\/euro-east.fi\/\",\"name\":\"Euro-East\",\"description\":\"Euro-East vie sinut makumatkalle Baltiasta Balkanille.Euro-East on it\u00e4eurooppalaisten elintarvikkeiden maahantuoja. Tarjoamme parhaita herkkuja Baltiasta Balkaniin. Meilt\u00e4 l\u00f6yd\u00e4t laadukkaita vihannes-, kala- ja lihas\u00e4ilykkeit\u00e4, kastikkeita, jyvi\u00e4, mehuja, keksej\u00e4 ja pakasteita. Tule mukaan makumatkalle ja ihastu ruokakulttuurien herkulliseen kirjoon\",\"publisher\":{\"@id\":\"https:\/\/euro-east.fi\/#organization\"},\"potentialAction\":[{\"@type\":\"SearchAction\",\"target\":{\"@type\":\"EntryPoint\",\"urlTemplate\":\"https:\/\/euro-east.fi\/?s={search_term_string}\"},\"query-input\":{\"@type\":\"PropertyValueSpecification\",\"valueRequired\":true,\"valueName\":\"search_term_string\"}}],\"inLanguage\":\"sv-SE\"},{\"@type\":\"Organization\",\"@id\":\"https:\/\/euro-east.fi\/#organization\",\"name\":\"Euro-East\",\"url\":\"https:\/\/euro-east.fi\/\",\"logo\":{\"@type\":\"ImageObject\",\"inLanguage\":\"sv-SE\",\"@id\":\"https:\/\/euro-east.fi\/#\/schema\/logo\/image\/\",\"url\":\"https:\/\/euro-east.fi\/wp-content\/uploads\/2023\/03\/Logo-1.png\",\"contentUrl\":\"https:\/\/euro-east.fi\/wp-content\/uploads\/2023\/03\/Logo-1.png\",\"width\":250,\"height\":250,\"caption\":\"Euro-East\"},\"image\":{\"@id\":\"https:\/\/euro-east.fi\/#\/schema\/logo\/image\/\"},\"sameAs\":[\"https:\/\/www.facebook.com\/EuroEast.fi\",\"https:\/\/x.com\/euroeastoy\",\"https:\/\/www.instagram.com\/euro.east\/\",\"https:\/\/www.pinterest.com\/euroeast\/\",\"https:\/\/www.youtube.com\/channel\/UCfNlzn0G_n53fATPX6Uw0yw\"]}]}<\/script>\n<!-- \/ Yoast SEO plugin. -->","yoast_head_json":{"title":"Kontakt - Euro-East","robots":{"index":"index","follow":"follow","max-snippet":"max-snippet:-1","max-image-preview":"max-image-preview:large","max-video-preview":"max-video-preview:-1"},"canonical":"https:\/\/euro-east.fi\/sv\/kontakt\/","og_locale":"sv_SE","og_type":"article","og_title":"Kontakt - Euro-East","og_description":"Kontaktuppgifter Kontor\/lager: Euro-East OyAhokyl\u00e4nkatu 720780 Kaarina FO-nummer: FI 1034816-6 Handelsregisternummer: 658.161 F\u00f6rs\u00e4ljning och best\u00e4llningar: tel. +358 20 792 0290euroeast@euro-east.fi Nyckelkundsansvarig Alina Mazourova +358 20 792 0290 alina.mazourova@euro-east.fi Marknadsf\u00f6ring +358 20 792 0290 marketing@euro-east.fi Verkst\u00e4llande direkt\u00f6r Larissa Mazourova tel. +358 20 792 0291 gsm +358 40 081 2073 larissa.mazourova@euro-east.fi F\u00f6rs\u00e4ljning Esa Lahti puh: 0400 766 305 [&hellip;]","og_url":"https:\/\/euro-east.fi\/sv\/kontakt\/","og_site_name":"Euro-East","article_publisher":"https:\/\/www.facebook.com\/EuroEast.fi","article_modified_time":"2026-03-26T07:57:11+00:00","og_image":[{"width":250,"height":250,"url":"https:\/\/euro-east.fi\/wp-content\/uploads\/2023\/03\/Logo-1.png","type":"image\/png"}],"twitter_card":"summary_large_image","twitter_site":"@euroeastoy","twitter_misc":{"Ber\u00e4knad l\u00e4stid":"1 minute"},"schema":{"@context":"https:\/\/schema.org","@graph":[{"@type":"WebPage","@id":"https:\/\/euro-east.fi\/sv\/kontakt\/","url":"https:\/\/euro-east.fi\/sv\/kontakt\/","name":"Kontakt - Euro-East","isPartOf":{"@id":"https:\/\/euro-east.fi\/#website"},"datePublished":"2015-11-03T14:30:33+00:00","dateModified":"2026-03-26T07:57:11+00:00","breadcrumb":{"@id":"https:\/\/euro-east.fi\/sv\/kontakt\/#breadcrumb"},"inLanguage":"sv-SE","potentialAction":[{"@type":"ReadAction","target":["https:\/\/euro-east.fi\/sv\/kontakt\/"]}]},{"@type":"BreadcrumbList","@id":"https:\/\/euro-east.fi\/sv\/kontakt\/#breadcrumb","itemListElement":[{"@type":"ListItem","position":1,"name":"Home","item":"https:\/\/euro-east.fi\/sv\/"},{"@type":"ListItem","position":2,"name":"Kontakt"}]},{"@type":"WebSite","@id":"https:\/\/euro-east.fi\/#website","url":"https:\/\/euro-east.fi\/","name":"Euro-East","description":"Euro-East vie sinut makumatkalle Baltiasta Balkanille.Euro-East on it\u00e4eurooppalaisten elintarvikkeiden maahantuoja. Tarjoamme parhaita herkkuja Baltiasta Balkaniin. Meilt\u00e4 l\u00f6yd\u00e4t laadukkaita vihannes-, kala- ja lihas\u00e4ilykkeit\u00e4, kastikkeita, jyvi\u00e4, mehuja, keksej\u00e4 ja pakasteita. Tule mukaan makumatkalle ja ihastu ruokakulttuurien herkulliseen kirjoon","publisher":{"@id":"https:\/\/euro-east.fi\/#organization"},"potentialAction":[{"@type":"SearchAction","target":{"@type":"EntryPoint","urlTemplate":"https:\/\/euro-east.fi\/?s={search_term_string}"},"query-input":{"@type":"PropertyValueSpecification","valueRequired":true,"valueName":"search_term_string"}}],"inLanguage":"sv-SE"},{"@type":"Organization","@id":"https:\/\/euro-east.fi\/#organization","name":"Euro-East","url":"https:\/\/euro-east.fi\/","logo":{"@type":"ImageObject","inLanguage":"sv-SE","@id":"https:\/\/euro-east.fi\/#\/schema\/logo\/image\/","url":"https:\/\/euro-east.fi\/wp-content\/uploads\/2023\/03\/Logo-1.png","contentUrl":"https:\/\/euro-east.fi\/wp-content\/uploads\/2023\/03\/Logo-1.png","width":250,"height":250,"caption":"Euro-East"},"image":{"@id":"https:\/\/euro-east.fi\/#\/schema\/logo\/image\/"},"sameAs":["https:\/\/www.facebook.com\/EuroEast.fi","https:\/\/x.com\/euroeastoy","https:\/\/www.instagram.com\/euro.east\/","https:\/\/www.pinterest.com\/euroeast\/","https:\/\/www.youtube.com\/channel\/UCfNlzn0G_n53fATPX6Uw0yw"]}]}},"_links":{"self":[{"href":"https:\/\/euro-east.fi\/sv\/wp-json\/wp\/v2\/pages\/4629","targetHints":{"allow":["GET"]}}],"collection":[{"href":"https:\/\/euro-east.fi\/sv\/wp-json\/wp\/v2\/pages"}],"about":[{"href":"https:\/\/euro-east.fi\/sv\/wp-json\/wp\/v2\/types\/page"}],"author":[{"embeddable":true,"href":"https:\/\/euro-east.fi\/sv\/wp-json\/wp\/v2\/users\/3"}],"replies":[{"embeddable":true,"href":"https:\/\/euro-east.fi\/sv\/wp-json\/wp\/v2\/comments?post=4629"}],"version-history":[{"count":3,"href":"https:\/\/euro-east.fi\/sv\/wp-json\/wp\/v2\/pages\/4629\/revisions"}],"predecessor-version":[{"id":527075,"href":"https:\/\/euro-east.fi\/sv\/wp-json\/wp\/v2\/pages\/4629\/revisions\/527075"}],"wp:attachment":[{"href":"https:\/\/euro-east.fi\/sv\/wp-json\/wp\/v2\/media?parent=4629"}],"curies":[{"name":"wp","href":"https:\/\/api.w.org\/{rel}","templated":true}]}}