{"id":518026,"date":"2012-03-28T20:33:21","date_gmt":"2012-03-28T18:33:21","guid":{"rendered":"https:\/\/euro-east.fi\/euro-east-2\/"},"modified":"2026-04-08T13:15:03","modified_gmt":"2026-04-08T10:15:03","slug":"euro-east","status":"publish","type":"page","link":"https:\/\/euro-east.fi\/sv\/","title":{"rendered":"Euro-East"},"content":{"rendered":"","protected":false},"excerpt":{"rendered":"","protected":false},"author":1,"featured_media":0,"parent":0,"menu_order":0,"comment_status":"open","ping_status":"open","template":"template-etusivu.php","meta":{"_acf_changed":false,"content-type":"","_improvement_type_select":"improve_an_existing","_thumb_yes_seoaic":false,"_frame_yes_seoaic":false,"seoaic_generate_description":"","seoaic_improve_instructions_prompt":"","seoaic_rollback_content_improvement":"","seoaic_idea_thumbnail_generator":"","thumbnail_generated":false,"thumbnail_generate_prompt":"","seoaic_article_description":"","footnotes":""},"class_list":["post-518026","page","type-page","status-publish","hentry"],"acf":[],"yoast_head":"<!-- This site is optimized with the Yoast SEO plugin v27.1.1 - https:\/\/yoast.com\/product\/yoast-seo-wordpress\/ -->\n<title>Euro-East - Euro-East<\/title>\n<meta name=\"description\" content=\"Euro-East tar dig med p\u00e5 en smakresa fr\u00e5n Baltikum till Balkan. Som livsmedelsimport\u00f6r erbjuder vi de b\u00e4sta delikatesserna fr\u00e5n p\u00e5litliga varum\u00e4rken. F\u00f6r oss \u00e4r mat mer \u00e4n n\u00e4ring \u2013 det \u00e4r en upplevelse som f\u00f6renar m\u00e4nniskor, v\u00e4cker minnen och \u00f6ppnar nya kulturer. F\u00f6lj med och uppt\u00e4ck nya smakrika upplevelser!\" \/>\n<meta name=\"robots\" content=\"index, follow, max-snippet:-1, max-image-preview:large, max-video-preview:-1\" \/>\n<link rel=\"canonical\" href=\"https:\/\/euro-east.fi\/sv\/\" \/>\n<meta property=\"og:locale\" content=\"sv_SE\" \/>\n<meta property=\"og:type\" content=\"article\" \/>\n<meta property=\"og:title\" content=\"Euro-East - Euro-East\" \/>\n<meta property=\"og:description\" content=\"Euro-East tar dig med p\u00e5 en smakresa fr\u00e5n Baltikum till Balkan. Som livsmedelsimport\u00f6r erbjuder vi de b\u00e4sta delikatesserna fr\u00e5n p\u00e5litliga varum\u00e4rken. F\u00f6r oss \u00e4r mat mer \u00e4n n\u00e4ring \u2013 det \u00e4r en upplevelse som f\u00f6renar m\u00e4nniskor, v\u00e4cker minnen och \u00f6ppnar nya kulturer. F\u00f6lj med och uppt\u00e4ck nya smakrika upplevelser!\" \/>\n<meta property=\"og:url\" content=\"https:\/\/euro-east.fi\/sv\/\" \/>\n<meta property=\"og:site_name\" content=\"Euro-East\" \/>\n<meta property=\"article:publisher\" content=\"https:\/\/www.facebook.com\/EuroEast.fi\" \/>\n<meta property=\"article:modified_time\" content=\"2026-04-08T10:15:03+00:00\" \/>\n<meta property=\"og:image\" content=\"https:\/\/euro-east.fi\/wp-content\/uploads\/2023\/03\/Logo-1.png\" \/>\n\t<meta property=\"og:image:width\" content=\"250\" \/>\n\t<meta property=\"og:image:height\" content=\"250\" \/>\n\t<meta property=\"og:image:type\" content=\"image\/png\" \/>\n<meta name=\"twitter:card\" content=\"summary_large_image\" \/>\n<meta name=\"twitter:site\" content=\"@euroeastoy\" \/>\n<script type=\"application\/ld+json\" class=\"yoast-schema-graph\">{\"@context\":\"https:\/\/schema.org\",\"@graph\":[{\"@type\":\"WebPage\",\"@id\":\"https:\/\/euro-east.fi\/sv\/\",\"url\":\"https:\/\/euro-east.fi\/sv\/\",\"name\":\"Euro-East - Euro-East\",\"isPartOf\":{\"@id\":\"https:\/\/euro-east.fi\/#website\"},\"datePublished\":\"2012-03-28T18:33:21+00:00\",\"dateModified\":\"2026-04-08T10:15:03+00:00\",\"description\":\"Euro-East tar dig med p\u00e5 en smakresa fr\u00e5n Baltikum till Balkan. Som livsmedelsimport\u00f6r erbjuder vi de b\u00e4sta delikatesserna fr\u00e5n p\u00e5litliga varum\u00e4rken. F\u00f6r oss \u00e4r mat mer \u00e4n n\u00e4ring \u2013 det \u00e4r en upplevelse som f\u00f6renar m\u00e4nniskor, v\u00e4cker minnen och \u00f6ppnar nya kulturer. F\u00f6lj med och uppt\u00e4ck nya smakrika upplevelser!\",\"breadcrumb\":{\"@id\":\"https:\/\/euro-east.fi\/sv\/#breadcrumb\"},\"inLanguage\":\"sv-SE\",\"potentialAction\":[{\"@type\":\"ReadAction\",\"target\":[\"https:\/\/euro-east.fi\/sv\/\"]}]},{\"@type\":\"BreadcrumbList\",\"@id\":\"https:\/\/euro-east.fi\/sv\/#breadcrumb\",\"itemListElement\":[{\"@type\":\"ListItem\",\"position\":1,\"name\":\"Home\",\"item\":\"https:\/\/euro-east.fi\/sv\/\"},{\"@type\":\"ListItem\",\"position\":2,\"name\":\"Euro-East\"}]},{\"@type\":\"WebSite\",\"@id\":\"https:\/\/euro-east.fi\/#website\",\"url\":\"https:\/\/euro-east.fi\/\",\"name\":\"Euro-East\",\"description\":\"Euro-East vie sinut makumatkalle Baltiasta Balkanille.Euro-East on it\u00e4eurooppalaisten elintarvikkeiden maahantuoja. Tarjoamme parhaita herkkuja Baltiasta Balkaniin. Meilt\u00e4 l\u00f6yd\u00e4t laadukkaita vihannes-, kala- ja lihas\u00e4ilykkeit\u00e4, kastikkeita, jyvi\u00e4, mehuja, keksej\u00e4 ja pakasteita. Tule mukaan makumatkalle ja ihastu ruokakulttuurien herkulliseen kirjoon\",\"publisher\":{\"@id\":\"https:\/\/euro-east.fi\/#organization\"},\"potentialAction\":[{\"@type\":\"SearchAction\",\"target\":{\"@type\":\"EntryPoint\",\"urlTemplate\":\"https:\/\/euro-east.fi\/?s={search_term_string}\"},\"query-input\":{\"@type\":\"PropertyValueSpecification\",\"valueRequired\":true,\"valueName\":\"search_term_string\"}}],\"inLanguage\":\"sv-SE\"},{\"@type\":\"Organization\",\"@id\":\"https:\/\/euro-east.fi\/#organization\",\"name\":\"Euro-East\",\"url\":\"https:\/\/euro-east.fi\/\",\"logo\":{\"@type\":\"ImageObject\",\"inLanguage\":\"sv-SE\",\"@id\":\"https:\/\/euro-east.fi\/#\/schema\/logo\/image\/\",\"url\":\"https:\/\/euro-east.fi\/wp-content\/uploads\/2023\/03\/Logo-1.png\",\"contentUrl\":\"https:\/\/euro-east.fi\/wp-content\/uploads\/2023\/03\/Logo-1.png\",\"width\":250,\"height\":250,\"caption\":\"Euro-East\"},\"image\":{\"@id\":\"https:\/\/euro-east.fi\/#\/schema\/logo\/image\/\"},\"sameAs\":[\"https:\/\/www.facebook.com\/EuroEast.fi\",\"https:\/\/x.com\/euroeastoy\",\"https:\/\/www.instagram.com\/euro.east\/\",\"https:\/\/www.pinterest.com\/euroeast\/\",\"https:\/\/www.youtube.com\/channel\/UCfNlzn0G_n53fATPX6Uw0yw\"]}]}<\/script>\n<!-- \/ Yoast SEO plugin. -->","yoast_head_json":{"title":"Euro-East - Euro-East","description":"Euro-East tar dig med p\u00e5 en smakresa fr\u00e5n Baltikum till Balkan. Som livsmedelsimport\u00f6r erbjuder vi de b\u00e4sta delikatesserna fr\u00e5n p\u00e5litliga varum\u00e4rken. F\u00f6r oss \u00e4r mat mer \u00e4n n\u00e4ring \u2013 det \u00e4r en upplevelse som f\u00f6renar m\u00e4nniskor, v\u00e4cker minnen och \u00f6ppnar nya kulturer. F\u00f6lj med och uppt\u00e4ck nya smakrika upplevelser!","robots":{"index":"index","follow":"follow","max-snippet":"max-snippet:-1","max-image-preview":"max-image-preview:large","max-video-preview":"max-video-preview:-1"},"canonical":"https:\/\/euro-east.fi\/sv\/","og_locale":"sv_SE","og_type":"article","og_title":"Euro-East - Euro-East","og_description":"Euro-East tar dig med p\u00e5 en smakresa fr\u00e5n Baltikum till Balkan. Som livsmedelsimport\u00f6r erbjuder vi de b\u00e4sta delikatesserna fr\u00e5n p\u00e5litliga varum\u00e4rken. F\u00f6r oss \u00e4r mat mer \u00e4n n\u00e4ring \u2013 det \u00e4r en upplevelse som f\u00f6renar m\u00e4nniskor, v\u00e4cker minnen och \u00f6ppnar nya kulturer. F\u00f6lj med och uppt\u00e4ck nya smakrika upplevelser!","og_url":"https:\/\/euro-east.fi\/sv\/","og_site_name":"Euro-East","article_publisher":"https:\/\/www.facebook.com\/EuroEast.fi","article_modified_time":"2026-04-08T10:15:03+00:00","og_image":[{"width":250,"height":250,"url":"https:\/\/euro-east.fi\/wp-content\/uploads\/2023\/03\/Logo-1.png","type":"image\/png"}],"twitter_card":"summary_large_image","twitter_site":"@euroeastoy","schema":{"@context":"https:\/\/schema.org","@graph":[{"@type":"WebPage","@id":"https:\/\/euro-east.fi\/sv\/","url":"https:\/\/euro-east.fi\/sv\/","name":"Euro-East - Euro-East","isPartOf":{"@id":"https:\/\/euro-east.fi\/#website"},"datePublished":"2012-03-28T18:33:21+00:00","dateModified":"2026-04-08T10:15:03+00:00","description":"Euro-East tar dig med p\u00e5 en smakresa fr\u00e5n Baltikum till Balkan. Som livsmedelsimport\u00f6r erbjuder vi de b\u00e4sta delikatesserna fr\u00e5n p\u00e5litliga varum\u00e4rken. F\u00f6r oss \u00e4r mat mer \u00e4n n\u00e4ring \u2013 det \u00e4r en upplevelse som f\u00f6renar m\u00e4nniskor, v\u00e4cker minnen och \u00f6ppnar nya kulturer. F\u00f6lj med och uppt\u00e4ck nya smakrika upplevelser!","breadcrumb":{"@id":"https:\/\/euro-east.fi\/sv\/#breadcrumb"},"inLanguage":"sv-SE","potentialAction":[{"@type":"ReadAction","target":["https:\/\/euro-east.fi\/sv\/"]}]},{"@type":"BreadcrumbList","@id":"https:\/\/euro-east.fi\/sv\/#breadcrumb","itemListElement":[{"@type":"ListItem","position":1,"name":"Home","item":"https:\/\/euro-east.fi\/sv\/"},{"@type":"ListItem","position":2,"name":"Euro-East"}]},{"@type":"WebSite","@id":"https:\/\/euro-east.fi\/#website","url":"https:\/\/euro-east.fi\/","name":"Euro-East","description":"Euro-East vie sinut makumatkalle Baltiasta Balkanille.Euro-East on it\u00e4eurooppalaisten elintarvikkeiden maahantuoja. Tarjoamme parhaita herkkuja Baltiasta Balkaniin. Meilt\u00e4 l\u00f6yd\u00e4t laadukkaita vihannes-, kala- ja lihas\u00e4ilykkeit\u00e4, kastikkeita, jyvi\u00e4, mehuja, keksej\u00e4 ja pakasteita. Tule mukaan makumatkalle ja ihastu ruokakulttuurien herkulliseen kirjoon","publisher":{"@id":"https:\/\/euro-east.fi\/#organization"},"potentialAction":[{"@type":"SearchAction","target":{"@type":"EntryPoint","urlTemplate":"https:\/\/euro-east.fi\/?s={search_term_string}"},"query-input":{"@type":"PropertyValueSpecification","valueRequired":true,"valueName":"search_term_string"}}],"inLanguage":"sv-SE"},{"@type":"Organization","@id":"https:\/\/euro-east.fi\/#organization","name":"Euro-East","url":"https:\/\/euro-east.fi\/","logo":{"@type":"ImageObject","inLanguage":"sv-SE","@id":"https:\/\/euro-east.fi\/#\/schema\/logo\/image\/","url":"https:\/\/euro-east.fi\/wp-content\/uploads\/2023\/03\/Logo-1.png","contentUrl":"https:\/\/euro-east.fi\/wp-content\/uploads\/2023\/03\/Logo-1.png","width":250,"height":250,"caption":"Euro-East"},"image":{"@id":"https:\/\/euro-east.fi\/#\/schema\/logo\/image\/"},"sameAs":["https:\/\/www.facebook.com\/EuroEast.fi","https:\/\/x.com\/euroeastoy","https:\/\/www.instagram.com\/euro.east\/","https:\/\/www.pinterest.com\/euroeast\/","https:\/\/www.youtube.com\/channel\/UCfNlzn0G_n53fATPX6Uw0yw"]}]}},"_links":{"self":[{"href":"https:\/\/euro-east.fi\/sv\/wp-json\/wp\/v2\/pages\/518026","targetHints":{"allow":["GET"]}}],"collection":[{"href":"https:\/\/euro-east.fi\/sv\/wp-json\/wp\/v2\/pages"}],"about":[{"href":"https:\/\/euro-east.fi\/sv\/wp-json\/wp\/v2\/types\/page"}],"author":[{"embeddable":true,"href":"https:\/\/euro-east.fi\/sv\/wp-json\/wp\/v2\/users\/1"}],"replies":[{"embeddable":true,"href":"https:\/\/euro-east.fi\/sv\/wp-json\/wp\/v2\/comments?post=518026"}],"version-history":[{"count":8,"href":"https:\/\/euro-east.fi\/sv\/wp-json\/wp\/v2\/pages\/518026\/revisions"}],"predecessor-version":[{"id":527170,"href":"https:\/\/euro-east.fi\/sv\/wp-json\/wp\/v2\/pages\/518026\/revisions\/527170"}],"wp:attachment":[{"href":"https:\/\/euro-east.fi\/sv\/wp-json\/wp\/v2\/media?parent=518026"}],"curies":[{"name":"wp","href":"https:\/\/api.w.org\/{rel}","templated":true}]}}