{"id":518334,"date":"2023-12-11T09:32:45","date_gmt":"2023-12-11T07:32:45","guid":{"rendered":"https:\/\/euro-east.fi\/?page_id=518334"},"modified":"2023-12-20T09:40:55","modified_gmt":"2023-12-20T07:40:55","slug":"aterforsaljare-2","status":"publish","type":"page","link":"https:\/\/euro-east.fi\/sv\/aterforsaljare-2\/","title":{"rendered":"\u00c5terf\u00f6rs\u00e4ljare"},"content":{"rendered":"<p>S\u00f6ker du efter h\u00f6gkvalitativa industriella livsmedelsprodukter fr\u00e5n \u00d6steuropa f\u00f6r ditt f\u00f6retag? Euro-East Oy erbjuder ett brett utbud av h\u00f6gkvalitativa livsmedelsprodukter direkt fr\u00e5n tillverkare i \u00d6steuropa. Vi \u00e4r stolta \u00f6ver att kunna leverera h\u00f6gkvalitativa produkter till v\u00e5ra B2B-kunder runt om i Finland och utomlands.<\/p>\n<p><strong>Varf\u00f6r v\u00e4lja Euro-East?<\/strong><\/p>\n<p>H\u00f6gkvalitativa produkter: Vi erbjuder h\u00f6gkvalitativa och smakrika livsmedelsprodukter direkt fr\u00e5n tillverkare med l\u00e5ng och gedigen erfarenhet inom branschen. Brett sortiment: V\u00e5rt sortiment innefattar ett brett urval av l\u00e4ckra produkter som passar olika gastronomiska behov. Det finns definitivt n\u00e5got f\u00f6r alla i v\u00e5rt sortiment! Tillf\u00f6rlitlighet och samarbete: Vi satsar p\u00e5 l\u00e5ngsiktiga partnerskap med tillverkare och \u00e5terf\u00f6rs\u00e4ljare f\u00f6r att s\u00e4kerst\u00e4lla kontinuerlig kvalitet och p\u00e5litlig leverans. V\u00e5rt m\u00e5l \u00e4r att vara v\u00e5ra kunders mest p\u00e5litliga partner och s\u00e4kerst\u00e4lla det b\u00e4sta samarbetet f\u00f6r dem. Kunnig kundservice: Vi \u00e4r h\u00e4r f\u00f6r att hj\u00e4lpa dig hitta de b\u00e4sta l\u00f6sningarna f\u00f6r ditt f\u00f6retags behov. Kundn\u00f6jdhet \u00e4r av h\u00f6gsta vikt f\u00f6r oss.<\/p>\n<p>\u00c4r du intresserad av specifika produkter eller vill diskutera samarbetsm\u00f6jligheter? Kontakta oss via formul\u00e4ret nedan eller direkt genom v\u00e5r kundservice.<\/p>\n<p><strong>F\u00f6retagskundtj\u00e4nst, Best\u00e4llningar och Fakturering:<\/strong> Telefon: +358 20 792 0290 E-post: <a href=\"mailto:euroeast@euro-east.fi\" target=\"_new\" rel=\"noopener\">euroeast@euro-east.fi<\/a><\/p>\n\n<div class=\"wpcf7 no-js\" id=\"wpcf7-f518711-o1\" lang=\"en-US\" dir=\"ltr\" data-wpcf7-id=\"518711\">\n<div class=\"screen-reader-response\"><p role=\"status\" aria-live=\"polite\" aria-atomic=\"true\"><\/p> <ul><\/ul><\/div>\n<form action=\"\/sv\/wp-json\/wp\/v2\/pages\/518334#wpcf7-f518711-o1\" method=\"post\" class=\"wpcf7-form init\" aria-label=\"Contact form\" novalidate=\"novalidate\" data-status=\"init\">\n<fieldset class=\"hidden-fields-container\"><input type=\"hidden\" name=\"_wpcf7\" value=\"518711\" \/><input type=\"hidden\" name=\"_wpcf7_version\" value=\"6.1.5\" \/><input type=\"hidden\" name=\"_wpcf7_locale\" value=\"en_US\" \/><input type=\"hidden\" name=\"_wpcf7_unit_tag\" value=\"wpcf7-f518711-o1\" \/><input type=\"hidden\" name=\"_wpcf7_container_post\" value=\"0\" \/><input type=\"hidden\" name=\"_wpcf7_posted_data_hash\" value=\"\" \/><input type=\"hidden\" name=\"_wpcf7_recaptcha_response\" value=\"\" \/>\n<\/fieldset>\n<p><label class=\"honeypot-field\"> <span class=\"wpcf7-form-control-wrap\" data-name=\"name_honey\"><input size=\"40\" maxlength=\"400\" class=\"wpcf7-form-control wpcf7-text\" aria-invalid=\"false\" value=\"\" type=\"text\" name=\"name_honey\" \/><\/span> <\/label><br \/>\n<span class=\"wpcf7-form-control-wrap\" data-name=\"your-name\"><input size=\"40\" maxlength=\"400\" class=\"wpcf7-form-control wpcf7-text wpcf7-validates-as-required\" aria-required=\"true\" aria-invalid=\"false\" placeholder=\"Namn\" value=\"\" type=\"text\" name=\"your-name\" \/><\/span>\n<\/p>\n<p><span class=\"wpcf7-form-control-wrap\" data-name=\"your-sukunimi\"><input size=\"40\" maxlength=\"400\" class=\"wpcf7-form-control wpcf7-text wpcf7-validates-as-required\" aria-required=\"true\" aria-invalid=\"false\" placeholder=\"Efternam\" value=\"\" type=\"text\" name=\"your-sukunimi\" \/><\/span>\n<\/p>\n<p><span class=\"wpcf7-form-control-wrap\" data-name=\"your-email\"><input size=\"40\" maxlength=\"400\" class=\"wpcf7-form-control wpcf7-email wpcf7-validates-as-required wpcf7-text wpcf7-validates-as-email\" aria-required=\"true\" aria-invalid=\"false\" placeholder=\"E-post\" value=\"\" type=\"email\" name=\"your-email\" \/><\/span>\n<\/p>\n<p><span class=\"wpcf7-form-control-wrap\" data-name=\"textarea-740\"><textarea cols=\"40\" rows=\"10\" maxlength=\"2000\" class=\"wpcf7-form-control wpcf7-textarea wpcf7-validates-as-required\" aria-required=\"true\" aria-invalid=\"false\" name=\"textarea-740\">Skriva din Meddelande<\/textarea><\/span>\n<\/p>\n<p><input class=\"wpcf7-form-control wpcf7-submit has-spinner\" type=\"submit\" value=\"Skicka\" \/>\n<\/p><div class=\"wpcf7-response-output\" aria-hidden=\"true\"><\/div>\n<\/form>\n<\/div>\n\n","protected":false},"excerpt":{"rendered":"<p>S\u00f6ker du efter h\u00f6gkvalitativa industriella livsmedelsprodukter fr\u00e5n \u00d6steuropa f\u00f6r ditt f\u00f6retag? Euro-East Oy erbjuder ett brett utbud av h\u00f6gkvalitativa livsmedelsprodukter direkt fr\u00e5n tillverkare i \u00d6steuropa. Vi \u00e4r stolta \u00f6ver att kunna leverera h\u00f6gkvalitativa produkter till v\u00e5ra B2B-kunder runt om i Finland och utomlands. Varf\u00f6r v\u00e4lja Euro-East? H\u00f6gkvalitativa produkter: Vi erbjuder h\u00f6gkvalitativa och smakrika livsmedelsprodukter direkt [&hellip;]<\/p>\n","protected":false},"author":79,"featured_media":0,"parent":0,"menu_order":0,"comment_status":"closed","ping_status":"closed","template":"","meta":{"_acf_changed":false,"content-type":"","_improvement_type_select":"improve_an_existing","_thumb_yes_seoaic":false,"_frame_yes_seoaic":false,"seoaic_generate_description":"","seoaic_improve_instructions_prompt":"","seoaic_rollback_content_improvement":"","seoaic_idea_thumbnail_generator":"","thumbnail_generated":false,"thumbnail_generate_prompt":"","seoaic_article_description":"","footnotes":""},"class_list":["post-518334","page","type-page","status-publish","hentry"],"acf":[],"yoast_head":"<!-- This site is optimized with the Yoast SEO plugin v27.1.1 - https:\/\/yoast.com\/product\/yoast-seo-wordpress\/ -->\n<title>\u00c5terf\u00f6rs\u00e4ljare - Euro-East<\/title>\n<meta name=\"robots\" content=\"index, follow, max-snippet:-1, max-image-preview:large, max-video-preview:-1\" \/>\n<link rel=\"canonical\" href=\"https:\/\/euro-east.fi\/sv\/aterforsaljare-2\/\" \/>\n<meta property=\"og:locale\" content=\"sv_SE\" \/>\n<meta property=\"og:type\" content=\"article\" \/>\n<meta property=\"og:title\" content=\"\u00c5terf\u00f6rs\u00e4ljare - Euro-East\" \/>\n<meta property=\"og:description\" content=\"S\u00f6ker du efter h\u00f6gkvalitativa industriella livsmedelsprodukter fr\u00e5n \u00d6steuropa f\u00f6r ditt f\u00f6retag? Euro-East Oy erbjuder ett brett utbud av h\u00f6gkvalitativa livsmedelsprodukter direkt fr\u00e5n tillverkare i \u00d6steuropa. Vi \u00e4r stolta \u00f6ver att kunna leverera h\u00f6gkvalitativa produkter till v\u00e5ra B2B-kunder runt om i Finland och utomlands. Varf\u00f6r v\u00e4lja Euro-East? H\u00f6gkvalitativa produkter: Vi erbjuder h\u00f6gkvalitativa och smakrika livsmedelsprodukter direkt [&hellip;]\" \/>\n<meta property=\"og:url\" content=\"https:\/\/euro-east.fi\/sv\/aterforsaljare-2\/\" \/>\n<meta property=\"og:site_name\" content=\"Euro-East\" \/>\n<meta property=\"article:publisher\" content=\"https:\/\/www.facebook.com\/EuroEast.fi\" \/>\n<meta property=\"article:modified_time\" content=\"2023-12-20T07:40:55+00:00\" \/>\n<meta property=\"og:image\" content=\"https:\/\/euro-east.fi\/wp-content\/uploads\/2023\/03\/Logo-1.png\" \/>\n\t<meta property=\"og:image:width\" content=\"250\" \/>\n\t<meta property=\"og:image:height\" content=\"250\" \/>\n\t<meta property=\"og:image:type\" content=\"image\/png\" \/>\n<meta name=\"twitter:card\" content=\"summary_large_image\" \/>\n<meta name=\"twitter:site\" content=\"@euroeastoy\" \/>\n<meta name=\"twitter:label1\" content=\"Ber\u00e4knad l\u00e4stid\" \/>\n\t<meta name=\"twitter:data1\" content=\"2 minutes\" \/>\n<script type=\"application\/ld+json\" class=\"yoast-schema-graph\">{\"@context\":\"https:\/\/schema.org\",\"@graph\":[{\"@type\":\"WebPage\",\"@id\":\"https:\/\/euro-east.fi\/sv\/aterforsaljare-2\/\",\"url\":\"https:\/\/euro-east.fi\/sv\/aterforsaljare-2\/\",\"name\":\"\u00c5terf\u00f6rs\u00e4ljare - Euro-East\",\"isPartOf\":{\"@id\":\"https:\/\/euro-east.fi\/#website\"},\"datePublished\":\"2023-12-11T07:32:45+00:00\",\"dateModified\":\"2023-12-20T07:40:55+00:00\",\"breadcrumb\":{\"@id\":\"https:\/\/euro-east.fi\/sv\/aterforsaljare-2\/#breadcrumb\"},\"inLanguage\":\"sv-SE\",\"potentialAction\":[{\"@type\":\"ReadAction\",\"target\":[\"https:\/\/euro-east.fi\/sv\/aterforsaljare-2\/\"]}]},{\"@type\":\"BreadcrumbList\",\"@id\":\"https:\/\/euro-east.fi\/sv\/aterforsaljare-2\/#breadcrumb\",\"itemListElement\":[{\"@type\":\"ListItem\",\"position\":1,\"name\":\"Home\",\"item\":\"https:\/\/euro-east.fi\/sv\/\"},{\"@type\":\"ListItem\",\"position\":2,\"name\":\"\u00c5terf\u00f6rs\u00e4ljare\"}]},{\"@type\":\"WebSite\",\"@id\":\"https:\/\/euro-east.fi\/#website\",\"url\":\"https:\/\/euro-east.fi\/\",\"name\":\"Euro-East\",\"description\":\"Euro-East vie sinut makumatkalle Baltiasta Balkanille.Euro-East on it\u00e4eurooppalaisten elintarvikkeiden maahantuoja. Tarjoamme parhaita herkkuja Baltiasta Balkaniin. Meilt\u00e4 l\u00f6yd\u00e4t laadukkaita vihannes-, kala- ja lihas\u00e4ilykkeit\u00e4, kastikkeita, jyvi\u00e4, mehuja, keksej\u00e4 ja pakasteita. Tule mukaan makumatkalle ja ihastu ruokakulttuurien herkulliseen kirjoon\",\"publisher\":{\"@id\":\"https:\/\/euro-east.fi\/#organization\"},\"potentialAction\":[{\"@type\":\"SearchAction\",\"target\":{\"@type\":\"EntryPoint\",\"urlTemplate\":\"https:\/\/euro-east.fi\/?s={search_term_string}\"},\"query-input\":{\"@type\":\"PropertyValueSpecification\",\"valueRequired\":true,\"valueName\":\"search_term_string\"}}],\"inLanguage\":\"sv-SE\"},{\"@type\":\"Organization\",\"@id\":\"https:\/\/euro-east.fi\/#organization\",\"name\":\"Euro-East\",\"url\":\"https:\/\/euro-east.fi\/\",\"logo\":{\"@type\":\"ImageObject\",\"inLanguage\":\"sv-SE\",\"@id\":\"https:\/\/euro-east.fi\/#\/schema\/logo\/image\/\",\"url\":\"https:\/\/euro-east.fi\/wp-content\/uploads\/2023\/03\/Logo-1.png\",\"contentUrl\":\"https:\/\/euro-east.fi\/wp-content\/uploads\/2023\/03\/Logo-1.png\",\"width\":250,\"height\":250,\"caption\":\"Euro-East\"},\"image\":{\"@id\":\"https:\/\/euro-east.fi\/#\/schema\/logo\/image\/\"},\"sameAs\":[\"https:\/\/www.facebook.com\/EuroEast.fi\",\"https:\/\/x.com\/euroeastoy\",\"https:\/\/www.instagram.com\/euro.east\/\",\"https:\/\/www.pinterest.com\/euroeast\/\",\"https:\/\/www.youtube.com\/channel\/UCfNlzn0G_n53fATPX6Uw0yw\"]}]}<\/script>\n<!-- \/ Yoast SEO plugin. -->","yoast_head_json":{"title":"\u00c5terf\u00f6rs\u00e4ljare - Euro-East","robots":{"index":"index","follow":"follow","max-snippet":"max-snippet:-1","max-image-preview":"max-image-preview:large","max-video-preview":"max-video-preview:-1"},"canonical":"https:\/\/euro-east.fi\/sv\/aterforsaljare-2\/","og_locale":"sv_SE","og_type":"article","og_title":"\u00c5terf\u00f6rs\u00e4ljare - Euro-East","og_description":"S\u00f6ker du efter h\u00f6gkvalitativa industriella livsmedelsprodukter fr\u00e5n \u00d6steuropa f\u00f6r ditt f\u00f6retag? Euro-East Oy erbjuder ett brett utbud av h\u00f6gkvalitativa livsmedelsprodukter direkt fr\u00e5n tillverkare i \u00d6steuropa. Vi \u00e4r stolta \u00f6ver att kunna leverera h\u00f6gkvalitativa produkter till v\u00e5ra B2B-kunder runt om i Finland och utomlands. Varf\u00f6r v\u00e4lja Euro-East? H\u00f6gkvalitativa produkter: Vi erbjuder h\u00f6gkvalitativa och smakrika livsmedelsprodukter direkt [&hellip;]","og_url":"https:\/\/euro-east.fi\/sv\/aterforsaljare-2\/","og_site_name":"Euro-East","article_publisher":"https:\/\/www.facebook.com\/EuroEast.fi","article_modified_time":"2023-12-20T07:40:55+00:00","og_image":[{"width":250,"height":250,"url":"https:\/\/euro-east.fi\/wp-content\/uploads\/2023\/03\/Logo-1.png","type":"image\/png"}],"twitter_card":"summary_large_image","twitter_site":"@euroeastoy","twitter_misc":{"Ber\u00e4knad l\u00e4stid":"2 minutes"},"schema":{"@context":"https:\/\/schema.org","@graph":[{"@type":"WebPage","@id":"https:\/\/euro-east.fi\/sv\/aterforsaljare-2\/","url":"https:\/\/euro-east.fi\/sv\/aterforsaljare-2\/","name":"\u00c5terf\u00f6rs\u00e4ljare - Euro-East","isPartOf":{"@id":"https:\/\/euro-east.fi\/#website"},"datePublished":"2023-12-11T07:32:45+00:00","dateModified":"2023-12-20T07:40:55+00:00","breadcrumb":{"@id":"https:\/\/euro-east.fi\/sv\/aterforsaljare-2\/#breadcrumb"},"inLanguage":"sv-SE","potentialAction":[{"@type":"ReadAction","target":["https:\/\/euro-east.fi\/sv\/aterforsaljare-2\/"]}]},{"@type":"BreadcrumbList","@id":"https:\/\/euro-east.fi\/sv\/aterforsaljare-2\/#breadcrumb","itemListElement":[{"@type":"ListItem","position":1,"name":"Home","item":"https:\/\/euro-east.fi\/sv\/"},{"@type":"ListItem","position":2,"name":"\u00c5terf\u00f6rs\u00e4ljare"}]},{"@type":"WebSite","@id":"https:\/\/euro-east.fi\/#website","url":"https:\/\/euro-east.fi\/","name":"Euro-East","description":"Euro-East vie sinut makumatkalle Baltiasta Balkanille.Euro-East on it\u00e4eurooppalaisten elintarvikkeiden maahantuoja. Tarjoamme parhaita herkkuja Baltiasta Balkaniin. Meilt\u00e4 l\u00f6yd\u00e4t laadukkaita vihannes-, kala- ja lihas\u00e4ilykkeit\u00e4, kastikkeita, jyvi\u00e4, mehuja, keksej\u00e4 ja pakasteita. Tule mukaan makumatkalle ja ihastu ruokakulttuurien herkulliseen kirjoon","publisher":{"@id":"https:\/\/euro-east.fi\/#organization"},"potentialAction":[{"@type":"SearchAction","target":{"@type":"EntryPoint","urlTemplate":"https:\/\/euro-east.fi\/?s={search_term_string}"},"query-input":{"@type":"PropertyValueSpecification","valueRequired":true,"valueName":"search_term_string"}}],"inLanguage":"sv-SE"},{"@type":"Organization","@id":"https:\/\/euro-east.fi\/#organization","name":"Euro-East","url":"https:\/\/euro-east.fi\/","logo":{"@type":"ImageObject","inLanguage":"sv-SE","@id":"https:\/\/euro-east.fi\/#\/schema\/logo\/image\/","url":"https:\/\/euro-east.fi\/wp-content\/uploads\/2023\/03\/Logo-1.png","contentUrl":"https:\/\/euro-east.fi\/wp-content\/uploads\/2023\/03\/Logo-1.png","width":250,"height":250,"caption":"Euro-East"},"image":{"@id":"https:\/\/euro-east.fi\/#\/schema\/logo\/image\/"},"sameAs":["https:\/\/www.facebook.com\/EuroEast.fi","https:\/\/x.com\/euroeastoy","https:\/\/www.instagram.com\/euro.east\/","https:\/\/www.pinterest.com\/euroeast\/","https:\/\/www.youtube.com\/channel\/UCfNlzn0G_n53fATPX6Uw0yw"]}]}},"_links":{"self":[{"href":"https:\/\/euro-east.fi\/sv\/wp-json\/wp\/v2\/pages\/518334","targetHints":{"allow":["GET"]}}],"collection":[{"href":"https:\/\/euro-east.fi\/sv\/wp-json\/wp\/v2\/pages"}],"about":[{"href":"https:\/\/euro-east.fi\/sv\/wp-json\/wp\/v2\/types\/page"}],"author":[{"embeddable":true,"href":"https:\/\/euro-east.fi\/sv\/wp-json\/wp\/v2\/users\/79"}],"replies":[{"embeddable":true,"href":"https:\/\/euro-east.fi\/sv\/wp-json\/wp\/v2\/comments?post=518334"}],"version-history":[{"count":0,"href":"https:\/\/euro-east.fi\/sv\/wp-json\/wp\/v2\/pages\/518334\/revisions"}],"wp:attachment":[{"href":"https:\/\/euro-east.fi\/sv\/wp-json\/wp\/v2\/media?parent=518334"}],"curies":[{"name":"wp","href":"https:\/\/api.w.org\/{rel}","templated":true}]}}