{"id":518347,"date":"2023-12-11T12:41:52","date_gmt":"2023-12-11T10:41:52","guid":{"rendered":"https:\/\/euro-east.fi\/?page_id=518347"},"modified":"2026-04-08T12:27:09","modified_gmt":"2026-04-08T09:27:09","slug":"leverans-och-betalningsvillkor","status":"publish","type":"page","link":"https:\/\/euro-east.fi\/sv\/leverans-och-betalningsvillkor\/","title":{"rendered":"Leverans- och betalningsvillkor"},"content":{"rendered":"<p><strong>Leverans- och betalningsvillkor f\u00f6r Euro-East&#8217;s onlinebutik fr\u00e5n och med 12.3.2026<\/strong><\/p>\n<p><span data-contrast=\"none\">Euro-East Oy 1034816-6 s\u00e4ljer produkter till privatpersoner och f\u00f6retag \u00f6ver hela fastlandsfinland. Vi levererar inte best\u00e4llningar fr\u00e5n n\u00e4tbutiken till postnummer p\u00e5 \u00c5land. Vi f\u00f6rbeh\u00e5ller oss r\u00e4tten till \u00e4ndringar av leveransvillkor och priser. Produkternas priser inkluderar merv\u00e4rdesskatt. Kontaktinformation f\u00f6r onlinebutiken E-post: <\/span><a href=\"mailto:asiakaspalvelu@euro-east.fi\"><span data-contrast=\"none\">asiakaspalvelu@euro-east.fi<\/span><\/a><span data-contrast=\"none\"> Telefon: +358 20 792 0290 Adress: Ahokyl\u00e4nkatu 7, 20780 Kaarina.<\/span><\/p>\n<p><strong>Best\u00e4llning \u00a0<\/strong><\/p>\n<p>Du kan best\u00e4lla produkter fr\u00e5n Euro-East webbutik antingen genom att registrera dig som kund eller utan registrering. Betalningen sker via en s\u00e4ker SSL-anslutning genom bank eller betalningstj\u00e4nstleverant\u00f6r f\u00f6r att garantera en trygg betalning.\u00a0Av s\u00e4kerhetssk\u00e4l kan betalningsuppgifter inte hanteras via telefon eller e-post.\u00a0Best\u00e4llningar g\u00f6rs via webbutiken p\u00e5:<br data-start=\"451\" data-end=\"454\" \/><strong data-start=\"454\" data-end=\"481\"><a class=\"decorated-link\" href=\"http:\/\/www.euro-east.fi\/kauppa\" target=\"_new\" rel=\"noopener\" data-start=\"456\" data-end=\"479\">www.euro-east.fi\/kauppa<\/a><\/strong><\/p>\n<p>En orderbekr\u00e4ftelse skickas till den angivna e-postadressen f\u00f6r alla lyckade best\u00e4llningar. Webbutiken anv\u00e4nder cookies f\u00f6r att s\u00e4kerst\u00e4lla att tj\u00e4nsten fungerar korrekt.<\/p>\n<p data-section-id=\"obgw1p\" data-start=\"663\" data-end=\"695\"><strong>S\u00e5 h\u00e4r g\u00f6r du en best\u00e4llning<\/strong><\/p>\n<ul data-start=\"697\" data-end=\"995\">\n<li data-section-id=\"7aeo50\" data-start=\"697\" data-end=\"751\">V\u00e4lj \u00f6nskat antal med plus- och minusknapparna<\/li>\n<li data-section-id=\"1iw5coc\" data-start=\"752\" data-end=\"823\">L\u00e4gg produkten i kundvagnen genom att klicka p\u00e5 kundvagnsikonen<\/li>\n<li data-section-id=\"192qwcz\" data-start=\"824\" data-end=\"924\">Du kan n\u00e4r som helst kontrollera inneh\u00e5llet i kundvagnen via kundvagnsikonen uppe till h\u00f6ger<\/li>\n<li data-section-id=\"1k4grmg\" data-start=\"925\" data-end=\"995\">Kontrollera din best\u00e4llning innan du g\u00e5r vidare till betalningen<\/li>\n<\/ul>\n<p>Obs: Den f\u00f6rs\u00e4ljningsenhet som anges i produktinformationen \u00e4r endast informativ och utg\u00f6r inte en minsta best\u00e4llningsm\u00e4ngd.<\/p>\n<p><strong>Priser \u00a0<\/strong><\/p>\n<p><span data-contrast=\"none\">De aktuella priserna f\u00f6r produkterna anges p\u00e5 webbplatsen. Priserna inkluderar moms. Kostnaden f\u00f6r det valda leveranss\u00e4ttet l\u00e4ggs till det totala beloppet vid slutet av best\u00e4llningen. Euro-East Oy f\u00f6rbeh\u00e5ller sig r\u00e4tten att \u00e4ndra priser. Euro-East har r\u00e4tt att annullera en kunds best\u00e4llning om prisinformation eller tillg\u00e4nglighet p\u00e5 webbplatsen \u00e4r felaktig p\u00e5 grund av tekniska eller andra problem. <\/span><span data-ccp-props=\"{&quot;134233118&quot;:false,&quot;201341983&quot;:0,&quot;335551550&quot;:0,&quot;335551620&quot;:0,&quot;335559739&quot;:160,&quot;335559740&quot;:257}\">\u00a0<\/span><\/p>\n<p><span data-ccp-props=\"{&quot;134233118&quot;:false,&quot;201341983&quot;:0,&quot;335551550&quot;:0,&quot;335551620&quot;:0,&quot;335559739&quot;:160,&quot;335559740&quot;:257}\">\u00a0<\/span><span data-contrast=\"none\"><strong>Betalning<\/strong> <\/span><span data-ccp-props=\"{&quot;134233118&quot;:false,&quot;201341983&quot;:0,&quot;335551550&quot;:0,&quot;335551620&quot;:0,&quot;335559739&quot;:160,&quot;335559740&quot;:257}\">\u00a0<\/span><\/p>\n<p><span data-contrast=\"none\">Du kan betala direkt fr\u00e5n onlinebanken, med kreditkort eller via faktura\/delbetalning. Betalningen g\u00f6rs i en s\u00e4ker anslutning. Viva Payment Services S.A., finsk filial (3125989-1) fungerar som betalningsleverant\u00f6r. Via Viva Payment Services kan du betala med kort, genom faktura och via Trustly med hj\u00e4lp av en mobilbank. Vid klagom\u00e5l, kontakta f\u00f6rst produktleverant\u00f6ren. Viva Payments A.S., finsk filial, organisationsnummer: 3125989-1 K\u00e4enkuja 3 A, 5:e v\u00e5ningen, 00500 Helsingfors, Telefon: +358942457454, <\/span><a href=\"http:\/\/www.vivawallet.com\/\"><span data-contrast=\"none\">www.vivawallet.com<\/span><\/a><span data-contrast=\"none\"> Betalningsmetoder Genom Viva wallet-tj\u00e4nsten kan du betala via onlinebank, en e-pl\u00e5nbok, kredit-\/betalkort. F\u00f6ljande betalningsmetoder \u00e4r tillg\u00e4ngliga: Osuuspankki, Nordea, Danske Bank, Oma S\u00e4\u00e4st\u00f6pankki, S\u00e4\u00e4st\u00f6pankki, Aktia, Paikallisosuuspankit, S-Pankki, Handelsbanken, \u00c5landsbanken, MobilePay, Masterpass, Visa, Visa Debit, Visa Electron, MasterCard och Debit MasterCard-kort<\/span><span data-ccp-props=\"{&quot;134233118&quot;:false,&quot;201341983&quot;:0,&quot;335551550&quot;:0,&quot;335551620&quot;:0,&quot;335559739&quot;:160,&quot;335559740&quot;:257}\">\u00a0<\/span><\/p>\n<p><strong>Leverans \u00a0<\/strong><\/p>\n<p>Vi levererar produkter till adresser i Finland via PostNord, antingen som hemleverans eller till ett valfritt utl\u00e4mningsst\u00e4lle. Du kan enkelt v\u00e4lja leveranss\u00e4tt och utl\u00e4mningsst\u00e4lle i kassan. Best\u00e4llningar skickas p\u00e5 vardagar. Den ber\u00e4knade leveranstiden f\u00f6r produkter som finns i lager \u00e4r vanligtvis 2\u20134 arbetsdagar.\u00a0Leveranskostnaderna beror p\u00e5 valt leveranss\u00e4tt, eventuella till\u00e4ggstj\u00e4nster samt best\u00e4llningens vikt och storlek. Du ser leveranskostnaderna i webbutikens kassa innan du bekr\u00e4ftar din best\u00e4llning.\u00a0Om en produkt f\u00f6rsvinner eller skadas under transporten, v\u00e4nligen meddela oss utan dr\u00f6jsm\u00e5l, dock senast inom 14 dagar, via e-post till <a class=\"decorated-link cursor-pointer\" rel=\"noopener\" data-start=\"762\" data-end=\"789\">asiakaspalvelu@euro-east.fi<\/a>.\u00a0Paket som skadats under transport ska \u00e4ven anm\u00e4las direkt till transportf\u00f6retaget PostNord.<\/p>\n<p><strong>Post Nord leverans till utl\u00e4mningsst\u00e4lle<\/strong><\/p>\n<p>Best\u00e4llningen levereras via PostNord till det utl\u00e4mningsst\u00e4lle eller paketautomat som valts i kassan. Om kunden inte har valt ett utl\u00e4mningsst\u00e4lle levereras f\u00f6rs\u00e4ndelsen till det n\u00e4rmaste tillg\u00e4ngliga PostNord-utl\u00e4mningsst\u00e4llet baserat p\u00e5 leveransadressen.<\/p>\n<p>Om det valda utl\u00e4mningsst\u00e4llet \u00e4r fullt eller \u00f6verbelastat kan PostNord omdirigera f\u00f6rs\u00e4ndelsen till ett n\u00e4rliggande alternativt utl\u00e4mningsst\u00e4lle.Kunden ansvarar f\u00f6r att de kontaktuppgifter som anges i best\u00e4llningen (leveransadress, telefonnummer och e-postadress) \u00e4r korrekta s\u00e5 att transportf\u00f6retaget kan leverera f\u00f6rs\u00e4ndelsen och skicka en avisering.Euro-East skickar ett sp\u00e5rningsnummer till den e-postadress som kunden har angett n\u00e4r best\u00e4llningen har skickats. F\u00f6rs\u00e4ndelsen kan f\u00f6ljas via PostNords sp\u00e5rningstj\u00e4nst.<\/p>\n<p>PostNord skickar en avisering via SMS eller e-post n\u00e4r f\u00f6rs\u00e4ndelsen \u00e4r redo att h\u00e4mtas. Best\u00e4llningen kan h\u00e4mtas med hj\u00e4lp av aviseringen eller sp\u00e5rningsnumret. F\u00f6rs\u00e4ndelser f\u00f6rvaras vid utl\u00e4mningsst\u00e4llet i h\u00f6gst 7 dagar. Se ditt n\u00e4rmaste PostNord-uth\u00e4mtningsst\u00e4lle <a href=\"https:\/\/www.postnord.fi\/sv\/vara-verktyg\/servicestalleinformation\/\">h\u00e4r<\/a>. Kontakta\u00a0PostNords\u00a0kundtj\u00e4nst\u00a0<a href=\"https:\/\/www.postnord.fi\/sv\/kundtjanst\/\">h\u00e4r<\/a>.\u00a0Mer information om leverans och transportvillkor finns p\u00e5 <a href=\"https:\/\/www.postnord.fi\/vastaanota\/toimitus-noutopisteeseen\/\">PostNords webbplats<\/a>.<\/p>\n<p>Att inte h\u00e4mta ut paketet Observera att att inte h\u00e4mta ut paketet fr\u00e5n PostNord inte betraktas som kundretur. Om paketet l\u00e4mnas kvar och PostNord returnerar det till oss debiterar vi en \u00e5terv\u00e4ndningsavgift p\u00e5 15 \u20ac.<\/p>\n<p><strong>PostNord Hem<\/strong><\/p>\n<p>Leverans till din d\u00f6rr p\u00e5 avtalad tid.\u00a0Sp\u00e5rvara leveranser i realtid \u00e4ven p\u00e5 kv\u00e4llarna i de st\u00f6rsta st\u00e4derna. \u00c4ndra din leverans enlight \u00f6nslem\u00e5l. Ber\u00e4knad leveranstid 1-4 dagar. Anpassa din leverans i PostNord-appen. PostNord levererar paketet till din d\u00f6rr p\u00e5 avtalad tid p\u00e5 vardagarna mellan kl\u00a08\u201321 beroende p\u00e5 leveransomr\u00e5de. Du kommer att meddelas om en kommande leverans via appen, sms eller mejl. Du kan \u00e4ndra leveranstiden eller ge till\u00e5telse att l\u00e4mna leveransen bakom d\u00f6rren om du inte \u00e4r hemma vid leveranstillf\u00e4llet via l\u00e4nken i aviseringen. Dessutom kan du fylla i ytterligare information, som t ex d\u00f6rrkod, eller \u00e4ndra hemleveransen till\u00a0uth\u00e4mtningsleverans. Kontakta\u00a0PostNords\u00a0kundtj\u00e4nst\u00a0<a href=\"https:\/\/www.postnord.fi\/sv\/kundtjanst\/\">h\u00e4r<\/a><\/p>\n<p><strong>H\u00e4mtning fr\u00e5n Euro-East lager <\/strong><\/p>\n<p>Best\u00e4llningar kan h\u00e4mtas fr\u00e5n Euro-East lager p\u00e5 vardagar kl. 8.30\u201316.00.\u00a0Euro-East skickar ett meddelande via e-post eller SMS n\u00e4r best\u00e4llningen \u00e4r redo att h\u00e4mtas.\u00a0F\u00f6r f\u00f6rbetalda best\u00e4llningar m\u00e5ste den som h\u00e4mtar best\u00e4llningen styrka sin identitet. Ta med en giltig legitimation, till exempel pass, k\u00f6rkort eller identitetskort.\u00a0Best\u00e4llningen ska h\u00e4mtas inom 7 dagar fr\u00e5n det att aviseringen skickats.\u00a0Best\u00e4llningen kan ocks\u00e5 h\u00e4mtas av en annan person med skriftlig fullmakt och giltig legitimation (pass, k\u00f6rkort eller identitetskort).<\/p>\n<p><strong>Leveranskostnader<\/strong><\/p>\n<ul>\n<li>H\u00e4mtning fr\u00e5n Euro-East lager (Kaarina): 0 \u20ac<\/li>\n<li>PostNord utl\u00e4mningsst\u00e4lle: 6,98 \u20ac (\u00f6ver 15kg:13,96\u20ac)<\/li>\n<li>PostNord Hemleverans: 13,05 \u20ac (\u00f6ver 15kg 26,10\u20ac )<\/li>\n<\/ul>\n<p><strong>Avbokningsr\u00e4tt, returer och klagom\u00e5l<\/strong><\/p>\n<p>Vi behandlar best\u00e4llningar s\u00e5 snart som m\u00f6jligt efter orderbekr\u00e4ftelsen f\u00f6r att s\u00e4kerst\u00e4lla snabb leverans. D\u00e4rf\u00f6r kan \u00e4ndringar i din order inte g\u00f6ras efter att du har bekr\u00e4ftat den. Som privatkund har du en \u00e5ngerfrist p\u00e5 14 dagar fr\u00e5n den dag du mottog produkten. Enligt konsumentlagstiftningen g\u00e4ller \u00e5ngerr\u00e4tten f\u00f6r s\u00e4ljbara och oanv\u00e4nda produkter. Enligt kapitel 6 i konsumentlagstiftningen g\u00e4ller inte \u00e5ngerr\u00e4tten f\u00f6r livsmedel om deras leveransf\u00f6rpackning har \u00f6ppnats. Om du vill returnera en produkt m\u00e5ste du meddela Euro-East via e-post inom 14 dagar fr\u00e5n mottagandet av produkten. Kom ih\u00e5g att ange dina kontaktuppgifter och ordernummer n\u00e4r du meddelar om retur. Alla returnerade produktf\u00f6rpackningar (inklusive transportf\u00f6rpackningar) m\u00e5ste vara helt o\u00f6ppnade. Som kund \u00e4r du ansvarig f\u00f6r returfraktkostnader och f\u00f6r att produkten kommer fram till Euro-East oskadad. S\u00e5, packa produkten s\u00e5 att den inte skadas under transporten. Produkten m\u00e5ste skickas till Euro-East inom 14 dagar efter att avbokningsmeddelandet har <span style=\"font-size: 1rem;\" data-contrast=\"auto\">gjorts.<\/span><span style=\"font-size: 1rem;\" data-ccp-props=\"{&quot;201341983&quot;:0,&quot;335559739&quot;:160,&quot;335559740&quot;:259}\">\u00a0<\/span><\/p>\n<p><span data-contrast=\"auto\">Produkter m\u00e5ste returneras till f\u00f6ljande adress: Euro-East Oy Ahokyl\u00e4nkatu 7, 20780 Kaarina, Finland.<\/span><span data-ccp-props=\"{&quot;134233118&quot;:false,&quot;201341983&quot;:0,&quot;335551550&quot;:0,&quot;335551620&quot;:0,&quot;335559739&quot;:160,&quot;335559740&quot;:257}\">\u00a0<\/span><\/p>\n<p><span data-contrast=\"auto\">Webbutiken har ett lagstadgat ansvar f\u00f6r fel p\u00e5 s\u00e5lda produkter. Vid klagom\u00e5l, kontakta v\u00e5r kundtj\u00e4nst p\u00e5 <\/span><a href=\"mailto:asiakaspalvelu@euro-east.fi\"><span data-contrast=\"none\">asiakaspalvelu@euro-east.fi<\/span><\/a><span data-contrast=\"auto\">. Konsumenter har r\u00e4tt att h\u00e4nvisa eventuella tvister till Konsumenttvisten\u00e4mnden f\u00f6r l\u00f6sning.<\/span><span data-ccp-props=\"{&quot;134233118&quot;:false,&quot;201341983&quot;:0,&quot;335551550&quot;:0,&quot;335551620&quot;:0,&quot;335559739&quot;:160,&quot;335559740&quot;:257}\">\u00a0<\/span><\/p>\n<p><span data-contrast=\"auto\">Integritet euro-east.fi\/webbutik str\u00e4var efter att skydda anv\u00e4ndar- och kundintegritet och \u00e5tar sig att f\u00f6lja metoderna som beskrivs i dataskyddsdeklarationen f\u00f6r att bevara och skydda information. Informationen anv\u00e4nds endast f\u00f6r att tillhandah\u00e5lla tj\u00e4nsten, s\u00e4kerst\u00e4lla dess kvalitet och f\u00f6rb\u00e4ttra den. Genom att best\u00e4lla ger kunden Euro-East Oy r\u00e4tten att behandla best\u00e4llningsrelaterad information f\u00f6r att tillhandah\u00e5lla tj\u00e4nsten. Den fullst\u00e4ndiga integritetsdeklarationen finns h\u00e4r.<\/span><span data-ccp-props=\"{&quot;134233118&quot;:false,&quot;201341983&quot;:0,&quot;335551550&quot;:0,&quot;335551620&quot;:0,&quot;335559739&quot;:160,&quot;335559740&quot;:257}\">\u00a0<\/span><\/p>\n<p><span data-contrast=\"auto\">Efter best\u00e4llningsfeedbackunders\u00f6kning En efter-best\u00e4llningsfeedbackunders\u00f6kning eller produktrecensionsinbjudan kan skickas till kunden efter best\u00e4llningen. Unders\u00f6kningen skickas till e-postadressen som anv\u00e4ndes f\u00f6r best\u00e4llningen. Unders\u00f6kningen anv\u00e4nds f\u00f6r att samla information f\u00f6r att f\u00f6rb\u00e4ttra produktutbudet och tj\u00e4nsten.<\/span><span data-ccp-props=\"{&quot;134233118&quot;:false,&quot;201341983&quot;:0,&quot;335551550&quot;:0,&quot;335551620&quot;:0,&quot;335559739&quot;:160,&quot;335559740&quot;:257}\">\u00a0<\/span><\/p>\n<p><span data-contrast=\"auto\">\u00d6vrigt Vi f\u00f6rbeh\u00e5ller oss r\u00e4tten att \u00e4ndra v\u00e5ra leveransvillkor. Vi rekommenderar kunder att granska de aktuella leveransvillkoren innan de l\u00e4gger en best\u00e4llning.<\/span><span data-ccp-props=\"{&quot;134233118&quot;:false,&quot;201341983&quot;:0,&quot;335551550&quot;:0,&quot;335551620&quot;:0,&quot;335559739&quot;:160,&quot;335559740&quot;:257}\">\u00a0<\/span><\/p>\n","protected":false},"excerpt":{"rendered":"<p>Leverans- och betalningsvillkor f\u00f6r Euro-East&#8217;s onlinebutik fr\u00e5n och med 12.3.2026 Euro-East Oy 1034816-6 s\u00e4ljer produkter till privatpersoner och f\u00f6retag \u00f6ver hela fastlandsfinland. Vi levererar inte best\u00e4llningar fr\u00e5n n\u00e4tbutiken till postnummer p\u00e5 \u00c5land. Vi f\u00f6rbeh\u00e5ller oss r\u00e4tten till \u00e4ndringar av leveransvillkor och priser. Produkternas priser inkluderar merv\u00e4rdesskatt. Kontaktinformation f\u00f6r onlinebutiken E-post: asiakaspalvelu@euro-east.fi Telefon: +358 20 792 [&hellip;]<\/p>\n","protected":false},"author":79,"featured_media":0,"parent":0,"menu_order":0,"comment_status":"closed","ping_status":"closed","template":"","meta":{"_acf_changed":false,"content-type":"","_improvement_type_select":"improve_an_existing","_thumb_yes_seoaic":false,"_frame_yes_seoaic":false,"seoaic_generate_description":"","seoaic_improve_instructions_prompt":"","seoaic_rollback_content_improvement":"","seoaic_idea_thumbnail_generator":"","thumbnail_generated":false,"thumbnail_generate_prompt":"","seoaic_article_description":"","footnotes":""},"class_list":["post-518347","page","type-page","status-publish","hentry"],"acf":[],"yoast_head":"<!-- This site is optimized with the Yoast SEO plugin v27.1.1 - https:\/\/yoast.com\/product\/yoast-seo-wordpress\/ -->\n<title>Leverans- och betalningsvillkor - Euro-East<\/title>\n<meta name=\"robots\" content=\"index, follow, max-snippet:-1, max-image-preview:large, max-video-preview:-1\" \/>\n<link rel=\"canonical\" href=\"https:\/\/euro-east.fi\/sv\/leverans-och-betalningsvillkor\/\" \/>\n<meta property=\"og:locale\" content=\"sv_SE\" \/>\n<meta property=\"og:type\" content=\"article\" \/>\n<meta property=\"og:title\" content=\"Leverans- och betalningsvillkor - Euro-East\" \/>\n<meta property=\"og:description\" content=\"Leverans- och betalningsvillkor f\u00f6r Euro-East&#8217;s onlinebutik fr\u00e5n och med 12.3.2026 Euro-East Oy 1034816-6 s\u00e4ljer produkter till privatpersoner och f\u00f6retag \u00f6ver hela fastlandsfinland. Vi levererar inte best\u00e4llningar fr\u00e5n n\u00e4tbutiken till postnummer p\u00e5 \u00c5land. Vi f\u00f6rbeh\u00e5ller oss r\u00e4tten till \u00e4ndringar av leveransvillkor och priser. Produkternas priser inkluderar merv\u00e4rdesskatt. Kontaktinformation f\u00f6r onlinebutiken E-post: asiakaspalvelu@euro-east.fi Telefon: +358 20 792 [&hellip;]\" \/>\n<meta property=\"og:url\" content=\"https:\/\/euro-east.fi\/sv\/leverans-och-betalningsvillkor\/\" \/>\n<meta property=\"og:site_name\" content=\"Euro-East\" \/>\n<meta property=\"article:publisher\" content=\"https:\/\/www.facebook.com\/EuroEast.fi\" \/>\n<meta property=\"article:modified_time\" content=\"2026-04-08T09:27:09+00:00\" \/>\n<meta property=\"og:image\" content=\"https:\/\/euro-east.fi\/wp-content\/uploads\/2023\/03\/Logo-1.png\" \/>\n\t<meta property=\"og:image:width\" content=\"250\" \/>\n\t<meta property=\"og:image:height\" content=\"250\" \/>\n\t<meta property=\"og:image:type\" content=\"image\/png\" \/>\n<meta name=\"twitter:card\" content=\"summary_large_image\" \/>\n<meta name=\"twitter:site\" content=\"@euroeastoy\" \/>\n<meta name=\"twitter:label1\" content=\"Ber\u00e4knad l\u00e4stid\" \/>\n\t<meta name=\"twitter:data1\" content=\"8 minutes\" \/>\n<script type=\"application\/ld+json\" class=\"yoast-schema-graph\">{\"@context\":\"https:\/\/schema.org\",\"@graph\":[{\"@type\":\"WebPage\",\"@id\":\"https:\/\/euro-east.fi\/sv\/leverans-och-betalningsvillkor\/\",\"url\":\"https:\/\/euro-east.fi\/sv\/leverans-och-betalningsvillkor\/\",\"name\":\"Leverans- och betalningsvillkor - Euro-East\",\"isPartOf\":{\"@id\":\"https:\/\/euro-east.fi\/#website\"},\"datePublished\":\"2023-12-11T10:41:52+00:00\",\"dateModified\":\"2026-04-08T09:27:09+00:00\",\"breadcrumb\":{\"@id\":\"https:\/\/euro-east.fi\/sv\/leverans-och-betalningsvillkor\/#breadcrumb\"},\"inLanguage\":\"sv-SE\",\"potentialAction\":[{\"@type\":\"ReadAction\",\"target\":[\"https:\/\/euro-east.fi\/sv\/leverans-och-betalningsvillkor\/\"]}]},{\"@type\":\"BreadcrumbList\",\"@id\":\"https:\/\/euro-east.fi\/sv\/leverans-och-betalningsvillkor\/#breadcrumb\",\"itemListElement\":[{\"@type\":\"ListItem\",\"position\":1,\"name\":\"Home\",\"item\":\"https:\/\/euro-east.fi\/sv\/\"},{\"@type\":\"ListItem\",\"position\":2,\"name\":\"Leverans- och betalningsvillkor\"}]},{\"@type\":\"WebSite\",\"@id\":\"https:\/\/euro-east.fi\/#website\",\"url\":\"https:\/\/euro-east.fi\/\",\"name\":\"Euro-East\",\"description\":\"Euro-East vie sinut makumatkalle Baltiasta Balkanille.Euro-East on it\u00e4eurooppalaisten elintarvikkeiden maahantuoja. Tarjoamme parhaita herkkuja Baltiasta Balkaniin. Meilt\u00e4 l\u00f6yd\u00e4t laadukkaita vihannes-, kala- ja lihas\u00e4ilykkeit\u00e4, kastikkeita, jyvi\u00e4, mehuja, keksej\u00e4 ja pakasteita. Tule mukaan makumatkalle ja ihastu ruokakulttuurien herkulliseen kirjoon\",\"publisher\":{\"@id\":\"https:\/\/euro-east.fi\/#organization\"},\"potentialAction\":[{\"@type\":\"SearchAction\",\"target\":{\"@type\":\"EntryPoint\",\"urlTemplate\":\"https:\/\/euro-east.fi\/?s={search_term_string}\"},\"query-input\":{\"@type\":\"PropertyValueSpecification\",\"valueRequired\":true,\"valueName\":\"search_term_string\"}}],\"inLanguage\":\"sv-SE\"},{\"@type\":\"Organization\",\"@id\":\"https:\/\/euro-east.fi\/#organization\",\"name\":\"Euro-East\",\"url\":\"https:\/\/euro-east.fi\/\",\"logo\":{\"@type\":\"ImageObject\",\"inLanguage\":\"sv-SE\",\"@id\":\"https:\/\/euro-east.fi\/#\/schema\/logo\/image\/\",\"url\":\"https:\/\/euro-east.fi\/wp-content\/uploads\/2023\/03\/Logo-1.png\",\"contentUrl\":\"https:\/\/euro-east.fi\/wp-content\/uploads\/2023\/03\/Logo-1.png\",\"width\":250,\"height\":250,\"caption\":\"Euro-East\"},\"image\":{\"@id\":\"https:\/\/euro-east.fi\/#\/schema\/logo\/image\/\"},\"sameAs\":[\"https:\/\/www.facebook.com\/EuroEast.fi\",\"https:\/\/x.com\/euroeastoy\",\"https:\/\/www.instagram.com\/euro.east\/\",\"https:\/\/www.pinterest.com\/euroeast\/\",\"https:\/\/www.youtube.com\/channel\/UCfNlzn0G_n53fATPX6Uw0yw\"]}]}<\/script>\n<!-- \/ Yoast SEO plugin. -->","yoast_head_json":{"title":"Leverans- och betalningsvillkor - Euro-East","robots":{"index":"index","follow":"follow","max-snippet":"max-snippet:-1","max-image-preview":"max-image-preview:large","max-video-preview":"max-video-preview:-1"},"canonical":"https:\/\/euro-east.fi\/sv\/leverans-och-betalningsvillkor\/","og_locale":"sv_SE","og_type":"article","og_title":"Leverans- och betalningsvillkor - Euro-East","og_description":"Leverans- och betalningsvillkor f\u00f6r Euro-East&#8217;s onlinebutik fr\u00e5n och med 12.3.2026 Euro-East Oy 1034816-6 s\u00e4ljer produkter till privatpersoner och f\u00f6retag \u00f6ver hela fastlandsfinland. Vi levererar inte best\u00e4llningar fr\u00e5n n\u00e4tbutiken till postnummer p\u00e5 \u00c5land. Vi f\u00f6rbeh\u00e5ller oss r\u00e4tten till \u00e4ndringar av leveransvillkor och priser. Produkternas priser inkluderar merv\u00e4rdesskatt. Kontaktinformation f\u00f6r onlinebutiken E-post: asiakaspalvelu@euro-east.fi Telefon: +358 20 792 [&hellip;]","og_url":"https:\/\/euro-east.fi\/sv\/leverans-och-betalningsvillkor\/","og_site_name":"Euro-East","article_publisher":"https:\/\/www.facebook.com\/EuroEast.fi","article_modified_time":"2026-04-08T09:27:09+00:00","og_image":[{"width":250,"height":250,"url":"https:\/\/euro-east.fi\/wp-content\/uploads\/2023\/03\/Logo-1.png","type":"image\/png"}],"twitter_card":"summary_large_image","twitter_site":"@euroeastoy","twitter_misc":{"Ber\u00e4knad l\u00e4stid":"8 minutes"},"schema":{"@context":"https:\/\/schema.org","@graph":[{"@type":"WebPage","@id":"https:\/\/euro-east.fi\/sv\/leverans-och-betalningsvillkor\/","url":"https:\/\/euro-east.fi\/sv\/leverans-och-betalningsvillkor\/","name":"Leverans- och betalningsvillkor - Euro-East","isPartOf":{"@id":"https:\/\/euro-east.fi\/#website"},"datePublished":"2023-12-11T10:41:52+00:00","dateModified":"2026-04-08T09:27:09+00:00","breadcrumb":{"@id":"https:\/\/euro-east.fi\/sv\/leverans-och-betalningsvillkor\/#breadcrumb"},"inLanguage":"sv-SE","potentialAction":[{"@type":"ReadAction","target":["https:\/\/euro-east.fi\/sv\/leverans-och-betalningsvillkor\/"]}]},{"@type":"BreadcrumbList","@id":"https:\/\/euro-east.fi\/sv\/leverans-och-betalningsvillkor\/#breadcrumb","itemListElement":[{"@type":"ListItem","position":1,"name":"Home","item":"https:\/\/euro-east.fi\/sv\/"},{"@type":"ListItem","position":2,"name":"Leverans- och betalningsvillkor"}]},{"@type":"WebSite","@id":"https:\/\/euro-east.fi\/#website","url":"https:\/\/euro-east.fi\/","name":"Euro-East","description":"Euro-East vie sinut makumatkalle Baltiasta Balkanille.Euro-East on it\u00e4eurooppalaisten elintarvikkeiden maahantuoja. Tarjoamme parhaita herkkuja Baltiasta Balkaniin. Meilt\u00e4 l\u00f6yd\u00e4t laadukkaita vihannes-, kala- ja lihas\u00e4ilykkeit\u00e4, kastikkeita, jyvi\u00e4, mehuja, keksej\u00e4 ja pakasteita. Tule mukaan makumatkalle ja ihastu ruokakulttuurien herkulliseen kirjoon","publisher":{"@id":"https:\/\/euro-east.fi\/#organization"},"potentialAction":[{"@type":"SearchAction","target":{"@type":"EntryPoint","urlTemplate":"https:\/\/euro-east.fi\/?s={search_term_string}"},"query-input":{"@type":"PropertyValueSpecification","valueRequired":true,"valueName":"search_term_string"}}],"inLanguage":"sv-SE"},{"@type":"Organization","@id":"https:\/\/euro-east.fi\/#organization","name":"Euro-East","url":"https:\/\/euro-east.fi\/","logo":{"@type":"ImageObject","inLanguage":"sv-SE","@id":"https:\/\/euro-east.fi\/#\/schema\/logo\/image\/","url":"https:\/\/euro-east.fi\/wp-content\/uploads\/2023\/03\/Logo-1.png","contentUrl":"https:\/\/euro-east.fi\/wp-content\/uploads\/2023\/03\/Logo-1.png","width":250,"height":250,"caption":"Euro-East"},"image":{"@id":"https:\/\/euro-east.fi\/#\/schema\/logo\/image\/"},"sameAs":["https:\/\/www.facebook.com\/EuroEast.fi","https:\/\/x.com\/euroeastoy","https:\/\/www.instagram.com\/euro.east\/","https:\/\/www.pinterest.com\/euroeast\/","https:\/\/www.youtube.com\/channel\/UCfNlzn0G_n53fATPX6Uw0yw"]}]}},"_links":{"self":[{"href":"https:\/\/euro-east.fi\/sv\/wp-json\/wp\/v2\/pages\/518347","targetHints":{"allow":["GET"]}}],"collection":[{"href":"https:\/\/euro-east.fi\/sv\/wp-json\/wp\/v2\/pages"}],"about":[{"href":"https:\/\/euro-east.fi\/sv\/wp-json\/wp\/v2\/types\/page"}],"author":[{"embeddable":true,"href":"https:\/\/euro-east.fi\/sv\/wp-json\/wp\/v2\/users\/79"}],"replies":[{"embeddable":true,"href":"https:\/\/euro-east.fi\/sv\/wp-json\/wp\/v2\/comments?post=518347"}],"version-history":[{"count":5,"href":"https:\/\/euro-east.fi\/sv\/wp-json\/wp\/v2\/pages\/518347\/revisions"}],"predecessor-version":[{"id":527155,"href":"https:\/\/euro-east.fi\/sv\/wp-json\/wp\/v2\/pages\/518347\/revisions\/527155"}],"wp:attachment":[{"href":"https:\/\/euro-east.fi\/sv\/wp-json\/wp\/v2\/media?parent=518347"}],"curies":[{"name":"wp","href":"https:\/\/api.w.org\/{rel}","templated":true}]}}