{"id":518938,"date":"2023-12-22T10:41:49","date_gmt":"2023-12-22T08:41:49","guid":{"rendered":"https:\/\/euro-east.fi\/?page_id=518938"},"modified":"2024-05-28T14:16:05","modified_gmt":"2024-05-28T11:16:05","slug":"integritetspolicy-for-euro-east-ab","status":"publish","type":"page","link":"https:\/\/euro-east.fi\/sv\/kontakt\/integritetspolicy-for-euro-east-ab\/","title":{"rendered":"Integritetspolicy f\u00f6r Euro-East AB"},"content":{"rendered":"<h1>Integritetspolicy f\u00f6r Euro-East AB<\/h1>\n<p>Denna integritetspolicy f\u00f6rklarar hur vi behandlar personuppgifter i kund- och marknadsf\u00f6ringskommunikation. Uppdaterad den 8 april 2021<\/p>\n<p>Euro-East AB arbetar med f\u00f6retags- och samh\u00e4llskunder. Euro-East behandlar personuppgifter noggrant och s\u00e4kert. Denna integritetspolicy f\u00f6rklarar hur vi behandlar personuppgifter i kund- och marknadsf\u00f6ringskommunikation. Du har r\u00e4tt till dataskydd. Vi behandlar personuppgifter endast p\u00e5 lagliga grunder och p\u00e5 ett transparent s\u00e4tt. Vi f\u00f6ljer best\u00e4mmelserna och principerna i Europeiska unionens allm\u00e4nna dataskyddsf\u00f6rordning (GDPR).<\/p>\n<p>Denna integritetspolicy beskriver de f\u00f6rfaranden som till\u00e4mpas p\u00e5 personuppgifter som behandlas av Euro-East. Integritetspolicyn inneh\u00e5ller beskrivningen av Euro-Easts kundregister, marknadsf\u00f6ringsregister och annan information som r\u00f6r dessa register.<\/p>\n<p>Beskrivningen av kundregistret ger information om behandlingen av data som r\u00f6r Euro-Easts kunder. Beskrivningen av marknadsf\u00f6ringsregistret beskriver behandlingen av personuppgifter i situationer d\u00e4r behandlingen av personuppgifter grundar sig p\u00e5 n\u00e5got annat \u00e4n ett befintligt kundf\u00f6rh\u00e5llande. Annan information r\u00f6rande kund- och marknadsf\u00f6ringsregister inneh\u00e5ller information om den registrerades r\u00e4ttigheter, s\u00e4kerhet och kakor.<\/p>\n<p>BESKRIVNING AV KUNDREGISTRET<\/p>\n<p>Registeransvarig<\/p>\n<p>Euro-East AB Organisationsnummer: FI 1034816-6 Ahokyl\u00e4nkatu 7, 20780 S:t Karins, Finland Telefon: +358 20 792 0290 E-post: euroeast [at] euro-east.fi<\/p>\n<p>Registers namn<\/p>\n<p>a) Euro-East AB Kundregister, fakturerings- och orderregister. b) Euro-East AB Marknadsf\u00f6rings- och kommunikationsregister<\/p>\n<p>Syfte med Dataskydd<\/p>\n<p>Personuppgifter behandlas f\u00f6r \u00e4ndam\u00e5l som \u00e4r relaterade till att hantera, administrera och utveckla kundrelationer, tillhandah\u00e5lla och leverera tj\u00e4nster samt relaterad tj\u00e4nsteutveckling och fakturering. Personuppgifter behandlas ocks\u00e5 f\u00f6r \u00e4ndam\u00e5l som kr\u00e4vs f\u00f6r eventuella klagom\u00e5l och andra anspr\u00e5k.<\/p>\n<p>Dessutom behandlas personuppgifter i kommunikation riktad till kunder, s\u00e5som informations- och nyhets\u00e4ndam\u00e5l, samt marknadsf\u00f6ring. Som en del av detta behandlas personuppgifter ocks\u00e5 f\u00f6r direktmarknadsf\u00f6rings- och elektronisk direktmarknadsf\u00f6rings\u00e4ndam\u00e5l.<\/p>\n<p>Den lagliga grunden f\u00f6r behandling av personuppgifter inkluderar f\u00f6retagets ber\u00e4ttigade intressen, avtal relaterade till kundrelationer eller individens samtycke. F\u00f6retagets ber\u00e4ttigade intresse innefattar riktad B2B-elektronisk direktmarknadsf\u00f6ring av produkter och tj\u00e4nster relaterade till mottagarens ansvarsomr\u00e5de inom deras f\u00f6retag.<\/p>\n<p>Kunden har r\u00e4tt att inv\u00e4nda mot direktmarknadsf\u00f6ring som riktas till dem.<\/p>\n<p>Registeransvarig behandlar informationen sj\u00e4lv och anv\u00e4nder underleverant\u00f6rer som agerar p\u00e5 registeransvarigas v\u00e4gnar vid behandling av personuppgifter.<\/p>\n<p>Registerinneh\u00e5ll<\/p>\n<p>Registret inneh\u00e5ller n\u00f6dv\u00e4ndig identifieringsinformation om den registrerade samt annan information som \u00e4r n\u00f6dv\u00e4ndig f\u00f6r registrets syfte. Registret kan inneh\u00e5lla f\u00f6ljande information om anv\u00e4ndare:<\/p>\n<p>Kontaktuppgifter s\u00e5som namn, e-postadress, telefonnummer F\u00f6retagsnamn och adress Faktureringsinformation Eventuell kund- och interaktionshistorik samt kontrakts- och orderinformation Klagom\u00e5l, feedback och annan korrespondens, kommunikation och \u00e5tg\u00e4rder relaterade till kundrelationen och relevant sammanhang Regelbundna Datak\u00e4llor<\/p>\n<p>Information om kunder och faktureringsregister erh\u00e5lls fr\u00e5n meddelanden som kunden skickar till registeransvarig vid skapandet och under kundrelationens varaktighet. Personuppgifter l\u00e4ggs till nyhetsbrevsregistret av anv\u00e4ndarna sj\u00e4lva eller n\u00e4r de b\u00f6rjar anv\u00e4nda Euro-East AB:s tj\u00e4nster. Information kan ocks\u00e5 samlas in, lagras och uppdateras fr\u00e5n adress-, uppdaterings- eller liknande tj\u00e4nster som tillhandah\u00e5lls av andra registeransvariga.<\/p>\n<p>Information som tillhandah\u00e5lls av den registrerade via webbplatsen, e-post eller andra medel F\u00f6retagets kundregister Information om kontaktpersoner p\u00e5 f\u00f6retag erh\u00e5llen fr\u00e5n Suomen Asiakastietos beslutsfattarregister, f\u00f6retagens offentliga webbplatser, onlinegemenskaper eller liknande register Utl\u00e4mnande och \u00d6verf\u00f6ring av Data<\/p>\n<p>Kundinformation kan l\u00e4mnas ut till Euro-East AB:s partners inom ramen f\u00f6r den g\u00e4llande lagstiftningen om det \u00e4r n\u00f6dv\u00e4ndigt f\u00f6r leverans av tj\u00e4nster. Information kan l\u00e4mnas ut f\u00f6r betaltj\u00e4nster, fakturahantering inklusive porto och betalnings\u00f6vervakning eller andra liknande uppgifter som best\u00e4llts av registeransvarig. Information behandlas endast i den utstr\u00e4ckning som \u00e4r n\u00f6dv\u00e4ndig f\u00f6r tj\u00e4nstens leverans. Information \u00f6verf\u00f6rs inte utanf\u00f6r Europeiska unionen eller Europeiska ekonomiska samarbetsomr\u00e5det.<\/p>\n<p>Databehandlare och Utl\u00e4mnande av Data<\/p>\n<p>Personuppgifter behandlas av f\u00f6retagets anst\u00e4llda vars arbetsuppgifter inkluderar den n\u00e4mnda behandlingen samt av Vine Ltd:s anst\u00e4llda som \u00e4r auktoriserade f\u00f6r tekniskt underh\u00e5ll och anv\u00e4ndarsupport f\u00f6r marknadsf\u00f6ringsregistret. Information l\u00e4mnas inte ut till tredje part.<\/p>\n<p>Information \u00f6verf\u00f6rs inte utanf\u00f6r Europeiska unionen eller Europeiska ekonomiska samarbetsomr\u00e5det.<\/p>\n<p>BESKRIVNING AV MARKNADSF\u00d6RINGSREGISTRET<\/p>\n<p>Registeransvarig<\/p>\n<p>Euro-East AB Organisationsnummer: FI 1034816-6 Ahokyl\u00e4nkatu 7, 20780 S:t Karins, Finland Telefon: +358 20 792 0290 E-post: euroeast [at] euro.east.fi<\/p>\n<p>Registers namn<\/p>\n<p>Euro-East AB:s marknadsf\u00f6ringsregister.<\/p>\n<p>Syfte med Dataskydd<\/p>\n<p>Personuppgifter anv\u00e4nds i Euro-East AB:s kommunikation via nyhetsbrev och digital B2B-direktmarknadsf\u00f6ring &#8211; baserat p\u00e5 mottagarens ansvarsomr\u00e5de inom deras f\u00f6retag. E-postadresser som anv\u00e4ndare l\u00e4mnar vid ifyllande av kontaktformul\u00e4ret p\u00e5 Euro-Easts webbplats anv\u00e4nds f\u00f6r att svara p\u00e5 f\u00f6rfr\u00e5gningar.<\/p>\n<p>Registerinneh\u00e5ll<\/p>\n<p>Registret behandlar f\u00f6ljande personligt identifierbara information:<\/p>\n<p>Kontaktuppgifter s\u00e5som namn, e-postadress, telefonnummer Arbetsrelaterad information s\u00e5som position, ansvar Arbetsgivarf\u00f6retagets kontakt- och bakgrundsinformation \/ F\u00f6retagsnamn Annat n\u00f6dv\u00e4ndigt kontaktinformation Marknadsf\u00f6ringssamtycken och f\u00f6rbud Eventinformation s\u00e5som deltagande i evenemang eller f\u00f6rs\u00e4ljnings- och kundkontakter Eventuella tillst\u00e5nd och samtycken Annat information som samlats in med den registrerades samtycke Klagom\u00e5l, feedback och annan korrespondens, kommunikation och \u00e5tg\u00e4rder relaterade till kundrelationen och relevant sammanhang<\/p>\n<p>Anv\u00e4ndningsdata om den enskildes interaktioner med marknadsf\u00f6ringsinneh\u00e5ll:<\/p>\n<p>Information om \u00f6verf\u00f6ring, \u00f6ppning och klickning p\u00e5 marknadsf\u00f6ringsmeddelanden Anv\u00e4ndningsdata p\u00e5 f\u00f6retagets webbplats s\u00e5som tidpunkt, sidor och varaktighet Tekniska data relaterade till onlineanv\u00e4ndning s\u00e5som IP-adress, webbl\u00e4sare och relaterad information Order- och nedladdningsinformation av guider och annat material Kakor<\/p>\n<p>Utdragen data fr\u00e5n anv\u00e4ndning f\u00f6r analyser:<\/p>\n<p>Intresseomr\u00e5den Ledarscores som indikerar niv\u00e5n av aktivitet i anv\u00e4ndningen av inneh\u00e5ll<\/p>\n<p>Informationen i registret raderas omedelbart n\u00e4r det inte l\u00e4ngre finns en giltig anledning att beh\u00e5lla den i enlighet med syftet, om inte registeransvarig har en laglig eller reglerande skyldighet att beh\u00e5lla informationen.<\/p>\n<p>Datak\u00e4llor<\/p>\n<p>Personuppgifter kan samlas in fr\u00e5n den registrerade sj\u00e4lva inom ramen f\u00f6r dataskyddslagen, Euro-East:s kundregister, Euro-East:s partners eller olika marknadsf\u00f6ringskampanjer. Information kan ocks\u00e5 samlas in, lagras och uppdateras fr\u00e5n adress-, uppdaterings- eller liknande tj\u00e4nster som tillhandah\u00e5lls av andra registeransvariga.<\/p>\n<p>Utl\u00e4mnande och \u00d6verf\u00f6ring av Data<\/p>\n<p>Personuppgifter behandlas av f\u00f6retagets anst\u00e4llda vars arbetsuppgifter inkluderar den n\u00e4mnda behandlingen samt av Vine Ltd:s anst\u00e4llda som \u00e4r auktoriserade f\u00f6r tekniskt underh\u00e5ll och anv\u00e4ndarsupport f\u00f6r marknadsf\u00f6ringsregistret. Information l\u00e4mnas inte ut till tredje part.<\/p>\n<p>Information \u00f6verf\u00f6rs inte utanf\u00f6r Europeiska unionen eller Europeiska ekonomiska samarbetsomr\u00e5det.<\/p>\n<p>ANNAN INFORMATION OM KUND- OCH MARKNADSF\u00d6RINGSREGISTRAR<\/p>\n<p>Den registrerades R\u00e4ttigheter<\/p>\n<p>Varje individ i registret har r\u00e4tt att inspektera sin information som lagras i registret och beg\u00e4ra r\u00e4ttelse av felaktig information eller komplettering av ofullst\u00e4ndig information. Om en person vill granska informationen som lagras om dem eller beg\u00e4ra korrigeringar m\u00e5ste beg\u00e4ran skickas skriftligt och underskrivet till adressen nedan eller via e-post till f\u00f6retagets adress.<\/p>\n<p>Euro-East AB Ahokyl\u00e4nkatu 7, 20780 S:t Karins<\/p>\n<p>asiakaspalvelu @ euro-east.fi<\/p>\n<p>Registeransvarig kommer att radera, korrigera eller komplettera felaktig, on\u00f6dig, ofullst\u00e4ndig eller f\u00f6r\u00e5ldrad information i registret utan dr\u00f6jsm\u00e5l.<\/p>\n<p>Skydd och Dataskydd f\u00f6r Registrerna<\/p>\n<p>Systemen som anv\u00e4nds i det elektroniskt bearbetade registret finns i en \u00f6vervakad anl\u00e4ggning i Finland av Vine Ltd.<\/p>\n","protected":false},"excerpt":{"rendered":"<p>Integritetspolicy f\u00f6r Euro-East AB Denna integritetspolicy f\u00f6rklarar hur vi behandlar personuppgifter i kund- och marknadsf\u00f6ringskommunikation. Uppdaterad den 8 april 2021 Euro-East AB arbetar med f\u00f6retags- och samh\u00e4llskunder. Euro-East behandlar personuppgifter noggrant och s\u00e4kert. Denna integritetspolicy f\u00f6rklarar hur vi behandlar personuppgifter i kund- och marknadsf\u00f6ringskommunikation. Du har r\u00e4tt till dataskydd. Vi behandlar personuppgifter endast p\u00e5 lagliga [&hellip;]<\/p>\n","protected":false},"author":79,"featured_media":0,"parent":4629,"menu_order":0,"comment_status":"closed","ping_status":"closed","template":"","meta":{"_acf_changed":false,"content-type":"","_improvement_type_select":"improve_an_existing","_thumb_yes_seoaic":false,"_frame_yes_seoaic":false,"seoaic_generate_description":"","seoaic_improve_instructions_prompt":"","seoaic_rollback_content_improvement":"","seoaic_idea_thumbnail_generator":"","thumbnail_generated":false,"thumbnail_generate_prompt":"","seoaic_article_description":"","footnotes":""},"class_list":["post-518938","page","type-page","status-publish","hentry"],"acf":[],"yoast_head":"<!-- This site is optimized with the Yoast SEO plugin v27.1.1 - https:\/\/yoast.com\/product\/yoast-seo-wordpress\/ -->\n<title>Integritetspolicy f\u00f6r Euro-East AB - Euro-East<\/title>\n<meta name=\"robots\" content=\"index, follow, max-snippet:-1, max-image-preview:large, max-video-preview:-1\" \/>\n<link rel=\"canonical\" href=\"https:\/\/euro-east.fi\/sv\/kontakt\/integritetspolicy-for-euro-east-ab\/\" \/>\n<meta property=\"og:locale\" content=\"sv_SE\" \/>\n<meta property=\"og:type\" content=\"article\" \/>\n<meta property=\"og:title\" content=\"Integritetspolicy f\u00f6r Euro-East AB - Euro-East\" \/>\n<meta property=\"og:description\" content=\"Integritetspolicy f\u00f6r Euro-East AB Denna integritetspolicy f\u00f6rklarar hur vi behandlar personuppgifter i kund- och marknadsf\u00f6ringskommunikation. Uppdaterad den 8 april 2021 Euro-East AB arbetar med f\u00f6retags- och samh\u00e4llskunder. Euro-East behandlar personuppgifter noggrant och s\u00e4kert. Denna integritetspolicy f\u00f6rklarar hur vi behandlar personuppgifter i kund- och marknadsf\u00f6ringskommunikation. Du har r\u00e4tt till dataskydd. Vi behandlar personuppgifter endast p\u00e5 lagliga [&hellip;]\" \/>\n<meta property=\"og:url\" content=\"https:\/\/euro-east.fi\/sv\/kontakt\/integritetspolicy-for-euro-east-ab\/\" \/>\n<meta property=\"og:site_name\" content=\"Euro-East\" \/>\n<meta property=\"article:publisher\" content=\"https:\/\/www.facebook.com\/EuroEast.fi\" \/>\n<meta property=\"article:modified_time\" content=\"2024-05-28T11:16:05+00:00\" \/>\n<meta property=\"og:image\" content=\"https:\/\/euro-east.fi\/wp-content\/uploads\/2023\/03\/Logo-1.png\" \/>\n\t<meta property=\"og:image:width\" content=\"250\" \/>\n\t<meta property=\"og:image:height\" content=\"250\" \/>\n\t<meta property=\"og:image:type\" content=\"image\/png\" \/>\n<meta name=\"twitter:card\" content=\"summary_large_image\" \/>\n<meta name=\"twitter:site\" content=\"@euroeastoy\" \/>\n<meta name=\"twitter:label1\" content=\"Ber\u00e4knad l\u00e4stid\" \/>\n\t<meta name=\"twitter:data1\" content=\"7 minutes\" \/>\n<script type=\"application\/ld+json\" class=\"yoast-schema-graph\">{\"@context\":\"https:\/\/schema.org\",\"@graph\":[{\"@type\":\"WebPage\",\"@id\":\"https:\/\/euro-east.fi\/sv\/kontakt\/integritetspolicy-for-euro-east-ab\/\",\"url\":\"https:\/\/euro-east.fi\/sv\/kontakt\/integritetspolicy-for-euro-east-ab\/\",\"name\":\"Integritetspolicy f\u00f6r Euro-East AB - Euro-East\",\"isPartOf\":{\"@id\":\"https:\/\/euro-east.fi\/#website\"},\"datePublished\":\"2023-12-22T08:41:49+00:00\",\"dateModified\":\"2024-05-28T11:16:05+00:00\",\"breadcrumb\":{\"@id\":\"https:\/\/euro-east.fi\/sv\/kontakt\/integritetspolicy-for-euro-east-ab\/#breadcrumb\"},\"inLanguage\":\"sv-SE\",\"potentialAction\":[{\"@type\":\"ReadAction\",\"target\":[\"https:\/\/euro-east.fi\/sv\/kontakt\/integritetspolicy-for-euro-east-ab\/\"]}]},{\"@type\":\"BreadcrumbList\",\"@id\":\"https:\/\/euro-east.fi\/sv\/kontakt\/integritetspolicy-for-euro-east-ab\/#breadcrumb\",\"itemListElement\":[{\"@type\":\"ListItem\",\"position\":1,\"name\":\"Home\",\"item\":\"https:\/\/euro-east.fi\/sv\/\"},{\"@type\":\"ListItem\",\"position\":2,\"name\":\"Kontakt\",\"item\":\"https:\/\/euro-east.fi\/sv\/kontakt\/\"},{\"@type\":\"ListItem\",\"position\":3,\"name\":\"Integritetspolicy f\u00f6r Euro-East AB\"}]},{\"@type\":\"WebSite\",\"@id\":\"https:\/\/euro-east.fi\/#website\",\"url\":\"https:\/\/euro-east.fi\/\",\"name\":\"Euro-East\",\"description\":\"Euro-East vie sinut makumatkalle Baltiasta Balkanille.Euro-East on it\u00e4eurooppalaisten elintarvikkeiden maahantuoja. Tarjoamme parhaita herkkuja Baltiasta Balkaniin. Meilt\u00e4 l\u00f6yd\u00e4t laadukkaita vihannes-, kala- ja lihas\u00e4ilykkeit\u00e4, kastikkeita, jyvi\u00e4, mehuja, keksej\u00e4 ja pakasteita. Tule mukaan makumatkalle ja ihastu ruokakulttuurien herkulliseen kirjoon\",\"publisher\":{\"@id\":\"https:\/\/euro-east.fi\/#organization\"},\"potentialAction\":[{\"@type\":\"SearchAction\",\"target\":{\"@type\":\"EntryPoint\",\"urlTemplate\":\"https:\/\/euro-east.fi\/?s={search_term_string}\"},\"query-input\":{\"@type\":\"PropertyValueSpecification\",\"valueRequired\":true,\"valueName\":\"search_term_string\"}}],\"inLanguage\":\"sv-SE\"},{\"@type\":\"Organization\",\"@id\":\"https:\/\/euro-east.fi\/#organization\",\"name\":\"Euro-East\",\"url\":\"https:\/\/euro-east.fi\/\",\"logo\":{\"@type\":\"ImageObject\",\"inLanguage\":\"sv-SE\",\"@id\":\"https:\/\/euro-east.fi\/#\/schema\/logo\/image\/\",\"url\":\"https:\/\/euro-east.fi\/wp-content\/uploads\/2023\/03\/Logo-1.png\",\"contentUrl\":\"https:\/\/euro-east.fi\/wp-content\/uploads\/2023\/03\/Logo-1.png\",\"width\":250,\"height\":250,\"caption\":\"Euro-East\"},\"image\":{\"@id\":\"https:\/\/euro-east.fi\/#\/schema\/logo\/image\/\"},\"sameAs\":[\"https:\/\/www.facebook.com\/EuroEast.fi\",\"https:\/\/x.com\/euroeastoy\",\"https:\/\/www.instagram.com\/euro.east\/\",\"https:\/\/www.pinterest.com\/euroeast\/\",\"https:\/\/www.youtube.com\/channel\/UCfNlzn0G_n53fATPX6Uw0yw\"]}]}<\/script>\n<!-- \/ Yoast SEO plugin. -->","yoast_head_json":{"title":"Integritetspolicy f\u00f6r Euro-East AB - Euro-East","robots":{"index":"index","follow":"follow","max-snippet":"max-snippet:-1","max-image-preview":"max-image-preview:large","max-video-preview":"max-video-preview:-1"},"canonical":"https:\/\/euro-east.fi\/sv\/kontakt\/integritetspolicy-for-euro-east-ab\/","og_locale":"sv_SE","og_type":"article","og_title":"Integritetspolicy f\u00f6r Euro-East AB - Euro-East","og_description":"Integritetspolicy f\u00f6r Euro-East AB Denna integritetspolicy f\u00f6rklarar hur vi behandlar personuppgifter i kund- och marknadsf\u00f6ringskommunikation. Uppdaterad den 8 april 2021 Euro-East AB arbetar med f\u00f6retags- och samh\u00e4llskunder. Euro-East behandlar personuppgifter noggrant och s\u00e4kert. Denna integritetspolicy f\u00f6rklarar hur vi behandlar personuppgifter i kund- och marknadsf\u00f6ringskommunikation. Du har r\u00e4tt till dataskydd. Vi behandlar personuppgifter endast p\u00e5 lagliga [&hellip;]","og_url":"https:\/\/euro-east.fi\/sv\/kontakt\/integritetspolicy-for-euro-east-ab\/","og_site_name":"Euro-East","article_publisher":"https:\/\/www.facebook.com\/EuroEast.fi","article_modified_time":"2024-05-28T11:16:05+00:00","og_image":[{"width":250,"height":250,"url":"https:\/\/euro-east.fi\/wp-content\/uploads\/2023\/03\/Logo-1.png","type":"image\/png"}],"twitter_card":"summary_large_image","twitter_site":"@euroeastoy","twitter_misc":{"Ber\u00e4knad l\u00e4stid":"7 minutes"},"schema":{"@context":"https:\/\/schema.org","@graph":[{"@type":"WebPage","@id":"https:\/\/euro-east.fi\/sv\/kontakt\/integritetspolicy-for-euro-east-ab\/","url":"https:\/\/euro-east.fi\/sv\/kontakt\/integritetspolicy-for-euro-east-ab\/","name":"Integritetspolicy f\u00f6r Euro-East AB - Euro-East","isPartOf":{"@id":"https:\/\/euro-east.fi\/#website"},"datePublished":"2023-12-22T08:41:49+00:00","dateModified":"2024-05-28T11:16:05+00:00","breadcrumb":{"@id":"https:\/\/euro-east.fi\/sv\/kontakt\/integritetspolicy-for-euro-east-ab\/#breadcrumb"},"inLanguage":"sv-SE","potentialAction":[{"@type":"ReadAction","target":["https:\/\/euro-east.fi\/sv\/kontakt\/integritetspolicy-for-euro-east-ab\/"]}]},{"@type":"BreadcrumbList","@id":"https:\/\/euro-east.fi\/sv\/kontakt\/integritetspolicy-for-euro-east-ab\/#breadcrumb","itemListElement":[{"@type":"ListItem","position":1,"name":"Home","item":"https:\/\/euro-east.fi\/sv\/"},{"@type":"ListItem","position":2,"name":"Kontakt","item":"https:\/\/euro-east.fi\/sv\/kontakt\/"},{"@type":"ListItem","position":3,"name":"Integritetspolicy f\u00f6r Euro-East AB"}]},{"@type":"WebSite","@id":"https:\/\/euro-east.fi\/#website","url":"https:\/\/euro-east.fi\/","name":"Euro-East","description":"Euro-East vie sinut makumatkalle Baltiasta Balkanille.Euro-East on it\u00e4eurooppalaisten elintarvikkeiden maahantuoja. Tarjoamme parhaita herkkuja Baltiasta Balkaniin. Meilt\u00e4 l\u00f6yd\u00e4t laadukkaita vihannes-, kala- ja lihas\u00e4ilykkeit\u00e4, kastikkeita, jyvi\u00e4, mehuja, keksej\u00e4 ja pakasteita. Tule mukaan makumatkalle ja ihastu ruokakulttuurien herkulliseen kirjoon","publisher":{"@id":"https:\/\/euro-east.fi\/#organization"},"potentialAction":[{"@type":"SearchAction","target":{"@type":"EntryPoint","urlTemplate":"https:\/\/euro-east.fi\/?s={search_term_string}"},"query-input":{"@type":"PropertyValueSpecification","valueRequired":true,"valueName":"search_term_string"}}],"inLanguage":"sv-SE"},{"@type":"Organization","@id":"https:\/\/euro-east.fi\/#organization","name":"Euro-East","url":"https:\/\/euro-east.fi\/","logo":{"@type":"ImageObject","inLanguage":"sv-SE","@id":"https:\/\/euro-east.fi\/#\/schema\/logo\/image\/","url":"https:\/\/euro-east.fi\/wp-content\/uploads\/2023\/03\/Logo-1.png","contentUrl":"https:\/\/euro-east.fi\/wp-content\/uploads\/2023\/03\/Logo-1.png","width":250,"height":250,"caption":"Euro-East"},"image":{"@id":"https:\/\/euro-east.fi\/#\/schema\/logo\/image\/"},"sameAs":["https:\/\/www.facebook.com\/EuroEast.fi","https:\/\/x.com\/euroeastoy","https:\/\/www.instagram.com\/euro.east\/","https:\/\/www.pinterest.com\/euroeast\/","https:\/\/www.youtube.com\/channel\/UCfNlzn0G_n53fATPX6Uw0yw"]}]}},"_links":{"self":[{"href":"https:\/\/euro-east.fi\/sv\/wp-json\/wp\/v2\/pages\/518938","targetHints":{"allow":["GET"]}}],"collection":[{"href":"https:\/\/euro-east.fi\/sv\/wp-json\/wp\/v2\/pages"}],"about":[{"href":"https:\/\/euro-east.fi\/sv\/wp-json\/wp\/v2\/types\/page"}],"author":[{"embeddable":true,"href":"https:\/\/euro-east.fi\/sv\/wp-json\/wp\/v2\/users\/79"}],"replies":[{"embeddable":true,"href":"https:\/\/euro-east.fi\/sv\/wp-json\/wp\/v2\/comments?post=518938"}],"version-history":[{"count":0,"href":"https:\/\/euro-east.fi\/sv\/wp-json\/wp\/v2\/pages\/518938\/revisions"}],"up":[{"embeddable":true,"href":"https:\/\/euro-east.fi\/sv\/wp-json\/wp\/v2\/pages\/4629"}],"wp:attachment":[{"href":"https:\/\/euro-east.fi\/sv\/wp-json\/wp\/v2\/media?parent=518938"}],"curies":[{"name":"wp","href":"https:\/\/api.w.org\/{rel}","templated":true}]}}