{"id":517480,"date":"2021-03-08T16:06:09","date_gmt":"2021-03-08T14:06:09","guid":{"rendered":"https:\/\/euro-east.fi\/tuote\/riga-gold-stekt-skarpsill-i-tomatsas-240g-120g\/"},"modified":"2026-01-19T15:08:26","modified_gmt":"2026-01-19T13:08:26","slug":"riga-gold-stekt-skarpsill-i-tomatsas-240g-120g","status":"publish","type":"product","link":"https:\/\/euro-east.fi\/sv\/tuote\/riga-gold-stekt-skarpsill-i-tomatsas-240g-120g\/","title":{"rendered":"Riga Gold Stekt skarpsill i tomats\u00e5s 240g\/120g"},"content":{"rendered":"<p>Riga Gold Stekt Skarpsill i Smakrik Tomats\u00e5s.<br \/>\nUppt\u00e4ck Riga Golds h\u00f6gkvalitativa fiskkonserver fr\u00e5n Lettland. Detta l\u00e4ckra alternativ till traditionellt k\u00e4nda konserverade fiskar som tonfisk \u00e4r gjort av h\u00e5llbart fiskad \u00d6stersj\u00f6skarpsill (FAO 27 IIId). Skarpsillsbest\u00e5nden \u00e4r p\u00e5 h\u00e5llbara niv\u00e5er, s\u00e4rskilt i norra \u00d6stersj\u00f6n d\u00e4r de \u00e4r rikliga.<\/p>\n<p>Den lilla skarpsillen, som liknar str\u00f6mming, trivs p\u00e5 \u00f6ppet hav, och dess f\u00f6rekomst l\u00e4ngs v\u00e5ra kuster regleras av vattentemperatur och salthalt. Denna fisk \u00e4r en viktig r\u00e5vara f\u00f6r konservfiskindustrin och rekommenderas som m\u00e4nniskof\u00f6da p\u00e5 grund av sitt n\u00e4ringsv\u00e4rde och goda smak.<\/p>\n<p>Riga Golds stekta skarpsillar i tomats\u00e5s erbjuder m\u00e5ngsidiga kulinariska m\u00f6jligheter. De \u00e4r utm\u00e4rkta p\u00e5 egen hand, som pizzatopping eller i varma sm\u00f6rg\u00e5sar. Denna helkonserv f\u00f6r med sig h\u00f6g kvalitet och uts\u00f6kt smak till ditt bord. Riga Golds fiskkonserver \u00e4r k\u00e4nda f\u00f6r sin h\u00f6ga kvalitet och uts\u00f6kta smak.<\/p>\n","protected":false},"excerpt":{"rendered":"<p>Riga Gold Stekt Skarpsill i Smakrik Tomats\u00e5s. Uppt\u00e4ck Riga Golds h\u00f6gkvalitativa fiskkonserver fr\u00e5n Lettland. Detta l\u00e4ckra alternativ till traditionellt k\u00e4nda konserverade fiskar som tonfisk \u00e4r gjort av h\u00e5llbart fiskad \u00d6stersj\u00f6skarpsill (FAO 27 IIId). Skarpsillsbest\u00e5nden \u00e4r p\u00e5 h\u00e5llbara niv\u00e5er, s\u00e4rskilt i norra \u00d6stersj\u00f6n d\u00e4r de \u00e4r rikliga. Den lilla skarpsillen, som liknar str\u00f6mming, trivs p\u00e5 \u00f6ppet [&hellip;]<\/p>\n","protected":false},"featured_media":509038,"template":"","meta":{"_acf_changed":false,"content-type":"","_improvement_type_select":"improve_an_existing","_thumb_yes_seoaic":false,"_frame_yes_seoaic":false,"seoaic_generate_description":"","seoaic_improve_instructions_prompt":"","seoaic_rollback_content_improvement":"","seoaic_idea_thumbnail_generator":"","thumbnail_generated":false,"thumbnail_generate_prompt":"","seoaic_article_description":""},"product_brand":[],"product_cat":[3386],"product_tag":[],"class_list":{"0":"post-517480","1":"product","2":"type-product","3":"status-publish","4":"has-post-thumbnail","6":"product_cat-konserverat-kott-och-fisk","8":"first","9":"instock","10":"taxable","11":"shipping-taxable","12":"purchasable","13":"product-type-simple"},"acf":[],"yoast_head":"<!-- This site is optimized with the Yoast SEO plugin v27.1.1 - https:\/\/yoast.com\/product\/yoast-seo-wordpress\/ -->\n<title>Riga Gold Stekt skarpsill i tomats\u00e5s 240g\/120g - Euro-East<\/title>\n<meta name=\"robots\" content=\"index, follow, max-snippet:-1, max-image-preview:large, max-video-preview:-1\" \/>\n<link rel=\"canonical\" href=\"https:\/\/euro-east.fi\/sv\/tuote\/riga-gold-stekt-skarpsill-i-tomatsas-240g-120g\/\" \/>\n<meta property=\"og:locale\" content=\"sv_SE\" \/>\n<meta property=\"og:type\" content=\"article\" \/>\n<meta property=\"og:title\" content=\"Riga Gold Stekt skarpsill i tomats\u00e5s 240g\/120g - Euro-East\" \/>\n<meta property=\"og:description\" content=\"Riga Gold Stekt Skarpsill i Smakrik Tomats\u00e5s. Uppt\u00e4ck Riga Golds h\u00f6gkvalitativa fiskkonserver fr\u00e5n Lettland. Detta l\u00e4ckra alternativ till traditionellt k\u00e4nda konserverade fiskar som tonfisk \u00e4r gjort av h\u00e5llbart fiskad \u00d6stersj\u00f6skarpsill (FAO 27 IIId). Skarpsillsbest\u00e5nden \u00e4r p\u00e5 h\u00e5llbara niv\u00e5er, s\u00e4rskilt i norra \u00d6stersj\u00f6n d\u00e4r de \u00e4r rikliga. Den lilla skarpsillen, som liknar str\u00f6mming, trivs p\u00e5 \u00f6ppet [&hellip;]\" \/>\n<meta property=\"og:url\" content=\"https:\/\/euro-east.fi\/sv\/tuote\/riga-gold-stekt-skarpsill-i-tomatsas-240g-120g\/\" \/>\n<meta property=\"og:site_name\" content=\"Euro-East\" \/>\n<meta property=\"article:publisher\" content=\"https:\/\/www.facebook.com\/EuroEast.fi\" \/>\n<meta property=\"article:modified_time\" content=\"2026-01-19T13:08:26+00:00\" \/>\n<meta property=\"og:image\" content=\"https:\/\/euro-east.fi\/wp-content\/uploads\/2022\/09\/320011_old_riga_paistettu_kilohaili_tomaattikastikkeessa_240g-1.jpg\" \/>\n\t<meta property=\"og:image:width\" content=\"500\" \/>\n\t<meta property=\"og:image:height\" content=\"500\" \/>\n\t<meta property=\"og:image:type\" content=\"image\/jpeg\" \/>\n<meta name=\"twitter:card\" content=\"summary_large_image\" \/>\n<meta name=\"twitter:site\" content=\"@euroeastoy\" \/>\n<meta name=\"twitter:label1\" content=\"Ber\u00e4knad l\u00e4stid\" \/>\n\t<meta name=\"twitter:data1\" content=\"1 minute\" \/>\n<script type=\"application\/ld+json\" class=\"yoast-schema-graph\">{\"@context\":\"https:\/\/schema.org\",\"@graph\":[{\"@type\":\"WebPage\",\"@id\":\"https:\/\/euro-east.fi\/sv\/tuote\/riga-gold-stekt-skarpsill-i-tomatsas-240g-120g\/\",\"url\":\"https:\/\/euro-east.fi\/sv\/tuote\/riga-gold-stekt-skarpsill-i-tomatsas-240g-120g\/\",\"name\":\"Riga Gold Stekt skarpsill i tomats\u00e5s 240g\/120g - Euro-East\",\"isPartOf\":{\"@id\":\"https:\/\/euro-east.fi\/#website\"},\"primaryImageOfPage\":{\"@id\":\"https:\/\/euro-east.fi\/sv\/tuote\/riga-gold-stekt-skarpsill-i-tomatsas-240g-120g\/#primaryimage\"},\"image\":{\"@id\":\"https:\/\/euro-east.fi\/sv\/tuote\/riga-gold-stekt-skarpsill-i-tomatsas-240g-120g\/#primaryimage\"},\"thumbnailUrl\":\"https:\/\/euro-east.fi\/wp-content\/uploads\/2022\/09\/320011_old_riga_paistettu_kilohaili_tomaattikastikkeessa_240g-1.jpg\",\"datePublished\":\"2021-03-08T14:06:09+00:00\",\"dateModified\":\"2026-01-19T13:08:26+00:00\",\"breadcrumb\":{\"@id\":\"https:\/\/euro-east.fi\/sv\/tuote\/riga-gold-stekt-skarpsill-i-tomatsas-240g-120g\/#breadcrumb\"},\"inLanguage\":\"sv-SE\",\"potentialAction\":[{\"@type\":\"ReadAction\",\"target\":[\"https:\/\/euro-east.fi\/sv\/tuote\/riga-gold-stekt-skarpsill-i-tomatsas-240g-120g\/\"]}]},{\"@type\":\"ImageObject\",\"inLanguage\":\"sv-SE\",\"@id\":\"https:\/\/euro-east.fi\/sv\/tuote\/riga-gold-stekt-skarpsill-i-tomatsas-240g-120g\/#primaryimage\",\"url\":\"https:\/\/euro-east.fi\/wp-content\/uploads\/2022\/09\/320011_old_riga_paistettu_kilohaili_tomaattikastikkeessa_240g-1.jpg\",\"contentUrl\":\"https:\/\/euro-east.fi\/wp-content\/uploads\/2022\/09\/320011_old_riga_paistettu_kilohaili_tomaattikastikkeessa_240g-1.jpg\",\"width\":500,\"height\":500,\"caption\":\"OLD_RIGA_Paistettu_kilohaili_tomaattikastikkeessa_240g\"},{\"@type\":\"BreadcrumbList\",\"@id\":\"https:\/\/euro-east.fi\/sv\/tuote\/riga-gold-stekt-skarpsill-i-tomatsas-240g-120g\/#breadcrumb\",\"itemListElement\":[{\"@type\":\"ListItem\",\"position\":1,\"name\":\"Home\",\"item\":\"https:\/\/euro-east.fi\/sv\/\"},{\"@type\":\"ListItem\",\"position\":2,\"name\":\"Butik\",\"item\":\"https:\/\/euro-east.fi\/sv\/butik\/\"},{\"@type\":\"ListItem\",\"position\":3,\"name\":\"Riga Gold Stekt skarpsill i tomats\u00e5s 240g\/120g\"}]},{\"@type\":\"WebSite\",\"@id\":\"https:\/\/euro-east.fi\/#website\",\"url\":\"https:\/\/euro-east.fi\/\",\"name\":\"Euro-East\",\"description\":\"Euro-East vie sinut makumatkalle Baltiasta Balkanille.Euro-East on it\u00e4eurooppalaisten elintarvikkeiden maahantuoja. Tarjoamme parhaita herkkuja Baltiasta Balkaniin. Meilt\u00e4 l\u00f6yd\u00e4t laadukkaita vihannes-, kala- ja lihas\u00e4ilykkeit\u00e4, kastikkeita, jyvi\u00e4, mehuja, keksej\u00e4 ja pakasteita. Tule mukaan makumatkalle ja ihastu ruokakulttuurien herkulliseen kirjoon\",\"publisher\":{\"@id\":\"https:\/\/euro-east.fi\/#organization\"},\"potentialAction\":[{\"@type\":\"SearchAction\",\"target\":{\"@type\":\"EntryPoint\",\"urlTemplate\":\"https:\/\/euro-east.fi\/?s={search_term_string}\"},\"query-input\":{\"@type\":\"PropertyValueSpecification\",\"valueRequired\":true,\"valueName\":\"search_term_string\"}}],\"inLanguage\":\"sv-SE\"},{\"@type\":\"Organization\",\"@id\":\"https:\/\/euro-east.fi\/#organization\",\"name\":\"Euro-East\",\"url\":\"https:\/\/euro-east.fi\/\",\"logo\":{\"@type\":\"ImageObject\",\"inLanguage\":\"sv-SE\",\"@id\":\"https:\/\/euro-east.fi\/#\/schema\/logo\/image\/\",\"url\":\"https:\/\/euro-east.fi\/wp-content\/uploads\/2023\/03\/Logo-1.png\",\"contentUrl\":\"https:\/\/euro-east.fi\/wp-content\/uploads\/2023\/03\/Logo-1.png\",\"width\":250,\"height\":250,\"caption\":\"Euro-East\"},\"image\":{\"@id\":\"https:\/\/euro-east.fi\/#\/schema\/logo\/image\/\"},\"sameAs\":[\"https:\/\/www.facebook.com\/EuroEast.fi\",\"https:\/\/x.com\/euroeastoy\",\"https:\/\/www.instagram.com\/euro.east\/\",\"https:\/\/www.pinterest.com\/euroeast\/\",\"https:\/\/www.youtube.com\/channel\/UCfNlzn0G_n53fATPX6Uw0yw\"]}]}<\/script>\n<!-- \/ Yoast SEO plugin. -->","yoast_head_json":{"title":"Riga Gold Stekt skarpsill i tomats\u00e5s 240g\/120g - Euro-East","robots":{"index":"index","follow":"follow","max-snippet":"max-snippet:-1","max-image-preview":"max-image-preview:large","max-video-preview":"max-video-preview:-1"},"canonical":"https:\/\/euro-east.fi\/sv\/tuote\/riga-gold-stekt-skarpsill-i-tomatsas-240g-120g\/","og_locale":"sv_SE","og_type":"article","og_title":"Riga Gold Stekt skarpsill i tomats\u00e5s 240g\/120g - Euro-East","og_description":"Riga Gold Stekt Skarpsill i Smakrik Tomats\u00e5s. Uppt\u00e4ck Riga Golds h\u00f6gkvalitativa fiskkonserver fr\u00e5n Lettland. Detta l\u00e4ckra alternativ till traditionellt k\u00e4nda konserverade fiskar som tonfisk \u00e4r gjort av h\u00e5llbart fiskad \u00d6stersj\u00f6skarpsill (FAO 27 IIId). Skarpsillsbest\u00e5nden \u00e4r p\u00e5 h\u00e5llbara niv\u00e5er, s\u00e4rskilt i norra \u00d6stersj\u00f6n d\u00e4r de \u00e4r rikliga. Den lilla skarpsillen, som liknar str\u00f6mming, trivs p\u00e5 \u00f6ppet [&hellip;]","og_url":"https:\/\/euro-east.fi\/sv\/tuote\/riga-gold-stekt-skarpsill-i-tomatsas-240g-120g\/","og_site_name":"Euro-East","article_publisher":"https:\/\/www.facebook.com\/EuroEast.fi","article_modified_time":"2026-01-19T13:08:26+00:00","og_image":[{"width":500,"height":500,"url":"https:\/\/euro-east.fi\/wp-content\/uploads\/2022\/09\/320011_old_riga_paistettu_kilohaili_tomaattikastikkeessa_240g-1.jpg","type":"image\/jpeg"}],"twitter_card":"summary_large_image","twitter_site":"@euroeastoy","twitter_misc":{"Ber\u00e4knad l\u00e4stid":"1 minute"},"schema":{"@context":"https:\/\/schema.org","@graph":[{"@type":"WebPage","@id":"https:\/\/euro-east.fi\/sv\/tuote\/riga-gold-stekt-skarpsill-i-tomatsas-240g-120g\/","url":"https:\/\/euro-east.fi\/sv\/tuote\/riga-gold-stekt-skarpsill-i-tomatsas-240g-120g\/","name":"Riga Gold Stekt skarpsill i tomats\u00e5s 240g\/120g - Euro-East","isPartOf":{"@id":"https:\/\/euro-east.fi\/#website"},"primaryImageOfPage":{"@id":"https:\/\/euro-east.fi\/sv\/tuote\/riga-gold-stekt-skarpsill-i-tomatsas-240g-120g\/#primaryimage"},"image":{"@id":"https:\/\/euro-east.fi\/sv\/tuote\/riga-gold-stekt-skarpsill-i-tomatsas-240g-120g\/#primaryimage"},"thumbnailUrl":"https:\/\/euro-east.fi\/wp-content\/uploads\/2022\/09\/320011_old_riga_paistettu_kilohaili_tomaattikastikkeessa_240g-1.jpg","datePublished":"2021-03-08T14:06:09+00:00","dateModified":"2026-01-19T13:08:26+00:00","breadcrumb":{"@id":"https:\/\/euro-east.fi\/sv\/tuote\/riga-gold-stekt-skarpsill-i-tomatsas-240g-120g\/#breadcrumb"},"inLanguage":"sv-SE","potentialAction":[{"@type":"ReadAction","target":["https:\/\/euro-east.fi\/sv\/tuote\/riga-gold-stekt-skarpsill-i-tomatsas-240g-120g\/"]}]},{"@type":"ImageObject","inLanguage":"sv-SE","@id":"https:\/\/euro-east.fi\/sv\/tuote\/riga-gold-stekt-skarpsill-i-tomatsas-240g-120g\/#primaryimage","url":"https:\/\/euro-east.fi\/wp-content\/uploads\/2022\/09\/320011_old_riga_paistettu_kilohaili_tomaattikastikkeessa_240g-1.jpg","contentUrl":"https:\/\/euro-east.fi\/wp-content\/uploads\/2022\/09\/320011_old_riga_paistettu_kilohaili_tomaattikastikkeessa_240g-1.jpg","width":500,"height":500,"caption":"OLD_RIGA_Paistettu_kilohaili_tomaattikastikkeessa_240g"},{"@type":"BreadcrumbList","@id":"https:\/\/euro-east.fi\/sv\/tuote\/riga-gold-stekt-skarpsill-i-tomatsas-240g-120g\/#breadcrumb","itemListElement":[{"@type":"ListItem","position":1,"name":"Home","item":"https:\/\/euro-east.fi\/sv\/"},{"@type":"ListItem","position":2,"name":"Butik","item":"https:\/\/euro-east.fi\/sv\/butik\/"},{"@type":"ListItem","position":3,"name":"Riga Gold Stekt skarpsill i tomats\u00e5s 240g\/120g"}]},{"@type":"WebSite","@id":"https:\/\/euro-east.fi\/#website","url":"https:\/\/euro-east.fi\/","name":"Euro-East","description":"Euro-East vie sinut makumatkalle Baltiasta Balkanille.Euro-East on it\u00e4eurooppalaisten elintarvikkeiden maahantuoja. Tarjoamme parhaita herkkuja Baltiasta Balkaniin. Meilt\u00e4 l\u00f6yd\u00e4t laadukkaita vihannes-, kala- ja lihas\u00e4ilykkeit\u00e4, kastikkeita, jyvi\u00e4, mehuja, keksej\u00e4 ja pakasteita. Tule mukaan makumatkalle ja ihastu ruokakulttuurien herkulliseen kirjoon","publisher":{"@id":"https:\/\/euro-east.fi\/#organization"},"potentialAction":[{"@type":"SearchAction","target":{"@type":"EntryPoint","urlTemplate":"https:\/\/euro-east.fi\/?s={search_term_string}"},"query-input":{"@type":"PropertyValueSpecification","valueRequired":true,"valueName":"search_term_string"}}],"inLanguage":"sv-SE"},{"@type":"Organization","@id":"https:\/\/euro-east.fi\/#organization","name":"Euro-East","url":"https:\/\/euro-east.fi\/","logo":{"@type":"ImageObject","inLanguage":"sv-SE","@id":"https:\/\/euro-east.fi\/#\/schema\/logo\/image\/","url":"https:\/\/euro-east.fi\/wp-content\/uploads\/2023\/03\/Logo-1.png","contentUrl":"https:\/\/euro-east.fi\/wp-content\/uploads\/2023\/03\/Logo-1.png","width":250,"height":250,"caption":"Euro-East"},"image":{"@id":"https:\/\/euro-east.fi\/#\/schema\/logo\/image\/"},"sameAs":["https:\/\/www.facebook.com\/EuroEast.fi","https:\/\/x.com\/euroeastoy","https:\/\/www.instagram.com\/euro.east\/","https:\/\/www.pinterest.com\/euroeast\/","https:\/\/www.youtube.com\/channel\/UCfNlzn0G_n53fATPX6Uw0yw"]}]}},"_links":{"self":[{"href":"https:\/\/euro-east.fi\/sv\/wp-json\/wp\/v2\/product\/517480","targetHints":{"allow":["GET"]}}],"collection":[{"href":"https:\/\/euro-east.fi\/sv\/wp-json\/wp\/v2\/product"}],"about":[{"href":"https:\/\/euro-east.fi\/sv\/wp-json\/wp\/v2\/types\/product"}],"wp:featuredmedia":[{"embeddable":true,"href":"https:\/\/euro-east.fi\/sv\/wp-json\/wp\/v2\/media\/509038"}],"wp:attachment":[{"href":"https:\/\/euro-east.fi\/sv\/wp-json\/wp\/v2\/media?parent=517480"}],"wp:term":[{"taxonomy":"product_brand","embeddable":true,"href":"https:\/\/euro-east.fi\/sv\/wp-json\/wp\/v2\/product_brand?post=517480"},{"taxonomy":"product_cat","embeddable":true,"href":"https:\/\/euro-east.fi\/sv\/wp-json\/wp\/v2\/product_cat?post=517480"},{"taxonomy":"product_tag","embeddable":true,"href":"https:\/\/euro-east.fi\/sv\/wp-json\/wp\/v2\/product_tag?post=517480"}],"curies":[{"name":"wp","href":"https:\/\/api.w.org\/{rel}","templated":true}]}}