{"id":517516,"date":"2021-03-08T16:06:53","date_gmt":"2021-03-08T14:06:53","guid":{"rendered":"https:\/\/euro-east.fi\/tuote\/riga-gold-sardinbitar-i-olja-240g-168g\/"},"modified":"2026-01-19T15:07:21","modified_gmt":"2026-01-19T13:07:21","slug":"riga-gold-sardinbitar-i-olja-240g-168g","status":"publish","type":"product","link":"https:\/\/euro-east.fi\/sv\/tuote\/riga-gold-sardinbitar-i-olja-240g-168g\/","title":{"rendered":"Riga Gold Sardinbitar i olja 240g\/168g"},"content":{"rendered":"<p>Riga Gold Sardinbitar i Olja: Ett H\u00f6gkvalitativt Val f\u00f6r M\u00e5ngsidig Anv\u00e4ndning<\/p>\n<p>Uppt\u00e4ck Riga Golds h\u00f6gkvalitativa fiskkonserver fr\u00e5n Lettland. Sardin \u00e4r en viktig kommersiell fisk som tillh\u00f6r ordningen Clupeiformes och familjen Clupeidae. Denna lilla fisk, som liknar sill, lever i stora stim i \u00f6stra Nordatlanten och Medelhavet, och r\u00f6r sig upp till hundra meter djupt p\u00e5 jakt efter f\u00f6da, huvudsakligen zooplankton.<\/p>\n<p>I Medelhavsl\u00e4nderna tillagas sardiner p\u00e5 m\u00e5nga s\u00e4tt: stekta, saltade, r\u00f6kta och konserverade. Sardiner \u00e4r en utm\u00e4rkt matfisk som ger m\u00e5ngsidighet och uts\u00f6kt smak till bordet. Sardinbitar i olja kan anv\u00e4ndas i olika r\u00e4tter eftersom de \u00e4r f\u00f6rkokta och l\u00e4tta att tills\u00e4tta till olika m\u00e5ltider. De passar bra p\u00e5 r\u00e5gbr\u00f6d, i sallader, varma sm\u00f6rg\u00e5sar eller njutas som de \u00e4r med potatis.<\/p>\n<p>Riga Gold fiskkonserver \u00e4r k\u00e4nda f\u00f6r sin h\u00f6ga kvalitet och uts\u00f6kta smak.<\/p>\n","protected":false},"excerpt":{"rendered":"<p>Riga Gold Sardinbitar i Olja: Ett H\u00f6gkvalitativt Val f\u00f6r M\u00e5ngsidig Anv\u00e4ndning Uppt\u00e4ck Riga Golds h\u00f6gkvalitativa fiskkonserver fr\u00e5n Lettland. Sardin \u00e4r en viktig kommersiell fisk som tillh\u00f6r ordningen Clupeiformes och familjen Clupeidae. Denna lilla fisk, som liknar sill, lever i stora stim i \u00f6stra Nordatlanten och Medelhavet, och r\u00f6r sig upp till hundra meter djupt p\u00e5 [&hellip;]<\/p>\n","protected":false},"featured_media":519981,"template":"","meta":{"_acf_changed":false,"content-type":"","_improvement_type_select":"improve_an_existing","_thumb_yes_seoaic":false,"_frame_yes_seoaic":false,"seoaic_generate_description":"","seoaic_improve_instructions_prompt":"","seoaic_rollback_content_improvement":"","seoaic_idea_thumbnail_generator":"","thumbnail_generated":false,"thumbnail_generate_prompt":"","seoaic_article_description":""},"product_brand":[],"product_cat":[3386],"product_tag":[],"class_list":{"0":"post-517516","1":"product","2":"type-product","3":"status-publish","4":"has-post-thumbnail","6":"product_cat-konserverat-kott-och-fisk","8":"first","9":"instock","10":"taxable","11":"shipping-taxable","12":"purchasable","13":"product-type-simple"},"acf":[],"yoast_head":"<!-- This site is optimized with the Yoast SEO plugin v27.1.1 - https:\/\/yoast.com\/product\/yoast-seo-wordpress\/ -->\n<title>Riga Gold Sardinbitar i olja 240g\/168g - Euro-East<\/title>\n<meta name=\"robots\" content=\"index, follow, max-snippet:-1, max-image-preview:large, max-video-preview:-1\" \/>\n<link rel=\"canonical\" href=\"https:\/\/euro-east.fi\/sv\/tuote\/riga-gold-sardinbitar-i-olja-240g-168g\/\" \/>\n<meta property=\"og:locale\" content=\"sv_SE\" \/>\n<meta property=\"og:type\" content=\"article\" \/>\n<meta property=\"og:title\" content=\"Riga Gold Sardinbitar i olja 240g\/168g - Euro-East\" \/>\n<meta property=\"og:description\" content=\"Riga Gold Sardinbitar i Olja: Ett H\u00f6gkvalitativt Val f\u00f6r M\u00e5ngsidig Anv\u00e4ndning Uppt\u00e4ck Riga Golds h\u00f6gkvalitativa fiskkonserver fr\u00e5n Lettland. Sardin \u00e4r en viktig kommersiell fisk som tillh\u00f6r ordningen Clupeiformes och familjen Clupeidae. Denna lilla fisk, som liknar sill, lever i stora stim i \u00f6stra Nordatlanten och Medelhavet, och r\u00f6r sig upp till hundra meter djupt p\u00e5 [&hellip;]\" \/>\n<meta property=\"og:url\" content=\"https:\/\/euro-east.fi\/sv\/tuote\/riga-gold-sardinbitar-i-olja-240g-168g\/\" \/>\n<meta property=\"og:site_name\" content=\"Euro-East\" \/>\n<meta property=\"article:publisher\" content=\"https:\/\/www.facebook.com\/EuroEast.fi\" \/>\n<meta property=\"article:modified_time\" content=\"2026-01-19T13:07:21+00:00\" \/>\n<meta property=\"og:image\" content=\"https:\/\/euro-east.fi\/wp-content\/uploads\/2024\/01\/320752_riga_gold_sardiinipala_oljyssa_240g_168g.jpg\" \/>\n\t<meta property=\"og:image:width\" content=\"500\" \/>\n\t<meta property=\"og:image:height\" content=\"500\" \/>\n\t<meta property=\"og:image:type\" content=\"image\/jpeg\" \/>\n<meta name=\"twitter:card\" content=\"summary_large_image\" \/>\n<meta name=\"twitter:site\" content=\"@euroeastoy\" \/>\n<meta name=\"twitter:label1\" content=\"Ber\u00e4knad l\u00e4stid\" \/>\n\t<meta name=\"twitter:data1\" content=\"1 minute\" \/>\n<script type=\"application\/ld+json\" class=\"yoast-schema-graph\">{\"@context\":\"https:\/\/schema.org\",\"@graph\":[{\"@type\":\"WebPage\",\"@id\":\"https:\/\/euro-east.fi\/sv\/tuote\/riga-gold-sardinbitar-i-olja-240g-168g\/\",\"url\":\"https:\/\/euro-east.fi\/sv\/tuote\/riga-gold-sardinbitar-i-olja-240g-168g\/\",\"name\":\"Riga Gold Sardinbitar i olja 240g\/168g - Euro-East\",\"isPartOf\":{\"@id\":\"https:\/\/euro-east.fi\/#website\"},\"primaryImageOfPage\":{\"@id\":\"https:\/\/euro-east.fi\/sv\/tuote\/riga-gold-sardinbitar-i-olja-240g-168g\/#primaryimage\"},\"image\":{\"@id\":\"https:\/\/euro-east.fi\/sv\/tuote\/riga-gold-sardinbitar-i-olja-240g-168g\/#primaryimage\"},\"thumbnailUrl\":\"https:\/\/euro-east.fi\/wp-content\/uploads\/2024\/01\/320752_riga_gold_sardiinipala_oljyssa_240g_168g.jpg\",\"datePublished\":\"2021-03-08T14:06:53+00:00\",\"dateModified\":\"2026-01-19T13:07:21+00:00\",\"breadcrumb\":{\"@id\":\"https:\/\/euro-east.fi\/sv\/tuote\/riga-gold-sardinbitar-i-olja-240g-168g\/#breadcrumb\"},\"inLanguage\":\"sv-SE\",\"potentialAction\":[{\"@type\":\"ReadAction\",\"target\":[\"https:\/\/euro-east.fi\/sv\/tuote\/riga-gold-sardinbitar-i-olja-240g-168g\/\"]}]},{\"@type\":\"ImageObject\",\"inLanguage\":\"sv-SE\",\"@id\":\"https:\/\/euro-east.fi\/sv\/tuote\/riga-gold-sardinbitar-i-olja-240g-168g\/#primaryimage\",\"url\":\"https:\/\/euro-east.fi\/wp-content\/uploads\/2024\/01\/320752_riga_gold_sardiinipala_oljyssa_240g_168g.jpg\",\"contentUrl\":\"https:\/\/euro-east.fi\/wp-content\/uploads\/2024\/01\/320752_riga_gold_sardiinipala_oljyssa_240g_168g.jpg\",\"width\":500,\"height\":500,\"caption\":\"RIGA_GOLD_Sardiinipala_oljyssa_240g\"},{\"@type\":\"BreadcrumbList\",\"@id\":\"https:\/\/euro-east.fi\/sv\/tuote\/riga-gold-sardinbitar-i-olja-240g-168g\/#breadcrumb\",\"itemListElement\":[{\"@type\":\"ListItem\",\"position\":1,\"name\":\"Home\",\"item\":\"https:\/\/euro-east.fi\/sv\/\"},{\"@type\":\"ListItem\",\"position\":2,\"name\":\"Butik\",\"item\":\"https:\/\/euro-east.fi\/sv\/butik\/\"},{\"@type\":\"ListItem\",\"position\":3,\"name\":\"Riga Gold Sardinbitar i olja 240g\/168g\"}]},{\"@type\":\"WebSite\",\"@id\":\"https:\/\/euro-east.fi\/#website\",\"url\":\"https:\/\/euro-east.fi\/\",\"name\":\"Euro-East\",\"description\":\"Euro-East vie sinut makumatkalle Baltiasta Balkanille.Euro-East on it\u00e4eurooppalaisten elintarvikkeiden maahantuoja. Tarjoamme parhaita herkkuja Baltiasta Balkaniin. Meilt\u00e4 l\u00f6yd\u00e4t laadukkaita vihannes-, kala- ja lihas\u00e4ilykkeit\u00e4, kastikkeita, jyvi\u00e4, mehuja, keksej\u00e4 ja pakasteita. Tule mukaan makumatkalle ja ihastu ruokakulttuurien herkulliseen kirjoon\",\"publisher\":{\"@id\":\"https:\/\/euro-east.fi\/#organization\"},\"potentialAction\":[{\"@type\":\"SearchAction\",\"target\":{\"@type\":\"EntryPoint\",\"urlTemplate\":\"https:\/\/euro-east.fi\/?s={search_term_string}\"},\"query-input\":{\"@type\":\"PropertyValueSpecification\",\"valueRequired\":true,\"valueName\":\"search_term_string\"}}],\"inLanguage\":\"sv-SE\"},{\"@type\":\"Organization\",\"@id\":\"https:\/\/euro-east.fi\/#organization\",\"name\":\"Euro-East\",\"url\":\"https:\/\/euro-east.fi\/\",\"logo\":{\"@type\":\"ImageObject\",\"inLanguage\":\"sv-SE\",\"@id\":\"https:\/\/euro-east.fi\/#\/schema\/logo\/image\/\",\"url\":\"https:\/\/euro-east.fi\/wp-content\/uploads\/2023\/03\/Logo-1.png\",\"contentUrl\":\"https:\/\/euro-east.fi\/wp-content\/uploads\/2023\/03\/Logo-1.png\",\"width\":250,\"height\":250,\"caption\":\"Euro-East\"},\"image\":{\"@id\":\"https:\/\/euro-east.fi\/#\/schema\/logo\/image\/\"},\"sameAs\":[\"https:\/\/www.facebook.com\/EuroEast.fi\",\"https:\/\/x.com\/euroeastoy\",\"https:\/\/www.instagram.com\/euro.east\/\",\"https:\/\/www.pinterest.com\/euroeast\/\",\"https:\/\/www.youtube.com\/channel\/UCfNlzn0G_n53fATPX6Uw0yw\"]}]}<\/script>\n<!-- \/ Yoast SEO plugin. -->","yoast_head_json":{"title":"Riga Gold Sardinbitar i olja 240g\/168g - Euro-East","robots":{"index":"index","follow":"follow","max-snippet":"max-snippet:-1","max-image-preview":"max-image-preview:large","max-video-preview":"max-video-preview:-1"},"canonical":"https:\/\/euro-east.fi\/sv\/tuote\/riga-gold-sardinbitar-i-olja-240g-168g\/","og_locale":"sv_SE","og_type":"article","og_title":"Riga Gold Sardinbitar i olja 240g\/168g - Euro-East","og_description":"Riga Gold Sardinbitar i Olja: Ett H\u00f6gkvalitativt Val f\u00f6r M\u00e5ngsidig Anv\u00e4ndning Uppt\u00e4ck Riga Golds h\u00f6gkvalitativa fiskkonserver fr\u00e5n Lettland. Sardin \u00e4r en viktig kommersiell fisk som tillh\u00f6r ordningen Clupeiformes och familjen Clupeidae. Denna lilla fisk, som liknar sill, lever i stora stim i \u00f6stra Nordatlanten och Medelhavet, och r\u00f6r sig upp till hundra meter djupt p\u00e5 [&hellip;]","og_url":"https:\/\/euro-east.fi\/sv\/tuote\/riga-gold-sardinbitar-i-olja-240g-168g\/","og_site_name":"Euro-East","article_publisher":"https:\/\/www.facebook.com\/EuroEast.fi","article_modified_time":"2026-01-19T13:07:21+00:00","og_image":[{"width":500,"height":500,"url":"https:\/\/euro-east.fi\/wp-content\/uploads\/2024\/01\/320752_riga_gold_sardiinipala_oljyssa_240g_168g.jpg","type":"image\/jpeg"}],"twitter_card":"summary_large_image","twitter_site":"@euroeastoy","twitter_misc":{"Ber\u00e4knad l\u00e4stid":"1 minute"},"schema":{"@context":"https:\/\/schema.org","@graph":[{"@type":"WebPage","@id":"https:\/\/euro-east.fi\/sv\/tuote\/riga-gold-sardinbitar-i-olja-240g-168g\/","url":"https:\/\/euro-east.fi\/sv\/tuote\/riga-gold-sardinbitar-i-olja-240g-168g\/","name":"Riga Gold Sardinbitar i olja 240g\/168g - Euro-East","isPartOf":{"@id":"https:\/\/euro-east.fi\/#website"},"primaryImageOfPage":{"@id":"https:\/\/euro-east.fi\/sv\/tuote\/riga-gold-sardinbitar-i-olja-240g-168g\/#primaryimage"},"image":{"@id":"https:\/\/euro-east.fi\/sv\/tuote\/riga-gold-sardinbitar-i-olja-240g-168g\/#primaryimage"},"thumbnailUrl":"https:\/\/euro-east.fi\/wp-content\/uploads\/2024\/01\/320752_riga_gold_sardiinipala_oljyssa_240g_168g.jpg","datePublished":"2021-03-08T14:06:53+00:00","dateModified":"2026-01-19T13:07:21+00:00","breadcrumb":{"@id":"https:\/\/euro-east.fi\/sv\/tuote\/riga-gold-sardinbitar-i-olja-240g-168g\/#breadcrumb"},"inLanguage":"sv-SE","potentialAction":[{"@type":"ReadAction","target":["https:\/\/euro-east.fi\/sv\/tuote\/riga-gold-sardinbitar-i-olja-240g-168g\/"]}]},{"@type":"ImageObject","inLanguage":"sv-SE","@id":"https:\/\/euro-east.fi\/sv\/tuote\/riga-gold-sardinbitar-i-olja-240g-168g\/#primaryimage","url":"https:\/\/euro-east.fi\/wp-content\/uploads\/2024\/01\/320752_riga_gold_sardiinipala_oljyssa_240g_168g.jpg","contentUrl":"https:\/\/euro-east.fi\/wp-content\/uploads\/2024\/01\/320752_riga_gold_sardiinipala_oljyssa_240g_168g.jpg","width":500,"height":500,"caption":"RIGA_GOLD_Sardiinipala_oljyssa_240g"},{"@type":"BreadcrumbList","@id":"https:\/\/euro-east.fi\/sv\/tuote\/riga-gold-sardinbitar-i-olja-240g-168g\/#breadcrumb","itemListElement":[{"@type":"ListItem","position":1,"name":"Home","item":"https:\/\/euro-east.fi\/sv\/"},{"@type":"ListItem","position":2,"name":"Butik","item":"https:\/\/euro-east.fi\/sv\/butik\/"},{"@type":"ListItem","position":3,"name":"Riga Gold Sardinbitar i olja 240g\/168g"}]},{"@type":"WebSite","@id":"https:\/\/euro-east.fi\/#website","url":"https:\/\/euro-east.fi\/","name":"Euro-East","description":"Euro-East vie sinut makumatkalle Baltiasta Balkanille.Euro-East on it\u00e4eurooppalaisten elintarvikkeiden maahantuoja. Tarjoamme parhaita herkkuja Baltiasta Balkaniin. Meilt\u00e4 l\u00f6yd\u00e4t laadukkaita vihannes-, kala- ja lihas\u00e4ilykkeit\u00e4, kastikkeita, jyvi\u00e4, mehuja, keksej\u00e4 ja pakasteita. Tule mukaan makumatkalle ja ihastu ruokakulttuurien herkulliseen kirjoon","publisher":{"@id":"https:\/\/euro-east.fi\/#organization"},"potentialAction":[{"@type":"SearchAction","target":{"@type":"EntryPoint","urlTemplate":"https:\/\/euro-east.fi\/?s={search_term_string}"},"query-input":{"@type":"PropertyValueSpecification","valueRequired":true,"valueName":"search_term_string"}}],"inLanguage":"sv-SE"},{"@type":"Organization","@id":"https:\/\/euro-east.fi\/#organization","name":"Euro-East","url":"https:\/\/euro-east.fi\/","logo":{"@type":"ImageObject","inLanguage":"sv-SE","@id":"https:\/\/euro-east.fi\/#\/schema\/logo\/image\/","url":"https:\/\/euro-east.fi\/wp-content\/uploads\/2023\/03\/Logo-1.png","contentUrl":"https:\/\/euro-east.fi\/wp-content\/uploads\/2023\/03\/Logo-1.png","width":250,"height":250,"caption":"Euro-East"},"image":{"@id":"https:\/\/euro-east.fi\/#\/schema\/logo\/image\/"},"sameAs":["https:\/\/www.facebook.com\/EuroEast.fi","https:\/\/x.com\/euroeastoy","https:\/\/www.instagram.com\/euro.east\/","https:\/\/www.pinterest.com\/euroeast\/","https:\/\/www.youtube.com\/channel\/UCfNlzn0G_n53fATPX6Uw0yw"]}]}},"_links":{"self":[{"href":"https:\/\/euro-east.fi\/sv\/wp-json\/wp\/v2\/product\/517516","targetHints":{"allow":["GET"]}}],"collection":[{"href":"https:\/\/euro-east.fi\/sv\/wp-json\/wp\/v2\/product"}],"about":[{"href":"https:\/\/euro-east.fi\/sv\/wp-json\/wp\/v2\/types\/product"}],"wp:featuredmedia":[{"embeddable":true,"href":"https:\/\/euro-east.fi\/sv\/wp-json\/wp\/v2\/media\/519981"}],"wp:attachment":[{"href":"https:\/\/euro-east.fi\/sv\/wp-json\/wp\/v2\/media?parent=517516"}],"wp:term":[{"taxonomy":"product_brand","embeddable":true,"href":"https:\/\/euro-east.fi\/sv\/wp-json\/wp\/v2\/product_brand?post=517516"},{"taxonomy":"product_cat","embeddable":true,"href":"https:\/\/euro-east.fi\/sv\/wp-json\/wp\/v2\/product_cat?post=517516"},{"taxonomy":"product_tag","embeddable":true,"href":"https:\/\/euro-east.fi\/sv\/wp-json\/wp\/v2\/product_tag?post=517516"}],"curies":[{"name":"wp","href":"https:\/\/api.w.org\/{rel}","templated":true}]}}