{"id":517555,"date":"2023-05-26T14:44:15","date_gmt":"2023-05-26T11:44:15","guid":{"rendered":"https:\/\/euro-east.fi\/tuote\/larsen-musslor-i-kryddbuljong-msc-200-g-100-g\/"},"modified":"2026-01-19T14:57:50","modified_gmt":"2026-01-19T12:57:50","slug":"larsen-musslor-i-kryddbuljong-msc-200-g-100-g","status":"publish","type":"product","link":"https:\/\/euro-east.fi\/sv\/tuote\/larsen-musslor-i-kryddbuljong-msc-200-g-100-g\/","title":{"rendered":"Larsen Musslor i kryddbuljong MSC 200 g\/ 100 g"},"content":{"rendered":"<p>Larsen musslor i kryddbuljong \u00e4r skall\u00f6sa musslor. Musslor \u00e4r en utm\u00e4rkt k\u00e4lla till protein och de ger variation till fiskm\u00e5ltider. Produkten \u00e4r helt konserverad (past\u00f6riserad). Det kan finnas sn\u00e4ckor eller bitar av skal bland skaldjuren. Musslorna i denna produkt kommer fr\u00e5n MSC-certifierat h\u00e5llbart fiskebest\u00e5nd. www.msc.org\/fi.<br \/>\nMusslor kan serveras som de \u00e4r, avrunna, som f\u00f6rr\u00e4tt eller l\u00e4tt salta. De \u00e4r ocks\u00e5 l\u00e4mpliga f\u00f6r sallader, pasta, pajer, pizza, soppor och till och med varma sm\u00f6rg\u00e5sar. Tills\u00e4tt musslorna i den varma soppan f\u00f6rst i slutet av tillagningen s\u00e5 att de inte blir sega.<\/p>\n","protected":false},"excerpt":{"rendered":"<p>Larsen musslor i kryddbuljong \u00e4r skall\u00f6sa musslor. Musslor \u00e4r en utm\u00e4rkt k\u00e4lla till protein och de ger variation till fiskm\u00e5ltider. Produkten \u00e4r helt konserverad (past\u00f6riserad). Det kan finnas sn\u00e4ckor eller bitar av skal bland skaldjuren. Musslorna i denna produkt kommer fr\u00e5n MSC-certifierat h\u00e5llbart fiskebest\u00e5nd. www.msc.org\/fi. Musslor kan serveras som de \u00e4r, avrunna, som f\u00f6rr\u00e4tt eller [&hellip;]<\/p>\n","protected":false},"featured_media":519071,"template":"","meta":{"_acf_changed":false,"content-type":"","_improvement_type_select":"improve_an_existing","_thumb_yes_seoaic":false,"_frame_yes_seoaic":false,"seoaic_generate_description":"","seoaic_improve_instructions_prompt":"","seoaic_rollback_content_improvement":"","seoaic_idea_thumbnail_generator":"","thumbnail_generated":false,"thumbnail_generate_prompt":"","seoaic_article_description":""},"product_brand":[],"product_cat":[3386],"product_tag":[],"class_list":{"0":"post-517555","1":"product","2":"type-product","3":"status-publish","4":"has-post-thumbnail","6":"product_cat-konserverat-kott-och-fisk","8":"first","9":"instock","10":"taxable","11":"shipping-taxable","12":"purchasable","13":"product-type-simple"},"acf":[],"yoast_head":"<!-- This site is optimized with the Yoast SEO plugin v27.1.1 - https:\/\/yoast.com\/product\/yoast-seo-wordpress\/ -->\n<title>Larsen Musslor i kryddbuljong MSC 200 g\/ 100 g - Euro-East<\/title>\n<meta name=\"robots\" content=\"index, follow, max-snippet:-1, max-image-preview:large, max-video-preview:-1\" \/>\n<link rel=\"canonical\" href=\"https:\/\/euro-east.fi\/sv\/tuote\/larsen-musslor-i-kryddbuljong-msc-200-g-100-g\/\" \/>\n<meta property=\"og:locale\" content=\"sv_SE\" \/>\n<meta property=\"og:type\" content=\"article\" \/>\n<meta property=\"og:title\" content=\"Larsen Musslor i kryddbuljong MSC 200 g\/ 100 g - Euro-East\" \/>\n<meta property=\"og:description\" content=\"Larsen musslor i kryddbuljong \u00e4r skall\u00f6sa musslor. Musslor \u00e4r en utm\u00e4rkt k\u00e4lla till protein och de ger variation till fiskm\u00e5ltider. Produkten \u00e4r helt konserverad (past\u00f6riserad). Det kan finnas sn\u00e4ckor eller bitar av skal bland skaldjuren. Musslorna i denna produkt kommer fr\u00e5n MSC-certifierat h\u00e5llbart fiskebest\u00e5nd. www.msc.org\/fi. Musslor kan serveras som de \u00e4r, avrunna, som f\u00f6rr\u00e4tt eller [&hellip;]\" \/>\n<meta property=\"og:url\" content=\"https:\/\/euro-east.fi\/sv\/tuote\/larsen-musslor-i-kryddbuljong-msc-200-g-100-g\/\" \/>\n<meta property=\"og:site_name\" content=\"Euro-East\" \/>\n<meta property=\"article:publisher\" content=\"https:\/\/www.facebook.com\/EuroEast.fi\" \/>\n<meta property=\"article:modified_time\" content=\"2026-01-19T12:57:50+00:00\" \/>\n<meta property=\"og:image\" content=\"https:\/\/euro-east.fi\/wp-content\/uploads\/2023\/12\/19300_larsen_simpukat_mausteliemessa_msc_200_g__100_g.jpg\" \/>\n\t<meta property=\"og:image:width\" content=\"500\" \/>\n\t<meta property=\"og:image:height\" content=\"500\" \/>\n\t<meta property=\"og:image:type\" content=\"image\/jpeg\" \/>\n<meta name=\"twitter:card\" content=\"summary_large_image\" \/>\n<meta name=\"twitter:site\" content=\"@euroeastoy\" \/>\n<meta name=\"twitter:label1\" content=\"Ber\u00e4knad l\u00e4stid\" \/>\n\t<meta name=\"twitter:data1\" content=\"1 minute\" \/>\n<script type=\"application\/ld+json\" class=\"yoast-schema-graph\">{\"@context\":\"https:\/\/schema.org\",\"@graph\":[{\"@type\":\"WebPage\",\"@id\":\"https:\/\/euro-east.fi\/sv\/tuote\/larsen-musslor-i-kryddbuljong-msc-200-g-100-g\/\",\"url\":\"https:\/\/euro-east.fi\/sv\/tuote\/larsen-musslor-i-kryddbuljong-msc-200-g-100-g\/\",\"name\":\"Larsen Musslor i kryddbuljong MSC 200 g\/ 100 g - Euro-East\",\"isPartOf\":{\"@id\":\"https:\/\/euro-east.fi\/#website\"},\"primaryImageOfPage\":{\"@id\":\"https:\/\/euro-east.fi\/sv\/tuote\/larsen-musslor-i-kryddbuljong-msc-200-g-100-g\/#primaryimage\"},\"image\":{\"@id\":\"https:\/\/euro-east.fi\/sv\/tuote\/larsen-musslor-i-kryddbuljong-msc-200-g-100-g\/#primaryimage\"},\"thumbnailUrl\":\"https:\/\/euro-east.fi\/wp-content\/uploads\/2023\/12\/19300_larsen_simpukat_mausteliemessa_msc_200_g__100_g.jpg\",\"datePublished\":\"2023-05-26T11:44:15+00:00\",\"dateModified\":\"2026-01-19T12:57:50+00:00\",\"breadcrumb\":{\"@id\":\"https:\/\/euro-east.fi\/sv\/tuote\/larsen-musslor-i-kryddbuljong-msc-200-g-100-g\/#breadcrumb\"},\"inLanguage\":\"sv-SE\",\"potentialAction\":[{\"@type\":\"ReadAction\",\"target\":[\"https:\/\/euro-east.fi\/sv\/tuote\/larsen-musslor-i-kryddbuljong-msc-200-g-100-g\/\"]}]},{\"@type\":\"ImageObject\",\"inLanguage\":\"sv-SE\",\"@id\":\"https:\/\/euro-east.fi\/sv\/tuote\/larsen-musslor-i-kryddbuljong-msc-200-g-100-g\/#primaryimage\",\"url\":\"https:\/\/euro-east.fi\/wp-content\/uploads\/2023\/12\/19300_larsen_simpukat_mausteliemessa_msc_200_g__100_g.jpg\",\"contentUrl\":\"https:\/\/euro-east.fi\/wp-content\/uploads\/2023\/12\/19300_larsen_simpukat_mausteliemessa_msc_200_g__100_g.jpg\",\"width\":500,\"height\":500,\"caption\":\"Larsen_simpukat_mausteliemessa_200g\"},{\"@type\":\"BreadcrumbList\",\"@id\":\"https:\/\/euro-east.fi\/sv\/tuote\/larsen-musslor-i-kryddbuljong-msc-200-g-100-g\/#breadcrumb\",\"itemListElement\":[{\"@type\":\"ListItem\",\"position\":1,\"name\":\"Home\",\"item\":\"https:\/\/euro-east.fi\/sv\/\"},{\"@type\":\"ListItem\",\"position\":2,\"name\":\"Butik\",\"item\":\"https:\/\/euro-east.fi\/sv\/butik\/\"},{\"@type\":\"ListItem\",\"position\":3,\"name\":\"Larsen Musslor i kryddbuljong MSC 200 g\/ 100 g\"}]},{\"@type\":\"WebSite\",\"@id\":\"https:\/\/euro-east.fi\/#website\",\"url\":\"https:\/\/euro-east.fi\/\",\"name\":\"Euro-East\",\"description\":\"Euro-East vie sinut makumatkalle Baltiasta Balkanille.Euro-East on it\u00e4eurooppalaisten elintarvikkeiden maahantuoja. Tarjoamme parhaita herkkuja Baltiasta Balkaniin. Meilt\u00e4 l\u00f6yd\u00e4t laadukkaita vihannes-, kala- ja lihas\u00e4ilykkeit\u00e4, kastikkeita, jyvi\u00e4, mehuja, keksej\u00e4 ja pakasteita. Tule mukaan makumatkalle ja ihastu ruokakulttuurien herkulliseen kirjoon\",\"publisher\":{\"@id\":\"https:\/\/euro-east.fi\/#organization\"},\"potentialAction\":[{\"@type\":\"SearchAction\",\"target\":{\"@type\":\"EntryPoint\",\"urlTemplate\":\"https:\/\/euro-east.fi\/?s={search_term_string}\"},\"query-input\":{\"@type\":\"PropertyValueSpecification\",\"valueRequired\":true,\"valueName\":\"search_term_string\"}}],\"inLanguage\":\"sv-SE\"},{\"@type\":\"Organization\",\"@id\":\"https:\/\/euro-east.fi\/#organization\",\"name\":\"Euro-East\",\"url\":\"https:\/\/euro-east.fi\/\",\"logo\":{\"@type\":\"ImageObject\",\"inLanguage\":\"sv-SE\",\"@id\":\"https:\/\/euro-east.fi\/#\/schema\/logo\/image\/\",\"url\":\"https:\/\/euro-east.fi\/wp-content\/uploads\/2023\/03\/Logo-1.png\",\"contentUrl\":\"https:\/\/euro-east.fi\/wp-content\/uploads\/2023\/03\/Logo-1.png\",\"width\":250,\"height\":250,\"caption\":\"Euro-East\"},\"image\":{\"@id\":\"https:\/\/euro-east.fi\/#\/schema\/logo\/image\/\"},\"sameAs\":[\"https:\/\/www.facebook.com\/EuroEast.fi\",\"https:\/\/x.com\/euroeastoy\",\"https:\/\/www.instagram.com\/euro.east\/\",\"https:\/\/www.pinterest.com\/euroeast\/\",\"https:\/\/www.youtube.com\/channel\/UCfNlzn0G_n53fATPX6Uw0yw\"]}]}<\/script>\n<!-- \/ Yoast SEO plugin. -->","yoast_head_json":{"title":"Larsen Musslor i kryddbuljong MSC 200 g\/ 100 g - Euro-East","robots":{"index":"index","follow":"follow","max-snippet":"max-snippet:-1","max-image-preview":"max-image-preview:large","max-video-preview":"max-video-preview:-1"},"canonical":"https:\/\/euro-east.fi\/sv\/tuote\/larsen-musslor-i-kryddbuljong-msc-200-g-100-g\/","og_locale":"sv_SE","og_type":"article","og_title":"Larsen Musslor i kryddbuljong MSC 200 g\/ 100 g - Euro-East","og_description":"Larsen musslor i kryddbuljong \u00e4r skall\u00f6sa musslor. Musslor \u00e4r en utm\u00e4rkt k\u00e4lla till protein och de ger variation till fiskm\u00e5ltider. Produkten \u00e4r helt konserverad (past\u00f6riserad). Det kan finnas sn\u00e4ckor eller bitar av skal bland skaldjuren. Musslorna i denna produkt kommer fr\u00e5n MSC-certifierat h\u00e5llbart fiskebest\u00e5nd. www.msc.org\/fi. Musslor kan serveras som de \u00e4r, avrunna, som f\u00f6rr\u00e4tt eller [&hellip;]","og_url":"https:\/\/euro-east.fi\/sv\/tuote\/larsen-musslor-i-kryddbuljong-msc-200-g-100-g\/","og_site_name":"Euro-East","article_publisher":"https:\/\/www.facebook.com\/EuroEast.fi","article_modified_time":"2026-01-19T12:57:50+00:00","og_image":[{"width":500,"height":500,"url":"https:\/\/euro-east.fi\/wp-content\/uploads\/2023\/12\/19300_larsen_simpukat_mausteliemessa_msc_200_g__100_g.jpg","type":"image\/jpeg"}],"twitter_card":"summary_large_image","twitter_site":"@euroeastoy","twitter_misc":{"Ber\u00e4knad l\u00e4stid":"1 minute"},"schema":{"@context":"https:\/\/schema.org","@graph":[{"@type":"WebPage","@id":"https:\/\/euro-east.fi\/sv\/tuote\/larsen-musslor-i-kryddbuljong-msc-200-g-100-g\/","url":"https:\/\/euro-east.fi\/sv\/tuote\/larsen-musslor-i-kryddbuljong-msc-200-g-100-g\/","name":"Larsen Musslor i kryddbuljong MSC 200 g\/ 100 g - Euro-East","isPartOf":{"@id":"https:\/\/euro-east.fi\/#website"},"primaryImageOfPage":{"@id":"https:\/\/euro-east.fi\/sv\/tuote\/larsen-musslor-i-kryddbuljong-msc-200-g-100-g\/#primaryimage"},"image":{"@id":"https:\/\/euro-east.fi\/sv\/tuote\/larsen-musslor-i-kryddbuljong-msc-200-g-100-g\/#primaryimage"},"thumbnailUrl":"https:\/\/euro-east.fi\/wp-content\/uploads\/2023\/12\/19300_larsen_simpukat_mausteliemessa_msc_200_g__100_g.jpg","datePublished":"2023-05-26T11:44:15+00:00","dateModified":"2026-01-19T12:57:50+00:00","breadcrumb":{"@id":"https:\/\/euro-east.fi\/sv\/tuote\/larsen-musslor-i-kryddbuljong-msc-200-g-100-g\/#breadcrumb"},"inLanguage":"sv-SE","potentialAction":[{"@type":"ReadAction","target":["https:\/\/euro-east.fi\/sv\/tuote\/larsen-musslor-i-kryddbuljong-msc-200-g-100-g\/"]}]},{"@type":"ImageObject","inLanguage":"sv-SE","@id":"https:\/\/euro-east.fi\/sv\/tuote\/larsen-musslor-i-kryddbuljong-msc-200-g-100-g\/#primaryimage","url":"https:\/\/euro-east.fi\/wp-content\/uploads\/2023\/12\/19300_larsen_simpukat_mausteliemessa_msc_200_g__100_g.jpg","contentUrl":"https:\/\/euro-east.fi\/wp-content\/uploads\/2023\/12\/19300_larsen_simpukat_mausteliemessa_msc_200_g__100_g.jpg","width":500,"height":500,"caption":"Larsen_simpukat_mausteliemessa_200g"},{"@type":"BreadcrumbList","@id":"https:\/\/euro-east.fi\/sv\/tuote\/larsen-musslor-i-kryddbuljong-msc-200-g-100-g\/#breadcrumb","itemListElement":[{"@type":"ListItem","position":1,"name":"Home","item":"https:\/\/euro-east.fi\/sv\/"},{"@type":"ListItem","position":2,"name":"Butik","item":"https:\/\/euro-east.fi\/sv\/butik\/"},{"@type":"ListItem","position":3,"name":"Larsen Musslor i kryddbuljong MSC 200 g\/ 100 g"}]},{"@type":"WebSite","@id":"https:\/\/euro-east.fi\/#website","url":"https:\/\/euro-east.fi\/","name":"Euro-East","description":"Euro-East vie sinut makumatkalle Baltiasta Balkanille.Euro-East on it\u00e4eurooppalaisten elintarvikkeiden maahantuoja. Tarjoamme parhaita herkkuja Baltiasta Balkaniin. Meilt\u00e4 l\u00f6yd\u00e4t laadukkaita vihannes-, kala- ja lihas\u00e4ilykkeit\u00e4, kastikkeita, jyvi\u00e4, mehuja, keksej\u00e4 ja pakasteita. Tule mukaan makumatkalle ja ihastu ruokakulttuurien herkulliseen kirjoon","publisher":{"@id":"https:\/\/euro-east.fi\/#organization"},"potentialAction":[{"@type":"SearchAction","target":{"@type":"EntryPoint","urlTemplate":"https:\/\/euro-east.fi\/?s={search_term_string}"},"query-input":{"@type":"PropertyValueSpecification","valueRequired":true,"valueName":"search_term_string"}}],"inLanguage":"sv-SE"},{"@type":"Organization","@id":"https:\/\/euro-east.fi\/#organization","name":"Euro-East","url":"https:\/\/euro-east.fi\/","logo":{"@type":"ImageObject","inLanguage":"sv-SE","@id":"https:\/\/euro-east.fi\/#\/schema\/logo\/image\/","url":"https:\/\/euro-east.fi\/wp-content\/uploads\/2023\/03\/Logo-1.png","contentUrl":"https:\/\/euro-east.fi\/wp-content\/uploads\/2023\/03\/Logo-1.png","width":250,"height":250,"caption":"Euro-East"},"image":{"@id":"https:\/\/euro-east.fi\/#\/schema\/logo\/image\/"},"sameAs":["https:\/\/www.facebook.com\/EuroEast.fi","https:\/\/x.com\/euroeastoy","https:\/\/www.instagram.com\/euro.east\/","https:\/\/www.pinterest.com\/euroeast\/","https:\/\/www.youtube.com\/channel\/UCfNlzn0G_n53fATPX6Uw0yw"]}]}},"_links":{"self":[{"href":"https:\/\/euro-east.fi\/sv\/wp-json\/wp\/v2\/product\/517555","targetHints":{"allow":["GET"]}}],"collection":[{"href":"https:\/\/euro-east.fi\/sv\/wp-json\/wp\/v2\/product"}],"about":[{"href":"https:\/\/euro-east.fi\/sv\/wp-json\/wp\/v2\/types\/product"}],"wp:featuredmedia":[{"embeddable":true,"href":"https:\/\/euro-east.fi\/sv\/wp-json\/wp\/v2\/media\/519071"}],"wp:attachment":[{"href":"https:\/\/euro-east.fi\/sv\/wp-json\/wp\/v2\/media?parent=517555"}],"wp:term":[{"taxonomy":"product_brand","embeddable":true,"href":"https:\/\/euro-east.fi\/sv\/wp-json\/wp\/v2\/product_brand?post=517555"},{"taxonomy":"product_cat","embeddable":true,"href":"https:\/\/euro-east.fi\/sv\/wp-json\/wp\/v2\/product_cat?post=517555"},{"taxonomy":"product_tag","embeddable":true,"href":"https:\/\/euro-east.fi\/sv\/wp-json\/wp\/v2\/product_tag?post=517555"}],"curies":[{"name":"wp","href":"https:\/\/api.w.org\/{rel}","templated":true}]}}