{"id":517561,"date":"2021-03-08T16:05:12","date_gmt":"2021-03-08T14:05:12","guid":{"rendered":"https:\/\/euro-east.fi\/tuote\/dovgan-krabbkott-i-egen-lag-170g-121g\/"},"modified":"2026-01-19T15:08:47","modified_gmt":"2026-01-19T13:08:47","slug":"dovgan-krabbkott-i-egen-lag-170g-121g","status":"publish","type":"product","link":"https:\/\/euro-east.fi\/sv\/tuote\/dovgan-krabbkott-i-egen-lag-170g-121g\/","title":{"rendered":"Dovgan Krabbk\u00f6tt, flingor 170g\/ 121g"},"content":{"rendered":"<p>L\u00e4ckra krabbk\u00f6ttflingor i egen juice &#8211; en proteinrik och h\u00e4lsosam delikatess som passar till m\u00e5nga r\u00e4tter! F\u00e4rsk krabbk\u00f6tt \u00e4r en s\u00e4llsynt delikatess, men som konserverad kan du njuta av krabbk\u00f6tt utan besv\u00e4ret med tillagning eller rensning.<\/p>\n<p>Krabbk\u00f6tt har massor av smak och kan anv\u00e4ndas som flodkr\u00e4fta. Prova krabbk\u00f6tt i soppor, sallader, p\u00e5 br\u00f6d med majonn\u00e4s eller g\u00f6r l\u00e4ckra krabbkakor. Krabbk\u00f6tt passar ocks\u00e5 utm\u00e4rkt i den traditionella slaviska r\u00e4tten julienne med svamp.<\/p>\n","protected":false},"excerpt":{"rendered":"<p>L\u00e4ckra krabbk\u00f6ttflingor i egen juice &#8211; en proteinrik och h\u00e4lsosam delikatess som passar till m\u00e5nga r\u00e4tter! F\u00e4rsk krabbk\u00f6tt \u00e4r en s\u00e4llsynt delikatess, men som konserverad kan du njuta av krabbk\u00f6tt utan besv\u00e4ret med tillagning eller rensning. Krabbk\u00f6tt har massor av smak och kan anv\u00e4ndas som flodkr\u00e4fta. Prova krabbk\u00f6tt i soppor, sallader, p\u00e5 br\u00f6d med majonn\u00e4s [&hellip;]<\/p>\n","protected":false},"featured_media":520475,"template":"","meta":{"_acf_changed":false,"content-type":"","_improvement_type_select":"improve_an_existing","_thumb_yes_seoaic":false,"_frame_yes_seoaic":false,"seoaic_generate_description":"","seoaic_improve_instructions_prompt":"","seoaic_rollback_content_improvement":"","seoaic_idea_thumbnail_generator":"","thumbnail_generated":false,"thumbnail_generate_prompt":"","seoaic_article_description":""},"product_brand":[],"product_cat":[3386],"product_tag":[],"class_list":{"0":"post-517561","1":"product","2":"type-product","3":"status-publish","4":"has-post-thumbnail","6":"product_cat-konserverat-kott-och-fisk","8":"first","9":"instock","10":"taxable","11":"shipping-taxable","12":"purchasable","13":"product-type-simple"},"acf":[],"yoast_head":"<!-- This site is optimized with the Yoast SEO plugin v27.1.1 - https:\/\/yoast.com\/product\/yoast-seo-wordpress\/ -->\n<title>Dovgan Krabbk\u00f6tt, flingor 170g\/ 121g - Euro-East<\/title>\n<meta name=\"robots\" content=\"index, follow, max-snippet:-1, max-image-preview:large, max-video-preview:-1\" \/>\n<link rel=\"canonical\" href=\"https:\/\/euro-east.fi\/sv\/tuote\/dovgan-krabbkott-i-egen-lag-170g-121g\/\" \/>\n<meta property=\"og:locale\" content=\"sv_SE\" \/>\n<meta property=\"og:type\" content=\"article\" \/>\n<meta property=\"og:title\" content=\"Dovgan Krabbk\u00f6tt, flingor 170g\/ 121g - Euro-East\" \/>\n<meta property=\"og:description\" content=\"L\u00e4ckra krabbk\u00f6ttflingor i egen juice &#8211; en proteinrik och h\u00e4lsosam delikatess som passar till m\u00e5nga r\u00e4tter! F\u00e4rsk krabbk\u00f6tt \u00e4r en s\u00e4llsynt delikatess, men som konserverad kan du njuta av krabbk\u00f6tt utan besv\u00e4ret med tillagning eller rensning. Krabbk\u00f6tt har massor av smak och kan anv\u00e4ndas som flodkr\u00e4fta. Prova krabbk\u00f6tt i soppor, sallader, p\u00e5 br\u00f6d med majonn\u00e4s [&hellip;]\" \/>\n<meta property=\"og:url\" content=\"https:\/\/euro-east.fi\/sv\/tuote\/dovgan-krabbkott-i-egen-lag-170g-121g\/\" \/>\n<meta property=\"og:site_name\" content=\"Euro-East\" \/>\n<meta property=\"article:publisher\" content=\"https:\/\/www.facebook.com\/EuroEast.fi\" \/>\n<meta property=\"article:modified_time\" content=\"2026-01-19T13:08:47+00:00\" \/>\n<meta property=\"og:image\" content=\"https:\/\/euro-east.fi\/wp-content\/uploads\/2024\/02\/32900170_dovgan_taskuravunliha__hiutaleet_170g_121g.jpg\" \/>\n\t<meta property=\"og:image:width\" content=\"500\" \/>\n\t<meta property=\"og:image:height\" content=\"500\" \/>\n\t<meta property=\"og:image:type\" content=\"image\/jpeg\" \/>\n<meta name=\"twitter:card\" content=\"summary_large_image\" \/>\n<meta name=\"twitter:site\" content=\"@euroeastoy\" \/>\n<meta name=\"twitter:label1\" content=\"Ber\u00e4knad l\u00e4stid\" \/>\n\t<meta name=\"twitter:data1\" content=\"1 minute\" \/>\n<script type=\"application\/ld+json\" class=\"yoast-schema-graph\">{\"@context\":\"https:\/\/schema.org\",\"@graph\":[{\"@type\":\"WebPage\",\"@id\":\"https:\/\/euro-east.fi\/sv\/tuote\/dovgan-krabbkott-i-egen-lag-170g-121g\/\",\"url\":\"https:\/\/euro-east.fi\/sv\/tuote\/dovgan-krabbkott-i-egen-lag-170g-121g\/\",\"name\":\"Dovgan Krabbk\u00f6tt, flingor 170g\/ 121g - Euro-East\",\"isPartOf\":{\"@id\":\"https:\/\/euro-east.fi\/#website\"},\"primaryImageOfPage\":{\"@id\":\"https:\/\/euro-east.fi\/sv\/tuote\/dovgan-krabbkott-i-egen-lag-170g-121g\/#primaryimage\"},\"image\":{\"@id\":\"https:\/\/euro-east.fi\/sv\/tuote\/dovgan-krabbkott-i-egen-lag-170g-121g\/#primaryimage\"},\"thumbnailUrl\":\"https:\/\/euro-east.fi\/wp-content\/uploads\/2024\/02\/32900170_dovgan_taskuravunliha__hiutaleet_170g_121g.jpg\",\"datePublished\":\"2021-03-08T14:05:12+00:00\",\"dateModified\":\"2026-01-19T13:08:47+00:00\",\"breadcrumb\":{\"@id\":\"https:\/\/euro-east.fi\/sv\/tuote\/dovgan-krabbkott-i-egen-lag-170g-121g\/#breadcrumb\"},\"inLanguage\":\"sv-SE\",\"potentialAction\":[{\"@type\":\"ReadAction\",\"target\":[\"https:\/\/euro-east.fi\/sv\/tuote\/dovgan-krabbkott-i-egen-lag-170g-121g\/\"]}]},{\"@type\":\"ImageObject\",\"inLanguage\":\"sv-SE\",\"@id\":\"https:\/\/euro-east.fi\/sv\/tuote\/dovgan-krabbkott-i-egen-lag-170g-121g\/#primaryimage\",\"url\":\"https:\/\/euro-east.fi\/wp-content\/uploads\/2024\/02\/32900170_dovgan_taskuravunliha__hiutaleet_170g_121g.jpg\",\"contentUrl\":\"https:\/\/euro-east.fi\/wp-content\/uploads\/2024\/02\/32900170_dovgan_taskuravunliha__hiutaleet_170g_121g.jpg\",\"width\":500,\"height\":500,\"caption\":\"Taskuravun_liha_170g\"},{\"@type\":\"BreadcrumbList\",\"@id\":\"https:\/\/euro-east.fi\/sv\/tuote\/dovgan-krabbkott-i-egen-lag-170g-121g\/#breadcrumb\",\"itemListElement\":[{\"@type\":\"ListItem\",\"position\":1,\"name\":\"Home\",\"item\":\"https:\/\/euro-east.fi\/sv\/\"},{\"@type\":\"ListItem\",\"position\":2,\"name\":\"Butik\",\"item\":\"https:\/\/euro-east.fi\/sv\/butik\/\"},{\"@type\":\"ListItem\",\"position\":3,\"name\":\"Dovgan Krabbk\u00f6tt, flingor 170g\/ 121g\"}]},{\"@type\":\"WebSite\",\"@id\":\"https:\/\/euro-east.fi\/#website\",\"url\":\"https:\/\/euro-east.fi\/\",\"name\":\"Euro-East\",\"description\":\"Euro-East vie sinut makumatkalle Baltiasta Balkanille.Euro-East on it\u00e4eurooppalaisten elintarvikkeiden maahantuoja. Tarjoamme parhaita herkkuja Baltiasta Balkaniin. Meilt\u00e4 l\u00f6yd\u00e4t laadukkaita vihannes-, kala- ja lihas\u00e4ilykkeit\u00e4, kastikkeita, jyvi\u00e4, mehuja, keksej\u00e4 ja pakasteita. Tule mukaan makumatkalle ja ihastu ruokakulttuurien herkulliseen kirjoon\",\"publisher\":{\"@id\":\"https:\/\/euro-east.fi\/#organization\"},\"potentialAction\":[{\"@type\":\"SearchAction\",\"target\":{\"@type\":\"EntryPoint\",\"urlTemplate\":\"https:\/\/euro-east.fi\/?s={search_term_string}\"},\"query-input\":{\"@type\":\"PropertyValueSpecification\",\"valueRequired\":true,\"valueName\":\"search_term_string\"}}],\"inLanguage\":\"sv-SE\"},{\"@type\":\"Organization\",\"@id\":\"https:\/\/euro-east.fi\/#organization\",\"name\":\"Euro-East\",\"url\":\"https:\/\/euro-east.fi\/\",\"logo\":{\"@type\":\"ImageObject\",\"inLanguage\":\"sv-SE\",\"@id\":\"https:\/\/euro-east.fi\/#\/schema\/logo\/image\/\",\"url\":\"https:\/\/euro-east.fi\/wp-content\/uploads\/2023\/03\/Logo-1.png\",\"contentUrl\":\"https:\/\/euro-east.fi\/wp-content\/uploads\/2023\/03\/Logo-1.png\",\"width\":250,\"height\":250,\"caption\":\"Euro-East\"},\"image\":{\"@id\":\"https:\/\/euro-east.fi\/#\/schema\/logo\/image\/\"},\"sameAs\":[\"https:\/\/www.facebook.com\/EuroEast.fi\",\"https:\/\/x.com\/euroeastoy\",\"https:\/\/www.instagram.com\/euro.east\/\",\"https:\/\/www.pinterest.com\/euroeast\/\",\"https:\/\/www.youtube.com\/channel\/UCfNlzn0G_n53fATPX6Uw0yw\"]}]}<\/script>\n<!-- \/ Yoast SEO plugin. -->","yoast_head_json":{"title":"Dovgan Krabbk\u00f6tt, flingor 170g\/ 121g - Euro-East","robots":{"index":"index","follow":"follow","max-snippet":"max-snippet:-1","max-image-preview":"max-image-preview:large","max-video-preview":"max-video-preview:-1"},"canonical":"https:\/\/euro-east.fi\/sv\/tuote\/dovgan-krabbkott-i-egen-lag-170g-121g\/","og_locale":"sv_SE","og_type":"article","og_title":"Dovgan Krabbk\u00f6tt, flingor 170g\/ 121g - Euro-East","og_description":"L\u00e4ckra krabbk\u00f6ttflingor i egen juice &#8211; en proteinrik och h\u00e4lsosam delikatess som passar till m\u00e5nga r\u00e4tter! F\u00e4rsk krabbk\u00f6tt \u00e4r en s\u00e4llsynt delikatess, men som konserverad kan du njuta av krabbk\u00f6tt utan besv\u00e4ret med tillagning eller rensning. Krabbk\u00f6tt har massor av smak och kan anv\u00e4ndas som flodkr\u00e4fta. Prova krabbk\u00f6tt i soppor, sallader, p\u00e5 br\u00f6d med majonn\u00e4s [&hellip;]","og_url":"https:\/\/euro-east.fi\/sv\/tuote\/dovgan-krabbkott-i-egen-lag-170g-121g\/","og_site_name":"Euro-East","article_publisher":"https:\/\/www.facebook.com\/EuroEast.fi","article_modified_time":"2026-01-19T13:08:47+00:00","og_image":[{"width":500,"height":500,"url":"https:\/\/euro-east.fi\/wp-content\/uploads\/2024\/02\/32900170_dovgan_taskuravunliha__hiutaleet_170g_121g.jpg","type":"image\/jpeg"}],"twitter_card":"summary_large_image","twitter_site":"@euroeastoy","twitter_misc":{"Ber\u00e4knad l\u00e4stid":"1 minute"},"schema":{"@context":"https:\/\/schema.org","@graph":[{"@type":"WebPage","@id":"https:\/\/euro-east.fi\/sv\/tuote\/dovgan-krabbkott-i-egen-lag-170g-121g\/","url":"https:\/\/euro-east.fi\/sv\/tuote\/dovgan-krabbkott-i-egen-lag-170g-121g\/","name":"Dovgan Krabbk\u00f6tt, flingor 170g\/ 121g - Euro-East","isPartOf":{"@id":"https:\/\/euro-east.fi\/#website"},"primaryImageOfPage":{"@id":"https:\/\/euro-east.fi\/sv\/tuote\/dovgan-krabbkott-i-egen-lag-170g-121g\/#primaryimage"},"image":{"@id":"https:\/\/euro-east.fi\/sv\/tuote\/dovgan-krabbkott-i-egen-lag-170g-121g\/#primaryimage"},"thumbnailUrl":"https:\/\/euro-east.fi\/wp-content\/uploads\/2024\/02\/32900170_dovgan_taskuravunliha__hiutaleet_170g_121g.jpg","datePublished":"2021-03-08T14:05:12+00:00","dateModified":"2026-01-19T13:08:47+00:00","breadcrumb":{"@id":"https:\/\/euro-east.fi\/sv\/tuote\/dovgan-krabbkott-i-egen-lag-170g-121g\/#breadcrumb"},"inLanguage":"sv-SE","potentialAction":[{"@type":"ReadAction","target":["https:\/\/euro-east.fi\/sv\/tuote\/dovgan-krabbkott-i-egen-lag-170g-121g\/"]}]},{"@type":"ImageObject","inLanguage":"sv-SE","@id":"https:\/\/euro-east.fi\/sv\/tuote\/dovgan-krabbkott-i-egen-lag-170g-121g\/#primaryimage","url":"https:\/\/euro-east.fi\/wp-content\/uploads\/2024\/02\/32900170_dovgan_taskuravunliha__hiutaleet_170g_121g.jpg","contentUrl":"https:\/\/euro-east.fi\/wp-content\/uploads\/2024\/02\/32900170_dovgan_taskuravunliha__hiutaleet_170g_121g.jpg","width":500,"height":500,"caption":"Taskuravun_liha_170g"},{"@type":"BreadcrumbList","@id":"https:\/\/euro-east.fi\/sv\/tuote\/dovgan-krabbkott-i-egen-lag-170g-121g\/#breadcrumb","itemListElement":[{"@type":"ListItem","position":1,"name":"Home","item":"https:\/\/euro-east.fi\/sv\/"},{"@type":"ListItem","position":2,"name":"Butik","item":"https:\/\/euro-east.fi\/sv\/butik\/"},{"@type":"ListItem","position":3,"name":"Dovgan Krabbk\u00f6tt, flingor 170g\/ 121g"}]},{"@type":"WebSite","@id":"https:\/\/euro-east.fi\/#website","url":"https:\/\/euro-east.fi\/","name":"Euro-East","description":"Euro-East vie sinut makumatkalle Baltiasta Balkanille.Euro-East on it\u00e4eurooppalaisten elintarvikkeiden maahantuoja. Tarjoamme parhaita herkkuja Baltiasta Balkaniin. Meilt\u00e4 l\u00f6yd\u00e4t laadukkaita vihannes-, kala- ja lihas\u00e4ilykkeit\u00e4, kastikkeita, jyvi\u00e4, mehuja, keksej\u00e4 ja pakasteita. Tule mukaan makumatkalle ja ihastu ruokakulttuurien herkulliseen kirjoon","publisher":{"@id":"https:\/\/euro-east.fi\/#organization"},"potentialAction":[{"@type":"SearchAction","target":{"@type":"EntryPoint","urlTemplate":"https:\/\/euro-east.fi\/?s={search_term_string}"},"query-input":{"@type":"PropertyValueSpecification","valueRequired":true,"valueName":"search_term_string"}}],"inLanguage":"sv-SE"},{"@type":"Organization","@id":"https:\/\/euro-east.fi\/#organization","name":"Euro-East","url":"https:\/\/euro-east.fi\/","logo":{"@type":"ImageObject","inLanguage":"sv-SE","@id":"https:\/\/euro-east.fi\/#\/schema\/logo\/image\/","url":"https:\/\/euro-east.fi\/wp-content\/uploads\/2023\/03\/Logo-1.png","contentUrl":"https:\/\/euro-east.fi\/wp-content\/uploads\/2023\/03\/Logo-1.png","width":250,"height":250,"caption":"Euro-East"},"image":{"@id":"https:\/\/euro-east.fi\/#\/schema\/logo\/image\/"},"sameAs":["https:\/\/www.facebook.com\/EuroEast.fi","https:\/\/x.com\/euroeastoy","https:\/\/www.instagram.com\/euro.east\/","https:\/\/www.pinterest.com\/euroeast\/","https:\/\/www.youtube.com\/channel\/UCfNlzn0G_n53fATPX6Uw0yw"]}]}},"_links":{"self":[{"href":"https:\/\/euro-east.fi\/sv\/wp-json\/wp\/v2\/product\/517561","targetHints":{"allow":["GET"]}}],"collection":[{"href":"https:\/\/euro-east.fi\/sv\/wp-json\/wp\/v2\/product"}],"about":[{"href":"https:\/\/euro-east.fi\/sv\/wp-json\/wp\/v2\/types\/product"}],"wp:featuredmedia":[{"embeddable":true,"href":"https:\/\/euro-east.fi\/sv\/wp-json\/wp\/v2\/media\/520475"}],"wp:attachment":[{"href":"https:\/\/euro-east.fi\/sv\/wp-json\/wp\/v2\/media?parent=517561"}],"wp:term":[{"taxonomy":"product_brand","embeddable":true,"href":"https:\/\/euro-east.fi\/sv\/wp-json\/wp\/v2\/product_brand?post=517561"},{"taxonomy":"product_cat","embeddable":true,"href":"https:\/\/euro-east.fi\/sv\/wp-json\/wp\/v2\/product_cat?post=517561"},{"taxonomy":"product_tag","embeddable":true,"href":"https:\/\/euro-east.fi\/sv\/wp-json\/wp\/v2\/product_tag?post=517561"}],"curies":[{"name":"wp","href":"https:\/\/api.w.org\/{rel}","templated":true}]}}