{"id":517604,"date":"2021-05-17T10:24:17","date_gmt":"2021-05-17T07:24:17","guid":{"rendered":"https:\/\/euro-east.fi\/tuote\/vegeta-allkrydda-500-g\/"},"modified":"2026-01-19T15:04:31","modified_gmt":"2026-01-19T13:04:31","slug":"vegeta-allkrydda-500-g","status":"publish","type":"product","link":"https:\/\/euro-east.fi\/sv\/tuote\/vegeta-allkrydda-500-g\/","title":{"rendered":"Vegeta Allkrydda 500 g"},"content":{"rendered":"<p>Kroatisk Vegeta kryddsalt \u00e4r en tidl\u00f6s klassiker som har inspirerat de godaste kreationerna i k\u00f6ket sedan 1959.<\/p>\n<p>Noggrant utvalda ingredienser garanterar framg\u00e5ngen med smaks\u00e4ttning. Vegeta kryddsalt \u00e4r en v\u00e4lsmakande kombination av kryddor, \u00f6rter och torkade gr\u00f6nsaker som har anv\u00e4nts f\u00f6r att skapa l\u00e4ckra r\u00e4tter runt om i v\u00e4rlden i decennier.<\/p>\n<p>Oavsett om det \u00e4r k\u00f6tt, gr\u00f6nsaker, s\u00e5ser, l\u00e5dor, enkla r\u00e4tter eller kulinariska l\u00e4ckerheter &#8211; med en liten sked Vegeta kan du f\u00f6rbereda en m\u00e5ltid full av gl\u00e4dje!<\/p>\n","protected":false},"excerpt":{"rendered":"<p>Kroatisk Vegeta kryddsalt \u00e4r en tidl\u00f6s klassiker som har inspirerat de godaste kreationerna i k\u00f6ket sedan 1959. Noggrant utvalda ingredienser garanterar framg\u00e5ngen med smaks\u00e4ttning. Vegeta kryddsalt \u00e4r en v\u00e4lsmakande kombination av kryddor, \u00f6rter och torkade gr\u00f6nsaker som har anv\u00e4nts f\u00f6r att skapa l\u00e4ckra r\u00e4tter runt om i v\u00e4rlden i decennier. Oavsett om det \u00e4r k\u00f6tt, [&hellip;]<\/p>\n","protected":false},"featured_media":508771,"template":"","meta":{"_acf_changed":false,"content-type":"","_improvement_type_select":"improve_an_existing","_thumb_yes_seoaic":false,"_frame_yes_seoaic":false,"seoaic_generate_description":"","seoaic_improve_instructions_prompt":"","seoaic_rollback_content_improvement":"","seoaic_idea_thumbnail_generator":"","thumbnail_generated":false,"thumbnail_generate_prompt":"","seoaic_article_description":""},"product_brand":[],"product_cat":[3400],"product_tag":[],"class_list":{"0":"post-517604","1":"product","2":"type-product","3":"status-publish","4":"has-post-thumbnail","6":"product_cat-saser-och-annat","8":"first","9":"outofstock","10":"taxable","11":"shipping-taxable","12":"purchasable","13":"product-type-simple"},"acf":[],"yoast_head":"<!-- This site is optimized with the Yoast SEO plugin v27.1.1 - https:\/\/yoast.com\/product\/yoast-seo-wordpress\/ -->\n<title>Vegeta Allkrydda 500 g - Euro-East<\/title>\n<meta name=\"robots\" content=\"index, follow, max-snippet:-1, max-image-preview:large, max-video-preview:-1\" \/>\n<link rel=\"canonical\" href=\"https:\/\/euro-east.fi\/sv\/tuote\/vegeta-allkrydda-500-g\/\" \/>\n<meta property=\"og:locale\" content=\"sv_SE\" \/>\n<meta property=\"og:type\" content=\"article\" \/>\n<meta property=\"og:title\" content=\"Vegeta Allkrydda 500 g - Euro-East\" \/>\n<meta property=\"og:description\" content=\"Kroatisk Vegeta kryddsalt \u00e4r en tidl\u00f6s klassiker som har inspirerat de godaste kreationerna i k\u00f6ket sedan 1959. Noggrant utvalda ingredienser garanterar framg\u00e5ngen med smaks\u00e4ttning. Vegeta kryddsalt \u00e4r en v\u00e4lsmakande kombination av kryddor, \u00f6rter och torkade gr\u00f6nsaker som har anv\u00e4nts f\u00f6r att skapa l\u00e4ckra r\u00e4tter runt om i v\u00e4rlden i decennier. Oavsett om det \u00e4r k\u00f6tt, [&hellip;]\" \/>\n<meta property=\"og:url\" content=\"https:\/\/euro-east.fi\/sv\/tuote\/vegeta-allkrydda-500-g\/\" \/>\n<meta property=\"og:site_name\" content=\"Euro-East\" \/>\n<meta property=\"article:publisher\" content=\"https:\/\/www.facebook.com\/EuroEast.fi\" \/>\n<meta property=\"article:modified_time\" content=\"2026-01-19T13:04:31+00:00\" \/>\n<meta property=\"og:image\" content=\"https:\/\/euro-east.fi\/wp-content\/uploads\/2022\/03\/44950500_vegeta_mausteseos_500g-1.jpg\" \/>\n\t<meta property=\"og:image:width\" content=\"500\" \/>\n\t<meta property=\"og:image:height\" content=\"500\" \/>\n\t<meta property=\"og:image:type\" content=\"image\/jpeg\" \/>\n<meta name=\"twitter:card\" content=\"summary_large_image\" \/>\n<meta name=\"twitter:site\" content=\"@euroeastoy\" \/>\n<meta name=\"twitter:label1\" content=\"Ber\u00e4knad l\u00e4stid\" \/>\n\t<meta name=\"twitter:data1\" content=\"1 minute\" \/>\n<script type=\"application\/ld+json\" class=\"yoast-schema-graph\">{\"@context\":\"https:\/\/schema.org\",\"@graph\":[{\"@type\":\"WebPage\",\"@id\":\"https:\/\/euro-east.fi\/sv\/tuote\/vegeta-allkrydda-500-g\/\",\"url\":\"https:\/\/euro-east.fi\/sv\/tuote\/vegeta-allkrydda-500-g\/\",\"name\":\"Vegeta Allkrydda 500 g - Euro-East\",\"isPartOf\":{\"@id\":\"https:\/\/euro-east.fi\/#website\"},\"primaryImageOfPage\":{\"@id\":\"https:\/\/euro-east.fi\/sv\/tuote\/vegeta-allkrydda-500-g\/#primaryimage\"},\"image\":{\"@id\":\"https:\/\/euro-east.fi\/sv\/tuote\/vegeta-allkrydda-500-g\/#primaryimage\"},\"thumbnailUrl\":\"https:\/\/euro-east.fi\/wp-content\/uploads\/2022\/03\/44950500_vegeta_mausteseos_500g-1.jpg\",\"datePublished\":\"2021-05-17T07:24:17+00:00\",\"dateModified\":\"2026-01-19T13:04:31+00:00\",\"breadcrumb\":{\"@id\":\"https:\/\/euro-east.fi\/sv\/tuote\/vegeta-allkrydda-500-g\/#breadcrumb\"},\"inLanguage\":\"sv-SE\",\"potentialAction\":[{\"@type\":\"ReadAction\",\"target\":[\"https:\/\/euro-east.fi\/sv\/tuote\/vegeta-allkrydda-500-g\/\"]}]},{\"@type\":\"ImageObject\",\"inLanguage\":\"sv-SE\",\"@id\":\"https:\/\/euro-east.fi\/sv\/tuote\/vegeta-allkrydda-500-g\/#primaryimage\",\"url\":\"https:\/\/euro-east.fi\/wp-content\/uploads\/2022\/03\/44950500_vegeta_mausteseos_500g-1.jpg\",\"contentUrl\":\"https:\/\/euro-east.fi\/wp-content\/uploads\/2022\/03\/44950500_vegeta_mausteseos_500g-1.jpg\",\"width\":500,\"height\":500,\"caption\":\"Vegeta_mausteseos_500g\"},{\"@type\":\"BreadcrumbList\",\"@id\":\"https:\/\/euro-east.fi\/sv\/tuote\/vegeta-allkrydda-500-g\/#breadcrumb\",\"itemListElement\":[{\"@type\":\"ListItem\",\"position\":1,\"name\":\"Home\",\"item\":\"https:\/\/euro-east.fi\/sv\/\"},{\"@type\":\"ListItem\",\"position\":2,\"name\":\"Butik\",\"item\":\"https:\/\/euro-east.fi\/sv\/butik\/\"},{\"@type\":\"ListItem\",\"position\":3,\"name\":\"Vegeta Allkrydda 500 g\"}]},{\"@type\":\"WebSite\",\"@id\":\"https:\/\/euro-east.fi\/#website\",\"url\":\"https:\/\/euro-east.fi\/\",\"name\":\"Euro-East\",\"description\":\"Euro-East vie sinut makumatkalle Baltiasta Balkanille.Euro-East on it\u00e4eurooppalaisten elintarvikkeiden maahantuoja. Tarjoamme parhaita herkkuja Baltiasta Balkaniin. Meilt\u00e4 l\u00f6yd\u00e4t laadukkaita vihannes-, kala- ja lihas\u00e4ilykkeit\u00e4, kastikkeita, jyvi\u00e4, mehuja, keksej\u00e4 ja pakasteita. Tule mukaan makumatkalle ja ihastu ruokakulttuurien herkulliseen kirjoon\",\"publisher\":{\"@id\":\"https:\/\/euro-east.fi\/#organization\"},\"potentialAction\":[{\"@type\":\"SearchAction\",\"target\":{\"@type\":\"EntryPoint\",\"urlTemplate\":\"https:\/\/euro-east.fi\/?s={search_term_string}\"},\"query-input\":{\"@type\":\"PropertyValueSpecification\",\"valueRequired\":true,\"valueName\":\"search_term_string\"}}],\"inLanguage\":\"sv-SE\"},{\"@type\":\"Organization\",\"@id\":\"https:\/\/euro-east.fi\/#organization\",\"name\":\"Euro-East\",\"url\":\"https:\/\/euro-east.fi\/\",\"logo\":{\"@type\":\"ImageObject\",\"inLanguage\":\"sv-SE\",\"@id\":\"https:\/\/euro-east.fi\/#\/schema\/logo\/image\/\",\"url\":\"https:\/\/euro-east.fi\/wp-content\/uploads\/2023\/03\/Logo-1.png\",\"contentUrl\":\"https:\/\/euro-east.fi\/wp-content\/uploads\/2023\/03\/Logo-1.png\",\"width\":250,\"height\":250,\"caption\":\"Euro-East\"},\"image\":{\"@id\":\"https:\/\/euro-east.fi\/#\/schema\/logo\/image\/\"},\"sameAs\":[\"https:\/\/www.facebook.com\/EuroEast.fi\",\"https:\/\/x.com\/euroeastoy\",\"https:\/\/www.instagram.com\/euro.east\/\",\"https:\/\/www.pinterest.com\/euroeast\/\",\"https:\/\/www.youtube.com\/channel\/UCfNlzn0G_n53fATPX6Uw0yw\"]}]}<\/script>\n<!-- \/ Yoast SEO plugin. -->","yoast_head_json":{"title":"Vegeta Allkrydda 500 g - Euro-East","robots":{"index":"index","follow":"follow","max-snippet":"max-snippet:-1","max-image-preview":"max-image-preview:large","max-video-preview":"max-video-preview:-1"},"canonical":"https:\/\/euro-east.fi\/sv\/tuote\/vegeta-allkrydda-500-g\/","og_locale":"sv_SE","og_type":"article","og_title":"Vegeta Allkrydda 500 g - Euro-East","og_description":"Kroatisk Vegeta kryddsalt \u00e4r en tidl\u00f6s klassiker som har inspirerat de godaste kreationerna i k\u00f6ket sedan 1959. Noggrant utvalda ingredienser garanterar framg\u00e5ngen med smaks\u00e4ttning. Vegeta kryddsalt \u00e4r en v\u00e4lsmakande kombination av kryddor, \u00f6rter och torkade gr\u00f6nsaker som har anv\u00e4nts f\u00f6r att skapa l\u00e4ckra r\u00e4tter runt om i v\u00e4rlden i decennier. Oavsett om det \u00e4r k\u00f6tt, [&hellip;]","og_url":"https:\/\/euro-east.fi\/sv\/tuote\/vegeta-allkrydda-500-g\/","og_site_name":"Euro-East","article_publisher":"https:\/\/www.facebook.com\/EuroEast.fi","article_modified_time":"2026-01-19T13:04:31+00:00","og_image":[{"width":500,"height":500,"url":"https:\/\/euro-east.fi\/wp-content\/uploads\/2022\/03\/44950500_vegeta_mausteseos_500g-1.jpg","type":"image\/jpeg"}],"twitter_card":"summary_large_image","twitter_site":"@euroeastoy","twitter_misc":{"Ber\u00e4knad l\u00e4stid":"1 minute"},"schema":{"@context":"https:\/\/schema.org","@graph":[{"@type":"WebPage","@id":"https:\/\/euro-east.fi\/sv\/tuote\/vegeta-allkrydda-500-g\/","url":"https:\/\/euro-east.fi\/sv\/tuote\/vegeta-allkrydda-500-g\/","name":"Vegeta Allkrydda 500 g - Euro-East","isPartOf":{"@id":"https:\/\/euro-east.fi\/#website"},"primaryImageOfPage":{"@id":"https:\/\/euro-east.fi\/sv\/tuote\/vegeta-allkrydda-500-g\/#primaryimage"},"image":{"@id":"https:\/\/euro-east.fi\/sv\/tuote\/vegeta-allkrydda-500-g\/#primaryimage"},"thumbnailUrl":"https:\/\/euro-east.fi\/wp-content\/uploads\/2022\/03\/44950500_vegeta_mausteseos_500g-1.jpg","datePublished":"2021-05-17T07:24:17+00:00","dateModified":"2026-01-19T13:04:31+00:00","breadcrumb":{"@id":"https:\/\/euro-east.fi\/sv\/tuote\/vegeta-allkrydda-500-g\/#breadcrumb"},"inLanguage":"sv-SE","potentialAction":[{"@type":"ReadAction","target":["https:\/\/euro-east.fi\/sv\/tuote\/vegeta-allkrydda-500-g\/"]}]},{"@type":"ImageObject","inLanguage":"sv-SE","@id":"https:\/\/euro-east.fi\/sv\/tuote\/vegeta-allkrydda-500-g\/#primaryimage","url":"https:\/\/euro-east.fi\/wp-content\/uploads\/2022\/03\/44950500_vegeta_mausteseos_500g-1.jpg","contentUrl":"https:\/\/euro-east.fi\/wp-content\/uploads\/2022\/03\/44950500_vegeta_mausteseos_500g-1.jpg","width":500,"height":500,"caption":"Vegeta_mausteseos_500g"},{"@type":"BreadcrumbList","@id":"https:\/\/euro-east.fi\/sv\/tuote\/vegeta-allkrydda-500-g\/#breadcrumb","itemListElement":[{"@type":"ListItem","position":1,"name":"Home","item":"https:\/\/euro-east.fi\/sv\/"},{"@type":"ListItem","position":2,"name":"Butik","item":"https:\/\/euro-east.fi\/sv\/butik\/"},{"@type":"ListItem","position":3,"name":"Vegeta Allkrydda 500 g"}]},{"@type":"WebSite","@id":"https:\/\/euro-east.fi\/#website","url":"https:\/\/euro-east.fi\/","name":"Euro-East","description":"Euro-East vie sinut makumatkalle Baltiasta Balkanille.Euro-East on it\u00e4eurooppalaisten elintarvikkeiden maahantuoja. Tarjoamme parhaita herkkuja Baltiasta Balkaniin. Meilt\u00e4 l\u00f6yd\u00e4t laadukkaita vihannes-, kala- ja lihas\u00e4ilykkeit\u00e4, kastikkeita, jyvi\u00e4, mehuja, keksej\u00e4 ja pakasteita. Tule mukaan makumatkalle ja ihastu ruokakulttuurien herkulliseen kirjoon","publisher":{"@id":"https:\/\/euro-east.fi\/#organization"},"potentialAction":[{"@type":"SearchAction","target":{"@type":"EntryPoint","urlTemplate":"https:\/\/euro-east.fi\/?s={search_term_string}"},"query-input":{"@type":"PropertyValueSpecification","valueRequired":true,"valueName":"search_term_string"}}],"inLanguage":"sv-SE"},{"@type":"Organization","@id":"https:\/\/euro-east.fi\/#organization","name":"Euro-East","url":"https:\/\/euro-east.fi\/","logo":{"@type":"ImageObject","inLanguage":"sv-SE","@id":"https:\/\/euro-east.fi\/#\/schema\/logo\/image\/","url":"https:\/\/euro-east.fi\/wp-content\/uploads\/2023\/03\/Logo-1.png","contentUrl":"https:\/\/euro-east.fi\/wp-content\/uploads\/2023\/03\/Logo-1.png","width":250,"height":250,"caption":"Euro-East"},"image":{"@id":"https:\/\/euro-east.fi\/#\/schema\/logo\/image\/"},"sameAs":["https:\/\/www.facebook.com\/EuroEast.fi","https:\/\/x.com\/euroeastoy","https:\/\/www.instagram.com\/euro.east\/","https:\/\/www.pinterest.com\/euroeast\/","https:\/\/www.youtube.com\/channel\/UCfNlzn0G_n53fATPX6Uw0yw"]}]}},"_links":{"self":[{"href":"https:\/\/euro-east.fi\/sv\/wp-json\/wp\/v2\/product\/517604","targetHints":{"allow":["GET"]}}],"collection":[{"href":"https:\/\/euro-east.fi\/sv\/wp-json\/wp\/v2\/product"}],"about":[{"href":"https:\/\/euro-east.fi\/sv\/wp-json\/wp\/v2\/types\/product"}],"wp:featuredmedia":[{"embeddable":true,"href":"https:\/\/euro-east.fi\/sv\/wp-json\/wp\/v2\/media\/508771"}],"wp:attachment":[{"href":"https:\/\/euro-east.fi\/sv\/wp-json\/wp\/v2\/media?parent=517604"}],"wp:term":[{"taxonomy":"product_brand","embeddable":true,"href":"https:\/\/euro-east.fi\/sv\/wp-json\/wp\/v2\/product_brand?post=517604"},{"taxonomy":"product_cat","embeddable":true,"href":"https:\/\/euro-east.fi\/sv\/wp-json\/wp\/v2\/product_cat?post=517604"},{"taxonomy":"product_tag","embeddable":true,"href":"https:\/\/euro-east.fi\/sv\/wp-json\/wp\/v2\/product_tag?post=517604"}],"curies":[{"name":"wp","href":"https:\/\/api.w.org\/{rel}","templated":true}]}}