{"id":517629,"date":"2021-03-08T16:03:54","date_gmt":"2021-03-08T14:03:54","guid":{"rendered":"https:\/\/euro-east.fi\/tuote\/dovgan-kondenserad-mjolk-sotad-397-g-304-ml\/"},"modified":"2026-01-19T15:10:26","modified_gmt":"2026-01-19T13:10:26","slug":"dovgan-kondenserad-mjolk-sotad-397-g-304-ml","status":"publish","type":"product","link":"https:\/\/euro-east.fi\/sv\/tuote\/dovgan-kondenserad-mjolk-sotad-397-g-304-ml\/","title":{"rendered":"Dovgan Kondenserad mj\u00f6lk, s\u00f6tad 397 g \/ 304 ml"},"content":{"rendered":"<p>Kondenserad mj\u00f6lk, det vill s\u00e4ga s\u00f6tad kondenserad mj\u00f6lk, tillverkas genom att koka kondenserad mj\u00f6lk till vilken socker har tillsatts. Som ett resultat av kokningen \u00e4ndras f\u00e4rgen p\u00e5 mj\u00f6lken till en vacker kr\u00e4mig f\u00e4rg och smaken \u00e4r kolaliknande.Kondenserad mj\u00f6lk anv\u00e4nds f\u00f6r att g\u00f6ra m\u00e5nga desserter och bakverk &#8211; fr\u00e5n cheesecakes och pajer till puddingar, karameller och glass. Kondenserad mj\u00f6lk \u00e4r ocks\u00e5 l\u00e4mplig som s\u00f6tningsmedel f\u00f6r te eller kaffe.<\/p>\n","protected":false},"excerpt":{"rendered":"<p>Kondenserad mj\u00f6lk, det vill s\u00e4ga s\u00f6tad kondenserad mj\u00f6lk, tillverkas genom att koka kondenserad mj\u00f6lk till vilken socker har tillsatts. Som ett resultat av kokningen \u00e4ndras f\u00e4rgen p\u00e5 mj\u00f6lken till en vacker kr\u00e4mig f\u00e4rg och smaken \u00e4r kolaliknande.Kondenserad mj\u00f6lk anv\u00e4nds f\u00f6r att g\u00f6ra m\u00e5nga desserter och bakverk &#8211; fr\u00e5n cheesecakes och pajer till puddingar, karameller och [&hellip;]<\/p>\n","protected":false},"featured_media":522451,"template":"","meta":{"_acf_changed":false,"content-type":"","_improvement_type_select":"improve_an_existing","_thumb_yes_seoaic":false,"_frame_yes_seoaic":false,"seoaic_generate_description":"","seoaic_improve_instructions_prompt":"","seoaic_rollback_content_improvement":"","seoaic_idea_thumbnail_generator":"","thumbnail_generated":false,"thumbnail_generate_prompt":"","seoaic_article_description":""},"product_brand":[],"product_cat":[3400],"product_tag":[],"class_list":{"0":"post-517629","1":"product","2":"type-product","3":"status-publish","4":"has-post-thumbnail","6":"product_cat-saser-och-annat","8":"first","9":"instock","10":"taxable","11":"shipping-taxable","12":"purchasable","13":"product-type-simple"},"acf":[],"yoast_head":"<!-- This site is optimized with the Yoast SEO plugin v27.1.1 - https:\/\/yoast.com\/product\/yoast-seo-wordpress\/ -->\n<title>Dovgan Kondenserad mj\u00f6lk, s\u00f6tad 397 g \/ 304 ml - Euro-East<\/title>\n<meta name=\"robots\" content=\"index, follow, max-snippet:-1, max-image-preview:large, max-video-preview:-1\" \/>\n<link rel=\"canonical\" href=\"https:\/\/euro-east.fi\/sv\/tuote\/dovgan-kondenserad-mjolk-sotad-397-g-304-ml\/\" \/>\n<meta property=\"og:locale\" content=\"sv_SE\" \/>\n<meta property=\"og:type\" content=\"article\" \/>\n<meta property=\"og:title\" content=\"Dovgan Kondenserad mj\u00f6lk, s\u00f6tad 397 g \/ 304 ml - Euro-East\" \/>\n<meta property=\"og:description\" content=\"Kondenserad mj\u00f6lk, det vill s\u00e4ga s\u00f6tad kondenserad mj\u00f6lk, tillverkas genom att koka kondenserad mj\u00f6lk till vilken socker har tillsatts. Som ett resultat av kokningen \u00e4ndras f\u00e4rgen p\u00e5 mj\u00f6lken till en vacker kr\u00e4mig f\u00e4rg och smaken \u00e4r kolaliknande.Kondenserad mj\u00f6lk anv\u00e4nds f\u00f6r att g\u00f6ra m\u00e5nga desserter och bakverk &#8211; fr\u00e5n cheesecakes och pajer till puddingar, karameller och [&hellip;]\" \/>\n<meta property=\"og:url\" content=\"https:\/\/euro-east.fi\/sv\/tuote\/dovgan-kondenserad-mjolk-sotad-397-g-304-ml\/\" \/>\n<meta property=\"og:site_name\" content=\"Euro-East\" \/>\n<meta property=\"article:publisher\" content=\"https:\/\/www.facebook.com\/EuroEast.fi\" \/>\n<meta property=\"article:modified_time\" content=\"2026-01-19T13:10:26+00:00\" \/>\n<meta property=\"og:image\" content=\"https:\/\/euro-east.fi\/wp-content\/uploads\/2024\/09\/26510397_dovgan_kondensoitu_maito__makeutettu_397g_304ml.jpg\" \/>\n\t<meta property=\"og:image:width\" content=\"500\" \/>\n\t<meta property=\"og:image:height\" content=\"500\" \/>\n\t<meta property=\"og:image:type\" content=\"image\/jpeg\" \/>\n<meta name=\"twitter:card\" content=\"summary_large_image\" \/>\n<meta name=\"twitter:site\" content=\"@euroeastoy\" \/>\n<meta name=\"twitter:label1\" content=\"Ber\u00e4knad l\u00e4stid\" \/>\n\t<meta name=\"twitter:data1\" content=\"1 minute\" \/>\n<script type=\"application\/ld+json\" class=\"yoast-schema-graph\">{\"@context\":\"https:\/\/schema.org\",\"@graph\":[{\"@type\":\"WebPage\",\"@id\":\"https:\/\/euro-east.fi\/sv\/tuote\/dovgan-kondenserad-mjolk-sotad-397-g-304-ml\/\",\"url\":\"https:\/\/euro-east.fi\/sv\/tuote\/dovgan-kondenserad-mjolk-sotad-397-g-304-ml\/\",\"name\":\"Dovgan Kondenserad mj\u00f6lk, s\u00f6tad 397 g \/ 304 ml - Euro-East\",\"isPartOf\":{\"@id\":\"https:\/\/euro-east.fi\/#website\"},\"primaryImageOfPage\":{\"@id\":\"https:\/\/euro-east.fi\/sv\/tuote\/dovgan-kondenserad-mjolk-sotad-397-g-304-ml\/#primaryimage\"},\"image\":{\"@id\":\"https:\/\/euro-east.fi\/sv\/tuote\/dovgan-kondenserad-mjolk-sotad-397-g-304-ml\/#primaryimage\"},\"thumbnailUrl\":\"https:\/\/euro-east.fi\/wp-content\/uploads\/2024\/09\/26510397_dovgan_kondensoitu_maito__makeutettu_397g_304ml.jpg\",\"datePublished\":\"2021-03-08T14:03:54+00:00\",\"dateModified\":\"2026-01-19T13:10:26+00:00\",\"breadcrumb\":{\"@id\":\"https:\/\/euro-east.fi\/sv\/tuote\/dovgan-kondenserad-mjolk-sotad-397-g-304-ml\/#breadcrumb\"},\"inLanguage\":\"sv-SE\",\"potentialAction\":[{\"@type\":\"ReadAction\",\"target\":[\"https:\/\/euro-east.fi\/sv\/tuote\/dovgan-kondenserad-mjolk-sotad-397-g-304-ml\/\"]}]},{\"@type\":\"ImageObject\",\"inLanguage\":\"sv-SE\",\"@id\":\"https:\/\/euro-east.fi\/sv\/tuote\/dovgan-kondenserad-mjolk-sotad-397-g-304-ml\/#primaryimage\",\"url\":\"https:\/\/euro-east.fi\/wp-content\/uploads\/2024\/09\/26510397_dovgan_kondensoitu_maito__makeutettu_397g_304ml.jpg\",\"contentUrl\":\"https:\/\/euro-east.fi\/wp-content\/uploads\/2024\/09\/26510397_dovgan_kondensoitu_maito__makeutettu_397g_304ml.jpg\",\"width\":500,\"height\":500,\"caption\":\"Kondensoitu_maito__makeutettu_397g_304ml\"},{\"@type\":\"BreadcrumbList\",\"@id\":\"https:\/\/euro-east.fi\/sv\/tuote\/dovgan-kondenserad-mjolk-sotad-397-g-304-ml\/#breadcrumb\",\"itemListElement\":[{\"@type\":\"ListItem\",\"position\":1,\"name\":\"Home\",\"item\":\"https:\/\/euro-east.fi\/sv\/\"},{\"@type\":\"ListItem\",\"position\":2,\"name\":\"Butik\",\"item\":\"https:\/\/euro-east.fi\/sv\/butik\/\"},{\"@type\":\"ListItem\",\"position\":3,\"name\":\"Dovgan Kondenserad mj\u00f6lk, s\u00f6tad 397 g \/ 304 ml\"}]},{\"@type\":\"WebSite\",\"@id\":\"https:\/\/euro-east.fi\/#website\",\"url\":\"https:\/\/euro-east.fi\/\",\"name\":\"Euro-East\",\"description\":\"Euro-East vie sinut makumatkalle Baltiasta Balkanille.Euro-East on it\u00e4eurooppalaisten elintarvikkeiden maahantuoja. Tarjoamme parhaita herkkuja Baltiasta Balkaniin. Meilt\u00e4 l\u00f6yd\u00e4t laadukkaita vihannes-, kala- ja lihas\u00e4ilykkeit\u00e4, kastikkeita, jyvi\u00e4, mehuja, keksej\u00e4 ja pakasteita. Tule mukaan makumatkalle ja ihastu ruokakulttuurien herkulliseen kirjoon\",\"publisher\":{\"@id\":\"https:\/\/euro-east.fi\/#organization\"},\"potentialAction\":[{\"@type\":\"SearchAction\",\"target\":{\"@type\":\"EntryPoint\",\"urlTemplate\":\"https:\/\/euro-east.fi\/?s={search_term_string}\"},\"query-input\":{\"@type\":\"PropertyValueSpecification\",\"valueRequired\":true,\"valueName\":\"search_term_string\"}}],\"inLanguage\":\"sv-SE\"},{\"@type\":\"Organization\",\"@id\":\"https:\/\/euro-east.fi\/#organization\",\"name\":\"Euro-East\",\"url\":\"https:\/\/euro-east.fi\/\",\"logo\":{\"@type\":\"ImageObject\",\"inLanguage\":\"sv-SE\",\"@id\":\"https:\/\/euro-east.fi\/#\/schema\/logo\/image\/\",\"url\":\"https:\/\/euro-east.fi\/wp-content\/uploads\/2023\/03\/Logo-1.png\",\"contentUrl\":\"https:\/\/euro-east.fi\/wp-content\/uploads\/2023\/03\/Logo-1.png\",\"width\":250,\"height\":250,\"caption\":\"Euro-East\"},\"image\":{\"@id\":\"https:\/\/euro-east.fi\/#\/schema\/logo\/image\/\"},\"sameAs\":[\"https:\/\/www.facebook.com\/EuroEast.fi\",\"https:\/\/x.com\/euroeastoy\",\"https:\/\/www.instagram.com\/euro.east\/\",\"https:\/\/www.pinterest.com\/euroeast\/\",\"https:\/\/www.youtube.com\/channel\/UCfNlzn0G_n53fATPX6Uw0yw\"]}]}<\/script>\n<!-- \/ Yoast SEO plugin. -->","yoast_head_json":{"title":"Dovgan Kondenserad mj\u00f6lk, s\u00f6tad 397 g \/ 304 ml - Euro-East","robots":{"index":"index","follow":"follow","max-snippet":"max-snippet:-1","max-image-preview":"max-image-preview:large","max-video-preview":"max-video-preview:-1"},"canonical":"https:\/\/euro-east.fi\/sv\/tuote\/dovgan-kondenserad-mjolk-sotad-397-g-304-ml\/","og_locale":"sv_SE","og_type":"article","og_title":"Dovgan Kondenserad mj\u00f6lk, s\u00f6tad 397 g \/ 304 ml - Euro-East","og_description":"Kondenserad mj\u00f6lk, det vill s\u00e4ga s\u00f6tad kondenserad mj\u00f6lk, tillverkas genom att koka kondenserad mj\u00f6lk till vilken socker har tillsatts. Som ett resultat av kokningen \u00e4ndras f\u00e4rgen p\u00e5 mj\u00f6lken till en vacker kr\u00e4mig f\u00e4rg och smaken \u00e4r kolaliknande.Kondenserad mj\u00f6lk anv\u00e4nds f\u00f6r att g\u00f6ra m\u00e5nga desserter och bakverk &#8211; fr\u00e5n cheesecakes och pajer till puddingar, karameller och [&hellip;]","og_url":"https:\/\/euro-east.fi\/sv\/tuote\/dovgan-kondenserad-mjolk-sotad-397-g-304-ml\/","og_site_name":"Euro-East","article_publisher":"https:\/\/www.facebook.com\/EuroEast.fi","article_modified_time":"2026-01-19T13:10:26+00:00","og_image":[{"width":500,"height":500,"url":"https:\/\/euro-east.fi\/wp-content\/uploads\/2024\/09\/26510397_dovgan_kondensoitu_maito__makeutettu_397g_304ml.jpg","type":"image\/jpeg"}],"twitter_card":"summary_large_image","twitter_site":"@euroeastoy","twitter_misc":{"Ber\u00e4knad l\u00e4stid":"1 minute"},"schema":{"@context":"https:\/\/schema.org","@graph":[{"@type":"WebPage","@id":"https:\/\/euro-east.fi\/sv\/tuote\/dovgan-kondenserad-mjolk-sotad-397-g-304-ml\/","url":"https:\/\/euro-east.fi\/sv\/tuote\/dovgan-kondenserad-mjolk-sotad-397-g-304-ml\/","name":"Dovgan Kondenserad mj\u00f6lk, s\u00f6tad 397 g \/ 304 ml - Euro-East","isPartOf":{"@id":"https:\/\/euro-east.fi\/#website"},"primaryImageOfPage":{"@id":"https:\/\/euro-east.fi\/sv\/tuote\/dovgan-kondenserad-mjolk-sotad-397-g-304-ml\/#primaryimage"},"image":{"@id":"https:\/\/euro-east.fi\/sv\/tuote\/dovgan-kondenserad-mjolk-sotad-397-g-304-ml\/#primaryimage"},"thumbnailUrl":"https:\/\/euro-east.fi\/wp-content\/uploads\/2024\/09\/26510397_dovgan_kondensoitu_maito__makeutettu_397g_304ml.jpg","datePublished":"2021-03-08T14:03:54+00:00","dateModified":"2026-01-19T13:10:26+00:00","breadcrumb":{"@id":"https:\/\/euro-east.fi\/sv\/tuote\/dovgan-kondenserad-mjolk-sotad-397-g-304-ml\/#breadcrumb"},"inLanguage":"sv-SE","potentialAction":[{"@type":"ReadAction","target":["https:\/\/euro-east.fi\/sv\/tuote\/dovgan-kondenserad-mjolk-sotad-397-g-304-ml\/"]}]},{"@type":"ImageObject","inLanguage":"sv-SE","@id":"https:\/\/euro-east.fi\/sv\/tuote\/dovgan-kondenserad-mjolk-sotad-397-g-304-ml\/#primaryimage","url":"https:\/\/euro-east.fi\/wp-content\/uploads\/2024\/09\/26510397_dovgan_kondensoitu_maito__makeutettu_397g_304ml.jpg","contentUrl":"https:\/\/euro-east.fi\/wp-content\/uploads\/2024\/09\/26510397_dovgan_kondensoitu_maito__makeutettu_397g_304ml.jpg","width":500,"height":500,"caption":"Kondensoitu_maito__makeutettu_397g_304ml"},{"@type":"BreadcrumbList","@id":"https:\/\/euro-east.fi\/sv\/tuote\/dovgan-kondenserad-mjolk-sotad-397-g-304-ml\/#breadcrumb","itemListElement":[{"@type":"ListItem","position":1,"name":"Home","item":"https:\/\/euro-east.fi\/sv\/"},{"@type":"ListItem","position":2,"name":"Butik","item":"https:\/\/euro-east.fi\/sv\/butik\/"},{"@type":"ListItem","position":3,"name":"Dovgan Kondenserad mj\u00f6lk, s\u00f6tad 397 g \/ 304 ml"}]},{"@type":"WebSite","@id":"https:\/\/euro-east.fi\/#website","url":"https:\/\/euro-east.fi\/","name":"Euro-East","description":"Euro-East vie sinut makumatkalle Baltiasta Balkanille.Euro-East on it\u00e4eurooppalaisten elintarvikkeiden maahantuoja. Tarjoamme parhaita herkkuja Baltiasta Balkaniin. Meilt\u00e4 l\u00f6yd\u00e4t laadukkaita vihannes-, kala- ja lihas\u00e4ilykkeit\u00e4, kastikkeita, jyvi\u00e4, mehuja, keksej\u00e4 ja pakasteita. Tule mukaan makumatkalle ja ihastu ruokakulttuurien herkulliseen kirjoon","publisher":{"@id":"https:\/\/euro-east.fi\/#organization"},"potentialAction":[{"@type":"SearchAction","target":{"@type":"EntryPoint","urlTemplate":"https:\/\/euro-east.fi\/?s={search_term_string}"},"query-input":{"@type":"PropertyValueSpecification","valueRequired":true,"valueName":"search_term_string"}}],"inLanguage":"sv-SE"},{"@type":"Organization","@id":"https:\/\/euro-east.fi\/#organization","name":"Euro-East","url":"https:\/\/euro-east.fi\/","logo":{"@type":"ImageObject","inLanguage":"sv-SE","@id":"https:\/\/euro-east.fi\/#\/schema\/logo\/image\/","url":"https:\/\/euro-east.fi\/wp-content\/uploads\/2023\/03\/Logo-1.png","contentUrl":"https:\/\/euro-east.fi\/wp-content\/uploads\/2023\/03\/Logo-1.png","width":250,"height":250,"caption":"Euro-East"},"image":{"@id":"https:\/\/euro-east.fi\/#\/schema\/logo\/image\/"},"sameAs":["https:\/\/www.facebook.com\/EuroEast.fi","https:\/\/x.com\/euroeastoy","https:\/\/www.instagram.com\/euro.east\/","https:\/\/www.pinterest.com\/euroeast\/","https:\/\/www.youtube.com\/channel\/UCfNlzn0G_n53fATPX6Uw0yw"]}]}},"_links":{"self":[{"href":"https:\/\/euro-east.fi\/sv\/wp-json\/wp\/v2\/product\/517629","targetHints":{"allow":["GET"]}}],"collection":[{"href":"https:\/\/euro-east.fi\/sv\/wp-json\/wp\/v2\/product"}],"about":[{"href":"https:\/\/euro-east.fi\/sv\/wp-json\/wp\/v2\/types\/product"}],"wp:featuredmedia":[{"embeddable":true,"href":"https:\/\/euro-east.fi\/sv\/wp-json\/wp\/v2\/media\/522451"}],"wp:attachment":[{"href":"https:\/\/euro-east.fi\/sv\/wp-json\/wp\/v2\/media?parent=517629"}],"wp:term":[{"taxonomy":"product_brand","embeddable":true,"href":"https:\/\/euro-east.fi\/sv\/wp-json\/wp\/v2\/product_brand?post=517629"},{"taxonomy":"product_cat","embeddable":true,"href":"https:\/\/euro-east.fi\/sv\/wp-json\/wp\/v2\/product_cat?post=517629"},{"taxonomy":"product_tag","embeddable":true,"href":"https:\/\/euro-east.fi\/sv\/wp-json\/wp\/v2\/product_tag?post=517629"}],"curies":[{"name":"wp","href":"https:\/\/api.w.org\/{rel}","templated":true}]}}