{"id":517632,"date":"2021-03-08T16:04:41","date_gmt":"2021-03-08T14:04:41","guid":{"rendered":"https:\/\/euro-east.fi\/tuote\/dovgan-kondenserad-mjolk-karamelliserad-397g-307ml\/"},"modified":"2026-01-19T15:09:23","modified_gmt":"2026-01-19T13:09:23","slug":"dovgan-kondenserad-mjolk-karamelliserad-397g-307ml","status":"publish","type":"product","link":"https:\/\/euro-east.fi\/sv\/tuote\/dovgan-kondenserad-mjolk-karamelliserad-397g-307ml\/","title":{"rendered":"Dovgan Kondenserad mj\u00f6lk, karamelliserad 397g\/307ml"},"content":{"rendered":"<p>Karamelliserad kondenserad mj\u00f6lk, dvs dulce de leche, \u00e4r en f\u00e4rdig tjock vaniljs\u00e5s som du kan anv\u00e4nda som den \u00e4r.<br \/>\nDu beh\u00f6ver inte l\u00e4ngre koka en o\u00f6ppnad burk kondenserad mj\u00f6lk i timmar i en gryta, men f\u00f6rkaramelliserad kondenserad mj\u00f6lk underl\u00e4ttar bakningen och sparar tid.<\/p>\n<p>Prova en enkel banoffeet\u00e5rta eller anv\u00e4nd karamelliserad kondenserad mj\u00f6lk som desserts\u00e5s. Den f\u00e4rdiga kinuski l\u00e4mpar sig bra till glasyr och cupcakes eller som fyllning. Prova karamelliserad kondenserad mj\u00f6lk ocks\u00e5 till bostonkaka med lingon.<\/p>\n","protected":false},"excerpt":{"rendered":"<p>Karamelliserad kondenserad mj\u00f6lk, dvs dulce de leche, \u00e4r en f\u00e4rdig tjock vaniljs\u00e5s som du kan anv\u00e4nda som den \u00e4r. Du beh\u00f6ver inte l\u00e4ngre koka en o\u00f6ppnad burk kondenserad mj\u00f6lk i timmar i en gryta, men f\u00f6rkaramelliserad kondenserad mj\u00f6lk underl\u00e4ttar bakningen och sparar tid. Prova en enkel banoffeet\u00e5rta eller anv\u00e4nd karamelliserad kondenserad mj\u00f6lk som desserts\u00e5s. Den [&hellip;]<\/p>\n","protected":false},"featured_media":520013,"template":"","meta":{"_acf_changed":false,"content-type":"","_improvement_type_select":"improve_an_existing","_thumb_yes_seoaic":false,"_frame_yes_seoaic":false,"seoaic_generate_description":"","seoaic_improve_instructions_prompt":"","seoaic_rollback_content_improvement":"","seoaic_idea_thumbnail_generator":"","thumbnail_generated":false,"thumbnail_generate_prompt":"","seoaic_article_description":""},"product_brand":[],"product_cat":[3400],"product_tag":[],"class_list":{"0":"post-517632","1":"product","2":"type-product","3":"status-publish","4":"has-post-thumbnail","6":"product_cat-saser-och-annat","8":"first","9":"instock","10":"taxable","11":"shipping-taxable","12":"purchasable","13":"product-type-simple"},"acf":[],"yoast_head":"<!-- This site is optimized with the Yoast SEO plugin v27.1.1 - https:\/\/yoast.com\/product\/yoast-seo-wordpress\/ -->\n<title>Dovgan Kondenserad mj\u00f6lk, karamelliserad 397g\/307ml - Euro-East<\/title>\n<meta name=\"robots\" content=\"index, follow, max-snippet:-1, max-image-preview:large, max-video-preview:-1\" \/>\n<link rel=\"canonical\" href=\"https:\/\/euro-east.fi\/sv\/tuote\/dovgan-kondenserad-mjolk-karamelliserad-397g-307ml\/\" \/>\n<meta property=\"og:locale\" content=\"sv_SE\" \/>\n<meta property=\"og:type\" content=\"article\" \/>\n<meta property=\"og:title\" content=\"Dovgan Kondenserad mj\u00f6lk, karamelliserad 397g\/307ml - Euro-East\" \/>\n<meta property=\"og:description\" content=\"Karamelliserad kondenserad mj\u00f6lk, dvs dulce de leche, \u00e4r en f\u00e4rdig tjock vaniljs\u00e5s som du kan anv\u00e4nda som den \u00e4r. Du beh\u00f6ver inte l\u00e4ngre koka en o\u00f6ppnad burk kondenserad mj\u00f6lk i timmar i en gryta, men f\u00f6rkaramelliserad kondenserad mj\u00f6lk underl\u00e4ttar bakningen och sparar tid. Prova en enkel banoffeet\u00e5rta eller anv\u00e4nd karamelliserad kondenserad mj\u00f6lk som desserts\u00e5s. Den [&hellip;]\" \/>\n<meta property=\"og:url\" content=\"https:\/\/euro-east.fi\/sv\/tuote\/dovgan-kondenserad-mjolk-karamelliserad-397g-307ml\/\" \/>\n<meta property=\"og:site_name\" content=\"Euro-East\" \/>\n<meta property=\"article:publisher\" content=\"https:\/\/www.facebook.com\/EuroEast.fi\" \/>\n<meta property=\"article:modified_time\" content=\"2026-01-19T13:09:23+00:00\" \/>\n<meta property=\"og:image\" content=\"https:\/\/euro-east.fi\/wp-content\/uploads\/2024\/01\/26020397_dovgan_kondensoitu_maito__karamellisoitu_397g_307ml.jpg\" \/>\n\t<meta property=\"og:image:width\" content=\"460\" \/>\n\t<meta property=\"og:image:height\" content=\"450\" \/>\n\t<meta property=\"og:image:type\" content=\"image\/jpeg\" \/>\n<meta name=\"twitter:card\" content=\"summary_large_image\" \/>\n<meta name=\"twitter:site\" content=\"@euroeastoy\" \/>\n<meta name=\"twitter:label1\" content=\"Ber\u00e4knad l\u00e4stid\" \/>\n\t<meta name=\"twitter:data1\" content=\"1 minute\" \/>\n<script type=\"application\/ld+json\" class=\"yoast-schema-graph\">{\"@context\":\"https:\/\/schema.org\",\"@graph\":[{\"@type\":\"WebPage\",\"@id\":\"https:\/\/euro-east.fi\/sv\/tuote\/dovgan-kondenserad-mjolk-karamelliserad-397g-307ml\/\",\"url\":\"https:\/\/euro-east.fi\/sv\/tuote\/dovgan-kondenserad-mjolk-karamelliserad-397g-307ml\/\",\"name\":\"Dovgan Kondenserad mj\u00f6lk, karamelliserad 397g\/307ml - Euro-East\",\"isPartOf\":{\"@id\":\"https:\/\/euro-east.fi\/#website\"},\"primaryImageOfPage\":{\"@id\":\"https:\/\/euro-east.fi\/sv\/tuote\/dovgan-kondenserad-mjolk-karamelliserad-397g-307ml\/#primaryimage\"},\"image\":{\"@id\":\"https:\/\/euro-east.fi\/sv\/tuote\/dovgan-kondenserad-mjolk-karamelliserad-397g-307ml\/#primaryimage\"},\"thumbnailUrl\":\"https:\/\/euro-east.fi\/wp-content\/uploads\/2024\/01\/26020397_dovgan_kondensoitu_maito__karamellisoitu_397g_307ml.jpg\",\"datePublished\":\"2021-03-08T14:04:41+00:00\",\"dateModified\":\"2026-01-19T13:09:23+00:00\",\"breadcrumb\":{\"@id\":\"https:\/\/euro-east.fi\/sv\/tuote\/dovgan-kondenserad-mjolk-karamelliserad-397g-307ml\/#breadcrumb\"},\"inLanguage\":\"sv-SE\",\"potentialAction\":[{\"@type\":\"ReadAction\",\"target\":[\"https:\/\/euro-east.fi\/sv\/tuote\/dovgan-kondenserad-mjolk-karamelliserad-397g-307ml\/\"]}]},{\"@type\":\"ImageObject\",\"inLanguage\":\"sv-SE\",\"@id\":\"https:\/\/euro-east.fi\/sv\/tuote\/dovgan-kondenserad-mjolk-karamelliserad-397g-307ml\/#primaryimage\",\"url\":\"https:\/\/euro-east.fi\/wp-content\/uploads\/2024\/01\/26020397_dovgan_kondensoitu_maito__karamellisoitu_397g_307ml.jpg\",\"contentUrl\":\"https:\/\/euro-east.fi\/wp-content\/uploads\/2024\/01\/26020397_dovgan_kondensoitu_maito__karamellisoitu_397g_307ml.jpg\",\"width\":460,\"height\":450,\"caption\":\"Kondensoitu_maito__karamellisoitu_397g_307ml\"},{\"@type\":\"BreadcrumbList\",\"@id\":\"https:\/\/euro-east.fi\/sv\/tuote\/dovgan-kondenserad-mjolk-karamelliserad-397g-307ml\/#breadcrumb\",\"itemListElement\":[{\"@type\":\"ListItem\",\"position\":1,\"name\":\"Home\",\"item\":\"https:\/\/euro-east.fi\/sv\/\"},{\"@type\":\"ListItem\",\"position\":2,\"name\":\"Butik\",\"item\":\"https:\/\/euro-east.fi\/sv\/butik\/\"},{\"@type\":\"ListItem\",\"position\":3,\"name\":\"Dovgan Kondenserad mj\u00f6lk, karamelliserad 397g\/307ml\"}]},{\"@type\":\"WebSite\",\"@id\":\"https:\/\/euro-east.fi\/#website\",\"url\":\"https:\/\/euro-east.fi\/\",\"name\":\"Euro-East\",\"description\":\"Euro-East vie sinut makumatkalle Baltiasta Balkanille.Euro-East on it\u00e4eurooppalaisten elintarvikkeiden maahantuoja. Tarjoamme parhaita herkkuja Baltiasta Balkaniin. Meilt\u00e4 l\u00f6yd\u00e4t laadukkaita vihannes-, kala- ja lihas\u00e4ilykkeit\u00e4, kastikkeita, jyvi\u00e4, mehuja, keksej\u00e4 ja pakasteita. Tule mukaan makumatkalle ja ihastu ruokakulttuurien herkulliseen kirjoon\",\"publisher\":{\"@id\":\"https:\/\/euro-east.fi\/#organization\"},\"potentialAction\":[{\"@type\":\"SearchAction\",\"target\":{\"@type\":\"EntryPoint\",\"urlTemplate\":\"https:\/\/euro-east.fi\/?s={search_term_string}\"},\"query-input\":{\"@type\":\"PropertyValueSpecification\",\"valueRequired\":true,\"valueName\":\"search_term_string\"}}],\"inLanguage\":\"sv-SE\"},{\"@type\":\"Organization\",\"@id\":\"https:\/\/euro-east.fi\/#organization\",\"name\":\"Euro-East\",\"url\":\"https:\/\/euro-east.fi\/\",\"logo\":{\"@type\":\"ImageObject\",\"inLanguage\":\"sv-SE\",\"@id\":\"https:\/\/euro-east.fi\/#\/schema\/logo\/image\/\",\"url\":\"https:\/\/euro-east.fi\/wp-content\/uploads\/2023\/03\/Logo-1.png\",\"contentUrl\":\"https:\/\/euro-east.fi\/wp-content\/uploads\/2023\/03\/Logo-1.png\",\"width\":250,\"height\":250,\"caption\":\"Euro-East\"},\"image\":{\"@id\":\"https:\/\/euro-east.fi\/#\/schema\/logo\/image\/\"},\"sameAs\":[\"https:\/\/www.facebook.com\/EuroEast.fi\",\"https:\/\/x.com\/euroeastoy\",\"https:\/\/www.instagram.com\/euro.east\/\",\"https:\/\/www.pinterest.com\/euroeast\/\",\"https:\/\/www.youtube.com\/channel\/UCfNlzn0G_n53fATPX6Uw0yw\"]}]}<\/script>\n<!-- \/ Yoast SEO plugin. -->","yoast_head_json":{"title":"Dovgan Kondenserad mj\u00f6lk, karamelliserad 397g\/307ml - Euro-East","robots":{"index":"index","follow":"follow","max-snippet":"max-snippet:-1","max-image-preview":"max-image-preview:large","max-video-preview":"max-video-preview:-1"},"canonical":"https:\/\/euro-east.fi\/sv\/tuote\/dovgan-kondenserad-mjolk-karamelliserad-397g-307ml\/","og_locale":"sv_SE","og_type":"article","og_title":"Dovgan Kondenserad mj\u00f6lk, karamelliserad 397g\/307ml - Euro-East","og_description":"Karamelliserad kondenserad mj\u00f6lk, dvs dulce de leche, \u00e4r en f\u00e4rdig tjock vaniljs\u00e5s som du kan anv\u00e4nda som den \u00e4r. Du beh\u00f6ver inte l\u00e4ngre koka en o\u00f6ppnad burk kondenserad mj\u00f6lk i timmar i en gryta, men f\u00f6rkaramelliserad kondenserad mj\u00f6lk underl\u00e4ttar bakningen och sparar tid. Prova en enkel banoffeet\u00e5rta eller anv\u00e4nd karamelliserad kondenserad mj\u00f6lk som desserts\u00e5s. Den [&hellip;]","og_url":"https:\/\/euro-east.fi\/sv\/tuote\/dovgan-kondenserad-mjolk-karamelliserad-397g-307ml\/","og_site_name":"Euro-East","article_publisher":"https:\/\/www.facebook.com\/EuroEast.fi","article_modified_time":"2026-01-19T13:09:23+00:00","og_image":[{"width":460,"height":450,"url":"https:\/\/euro-east.fi\/wp-content\/uploads\/2024\/01\/26020397_dovgan_kondensoitu_maito__karamellisoitu_397g_307ml.jpg","type":"image\/jpeg"}],"twitter_card":"summary_large_image","twitter_site":"@euroeastoy","twitter_misc":{"Ber\u00e4knad l\u00e4stid":"1 minute"},"schema":{"@context":"https:\/\/schema.org","@graph":[{"@type":"WebPage","@id":"https:\/\/euro-east.fi\/sv\/tuote\/dovgan-kondenserad-mjolk-karamelliserad-397g-307ml\/","url":"https:\/\/euro-east.fi\/sv\/tuote\/dovgan-kondenserad-mjolk-karamelliserad-397g-307ml\/","name":"Dovgan Kondenserad mj\u00f6lk, karamelliserad 397g\/307ml - Euro-East","isPartOf":{"@id":"https:\/\/euro-east.fi\/#website"},"primaryImageOfPage":{"@id":"https:\/\/euro-east.fi\/sv\/tuote\/dovgan-kondenserad-mjolk-karamelliserad-397g-307ml\/#primaryimage"},"image":{"@id":"https:\/\/euro-east.fi\/sv\/tuote\/dovgan-kondenserad-mjolk-karamelliserad-397g-307ml\/#primaryimage"},"thumbnailUrl":"https:\/\/euro-east.fi\/wp-content\/uploads\/2024\/01\/26020397_dovgan_kondensoitu_maito__karamellisoitu_397g_307ml.jpg","datePublished":"2021-03-08T14:04:41+00:00","dateModified":"2026-01-19T13:09:23+00:00","breadcrumb":{"@id":"https:\/\/euro-east.fi\/sv\/tuote\/dovgan-kondenserad-mjolk-karamelliserad-397g-307ml\/#breadcrumb"},"inLanguage":"sv-SE","potentialAction":[{"@type":"ReadAction","target":["https:\/\/euro-east.fi\/sv\/tuote\/dovgan-kondenserad-mjolk-karamelliserad-397g-307ml\/"]}]},{"@type":"ImageObject","inLanguage":"sv-SE","@id":"https:\/\/euro-east.fi\/sv\/tuote\/dovgan-kondenserad-mjolk-karamelliserad-397g-307ml\/#primaryimage","url":"https:\/\/euro-east.fi\/wp-content\/uploads\/2024\/01\/26020397_dovgan_kondensoitu_maito__karamellisoitu_397g_307ml.jpg","contentUrl":"https:\/\/euro-east.fi\/wp-content\/uploads\/2024\/01\/26020397_dovgan_kondensoitu_maito__karamellisoitu_397g_307ml.jpg","width":460,"height":450,"caption":"Kondensoitu_maito__karamellisoitu_397g_307ml"},{"@type":"BreadcrumbList","@id":"https:\/\/euro-east.fi\/sv\/tuote\/dovgan-kondenserad-mjolk-karamelliserad-397g-307ml\/#breadcrumb","itemListElement":[{"@type":"ListItem","position":1,"name":"Home","item":"https:\/\/euro-east.fi\/sv\/"},{"@type":"ListItem","position":2,"name":"Butik","item":"https:\/\/euro-east.fi\/sv\/butik\/"},{"@type":"ListItem","position":3,"name":"Dovgan Kondenserad mj\u00f6lk, karamelliserad 397g\/307ml"}]},{"@type":"WebSite","@id":"https:\/\/euro-east.fi\/#website","url":"https:\/\/euro-east.fi\/","name":"Euro-East","description":"Euro-East vie sinut makumatkalle Baltiasta Balkanille.Euro-East on it\u00e4eurooppalaisten elintarvikkeiden maahantuoja. Tarjoamme parhaita herkkuja Baltiasta Balkaniin. Meilt\u00e4 l\u00f6yd\u00e4t laadukkaita vihannes-, kala- ja lihas\u00e4ilykkeit\u00e4, kastikkeita, jyvi\u00e4, mehuja, keksej\u00e4 ja pakasteita. Tule mukaan makumatkalle ja ihastu ruokakulttuurien herkulliseen kirjoon","publisher":{"@id":"https:\/\/euro-east.fi\/#organization"},"potentialAction":[{"@type":"SearchAction","target":{"@type":"EntryPoint","urlTemplate":"https:\/\/euro-east.fi\/?s={search_term_string}"},"query-input":{"@type":"PropertyValueSpecification","valueRequired":true,"valueName":"search_term_string"}}],"inLanguage":"sv-SE"},{"@type":"Organization","@id":"https:\/\/euro-east.fi\/#organization","name":"Euro-East","url":"https:\/\/euro-east.fi\/","logo":{"@type":"ImageObject","inLanguage":"sv-SE","@id":"https:\/\/euro-east.fi\/#\/schema\/logo\/image\/","url":"https:\/\/euro-east.fi\/wp-content\/uploads\/2023\/03\/Logo-1.png","contentUrl":"https:\/\/euro-east.fi\/wp-content\/uploads\/2023\/03\/Logo-1.png","width":250,"height":250,"caption":"Euro-East"},"image":{"@id":"https:\/\/euro-east.fi\/#\/schema\/logo\/image\/"},"sameAs":["https:\/\/www.facebook.com\/EuroEast.fi","https:\/\/x.com\/euroeastoy","https:\/\/www.instagram.com\/euro.east\/","https:\/\/www.pinterest.com\/euroeast\/","https:\/\/www.youtube.com\/channel\/UCfNlzn0G_n53fATPX6Uw0yw"]}]}},"_links":{"self":[{"href":"https:\/\/euro-east.fi\/sv\/wp-json\/wp\/v2\/product\/517632","targetHints":{"allow":["GET"]}}],"collection":[{"href":"https:\/\/euro-east.fi\/sv\/wp-json\/wp\/v2\/product"}],"about":[{"href":"https:\/\/euro-east.fi\/sv\/wp-json\/wp\/v2\/types\/product"}],"wp:featuredmedia":[{"embeddable":true,"href":"https:\/\/euro-east.fi\/sv\/wp-json\/wp\/v2\/media\/520013"}],"wp:attachment":[{"href":"https:\/\/euro-east.fi\/sv\/wp-json\/wp\/v2\/media?parent=517632"}],"wp:term":[{"taxonomy":"product_brand","embeddable":true,"href":"https:\/\/euro-east.fi\/sv\/wp-json\/wp\/v2\/product_brand?post=517632"},{"taxonomy":"product_cat","embeddable":true,"href":"https:\/\/euro-east.fi\/sv\/wp-json\/wp\/v2\/product_cat?post=517632"},{"taxonomy":"product_tag","embeddable":true,"href":"https:\/\/euro-east.fi\/sv\/wp-json\/wp\/v2\/product_tag?post=517632"}],"curies":[{"name":"wp","href":"https:\/\/api.w.org\/{rel}","templated":true}]}}