{"id":517649,"date":"2023-11-20T09:44:34","date_gmt":"2023-11-20T07:44:34","guid":{"rendered":"https:\/\/euro-east.fi\/tuote\/euro-east-kondenserad-helmjolk-osotad-410g\/"},"modified":"2026-01-19T14:55:26","modified_gmt":"2026-01-19T12:55:26","slug":"euro-east-kondenserad-helmjolk-osotad-410g","status":"publish","type":"product","link":"https:\/\/euro-east.fi\/sv\/tuote\/euro-east-kondenserad-helmjolk-osotad-410g\/","title":{"rendered":"Euro-East Kondenserad helmj\u00f6lk, os\u00f6tad 410g"},"content":{"rendered":"<p>Kondenserad mj\u00f6lk utan tillsatt socker &#8211; Tunnt konsistens men fyllig smak av helmj\u00f6lk, utan extra socker. Sockerfri kondenserad mj\u00f6lk \u00e4r ett utm\u00e4rkt alternativ till gr\u00e4dde, och ger en fettsn\u00e5l, kr\u00e4mig smak till bakning, kaffe och matlagning. Kom ih\u00e5g att l\u00e4gga till den f\u00f6rst mot slutet av matlagningen s\u00e5 att den inte stelnar. Dess h\u00e5llbarhet i rumstemperatur g\u00f6r den till en perfekt hemlighet f\u00f6r hemmakockar. Sockerfri kondenserad mj\u00f6lk passar perfekt b\u00e5de f\u00f6r s\u00f6t och salt matlagning. Den kan anv\u00e4ndas i kaffe, kakao eller te, i pannkakssmet eller till och med f\u00f6r att g\u00f6ra glass, fudge eller puddingar. Den kan anv\u00e4ndas f\u00f6r att g\u00f6ra matss\u00e5ser, den ber\u00f6mda Mac &amp; Cheese-pastan och f\u00f6r att \u00f6ka kr\u00e4migheten i soppor.<\/p>\n","protected":false},"excerpt":{"rendered":"<p>Kondenserad mj\u00f6lk utan tillsatt socker &#8211; Tunnt konsistens men fyllig smak av helmj\u00f6lk, utan extra socker. Sockerfri kondenserad mj\u00f6lk \u00e4r ett utm\u00e4rkt alternativ till gr\u00e4dde, och ger en fettsn\u00e5l, kr\u00e4mig smak till bakning, kaffe och matlagning. Kom ih\u00e5g att l\u00e4gga till den f\u00f6rst mot slutet av matlagningen s\u00e5 att den inte stelnar. Dess h\u00e5llbarhet i [&hellip;]<\/p>\n","protected":false},"featured_media":521862,"template":"","meta":{"_acf_changed":false,"content-type":"","_improvement_type_select":"improve_an_existing","_thumb_yes_seoaic":false,"_frame_yes_seoaic":false,"seoaic_generate_description":"","seoaic_improve_instructions_prompt":"","seoaic_rollback_content_improvement":"","seoaic_idea_thumbnail_generator":"","thumbnail_generated":false,"thumbnail_generate_prompt":"","seoaic_article_description":""},"product_brand":[],"product_cat":[3400],"product_tag":[],"class_list":{"0":"post-517649","1":"product","2":"type-product","3":"status-publish","4":"has-post-thumbnail","6":"product_cat-saser-och-annat","8":"first","9":"instock","10":"taxable","11":"shipping-taxable","12":"purchasable","13":"product-type-simple"},"acf":[],"yoast_head":"<!-- This site is optimized with the Yoast SEO plugin v27.1.1 - https:\/\/yoast.com\/product\/yoast-seo-wordpress\/ -->\n<title>Euro-East Kondenserad helmj\u00f6lk, os\u00f6tad 410g - Euro-East<\/title>\n<meta name=\"robots\" content=\"index, follow, max-snippet:-1, max-image-preview:large, max-video-preview:-1\" \/>\n<link rel=\"canonical\" href=\"https:\/\/euro-east.fi\/sv\/tuote\/euro-east-kondenserad-helmjolk-osotad-410g\/\" \/>\n<meta property=\"og:locale\" content=\"sv_SE\" \/>\n<meta property=\"og:type\" content=\"article\" \/>\n<meta property=\"og:title\" content=\"Euro-East Kondenserad helmj\u00f6lk, os\u00f6tad 410g - Euro-East\" \/>\n<meta property=\"og:description\" content=\"Kondenserad mj\u00f6lk utan tillsatt socker &#8211; Tunnt konsistens men fyllig smak av helmj\u00f6lk, utan extra socker. Sockerfri kondenserad mj\u00f6lk \u00e4r ett utm\u00e4rkt alternativ till gr\u00e4dde, och ger en fettsn\u00e5l, kr\u00e4mig smak till bakning, kaffe och matlagning. Kom ih\u00e5g att l\u00e4gga till den f\u00f6rst mot slutet av matlagningen s\u00e5 att den inte stelnar. Dess h\u00e5llbarhet i [&hellip;]\" \/>\n<meta property=\"og:url\" content=\"https:\/\/euro-east.fi\/sv\/tuote\/euro-east-kondenserad-helmjolk-osotad-410g\/\" \/>\n<meta property=\"og:site_name\" content=\"Euro-East\" \/>\n<meta property=\"article:publisher\" content=\"https:\/\/www.facebook.com\/EuroEast.fi\" \/>\n<meta property=\"article:modified_time\" content=\"2026-01-19T12:55:26+00:00\" \/>\n<meta property=\"og:image\" content=\"https:\/\/euro-east.fi\/wp-content\/uploads\/2024\/07\/2670410_euro_east_kondensoitu_taysmaito__sokeroimaton_410g.jpg\" \/>\n\t<meta property=\"og:image:width\" content=\"500\" \/>\n\t<meta property=\"og:image:height\" content=\"500\" \/>\n\t<meta property=\"og:image:type\" content=\"image\/jpeg\" \/>\n<meta name=\"twitter:card\" content=\"summary_large_image\" \/>\n<meta name=\"twitter:site\" content=\"@euroeastoy\" \/>\n<meta name=\"twitter:label1\" content=\"Ber\u00e4knad l\u00e4stid\" \/>\n\t<meta name=\"twitter:data1\" content=\"1 minute\" \/>\n<script type=\"application\/ld+json\" class=\"yoast-schema-graph\">{\"@context\":\"https:\/\/schema.org\",\"@graph\":[{\"@type\":\"WebPage\",\"@id\":\"https:\/\/euro-east.fi\/sv\/tuote\/euro-east-kondenserad-helmjolk-osotad-410g\/\",\"url\":\"https:\/\/euro-east.fi\/sv\/tuote\/euro-east-kondenserad-helmjolk-osotad-410g\/\",\"name\":\"Euro-East Kondenserad helmj\u00f6lk, os\u00f6tad 410g - Euro-East\",\"isPartOf\":{\"@id\":\"https:\/\/euro-east.fi\/#website\"},\"primaryImageOfPage\":{\"@id\":\"https:\/\/euro-east.fi\/sv\/tuote\/euro-east-kondenserad-helmjolk-osotad-410g\/#primaryimage\"},\"image\":{\"@id\":\"https:\/\/euro-east.fi\/sv\/tuote\/euro-east-kondenserad-helmjolk-osotad-410g\/#primaryimage\"},\"thumbnailUrl\":\"https:\/\/euro-east.fi\/wp-content\/uploads\/2024\/07\/2670410_euro_east_kondensoitu_taysmaito__sokeroimaton_410g.jpg\",\"datePublished\":\"2023-11-20T07:44:34+00:00\",\"dateModified\":\"2026-01-19T12:55:26+00:00\",\"breadcrumb\":{\"@id\":\"https:\/\/euro-east.fi\/sv\/tuote\/euro-east-kondenserad-helmjolk-osotad-410g\/#breadcrumb\"},\"inLanguage\":\"sv-SE\",\"potentialAction\":[{\"@type\":\"ReadAction\",\"target\":[\"https:\/\/euro-east.fi\/sv\/tuote\/euro-east-kondenserad-helmjolk-osotad-410g\/\"]}]},{\"@type\":\"ImageObject\",\"inLanguage\":\"sv-SE\",\"@id\":\"https:\/\/euro-east.fi\/sv\/tuote\/euro-east-kondenserad-helmjolk-osotad-410g\/#primaryimage\",\"url\":\"https:\/\/euro-east.fi\/wp-content\/uploads\/2024\/07\/2670410_euro_east_kondensoitu_taysmaito__sokeroimaton_410g.jpg\",\"contentUrl\":\"https:\/\/euro-east.fi\/wp-content\/uploads\/2024\/07\/2670410_euro_east_kondensoitu_taysmaito__sokeroimaton_410g.jpg\",\"width\":500,\"height\":500,\"caption\":\"Euro-East_Kondensoitu_maito_sokeroimaton\"},{\"@type\":\"BreadcrumbList\",\"@id\":\"https:\/\/euro-east.fi\/sv\/tuote\/euro-east-kondenserad-helmjolk-osotad-410g\/#breadcrumb\",\"itemListElement\":[{\"@type\":\"ListItem\",\"position\":1,\"name\":\"Home\",\"item\":\"https:\/\/euro-east.fi\/sv\/\"},{\"@type\":\"ListItem\",\"position\":2,\"name\":\"Butik\",\"item\":\"https:\/\/euro-east.fi\/sv\/butik\/\"},{\"@type\":\"ListItem\",\"position\":3,\"name\":\"Euro-East Kondenserad helmj\u00f6lk, os\u00f6tad 410g\"}]},{\"@type\":\"WebSite\",\"@id\":\"https:\/\/euro-east.fi\/#website\",\"url\":\"https:\/\/euro-east.fi\/\",\"name\":\"Euro-East\",\"description\":\"Euro-East vie sinut makumatkalle Baltiasta Balkanille.Euro-East on it\u00e4eurooppalaisten elintarvikkeiden maahantuoja. Tarjoamme parhaita herkkuja Baltiasta Balkaniin. Meilt\u00e4 l\u00f6yd\u00e4t laadukkaita vihannes-, kala- ja lihas\u00e4ilykkeit\u00e4, kastikkeita, jyvi\u00e4, mehuja, keksej\u00e4 ja pakasteita. Tule mukaan makumatkalle ja ihastu ruokakulttuurien herkulliseen kirjoon\",\"publisher\":{\"@id\":\"https:\/\/euro-east.fi\/#organization\"},\"potentialAction\":[{\"@type\":\"SearchAction\",\"target\":{\"@type\":\"EntryPoint\",\"urlTemplate\":\"https:\/\/euro-east.fi\/?s={search_term_string}\"},\"query-input\":{\"@type\":\"PropertyValueSpecification\",\"valueRequired\":true,\"valueName\":\"search_term_string\"}}],\"inLanguage\":\"sv-SE\"},{\"@type\":\"Organization\",\"@id\":\"https:\/\/euro-east.fi\/#organization\",\"name\":\"Euro-East\",\"url\":\"https:\/\/euro-east.fi\/\",\"logo\":{\"@type\":\"ImageObject\",\"inLanguage\":\"sv-SE\",\"@id\":\"https:\/\/euro-east.fi\/#\/schema\/logo\/image\/\",\"url\":\"https:\/\/euro-east.fi\/wp-content\/uploads\/2023\/03\/Logo-1.png\",\"contentUrl\":\"https:\/\/euro-east.fi\/wp-content\/uploads\/2023\/03\/Logo-1.png\",\"width\":250,\"height\":250,\"caption\":\"Euro-East\"},\"image\":{\"@id\":\"https:\/\/euro-east.fi\/#\/schema\/logo\/image\/\"},\"sameAs\":[\"https:\/\/www.facebook.com\/EuroEast.fi\",\"https:\/\/x.com\/euroeastoy\",\"https:\/\/www.instagram.com\/euro.east\/\",\"https:\/\/www.pinterest.com\/euroeast\/\",\"https:\/\/www.youtube.com\/channel\/UCfNlzn0G_n53fATPX6Uw0yw\"]}]}<\/script>\n<!-- \/ Yoast SEO plugin. -->","yoast_head_json":{"title":"Euro-East Kondenserad helmj\u00f6lk, os\u00f6tad 410g - Euro-East","robots":{"index":"index","follow":"follow","max-snippet":"max-snippet:-1","max-image-preview":"max-image-preview:large","max-video-preview":"max-video-preview:-1"},"canonical":"https:\/\/euro-east.fi\/sv\/tuote\/euro-east-kondenserad-helmjolk-osotad-410g\/","og_locale":"sv_SE","og_type":"article","og_title":"Euro-East Kondenserad helmj\u00f6lk, os\u00f6tad 410g - Euro-East","og_description":"Kondenserad mj\u00f6lk utan tillsatt socker &#8211; Tunnt konsistens men fyllig smak av helmj\u00f6lk, utan extra socker. Sockerfri kondenserad mj\u00f6lk \u00e4r ett utm\u00e4rkt alternativ till gr\u00e4dde, och ger en fettsn\u00e5l, kr\u00e4mig smak till bakning, kaffe och matlagning. Kom ih\u00e5g att l\u00e4gga till den f\u00f6rst mot slutet av matlagningen s\u00e5 att den inte stelnar. Dess h\u00e5llbarhet i [&hellip;]","og_url":"https:\/\/euro-east.fi\/sv\/tuote\/euro-east-kondenserad-helmjolk-osotad-410g\/","og_site_name":"Euro-East","article_publisher":"https:\/\/www.facebook.com\/EuroEast.fi","article_modified_time":"2026-01-19T12:55:26+00:00","og_image":[{"width":500,"height":500,"url":"https:\/\/euro-east.fi\/wp-content\/uploads\/2024\/07\/2670410_euro_east_kondensoitu_taysmaito__sokeroimaton_410g.jpg","type":"image\/jpeg"}],"twitter_card":"summary_large_image","twitter_site":"@euroeastoy","twitter_misc":{"Ber\u00e4knad l\u00e4stid":"1 minute"},"schema":{"@context":"https:\/\/schema.org","@graph":[{"@type":"WebPage","@id":"https:\/\/euro-east.fi\/sv\/tuote\/euro-east-kondenserad-helmjolk-osotad-410g\/","url":"https:\/\/euro-east.fi\/sv\/tuote\/euro-east-kondenserad-helmjolk-osotad-410g\/","name":"Euro-East Kondenserad helmj\u00f6lk, os\u00f6tad 410g - Euro-East","isPartOf":{"@id":"https:\/\/euro-east.fi\/#website"},"primaryImageOfPage":{"@id":"https:\/\/euro-east.fi\/sv\/tuote\/euro-east-kondenserad-helmjolk-osotad-410g\/#primaryimage"},"image":{"@id":"https:\/\/euro-east.fi\/sv\/tuote\/euro-east-kondenserad-helmjolk-osotad-410g\/#primaryimage"},"thumbnailUrl":"https:\/\/euro-east.fi\/wp-content\/uploads\/2024\/07\/2670410_euro_east_kondensoitu_taysmaito__sokeroimaton_410g.jpg","datePublished":"2023-11-20T07:44:34+00:00","dateModified":"2026-01-19T12:55:26+00:00","breadcrumb":{"@id":"https:\/\/euro-east.fi\/sv\/tuote\/euro-east-kondenserad-helmjolk-osotad-410g\/#breadcrumb"},"inLanguage":"sv-SE","potentialAction":[{"@type":"ReadAction","target":["https:\/\/euro-east.fi\/sv\/tuote\/euro-east-kondenserad-helmjolk-osotad-410g\/"]}]},{"@type":"ImageObject","inLanguage":"sv-SE","@id":"https:\/\/euro-east.fi\/sv\/tuote\/euro-east-kondenserad-helmjolk-osotad-410g\/#primaryimage","url":"https:\/\/euro-east.fi\/wp-content\/uploads\/2024\/07\/2670410_euro_east_kondensoitu_taysmaito__sokeroimaton_410g.jpg","contentUrl":"https:\/\/euro-east.fi\/wp-content\/uploads\/2024\/07\/2670410_euro_east_kondensoitu_taysmaito__sokeroimaton_410g.jpg","width":500,"height":500,"caption":"Euro-East_Kondensoitu_maito_sokeroimaton"},{"@type":"BreadcrumbList","@id":"https:\/\/euro-east.fi\/sv\/tuote\/euro-east-kondenserad-helmjolk-osotad-410g\/#breadcrumb","itemListElement":[{"@type":"ListItem","position":1,"name":"Home","item":"https:\/\/euro-east.fi\/sv\/"},{"@type":"ListItem","position":2,"name":"Butik","item":"https:\/\/euro-east.fi\/sv\/butik\/"},{"@type":"ListItem","position":3,"name":"Euro-East Kondenserad helmj\u00f6lk, os\u00f6tad 410g"}]},{"@type":"WebSite","@id":"https:\/\/euro-east.fi\/#website","url":"https:\/\/euro-east.fi\/","name":"Euro-East","description":"Euro-East vie sinut makumatkalle Baltiasta Balkanille.Euro-East on it\u00e4eurooppalaisten elintarvikkeiden maahantuoja. Tarjoamme parhaita herkkuja Baltiasta Balkaniin. Meilt\u00e4 l\u00f6yd\u00e4t laadukkaita vihannes-, kala- ja lihas\u00e4ilykkeit\u00e4, kastikkeita, jyvi\u00e4, mehuja, keksej\u00e4 ja pakasteita. Tule mukaan makumatkalle ja ihastu ruokakulttuurien herkulliseen kirjoon","publisher":{"@id":"https:\/\/euro-east.fi\/#organization"},"potentialAction":[{"@type":"SearchAction","target":{"@type":"EntryPoint","urlTemplate":"https:\/\/euro-east.fi\/?s={search_term_string}"},"query-input":{"@type":"PropertyValueSpecification","valueRequired":true,"valueName":"search_term_string"}}],"inLanguage":"sv-SE"},{"@type":"Organization","@id":"https:\/\/euro-east.fi\/#organization","name":"Euro-East","url":"https:\/\/euro-east.fi\/","logo":{"@type":"ImageObject","inLanguage":"sv-SE","@id":"https:\/\/euro-east.fi\/#\/schema\/logo\/image\/","url":"https:\/\/euro-east.fi\/wp-content\/uploads\/2023\/03\/Logo-1.png","contentUrl":"https:\/\/euro-east.fi\/wp-content\/uploads\/2023\/03\/Logo-1.png","width":250,"height":250,"caption":"Euro-East"},"image":{"@id":"https:\/\/euro-east.fi\/#\/schema\/logo\/image\/"},"sameAs":["https:\/\/www.facebook.com\/EuroEast.fi","https:\/\/x.com\/euroeastoy","https:\/\/www.instagram.com\/euro.east\/","https:\/\/www.pinterest.com\/euroeast\/","https:\/\/www.youtube.com\/channel\/UCfNlzn0G_n53fATPX6Uw0yw"]}]}},"_links":{"self":[{"href":"https:\/\/euro-east.fi\/sv\/wp-json\/wp\/v2\/product\/517649","targetHints":{"allow":["GET"]}}],"collection":[{"href":"https:\/\/euro-east.fi\/sv\/wp-json\/wp\/v2\/product"}],"about":[{"href":"https:\/\/euro-east.fi\/sv\/wp-json\/wp\/v2\/types\/product"}],"wp:featuredmedia":[{"embeddable":true,"href":"https:\/\/euro-east.fi\/sv\/wp-json\/wp\/v2\/media\/521862"}],"wp:attachment":[{"href":"https:\/\/euro-east.fi\/sv\/wp-json\/wp\/v2\/media?parent=517649"}],"wp:term":[{"taxonomy":"product_brand","embeddable":true,"href":"https:\/\/euro-east.fi\/sv\/wp-json\/wp\/v2\/product_brand?post=517649"},{"taxonomy":"product_cat","embeddable":true,"href":"https:\/\/euro-east.fi\/sv\/wp-json\/wp\/v2\/product_cat?post=517649"},{"taxonomy":"product_tag","embeddable":true,"href":"https:\/\/euro-east.fi\/sv\/wp-json\/wp\/v2\/product_tag?post=517649"}],"curies":[{"name":"wp","href":"https:\/\/api.w.org\/{rel}","templated":true}]}}