{"id":517804,"date":"2023-06-15T12:52:42","date_gmt":"2023-06-15T09:52:42","guid":{"rendered":"https:\/\/euro-east.fi\/tuote\/nizhyn-vegetarisk-gryta-mexikansk-fiesta-470g\/"},"modified":"2026-01-19T14:56:56","modified_gmt":"2026-01-19T12:56:56","slug":"nizhyn-vegetarisk-gryta-mexikansk-fiesta-470g","status":"publish","type":"product","link":"https:\/\/euro-east.fi\/sv\/tuote\/nizhyn-vegetarisk-gryta-mexikansk-fiesta-470g\/","title":{"rendered":"Nizhyn Vegetarisk gryta mexikansk fiesta 470g"},"content":{"rendered":"<p>Mexikansk Fiesta gryta i en glasburk. B\u00f6ngryta med tomat, majs, paprika, vitl\u00f6k och chili. Ragout kommer fr\u00e5n Frankrike och betyder en l\u00e5ngsamt tillagad gryta som kan g\u00f6ras p\u00e5 k\u00f6tt, fisk eller gr\u00f6nsaker. Nizhyn-konserverade gr\u00f6nsaker \u00e4r gjorda av s\u00e4songens f\u00e4rskaste och b\u00e4sta gr\u00f6nsaker utan tillsatser eller konserveringsmedel.<br \/>\nOm du vill kan du l\u00e4gga till k\u00f6tt, fisk eller andra gr\u00f6nsaker i grytan. Servera Nizhyn mexikanska fiestagryta med polenta, couscous eller pasta.<\/p>\n","protected":false},"excerpt":{"rendered":"<p>Mexikansk Fiesta gryta i en glasburk. B\u00f6ngryta med tomat, majs, paprika, vitl\u00f6k och chili. Ragout kommer fr\u00e5n Frankrike och betyder en l\u00e5ngsamt tillagad gryta som kan g\u00f6ras p\u00e5 k\u00f6tt, fisk eller gr\u00f6nsaker. Nizhyn-konserverade gr\u00f6nsaker \u00e4r gjorda av s\u00e4songens f\u00e4rskaste och b\u00e4sta gr\u00f6nsaker utan tillsatser eller konserveringsmedel. Om du vill kan du l\u00e4gga till k\u00f6tt, fisk [&hellip;]<\/p>\n","protected":false},"featured_media":517803,"template":"","meta":{"_acf_changed":false,"content-type":"","_improvement_type_select":"improve_an_existing","_thumb_yes_seoaic":false,"_frame_yes_seoaic":false,"seoaic_generate_description":"","seoaic_improve_instructions_prompt":"","seoaic_rollback_content_improvement":"","seoaic_idea_thumbnail_generator":"","thumbnail_generated":false,"thumbnail_generate_prompt":"","seoaic_article_description":""},"product_brand":[],"product_cat":[3373],"product_tag":[],"class_list":{"0":"post-517804","1":"product","2":"type-product","3":"status-publish","4":"has-post-thumbnail","6":"product_cat-konserverade-gronsaker-och-sallader","8":"first","9":"instock","10":"taxable","11":"shipping-taxable","12":"purchasable","13":"product-type-simple"},"acf":[],"yoast_head":"<!-- This site is optimized with the Yoast SEO plugin v27.1.1 - https:\/\/yoast.com\/product\/yoast-seo-wordpress\/ -->\n<title>Nizhyn Vegetarisk gryta mexikansk fiesta 470g - Euro-East<\/title>\n<meta name=\"robots\" content=\"index, follow, max-snippet:-1, max-image-preview:large, max-video-preview:-1\" \/>\n<link rel=\"canonical\" href=\"https:\/\/euro-east.fi\/sv\/tuote\/nizhyn-vegetarisk-gryta-mexikansk-fiesta-470g\/\" \/>\n<meta property=\"og:locale\" content=\"sv_SE\" \/>\n<meta property=\"og:type\" content=\"article\" \/>\n<meta property=\"og:title\" content=\"Nizhyn Vegetarisk gryta mexikansk fiesta 470g - Euro-East\" \/>\n<meta property=\"og:description\" content=\"Mexikansk Fiesta gryta i en glasburk. B\u00f6ngryta med tomat, majs, paprika, vitl\u00f6k och chili. Ragout kommer fr\u00e5n Frankrike och betyder en l\u00e5ngsamt tillagad gryta som kan g\u00f6ras p\u00e5 k\u00f6tt, fisk eller gr\u00f6nsaker. Nizhyn-konserverade gr\u00f6nsaker \u00e4r gjorda av s\u00e4songens f\u00e4rskaste och b\u00e4sta gr\u00f6nsaker utan tillsatser eller konserveringsmedel. Om du vill kan du l\u00e4gga till k\u00f6tt, fisk [&hellip;]\" \/>\n<meta property=\"og:url\" content=\"https:\/\/euro-east.fi\/sv\/tuote\/nizhyn-vegetarisk-gryta-mexikansk-fiesta-470g\/\" \/>\n<meta property=\"og:site_name\" content=\"Euro-East\" \/>\n<meta property=\"article:publisher\" content=\"https:\/\/www.facebook.com\/EuroEast.fi\" \/>\n<meta property=\"article:modified_time\" content=\"2026-01-19T12:56:56+00:00\" \/>\n<meta property=\"og:image\" content=\"https:\/\/euro-east.fi\/wp-content\/uploads\/2023\/11\/482037_nizhyn_kasvispata_meksikolainen_fiesta_470_g.jpg\" \/>\n\t<meta property=\"og:image:width\" content=\"500\" \/>\n\t<meta property=\"og:image:height\" content=\"500\" \/>\n\t<meta property=\"og:image:type\" content=\"image\/jpeg\" \/>\n<meta name=\"twitter:card\" content=\"summary_large_image\" \/>\n<meta name=\"twitter:site\" content=\"@euroeastoy\" \/>\n<meta name=\"twitter:label1\" content=\"Ber\u00e4knad l\u00e4stid\" \/>\n\t<meta name=\"twitter:data1\" content=\"1 minute\" \/>\n<script type=\"application\/ld+json\" class=\"yoast-schema-graph\">{\"@context\":\"https:\/\/schema.org\",\"@graph\":[{\"@type\":\"WebPage\",\"@id\":\"https:\/\/euro-east.fi\/sv\/tuote\/nizhyn-vegetarisk-gryta-mexikansk-fiesta-470g\/\",\"url\":\"https:\/\/euro-east.fi\/sv\/tuote\/nizhyn-vegetarisk-gryta-mexikansk-fiesta-470g\/\",\"name\":\"Nizhyn Vegetarisk gryta mexikansk fiesta 470g - Euro-East\",\"isPartOf\":{\"@id\":\"https:\/\/euro-east.fi\/#website\"},\"primaryImageOfPage\":{\"@id\":\"https:\/\/euro-east.fi\/sv\/tuote\/nizhyn-vegetarisk-gryta-mexikansk-fiesta-470g\/#primaryimage\"},\"image\":{\"@id\":\"https:\/\/euro-east.fi\/sv\/tuote\/nizhyn-vegetarisk-gryta-mexikansk-fiesta-470g\/#primaryimage\"},\"thumbnailUrl\":\"https:\/\/euro-east.fi\/wp-content\/uploads\/2023\/11\/482037_nizhyn_kasvispata_meksikolainen_fiesta_470_g.jpg\",\"datePublished\":\"2023-06-15T09:52:42+00:00\",\"dateModified\":\"2026-01-19T12:56:56+00:00\",\"breadcrumb\":{\"@id\":\"https:\/\/euro-east.fi\/sv\/tuote\/nizhyn-vegetarisk-gryta-mexikansk-fiesta-470g\/#breadcrumb\"},\"inLanguage\":\"sv-SE\",\"potentialAction\":[{\"@type\":\"ReadAction\",\"target\":[\"https:\/\/euro-east.fi\/sv\/tuote\/nizhyn-vegetarisk-gryta-mexikansk-fiesta-470g\/\"]}]},{\"@type\":\"ImageObject\",\"inLanguage\":\"sv-SE\",\"@id\":\"https:\/\/euro-east.fi\/sv\/tuote\/nizhyn-vegetarisk-gryta-mexikansk-fiesta-470g\/#primaryimage\",\"url\":\"https:\/\/euro-east.fi\/wp-content\/uploads\/2023\/11\/482037_nizhyn_kasvispata_meksikolainen_fiesta_470_g.jpg\",\"contentUrl\":\"https:\/\/euro-east.fi\/wp-content\/uploads\/2023\/11\/482037_nizhyn_kasvispata_meksikolainen_fiesta_470_g.jpg\",\"width\":500,\"height\":500,\"caption\":\"Munakoisosalaatti_460g\"},{\"@type\":\"BreadcrumbList\",\"@id\":\"https:\/\/euro-east.fi\/sv\/tuote\/nizhyn-vegetarisk-gryta-mexikansk-fiesta-470g\/#breadcrumb\",\"itemListElement\":[{\"@type\":\"ListItem\",\"position\":1,\"name\":\"Home\",\"item\":\"https:\/\/euro-east.fi\/sv\/\"},{\"@type\":\"ListItem\",\"position\":2,\"name\":\"Butik\",\"item\":\"https:\/\/euro-east.fi\/sv\/butik\/\"},{\"@type\":\"ListItem\",\"position\":3,\"name\":\"Nizhyn Vegetarisk gryta mexikansk fiesta 470g\"}]},{\"@type\":\"WebSite\",\"@id\":\"https:\/\/euro-east.fi\/#website\",\"url\":\"https:\/\/euro-east.fi\/\",\"name\":\"Euro-East\",\"description\":\"Euro-East vie sinut makumatkalle Baltiasta Balkanille.Euro-East on it\u00e4eurooppalaisten elintarvikkeiden maahantuoja. Tarjoamme parhaita herkkuja Baltiasta Balkaniin. Meilt\u00e4 l\u00f6yd\u00e4t laadukkaita vihannes-, kala- ja lihas\u00e4ilykkeit\u00e4, kastikkeita, jyvi\u00e4, mehuja, keksej\u00e4 ja pakasteita. Tule mukaan makumatkalle ja ihastu ruokakulttuurien herkulliseen kirjoon\",\"publisher\":{\"@id\":\"https:\/\/euro-east.fi\/#organization\"},\"potentialAction\":[{\"@type\":\"SearchAction\",\"target\":{\"@type\":\"EntryPoint\",\"urlTemplate\":\"https:\/\/euro-east.fi\/?s={search_term_string}\"},\"query-input\":{\"@type\":\"PropertyValueSpecification\",\"valueRequired\":true,\"valueName\":\"search_term_string\"}}],\"inLanguage\":\"sv-SE\"},{\"@type\":\"Organization\",\"@id\":\"https:\/\/euro-east.fi\/#organization\",\"name\":\"Euro-East\",\"url\":\"https:\/\/euro-east.fi\/\",\"logo\":{\"@type\":\"ImageObject\",\"inLanguage\":\"sv-SE\",\"@id\":\"https:\/\/euro-east.fi\/#\/schema\/logo\/image\/\",\"url\":\"https:\/\/euro-east.fi\/wp-content\/uploads\/2023\/03\/Logo-1.png\",\"contentUrl\":\"https:\/\/euro-east.fi\/wp-content\/uploads\/2023\/03\/Logo-1.png\",\"width\":250,\"height\":250,\"caption\":\"Euro-East\"},\"image\":{\"@id\":\"https:\/\/euro-east.fi\/#\/schema\/logo\/image\/\"},\"sameAs\":[\"https:\/\/www.facebook.com\/EuroEast.fi\",\"https:\/\/x.com\/euroeastoy\",\"https:\/\/www.instagram.com\/euro.east\/\",\"https:\/\/www.pinterest.com\/euroeast\/\",\"https:\/\/www.youtube.com\/channel\/UCfNlzn0G_n53fATPX6Uw0yw\"]}]}<\/script>\n<!-- \/ Yoast SEO plugin. -->","yoast_head_json":{"title":"Nizhyn Vegetarisk gryta mexikansk fiesta 470g - Euro-East","robots":{"index":"index","follow":"follow","max-snippet":"max-snippet:-1","max-image-preview":"max-image-preview:large","max-video-preview":"max-video-preview:-1"},"canonical":"https:\/\/euro-east.fi\/sv\/tuote\/nizhyn-vegetarisk-gryta-mexikansk-fiesta-470g\/","og_locale":"sv_SE","og_type":"article","og_title":"Nizhyn Vegetarisk gryta mexikansk fiesta 470g - Euro-East","og_description":"Mexikansk Fiesta gryta i en glasburk. B\u00f6ngryta med tomat, majs, paprika, vitl\u00f6k och chili. Ragout kommer fr\u00e5n Frankrike och betyder en l\u00e5ngsamt tillagad gryta som kan g\u00f6ras p\u00e5 k\u00f6tt, fisk eller gr\u00f6nsaker. Nizhyn-konserverade gr\u00f6nsaker \u00e4r gjorda av s\u00e4songens f\u00e4rskaste och b\u00e4sta gr\u00f6nsaker utan tillsatser eller konserveringsmedel. Om du vill kan du l\u00e4gga till k\u00f6tt, fisk [&hellip;]","og_url":"https:\/\/euro-east.fi\/sv\/tuote\/nizhyn-vegetarisk-gryta-mexikansk-fiesta-470g\/","og_site_name":"Euro-East","article_publisher":"https:\/\/www.facebook.com\/EuroEast.fi","article_modified_time":"2026-01-19T12:56:56+00:00","og_image":[{"width":500,"height":500,"url":"https:\/\/euro-east.fi\/wp-content\/uploads\/2023\/11\/482037_nizhyn_kasvispata_meksikolainen_fiesta_470_g.jpg","type":"image\/jpeg"}],"twitter_card":"summary_large_image","twitter_site":"@euroeastoy","twitter_misc":{"Ber\u00e4knad l\u00e4stid":"1 minute"},"schema":{"@context":"https:\/\/schema.org","@graph":[{"@type":"WebPage","@id":"https:\/\/euro-east.fi\/sv\/tuote\/nizhyn-vegetarisk-gryta-mexikansk-fiesta-470g\/","url":"https:\/\/euro-east.fi\/sv\/tuote\/nizhyn-vegetarisk-gryta-mexikansk-fiesta-470g\/","name":"Nizhyn Vegetarisk gryta mexikansk fiesta 470g - Euro-East","isPartOf":{"@id":"https:\/\/euro-east.fi\/#website"},"primaryImageOfPage":{"@id":"https:\/\/euro-east.fi\/sv\/tuote\/nizhyn-vegetarisk-gryta-mexikansk-fiesta-470g\/#primaryimage"},"image":{"@id":"https:\/\/euro-east.fi\/sv\/tuote\/nizhyn-vegetarisk-gryta-mexikansk-fiesta-470g\/#primaryimage"},"thumbnailUrl":"https:\/\/euro-east.fi\/wp-content\/uploads\/2023\/11\/482037_nizhyn_kasvispata_meksikolainen_fiesta_470_g.jpg","datePublished":"2023-06-15T09:52:42+00:00","dateModified":"2026-01-19T12:56:56+00:00","breadcrumb":{"@id":"https:\/\/euro-east.fi\/sv\/tuote\/nizhyn-vegetarisk-gryta-mexikansk-fiesta-470g\/#breadcrumb"},"inLanguage":"sv-SE","potentialAction":[{"@type":"ReadAction","target":["https:\/\/euro-east.fi\/sv\/tuote\/nizhyn-vegetarisk-gryta-mexikansk-fiesta-470g\/"]}]},{"@type":"ImageObject","inLanguage":"sv-SE","@id":"https:\/\/euro-east.fi\/sv\/tuote\/nizhyn-vegetarisk-gryta-mexikansk-fiesta-470g\/#primaryimage","url":"https:\/\/euro-east.fi\/wp-content\/uploads\/2023\/11\/482037_nizhyn_kasvispata_meksikolainen_fiesta_470_g.jpg","contentUrl":"https:\/\/euro-east.fi\/wp-content\/uploads\/2023\/11\/482037_nizhyn_kasvispata_meksikolainen_fiesta_470_g.jpg","width":500,"height":500,"caption":"Munakoisosalaatti_460g"},{"@type":"BreadcrumbList","@id":"https:\/\/euro-east.fi\/sv\/tuote\/nizhyn-vegetarisk-gryta-mexikansk-fiesta-470g\/#breadcrumb","itemListElement":[{"@type":"ListItem","position":1,"name":"Home","item":"https:\/\/euro-east.fi\/sv\/"},{"@type":"ListItem","position":2,"name":"Butik","item":"https:\/\/euro-east.fi\/sv\/butik\/"},{"@type":"ListItem","position":3,"name":"Nizhyn Vegetarisk gryta mexikansk fiesta 470g"}]},{"@type":"WebSite","@id":"https:\/\/euro-east.fi\/#website","url":"https:\/\/euro-east.fi\/","name":"Euro-East","description":"Euro-East vie sinut makumatkalle Baltiasta Balkanille.Euro-East on it\u00e4eurooppalaisten elintarvikkeiden maahantuoja. Tarjoamme parhaita herkkuja Baltiasta Balkaniin. Meilt\u00e4 l\u00f6yd\u00e4t laadukkaita vihannes-, kala- ja lihas\u00e4ilykkeit\u00e4, kastikkeita, jyvi\u00e4, mehuja, keksej\u00e4 ja pakasteita. Tule mukaan makumatkalle ja ihastu ruokakulttuurien herkulliseen kirjoon","publisher":{"@id":"https:\/\/euro-east.fi\/#organization"},"potentialAction":[{"@type":"SearchAction","target":{"@type":"EntryPoint","urlTemplate":"https:\/\/euro-east.fi\/?s={search_term_string}"},"query-input":{"@type":"PropertyValueSpecification","valueRequired":true,"valueName":"search_term_string"}}],"inLanguage":"sv-SE"},{"@type":"Organization","@id":"https:\/\/euro-east.fi\/#organization","name":"Euro-East","url":"https:\/\/euro-east.fi\/","logo":{"@type":"ImageObject","inLanguage":"sv-SE","@id":"https:\/\/euro-east.fi\/#\/schema\/logo\/image\/","url":"https:\/\/euro-east.fi\/wp-content\/uploads\/2023\/03\/Logo-1.png","contentUrl":"https:\/\/euro-east.fi\/wp-content\/uploads\/2023\/03\/Logo-1.png","width":250,"height":250,"caption":"Euro-East"},"image":{"@id":"https:\/\/euro-east.fi\/#\/schema\/logo\/image\/"},"sameAs":["https:\/\/www.facebook.com\/EuroEast.fi","https:\/\/x.com\/euroeastoy","https:\/\/www.instagram.com\/euro.east\/","https:\/\/www.pinterest.com\/euroeast\/","https:\/\/www.youtube.com\/channel\/UCfNlzn0G_n53fATPX6Uw0yw"]}]}},"_links":{"self":[{"href":"https:\/\/euro-east.fi\/sv\/wp-json\/wp\/v2\/product\/517804","targetHints":{"allow":["GET"]}}],"collection":[{"href":"https:\/\/euro-east.fi\/sv\/wp-json\/wp\/v2\/product"}],"about":[{"href":"https:\/\/euro-east.fi\/sv\/wp-json\/wp\/v2\/types\/product"}],"wp:featuredmedia":[{"embeddable":true,"href":"https:\/\/euro-east.fi\/sv\/wp-json\/wp\/v2\/media\/517803"}],"wp:attachment":[{"href":"https:\/\/euro-east.fi\/sv\/wp-json\/wp\/v2\/media?parent=517804"}],"wp:term":[{"taxonomy":"product_brand","embeddable":true,"href":"https:\/\/euro-east.fi\/sv\/wp-json\/wp\/v2\/product_brand?post=517804"},{"taxonomy":"product_cat","embeddable":true,"href":"https:\/\/euro-east.fi\/sv\/wp-json\/wp\/v2\/product_cat?post=517804"},{"taxonomy":"product_tag","embeddable":true,"href":"https:\/\/euro-east.fi\/sv\/wp-json\/wp\/v2\/product_tag?post=517804"}],"curies":[{"name":"wp","href":"https:\/\/api.w.org\/{rel}","templated":true}]}}