{"id":517844,"date":"2023-11-22T15:10:04","date_gmt":"2023-11-22T13:10:04","guid":{"rendered":"https:\/\/euro-east.fi\/tuote\/euro-east-syrad-kinakalssallad-kimchi-440-g\/"},"modified":"2026-01-19T14:54:51","modified_gmt":"2026-01-19T12:54:51","slug":"euro-east-syrad-kinakalssallad-kimchi-440-g","status":"publish","type":"product","link":"https:\/\/euro-east.fi\/sv\/tuote\/euro-east-syrad-kinakalssallad-kimchi-440-g\/","title":{"rendered":"Euro-East  Syrad kinak\u00e5lssallad KIMCHI 440 g"},"content":{"rendered":"<p>Njut av den trendiga koreanska klassikern i dess veganska och glutenfria version med Euro-East Kimchi. Denna kimchi \u00e4r en kryddig, fermenterad k\u00e5lsallad som \u00e4r tillagad med traditionella metoder utan n\u00e5gra animaliska produkter eller gluten, vilket erbjuder ett l\u00e4ckert alternativ f\u00f6r alla dieter.<\/p>\n<p>F\u00f6rutom traditionell kinak\u00e5l inneh\u00e5ller Euro-East Kimchi noggrant utvalda gr\u00f6nsaker som mor\u00f6tter, r\u00e4disor, l\u00f6k, Gochugaru-chili och vitl\u00f6k, vilket skapar en rik och m\u00e5ngdimensionell smak. Dess kryddiga och syrliga profil g\u00f6r den till en oemotst\u00e5ndlig delikatess som passar perfekt med en m\u00e4ngd olika r\u00e4tter.<\/p>\n<p>Tillverkad med traditionella fermenteringsmetoder utan tillsatser eller konserveringsmedel \u00e4r Euro-East Kimchi inte bara smakrik utan ocks\u00e5 ett naturligt val. Njut av den som den \u00e4r eller l\u00e4gg till den i r\u00e4tter som ris, grytor, omeletter, soppor och wokr\u00e4tter, eller prova den f\u00f6r att krydda upp varmkorvar och hamburgare.<\/p>\n","protected":false},"excerpt":{"rendered":"<p>Njut av den trendiga koreanska klassikern i dess veganska och glutenfria version med Euro-East Kimchi. Denna kimchi \u00e4r en kryddig, fermenterad k\u00e5lsallad som \u00e4r tillagad med traditionella metoder utan n\u00e5gra animaliska produkter eller gluten, vilket erbjuder ett l\u00e4ckert alternativ f\u00f6r alla dieter. F\u00f6rutom traditionell kinak\u00e5l inneh\u00e5ller Euro-East Kimchi noggrant utvalda gr\u00f6nsaker som mor\u00f6tter, r\u00e4disor, l\u00f6k, [&hellip;]<\/p>\n","protected":false},"featured_media":522022,"template":"","meta":{"_acf_changed":false,"content-type":"","_improvement_type_select":"improve_an_existing","_thumb_yes_seoaic":false,"_frame_yes_seoaic":false,"seoaic_generate_description":"","seoaic_improve_instructions_prompt":"","seoaic_rollback_content_improvement":"","seoaic_idea_thumbnail_generator":"","thumbnail_generated":false,"thumbnail_generate_prompt":"","seoaic_article_description":""},"product_brand":[],"product_cat":[3373],"product_tag":[],"class_list":{"0":"post-517844","1":"product","2":"type-product","3":"status-publish","4":"has-post-thumbnail","6":"product_cat-konserverade-gronsaker-och-sallader","8":"first","9":"instock","10":"taxable","11":"shipping-taxable","12":"purchasable","13":"product-type-simple"},"acf":[],"yoast_head":"<!-- This site is optimized with the Yoast SEO plugin v27.1.1 - https:\/\/yoast.com\/product\/yoast-seo-wordpress\/ -->\n<title>Euro-East Syrad kinak\u00e5lssallad KIMCHI 440 g - Euro-East<\/title>\n<meta name=\"robots\" content=\"index, follow, max-snippet:-1, max-image-preview:large, max-video-preview:-1\" \/>\n<link rel=\"canonical\" href=\"https:\/\/euro-east.fi\/sv\/tuote\/euro-east-syrad-kinakalssallad-kimchi-440-g\/\" \/>\n<meta property=\"og:locale\" content=\"sv_SE\" \/>\n<meta property=\"og:type\" content=\"article\" \/>\n<meta property=\"og:title\" content=\"Euro-East Syrad kinak\u00e5lssallad KIMCHI 440 g - Euro-East\" \/>\n<meta property=\"og:description\" content=\"Njut av den trendiga koreanska klassikern i dess veganska och glutenfria version med Euro-East Kimchi. Denna kimchi \u00e4r en kryddig, fermenterad k\u00e5lsallad som \u00e4r tillagad med traditionella metoder utan n\u00e5gra animaliska produkter eller gluten, vilket erbjuder ett l\u00e4ckert alternativ f\u00f6r alla dieter. F\u00f6rutom traditionell kinak\u00e5l inneh\u00e5ller Euro-East Kimchi noggrant utvalda gr\u00f6nsaker som mor\u00f6tter, r\u00e4disor, l\u00f6k, [&hellip;]\" \/>\n<meta property=\"og:url\" content=\"https:\/\/euro-east.fi\/sv\/tuote\/euro-east-syrad-kinakalssallad-kimchi-440-g\/\" \/>\n<meta property=\"og:site_name\" content=\"Euro-East\" \/>\n<meta property=\"article:publisher\" content=\"https:\/\/www.facebook.com\/EuroEast.fi\" \/>\n<meta property=\"article:modified_time\" content=\"2026-01-19T12:54:51+00:00\" \/>\n<meta property=\"og:image\" content=\"https:\/\/euro-east.fi\/wp-content\/uploads\/2024\/07\/4300500_euro_east_hapatettu_kiinankaalisalaatti_kimchi_440_g.jpg\" \/>\n\t<meta property=\"og:image:width\" content=\"500\" \/>\n\t<meta property=\"og:image:height\" content=\"500\" \/>\n\t<meta property=\"og:image:type\" content=\"image\/jpeg\" \/>\n<meta name=\"twitter:card\" content=\"summary_large_image\" \/>\n<meta name=\"twitter:site\" content=\"@euroeastoy\" \/>\n<meta name=\"twitter:label1\" content=\"Ber\u00e4knad l\u00e4stid\" \/>\n\t<meta name=\"twitter:data1\" content=\"1 minute\" \/>\n<script type=\"application\/ld+json\" class=\"yoast-schema-graph\">{\"@context\":\"https:\/\/schema.org\",\"@graph\":[{\"@type\":\"WebPage\",\"@id\":\"https:\/\/euro-east.fi\/sv\/tuote\/euro-east-syrad-kinakalssallad-kimchi-440-g\/\",\"url\":\"https:\/\/euro-east.fi\/sv\/tuote\/euro-east-syrad-kinakalssallad-kimchi-440-g\/\",\"name\":\"Euro-East Syrad kinak\u00e5lssallad KIMCHI 440 g - Euro-East\",\"isPartOf\":{\"@id\":\"https:\/\/euro-east.fi\/#website\"},\"primaryImageOfPage\":{\"@id\":\"https:\/\/euro-east.fi\/sv\/tuote\/euro-east-syrad-kinakalssallad-kimchi-440-g\/#primaryimage\"},\"image\":{\"@id\":\"https:\/\/euro-east.fi\/sv\/tuote\/euro-east-syrad-kinakalssallad-kimchi-440-g\/#primaryimage\"},\"thumbnailUrl\":\"https:\/\/euro-east.fi\/wp-content\/uploads\/2024\/07\/4300500_euro_east_hapatettu_kiinankaalisalaatti_kimchi_440_g.jpg\",\"datePublished\":\"2023-11-22T13:10:04+00:00\",\"dateModified\":\"2026-01-19T12:54:51+00:00\",\"breadcrumb\":{\"@id\":\"https:\/\/euro-east.fi\/sv\/tuote\/euro-east-syrad-kinakalssallad-kimchi-440-g\/#breadcrumb\"},\"inLanguage\":\"sv-SE\",\"potentialAction\":[{\"@type\":\"ReadAction\",\"target\":[\"https:\/\/euro-east.fi\/sv\/tuote\/euro-east-syrad-kinakalssallad-kimchi-440-g\/\"]}]},{\"@type\":\"ImageObject\",\"inLanguage\":\"sv-SE\",\"@id\":\"https:\/\/euro-east.fi\/sv\/tuote\/euro-east-syrad-kinakalssallad-kimchi-440-g\/#primaryimage\",\"url\":\"https:\/\/euro-east.fi\/wp-content\/uploads\/2024\/07\/4300500_euro_east_hapatettu_kiinankaalisalaatti_kimchi_440_g.jpg\",\"contentUrl\":\"https:\/\/euro-east.fi\/wp-content\/uploads\/2024\/07\/4300500_euro_east_hapatettu_kiinankaalisalaatti_kimchi_440_g.jpg\",\"width\":500,\"height\":500,\"caption\":\"Hapatettu_kiinankaalisalaatti_KIMCHI_460_g\"},{\"@type\":\"BreadcrumbList\",\"@id\":\"https:\/\/euro-east.fi\/sv\/tuote\/euro-east-syrad-kinakalssallad-kimchi-440-g\/#breadcrumb\",\"itemListElement\":[{\"@type\":\"ListItem\",\"position\":1,\"name\":\"Home\",\"item\":\"https:\/\/euro-east.fi\/sv\/\"},{\"@type\":\"ListItem\",\"position\":2,\"name\":\"Butik\",\"item\":\"https:\/\/euro-east.fi\/sv\/butik\/\"},{\"@type\":\"ListItem\",\"position\":3,\"name\":\"Euro-East Syrad kinak\u00e5lssallad KIMCHI 440 g\"}]},{\"@type\":\"WebSite\",\"@id\":\"https:\/\/euro-east.fi\/#website\",\"url\":\"https:\/\/euro-east.fi\/\",\"name\":\"Euro-East\",\"description\":\"Euro-East vie sinut makumatkalle Baltiasta Balkanille.Euro-East on it\u00e4eurooppalaisten elintarvikkeiden maahantuoja. Tarjoamme parhaita herkkuja Baltiasta Balkaniin. Meilt\u00e4 l\u00f6yd\u00e4t laadukkaita vihannes-, kala- ja lihas\u00e4ilykkeit\u00e4, kastikkeita, jyvi\u00e4, mehuja, keksej\u00e4 ja pakasteita. Tule mukaan makumatkalle ja ihastu ruokakulttuurien herkulliseen kirjoon\",\"publisher\":{\"@id\":\"https:\/\/euro-east.fi\/#organization\"},\"potentialAction\":[{\"@type\":\"SearchAction\",\"target\":{\"@type\":\"EntryPoint\",\"urlTemplate\":\"https:\/\/euro-east.fi\/?s={search_term_string}\"},\"query-input\":{\"@type\":\"PropertyValueSpecification\",\"valueRequired\":true,\"valueName\":\"search_term_string\"}}],\"inLanguage\":\"sv-SE\"},{\"@type\":\"Organization\",\"@id\":\"https:\/\/euro-east.fi\/#organization\",\"name\":\"Euro-East\",\"url\":\"https:\/\/euro-east.fi\/\",\"logo\":{\"@type\":\"ImageObject\",\"inLanguage\":\"sv-SE\",\"@id\":\"https:\/\/euro-east.fi\/#\/schema\/logo\/image\/\",\"url\":\"https:\/\/euro-east.fi\/wp-content\/uploads\/2023\/03\/Logo-1.png\",\"contentUrl\":\"https:\/\/euro-east.fi\/wp-content\/uploads\/2023\/03\/Logo-1.png\",\"width\":250,\"height\":250,\"caption\":\"Euro-East\"},\"image\":{\"@id\":\"https:\/\/euro-east.fi\/#\/schema\/logo\/image\/\"},\"sameAs\":[\"https:\/\/www.facebook.com\/EuroEast.fi\",\"https:\/\/x.com\/euroeastoy\",\"https:\/\/www.instagram.com\/euro.east\/\",\"https:\/\/www.pinterest.com\/euroeast\/\",\"https:\/\/www.youtube.com\/channel\/UCfNlzn0G_n53fATPX6Uw0yw\"]}]}<\/script>\n<!-- \/ Yoast SEO plugin. -->","yoast_head_json":{"title":"Euro-East Syrad kinak\u00e5lssallad KIMCHI 440 g - Euro-East","robots":{"index":"index","follow":"follow","max-snippet":"max-snippet:-1","max-image-preview":"max-image-preview:large","max-video-preview":"max-video-preview:-1"},"canonical":"https:\/\/euro-east.fi\/sv\/tuote\/euro-east-syrad-kinakalssallad-kimchi-440-g\/","og_locale":"sv_SE","og_type":"article","og_title":"Euro-East Syrad kinak\u00e5lssallad KIMCHI 440 g - Euro-East","og_description":"Njut av den trendiga koreanska klassikern i dess veganska och glutenfria version med Euro-East Kimchi. Denna kimchi \u00e4r en kryddig, fermenterad k\u00e5lsallad som \u00e4r tillagad med traditionella metoder utan n\u00e5gra animaliska produkter eller gluten, vilket erbjuder ett l\u00e4ckert alternativ f\u00f6r alla dieter. F\u00f6rutom traditionell kinak\u00e5l inneh\u00e5ller Euro-East Kimchi noggrant utvalda gr\u00f6nsaker som mor\u00f6tter, r\u00e4disor, l\u00f6k, [&hellip;]","og_url":"https:\/\/euro-east.fi\/sv\/tuote\/euro-east-syrad-kinakalssallad-kimchi-440-g\/","og_site_name":"Euro-East","article_publisher":"https:\/\/www.facebook.com\/EuroEast.fi","article_modified_time":"2026-01-19T12:54:51+00:00","og_image":[{"width":500,"height":500,"url":"https:\/\/euro-east.fi\/wp-content\/uploads\/2024\/07\/4300500_euro_east_hapatettu_kiinankaalisalaatti_kimchi_440_g.jpg","type":"image\/jpeg"}],"twitter_card":"summary_large_image","twitter_site":"@euroeastoy","twitter_misc":{"Ber\u00e4knad l\u00e4stid":"1 minute"},"schema":{"@context":"https:\/\/schema.org","@graph":[{"@type":"WebPage","@id":"https:\/\/euro-east.fi\/sv\/tuote\/euro-east-syrad-kinakalssallad-kimchi-440-g\/","url":"https:\/\/euro-east.fi\/sv\/tuote\/euro-east-syrad-kinakalssallad-kimchi-440-g\/","name":"Euro-East Syrad kinak\u00e5lssallad KIMCHI 440 g - Euro-East","isPartOf":{"@id":"https:\/\/euro-east.fi\/#website"},"primaryImageOfPage":{"@id":"https:\/\/euro-east.fi\/sv\/tuote\/euro-east-syrad-kinakalssallad-kimchi-440-g\/#primaryimage"},"image":{"@id":"https:\/\/euro-east.fi\/sv\/tuote\/euro-east-syrad-kinakalssallad-kimchi-440-g\/#primaryimage"},"thumbnailUrl":"https:\/\/euro-east.fi\/wp-content\/uploads\/2024\/07\/4300500_euro_east_hapatettu_kiinankaalisalaatti_kimchi_440_g.jpg","datePublished":"2023-11-22T13:10:04+00:00","dateModified":"2026-01-19T12:54:51+00:00","breadcrumb":{"@id":"https:\/\/euro-east.fi\/sv\/tuote\/euro-east-syrad-kinakalssallad-kimchi-440-g\/#breadcrumb"},"inLanguage":"sv-SE","potentialAction":[{"@type":"ReadAction","target":["https:\/\/euro-east.fi\/sv\/tuote\/euro-east-syrad-kinakalssallad-kimchi-440-g\/"]}]},{"@type":"ImageObject","inLanguage":"sv-SE","@id":"https:\/\/euro-east.fi\/sv\/tuote\/euro-east-syrad-kinakalssallad-kimchi-440-g\/#primaryimage","url":"https:\/\/euro-east.fi\/wp-content\/uploads\/2024\/07\/4300500_euro_east_hapatettu_kiinankaalisalaatti_kimchi_440_g.jpg","contentUrl":"https:\/\/euro-east.fi\/wp-content\/uploads\/2024\/07\/4300500_euro_east_hapatettu_kiinankaalisalaatti_kimchi_440_g.jpg","width":500,"height":500,"caption":"Hapatettu_kiinankaalisalaatti_KIMCHI_460_g"},{"@type":"BreadcrumbList","@id":"https:\/\/euro-east.fi\/sv\/tuote\/euro-east-syrad-kinakalssallad-kimchi-440-g\/#breadcrumb","itemListElement":[{"@type":"ListItem","position":1,"name":"Home","item":"https:\/\/euro-east.fi\/sv\/"},{"@type":"ListItem","position":2,"name":"Butik","item":"https:\/\/euro-east.fi\/sv\/butik\/"},{"@type":"ListItem","position":3,"name":"Euro-East Syrad kinak\u00e5lssallad KIMCHI 440 g"}]},{"@type":"WebSite","@id":"https:\/\/euro-east.fi\/#website","url":"https:\/\/euro-east.fi\/","name":"Euro-East","description":"Euro-East vie sinut makumatkalle Baltiasta Balkanille.Euro-East on it\u00e4eurooppalaisten elintarvikkeiden maahantuoja. Tarjoamme parhaita herkkuja Baltiasta Balkaniin. Meilt\u00e4 l\u00f6yd\u00e4t laadukkaita vihannes-, kala- ja lihas\u00e4ilykkeit\u00e4, kastikkeita, jyvi\u00e4, mehuja, keksej\u00e4 ja pakasteita. Tule mukaan makumatkalle ja ihastu ruokakulttuurien herkulliseen kirjoon","publisher":{"@id":"https:\/\/euro-east.fi\/#organization"},"potentialAction":[{"@type":"SearchAction","target":{"@type":"EntryPoint","urlTemplate":"https:\/\/euro-east.fi\/?s={search_term_string}"},"query-input":{"@type":"PropertyValueSpecification","valueRequired":true,"valueName":"search_term_string"}}],"inLanguage":"sv-SE"},{"@type":"Organization","@id":"https:\/\/euro-east.fi\/#organization","name":"Euro-East","url":"https:\/\/euro-east.fi\/","logo":{"@type":"ImageObject","inLanguage":"sv-SE","@id":"https:\/\/euro-east.fi\/#\/schema\/logo\/image\/","url":"https:\/\/euro-east.fi\/wp-content\/uploads\/2023\/03\/Logo-1.png","contentUrl":"https:\/\/euro-east.fi\/wp-content\/uploads\/2023\/03\/Logo-1.png","width":250,"height":250,"caption":"Euro-East"},"image":{"@id":"https:\/\/euro-east.fi\/#\/schema\/logo\/image\/"},"sameAs":["https:\/\/www.facebook.com\/EuroEast.fi","https:\/\/x.com\/euroeastoy","https:\/\/www.instagram.com\/euro.east\/","https:\/\/www.pinterest.com\/euroeast\/","https:\/\/www.youtube.com\/channel\/UCfNlzn0G_n53fATPX6Uw0yw"]}]}},"_links":{"self":[{"href":"https:\/\/euro-east.fi\/sv\/wp-json\/wp\/v2\/product\/517844","targetHints":{"allow":["GET"]}}],"collection":[{"href":"https:\/\/euro-east.fi\/sv\/wp-json\/wp\/v2\/product"}],"about":[{"href":"https:\/\/euro-east.fi\/sv\/wp-json\/wp\/v2\/types\/product"}],"wp:featuredmedia":[{"embeddable":true,"href":"https:\/\/euro-east.fi\/sv\/wp-json\/wp\/v2\/media\/522022"}],"wp:attachment":[{"href":"https:\/\/euro-east.fi\/sv\/wp-json\/wp\/v2\/media?parent=517844"}],"wp:term":[{"taxonomy":"product_brand","embeddable":true,"href":"https:\/\/euro-east.fi\/sv\/wp-json\/wp\/v2\/product_brand?post=517844"},{"taxonomy":"product_cat","embeddable":true,"href":"https:\/\/euro-east.fi\/sv\/wp-json\/wp\/v2\/product_cat?post=517844"},{"taxonomy":"product_tag","embeddable":true,"href":"https:\/\/euro-east.fi\/sv\/wp-json\/wp\/v2\/product_tag?post=517844"}],"curies":[{"name":"wp","href":"https:\/\/api.w.org\/{rel}","templated":true}]}}