{"id":521292,"date":"2024-05-22T15:08:55","date_gmt":"2024-05-22T12:08:55","guid":{"rendered":"https:\/\/euro-east.fi\/tuote\/reeva-asia-snabbnudlar-med-smak-av-biff-5-x-60-g\/"},"modified":"2026-01-19T14:52:46","modified_gmt":"2026-01-19T12:52:46","slug":"reeva-asia-snabbnudlar-med-smak-av-biff-5-x-60-g","status":"publish","type":"product","link":"https:\/\/euro-east.fi\/sv\/tuote\/reeva-asia-snabbnudlar-med-smak-av-biff-5-x-60-g\/","title":{"rendered":"Reeva Asia Snabbnudlar med smak av biff 5 x 60 g"},"content":{"rendered":"<p>Reeva Asian Style n\u00f6tk\u00f6tt-smaksatt vetenudlar i en familjepackning.<br \/>\nSnabbnudlar i asiatisk stil sticker ut fr\u00e5n traditionella nudlar med sin n\u00e5got kryddigare smak och smakvariation. Reeva fokuserar p\u00e5 autentiska och rika smaker med naturliga gr\u00f6nsaker och kryddor.<br \/>\nEn l\u00e4cker och snabb nudelr\u00e4tt \u00e4r l\u00e4tt att ta med till hobbyer, arbete eller utflykter. Klart p\u00e5 bara fem minuter &#8211; h\u00e4ll kokande vatten i en kopp, l\u00e5t dra och r\u00f6r om. Du kan l\u00e4gga till \u00f6nskad garnityr eller blanda nudlarna i wokr\u00e4tter, sallader eller soppor, eller njut av dem som de \u00e4r. Nudlar \u00e4r utm\u00e4rkta till lunch eller som snacks. Prova ocks\u00e5 andra Reeva nudelsmaker!<\/p>\n","protected":false},"excerpt":{"rendered":"<p>Reeva Asian Style n\u00f6tk\u00f6tt-smaksatt vetenudlar i en familjepackning. Snabbnudlar i asiatisk stil sticker ut fr\u00e5n traditionella nudlar med sin n\u00e5got kryddigare smak och smakvariation. Reeva fokuserar p\u00e5 autentiska och rika smaker med naturliga gr\u00f6nsaker och kryddor. En l\u00e4cker och snabb nudelr\u00e4tt \u00e4r l\u00e4tt att ta med till hobbyer, arbete eller utflykter. Klart p\u00e5 bara fem [&hellip;]<\/p>\n","protected":false},"featured_media":521290,"template":"","meta":{"_acf_changed":false,"content-type":"","_improvement_type_select":"improve_an_existing","_thumb_yes_seoaic":false,"_frame_yes_seoaic":false,"seoaic_generate_description":"","seoaic_improve_instructions_prompt":"","seoaic_rollback_content_improvement":"","seoaic_idea_thumbnail_generator":"","thumbnail_generated":false,"thumbnail_generate_prompt":"","seoaic_article_description":""},"product_brand":[],"product_cat":[3379],"product_tag":[],"class_list":{"0":"post-521292","1":"product","2":"type-product","3":"status-publish","4":"has-post-thumbnail","6":"product_cat-nudlar-och-pasta","8":"first","9":"instock","10":"taxable","11":"shipping-taxable","12":"purchasable","13":"product-type-simple"},"acf":[],"yoast_head":"<!-- This site is optimized with the Yoast SEO plugin v27.1.1 - https:\/\/yoast.com\/product\/yoast-seo-wordpress\/ -->\n<title>Reeva Asia Snabbnudlar med smak av biff 5 x 60 g - Euro-East<\/title>\n<meta name=\"robots\" content=\"index, follow, max-snippet:-1, max-image-preview:large, max-video-preview:-1\" \/>\n<link rel=\"canonical\" href=\"https:\/\/euro-east.fi\/tuote\/reeva-asia-snabbnudlar-med-smak-av-biff-5-x-60-g\/\" \/>\n<meta property=\"og:locale\" content=\"sv_SE\" \/>\n<meta property=\"og:type\" content=\"article\" \/>\n<meta property=\"og:title\" content=\"Reeva Asia Snabbnudlar med smak av biff 5 x 60 g - Euro-East\" \/>\n<meta property=\"og:description\" content=\"Reeva Asian Style n\u00f6tk\u00f6tt-smaksatt vetenudlar i en familjepackning. Snabbnudlar i asiatisk stil sticker ut fr\u00e5n traditionella nudlar med sin n\u00e5got kryddigare smak och smakvariation. Reeva fokuserar p\u00e5 autentiska och rika smaker med naturliga gr\u00f6nsaker och kryddor. En l\u00e4cker och snabb nudelr\u00e4tt \u00e4r l\u00e4tt att ta med till hobbyer, arbete eller utflykter. Klart p\u00e5 bara fem [&hellip;]\" \/>\n<meta property=\"og:url\" content=\"https:\/\/euro-east.fi\/tuote\/reeva-asia-snabbnudlar-med-smak-av-biff-5-x-60-g\/\" \/>\n<meta property=\"og:site_name\" content=\"Euro-East\" \/>\n<meta property=\"article:publisher\" content=\"https:\/\/www.facebook.com\/EuroEast.fi\" \/>\n<meta property=\"article:modified_time\" content=\"2026-01-19T12:52:46+00:00\" \/>\n<meta property=\"og:image\" content=\"https:\/\/euro-east.fi\/wp-content\/uploads\/2023\/03\/Logo-1.png\" \/>\n\t<meta property=\"og:image:width\" content=\"250\" \/>\n\t<meta property=\"og:image:height\" content=\"250\" \/>\n\t<meta property=\"og:image:type\" content=\"image\/png\" \/>\n<meta name=\"twitter:card\" content=\"summary_large_image\" \/>\n<meta name=\"twitter:site\" content=\"@euroeastoy\" \/>\n<meta name=\"twitter:label1\" content=\"Ber\u00e4knad l\u00e4stid\" \/>\n\t<meta name=\"twitter:data1\" content=\"1 minute\" \/>\n<script type=\"application\/ld+json\" class=\"yoast-schema-graph\">{\"@context\":\"https:\/\/schema.org\",\"@graph\":[{\"@type\":\"WebPage\",\"@id\":\"https:\/\/euro-east.fi\/tuote\/reeva-asia-snabbnudlar-med-smak-av-biff-5-x-60-g\/\",\"url\":\"https:\/\/euro-east.fi\/tuote\/reeva-asia-snabbnudlar-med-smak-av-biff-5-x-60-g\/\",\"name\":\"Reeva Asia Snabbnudlar med smak av biff 5 x 60 g - Euro-East\",\"isPartOf\":{\"@id\":\"https:\/\/euro-east.fi\/#website\"},\"primaryImageOfPage\":{\"@id\":\"https:\/\/euro-east.fi\/tuote\/reeva-asia-snabbnudlar-med-smak-av-biff-5-x-60-g\/#primaryimage\"},\"image\":{\"@id\":\"https:\/\/euro-east.fi\/tuote\/reeva-asia-snabbnudlar-med-smak-av-biff-5-x-60-g\/#primaryimage\"},\"thumbnailUrl\":\"https:\/\/euro-east.fi\/wp-content\/uploads\/2024\/05\/482592_reeva_asia_naudanlihanmakuinen_nuudeli_5_x_60_g.jpg\",\"datePublished\":\"2024-05-22T12:08:55+00:00\",\"dateModified\":\"2026-01-19T12:52:46+00:00\",\"breadcrumb\":{\"@id\":\"https:\/\/euro-east.fi\/tuote\/reeva-asia-snabbnudlar-med-smak-av-biff-5-x-60-g\/#breadcrumb\"},\"inLanguage\":\"sv-SE\",\"potentialAction\":[{\"@type\":\"ReadAction\",\"target\":[\"https:\/\/euro-east.fi\/tuote\/reeva-asia-snabbnudlar-med-smak-av-biff-5-x-60-g\/\"]}]},{\"@type\":\"ImageObject\",\"inLanguage\":\"sv-SE\",\"@id\":\"https:\/\/euro-east.fi\/tuote\/reeva-asia-snabbnudlar-med-smak-av-biff-5-x-60-g\/#primaryimage\",\"url\":\"https:\/\/euro-east.fi\/wp-content\/uploads\/2024\/05\/482592_reeva_asia_naudanlihanmakuinen_nuudeli_5_x_60_g.jpg\",\"contentUrl\":\"https:\/\/euro-east.fi\/wp-content\/uploads\/2024\/05\/482592_reeva_asia_naudanlihanmakuinen_nuudeli_5_x_60_g.jpg\",\"width\":500,\"height\":500,\"caption\":\"Reeva_Asia_Naudanlihanmakuinen_nuudeli_60_g\"},{\"@type\":\"BreadcrumbList\",\"@id\":\"https:\/\/euro-east.fi\/tuote\/reeva-asia-snabbnudlar-med-smak-av-biff-5-x-60-g\/#breadcrumb\",\"itemListElement\":[{\"@type\":\"ListItem\",\"position\":1,\"name\":\"Home\",\"item\":\"https:\/\/euro-east.fi\/sv\/\"},{\"@type\":\"ListItem\",\"position\":2,\"name\":\"Butik\",\"item\":\"https:\/\/euro-east.fi\/sv\/butik\/\"},{\"@type\":\"ListItem\",\"position\":3,\"name\":\"Reeva Asia Snabbnudlar med smak av biff 5 x 60 g\"}]},{\"@type\":\"WebSite\",\"@id\":\"https:\/\/euro-east.fi\/#website\",\"url\":\"https:\/\/euro-east.fi\/\",\"name\":\"Euro-East\",\"description\":\"Euro-East vie sinut makumatkalle Baltiasta Balkanille.Euro-East on it\u00e4eurooppalaisten elintarvikkeiden maahantuoja. Tarjoamme parhaita herkkuja Baltiasta Balkaniin. Meilt\u00e4 l\u00f6yd\u00e4t laadukkaita vihannes-, kala- ja lihas\u00e4ilykkeit\u00e4, kastikkeita, jyvi\u00e4, mehuja, keksej\u00e4 ja pakasteita. Tule mukaan makumatkalle ja ihastu ruokakulttuurien herkulliseen kirjoon\",\"publisher\":{\"@id\":\"https:\/\/euro-east.fi\/#organization\"},\"potentialAction\":[{\"@type\":\"SearchAction\",\"target\":{\"@type\":\"EntryPoint\",\"urlTemplate\":\"https:\/\/euro-east.fi\/?s={search_term_string}\"},\"query-input\":{\"@type\":\"PropertyValueSpecification\",\"valueRequired\":true,\"valueName\":\"search_term_string\"}}],\"inLanguage\":\"sv-SE\"},{\"@type\":\"Organization\",\"@id\":\"https:\/\/euro-east.fi\/#organization\",\"name\":\"Euro-East\",\"url\":\"https:\/\/euro-east.fi\/\",\"logo\":{\"@type\":\"ImageObject\",\"inLanguage\":\"sv-SE\",\"@id\":\"https:\/\/euro-east.fi\/#\/schema\/logo\/image\/\",\"url\":\"https:\/\/euro-east.fi\/wp-content\/uploads\/2023\/03\/Logo-1.png\",\"contentUrl\":\"https:\/\/euro-east.fi\/wp-content\/uploads\/2023\/03\/Logo-1.png\",\"width\":250,\"height\":250,\"caption\":\"Euro-East\"},\"image\":{\"@id\":\"https:\/\/euro-east.fi\/#\/schema\/logo\/image\/\"},\"sameAs\":[\"https:\/\/www.facebook.com\/EuroEast.fi\",\"https:\/\/x.com\/euroeastoy\",\"https:\/\/www.instagram.com\/euro.east\/\",\"https:\/\/www.pinterest.com\/euroeast\/\",\"https:\/\/www.youtube.com\/channel\/UCfNlzn0G_n53fATPX6Uw0yw\"]}]}<\/script>\n<!-- \/ Yoast SEO plugin. -->","yoast_head_json":{"title":"Reeva Asia Snabbnudlar med smak av biff 5 x 60 g - Euro-East","robots":{"index":"index","follow":"follow","max-snippet":"max-snippet:-1","max-image-preview":"max-image-preview:large","max-video-preview":"max-video-preview:-1"},"canonical":"https:\/\/euro-east.fi\/tuote\/reeva-asia-snabbnudlar-med-smak-av-biff-5-x-60-g\/","og_locale":"sv_SE","og_type":"article","og_title":"Reeva Asia Snabbnudlar med smak av biff 5 x 60 g - Euro-East","og_description":"Reeva Asian Style n\u00f6tk\u00f6tt-smaksatt vetenudlar i en familjepackning. Snabbnudlar i asiatisk stil sticker ut fr\u00e5n traditionella nudlar med sin n\u00e5got kryddigare smak och smakvariation. Reeva fokuserar p\u00e5 autentiska och rika smaker med naturliga gr\u00f6nsaker och kryddor. En l\u00e4cker och snabb nudelr\u00e4tt \u00e4r l\u00e4tt att ta med till hobbyer, arbete eller utflykter. Klart p\u00e5 bara fem [&hellip;]","og_url":"https:\/\/euro-east.fi\/tuote\/reeva-asia-snabbnudlar-med-smak-av-biff-5-x-60-g\/","og_site_name":"Euro-East","article_publisher":"https:\/\/www.facebook.com\/EuroEast.fi","article_modified_time":"2026-01-19T12:52:46+00:00","og_image":[{"width":250,"height":250,"url":"https:\/\/euro-east.fi\/wp-content\/uploads\/2023\/03\/Logo-1.png","type":"image\/png"}],"twitter_card":"summary_large_image","twitter_site":"@euroeastoy","twitter_misc":{"Ber\u00e4knad l\u00e4stid":"1 minute"},"schema":{"@context":"https:\/\/schema.org","@graph":[{"@type":"WebPage","@id":"https:\/\/euro-east.fi\/tuote\/reeva-asia-snabbnudlar-med-smak-av-biff-5-x-60-g\/","url":"https:\/\/euro-east.fi\/tuote\/reeva-asia-snabbnudlar-med-smak-av-biff-5-x-60-g\/","name":"Reeva Asia Snabbnudlar med smak av biff 5 x 60 g - Euro-East","isPartOf":{"@id":"https:\/\/euro-east.fi\/#website"},"primaryImageOfPage":{"@id":"https:\/\/euro-east.fi\/tuote\/reeva-asia-snabbnudlar-med-smak-av-biff-5-x-60-g\/#primaryimage"},"image":{"@id":"https:\/\/euro-east.fi\/tuote\/reeva-asia-snabbnudlar-med-smak-av-biff-5-x-60-g\/#primaryimage"},"thumbnailUrl":"https:\/\/euro-east.fi\/wp-content\/uploads\/2024\/05\/482592_reeva_asia_naudanlihanmakuinen_nuudeli_5_x_60_g.jpg","datePublished":"2024-05-22T12:08:55+00:00","dateModified":"2026-01-19T12:52:46+00:00","breadcrumb":{"@id":"https:\/\/euro-east.fi\/tuote\/reeva-asia-snabbnudlar-med-smak-av-biff-5-x-60-g\/#breadcrumb"},"inLanguage":"sv-SE","potentialAction":[{"@type":"ReadAction","target":["https:\/\/euro-east.fi\/tuote\/reeva-asia-snabbnudlar-med-smak-av-biff-5-x-60-g\/"]}]},{"@type":"ImageObject","inLanguage":"sv-SE","@id":"https:\/\/euro-east.fi\/tuote\/reeva-asia-snabbnudlar-med-smak-av-biff-5-x-60-g\/#primaryimage","url":"https:\/\/euro-east.fi\/wp-content\/uploads\/2024\/05\/482592_reeva_asia_naudanlihanmakuinen_nuudeli_5_x_60_g.jpg","contentUrl":"https:\/\/euro-east.fi\/wp-content\/uploads\/2024\/05\/482592_reeva_asia_naudanlihanmakuinen_nuudeli_5_x_60_g.jpg","width":500,"height":500,"caption":"Reeva_Asia_Naudanlihanmakuinen_nuudeli_60_g"},{"@type":"BreadcrumbList","@id":"https:\/\/euro-east.fi\/tuote\/reeva-asia-snabbnudlar-med-smak-av-biff-5-x-60-g\/#breadcrumb","itemListElement":[{"@type":"ListItem","position":1,"name":"Home","item":"https:\/\/euro-east.fi\/sv\/"},{"@type":"ListItem","position":2,"name":"Butik","item":"https:\/\/euro-east.fi\/sv\/butik\/"},{"@type":"ListItem","position":3,"name":"Reeva Asia Snabbnudlar med smak av biff 5 x 60 g"}]},{"@type":"WebSite","@id":"https:\/\/euro-east.fi\/#website","url":"https:\/\/euro-east.fi\/","name":"Euro-East","description":"Euro-East vie sinut makumatkalle Baltiasta Balkanille.Euro-East on it\u00e4eurooppalaisten elintarvikkeiden maahantuoja. Tarjoamme parhaita herkkuja Baltiasta Balkaniin. Meilt\u00e4 l\u00f6yd\u00e4t laadukkaita vihannes-, kala- ja lihas\u00e4ilykkeit\u00e4, kastikkeita, jyvi\u00e4, mehuja, keksej\u00e4 ja pakasteita. Tule mukaan makumatkalle ja ihastu ruokakulttuurien herkulliseen kirjoon","publisher":{"@id":"https:\/\/euro-east.fi\/#organization"},"potentialAction":[{"@type":"SearchAction","target":{"@type":"EntryPoint","urlTemplate":"https:\/\/euro-east.fi\/?s={search_term_string}"},"query-input":{"@type":"PropertyValueSpecification","valueRequired":true,"valueName":"search_term_string"}}],"inLanguage":"sv-SE"},{"@type":"Organization","@id":"https:\/\/euro-east.fi\/#organization","name":"Euro-East","url":"https:\/\/euro-east.fi\/","logo":{"@type":"ImageObject","inLanguage":"sv-SE","@id":"https:\/\/euro-east.fi\/#\/schema\/logo\/image\/","url":"https:\/\/euro-east.fi\/wp-content\/uploads\/2023\/03\/Logo-1.png","contentUrl":"https:\/\/euro-east.fi\/wp-content\/uploads\/2023\/03\/Logo-1.png","width":250,"height":250,"caption":"Euro-East"},"image":{"@id":"https:\/\/euro-east.fi\/#\/schema\/logo\/image\/"},"sameAs":["https:\/\/www.facebook.com\/EuroEast.fi","https:\/\/x.com\/euroeastoy","https:\/\/www.instagram.com\/euro.east\/","https:\/\/www.pinterest.com\/euroeast\/","https:\/\/www.youtube.com\/channel\/UCfNlzn0G_n53fATPX6Uw0yw"]}]}},"_links":{"self":[{"href":"https:\/\/euro-east.fi\/sv\/wp-json\/wp\/v2\/product\/521292","targetHints":{"allow":["GET"]}}],"collection":[{"href":"https:\/\/euro-east.fi\/sv\/wp-json\/wp\/v2\/product"}],"about":[{"href":"https:\/\/euro-east.fi\/sv\/wp-json\/wp\/v2\/types\/product"}],"wp:featuredmedia":[{"embeddable":true,"href":"https:\/\/euro-east.fi\/sv\/wp-json\/wp\/v2\/media\/521290"}],"wp:attachment":[{"href":"https:\/\/euro-east.fi\/sv\/wp-json\/wp\/v2\/media?parent=521292"}],"wp:term":[{"taxonomy":"product_brand","embeddable":true,"href":"https:\/\/euro-east.fi\/sv\/wp-json\/wp\/v2\/product_brand?post=521292"},{"taxonomy":"product_cat","embeddable":true,"href":"https:\/\/euro-east.fi\/sv\/wp-json\/wp\/v2\/product_cat?post=521292"},{"taxonomy":"product_tag","embeddable":true,"href":"https:\/\/euro-east.fi\/sv\/wp-json\/wp\/v2\/product_tag?post=521292"}],"curies":[{"name":"wp","href":"https:\/\/api.w.org\/{rel}","templated":true}]}}