{"id":521332,"date":"2024-05-23T11:16:14","date_gmt":"2024-05-23T08:16:14","guid":{"rendered":"https:\/\/euro-east.fi\/tuote\/digitalt-presentkort-25e\/"},"modified":"2026-02-02T00:12:42","modified_gmt":"2026-02-01T22:12:42","slug":"digitalt-presentkort-25e","status":"publish","type":"product","link":"https:\/\/euro-east.fi\/sv\/tuote\/digitalt-presentkort-25e\/","title":{"rendered":"Digitalt presentkort 25\u20ac"},"content":{"rendered":"<p>Ge bort en smakresa till \u00d6steuropa!<br \/>\nV\u00e5rt sortiment tar dig till de traditionella \u00f6steuropeiska l\u00e4ckerheterna \u2013 fr\u00e5n Balkans fylliga smaker till Baltikums klassiker.<\/p>\n<p>V\u00e5rt presentkort \u00e4r det perfekta s\u00e4ttet att \u00f6verraska en v\u00e4n eller familjemedlem med en \u00e4kta smakupplevelse: borsjtj, inlagda gurkor, ajvar och mycket mer!<\/p>\n<p>Smaker som dr\u00f6jer sig kvar \u2013 ge bort en bit av \u00d6steuropa!<\/p>\n<p>Observera:<br \/>\nDet digitala presentkortet levereras via e-post inom 24 timmar (vardagar kl. 8\u201316). Om du vill att vi skickar det direkt till mottagaren, skriv det i kommentarsf\u00e4ltet vid best\u00e4llningen.<\/p>\n","protected":false},"excerpt":{"rendered":"<p>Ge bort en smakresa till \u00d6steuropa! V\u00e5rt sortiment tar dig till de traditionella \u00f6steuropeiska l\u00e4ckerheterna \u2013 fr\u00e5n Balkans fylliga smaker till Baltikums klassiker. V\u00e5rt presentkort \u00e4r det perfekta s\u00e4ttet att \u00f6verraska en v\u00e4n eller familjemedlem med en \u00e4kta smakupplevelse: borsjtj, inlagda gurkor, ajvar och mycket mer! Smaker som dr\u00f6jer sig kvar \u2013 ge bort en [&hellip;]<\/p>\n","protected":false},"featured_media":521304,"template":"","meta":{"_acf_changed":false,"content-type":"","_improvement_type_select":"improve_an_existing","_thumb_yes_seoaic":false,"_frame_yes_seoaic":false,"seoaic_generate_description":"","seoaic_improve_instructions_prompt":"","seoaic_rollback_content_improvement":"","seoaic_idea_thumbnail_generator":"","thumbnail_generated":false,"thumbnail_generate_prompt":"","seoaic_article_description":""},"product_brand":[],"product_cat":[3433],"product_tag":[],"class_list":{"0":"post-521332","1":"product","2":"type-product","3":"status-publish","4":"has-post-thumbnail","6":"product_cat-presentkorten","8":"first","9":"instock","10":"virtual","11":"taxable","12":"purchasable","13":"product-type-simple"},"acf":[],"yoast_head":"<!-- This site is optimized with the Yoast SEO plugin v27.1.1 - https:\/\/yoast.com\/product\/yoast-seo-wordpress\/ -->\n<title>Digitalt presentkort 25\u20ac - Euro-East<\/title>\n<meta name=\"robots\" content=\"index, follow, max-snippet:-1, max-image-preview:large, max-video-preview:-1\" \/>\n<link rel=\"canonical\" href=\"https:\/\/euro-east.fi\/sv\/tuote\/digitalt-presentkort-25e\/\" \/>\n<meta property=\"og:locale\" content=\"sv_SE\" \/>\n<meta property=\"og:type\" content=\"article\" \/>\n<meta property=\"og:title\" content=\"Digitalt presentkort 25\u20ac - Euro-East\" \/>\n<meta property=\"og:description\" content=\"Ge bort en smakresa till \u00d6steuropa! V\u00e5rt sortiment tar dig till de traditionella \u00f6steuropeiska l\u00e4ckerheterna \u2013 fr\u00e5n Balkans fylliga smaker till Baltikums klassiker. V\u00e5rt presentkort \u00e4r det perfekta s\u00e4ttet att \u00f6verraska en v\u00e4n eller familjemedlem med en \u00e4kta smakupplevelse: borsjtj, inlagda gurkor, ajvar och mycket mer! Smaker som dr\u00f6jer sig kvar \u2013 ge bort en [&hellip;]\" \/>\n<meta property=\"og:url\" content=\"https:\/\/euro-east.fi\/sv\/tuote\/digitalt-presentkort-25e\/\" \/>\n<meta property=\"og:site_name\" content=\"Euro-East\" \/>\n<meta property=\"article:publisher\" content=\"https:\/\/www.facebook.com\/EuroEast.fi\" \/>\n<meta property=\"article:modified_time\" content=\"2026-02-01T22:12:42+00:00\" \/>\n<meta property=\"og:image\" content=\"https:\/\/euro-east.fi\/wp-content\/uploads\/2024\/05\/000000025_digitaalinen_lahjakortti_25_.jpg\" \/>\n\t<meta property=\"og:image:width\" content=\"500\" \/>\n\t<meta property=\"og:image:height\" content=\"500\" \/>\n\t<meta property=\"og:image:type\" content=\"image\/jpeg\" \/>\n<meta name=\"twitter:card\" content=\"summary_large_image\" \/>\n<meta name=\"twitter:site\" content=\"@euroeastoy\" \/>\n<script type=\"application\/ld+json\" class=\"yoast-schema-graph\">{\"@context\":\"https:\/\/schema.org\",\"@graph\":[{\"@type\":\"WebPage\",\"@id\":\"https:\/\/euro-east.fi\/sv\/tuote\/digitalt-presentkort-25e\/\",\"url\":\"https:\/\/euro-east.fi\/sv\/tuote\/digitalt-presentkort-25e\/\",\"name\":\"Digitalt presentkort 25\u20ac - Euro-East\",\"isPartOf\":{\"@id\":\"https:\/\/euro-east.fi\/#website\"},\"primaryImageOfPage\":{\"@id\":\"https:\/\/euro-east.fi\/sv\/tuote\/digitalt-presentkort-25e\/#primaryimage\"},\"image\":{\"@id\":\"https:\/\/euro-east.fi\/sv\/tuote\/digitalt-presentkort-25e\/#primaryimage\"},\"thumbnailUrl\":\"https:\/\/euro-east.fi\/wp-content\/uploads\/2024\/05\/000000025_digitaalinen_lahjakortti_25_.jpg\",\"datePublished\":\"2024-05-23T08:16:14+00:00\",\"dateModified\":\"2026-02-01T22:12:42+00:00\",\"breadcrumb\":{\"@id\":\"https:\/\/euro-east.fi\/sv\/tuote\/digitalt-presentkort-25e\/#breadcrumb\"},\"inLanguage\":\"sv-SE\",\"potentialAction\":[{\"@type\":\"ReadAction\",\"target\":[\"https:\/\/euro-east.fi\/sv\/tuote\/digitalt-presentkort-25e\/\"]}]},{\"@type\":\"ImageObject\",\"inLanguage\":\"sv-SE\",\"@id\":\"https:\/\/euro-east.fi\/sv\/tuote\/digitalt-presentkort-25e\/#primaryimage\",\"url\":\"https:\/\/euro-east.fi\/wp-content\/uploads\/2024\/05\/000000025_digitaalinen_lahjakortti_25_.jpg\",\"contentUrl\":\"https:\/\/euro-east.fi\/wp-content\/uploads\/2024\/05\/000000025_digitaalinen_lahjakortti_25_.jpg\",\"width\":500,\"height\":500,\"caption\":\"Lahjakortti_25\"},{\"@type\":\"BreadcrumbList\",\"@id\":\"https:\/\/euro-east.fi\/sv\/tuote\/digitalt-presentkort-25e\/#breadcrumb\",\"itemListElement\":[{\"@type\":\"ListItem\",\"position\":1,\"name\":\"Home\",\"item\":\"https:\/\/euro-east.fi\/sv\/\"},{\"@type\":\"ListItem\",\"position\":2,\"name\":\"Butik\",\"item\":\"https:\/\/euro-east.fi\/sv\/butik\/\"},{\"@type\":\"ListItem\",\"position\":3,\"name\":\"Digitalt presentkort 25\u20ac\"}]},{\"@type\":\"WebSite\",\"@id\":\"https:\/\/euro-east.fi\/#website\",\"url\":\"https:\/\/euro-east.fi\/\",\"name\":\"Euro-East\",\"description\":\"Euro-East vie sinut makumatkalle Baltiasta Balkanille.Euro-East on it\u00e4eurooppalaisten elintarvikkeiden maahantuoja. Tarjoamme parhaita herkkuja Baltiasta Balkaniin. Meilt\u00e4 l\u00f6yd\u00e4t laadukkaita vihannes-, kala- ja lihas\u00e4ilykkeit\u00e4, kastikkeita, jyvi\u00e4, mehuja, keksej\u00e4 ja pakasteita. Tule mukaan makumatkalle ja ihastu ruokakulttuurien herkulliseen kirjoon\",\"publisher\":{\"@id\":\"https:\/\/euro-east.fi\/#organization\"},\"potentialAction\":[{\"@type\":\"SearchAction\",\"target\":{\"@type\":\"EntryPoint\",\"urlTemplate\":\"https:\/\/euro-east.fi\/?s={search_term_string}\"},\"query-input\":{\"@type\":\"PropertyValueSpecification\",\"valueRequired\":true,\"valueName\":\"search_term_string\"}}],\"inLanguage\":\"sv-SE\"},{\"@type\":\"Organization\",\"@id\":\"https:\/\/euro-east.fi\/#organization\",\"name\":\"Euro-East\",\"url\":\"https:\/\/euro-east.fi\/\",\"logo\":{\"@type\":\"ImageObject\",\"inLanguage\":\"sv-SE\",\"@id\":\"https:\/\/euro-east.fi\/#\/schema\/logo\/image\/\",\"url\":\"https:\/\/euro-east.fi\/wp-content\/uploads\/2023\/03\/Logo-1.png\",\"contentUrl\":\"https:\/\/euro-east.fi\/wp-content\/uploads\/2023\/03\/Logo-1.png\",\"width\":250,\"height\":250,\"caption\":\"Euro-East\"},\"image\":{\"@id\":\"https:\/\/euro-east.fi\/#\/schema\/logo\/image\/\"},\"sameAs\":[\"https:\/\/www.facebook.com\/EuroEast.fi\",\"https:\/\/x.com\/euroeastoy\",\"https:\/\/www.instagram.com\/euro.east\/\",\"https:\/\/www.pinterest.com\/euroeast\/\",\"https:\/\/www.youtube.com\/channel\/UCfNlzn0G_n53fATPX6Uw0yw\"]}]}<\/script>\n<!-- \/ Yoast SEO plugin. -->","yoast_head_json":{"title":"Digitalt presentkort 25\u20ac - Euro-East","robots":{"index":"index","follow":"follow","max-snippet":"max-snippet:-1","max-image-preview":"max-image-preview:large","max-video-preview":"max-video-preview:-1"},"canonical":"https:\/\/euro-east.fi\/sv\/tuote\/digitalt-presentkort-25e\/","og_locale":"sv_SE","og_type":"article","og_title":"Digitalt presentkort 25\u20ac - Euro-East","og_description":"Ge bort en smakresa till \u00d6steuropa! V\u00e5rt sortiment tar dig till de traditionella \u00f6steuropeiska l\u00e4ckerheterna \u2013 fr\u00e5n Balkans fylliga smaker till Baltikums klassiker. V\u00e5rt presentkort \u00e4r det perfekta s\u00e4ttet att \u00f6verraska en v\u00e4n eller familjemedlem med en \u00e4kta smakupplevelse: borsjtj, inlagda gurkor, ajvar och mycket mer! Smaker som dr\u00f6jer sig kvar \u2013 ge bort en [&hellip;]","og_url":"https:\/\/euro-east.fi\/sv\/tuote\/digitalt-presentkort-25e\/","og_site_name":"Euro-East","article_publisher":"https:\/\/www.facebook.com\/EuroEast.fi","article_modified_time":"2026-02-01T22:12:42+00:00","og_image":[{"width":500,"height":500,"url":"https:\/\/euro-east.fi\/wp-content\/uploads\/2024\/05\/000000025_digitaalinen_lahjakortti_25_.jpg","type":"image\/jpeg"}],"twitter_card":"summary_large_image","twitter_site":"@euroeastoy","schema":{"@context":"https:\/\/schema.org","@graph":[{"@type":"WebPage","@id":"https:\/\/euro-east.fi\/sv\/tuote\/digitalt-presentkort-25e\/","url":"https:\/\/euro-east.fi\/sv\/tuote\/digitalt-presentkort-25e\/","name":"Digitalt presentkort 25\u20ac - Euro-East","isPartOf":{"@id":"https:\/\/euro-east.fi\/#website"},"primaryImageOfPage":{"@id":"https:\/\/euro-east.fi\/sv\/tuote\/digitalt-presentkort-25e\/#primaryimage"},"image":{"@id":"https:\/\/euro-east.fi\/sv\/tuote\/digitalt-presentkort-25e\/#primaryimage"},"thumbnailUrl":"https:\/\/euro-east.fi\/wp-content\/uploads\/2024\/05\/000000025_digitaalinen_lahjakortti_25_.jpg","datePublished":"2024-05-23T08:16:14+00:00","dateModified":"2026-02-01T22:12:42+00:00","breadcrumb":{"@id":"https:\/\/euro-east.fi\/sv\/tuote\/digitalt-presentkort-25e\/#breadcrumb"},"inLanguage":"sv-SE","potentialAction":[{"@type":"ReadAction","target":["https:\/\/euro-east.fi\/sv\/tuote\/digitalt-presentkort-25e\/"]}]},{"@type":"ImageObject","inLanguage":"sv-SE","@id":"https:\/\/euro-east.fi\/sv\/tuote\/digitalt-presentkort-25e\/#primaryimage","url":"https:\/\/euro-east.fi\/wp-content\/uploads\/2024\/05\/000000025_digitaalinen_lahjakortti_25_.jpg","contentUrl":"https:\/\/euro-east.fi\/wp-content\/uploads\/2024\/05\/000000025_digitaalinen_lahjakortti_25_.jpg","width":500,"height":500,"caption":"Lahjakortti_25"},{"@type":"BreadcrumbList","@id":"https:\/\/euro-east.fi\/sv\/tuote\/digitalt-presentkort-25e\/#breadcrumb","itemListElement":[{"@type":"ListItem","position":1,"name":"Home","item":"https:\/\/euro-east.fi\/sv\/"},{"@type":"ListItem","position":2,"name":"Butik","item":"https:\/\/euro-east.fi\/sv\/butik\/"},{"@type":"ListItem","position":3,"name":"Digitalt presentkort 25\u20ac"}]},{"@type":"WebSite","@id":"https:\/\/euro-east.fi\/#website","url":"https:\/\/euro-east.fi\/","name":"Euro-East","description":"Euro-East vie sinut makumatkalle Baltiasta Balkanille.Euro-East on it\u00e4eurooppalaisten elintarvikkeiden maahantuoja. Tarjoamme parhaita herkkuja Baltiasta Balkaniin. Meilt\u00e4 l\u00f6yd\u00e4t laadukkaita vihannes-, kala- ja lihas\u00e4ilykkeit\u00e4, kastikkeita, jyvi\u00e4, mehuja, keksej\u00e4 ja pakasteita. Tule mukaan makumatkalle ja ihastu ruokakulttuurien herkulliseen kirjoon","publisher":{"@id":"https:\/\/euro-east.fi\/#organization"},"potentialAction":[{"@type":"SearchAction","target":{"@type":"EntryPoint","urlTemplate":"https:\/\/euro-east.fi\/?s={search_term_string}"},"query-input":{"@type":"PropertyValueSpecification","valueRequired":true,"valueName":"search_term_string"}}],"inLanguage":"sv-SE"},{"@type":"Organization","@id":"https:\/\/euro-east.fi\/#organization","name":"Euro-East","url":"https:\/\/euro-east.fi\/","logo":{"@type":"ImageObject","inLanguage":"sv-SE","@id":"https:\/\/euro-east.fi\/#\/schema\/logo\/image\/","url":"https:\/\/euro-east.fi\/wp-content\/uploads\/2023\/03\/Logo-1.png","contentUrl":"https:\/\/euro-east.fi\/wp-content\/uploads\/2023\/03\/Logo-1.png","width":250,"height":250,"caption":"Euro-East"},"image":{"@id":"https:\/\/euro-east.fi\/#\/schema\/logo\/image\/"},"sameAs":["https:\/\/www.facebook.com\/EuroEast.fi","https:\/\/x.com\/euroeastoy","https:\/\/www.instagram.com\/euro.east\/","https:\/\/www.pinterest.com\/euroeast\/","https:\/\/www.youtube.com\/channel\/UCfNlzn0G_n53fATPX6Uw0yw"]}]}},"_links":{"self":[{"href":"https:\/\/euro-east.fi\/sv\/wp-json\/wp\/v2\/product\/521332","targetHints":{"allow":["GET"]}}],"collection":[{"href":"https:\/\/euro-east.fi\/sv\/wp-json\/wp\/v2\/product"}],"about":[{"href":"https:\/\/euro-east.fi\/sv\/wp-json\/wp\/v2\/types\/product"}],"wp:featuredmedia":[{"embeddable":true,"href":"https:\/\/euro-east.fi\/sv\/wp-json\/wp\/v2\/media\/521304"}],"wp:attachment":[{"href":"https:\/\/euro-east.fi\/sv\/wp-json\/wp\/v2\/media?parent=521332"}],"wp:term":[{"taxonomy":"product_brand","embeddable":true,"href":"https:\/\/euro-east.fi\/sv\/wp-json\/wp\/v2\/product_brand?post=521332"},{"taxonomy":"product_cat","embeddable":true,"href":"https:\/\/euro-east.fi\/sv\/wp-json\/wp\/v2\/product_cat?post=521332"},{"taxonomy":"product_tag","embeddable":true,"href":"https:\/\/euro-east.fi\/sv\/wp-json\/wp\/v2\/product_tag?post=521332"}],"curies":[{"name":"wp","href":"https:\/\/api.w.org\/{rel}","templated":true}]}}