{"id":522160,"date":"2024-08-09T08:40:29","date_gmt":"2024-08-09T05:40:29","guid":{"rendered":"https:\/\/euro-east.fi\/tuote\/glads-discovery-risnudlar-med-pho-bo-sas-65-g\/"},"modified":"2026-01-19T14:51:28","modified_gmt":"2026-01-19T12:51:28","slug":"glads-discovery-risnudlar-med-pho-bo-sas-65-g","status":"publish","type":"product","link":"https:\/\/euro-east.fi\/sv\/tuote\/glads-discovery-risnudlar-med-pho-bo-sas-65-g\/","title":{"rendered":"Glads Discovery Risnudlar med Pho Bo-s\u00e5s 65 g"},"content":{"rendered":"<p>Glads Discovery Riisnudlar med Pho Bo-s\u00e5s erbjuder en lockande och glutenfri resa till Vietnams smaker. Noggrant komponerad med omsorgsfullt utvalda ingredienser, kombinerar denna r\u00e4tt nudlar, smakrika gr\u00f6nsaker och den traditionella vietnamesiska Pho Bo-s\u00e5sen. Pho Bo-s\u00e5sen \u00e4r k\u00e4nd f\u00f6r sin blandning av kanel, ingef\u00e4ra, kardemumma och stj\u00e4rnanis, vilket skapar en rik och djup smak \u00e5t buljongen. Du kan njuta av denna m\u00e5ltid som den \u00e4r eller enkelt inkorporera den i wokr\u00e4tter, sallader eller soppor. Om du \u00f6nskar extra fyllighet kan du \u00f6verv\u00e4ga att f\u00f6rst\u00e4rka den med tofu, kyckling, n\u00f6tk\u00f6tt eller fl\u00e4sk. Upplev \u00e4kta smaker utan anstr\u00e4ngning i ditt eget k\u00f6k!<\/p>\n","protected":false},"excerpt":{"rendered":"<p>Glads Discovery Riisnudlar med Pho Bo-s\u00e5s erbjuder en lockande och glutenfri resa till Vietnams smaker. Noggrant komponerad med omsorgsfullt utvalda ingredienser, kombinerar denna r\u00e4tt nudlar, smakrika gr\u00f6nsaker och den traditionella vietnamesiska Pho Bo-s\u00e5sen. Pho Bo-s\u00e5sen \u00e4r k\u00e4nd f\u00f6r sin blandning av kanel, ingef\u00e4ra, kardemumma och stj\u00e4rnanis, vilket skapar en rik och djup smak \u00e5t buljongen. [&hellip;]<\/p>\n","protected":false},"featured_media":522140,"template":"","meta":{"_acf_changed":false,"content-type":"","_improvement_type_select":"improve_an_existing","_thumb_yes_seoaic":false,"_frame_yes_seoaic":false,"seoaic_generate_description":"","seoaic_improve_instructions_prompt":"","seoaic_rollback_content_improvement":"","seoaic_idea_thumbnail_generator":"","thumbnail_generated":false,"thumbnail_generate_prompt":"","seoaic_article_description":""},"product_brand":[],"product_cat":[3379],"product_tag":[],"class_list":{"0":"post-522160","1":"product","2":"type-product","3":"status-publish","4":"has-post-thumbnail","6":"product_cat-nudlar-och-pasta","8":"first","9":"instock","10":"taxable","11":"shipping-taxable","12":"purchasable","13":"product-type-simple"},"acf":[],"yoast_head":"<!-- This site is optimized with the Yoast SEO plugin v27.1.1 - https:\/\/yoast.com\/product\/yoast-seo-wordpress\/ -->\n<title>Glads Discovery Risnudlar med Pho Bo-s\u00e5s 65 g - Euro-East<\/title>\n<meta name=\"robots\" content=\"index, follow, max-snippet:-1, max-image-preview:large, max-video-preview:-1\" \/>\n<link rel=\"canonical\" href=\"https:\/\/euro-east.fi\/sv\/tuote\/glads-discovery-risnudlar-med-pho-bo-sas-65-g\/\" \/>\n<meta property=\"og:locale\" content=\"sv_SE\" \/>\n<meta property=\"og:type\" content=\"article\" \/>\n<meta property=\"og:title\" content=\"Glads Discovery Risnudlar med Pho Bo-s\u00e5s 65 g - Euro-East\" \/>\n<meta property=\"og:description\" content=\"Glads Discovery Riisnudlar med Pho Bo-s\u00e5s erbjuder en lockande och glutenfri resa till Vietnams smaker. Noggrant komponerad med omsorgsfullt utvalda ingredienser, kombinerar denna r\u00e4tt nudlar, smakrika gr\u00f6nsaker och den traditionella vietnamesiska Pho Bo-s\u00e5sen. Pho Bo-s\u00e5sen \u00e4r k\u00e4nd f\u00f6r sin blandning av kanel, ingef\u00e4ra, kardemumma och stj\u00e4rnanis, vilket skapar en rik och djup smak \u00e5t buljongen. [&hellip;]\" \/>\n<meta property=\"og:url\" content=\"https:\/\/euro-east.fi\/sv\/tuote\/glads-discovery-risnudlar-med-pho-bo-sas-65-g\/\" \/>\n<meta property=\"og:site_name\" content=\"Euro-East\" \/>\n<meta property=\"article:publisher\" content=\"https:\/\/www.facebook.com\/EuroEast.fi\" \/>\n<meta property=\"article:modified_time\" content=\"2026-01-19T12:51:28+00:00\" \/>\n<meta property=\"og:image\" content=\"https:\/\/euro-east.fi\/wp-content\/uploads\/2024\/08\/482148_glads_discovery_riisinuudeli_pho_bo_kastikkeella_65_g.jpg\" \/>\n\t<meta property=\"og:image:width\" content=\"500\" \/>\n\t<meta property=\"og:image:height\" content=\"500\" \/>\n\t<meta property=\"og:image:type\" content=\"image\/jpeg\" \/>\n<meta name=\"twitter:card\" content=\"summary_large_image\" \/>\n<meta name=\"twitter:site\" content=\"@euroeastoy\" \/>\n<meta name=\"twitter:label1\" content=\"Ber\u00e4knad l\u00e4stid\" \/>\n\t<meta name=\"twitter:data1\" content=\"1 minute\" \/>\n<script type=\"application\/ld+json\" class=\"yoast-schema-graph\">{\"@context\":\"https:\/\/schema.org\",\"@graph\":[{\"@type\":\"WebPage\",\"@id\":\"https:\/\/euro-east.fi\/sv\/tuote\/glads-discovery-risnudlar-med-pho-bo-sas-65-g\/\",\"url\":\"https:\/\/euro-east.fi\/sv\/tuote\/glads-discovery-risnudlar-med-pho-bo-sas-65-g\/\",\"name\":\"Glads Discovery Risnudlar med Pho Bo-s\u00e5s 65 g - Euro-East\",\"isPartOf\":{\"@id\":\"https:\/\/euro-east.fi\/#website\"},\"primaryImageOfPage\":{\"@id\":\"https:\/\/euro-east.fi\/sv\/tuote\/glads-discovery-risnudlar-med-pho-bo-sas-65-g\/#primaryimage\"},\"image\":{\"@id\":\"https:\/\/euro-east.fi\/sv\/tuote\/glads-discovery-risnudlar-med-pho-bo-sas-65-g\/#primaryimage\"},\"thumbnailUrl\":\"https:\/\/euro-east.fi\/wp-content\/uploads\/2024\/08\/482148_glads_discovery_riisinuudeli_pho_bo_kastikkeella_65_g.jpg\",\"datePublished\":\"2024-08-09T05:40:29+00:00\",\"dateModified\":\"2026-01-19T12:51:28+00:00\",\"breadcrumb\":{\"@id\":\"https:\/\/euro-east.fi\/sv\/tuote\/glads-discovery-risnudlar-med-pho-bo-sas-65-g\/#breadcrumb\"},\"inLanguage\":\"sv-SE\",\"potentialAction\":[{\"@type\":\"ReadAction\",\"target\":[\"https:\/\/euro-east.fi\/sv\/tuote\/glads-discovery-risnudlar-med-pho-bo-sas-65-g\/\"]}]},{\"@type\":\"ImageObject\",\"inLanguage\":\"sv-SE\",\"@id\":\"https:\/\/euro-east.fi\/sv\/tuote\/glads-discovery-risnudlar-med-pho-bo-sas-65-g\/#primaryimage\",\"url\":\"https:\/\/euro-east.fi\/wp-content\/uploads\/2024\/08\/482148_glads_discovery_riisinuudeli_pho_bo_kastikkeella_65_g.jpg\",\"contentUrl\":\"https:\/\/euro-east.fi\/wp-content\/uploads\/2024\/08\/482148_glads_discovery_riisinuudeli_pho_bo_kastikkeella_65_g.jpg\",\"width\":500,\"height\":500,\"caption\":\"Glads_Discovery_Riisinuudeli_Pho_Bo_kastikkeella_65_g\"},{\"@type\":\"BreadcrumbList\",\"@id\":\"https:\/\/euro-east.fi\/sv\/tuote\/glads-discovery-risnudlar-med-pho-bo-sas-65-g\/#breadcrumb\",\"itemListElement\":[{\"@type\":\"ListItem\",\"position\":1,\"name\":\"Home\",\"item\":\"https:\/\/euro-east.fi\/sv\/\"},{\"@type\":\"ListItem\",\"position\":2,\"name\":\"Butik\",\"item\":\"https:\/\/euro-east.fi\/sv\/butik\/\"},{\"@type\":\"ListItem\",\"position\":3,\"name\":\"Glads Discovery Risnudlar med Pho Bo-s\u00e5s 65 g\"}]},{\"@type\":\"WebSite\",\"@id\":\"https:\/\/euro-east.fi\/#website\",\"url\":\"https:\/\/euro-east.fi\/\",\"name\":\"Euro-East\",\"description\":\"Euro-East vie sinut makumatkalle Baltiasta Balkanille.Euro-East on it\u00e4eurooppalaisten elintarvikkeiden maahantuoja. Tarjoamme parhaita herkkuja Baltiasta Balkaniin. Meilt\u00e4 l\u00f6yd\u00e4t laadukkaita vihannes-, kala- ja lihas\u00e4ilykkeit\u00e4, kastikkeita, jyvi\u00e4, mehuja, keksej\u00e4 ja pakasteita. Tule mukaan makumatkalle ja ihastu ruokakulttuurien herkulliseen kirjoon\",\"publisher\":{\"@id\":\"https:\/\/euro-east.fi\/#organization\"},\"potentialAction\":[{\"@type\":\"SearchAction\",\"target\":{\"@type\":\"EntryPoint\",\"urlTemplate\":\"https:\/\/euro-east.fi\/?s={search_term_string}\"},\"query-input\":{\"@type\":\"PropertyValueSpecification\",\"valueRequired\":true,\"valueName\":\"search_term_string\"}}],\"inLanguage\":\"sv-SE\"},{\"@type\":\"Organization\",\"@id\":\"https:\/\/euro-east.fi\/#organization\",\"name\":\"Euro-East\",\"url\":\"https:\/\/euro-east.fi\/\",\"logo\":{\"@type\":\"ImageObject\",\"inLanguage\":\"sv-SE\",\"@id\":\"https:\/\/euro-east.fi\/#\/schema\/logo\/image\/\",\"url\":\"https:\/\/euro-east.fi\/wp-content\/uploads\/2023\/03\/Logo-1.png\",\"contentUrl\":\"https:\/\/euro-east.fi\/wp-content\/uploads\/2023\/03\/Logo-1.png\",\"width\":250,\"height\":250,\"caption\":\"Euro-East\"},\"image\":{\"@id\":\"https:\/\/euro-east.fi\/#\/schema\/logo\/image\/\"},\"sameAs\":[\"https:\/\/www.facebook.com\/EuroEast.fi\",\"https:\/\/x.com\/euroeastoy\",\"https:\/\/www.instagram.com\/euro.east\/\",\"https:\/\/www.pinterest.com\/euroeast\/\",\"https:\/\/www.youtube.com\/channel\/UCfNlzn0G_n53fATPX6Uw0yw\"]}]}<\/script>\n<!-- \/ Yoast SEO plugin. -->","yoast_head_json":{"title":"Glads Discovery Risnudlar med Pho Bo-s\u00e5s 65 g - Euro-East","robots":{"index":"index","follow":"follow","max-snippet":"max-snippet:-1","max-image-preview":"max-image-preview:large","max-video-preview":"max-video-preview:-1"},"canonical":"https:\/\/euro-east.fi\/sv\/tuote\/glads-discovery-risnudlar-med-pho-bo-sas-65-g\/","og_locale":"sv_SE","og_type":"article","og_title":"Glads Discovery Risnudlar med Pho Bo-s\u00e5s 65 g - Euro-East","og_description":"Glads Discovery Riisnudlar med Pho Bo-s\u00e5s erbjuder en lockande och glutenfri resa till Vietnams smaker. Noggrant komponerad med omsorgsfullt utvalda ingredienser, kombinerar denna r\u00e4tt nudlar, smakrika gr\u00f6nsaker och den traditionella vietnamesiska Pho Bo-s\u00e5sen. Pho Bo-s\u00e5sen \u00e4r k\u00e4nd f\u00f6r sin blandning av kanel, ingef\u00e4ra, kardemumma och stj\u00e4rnanis, vilket skapar en rik och djup smak \u00e5t buljongen. [&hellip;]","og_url":"https:\/\/euro-east.fi\/sv\/tuote\/glads-discovery-risnudlar-med-pho-bo-sas-65-g\/","og_site_name":"Euro-East","article_publisher":"https:\/\/www.facebook.com\/EuroEast.fi","article_modified_time":"2026-01-19T12:51:28+00:00","og_image":[{"width":500,"height":500,"url":"https:\/\/euro-east.fi\/wp-content\/uploads\/2024\/08\/482148_glads_discovery_riisinuudeli_pho_bo_kastikkeella_65_g.jpg","type":"image\/jpeg"}],"twitter_card":"summary_large_image","twitter_site":"@euroeastoy","twitter_misc":{"Ber\u00e4knad l\u00e4stid":"1 minute"},"schema":{"@context":"https:\/\/schema.org","@graph":[{"@type":"WebPage","@id":"https:\/\/euro-east.fi\/sv\/tuote\/glads-discovery-risnudlar-med-pho-bo-sas-65-g\/","url":"https:\/\/euro-east.fi\/sv\/tuote\/glads-discovery-risnudlar-med-pho-bo-sas-65-g\/","name":"Glads Discovery Risnudlar med Pho Bo-s\u00e5s 65 g - Euro-East","isPartOf":{"@id":"https:\/\/euro-east.fi\/#website"},"primaryImageOfPage":{"@id":"https:\/\/euro-east.fi\/sv\/tuote\/glads-discovery-risnudlar-med-pho-bo-sas-65-g\/#primaryimage"},"image":{"@id":"https:\/\/euro-east.fi\/sv\/tuote\/glads-discovery-risnudlar-med-pho-bo-sas-65-g\/#primaryimage"},"thumbnailUrl":"https:\/\/euro-east.fi\/wp-content\/uploads\/2024\/08\/482148_glads_discovery_riisinuudeli_pho_bo_kastikkeella_65_g.jpg","datePublished":"2024-08-09T05:40:29+00:00","dateModified":"2026-01-19T12:51:28+00:00","breadcrumb":{"@id":"https:\/\/euro-east.fi\/sv\/tuote\/glads-discovery-risnudlar-med-pho-bo-sas-65-g\/#breadcrumb"},"inLanguage":"sv-SE","potentialAction":[{"@type":"ReadAction","target":["https:\/\/euro-east.fi\/sv\/tuote\/glads-discovery-risnudlar-med-pho-bo-sas-65-g\/"]}]},{"@type":"ImageObject","inLanguage":"sv-SE","@id":"https:\/\/euro-east.fi\/sv\/tuote\/glads-discovery-risnudlar-med-pho-bo-sas-65-g\/#primaryimage","url":"https:\/\/euro-east.fi\/wp-content\/uploads\/2024\/08\/482148_glads_discovery_riisinuudeli_pho_bo_kastikkeella_65_g.jpg","contentUrl":"https:\/\/euro-east.fi\/wp-content\/uploads\/2024\/08\/482148_glads_discovery_riisinuudeli_pho_bo_kastikkeella_65_g.jpg","width":500,"height":500,"caption":"Glads_Discovery_Riisinuudeli_Pho_Bo_kastikkeella_65_g"},{"@type":"BreadcrumbList","@id":"https:\/\/euro-east.fi\/sv\/tuote\/glads-discovery-risnudlar-med-pho-bo-sas-65-g\/#breadcrumb","itemListElement":[{"@type":"ListItem","position":1,"name":"Home","item":"https:\/\/euro-east.fi\/sv\/"},{"@type":"ListItem","position":2,"name":"Butik","item":"https:\/\/euro-east.fi\/sv\/butik\/"},{"@type":"ListItem","position":3,"name":"Glads Discovery Risnudlar med Pho Bo-s\u00e5s 65 g"}]},{"@type":"WebSite","@id":"https:\/\/euro-east.fi\/#website","url":"https:\/\/euro-east.fi\/","name":"Euro-East","description":"Euro-East vie sinut makumatkalle Baltiasta Balkanille.Euro-East on it\u00e4eurooppalaisten elintarvikkeiden maahantuoja. Tarjoamme parhaita herkkuja Baltiasta Balkaniin. Meilt\u00e4 l\u00f6yd\u00e4t laadukkaita vihannes-, kala- ja lihas\u00e4ilykkeit\u00e4, kastikkeita, jyvi\u00e4, mehuja, keksej\u00e4 ja pakasteita. Tule mukaan makumatkalle ja ihastu ruokakulttuurien herkulliseen kirjoon","publisher":{"@id":"https:\/\/euro-east.fi\/#organization"},"potentialAction":[{"@type":"SearchAction","target":{"@type":"EntryPoint","urlTemplate":"https:\/\/euro-east.fi\/?s={search_term_string}"},"query-input":{"@type":"PropertyValueSpecification","valueRequired":true,"valueName":"search_term_string"}}],"inLanguage":"sv-SE"},{"@type":"Organization","@id":"https:\/\/euro-east.fi\/#organization","name":"Euro-East","url":"https:\/\/euro-east.fi\/","logo":{"@type":"ImageObject","inLanguage":"sv-SE","@id":"https:\/\/euro-east.fi\/#\/schema\/logo\/image\/","url":"https:\/\/euro-east.fi\/wp-content\/uploads\/2023\/03\/Logo-1.png","contentUrl":"https:\/\/euro-east.fi\/wp-content\/uploads\/2023\/03\/Logo-1.png","width":250,"height":250,"caption":"Euro-East"},"image":{"@id":"https:\/\/euro-east.fi\/#\/schema\/logo\/image\/"},"sameAs":["https:\/\/www.facebook.com\/EuroEast.fi","https:\/\/x.com\/euroeastoy","https:\/\/www.instagram.com\/euro.east\/","https:\/\/www.pinterest.com\/euroeast\/","https:\/\/www.youtube.com\/channel\/UCfNlzn0G_n53fATPX6Uw0yw"]}]}},"_links":{"self":[{"href":"https:\/\/euro-east.fi\/sv\/wp-json\/wp\/v2\/product\/522160","targetHints":{"allow":["GET"]}}],"collection":[{"href":"https:\/\/euro-east.fi\/sv\/wp-json\/wp\/v2\/product"}],"about":[{"href":"https:\/\/euro-east.fi\/sv\/wp-json\/wp\/v2\/types\/product"}],"wp:featuredmedia":[{"embeddable":true,"href":"https:\/\/euro-east.fi\/sv\/wp-json\/wp\/v2\/media\/522140"}],"wp:attachment":[{"href":"https:\/\/euro-east.fi\/sv\/wp-json\/wp\/v2\/media?parent=522160"}],"wp:term":[{"taxonomy":"product_brand","embeddable":true,"href":"https:\/\/euro-east.fi\/sv\/wp-json\/wp\/v2\/product_brand?post=522160"},{"taxonomy":"product_cat","embeddable":true,"href":"https:\/\/euro-east.fi\/sv\/wp-json\/wp\/v2\/product_cat?post=522160"},{"taxonomy":"product_tag","embeddable":true,"href":"https:\/\/euro-east.fi\/sv\/wp-json\/wp\/v2\/product_tag?post=522160"}],"curies":[{"name":"wp","href":"https:\/\/api.w.org\/{rel}","templated":true}]}}