{"id":522186,"date":"2024-08-14T14:38:13","date_gmt":"2024-08-14T11:38:13","guid":{"rendered":"https:\/\/euro-east.fi\/tuote\/dovgan-laktosfri-kondenserad-mjolk-sotad-370-g-283-ml\/"},"modified":"2026-01-19T14:51:18","modified_gmt":"2026-01-19T12:51:18","slug":"dovgan-laktosfri-kondenserad-mjolk-sotad-370-g-283-ml","status":"publish","type":"product","link":"https:\/\/euro-east.fi\/sv\/tuote\/dovgan-laktosfri-kondenserad-mjolk-sotad-370-g-283-ml\/","title":{"rendered":"Dovgan Laktosfri Kondenserad mj\u00f6lk, s\u00f6tad 370 g \/ 283 ml"},"content":{"rendered":"<p>Ny Laktosfri Kondenserad Mj\u00f6lk \u2013 F\u00f6rsta i Sitt Slag i Finland!<\/p>\n<p>Uppt\u00e4ck den uts\u00f6kt mjuka och sammetslena laktosfria kondenserade mj\u00f6lken, den f\u00f6rsta i sitt slag i Finland. Denna m\u00e5ngsidiga produkt \u00e4r perfekt f\u00f6r bakning, passande utm\u00e4rkt till kakor, godis och fudge. Den fungerar ocks\u00e5 utm\u00e4rkt som dessert s\u00e5s, i tillverkning av glass utan maskin eller som tillsats i kaffe. Kondenserad mj\u00f6lk \u00e4r k\u00e4nd f\u00f6r sin rika smak och kr\u00e4miga konsistens, och denna laktosfria version beh\u00e5ller alla dessa egenskaper. Laktosfri kondenserad mj\u00f6lk m\u00f6jligg\u00f6r l\u00e4ckra och f\u00f6r alla l\u00e4mpliga bakverk och desserter, utan laktos.<\/p>\n","protected":false},"excerpt":{"rendered":"<p>Ny Laktosfri Kondenserad Mj\u00f6lk \u2013 F\u00f6rsta i Sitt Slag i Finland! Uppt\u00e4ck den uts\u00f6kt mjuka och sammetslena laktosfria kondenserade mj\u00f6lken, den f\u00f6rsta i sitt slag i Finland. Denna m\u00e5ngsidiga produkt \u00e4r perfekt f\u00f6r bakning, passande utm\u00e4rkt till kakor, godis och fudge. Den fungerar ocks\u00e5 utm\u00e4rkt som dessert s\u00e5s, i tillverkning av glass utan maskin eller [&hellip;]<\/p>\n","protected":false},"featured_media":522184,"template":"","meta":{"_acf_changed":false,"content-type":"","_improvement_type_select":"improve_an_existing","_thumb_yes_seoaic":false,"_frame_yes_seoaic":false,"seoaic_generate_description":"","seoaic_improve_instructions_prompt":"","seoaic_rollback_content_improvement":"","seoaic_idea_thumbnail_generator":"","thumbnail_generated":false,"thumbnail_generate_prompt":"","seoaic_article_description":""},"product_brand":[],"product_cat":[3400],"product_tag":[],"class_list":{"0":"post-522186","1":"product","2":"type-product","3":"status-publish","4":"has-post-thumbnail","6":"product_cat-saser-och-annat","8":"first","9":"instock","10":"taxable","11":"shipping-taxable","12":"purchasable","13":"product-type-simple"},"acf":[],"yoast_head":"<!-- This site is optimized with the Yoast SEO plugin v27.1.1 - https:\/\/yoast.com\/product\/yoast-seo-wordpress\/ -->\n<title>Dovgan Laktosfri Kondenserad mj\u00f6lk, s\u00f6tad 370 g \/ 283 ml - Euro-East<\/title>\n<meta name=\"robots\" content=\"index, follow, max-snippet:-1, max-image-preview:large, max-video-preview:-1\" \/>\n<link rel=\"canonical\" href=\"https:\/\/euro-east.fi\/tuote\/dovgan-laktosfri-kondenserad-mjolk-sotad-370-g-283-ml\/\" \/>\n<meta property=\"og:locale\" content=\"sv_SE\" \/>\n<meta property=\"og:type\" content=\"article\" \/>\n<meta property=\"og:title\" content=\"Dovgan Laktosfri Kondenserad mj\u00f6lk, s\u00f6tad 370 g \/ 283 ml - Euro-East\" \/>\n<meta property=\"og:description\" content=\"Ny Laktosfri Kondenserad Mj\u00f6lk \u2013 F\u00f6rsta i Sitt Slag i Finland! Uppt\u00e4ck den uts\u00f6kt mjuka och sammetslena laktosfria kondenserade mj\u00f6lken, den f\u00f6rsta i sitt slag i Finland. Denna m\u00e5ngsidiga produkt \u00e4r perfekt f\u00f6r bakning, passande utm\u00e4rkt till kakor, godis och fudge. Den fungerar ocks\u00e5 utm\u00e4rkt som dessert s\u00e5s, i tillverkning av glass utan maskin eller [&hellip;]\" \/>\n<meta property=\"og:url\" content=\"https:\/\/euro-east.fi\/tuote\/dovgan-laktosfri-kondenserad-mjolk-sotad-370-g-283-ml\/\" \/>\n<meta property=\"og:site_name\" content=\"Euro-East\" \/>\n<meta property=\"article:publisher\" content=\"https:\/\/www.facebook.com\/EuroEast.fi\" \/>\n<meta property=\"article:modified_time\" content=\"2026-01-19T12:51:18+00:00\" \/>\n<meta property=\"og:image\" content=\"https:\/\/euro-east.fi\/wp-content\/uploads\/2023\/03\/Logo-1.png\" \/>\n\t<meta property=\"og:image:width\" content=\"250\" \/>\n\t<meta property=\"og:image:height\" content=\"250\" \/>\n\t<meta property=\"og:image:type\" content=\"image\/png\" \/>\n<meta name=\"twitter:card\" content=\"summary_large_image\" \/>\n<meta name=\"twitter:site\" content=\"@euroeastoy\" \/>\n<meta name=\"twitter:label1\" content=\"Ber\u00e4knad l\u00e4stid\" \/>\n\t<meta name=\"twitter:data1\" content=\"1 minute\" \/>\n<script type=\"application\/ld+json\" class=\"yoast-schema-graph\">{\"@context\":\"https:\/\/schema.org\",\"@graph\":[{\"@type\":\"WebPage\",\"@id\":\"https:\/\/euro-east.fi\/tuote\/dovgan-laktosfri-kondenserad-mjolk-sotad-370-g-283-ml\/\",\"url\":\"https:\/\/euro-east.fi\/tuote\/dovgan-laktosfri-kondenserad-mjolk-sotad-370-g-283-ml\/\",\"name\":\"Dovgan Laktosfri Kondenserad mj\u00f6lk, s\u00f6tad 370 g \/ 283 ml - Euro-East\",\"isPartOf\":{\"@id\":\"https:\/\/euro-east.fi\/#website\"},\"primaryImageOfPage\":{\"@id\":\"https:\/\/euro-east.fi\/tuote\/dovgan-laktosfri-kondenserad-mjolk-sotad-370-g-283-ml\/#primaryimage\"},\"image\":{\"@id\":\"https:\/\/euro-east.fi\/tuote\/dovgan-laktosfri-kondenserad-mjolk-sotad-370-g-283-ml\/#primaryimage\"},\"thumbnailUrl\":\"https:\/\/euro-east.fi\/wp-content\/uploads\/2024\/08\/26260370_dovgan_laktoositon_kondensoitu_maito__makeutettu_370_g___283_ml.jpg\",\"datePublished\":\"2024-08-14T11:38:13+00:00\",\"dateModified\":\"2026-01-19T12:51:18+00:00\",\"breadcrumb\":{\"@id\":\"https:\/\/euro-east.fi\/tuote\/dovgan-laktosfri-kondenserad-mjolk-sotad-370-g-283-ml\/#breadcrumb\"},\"inLanguage\":\"sv-SE\",\"potentialAction\":[{\"@type\":\"ReadAction\",\"target\":[\"https:\/\/euro-east.fi\/tuote\/dovgan-laktosfri-kondenserad-mjolk-sotad-370-g-283-ml\/\"]}]},{\"@type\":\"ImageObject\",\"inLanguage\":\"sv-SE\",\"@id\":\"https:\/\/euro-east.fi\/tuote\/dovgan-laktosfri-kondenserad-mjolk-sotad-370-g-283-ml\/#primaryimage\",\"url\":\"https:\/\/euro-east.fi\/wp-content\/uploads\/2024\/08\/26260370_dovgan_laktoositon_kondensoitu_maito__makeutettu_370_g___283_ml.jpg\",\"contentUrl\":\"https:\/\/euro-east.fi\/wp-content\/uploads\/2024\/08\/26260370_dovgan_laktoositon_kondensoitu_maito__makeutettu_370_g___283_ml.jpg\",\"width\":500,\"height\":500,\"caption\":\"Dovgan_laktoositon_kondensoitu_maito\"},{\"@type\":\"BreadcrumbList\",\"@id\":\"https:\/\/euro-east.fi\/tuote\/dovgan-laktosfri-kondenserad-mjolk-sotad-370-g-283-ml\/#breadcrumb\",\"itemListElement\":[{\"@type\":\"ListItem\",\"position\":1,\"name\":\"Home\",\"item\":\"https:\/\/euro-east.fi\/sv\/\"},{\"@type\":\"ListItem\",\"position\":2,\"name\":\"Butik\",\"item\":\"https:\/\/euro-east.fi\/sv\/butik\/\"},{\"@type\":\"ListItem\",\"position\":3,\"name\":\"Dovgan Laktosfri Kondenserad mj\u00f6lk, s\u00f6tad 370 g \/ 283 ml\"}]},{\"@type\":\"WebSite\",\"@id\":\"https:\/\/euro-east.fi\/#website\",\"url\":\"https:\/\/euro-east.fi\/\",\"name\":\"Euro-East\",\"description\":\"Euro-East vie sinut makumatkalle Baltiasta Balkanille.Euro-East on it\u00e4eurooppalaisten elintarvikkeiden maahantuoja. Tarjoamme parhaita herkkuja Baltiasta Balkaniin. Meilt\u00e4 l\u00f6yd\u00e4t laadukkaita vihannes-, kala- ja lihas\u00e4ilykkeit\u00e4, kastikkeita, jyvi\u00e4, mehuja, keksej\u00e4 ja pakasteita. Tule mukaan makumatkalle ja ihastu ruokakulttuurien herkulliseen kirjoon\",\"publisher\":{\"@id\":\"https:\/\/euro-east.fi\/#organization\"},\"potentialAction\":[{\"@type\":\"SearchAction\",\"target\":{\"@type\":\"EntryPoint\",\"urlTemplate\":\"https:\/\/euro-east.fi\/?s={search_term_string}\"},\"query-input\":{\"@type\":\"PropertyValueSpecification\",\"valueRequired\":true,\"valueName\":\"search_term_string\"}}],\"inLanguage\":\"sv-SE\"},{\"@type\":\"Organization\",\"@id\":\"https:\/\/euro-east.fi\/#organization\",\"name\":\"Euro-East\",\"url\":\"https:\/\/euro-east.fi\/\",\"logo\":{\"@type\":\"ImageObject\",\"inLanguage\":\"sv-SE\",\"@id\":\"https:\/\/euro-east.fi\/#\/schema\/logo\/image\/\",\"url\":\"https:\/\/euro-east.fi\/wp-content\/uploads\/2023\/03\/Logo-1.png\",\"contentUrl\":\"https:\/\/euro-east.fi\/wp-content\/uploads\/2023\/03\/Logo-1.png\",\"width\":250,\"height\":250,\"caption\":\"Euro-East\"},\"image\":{\"@id\":\"https:\/\/euro-east.fi\/#\/schema\/logo\/image\/\"},\"sameAs\":[\"https:\/\/www.facebook.com\/EuroEast.fi\",\"https:\/\/x.com\/euroeastoy\",\"https:\/\/www.instagram.com\/euro.east\/\",\"https:\/\/www.pinterest.com\/euroeast\/\",\"https:\/\/www.youtube.com\/channel\/UCfNlzn0G_n53fATPX6Uw0yw\"]}]}<\/script>\n<!-- \/ Yoast SEO plugin. -->","yoast_head_json":{"title":"Dovgan Laktosfri Kondenserad mj\u00f6lk, s\u00f6tad 370 g \/ 283 ml - Euro-East","robots":{"index":"index","follow":"follow","max-snippet":"max-snippet:-1","max-image-preview":"max-image-preview:large","max-video-preview":"max-video-preview:-1"},"canonical":"https:\/\/euro-east.fi\/tuote\/dovgan-laktosfri-kondenserad-mjolk-sotad-370-g-283-ml\/","og_locale":"sv_SE","og_type":"article","og_title":"Dovgan Laktosfri Kondenserad mj\u00f6lk, s\u00f6tad 370 g \/ 283 ml - Euro-East","og_description":"Ny Laktosfri Kondenserad Mj\u00f6lk \u2013 F\u00f6rsta i Sitt Slag i Finland! Uppt\u00e4ck den uts\u00f6kt mjuka och sammetslena laktosfria kondenserade mj\u00f6lken, den f\u00f6rsta i sitt slag i Finland. Denna m\u00e5ngsidiga produkt \u00e4r perfekt f\u00f6r bakning, passande utm\u00e4rkt till kakor, godis och fudge. Den fungerar ocks\u00e5 utm\u00e4rkt som dessert s\u00e5s, i tillverkning av glass utan maskin eller [&hellip;]","og_url":"https:\/\/euro-east.fi\/tuote\/dovgan-laktosfri-kondenserad-mjolk-sotad-370-g-283-ml\/","og_site_name":"Euro-East","article_publisher":"https:\/\/www.facebook.com\/EuroEast.fi","article_modified_time":"2026-01-19T12:51:18+00:00","og_image":[{"width":250,"height":250,"url":"https:\/\/euro-east.fi\/wp-content\/uploads\/2023\/03\/Logo-1.png","type":"image\/png"}],"twitter_card":"summary_large_image","twitter_site":"@euroeastoy","twitter_misc":{"Ber\u00e4knad l\u00e4stid":"1 minute"},"schema":{"@context":"https:\/\/schema.org","@graph":[{"@type":"WebPage","@id":"https:\/\/euro-east.fi\/tuote\/dovgan-laktosfri-kondenserad-mjolk-sotad-370-g-283-ml\/","url":"https:\/\/euro-east.fi\/tuote\/dovgan-laktosfri-kondenserad-mjolk-sotad-370-g-283-ml\/","name":"Dovgan Laktosfri Kondenserad mj\u00f6lk, s\u00f6tad 370 g \/ 283 ml - Euro-East","isPartOf":{"@id":"https:\/\/euro-east.fi\/#website"},"primaryImageOfPage":{"@id":"https:\/\/euro-east.fi\/tuote\/dovgan-laktosfri-kondenserad-mjolk-sotad-370-g-283-ml\/#primaryimage"},"image":{"@id":"https:\/\/euro-east.fi\/tuote\/dovgan-laktosfri-kondenserad-mjolk-sotad-370-g-283-ml\/#primaryimage"},"thumbnailUrl":"https:\/\/euro-east.fi\/wp-content\/uploads\/2024\/08\/26260370_dovgan_laktoositon_kondensoitu_maito__makeutettu_370_g___283_ml.jpg","datePublished":"2024-08-14T11:38:13+00:00","dateModified":"2026-01-19T12:51:18+00:00","breadcrumb":{"@id":"https:\/\/euro-east.fi\/tuote\/dovgan-laktosfri-kondenserad-mjolk-sotad-370-g-283-ml\/#breadcrumb"},"inLanguage":"sv-SE","potentialAction":[{"@type":"ReadAction","target":["https:\/\/euro-east.fi\/tuote\/dovgan-laktosfri-kondenserad-mjolk-sotad-370-g-283-ml\/"]}]},{"@type":"ImageObject","inLanguage":"sv-SE","@id":"https:\/\/euro-east.fi\/tuote\/dovgan-laktosfri-kondenserad-mjolk-sotad-370-g-283-ml\/#primaryimage","url":"https:\/\/euro-east.fi\/wp-content\/uploads\/2024\/08\/26260370_dovgan_laktoositon_kondensoitu_maito__makeutettu_370_g___283_ml.jpg","contentUrl":"https:\/\/euro-east.fi\/wp-content\/uploads\/2024\/08\/26260370_dovgan_laktoositon_kondensoitu_maito__makeutettu_370_g___283_ml.jpg","width":500,"height":500,"caption":"Dovgan_laktoositon_kondensoitu_maito"},{"@type":"BreadcrumbList","@id":"https:\/\/euro-east.fi\/tuote\/dovgan-laktosfri-kondenserad-mjolk-sotad-370-g-283-ml\/#breadcrumb","itemListElement":[{"@type":"ListItem","position":1,"name":"Home","item":"https:\/\/euro-east.fi\/sv\/"},{"@type":"ListItem","position":2,"name":"Butik","item":"https:\/\/euro-east.fi\/sv\/butik\/"},{"@type":"ListItem","position":3,"name":"Dovgan Laktosfri Kondenserad mj\u00f6lk, s\u00f6tad 370 g \/ 283 ml"}]},{"@type":"WebSite","@id":"https:\/\/euro-east.fi\/#website","url":"https:\/\/euro-east.fi\/","name":"Euro-East","description":"Euro-East vie sinut makumatkalle Baltiasta Balkanille.Euro-East on it\u00e4eurooppalaisten elintarvikkeiden maahantuoja. Tarjoamme parhaita herkkuja Baltiasta Balkaniin. Meilt\u00e4 l\u00f6yd\u00e4t laadukkaita vihannes-, kala- ja lihas\u00e4ilykkeit\u00e4, kastikkeita, jyvi\u00e4, mehuja, keksej\u00e4 ja pakasteita. Tule mukaan makumatkalle ja ihastu ruokakulttuurien herkulliseen kirjoon","publisher":{"@id":"https:\/\/euro-east.fi\/#organization"},"potentialAction":[{"@type":"SearchAction","target":{"@type":"EntryPoint","urlTemplate":"https:\/\/euro-east.fi\/?s={search_term_string}"},"query-input":{"@type":"PropertyValueSpecification","valueRequired":true,"valueName":"search_term_string"}}],"inLanguage":"sv-SE"},{"@type":"Organization","@id":"https:\/\/euro-east.fi\/#organization","name":"Euro-East","url":"https:\/\/euro-east.fi\/","logo":{"@type":"ImageObject","inLanguage":"sv-SE","@id":"https:\/\/euro-east.fi\/#\/schema\/logo\/image\/","url":"https:\/\/euro-east.fi\/wp-content\/uploads\/2023\/03\/Logo-1.png","contentUrl":"https:\/\/euro-east.fi\/wp-content\/uploads\/2023\/03\/Logo-1.png","width":250,"height":250,"caption":"Euro-East"},"image":{"@id":"https:\/\/euro-east.fi\/#\/schema\/logo\/image\/"},"sameAs":["https:\/\/www.facebook.com\/EuroEast.fi","https:\/\/x.com\/euroeastoy","https:\/\/www.instagram.com\/euro.east\/","https:\/\/www.pinterest.com\/euroeast\/","https:\/\/www.youtube.com\/channel\/UCfNlzn0G_n53fATPX6Uw0yw"]}]}},"_links":{"self":[{"href":"https:\/\/euro-east.fi\/sv\/wp-json\/wp\/v2\/product\/522186","targetHints":{"allow":["GET"]}}],"collection":[{"href":"https:\/\/euro-east.fi\/sv\/wp-json\/wp\/v2\/product"}],"about":[{"href":"https:\/\/euro-east.fi\/sv\/wp-json\/wp\/v2\/types\/product"}],"wp:featuredmedia":[{"embeddable":true,"href":"https:\/\/euro-east.fi\/sv\/wp-json\/wp\/v2\/media\/522184"}],"wp:attachment":[{"href":"https:\/\/euro-east.fi\/sv\/wp-json\/wp\/v2\/media?parent=522186"}],"wp:term":[{"taxonomy":"product_brand","embeddable":true,"href":"https:\/\/euro-east.fi\/sv\/wp-json\/wp\/v2\/product_brand?post=522186"},{"taxonomy":"product_cat","embeddable":true,"href":"https:\/\/euro-east.fi\/sv\/wp-json\/wp\/v2\/product_cat?post=522186"},{"taxonomy":"product_tag","embeddable":true,"href":"https:\/\/euro-east.fi\/sv\/wp-json\/wp\/v2\/product_tag?post=522186"}],"curies":[{"name":"wp","href":"https:\/\/api.w.org\/{rel}","templated":true}]}}