{"id":522809,"date":"2024-11-04T09:50:56","date_gmt":"2024-11-04T07:50:56","guid":{"rendered":"https:\/\/euro-east.fi\/tuote\/dovgan-boveteflingor-400g\/"},"modified":"2026-01-19T14:50:37","modified_gmt":"2026-01-19T12:50:37","slug":"dovgan-boveteflingor-400g","status":"publish","type":"product","link":"https:\/\/euro-east.fi\/sv\/tuote\/dovgan-boveteflingor-400g\/","title":{"rendered":"Dovgan Boveteflingor 400g"},"content":{"rendered":"<p>Tack vare bovetegryn f\u00e5r du en uts\u00f6kt m\u00e5ngsidighet i din kost. Tillverkade av bovetefr\u00f6n som f\u00f6rst f\u00f6rkokas och sedan plattas ut till tunna flingor. Boveteflingor kokar snabbt, bara p\u00e5 5 minuter!<\/p>\n<p>Dessa m\u00e5ngsidiga flingor passar utm\u00e4rkt till gr\u00f6t, desserter, bakverk och m\u00fcsli. Du kan ocks\u00e5 njuta av dem som de \u00e4r, till exempel med yoghurt eller fil. Testa att bl\u00f6tl\u00e4gga boveteflingor \u00f6ver natten och b\u00f6rja dagen p\u00e5 ett l\u00e4ckert och n\u00e4ringsrikt s\u00e4tt!<\/p>\n","protected":false},"excerpt":{"rendered":"<p>Tack vare bovetegryn f\u00e5r du en uts\u00f6kt m\u00e5ngsidighet i din kost. Tillverkade av bovetefr\u00f6n som f\u00f6rst f\u00f6rkokas och sedan plattas ut till tunna flingor. Boveteflingor kokar snabbt, bara p\u00e5 5 minuter! Dessa m\u00e5ngsidiga flingor passar utm\u00e4rkt till gr\u00f6t, desserter, bakverk och m\u00fcsli. Du kan ocks\u00e5 njuta av dem som de \u00e4r, till exempel med yoghurt [&hellip;]<\/p>\n","protected":false},"featured_media":522717,"template":"","meta":{"_acf_changed":false,"content-type":"","_improvement_type_select":"improve_an_existing","_thumb_yes_seoaic":false,"_frame_yes_seoaic":false,"seoaic_generate_description":"","seoaic_improve_instructions_prompt":"","seoaic_rollback_content_improvement":"","seoaic_idea_thumbnail_generator":"","thumbnail_generated":false,"thumbnail_generate_prompt":"","seoaic_article_description":""},"product_brand":[],"product_cat":[3394],"product_tag":[],"class_list":{"0":"post-522809","1":"product","2":"type-product","3":"status-publish","4":"has-post-thumbnail","6":"product_cat-spannmal-och-kex","8":"first","9":"instock","10":"taxable","11":"shipping-taxable","12":"purchasable","13":"product-type-simple"},"acf":[],"yoast_head":"<!-- This site is optimized with the Yoast SEO plugin v27.1.1 - https:\/\/yoast.com\/product\/yoast-seo-wordpress\/ -->\n<title>Dovgan Boveteflingor 400g - Euro-East<\/title>\n<meta name=\"robots\" content=\"index, follow, max-snippet:-1, max-image-preview:large, max-video-preview:-1\" \/>\n<link rel=\"canonical\" href=\"https:\/\/euro-east.fi\/tuote\/dovgan-boveteflingor-400g\/\" \/>\n<meta property=\"og:locale\" content=\"sv_SE\" \/>\n<meta property=\"og:type\" content=\"article\" \/>\n<meta property=\"og:title\" content=\"Dovgan Boveteflingor 400g - Euro-East\" \/>\n<meta property=\"og:description\" content=\"Tack vare bovetegryn f\u00e5r du en uts\u00f6kt m\u00e5ngsidighet i din kost. Tillverkade av bovetefr\u00f6n som f\u00f6rst f\u00f6rkokas och sedan plattas ut till tunna flingor. Boveteflingor kokar snabbt, bara p\u00e5 5 minuter! Dessa m\u00e5ngsidiga flingor passar utm\u00e4rkt till gr\u00f6t, desserter, bakverk och m\u00fcsli. Du kan ocks\u00e5 njuta av dem som de \u00e4r, till exempel med yoghurt [&hellip;]\" \/>\n<meta property=\"og:url\" content=\"https:\/\/euro-east.fi\/tuote\/dovgan-boveteflingor-400g\/\" \/>\n<meta property=\"og:site_name\" content=\"Euro-East\" \/>\n<meta property=\"article:publisher\" content=\"https:\/\/www.facebook.com\/EuroEast.fi\" \/>\n<meta property=\"article:modified_time\" content=\"2026-01-19T12:50:37+00:00\" \/>\n<meta property=\"og:image\" content=\"https:\/\/euro-east.fi\/wp-content\/uploads\/2023\/03\/Logo-1.png\" \/>\n\t<meta property=\"og:image:width\" content=\"250\" \/>\n\t<meta property=\"og:image:height\" content=\"250\" \/>\n\t<meta property=\"og:image:type\" content=\"image\/png\" \/>\n<meta name=\"twitter:card\" content=\"summary_large_image\" \/>\n<meta name=\"twitter:site\" content=\"@euroeastoy\" \/>\n<script type=\"application\/ld+json\" class=\"yoast-schema-graph\">{\"@context\":\"https:\/\/schema.org\",\"@graph\":[{\"@type\":\"WebPage\",\"@id\":\"https:\/\/euro-east.fi\/tuote\/dovgan-boveteflingor-400g\/\",\"url\":\"https:\/\/euro-east.fi\/tuote\/dovgan-boveteflingor-400g\/\",\"name\":\"Dovgan Boveteflingor 400g - Euro-East\",\"isPartOf\":{\"@id\":\"https:\/\/euro-east.fi\/#website\"},\"primaryImageOfPage\":{\"@id\":\"https:\/\/euro-east.fi\/tuote\/dovgan-boveteflingor-400g\/#primaryimage\"},\"image\":{\"@id\":\"https:\/\/euro-east.fi\/tuote\/dovgan-boveteflingor-400g\/#primaryimage\"},\"thumbnailUrl\":\"https:\/\/euro-east.fi\/wp-content\/uploads\/2024\/10\/53200400_dovgan_tattarihiutaleet_400_g.jpg\",\"datePublished\":\"2024-11-04T07:50:56+00:00\",\"dateModified\":\"2026-01-19T12:50:37+00:00\",\"breadcrumb\":{\"@id\":\"https:\/\/euro-east.fi\/tuote\/dovgan-boveteflingor-400g\/#breadcrumb\"},\"inLanguage\":\"sv-SE\",\"potentialAction\":[{\"@type\":\"ReadAction\",\"target\":[\"https:\/\/euro-east.fi\/tuote\/dovgan-boveteflingor-400g\/\"]}]},{\"@type\":\"ImageObject\",\"inLanguage\":\"sv-SE\",\"@id\":\"https:\/\/euro-east.fi\/tuote\/dovgan-boveteflingor-400g\/#primaryimage\",\"url\":\"https:\/\/euro-east.fi\/wp-content\/uploads\/2024\/10\/53200400_dovgan_tattarihiutaleet_400_g.jpg\",\"contentUrl\":\"https:\/\/euro-east.fi\/wp-content\/uploads\/2024\/10\/53200400_dovgan_tattarihiutaleet_400_g.jpg\",\"width\":500,\"height\":500,\"caption\":\"Tattarihiutaleet_400g\"},{\"@type\":\"BreadcrumbList\",\"@id\":\"https:\/\/euro-east.fi\/tuote\/dovgan-boveteflingor-400g\/#breadcrumb\",\"itemListElement\":[{\"@type\":\"ListItem\",\"position\":1,\"name\":\"Home\",\"item\":\"https:\/\/euro-east.fi\/sv\/\"},{\"@type\":\"ListItem\",\"position\":2,\"name\":\"Butik\",\"item\":\"https:\/\/euro-east.fi\/sv\/butik\/\"},{\"@type\":\"ListItem\",\"position\":3,\"name\":\"Dovgan Boveteflingor 400g\"}]},{\"@type\":\"WebSite\",\"@id\":\"https:\/\/euro-east.fi\/#website\",\"url\":\"https:\/\/euro-east.fi\/\",\"name\":\"Euro-East\",\"description\":\"Euro-East vie sinut makumatkalle Baltiasta Balkanille.Euro-East on it\u00e4eurooppalaisten elintarvikkeiden maahantuoja. Tarjoamme parhaita herkkuja Baltiasta Balkaniin. Meilt\u00e4 l\u00f6yd\u00e4t laadukkaita vihannes-, kala- ja lihas\u00e4ilykkeit\u00e4, kastikkeita, jyvi\u00e4, mehuja, keksej\u00e4 ja pakasteita. Tule mukaan makumatkalle ja ihastu ruokakulttuurien herkulliseen kirjoon\",\"publisher\":{\"@id\":\"https:\/\/euro-east.fi\/#organization\"},\"potentialAction\":[{\"@type\":\"SearchAction\",\"target\":{\"@type\":\"EntryPoint\",\"urlTemplate\":\"https:\/\/euro-east.fi\/?s={search_term_string}\"},\"query-input\":{\"@type\":\"PropertyValueSpecification\",\"valueRequired\":true,\"valueName\":\"search_term_string\"}}],\"inLanguage\":\"sv-SE\"},{\"@type\":\"Organization\",\"@id\":\"https:\/\/euro-east.fi\/#organization\",\"name\":\"Euro-East\",\"url\":\"https:\/\/euro-east.fi\/\",\"logo\":{\"@type\":\"ImageObject\",\"inLanguage\":\"sv-SE\",\"@id\":\"https:\/\/euro-east.fi\/#\/schema\/logo\/image\/\",\"url\":\"https:\/\/euro-east.fi\/wp-content\/uploads\/2023\/03\/Logo-1.png\",\"contentUrl\":\"https:\/\/euro-east.fi\/wp-content\/uploads\/2023\/03\/Logo-1.png\",\"width\":250,\"height\":250,\"caption\":\"Euro-East\"},\"image\":{\"@id\":\"https:\/\/euro-east.fi\/#\/schema\/logo\/image\/\"},\"sameAs\":[\"https:\/\/www.facebook.com\/EuroEast.fi\",\"https:\/\/x.com\/euroeastoy\",\"https:\/\/www.instagram.com\/euro.east\/\",\"https:\/\/www.pinterest.com\/euroeast\/\",\"https:\/\/www.youtube.com\/channel\/UCfNlzn0G_n53fATPX6Uw0yw\"]}]}<\/script>\n<!-- \/ Yoast SEO plugin. -->","yoast_head_json":{"title":"Dovgan Boveteflingor 400g - Euro-East","robots":{"index":"index","follow":"follow","max-snippet":"max-snippet:-1","max-image-preview":"max-image-preview:large","max-video-preview":"max-video-preview:-1"},"canonical":"https:\/\/euro-east.fi\/tuote\/dovgan-boveteflingor-400g\/","og_locale":"sv_SE","og_type":"article","og_title":"Dovgan Boveteflingor 400g - Euro-East","og_description":"Tack vare bovetegryn f\u00e5r du en uts\u00f6kt m\u00e5ngsidighet i din kost. Tillverkade av bovetefr\u00f6n som f\u00f6rst f\u00f6rkokas och sedan plattas ut till tunna flingor. Boveteflingor kokar snabbt, bara p\u00e5 5 minuter! Dessa m\u00e5ngsidiga flingor passar utm\u00e4rkt till gr\u00f6t, desserter, bakverk och m\u00fcsli. Du kan ocks\u00e5 njuta av dem som de \u00e4r, till exempel med yoghurt [&hellip;]","og_url":"https:\/\/euro-east.fi\/tuote\/dovgan-boveteflingor-400g\/","og_site_name":"Euro-East","article_publisher":"https:\/\/www.facebook.com\/EuroEast.fi","article_modified_time":"2026-01-19T12:50:37+00:00","og_image":[{"width":250,"height":250,"url":"https:\/\/euro-east.fi\/wp-content\/uploads\/2023\/03\/Logo-1.png","type":"image\/png"}],"twitter_card":"summary_large_image","twitter_site":"@euroeastoy","schema":{"@context":"https:\/\/schema.org","@graph":[{"@type":"WebPage","@id":"https:\/\/euro-east.fi\/tuote\/dovgan-boveteflingor-400g\/","url":"https:\/\/euro-east.fi\/tuote\/dovgan-boveteflingor-400g\/","name":"Dovgan Boveteflingor 400g - Euro-East","isPartOf":{"@id":"https:\/\/euro-east.fi\/#website"},"primaryImageOfPage":{"@id":"https:\/\/euro-east.fi\/tuote\/dovgan-boveteflingor-400g\/#primaryimage"},"image":{"@id":"https:\/\/euro-east.fi\/tuote\/dovgan-boveteflingor-400g\/#primaryimage"},"thumbnailUrl":"https:\/\/euro-east.fi\/wp-content\/uploads\/2024\/10\/53200400_dovgan_tattarihiutaleet_400_g.jpg","datePublished":"2024-11-04T07:50:56+00:00","dateModified":"2026-01-19T12:50:37+00:00","breadcrumb":{"@id":"https:\/\/euro-east.fi\/tuote\/dovgan-boveteflingor-400g\/#breadcrumb"},"inLanguage":"sv-SE","potentialAction":[{"@type":"ReadAction","target":["https:\/\/euro-east.fi\/tuote\/dovgan-boveteflingor-400g\/"]}]},{"@type":"ImageObject","inLanguage":"sv-SE","@id":"https:\/\/euro-east.fi\/tuote\/dovgan-boveteflingor-400g\/#primaryimage","url":"https:\/\/euro-east.fi\/wp-content\/uploads\/2024\/10\/53200400_dovgan_tattarihiutaleet_400_g.jpg","contentUrl":"https:\/\/euro-east.fi\/wp-content\/uploads\/2024\/10\/53200400_dovgan_tattarihiutaleet_400_g.jpg","width":500,"height":500,"caption":"Tattarihiutaleet_400g"},{"@type":"BreadcrumbList","@id":"https:\/\/euro-east.fi\/tuote\/dovgan-boveteflingor-400g\/#breadcrumb","itemListElement":[{"@type":"ListItem","position":1,"name":"Home","item":"https:\/\/euro-east.fi\/sv\/"},{"@type":"ListItem","position":2,"name":"Butik","item":"https:\/\/euro-east.fi\/sv\/butik\/"},{"@type":"ListItem","position":3,"name":"Dovgan Boveteflingor 400g"}]},{"@type":"WebSite","@id":"https:\/\/euro-east.fi\/#website","url":"https:\/\/euro-east.fi\/","name":"Euro-East","description":"Euro-East vie sinut makumatkalle Baltiasta Balkanille.Euro-East on it\u00e4eurooppalaisten elintarvikkeiden maahantuoja. Tarjoamme parhaita herkkuja Baltiasta Balkaniin. Meilt\u00e4 l\u00f6yd\u00e4t laadukkaita vihannes-, kala- ja lihas\u00e4ilykkeit\u00e4, kastikkeita, jyvi\u00e4, mehuja, keksej\u00e4 ja pakasteita. Tule mukaan makumatkalle ja ihastu ruokakulttuurien herkulliseen kirjoon","publisher":{"@id":"https:\/\/euro-east.fi\/#organization"},"potentialAction":[{"@type":"SearchAction","target":{"@type":"EntryPoint","urlTemplate":"https:\/\/euro-east.fi\/?s={search_term_string}"},"query-input":{"@type":"PropertyValueSpecification","valueRequired":true,"valueName":"search_term_string"}}],"inLanguage":"sv-SE"},{"@type":"Organization","@id":"https:\/\/euro-east.fi\/#organization","name":"Euro-East","url":"https:\/\/euro-east.fi\/","logo":{"@type":"ImageObject","inLanguage":"sv-SE","@id":"https:\/\/euro-east.fi\/#\/schema\/logo\/image\/","url":"https:\/\/euro-east.fi\/wp-content\/uploads\/2023\/03\/Logo-1.png","contentUrl":"https:\/\/euro-east.fi\/wp-content\/uploads\/2023\/03\/Logo-1.png","width":250,"height":250,"caption":"Euro-East"},"image":{"@id":"https:\/\/euro-east.fi\/#\/schema\/logo\/image\/"},"sameAs":["https:\/\/www.facebook.com\/EuroEast.fi","https:\/\/x.com\/euroeastoy","https:\/\/www.instagram.com\/euro.east\/","https:\/\/www.pinterest.com\/euroeast\/","https:\/\/www.youtube.com\/channel\/UCfNlzn0G_n53fATPX6Uw0yw"]}]}},"_links":{"self":[{"href":"https:\/\/euro-east.fi\/sv\/wp-json\/wp\/v2\/product\/522809","targetHints":{"allow":["GET"]}}],"collection":[{"href":"https:\/\/euro-east.fi\/sv\/wp-json\/wp\/v2\/product"}],"about":[{"href":"https:\/\/euro-east.fi\/sv\/wp-json\/wp\/v2\/types\/product"}],"wp:featuredmedia":[{"embeddable":true,"href":"https:\/\/euro-east.fi\/sv\/wp-json\/wp\/v2\/media\/522717"}],"wp:attachment":[{"href":"https:\/\/euro-east.fi\/sv\/wp-json\/wp\/v2\/media?parent=522809"}],"wp:term":[{"taxonomy":"product_brand","embeddable":true,"href":"https:\/\/euro-east.fi\/sv\/wp-json\/wp\/v2\/product_brand?post=522809"},{"taxonomy":"product_cat","embeddable":true,"href":"https:\/\/euro-east.fi\/sv\/wp-json\/wp\/v2\/product_cat?post=522809"},{"taxonomy":"product_tag","embeddable":true,"href":"https:\/\/euro-east.fi\/sv\/wp-json\/wp\/v2\/product_tag?post=522809"}],"curies":[{"name":"wp","href":"https:\/\/api.w.org\/{rel}","templated":true}]}}