{"id":523798,"date":"2025-03-24T12:59:40","date_gmt":"2025-03-24T10:59:40","guid":{"rendered":"https:\/\/euro-east.fi\/tuote\/smack-snack-saltgurka-xxl-eldig-400g-200-g\/"},"modified":"2026-01-27T12:25:07","modified_gmt":"2026-01-27T10:25:07","slug":"smack-snack-saltgurka-xxl-eldig-400g-200-g","status":"publish","type":"product","link":"https:\/\/euro-east.fi\/sv\/tuote\/smack-snack-saltgurka-xxl-eldig-400g-200-g\/","title":{"rendered":"Smack Snack Saltgurka XXL, eldig 400g\/200 g"},"content":{"rendered":"<p>Stor, saftig och oemotst\u00e5ndligt krispig \u2013 denna saltgurka ger ett extra sting i varje tugga. Chili tillf\u00f6r precis lagom hetta och kombineras perfekt med den traditionella saltgurkan. Den praktiska f\u00f6rpackningen med tv\u00e5 stora gurkor g\u00f6r detta till ett perfekt snacks direkt fr\u00e5n p\u00e5sen eller som tillbeh\u00f6r till k\u00f6ttr\u00e4tter, i br\u00f6d eller i sallader. Den salta lagen full\u00e4ndar smakupplevelsen och passar ocks\u00e5 utm\u00e4rkt f\u00f6r att smaks\u00e4tta s\u00e5ser eller soppor. Detta alternativ \u00e4r f\u00f6r dig som s\u00f6ker en smakupplevelse med en liten kryddig twist. L\u00e5gkalori, fettfri och glutenfri \u2013 en smakrik godbit som passar m\u00e5nga olika kosth\u00e5llningar. Kom ih\u00e5g att smaka p\u00e5 alla tre smaker \u2013 traditionell, vitl\u00f6k och chili!<\/p>\n","protected":false},"excerpt":{"rendered":"<p>Stor, saftig och oemotst\u00e5ndligt krispig \u2013 denna saltgurka ger ett extra sting i varje tugga. Chili tillf\u00f6r precis lagom hetta och kombineras perfekt med den traditionella saltgurkan. Den praktiska f\u00f6rpackningen med tv\u00e5 stora gurkor g\u00f6r detta till ett perfekt snacks direkt fr\u00e5n p\u00e5sen eller som tillbeh\u00f6r till k\u00f6ttr\u00e4tter, i br\u00f6d eller i sallader. Den salta [&hellip;]<\/p>\n","protected":false},"featured_media":526354,"template":"","meta":{"_acf_changed":false,"content-type":"","_improvement_type_select":"improve_an_existing","_thumb_yes_seoaic":false,"_frame_yes_seoaic":false,"seoaic_generate_description":"","seoaic_improve_instructions_prompt":"","seoaic_rollback_content_improvement":"","seoaic_idea_thumbnail_generator":"","thumbnail_generated":false,"thumbnail_generate_prompt":"","seoaic_article_description":""},"product_brand":[],"product_cat":[3373],"product_tag":[],"class_list":{"0":"post-523798","1":"product","2":"type-product","3":"status-publish","4":"has-post-thumbnail","6":"product_cat-konserverade-gronsaker-och-sallader","8":"first","9":"outofstock","10":"taxable","11":"shipping-taxable","12":"purchasable","13":"product-type-simple"},"acf":[],"yoast_head":"<!-- This site is optimized with the Yoast SEO plugin v27.1.1 - https:\/\/yoast.com\/product\/yoast-seo-wordpress\/ -->\n<title>Smack Snack Saltgurka XXL, eldig 400g\/200 g - Euro-East<\/title>\n<meta name=\"robots\" content=\"index, follow, max-snippet:-1, max-image-preview:large, max-video-preview:-1\" \/>\n<link rel=\"canonical\" href=\"https:\/\/euro-east.fi\/tuote\/smack-snack-saltgurka-xxl-eldig-400g-200-g\/\" \/>\n<meta property=\"og:locale\" content=\"sv_SE\" \/>\n<meta property=\"og:type\" content=\"article\" \/>\n<meta property=\"og:title\" content=\"Smack Snack Saltgurka XXL, eldig 400g\/200 g - Euro-East\" \/>\n<meta property=\"og:description\" content=\"Stor, saftig och oemotst\u00e5ndligt krispig \u2013 denna saltgurka ger ett extra sting i varje tugga. Chili tillf\u00f6r precis lagom hetta och kombineras perfekt med den traditionella saltgurkan. Den praktiska f\u00f6rpackningen med tv\u00e5 stora gurkor g\u00f6r detta till ett perfekt snacks direkt fr\u00e5n p\u00e5sen eller som tillbeh\u00f6r till k\u00f6ttr\u00e4tter, i br\u00f6d eller i sallader. Den salta [&hellip;]\" \/>\n<meta property=\"og:url\" content=\"https:\/\/euro-east.fi\/tuote\/smack-snack-saltgurka-xxl-eldig-400g-200-g\/\" \/>\n<meta property=\"og:site_name\" content=\"Euro-East\" \/>\n<meta property=\"article:publisher\" content=\"https:\/\/www.facebook.com\/EuroEast.fi\" \/>\n<meta property=\"article:modified_time\" content=\"2026-01-27T10:25:07+00:00\" \/>\n<meta property=\"og:image\" content=\"https:\/\/euro-east.fi\/wp-content\/uploads\/2023\/03\/Logo-1.png\" \/>\n\t<meta property=\"og:image:width\" content=\"250\" \/>\n\t<meta property=\"og:image:height\" content=\"250\" \/>\n\t<meta property=\"og:image:type\" content=\"image\/png\" \/>\n<meta name=\"twitter:card\" content=\"summary_large_image\" \/>\n<meta name=\"twitter:site\" content=\"@euroeastoy\" \/>\n<meta name=\"twitter:label1\" content=\"Ber\u00e4knad l\u00e4stid\" \/>\n\t<meta name=\"twitter:data1\" content=\"1 minute\" \/>\n<script type=\"application\/ld+json\" class=\"yoast-schema-graph\">{\"@context\":\"https:\/\/schema.org\",\"@graph\":[{\"@type\":\"WebPage\",\"@id\":\"https:\/\/euro-east.fi\/tuote\/smack-snack-saltgurka-xxl-eldig-400g-200-g\/\",\"url\":\"https:\/\/euro-east.fi\/tuote\/smack-snack-saltgurka-xxl-eldig-400g-200-g\/\",\"name\":\"Smack Snack Saltgurka XXL, eldig 400g\/200 g - Euro-East\",\"isPartOf\":{\"@id\":\"https:\/\/euro-east.fi\/#website\"},\"primaryImageOfPage\":{\"@id\":\"https:\/\/euro-east.fi\/tuote\/smack-snack-saltgurka-xxl-eldig-400g-200-g\/#primaryimage\"},\"image\":{\"@id\":\"https:\/\/euro-east.fi\/tuote\/smack-snack-saltgurka-xxl-eldig-400g-200-g\/#primaryimage\"},\"thumbnailUrl\":\"https:\/\/euro-east.fi\/wp-content\/uploads\/2026\/01\/41150400_smack_snack_suolakurkku_xxl_tulinen_400g_200_g.jpg\",\"datePublished\":\"2025-03-24T10:59:40+00:00\",\"dateModified\":\"2026-01-27T10:25:07+00:00\",\"breadcrumb\":{\"@id\":\"https:\/\/euro-east.fi\/tuote\/smack-snack-saltgurka-xxl-eldig-400g-200-g\/#breadcrumb\"},\"inLanguage\":\"sv-SE\",\"potentialAction\":[{\"@type\":\"ReadAction\",\"target\":[\"https:\/\/euro-east.fi\/tuote\/smack-snack-saltgurka-xxl-eldig-400g-200-g\/\"]}]},{\"@type\":\"ImageObject\",\"inLanguage\":\"sv-SE\",\"@id\":\"https:\/\/euro-east.fi\/tuote\/smack-snack-saltgurka-xxl-eldig-400g-200-g\/#primaryimage\",\"url\":\"https:\/\/euro-east.fi\/wp-content\/uploads\/2026\/01\/41150400_smack_snack_suolakurkku_xxl_tulinen_400g_200_g.jpg\",\"contentUrl\":\"https:\/\/euro-east.fi\/wp-content\/uploads\/2026\/01\/41150400_smack_snack_suolakurkku_xxl_tulinen_400g_200_g.jpg\",\"width\":500,\"height\":500,\"caption\":\"Smack_Snack_Suolakurkku_XXL__tulinen_400g\"},{\"@type\":\"BreadcrumbList\",\"@id\":\"https:\/\/euro-east.fi\/tuote\/smack-snack-saltgurka-xxl-eldig-400g-200-g\/#breadcrumb\",\"itemListElement\":[{\"@type\":\"ListItem\",\"position\":1,\"name\":\"Home\",\"item\":\"https:\/\/euro-east.fi\/sv\/\"},{\"@type\":\"ListItem\",\"position\":2,\"name\":\"Butik\",\"item\":\"https:\/\/euro-east.fi\/sv\/butik\/\"},{\"@type\":\"ListItem\",\"position\":3,\"name\":\"Smack Snack Saltgurka XXL, eldig 400g\/200 g\"}]},{\"@type\":\"WebSite\",\"@id\":\"https:\/\/euro-east.fi\/#website\",\"url\":\"https:\/\/euro-east.fi\/\",\"name\":\"Euro-East\",\"description\":\"Euro-East vie sinut makumatkalle Baltiasta Balkanille.Euro-East on it\u00e4eurooppalaisten elintarvikkeiden maahantuoja. Tarjoamme parhaita herkkuja Baltiasta Balkaniin. Meilt\u00e4 l\u00f6yd\u00e4t laadukkaita vihannes-, kala- ja lihas\u00e4ilykkeit\u00e4, kastikkeita, jyvi\u00e4, mehuja, keksej\u00e4 ja pakasteita. Tule mukaan makumatkalle ja ihastu ruokakulttuurien herkulliseen kirjoon\",\"publisher\":{\"@id\":\"https:\/\/euro-east.fi\/#organization\"},\"potentialAction\":[{\"@type\":\"SearchAction\",\"target\":{\"@type\":\"EntryPoint\",\"urlTemplate\":\"https:\/\/euro-east.fi\/?s={search_term_string}\"},\"query-input\":{\"@type\":\"PropertyValueSpecification\",\"valueRequired\":true,\"valueName\":\"search_term_string\"}}],\"inLanguage\":\"sv-SE\"},{\"@type\":\"Organization\",\"@id\":\"https:\/\/euro-east.fi\/#organization\",\"name\":\"Euro-East\",\"url\":\"https:\/\/euro-east.fi\/\",\"logo\":{\"@type\":\"ImageObject\",\"inLanguage\":\"sv-SE\",\"@id\":\"https:\/\/euro-east.fi\/#\/schema\/logo\/image\/\",\"url\":\"https:\/\/euro-east.fi\/wp-content\/uploads\/2023\/03\/Logo-1.png\",\"contentUrl\":\"https:\/\/euro-east.fi\/wp-content\/uploads\/2023\/03\/Logo-1.png\",\"width\":250,\"height\":250,\"caption\":\"Euro-East\"},\"image\":{\"@id\":\"https:\/\/euro-east.fi\/#\/schema\/logo\/image\/\"},\"sameAs\":[\"https:\/\/www.facebook.com\/EuroEast.fi\",\"https:\/\/x.com\/euroeastoy\",\"https:\/\/www.instagram.com\/euro.east\/\",\"https:\/\/www.pinterest.com\/euroeast\/\",\"https:\/\/www.youtube.com\/channel\/UCfNlzn0G_n53fATPX6Uw0yw\"]}]}<\/script>\n<!-- \/ Yoast SEO plugin. -->","yoast_head_json":{"title":"Smack Snack Saltgurka XXL, eldig 400g\/200 g - Euro-East","robots":{"index":"index","follow":"follow","max-snippet":"max-snippet:-1","max-image-preview":"max-image-preview:large","max-video-preview":"max-video-preview:-1"},"canonical":"https:\/\/euro-east.fi\/tuote\/smack-snack-saltgurka-xxl-eldig-400g-200-g\/","og_locale":"sv_SE","og_type":"article","og_title":"Smack Snack Saltgurka XXL, eldig 400g\/200 g - Euro-East","og_description":"Stor, saftig och oemotst\u00e5ndligt krispig \u2013 denna saltgurka ger ett extra sting i varje tugga. Chili tillf\u00f6r precis lagom hetta och kombineras perfekt med den traditionella saltgurkan. Den praktiska f\u00f6rpackningen med tv\u00e5 stora gurkor g\u00f6r detta till ett perfekt snacks direkt fr\u00e5n p\u00e5sen eller som tillbeh\u00f6r till k\u00f6ttr\u00e4tter, i br\u00f6d eller i sallader. Den salta [&hellip;]","og_url":"https:\/\/euro-east.fi\/tuote\/smack-snack-saltgurka-xxl-eldig-400g-200-g\/","og_site_name":"Euro-East","article_publisher":"https:\/\/www.facebook.com\/EuroEast.fi","article_modified_time":"2026-01-27T10:25:07+00:00","og_image":[{"width":250,"height":250,"url":"https:\/\/euro-east.fi\/wp-content\/uploads\/2023\/03\/Logo-1.png","type":"image\/png"}],"twitter_card":"summary_large_image","twitter_site":"@euroeastoy","twitter_misc":{"Ber\u00e4knad l\u00e4stid":"1 minute"},"schema":{"@context":"https:\/\/schema.org","@graph":[{"@type":"WebPage","@id":"https:\/\/euro-east.fi\/tuote\/smack-snack-saltgurka-xxl-eldig-400g-200-g\/","url":"https:\/\/euro-east.fi\/tuote\/smack-snack-saltgurka-xxl-eldig-400g-200-g\/","name":"Smack Snack Saltgurka XXL, eldig 400g\/200 g - Euro-East","isPartOf":{"@id":"https:\/\/euro-east.fi\/#website"},"primaryImageOfPage":{"@id":"https:\/\/euro-east.fi\/tuote\/smack-snack-saltgurka-xxl-eldig-400g-200-g\/#primaryimage"},"image":{"@id":"https:\/\/euro-east.fi\/tuote\/smack-snack-saltgurka-xxl-eldig-400g-200-g\/#primaryimage"},"thumbnailUrl":"https:\/\/euro-east.fi\/wp-content\/uploads\/2026\/01\/41150400_smack_snack_suolakurkku_xxl_tulinen_400g_200_g.jpg","datePublished":"2025-03-24T10:59:40+00:00","dateModified":"2026-01-27T10:25:07+00:00","breadcrumb":{"@id":"https:\/\/euro-east.fi\/tuote\/smack-snack-saltgurka-xxl-eldig-400g-200-g\/#breadcrumb"},"inLanguage":"sv-SE","potentialAction":[{"@type":"ReadAction","target":["https:\/\/euro-east.fi\/tuote\/smack-snack-saltgurka-xxl-eldig-400g-200-g\/"]}]},{"@type":"ImageObject","inLanguage":"sv-SE","@id":"https:\/\/euro-east.fi\/tuote\/smack-snack-saltgurka-xxl-eldig-400g-200-g\/#primaryimage","url":"https:\/\/euro-east.fi\/wp-content\/uploads\/2026\/01\/41150400_smack_snack_suolakurkku_xxl_tulinen_400g_200_g.jpg","contentUrl":"https:\/\/euro-east.fi\/wp-content\/uploads\/2026\/01\/41150400_smack_snack_suolakurkku_xxl_tulinen_400g_200_g.jpg","width":500,"height":500,"caption":"Smack_Snack_Suolakurkku_XXL__tulinen_400g"},{"@type":"BreadcrumbList","@id":"https:\/\/euro-east.fi\/tuote\/smack-snack-saltgurka-xxl-eldig-400g-200-g\/#breadcrumb","itemListElement":[{"@type":"ListItem","position":1,"name":"Home","item":"https:\/\/euro-east.fi\/sv\/"},{"@type":"ListItem","position":2,"name":"Butik","item":"https:\/\/euro-east.fi\/sv\/butik\/"},{"@type":"ListItem","position":3,"name":"Smack Snack Saltgurka XXL, eldig 400g\/200 g"}]},{"@type":"WebSite","@id":"https:\/\/euro-east.fi\/#website","url":"https:\/\/euro-east.fi\/","name":"Euro-East","description":"Euro-East vie sinut makumatkalle Baltiasta Balkanille.Euro-East on it\u00e4eurooppalaisten elintarvikkeiden maahantuoja. Tarjoamme parhaita herkkuja Baltiasta Balkaniin. Meilt\u00e4 l\u00f6yd\u00e4t laadukkaita vihannes-, kala- ja lihas\u00e4ilykkeit\u00e4, kastikkeita, jyvi\u00e4, mehuja, keksej\u00e4 ja pakasteita. Tule mukaan makumatkalle ja ihastu ruokakulttuurien herkulliseen kirjoon","publisher":{"@id":"https:\/\/euro-east.fi\/#organization"},"potentialAction":[{"@type":"SearchAction","target":{"@type":"EntryPoint","urlTemplate":"https:\/\/euro-east.fi\/?s={search_term_string}"},"query-input":{"@type":"PropertyValueSpecification","valueRequired":true,"valueName":"search_term_string"}}],"inLanguage":"sv-SE"},{"@type":"Organization","@id":"https:\/\/euro-east.fi\/#organization","name":"Euro-East","url":"https:\/\/euro-east.fi\/","logo":{"@type":"ImageObject","inLanguage":"sv-SE","@id":"https:\/\/euro-east.fi\/#\/schema\/logo\/image\/","url":"https:\/\/euro-east.fi\/wp-content\/uploads\/2023\/03\/Logo-1.png","contentUrl":"https:\/\/euro-east.fi\/wp-content\/uploads\/2023\/03\/Logo-1.png","width":250,"height":250,"caption":"Euro-East"},"image":{"@id":"https:\/\/euro-east.fi\/#\/schema\/logo\/image\/"},"sameAs":["https:\/\/www.facebook.com\/EuroEast.fi","https:\/\/x.com\/euroeastoy","https:\/\/www.instagram.com\/euro.east\/","https:\/\/www.pinterest.com\/euroeast\/","https:\/\/www.youtube.com\/channel\/UCfNlzn0G_n53fATPX6Uw0yw"]}]}},"_links":{"self":[{"href":"https:\/\/euro-east.fi\/sv\/wp-json\/wp\/v2\/product\/523798","targetHints":{"allow":["GET"]}}],"collection":[{"href":"https:\/\/euro-east.fi\/sv\/wp-json\/wp\/v2\/product"}],"about":[{"href":"https:\/\/euro-east.fi\/sv\/wp-json\/wp\/v2\/types\/product"}],"wp:featuredmedia":[{"embeddable":true,"href":"https:\/\/euro-east.fi\/sv\/wp-json\/wp\/v2\/media\/526354"}],"wp:attachment":[{"href":"https:\/\/euro-east.fi\/sv\/wp-json\/wp\/v2\/media?parent=523798"}],"wp:term":[{"taxonomy":"product_brand","embeddable":true,"href":"https:\/\/euro-east.fi\/sv\/wp-json\/wp\/v2\/product_brand?post=523798"},{"taxonomy":"product_cat","embeddable":true,"href":"https:\/\/euro-east.fi\/sv\/wp-json\/wp\/v2\/product_cat?post=523798"},{"taxonomy":"product_tag","embeddable":true,"href":"https:\/\/euro-east.fi\/sv\/wp-json\/wp\/v2\/product_tag?post=523798"}],"curies":[{"name":"wp","href":"https:\/\/api.w.org\/{rel}","templated":true}]}}