{"id":523866,"date":"2025-04-02T07:23:18","date_gmt":"2025-04-02T04:23:18","guid":{"rendered":"https:\/\/euro-east.fi\/tuote\/dovgan-kondenserad-mjolk-sotad-300g-231-ml\/"},"modified":"2026-02-02T00:09:05","modified_gmt":"2026-02-01T22:09:05","slug":"dovgan-kondenserad-mjolk-sotad-300g-231-ml","status":"publish","type":"product","link":"https:\/\/euro-east.fi\/sv\/tuote\/dovgan-kondenserad-mjolk-sotad-300g-231-ml\/","title":{"rendered":"Dovgan Kondenserad mj\u00f6lk, s\u00f6tad 300g \/  231 ml"},"content":{"rendered":"<p>Denna klassiska kondenserade mj\u00f6lk \u00e4r en m\u00e5ngsidig bakpartner och en perfekt s\u00f6tning som tillf\u00f6r s\u00f6tma och rikedom till varje recept. Dess mjuka konsistens och s\u00f6ta smak g\u00f6r den till ett utm\u00e4rkt val f\u00f6r bakverk, kaffe och annan matlagning.<\/p>\n<p>Kondenserad mj\u00f6lk, \u00e4ven k\u00e4nd som s\u00f6tad mj\u00f6lkkoncentrat, g\u00f6rs genom att koka ner mj\u00f6lk och tills\u00e4tta socker. Som ett resultat av kokningsprocessen f\u00e5r mj\u00f6lken en vacker kr\u00e4mig f\u00e4rg och smaken blir karamelliknande.<\/p>\n<p>M\u00e5nga l\u00e4ckra efterr\u00e4tter kan g\u00f6ras av kondenserad mj\u00f6lk, allt fr\u00e5n ostkakor och pajer till puddingar, karameller och glass. Den fungerar ocks\u00e5 som en s\u00f6tning f\u00f6r te eller kaffe tack vare sin kr\u00e4miga konsistens.<\/p>\n<p>Produkten \u00e4r praktiskt f\u00f6rpackad i en \u00e5terf\u00f6rslutbar p\u00e5se, vilket hj\u00e4lper till att minska svinn och h\u00e5ller smaken f\u00e4rsk till n\u00e4sta anv\u00e4ndning!<\/p>\n","protected":false},"excerpt":{"rendered":"<p>Denna klassiska kondenserade mj\u00f6lk \u00e4r en m\u00e5ngsidig bakpartner och en perfekt s\u00f6tning som tillf\u00f6r s\u00f6tma och rikedom till varje recept. Dess mjuka konsistens och s\u00f6ta smak g\u00f6r den till ett utm\u00e4rkt val f\u00f6r bakverk, kaffe och annan matlagning. Kondenserad mj\u00f6lk, \u00e4ven k\u00e4nd som s\u00f6tad mj\u00f6lkkoncentrat, g\u00f6rs genom att koka ner mj\u00f6lk och tills\u00e4tta socker. Som [&hellip;]<\/p>\n","protected":false},"featured_media":526342,"template":"","meta":{"_acf_changed":false,"content-type":"","_improvement_type_select":"improve_an_existing","_thumb_yes_seoaic":false,"_frame_yes_seoaic":false,"seoaic_generate_description":"","seoaic_improve_instructions_prompt":"","seoaic_rollback_content_improvement":"","seoaic_idea_thumbnail_generator":"","thumbnail_generated":false,"thumbnail_generate_prompt":"","seoaic_article_description":""},"product_brand":[],"product_cat":[3400],"product_tag":[],"class_list":{"0":"post-523866","1":"product","2":"type-product","3":"status-publish","4":"has-post-thumbnail","6":"product_cat-saser-och-annat","8":"first","9":"instock","10":"taxable","11":"shipping-taxable","12":"purchasable","13":"product-type-simple"},"acf":[],"yoast_head":"<!-- This site is optimized with the Yoast SEO plugin v27.1.1 - https:\/\/yoast.com\/product\/yoast-seo-wordpress\/ -->\n<title>Dovgan Kondenserad mj\u00f6lk, s\u00f6tad 300g \/ 231 ml - Euro-East<\/title>\n<meta name=\"robots\" content=\"index, follow, max-snippet:-1, max-image-preview:large, max-video-preview:-1\" \/>\n<link rel=\"canonical\" href=\"https:\/\/euro-east.fi\/tuote\/dovgan-kondenserad-mjolk-sotad-300g-231-ml\/\" \/>\n<meta property=\"og:locale\" content=\"sv_SE\" \/>\n<meta property=\"og:type\" content=\"article\" \/>\n<meta property=\"og:title\" content=\"Dovgan Kondenserad mj\u00f6lk, s\u00f6tad 300g \/ 231 ml - Euro-East\" \/>\n<meta property=\"og:description\" content=\"Denna klassiska kondenserade mj\u00f6lk \u00e4r en m\u00e5ngsidig bakpartner och en perfekt s\u00f6tning som tillf\u00f6r s\u00f6tma och rikedom till varje recept. Dess mjuka konsistens och s\u00f6ta smak g\u00f6r den till ett utm\u00e4rkt val f\u00f6r bakverk, kaffe och annan matlagning. Kondenserad mj\u00f6lk, \u00e4ven k\u00e4nd som s\u00f6tad mj\u00f6lkkoncentrat, g\u00f6rs genom att koka ner mj\u00f6lk och tills\u00e4tta socker. Som [&hellip;]\" \/>\n<meta property=\"og:url\" content=\"https:\/\/euro-east.fi\/tuote\/dovgan-kondenserad-mjolk-sotad-300g-231-ml\/\" \/>\n<meta property=\"og:site_name\" content=\"Euro-East\" \/>\n<meta property=\"article:publisher\" content=\"https:\/\/www.facebook.com\/EuroEast.fi\" \/>\n<meta property=\"article:modified_time\" content=\"2026-02-01T22:09:05+00:00\" \/>\n<meta property=\"og:image\" content=\"https:\/\/euro-east.fi\/wp-content\/uploads\/2023\/03\/Logo-1.png\" \/>\n\t<meta property=\"og:image:width\" content=\"250\" \/>\n\t<meta property=\"og:image:height\" content=\"250\" \/>\n\t<meta property=\"og:image:type\" content=\"image\/png\" \/>\n<meta name=\"twitter:card\" content=\"summary_large_image\" \/>\n<meta name=\"twitter:site\" content=\"@euroeastoy\" \/>\n<meta name=\"twitter:label1\" content=\"Ber\u00e4knad l\u00e4stid\" \/>\n\t<meta name=\"twitter:data1\" content=\"1 minute\" \/>\n<script type=\"application\/ld+json\" class=\"yoast-schema-graph\">{\"@context\":\"https:\/\/schema.org\",\"@graph\":[{\"@type\":\"WebPage\",\"@id\":\"https:\/\/euro-east.fi\/tuote\/dovgan-kondenserad-mjolk-sotad-300g-231-ml\/\",\"url\":\"https:\/\/euro-east.fi\/tuote\/dovgan-kondenserad-mjolk-sotad-300g-231-ml\/\",\"name\":\"Dovgan Kondenserad mj\u00f6lk, s\u00f6tad 300g \/ 231 ml - Euro-East\",\"isPartOf\":{\"@id\":\"https:\/\/euro-east.fi\/#website\"},\"primaryImageOfPage\":{\"@id\":\"https:\/\/euro-east.fi\/tuote\/dovgan-kondenserad-mjolk-sotad-300g-231-ml\/#primaryimage\"},\"image\":{\"@id\":\"https:\/\/euro-east.fi\/tuote\/dovgan-kondenserad-mjolk-sotad-300g-231-ml\/#primaryimage\"},\"thumbnailUrl\":\"https:\/\/euro-east.fi\/wp-content\/uploads\/2026\/01\/26220300_dovgan_kondensoitu_maito_makeutettu_300g_231_ml.jpg\",\"datePublished\":\"2025-04-02T04:23:18+00:00\",\"dateModified\":\"2026-02-01T22:09:05+00:00\",\"breadcrumb\":{\"@id\":\"https:\/\/euro-east.fi\/tuote\/dovgan-kondenserad-mjolk-sotad-300g-231-ml\/#breadcrumb\"},\"inLanguage\":\"sv-SE\",\"potentialAction\":[{\"@type\":\"ReadAction\",\"target\":[\"https:\/\/euro-east.fi\/tuote\/dovgan-kondenserad-mjolk-sotad-300g-231-ml\/\"]}]},{\"@type\":\"ImageObject\",\"inLanguage\":\"sv-SE\",\"@id\":\"https:\/\/euro-east.fi\/tuote\/dovgan-kondenserad-mjolk-sotad-300g-231-ml\/#primaryimage\",\"url\":\"https:\/\/euro-east.fi\/wp-content\/uploads\/2026\/01\/26220300_dovgan_kondensoitu_maito_makeutettu_300g_231_ml.jpg\",\"contentUrl\":\"https:\/\/euro-east.fi\/wp-content\/uploads\/2026\/01\/26220300_dovgan_kondensoitu_maito_makeutettu_300g_231_ml.jpg\",\"width\":500,\"height\":500,\"caption\":\"Kondensoitu_maito_300_g\"},{\"@type\":\"BreadcrumbList\",\"@id\":\"https:\/\/euro-east.fi\/tuote\/dovgan-kondenserad-mjolk-sotad-300g-231-ml\/#breadcrumb\",\"itemListElement\":[{\"@type\":\"ListItem\",\"position\":1,\"name\":\"Home\",\"item\":\"https:\/\/euro-east.fi\/sv\/\"},{\"@type\":\"ListItem\",\"position\":2,\"name\":\"Butik\",\"item\":\"https:\/\/euro-east.fi\/sv\/butik\/\"},{\"@type\":\"ListItem\",\"position\":3,\"name\":\"Dovgan Kondenserad mj\u00f6lk, s\u00f6tad 300g \/ 231 ml\"}]},{\"@type\":\"WebSite\",\"@id\":\"https:\/\/euro-east.fi\/#website\",\"url\":\"https:\/\/euro-east.fi\/\",\"name\":\"Euro-East\",\"description\":\"Euro-East vie sinut makumatkalle Baltiasta Balkanille.Euro-East on it\u00e4eurooppalaisten elintarvikkeiden maahantuoja. Tarjoamme parhaita herkkuja Baltiasta Balkaniin. Meilt\u00e4 l\u00f6yd\u00e4t laadukkaita vihannes-, kala- ja lihas\u00e4ilykkeit\u00e4, kastikkeita, jyvi\u00e4, mehuja, keksej\u00e4 ja pakasteita. Tule mukaan makumatkalle ja ihastu ruokakulttuurien herkulliseen kirjoon\",\"publisher\":{\"@id\":\"https:\/\/euro-east.fi\/#organization\"},\"potentialAction\":[{\"@type\":\"SearchAction\",\"target\":{\"@type\":\"EntryPoint\",\"urlTemplate\":\"https:\/\/euro-east.fi\/?s={search_term_string}\"},\"query-input\":{\"@type\":\"PropertyValueSpecification\",\"valueRequired\":true,\"valueName\":\"search_term_string\"}}],\"inLanguage\":\"sv-SE\"},{\"@type\":\"Organization\",\"@id\":\"https:\/\/euro-east.fi\/#organization\",\"name\":\"Euro-East\",\"url\":\"https:\/\/euro-east.fi\/\",\"logo\":{\"@type\":\"ImageObject\",\"inLanguage\":\"sv-SE\",\"@id\":\"https:\/\/euro-east.fi\/#\/schema\/logo\/image\/\",\"url\":\"https:\/\/euro-east.fi\/wp-content\/uploads\/2023\/03\/Logo-1.png\",\"contentUrl\":\"https:\/\/euro-east.fi\/wp-content\/uploads\/2023\/03\/Logo-1.png\",\"width\":250,\"height\":250,\"caption\":\"Euro-East\"},\"image\":{\"@id\":\"https:\/\/euro-east.fi\/#\/schema\/logo\/image\/\"},\"sameAs\":[\"https:\/\/www.facebook.com\/EuroEast.fi\",\"https:\/\/x.com\/euroeastoy\",\"https:\/\/www.instagram.com\/euro.east\/\",\"https:\/\/www.pinterest.com\/euroeast\/\",\"https:\/\/www.youtube.com\/channel\/UCfNlzn0G_n53fATPX6Uw0yw\"]}]}<\/script>\n<!-- \/ Yoast SEO plugin. -->","yoast_head_json":{"title":"Dovgan Kondenserad mj\u00f6lk, s\u00f6tad 300g \/ 231 ml - Euro-East","robots":{"index":"index","follow":"follow","max-snippet":"max-snippet:-1","max-image-preview":"max-image-preview:large","max-video-preview":"max-video-preview:-1"},"canonical":"https:\/\/euro-east.fi\/tuote\/dovgan-kondenserad-mjolk-sotad-300g-231-ml\/","og_locale":"sv_SE","og_type":"article","og_title":"Dovgan Kondenserad mj\u00f6lk, s\u00f6tad 300g \/ 231 ml - Euro-East","og_description":"Denna klassiska kondenserade mj\u00f6lk \u00e4r en m\u00e5ngsidig bakpartner och en perfekt s\u00f6tning som tillf\u00f6r s\u00f6tma och rikedom till varje recept. Dess mjuka konsistens och s\u00f6ta smak g\u00f6r den till ett utm\u00e4rkt val f\u00f6r bakverk, kaffe och annan matlagning. Kondenserad mj\u00f6lk, \u00e4ven k\u00e4nd som s\u00f6tad mj\u00f6lkkoncentrat, g\u00f6rs genom att koka ner mj\u00f6lk och tills\u00e4tta socker. Som [&hellip;]","og_url":"https:\/\/euro-east.fi\/tuote\/dovgan-kondenserad-mjolk-sotad-300g-231-ml\/","og_site_name":"Euro-East","article_publisher":"https:\/\/www.facebook.com\/EuroEast.fi","article_modified_time":"2026-02-01T22:09:05+00:00","og_image":[{"width":250,"height":250,"url":"https:\/\/euro-east.fi\/wp-content\/uploads\/2023\/03\/Logo-1.png","type":"image\/png"}],"twitter_card":"summary_large_image","twitter_site":"@euroeastoy","twitter_misc":{"Ber\u00e4knad l\u00e4stid":"1 minute"},"schema":{"@context":"https:\/\/schema.org","@graph":[{"@type":"WebPage","@id":"https:\/\/euro-east.fi\/tuote\/dovgan-kondenserad-mjolk-sotad-300g-231-ml\/","url":"https:\/\/euro-east.fi\/tuote\/dovgan-kondenserad-mjolk-sotad-300g-231-ml\/","name":"Dovgan Kondenserad mj\u00f6lk, s\u00f6tad 300g \/ 231 ml - Euro-East","isPartOf":{"@id":"https:\/\/euro-east.fi\/#website"},"primaryImageOfPage":{"@id":"https:\/\/euro-east.fi\/tuote\/dovgan-kondenserad-mjolk-sotad-300g-231-ml\/#primaryimage"},"image":{"@id":"https:\/\/euro-east.fi\/tuote\/dovgan-kondenserad-mjolk-sotad-300g-231-ml\/#primaryimage"},"thumbnailUrl":"https:\/\/euro-east.fi\/wp-content\/uploads\/2026\/01\/26220300_dovgan_kondensoitu_maito_makeutettu_300g_231_ml.jpg","datePublished":"2025-04-02T04:23:18+00:00","dateModified":"2026-02-01T22:09:05+00:00","breadcrumb":{"@id":"https:\/\/euro-east.fi\/tuote\/dovgan-kondenserad-mjolk-sotad-300g-231-ml\/#breadcrumb"},"inLanguage":"sv-SE","potentialAction":[{"@type":"ReadAction","target":["https:\/\/euro-east.fi\/tuote\/dovgan-kondenserad-mjolk-sotad-300g-231-ml\/"]}]},{"@type":"ImageObject","inLanguage":"sv-SE","@id":"https:\/\/euro-east.fi\/tuote\/dovgan-kondenserad-mjolk-sotad-300g-231-ml\/#primaryimage","url":"https:\/\/euro-east.fi\/wp-content\/uploads\/2026\/01\/26220300_dovgan_kondensoitu_maito_makeutettu_300g_231_ml.jpg","contentUrl":"https:\/\/euro-east.fi\/wp-content\/uploads\/2026\/01\/26220300_dovgan_kondensoitu_maito_makeutettu_300g_231_ml.jpg","width":500,"height":500,"caption":"Kondensoitu_maito_300_g"},{"@type":"BreadcrumbList","@id":"https:\/\/euro-east.fi\/tuote\/dovgan-kondenserad-mjolk-sotad-300g-231-ml\/#breadcrumb","itemListElement":[{"@type":"ListItem","position":1,"name":"Home","item":"https:\/\/euro-east.fi\/sv\/"},{"@type":"ListItem","position":2,"name":"Butik","item":"https:\/\/euro-east.fi\/sv\/butik\/"},{"@type":"ListItem","position":3,"name":"Dovgan Kondenserad mj\u00f6lk, s\u00f6tad 300g \/ 231 ml"}]},{"@type":"WebSite","@id":"https:\/\/euro-east.fi\/#website","url":"https:\/\/euro-east.fi\/","name":"Euro-East","description":"Euro-East vie sinut makumatkalle Baltiasta Balkanille.Euro-East on it\u00e4eurooppalaisten elintarvikkeiden maahantuoja. Tarjoamme parhaita herkkuja Baltiasta Balkaniin. Meilt\u00e4 l\u00f6yd\u00e4t laadukkaita vihannes-, kala- ja lihas\u00e4ilykkeit\u00e4, kastikkeita, jyvi\u00e4, mehuja, keksej\u00e4 ja pakasteita. Tule mukaan makumatkalle ja ihastu ruokakulttuurien herkulliseen kirjoon","publisher":{"@id":"https:\/\/euro-east.fi\/#organization"},"potentialAction":[{"@type":"SearchAction","target":{"@type":"EntryPoint","urlTemplate":"https:\/\/euro-east.fi\/?s={search_term_string}"},"query-input":{"@type":"PropertyValueSpecification","valueRequired":true,"valueName":"search_term_string"}}],"inLanguage":"sv-SE"},{"@type":"Organization","@id":"https:\/\/euro-east.fi\/#organization","name":"Euro-East","url":"https:\/\/euro-east.fi\/","logo":{"@type":"ImageObject","inLanguage":"sv-SE","@id":"https:\/\/euro-east.fi\/#\/schema\/logo\/image\/","url":"https:\/\/euro-east.fi\/wp-content\/uploads\/2023\/03\/Logo-1.png","contentUrl":"https:\/\/euro-east.fi\/wp-content\/uploads\/2023\/03\/Logo-1.png","width":250,"height":250,"caption":"Euro-East"},"image":{"@id":"https:\/\/euro-east.fi\/#\/schema\/logo\/image\/"},"sameAs":["https:\/\/www.facebook.com\/EuroEast.fi","https:\/\/x.com\/euroeastoy","https:\/\/www.instagram.com\/euro.east\/","https:\/\/www.pinterest.com\/euroeast\/","https:\/\/www.youtube.com\/channel\/UCfNlzn0G_n53fATPX6Uw0yw"]}]}},"_links":{"self":[{"href":"https:\/\/euro-east.fi\/sv\/wp-json\/wp\/v2\/product\/523866","targetHints":{"allow":["GET"]}}],"collection":[{"href":"https:\/\/euro-east.fi\/sv\/wp-json\/wp\/v2\/product"}],"about":[{"href":"https:\/\/euro-east.fi\/sv\/wp-json\/wp\/v2\/types\/product"}],"wp:featuredmedia":[{"embeddable":true,"href":"https:\/\/euro-east.fi\/sv\/wp-json\/wp\/v2\/media\/526342"}],"wp:attachment":[{"href":"https:\/\/euro-east.fi\/sv\/wp-json\/wp\/v2\/media?parent=523866"}],"wp:term":[{"taxonomy":"product_brand","embeddable":true,"href":"https:\/\/euro-east.fi\/sv\/wp-json\/wp\/v2\/product_brand?post=523866"},{"taxonomy":"product_cat","embeddable":true,"href":"https:\/\/euro-east.fi\/sv\/wp-json\/wp\/v2\/product_cat?post=523866"},{"taxonomy":"product_tag","embeddable":true,"href":"https:\/\/euro-east.fi\/sv\/wp-json\/wp\/v2\/product_tag?post=523866"}],"curies":[{"name":"wp","href":"https:\/\/api.w.org\/{rel}","templated":true}]}}