{"id":524510,"date":"2025-06-10T13:13:09","date_gmt":"2025-06-10T10:13:09","guid":{"rendered":"https:\/\/euro-east.fi\/tuote\/glads-discovery-risnudlar-med-pho-ga-sas-65-g\/"},"modified":"2026-02-02T00:08:38","modified_gmt":"2026-02-01T22:08:38","slug":"glads-discovery-risnudlar-med-pho-ga-sas-65-g","status":"publish","type":"product","link":"https:\/\/euro-east.fi\/sv\/tuote\/glads-discovery-risnudlar-med-pho-ga-sas-65-g\/","title":{"rendered":"Glads Discovery Risnudlar med Pho Ga-s\u00e5s 65 g"},"content":{"rendered":"<p>Glads Discovery-serien tar dig med p\u00e5 en smakresa till Asien, och i \u00e5r l\u00e4ggs en ny l\u00e4cker Pho Ga-nudelr\u00e4tt till i sortimentet, som kompletterar seriens tidigare, redan popul\u00e4ra produkter.<\/p>\n<p>I st\u00e4llet f\u00f6r att friteras \u00e5ngas nudlarna, vilket g\u00f6r att de sm\u00e4lter perfekt samman med Pho Ga-s\u00e5sen, som har mjuka toner av ingef\u00e4ra, kanel och anis.<\/p>\n<p>M\u00e5ltiden \u00e4r tillagad med \u00e4kta gr\u00f6nsaker och \u00f6rter, och nudlarna \u00e4r glutenfria, vilket g\u00f6r denna nya produkt till ett b\u00e5de gott och n\u00e4ringsrikt alternativ f\u00f6r alla. Pho Ga \u00e4r ett perfekt tillskott till ditt sortiment och erbjuder en autentisk smakupplevelse direkt till dina kunder.<\/p>\n","protected":false},"excerpt":{"rendered":"<p>Glads Discovery-serien tar dig med p\u00e5 en smakresa till Asien, och i \u00e5r l\u00e4ggs en ny l\u00e4cker Pho Ga-nudelr\u00e4tt till i sortimentet, som kompletterar seriens tidigare, redan popul\u00e4ra produkter. I st\u00e4llet f\u00f6r att friteras \u00e5ngas nudlarna, vilket g\u00f6r att de sm\u00e4lter perfekt samman med Pho Ga-s\u00e5sen, som har mjuka toner av ingef\u00e4ra, kanel och anis. [&hellip;]<\/p>\n","protected":false},"featured_media":526378,"template":"","meta":{"_acf_changed":false,"content-type":"","_improvement_type_select":"improve_an_existing","_thumb_yes_seoaic":false,"_frame_yes_seoaic":false,"seoaic_generate_description":"","seoaic_improve_instructions_prompt":"","seoaic_rollback_content_improvement":"","seoaic_idea_thumbnail_generator":"","thumbnail_generated":false,"thumbnail_generate_prompt":"","seoaic_article_description":""},"product_brand":[],"product_cat":[3379],"product_tag":[],"class_list":{"0":"post-524510","1":"product","2":"type-product","3":"status-publish","4":"has-post-thumbnail","6":"product_cat-nudlar-och-pasta","8":"first","9":"instock","10":"taxable","11":"shipping-taxable","12":"purchasable","13":"product-type-simple"},"acf":[],"yoast_head":"<!-- This site is optimized with the Yoast SEO plugin v27.1.1 - https:\/\/yoast.com\/product\/yoast-seo-wordpress\/ -->\n<title>Glads Discovery Risnudlar med Pho Ga-s\u00e5s 65 g - Euro-East<\/title>\n<meta name=\"robots\" content=\"index, follow, max-snippet:-1, max-image-preview:large, max-video-preview:-1\" \/>\n<link rel=\"canonical\" href=\"https:\/\/euro-east.fi\/tuote\/glads-discovery-risnudlar-med-pho-ga-sas-65-g\/\" \/>\n<meta property=\"og:locale\" content=\"sv_SE\" \/>\n<meta property=\"og:type\" content=\"article\" \/>\n<meta property=\"og:title\" content=\"Glads Discovery Risnudlar med Pho Ga-s\u00e5s 65 g - Euro-East\" \/>\n<meta property=\"og:description\" content=\"Glads Discovery-serien tar dig med p\u00e5 en smakresa till Asien, och i \u00e5r l\u00e4ggs en ny l\u00e4cker Pho Ga-nudelr\u00e4tt till i sortimentet, som kompletterar seriens tidigare, redan popul\u00e4ra produkter. I st\u00e4llet f\u00f6r att friteras \u00e5ngas nudlarna, vilket g\u00f6r att de sm\u00e4lter perfekt samman med Pho Ga-s\u00e5sen, som har mjuka toner av ingef\u00e4ra, kanel och anis. [&hellip;]\" \/>\n<meta property=\"og:url\" content=\"https:\/\/euro-east.fi\/tuote\/glads-discovery-risnudlar-med-pho-ga-sas-65-g\/\" \/>\n<meta property=\"og:site_name\" content=\"Euro-East\" \/>\n<meta property=\"article:publisher\" content=\"https:\/\/www.facebook.com\/EuroEast.fi\" \/>\n<meta property=\"article:modified_time\" content=\"2026-02-01T22:08:38+00:00\" \/>\n<meta property=\"og:image\" content=\"https:\/\/euro-east.fi\/wp-content\/uploads\/2023\/03\/Logo-1.png\" \/>\n\t<meta property=\"og:image:width\" content=\"250\" \/>\n\t<meta property=\"og:image:height\" content=\"250\" \/>\n\t<meta property=\"og:image:type\" content=\"image\/png\" \/>\n<meta name=\"twitter:card\" content=\"summary_large_image\" \/>\n<meta name=\"twitter:site\" content=\"@euroeastoy\" \/>\n<meta name=\"twitter:label1\" content=\"Ber\u00e4knad l\u00e4stid\" \/>\n\t<meta name=\"twitter:data1\" content=\"1 minute\" \/>\n<script type=\"application\/ld+json\" class=\"yoast-schema-graph\">{\"@context\":\"https:\/\/schema.org\",\"@graph\":[{\"@type\":\"WebPage\",\"@id\":\"https:\/\/euro-east.fi\/tuote\/glads-discovery-risnudlar-med-pho-ga-sas-65-g\/\",\"url\":\"https:\/\/euro-east.fi\/tuote\/glads-discovery-risnudlar-med-pho-ga-sas-65-g\/\",\"name\":\"Glads Discovery Risnudlar med Pho Ga-s\u00e5s 65 g - Euro-East\",\"isPartOf\":{\"@id\":\"https:\/\/euro-east.fi\/#website\"},\"primaryImageOfPage\":{\"@id\":\"https:\/\/euro-east.fi\/tuote\/glads-discovery-risnudlar-med-pho-ga-sas-65-g\/#primaryimage\"},\"image\":{\"@id\":\"https:\/\/euro-east.fi\/tuote\/glads-discovery-risnudlar-med-pho-ga-sas-65-g\/#primaryimage\"},\"thumbnailUrl\":\"https:\/\/euro-east.fi\/wp-content\/uploads\/2026\/01\/482292_glads_discovery_riisinuudeli_pho_ga_kastikkeella_65_g.jpg\",\"datePublished\":\"2025-06-10T10:13:09+00:00\",\"dateModified\":\"2026-02-01T22:08:38+00:00\",\"breadcrumb\":{\"@id\":\"https:\/\/euro-east.fi\/tuote\/glads-discovery-risnudlar-med-pho-ga-sas-65-g\/#breadcrumb\"},\"inLanguage\":\"sv-SE\",\"potentialAction\":[{\"@type\":\"ReadAction\",\"target\":[\"https:\/\/euro-east.fi\/tuote\/glads-discovery-risnudlar-med-pho-ga-sas-65-g\/\"]}]},{\"@type\":\"ImageObject\",\"inLanguage\":\"sv-SE\",\"@id\":\"https:\/\/euro-east.fi\/tuote\/glads-discovery-risnudlar-med-pho-ga-sas-65-g\/#primaryimage\",\"url\":\"https:\/\/euro-east.fi\/wp-content\/uploads\/2026\/01\/482292_glads_discovery_riisinuudeli_pho_ga_kastikkeella_65_g.jpg\",\"contentUrl\":\"https:\/\/euro-east.fi\/wp-content\/uploads\/2026\/01\/482292_glads_discovery_riisinuudeli_pho_ga_kastikkeella_65_g.jpg\",\"width\":500,\"height\":500,\"caption\":\"Glads_Discovery_Riisinuudeli_Pho_Ga_kastikkeella_65_g\"},{\"@type\":\"BreadcrumbList\",\"@id\":\"https:\/\/euro-east.fi\/tuote\/glads-discovery-risnudlar-med-pho-ga-sas-65-g\/#breadcrumb\",\"itemListElement\":[{\"@type\":\"ListItem\",\"position\":1,\"name\":\"Home\",\"item\":\"https:\/\/euro-east.fi\/sv\/\"},{\"@type\":\"ListItem\",\"position\":2,\"name\":\"Butik\",\"item\":\"https:\/\/euro-east.fi\/sv\/butik\/\"},{\"@type\":\"ListItem\",\"position\":3,\"name\":\"Glads Discovery Risnudlar med Pho Ga-s\u00e5s 65 g\"}]},{\"@type\":\"WebSite\",\"@id\":\"https:\/\/euro-east.fi\/#website\",\"url\":\"https:\/\/euro-east.fi\/\",\"name\":\"Euro-East\",\"description\":\"Euro-East vie sinut makumatkalle Baltiasta Balkanille.Euro-East on it\u00e4eurooppalaisten elintarvikkeiden maahantuoja. Tarjoamme parhaita herkkuja Baltiasta Balkaniin. Meilt\u00e4 l\u00f6yd\u00e4t laadukkaita vihannes-, kala- ja lihas\u00e4ilykkeit\u00e4, kastikkeita, jyvi\u00e4, mehuja, keksej\u00e4 ja pakasteita. Tule mukaan makumatkalle ja ihastu ruokakulttuurien herkulliseen kirjoon\",\"publisher\":{\"@id\":\"https:\/\/euro-east.fi\/#organization\"},\"potentialAction\":[{\"@type\":\"SearchAction\",\"target\":{\"@type\":\"EntryPoint\",\"urlTemplate\":\"https:\/\/euro-east.fi\/?s={search_term_string}\"},\"query-input\":{\"@type\":\"PropertyValueSpecification\",\"valueRequired\":true,\"valueName\":\"search_term_string\"}}],\"inLanguage\":\"sv-SE\"},{\"@type\":\"Organization\",\"@id\":\"https:\/\/euro-east.fi\/#organization\",\"name\":\"Euro-East\",\"url\":\"https:\/\/euro-east.fi\/\",\"logo\":{\"@type\":\"ImageObject\",\"inLanguage\":\"sv-SE\",\"@id\":\"https:\/\/euro-east.fi\/#\/schema\/logo\/image\/\",\"url\":\"https:\/\/euro-east.fi\/wp-content\/uploads\/2023\/03\/Logo-1.png\",\"contentUrl\":\"https:\/\/euro-east.fi\/wp-content\/uploads\/2023\/03\/Logo-1.png\",\"width\":250,\"height\":250,\"caption\":\"Euro-East\"},\"image\":{\"@id\":\"https:\/\/euro-east.fi\/#\/schema\/logo\/image\/\"},\"sameAs\":[\"https:\/\/www.facebook.com\/EuroEast.fi\",\"https:\/\/x.com\/euroeastoy\",\"https:\/\/www.instagram.com\/euro.east\/\",\"https:\/\/www.pinterest.com\/euroeast\/\",\"https:\/\/www.youtube.com\/channel\/UCfNlzn0G_n53fATPX6Uw0yw\"]}]}<\/script>\n<!-- \/ Yoast SEO plugin. -->","yoast_head_json":{"title":"Glads Discovery Risnudlar med Pho Ga-s\u00e5s 65 g - Euro-East","robots":{"index":"index","follow":"follow","max-snippet":"max-snippet:-1","max-image-preview":"max-image-preview:large","max-video-preview":"max-video-preview:-1"},"canonical":"https:\/\/euro-east.fi\/tuote\/glads-discovery-risnudlar-med-pho-ga-sas-65-g\/","og_locale":"sv_SE","og_type":"article","og_title":"Glads Discovery Risnudlar med Pho Ga-s\u00e5s 65 g - Euro-East","og_description":"Glads Discovery-serien tar dig med p\u00e5 en smakresa till Asien, och i \u00e5r l\u00e4ggs en ny l\u00e4cker Pho Ga-nudelr\u00e4tt till i sortimentet, som kompletterar seriens tidigare, redan popul\u00e4ra produkter. I st\u00e4llet f\u00f6r att friteras \u00e5ngas nudlarna, vilket g\u00f6r att de sm\u00e4lter perfekt samman med Pho Ga-s\u00e5sen, som har mjuka toner av ingef\u00e4ra, kanel och anis. [&hellip;]","og_url":"https:\/\/euro-east.fi\/tuote\/glads-discovery-risnudlar-med-pho-ga-sas-65-g\/","og_site_name":"Euro-East","article_publisher":"https:\/\/www.facebook.com\/EuroEast.fi","article_modified_time":"2026-02-01T22:08:38+00:00","og_image":[{"width":250,"height":250,"url":"https:\/\/euro-east.fi\/wp-content\/uploads\/2023\/03\/Logo-1.png","type":"image\/png"}],"twitter_card":"summary_large_image","twitter_site":"@euroeastoy","twitter_misc":{"Ber\u00e4knad l\u00e4stid":"1 minute"},"schema":{"@context":"https:\/\/schema.org","@graph":[{"@type":"WebPage","@id":"https:\/\/euro-east.fi\/tuote\/glads-discovery-risnudlar-med-pho-ga-sas-65-g\/","url":"https:\/\/euro-east.fi\/tuote\/glads-discovery-risnudlar-med-pho-ga-sas-65-g\/","name":"Glads Discovery Risnudlar med Pho Ga-s\u00e5s 65 g - Euro-East","isPartOf":{"@id":"https:\/\/euro-east.fi\/#website"},"primaryImageOfPage":{"@id":"https:\/\/euro-east.fi\/tuote\/glads-discovery-risnudlar-med-pho-ga-sas-65-g\/#primaryimage"},"image":{"@id":"https:\/\/euro-east.fi\/tuote\/glads-discovery-risnudlar-med-pho-ga-sas-65-g\/#primaryimage"},"thumbnailUrl":"https:\/\/euro-east.fi\/wp-content\/uploads\/2026\/01\/482292_glads_discovery_riisinuudeli_pho_ga_kastikkeella_65_g.jpg","datePublished":"2025-06-10T10:13:09+00:00","dateModified":"2026-02-01T22:08:38+00:00","breadcrumb":{"@id":"https:\/\/euro-east.fi\/tuote\/glads-discovery-risnudlar-med-pho-ga-sas-65-g\/#breadcrumb"},"inLanguage":"sv-SE","potentialAction":[{"@type":"ReadAction","target":["https:\/\/euro-east.fi\/tuote\/glads-discovery-risnudlar-med-pho-ga-sas-65-g\/"]}]},{"@type":"ImageObject","inLanguage":"sv-SE","@id":"https:\/\/euro-east.fi\/tuote\/glads-discovery-risnudlar-med-pho-ga-sas-65-g\/#primaryimage","url":"https:\/\/euro-east.fi\/wp-content\/uploads\/2026\/01\/482292_glads_discovery_riisinuudeli_pho_ga_kastikkeella_65_g.jpg","contentUrl":"https:\/\/euro-east.fi\/wp-content\/uploads\/2026\/01\/482292_glads_discovery_riisinuudeli_pho_ga_kastikkeella_65_g.jpg","width":500,"height":500,"caption":"Glads_Discovery_Riisinuudeli_Pho_Ga_kastikkeella_65_g"},{"@type":"BreadcrumbList","@id":"https:\/\/euro-east.fi\/tuote\/glads-discovery-risnudlar-med-pho-ga-sas-65-g\/#breadcrumb","itemListElement":[{"@type":"ListItem","position":1,"name":"Home","item":"https:\/\/euro-east.fi\/sv\/"},{"@type":"ListItem","position":2,"name":"Butik","item":"https:\/\/euro-east.fi\/sv\/butik\/"},{"@type":"ListItem","position":3,"name":"Glads Discovery Risnudlar med Pho Ga-s\u00e5s 65 g"}]},{"@type":"WebSite","@id":"https:\/\/euro-east.fi\/#website","url":"https:\/\/euro-east.fi\/","name":"Euro-East","description":"Euro-East vie sinut makumatkalle Baltiasta Balkanille.Euro-East on it\u00e4eurooppalaisten elintarvikkeiden maahantuoja. Tarjoamme parhaita herkkuja Baltiasta Balkaniin. Meilt\u00e4 l\u00f6yd\u00e4t laadukkaita vihannes-, kala- ja lihas\u00e4ilykkeit\u00e4, kastikkeita, jyvi\u00e4, mehuja, keksej\u00e4 ja pakasteita. Tule mukaan makumatkalle ja ihastu ruokakulttuurien herkulliseen kirjoon","publisher":{"@id":"https:\/\/euro-east.fi\/#organization"},"potentialAction":[{"@type":"SearchAction","target":{"@type":"EntryPoint","urlTemplate":"https:\/\/euro-east.fi\/?s={search_term_string}"},"query-input":{"@type":"PropertyValueSpecification","valueRequired":true,"valueName":"search_term_string"}}],"inLanguage":"sv-SE"},{"@type":"Organization","@id":"https:\/\/euro-east.fi\/#organization","name":"Euro-East","url":"https:\/\/euro-east.fi\/","logo":{"@type":"ImageObject","inLanguage":"sv-SE","@id":"https:\/\/euro-east.fi\/#\/schema\/logo\/image\/","url":"https:\/\/euro-east.fi\/wp-content\/uploads\/2023\/03\/Logo-1.png","contentUrl":"https:\/\/euro-east.fi\/wp-content\/uploads\/2023\/03\/Logo-1.png","width":250,"height":250,"caption":"Euro-East"},"image":{"@id":"https:\/\/euro-east.fi\/#\/schema\/logo\/image\/"},"sameAs":["https:\/\/www.facebook.com\/EuroEast.fi","https:\/\/x.com\/euroeastoy","https:\/\/www.instagram.com\/euro.east\/","https:\/\/www.pinterest.com\/euroeast\/","https:\/\/www.youtube.com\/channel\/UCfNlzn0G_n53fATPX6Uw0yw"]}]}},"_links":{"self":[{"href":"https:\/\/euro-east.fi\/sv\/wp-json\/wp\/v2\/product\/524510","targetHints":{"allow":["GET"]}}],"collection":[{"href":"https:\/\/euro-east.fi\/sv\/wp-json\/wp\/v2\/product"}],"about":[{"href":"https:\/\/euro-east.fi\/sv\/wp-json\/wp\/v2\/types\/product"}],"wp:featuredmedia":[{"embeddable":true,"href":"https:\/\/euro-east.fi\/sv\/wp-json\/wp\/v2\/media\/526378"}],"wp:attachment":[{"href":"https:\/\/euro-east.fi\/sv\/wp-json\/wp\/v2\/media?parent=524510"}],"wp:term":[{"taxonomy":"product_brand","embeddable":true,"href":"https:\/\/euro-east.fi\/sv\/wp-json\/wp\/v2\/product_brand?post=524510"},{"taxonomy":"product_cat","embeddable":true,"href":"https:\/\/euro-east.fi\/sv\/wp-json\/wp\/v2\/product_cat?post=524510"},{"taxonomy":"product_tag","embeddable":true,"href":"https:\/\/euro-east.fi\/sv\/wp-json\/wp\/v2\/product_tag?post=524510"}],"curies":[{"name":"wp","href":"https:\/\/api.w.org\/{rel}","templated":true}]}}