{"id":524518,"date":"2025-06-10T17:19:23","date_gmt":"2025-06-10T14:19:23","guid":{"rendered":"https:\/\/euro-east.fi\/tuote\/dovgan-family-allkrydda-med-gronsaker-500g\/"},"modified":"2026-01-27T13:32:17","modified_gmt":"2026-01-27T11:32:17","slug":"dovgan-family-allkrydda-med-gronsaker-500g","status":"publish","type":"product","link":"https:\/\/euro-east.fi\/sv\/tuote\/dovgan-family-allkrydda-med-gronsaker-500g\/","title":{"rendered":"Dovgan Family Allkrydda med gr\u00f6nsaker 500g"},"content":{"rendered":"<p>Dovgan Family universal kryddblandning ger djup och traditionell smak till matlagningen. Blandningen inneh\u00e5ller noggrant utvalda torkade gr\u00f6nsaker s\u00e5som morot, palsternacka, potatis och l\u00f6k, samt aromatiska kryddor och \u00f6rter. Denna m\u00e5ngsidiga kryddmix passar utm\u00e4rkt till soppor, s\u00e5ser, grytor och ugnsr\u00e4tter.<\/p>\n<p>En balanserad kombination av salt, gr\u00f6nsaker och kryddor g\u00f6r den till en oumb\u00e4rlig del av vardagsk\u00f6ket \u2013 en nypa r\u00e4cker f\u00f6r att v\u00e4cka smakerna till liv.<\/p>\n","protected":false},"excerpt":{"rendered":"<p>Dovgan Family universal kryddblandning ger djup och traditionell smak till matlagningen. Blandningen inneh\u00e5ller noggrant utvalda torkade gr\u00f6nsaker s\u00e5som morot, palsternacka, potatis och l\u00f6k, samt aromatiska kryddor och \u00f6rter. Denna m\u00e5ngsidiga kryddmix passar utm\u00e4rkt till soppor, s\u00e5ser, grytor och ugnsr\u00e4tter. En balanserad kombination av salt, gr\u00f6nsaker och kryddor g\u00f6r den till en oumb\u00e4rlig del av vardagsk\u00f6ket [&hellip;]<\/p>\n","protected":false},"featured_media":526394,"template":"","meta":{"_acf_changed":false,"content-type":"","_improvement_type_select":"improve_an_existing","_thumb_yes_seoaic":false,"_frame_yes_seoaic":false,"seoaic_generate_description":"","seoaic_improve_instructions_prompt":"","seoaic_rollback_content_improvement":"","seoaic_idea_thumbnail_generator":"","thumbnail_generated":false,"thumbnail_generate_prompt":"","seoaic_article_description":""},"product_brand":[],"product_cat":[3400],"product_tag":[],"class_list":{"0":"post-524518","1":"product","2":"type-product","3":"status-publish","4":"has-post-thumbnail","6":"product_cat-saser-och-annat","8":"first","9":"instock","10":"taxable","11":"shipping-taxable","12":"purchasable","13":"product-type-simple"},"acf":[],"yoast_head":"<!-- This site is optimized with the Yoast SEO plugin v27.1.1 - https:\/\/yoast.com\/product\/yoast-seo-wordpress\/ -->\n<title>Dovgan Family Allkrydda med gr\u00f6nsaker 500g - Euro-East<\/title>\n<meta name=\"robots\" content=\"index, follow, max-snippet:-1, max-image-preview:large, max-video-preview:-1\" \/>\n<link rel=\"canonical\" href=\"https:\/\/euro-east.fi\/tuote\/dovgan-family-allkrydda-med-gronsaker-500g\/\" \/>\n<meta property=\"og:locale\" content=\"sv_SE\" \/>\n<meta property=\"og:type\" content=\"article\" \/>\n<meta property=\"og:title\" content=\"Dovgan Family Allkrydda med gr\u00f6nsaker 500g - Euro-East\" \/>\n<meta property=\"og:description\" content=\"Dovgan Family universal kryddblandning ger djup och traditionell smak till matlagningen. Blandningen inneh\u00e5ller noggrant utvalda torkade gr\u00f6nsaker s\u00e5som morot, palsternacka, potatis och l\u00f6k, samt aromatiska kryddor och \u00f6rter. Denna m\u00e5ngsidiga kryddmix passar utm\u00e4rkt till soppor, s\u00e5ser, grytor och ugnsr\u00e4tter. En balanserad kombination av salt, gr\u00f6nsaker och kryddor g\u00f6r den till en oumb\u00e4rlig del av vardagsk\u00f6ket [&hellip;]\" \/>\n<meta property=\"og:url\" content=\"https:\/\/euro-east.fi\/tuote\/dovgan-family-allkrydda-med-gronsaker-500g\/\" \/>\n<meta property=\"og:site_name\" content=\"Euro-East\" \/>\n<meta property=\"article:publisher\" content=\"https:\/\/www.facebook.com\/EuroEast.fi\" \/>\n<meta property=\"article:modified_time\" content=\"2026-01-27T11:32:17+00:00\" \/>\n<meta property=\"og:image\" content=\"https:\/\/euro-east.fi\/wp-content\/uploads\/2023\/03\/Logo-1.png\" \/>\n\t<meta property=\"og:image:width\" content=\"250\" \/>\n\t<meta property=\"og:image:height\" content=\"250\" \/>\n\t<meta property=\"og:image:type\" content=\"image\/png\" \/>\n<meta name=\"twitter:card\" content=\"summary_large_image\" \/>\n<meta name=\"twitter:site\" content=\"@euroeastoy\" \/>\n<script type=\"application\/ld+json\" class=\"yoast-schema-graph\">{\"@context\":\"https:\/\/schema.org\",\"@graph\":[{\"@type\":\"WebPage\",\"@id\":\"https:\/\/euro-east.fi\/tuote\/dovgan-family-allkrydda-med-gronsaker-500g\/\",\"url\":\"https:\/\/euro-east.fi\/tuote\/dovgan-family-allkrydda-med-gronsaker-500g\/\",\"name\":\"Dovgan Family Allkrydda med gr\u00f6nsaker 500g - Euro-East\",\"isPartOf\":{\"@id\":\"https:\/\/euro-east.fi\/#website\"},\"primaryImageOfPage\":{\"@id\":\"https:\/\/euro-east.fi\/tuote\/dovgan-family-allkrydda-med-gronsaker-500g\/#primaryimage\"},\"image\":{\"@id\":\"https:\/\/euro-east.fi\/tuote\/dovgan-family-allkrydda-med-gronsaker-500g\/#primaryimage\"},\"thumbnailUrl\":\"https:\/\/euro-east.fi\/wp-content\/uploads\/2026\/01\/53330500_dovgan_family_yleismausteseos_vihanneksilla_500g.jpg\",\"datePublished\":\"2025-06-10T14:19:23+00:00\",\"dateModified\":\"2026-01-27T11:32:17+00:00\",\"breadcrumb\":{\"@id\":\"https:\/\/euro-east.fi\/tuote\/dovgan-family-allkrydda-med-gronsaker-500g\/#breadcrumb\"},\"inLanguage\":\"sv-SE\",\"potentialAction\":[{\"@type\":\"ReadAction\",\"target\":[\"https:\/\/euro-east.fi\/tuote\/dovgan-family-allkrydda-med-gronsaker-500g\/\"]}]},{\"@type\":\"ImageObject\",\"inLanguage\":\"sv-SE\",\"@id\":\"https:\/\/euro-east.fi\/tuote\/dovgan-family-allkrydda-med-gronsaker-500g\/#primaryimage\",\"url\":\"https:\/\/euro-east.fi\/wp-content\/uploads\/2026\/01\/53330500_dovgan_family_yleismausteseos_vihanneksilla_500g.jpg\",\"contentUrl\":\"https:\/\/euro-east.fi\/wp-content\/uploads\/2026\/01\/53330500_dovgan_family_yleismausteseos_vihanneksilla_500g.jpg\",\"width\":500,\"height\":500,\"caption\":\"Dovgan_Family_Yleismausteseos_vihanneksilla_500g_\"},{\"@type\":\"BreadcrumbList\",\"@id\":\"https:\/\/euro-east.fi\/tuote\/dovgan-family-allkrydda-med-gronsaker-500g\/#breadcrumb\",\"itemListElement\":[{\"@type\":\"ListItem\",\"position\":1,\"name\":\"Home\",\"item\":\"https:\/\/euro-east.fi\/sv\/\"},{\"@type\":\"ListItem\",\"position\":2,\"name\":\"Butik\",\"item\":\"https:\/\/euro-east.fi\/sv\/butik\/\"},{\"@type\":\"ListItem\",\"position\":3,\"name\":\"Dovgan Family Allkrydda med gr\u00f6nsaker 500g\"}]},{\"@type\":\"WebSite\",\"@id\":\"https:\/\/euro-east.fi\/#website\",\"url\":\"https:\/\/euro-east.fi\/\",\"name\":\"Euro-East\",\"description\":\"Euro-East vie sinut makumatkalle Baltiasta Balkanille.Euro-East on it\u00e4eurooppalaisten elintarvikkeiden maahantuoja. Tarjoamme parhaita herkkuja Baltiasta Balkaniin. Meilt\u00e4 l\u00f6yd\u00e4t laadukkaita vihannes-, kala- ja lihas\u00e4ilykkeit\u00e4, kastikkeita, jyvi\u00e4, mehuja, keksej\u00e4 ja pakasteita. Tule mukaan makumatkalle ja ihastu ruokakulttuurien herkulliseen kirjoon\",\"publisher\":{\"@id\":\"https:\/\/euro-east.fi\/#organization\"},\"potentialAction\":[{\"@type\":\"SearchAction\",\"target\":{\"@type\":\"EntryPoint\",\"urlTemplate\":\"https:\/\/euro-east.fi\/?s={search_term_string}\"},\"query-input\":{\"@type\":\"PropertyValueSpecification\",\"valueRequired\":true,\"valueName\":\"search_term_string\"}}],\"inLanguage\":\"sv-SE\"},{\"@type\":\"Organization\",\"@id\":\"https:\/\/euro-east.fi\/#organization\",\"name\":\"Euro-East\",\"url\":\"https:\/\/euro-east.fi\/\",\"logo\":{\"@type\":\"ImageObject\",\"inLanguage\":\"sv-SE\",\"@id\":\"https:\/\/euro-east.fi\/#\/schema\/logo\/image\/\",\"url\":\"https:\/\/euro-east.fi\/wp-content\/uploads\/2023\/03\/Logo-1.png\",\"contentUrl\":\"https:\/\/euro-east.fi\/wp-content\/uploads\/2023\/03\/Logo-1.png\",\"width\":250,\"height\":250,\"caption\":\"Euro-East\"},\"image\":{\"@id\":\"https:\/\/euro-east.fi\/#\/schema\/logo\/image\/\"},\"sameAs\":[\"https:\/\/www.facebook.com\/EuroEast.fi\",\"https:\/\/x.com\/euroeastoy\",\"https:\/\/www.instagram.com\/euro.east\/\",\"https:\/\/www.pinterest.com\/euroeast\/\",\"https:\/\/www.youtube.com\/channel\/UCfNlzn0G_n53fATPX6Uw0yw\"]}]}<\/script>\n<!-- \/ Yoast SEO plugin. -->","yoast_head_json":{"title":"Dovgan Family Allkrydda med gr\u00f6nsaker 500g - Euro-East","robots":{"index":"index","follow":"follow","max-snippet":"max-snippet:-1","max-image-preview":"max-image-preview:large","max-video-preview":"max-video-preview:-1"},"canonical":"https:\/\/euro-east.fi\/tuote\/dovgan-family-allkrydda-med-gronsaker-500g\/","og_locale":"sv_SE","og_type":"article","og_title":"Dovgan Family Allkrydda med gr\u00f6nsaker 500g - Euro-East","og_description":"Dovgan Family universal kryddblandning ger djup och traditionell smak till matlagningen. Blandningen inneh\u00e5ller noggrant utvalda torkade gr\u00f6nsaker s\u00e5som morot, palsternacka, potatis och l\u00f6k, samt aromatiska kryddor och \u00f6rter. Denna m\u00e5ngsidiga kryddmix passar utm\u00e4rkt till soppor, s\u00e5ser, grytor och ugnsr\u00e4tter. En balanserad kombination av salt, gr\u00f6nsaker och kryddor g\u00f6r den till en oumb\u00e4rlig del av vardagsk\u00f6ket [&hellip;]","og_url":"https:\/\/euro-east.fi\/tuote\/dovgan-family-allkrydda-med-gronsaker-500g\/","og_site_name":"Euro-East","article_publisher":"https:\/\/www.facebook.com\/EuroEast.fi","article_modified_time":"2026-01-27T11:32:17+00:00","og_image":[{"width":250,"height":250,"url":"https:\/\/euro-east.fi\/wp-content\/uploads\/2023\/03\/Logo-1.png","type":"image\/png"}],"twitter_card":"summary_large_image","twitter_site":"@euroeastoy","schema":{"@context":"https:\/\/schema.org","@graph":[{"@type":"WebPage","@id":"https:\/\/euro-east.fi\/tuote\/dovgan-family-allkrydda-med-gronsaker-500g\/","url":"https:\/\/euro-east.fi\/tuote\/dovgan-family-allkrydda-med-gronsaker-500g\/","name":"Dovgan Family Allkrydda med gr\u00f6nsaker 500g - Euro-East","isPartOf":{"@id":"https:\/\/euro-east.fi\/#website"},"primaryImageOfPage":{"@id":"https:\/\/euro-east.fi\/tuote\/dovgan-family-allkrydda-med-gronsaker-500g\/#primaryimage"},"image":{"@id":"https:\/\/euro-east.fi\/tuote\/dovgan-family-allkrydda-med-gronsaker-500g\/#primaryimage"},"thumbnailUrl":"https:\/\/euro-east.fi\/wp-content\/uploads\/2026\/01\/53330500_dovgan_family_yleismausteseos_vihanneksilla_500g.jpg","datePublished":"2025-06-10T14:19:23+00:00","dateModified":"2026-01-27T11:32:17+00:00","breadcrumb":{"@id":"https:\/\/euro-east.fi\/tuote\/dovgan-family-allkrydda-med-gronsaker-500g\/#breadcrumb"},"inLanguage":"sv-SE","potentialAction":[{"@type":"ReadAction","target":["https:\/\/euro-east.fi\/tuote\/dovgan-family-allkrydda-med-gronsaker-500g\/"]}]},{"@type":"ImageObject","inLanguage":"sv-SE","@id":"https:\/\/euro-east.fi\/tuote\/dovgan-family-allkrydda-med-gronsaker-500g\/#primaryimage","url":"https:\/\/euro-east.fi\/wp-content\/uploads\/2026\/01\/53330500_dovgan_family_yleismausteseos_vihanneksilla_500g.jpg","contentUrl":"https:\/\/euro-east.fi\/wp-content\/uploads\/2026\/01\/53330500_dovgan_family_yleismausteseos_vihanneksilla_500g.jpg","width":500,"height":500,"caption":"Dovgan_Family_Yleismausteseos_vihanneksilla_500g_"},{"@type":"BreadcrumbList","@id":"https:\/\/euro-east.fi\/tuote\/dovgan-family-allkrydda-med-gronsaker-500g\/#breadcrumb","itemListElement":[{"@type":"ListItem","position":1,"name":"Home","item":"https:\/\/euro-east.fi\/sv\/"},{"@type":"ListItem","position":2,"name":"Butik","item":"https:\/\/euro-east.fi\/sv\/butik\/"},{"@type":"ListItem","position":3,"name":"Dovgan Family Allkrydda med gr\u00f6nsaker 500g"}]},{"@type":"WebSite","@id":"https:\/\/euro-east.fi\/#website","url":"https:\/\/euro-east.fi\/","name":"Euro-East","description":"Euro-East vie sinut makumatkalle Baltiasta Balkanille.Euro-East on it\u00e4eurooppalaisten elintarvikkeiden maahantuoja. Tarjoamme parhaita herkkuja Baltiasta Balkaniin. Meilt\u00e4 l\u00f6yd\u00e4t laadukkaita vihannes-, kala- ja lihas\u00e4ilykkeit\u00e4, kastikkeita, jyvi\u00e4, mehuja, keksej\u00e4 ja pakasteita. Tule mukaan makumatkalle ja ihastu ruokakulttuurien herkulliseen kirjoon","publisher":{"@id":"https:\/\/euro-east.fi\/#organization"},"potentialAction":[{"@type":"SearchAction","target":{"@type":"EntryPoint","urlTemplate":"https:\/\/euro-east.fi\/?s={search_term_string}"},"query-input":{"@type":"PropertyValueSpecification","valueRequired":true,"valueName":"search_term_string"}}],"inLanguage":"sv-SE"},{"@type":"Organization","@id":"https:\/\/euro-east.fi\/#organization","name":"Euro-East","url":"https:\/\/euro-east.fi\/","logo":{"@type":"ImageObject","inLanguage":"sv-SE","@id":"https:\/\/euro-east.fi\/#\/schema\/logo\/image\/","url":"https:\/\/euro-east.fi\/wp-content\/uploads\/2023\/03\/Logo-1.png","contentUrl":"https:\/\/euro-east.fi\/wp-content\/uploads\/2023\/03\/Logo-1.png","width":250,"height":250,"caption":"Euro-East"},"image":{"@id":"https:\/\/euro-east.fi\/#\/schema\/logo\/image\/"},"sameAs":["https:\/\/www.facebook.com\/EuroEast.fi","https:\/\/x.com\/euroeastoy","https:\/\/www.instagram.com\/euro.east\/","https:\/\/www.pinterest.com\/euroeast\/","https:\/\/www.youtube.com\/channel\/UCfNlzn0G_n53fATPX6Uw0yw"]}]}},"_links":{"self":[{"href":"https:\/\/euro-east.fi\/sv\/wp-json\/wp\/v2\/product\/524518","targetHints":{"allow":["GET"]}}],"collection":[{"href":"https:\/\/euro-east.fi\/sv\/wp-json\/wp\/v2\/product"}],"about":[{"href":"https:\/\/euro-east.fi\/sv\/wp-json\/wp\/v2\/types\/product"}],"wp:featuredmedia":[{"embeddable":true,"href":"https:\/\/euro-east.fi\/sv\/wp-json\/wp\/v2\/media\/526394"}],"wp:attachment":[{"href":"https:\/\/euro-east.fi\/sv\/wp-json\/wp\/v2\/media?parent=524518"}],"wp:term":[{"taxonomy":"product_brand","embeddable":true,"href":"https:\/\/euro-east.fi\/sv\/wp-json\/wp\/v2\/product_brand?post=524518"},{"taxonomy":"product_cat","embeddable":true,"href":"https:\/\/euro-east.fi\/sv\/wp-json\/wp\/v2\/product_cat?post=524518"},{"taxonomy":"product_tag","embeddable":true,"href":"https:\/\/euro-east.fi\/sv\/wp-json\/wp\/v2\/product_tag?post=524518"}],"curies":[{"name":"wp","href":"https:\/\/api.w.org\/{rel}","templated":true}]}}