{"id":524526,"date":"2025-06-10T17:24:24","date_gmt":"2025-06-10T14:24:24","guid":{"rendered":"https:\/\/euro-east.fi\/tuote\/8-panda-kimchi-med-gurkmeja-medium-300-g\/"},"modified":"2026-02-02T00:08:25","modified_gmt":"2026-02-01T22:08:25","slug":"8-panda-kimchi-med-gurkmeja-medium-300-g","status":"publish","type":"product","link":"https:\/\/euro-east.fi\/sv\/tuote\/8-panda-kimchi-med-gurkmeja-medium-300-g\/","title":{"rendered":"8 Panda Kimchi med gurkmeja, medium 300 g"},"content":{"rendered":"<p>8 Panda Kimchi \u2013 fermenterad kinak\u00e5l med gurkmeja \u00e4r en l\u00e4cker kombination av traditionell koreansk kimchi och gurkmejans sofistikerade smak.<br \/>\nDen noggrant fermenterade kinak\u00e5len kompletteras med vitl\u00f6k, r\u00e4disa, ingef\u00e4ra och en kryddig misos\u00e5s, vilket skapar en perfekt balans mellan syrlighet och kryddighet. Gurkmejan tillf\u00f6r kimchin en unik nyans och djup som tar dig med p\u00e5 en smakresa till \u00d6stasien.<\/p>\n<p>8 Panda Kimchi \u00e4r det perfekta valet f\u00f6r b\u00e5de finsmakare och \u00e4lskare av det asiatiska k\u00f6ket som uppskattar autentiska smaker och h\u00f6g kvalitet.<\/p>\n<p>Kimchi passar utm\u00e4rkt till ris- och nudelr\u00e4tter, sallader, soppor och wokr\u00e4tter.<br \/>\nDen ger \u00e4ven ett kraftfullt och aromatiskt inslag till sm\u00f6rg\u00e5sar, burgare och wraps.<br \/>\nNjut av den exceptionella smaken hos 8 Panda Kimchi och ta hem magin fr\u00e5n det asiatiska k\u00f6ket!<br \/>\nProva ocks\u00e5 andra produkter fr\u00e5n 8 Panda och uppt\u00e4ck det m\u00e5ngsidiga utbudet av \u00f6sterl\u00e4ndska smaker.<\/p>\n","protected":false},"excerpt":{"rendered":"<p>8 Panda Kimchi \u2013 fermenterad kinak\u00e5l med gurkmeja \u00e4r en l\u00e4cker kombination av traditionell koreansk kimchi och gurkmejans sofistikerade smak. Den noggrant fermenterade kinak\u00e5len kompletteras med vitl\u00f6k, r\u00e4disa, ingef\u00e4ra och en kryddig misos\u00e5s, vilket skapar en perfekt balans mellan syrlighet och kryddighet. Gurkmejan tillf\u00f6r kimchin en unik nyans och djup som tar dig med p\u00e5 [&hellip;]<\/p>\n","protected":false},"featured_media":526366,"template":"","meta":{"_acf_changed":false,"content-type":"","_improvement_type_select":"improve_an_existing","_thumb_yes_seoaic":false,"_frame_yes_seoaic":false,"seoaic_generate_description":"","seoaic_improve_instructions_prompt":"","seoaic_rollback_content_improvement":"","seoaic_idea_thumbnail_generator":"","thumbnail_generated":false,"thumbnail_generate_prompt":"","seoaic_article_description":""},"product_brand":[],"product_cat":[3373],"product_tag":[],"class_list":{"0":"post-524526","1":"product","2":"type-product","3":"status-publish","4":"has-post-thumbnail","6":"product_cat-konserverade-gronsaker-och-sallader","8":"first","9":"instock","10":"taxable","11":"shipping-taxable","12":"purchasable","13":"product-type-simple"},"acf":[],"yoast_head":"<!-- This site is optimized with the Yoast SEO plugin v27.1.1 - https:\/\/yoast.com\/product\/yoast-seo-wordpress\/ -->\n<title>8 Panda Kimchi med gurkmeja, medium 300 g - Euro-East<\/title>\n<meta name=\"robots\" content=\"index, follow, max-snippet:-1, max-image-preview:large, max-video-preview:-1\" \/>\n<link rel=\"canonical\" href=\"https:\/\/euro-east.fi\/tuote\/8-panda-kimchi-med-gurkmeja-medium-300-g\/\" \/>\n<meta property=\"og:locale\" content=\"sv_SE\" \/>\n<meta property=\"og:type\" content=\"article\" \/>\n<meta property=\"og:title\" content=\"8 Panda Kimchi med gurkmeja, medium 300 g - Euro-East\" \/>\n<meta property=\"og:description\" content=\"8 Panda Kimchi \u2013 fermenterad kinak\u00e5l med gurkmeja \u00e4r en l\u00e4cker kombination av traditionell koreansk kimchi och gurkmejans sofistikerade smak. Den noggrant fermenterade kinak\u00e5len kompletteras med vitl\u00f6k, r\u00e4disa, ingef\u00e4ra och en kryddig misos\u00e5s, vilket skapar en perfekt balans mellan syrlighet och kryddighet. Gurkmejan tillf\u00f6r kimchin en unik nyans och djup som tar dig med p\u00e5 [&hellip;]\" \/>\n<meta property=\"og:url\" content=\"https:\/\/euro-east.fi\/tuote\/8-panda-kimchi-med-gurkmeja-medium-300-g\/\" \/>\n<meta property=\"og:site_name\" content=\"Euro-East\" \/>\n<meta property=\"article:publisher\" content=\"https:\/\/www.facebook.com\/EuroEast.fi\" \/>\n<meta property=\"article:modified_time\" content=\"2026-02-01T22:08:25+00:00\" \/>\n<meta property=\"og:image\" content=\"https:\/\/euro-east.fi\/wp-content\/uploads\/2023\/03\/Logo-1.png\" \/>\n\t<meta property=\"og:image:width\" content=\"250\" \/>\n\t<meta property=\"og:image:height\" content=\"250\" \/>\n\t<meta property=\"og:image:type\" content=\"image\/png\" \/>\n<meta name=\"twitter:card\" content=\"summary_large_image\" \/>\n<meta name=\"twitter:site\" content=\"@euroeastoy\" \/>\n<meta name=\"twitter:label1\" content=\"Ber\u00e4knad l\u00e4stid\" \/>\n\t<meta name=\"twitter:data1\" content=\"1 minute\" \/>\n<script type=\"application\/ld+json\" class=\"yoast-schema-graph\">{\"@context\":\"https:\/\/schema.org\",\"@graph\":[{\"@type\":\"WebPage\",\"@id\":\"https:\/\/euro-east.fi\/tuote\/8-panda-kimchi-med-gurkmeja-medium-300-g\/\",\"url\":\"https:\/\/euro-east.fi\/tuote\/8-panda-kimchi-med-gurkmeja-medium-300-g\/\",\"name\":\"8 Panda Kimchi med gurkmeja, medium 300 g - Euro-East\",\"isPartOf\":{\"@id\":\"https:\/\/euro-east.fi\/#website\"},\"primaryImageOfPage\":{\"@id\":\"https:\/\/euro-east.fi\/tuote\/8-panda-kimchi-med-gurkmeja-medium-300-g\/#primaryimage\"},\"image\":{\"@id\":\"https:\/\/euro-east.fi\/tuote\/8-panda-kimchi-med-gurkmeja-medium-300-g\/#primaryimage\"},\"thumbnailUrl\":\"https:\/\/euro-east.fi\/wp-content\/uploads\/2026\/01\/33410300_8_panda_kimchi_kurkuma_medium_300_g.jpg\",\"datePublished\":\"2025-06-10T14:24:24+00:00\",\"dateModified\":\"2026-02-01T22:08:25+00:00\",\"breadcrumb\":{\"@id\":\"https:\/\/euro-east.fi\/tuote\/8-panda-kimchi-med-gurkmeja-medium-300-g\/#breadcrumb\"},\"inLanguage\":\"sv-SE\",\"potentialAction\":[{\"@type\":\"ReadAction\",\"target\":[\"https:\/\/euro-east.fi\/tuote\/8-panda-kimchi-med-gurkmeja-medium-300-g\/\"]}]},{\"@type\":\"ImageObject\",\"inLanguage\":\"sv-SE\",\"@id\":\"https:\/\/euro-east.fi\/tuote\/8-panda-kimchi-med-gurkmeja-medium-300-g\/#primaryimage\",\"url\":\"https:\/\/euro-east.fi\/wp-content\/uploads\/2026\/01\/33410300_8_panda_kimchi_kurkuma_medium_300_g.jpg\",\"contentUrl\":\"https:\/\/euro-east.fi\/wp-content\/uploads\/2026\/01\/33410300_8_panda_kimchi_kurkuma_medium_300_g.jpg\",\"width\":500,\"height\":500,\"caption\":\"8_Panda_Kimchi_kurkuma_300_g_\"},{\"@type\":\"BreadcrumbList\",\"@id\":\"https:\/\/euro-east.fi\/tuote\/8-panda-kimchi-med-gurkmeja-medium-300-g\/#breadcrumb\",\"itemListElement\":[{\"@type\":\"ListItem\",\"position\":1,\"name\":\"Home\",\"item\":\"https:\/\/euro-east.fi\/sv\/\"},{\"@type\":\"ListItem\",\"position\":2,\"name\":\"Butik\",\"item\":\"https:\/\/euro-east.fi\/sv\/butik\/\"},{\"@type\":\"ListItem\",\"position\":3,\"name\":\"8 Panda Kimchi med gurkmeja, medium 300 g\"}]},{\"@type\":\"WebSite\",\"@id\":\"https:\/\/euro-east.fi\/#website\",\"url\":\"https:\/\/euro-east.fi\/\",\"name\":\"Euro-East\",\"description\":\"Euro-East vie sinut makumatkalle Baltiasta Balkanille.Euro-East on it\u00e4eurooppalaisten elintarvikkeiden maahantuoja. Tarjoamme parhaita herkkuja Baltiasta Balkaniin. Meilt\u00e4 l\u00f6yd\u00e4t laadukkaita vihannes-, kala- ja lihas\u00e4ilykkeit\u00e4, kastikkeita, jyvi\u00e4, mehuja, keksej\u00e4 ja pakasteita. Tule mukaan makumatkalle ja ihastu ruokakulttuurien herkulliseen kirjoon\",\"publisher\":{\"@id\":\"https:\/\/euro-east.fi\/#organization\"},\"potentialAction\":[{\"@type\":\"SearchAction\",\"target\":{\"@type\":\"EntryPoint\",\"urlTemplate\":\"https:\/\/euro-east.fi\/?s={search_term_string}\"},\"query-input\":{\"@type\":\"PropertyValueSpecification\",\"valueRequired\":true,\"valueName\":\"search_term_string\"}}],\"inLanguage\":\"sv-SE\"},{\"@type\":\"Organization\",\"@id\":\"https:\/\/euro-east.fi\/#organization\",\"name\":\"Euro-East\",\"url\":\"https:\/\/euro-east.fi\/\",\"logo\":{\"@type\":\"ImageObject\",\"inLanguage\":\"sv-SE\",\"@id\":\"https:\/\/euro-east.fi\/#\/schema\/logo\/image\/\",\"url\":\"https:\/\/euro-east.fi\/wp-content\/uploads\/2023\/03\/Logo-1.png\",\"contentUrl\":\"https:\/\/euro-east.fi\/wp-content\/uploads\/2023\/03\/Logo-1.png\",\"width\":250,\"height\":250,\"caption\":\"Euro-East\"},\"image\":{\"@id\":\"https:\/\/euro-east.fi\/#\/schema\/logo\/image\/\"},\"sameAs\":[\"https:\/\/www.facebook.com\/EuroEast.fi\",\"https:\/\/x.com\/euroeastoy\",\"https:\/\/www.instagram.com\/euro.east\/\",\"https:\/\/www.pinterest.com\/euroeast\/\",\"https:\/\/www.youtube.com\/channel\/UCfNlzn0G_n53fATPX6Uw0yw\"]}]}<\/script>\n<!-- \/ Yoast SEO plugin. -->","yoast_head_json":{"title":"8 Panda Kimchi med gurkmeja, medium 300 g - Euro-East","robots":{"index":"index","follow":"follow","max-snippet":"max-snippet:-1","max-image-preview":"max-image-preview:large","max-video-preview":"max-video-preview:-1"},"canonical":"https:\/\/euro-east.fi\/tuote\/8-panda-kimchi-med-gurkmeja-medium-300-g\/","og_locale":"sv_SE","og_type":"article","og_title":"8 Panda Kimchi med gurkmeja, medium 300 g - Euro-East","og_description":"8 Panda Kimchi \u2013 fermenterad kinak\u00e5l med gurkmeja \u00e4r en l\u00e4cker kombination av traditionell koreansk kimchi och gurkmejans sofistikerade smak. Den noggrant fermenterade kinak\u00e5len kompletteras med vitl\u00f6k, r\u00e4disa, ingef\u00e4ra och en kryddig misos\u00e5s, vilket skapar en perfekt balans mellan syrlighet och kryddighet. Gurkmejan tillf\u00f6r kimchin en unik nyans och djup som tar dig med p\u00e5 [&hellip;]","og_url":"https:\/\/euro-east.fi\/tuote\/8-panda-kimchi-med-gurkmeja-medium-300-g\/","og_site_name":"Euro-East","article_publisher":"https:\/\/www.facebook.com\/EuroEast.fi","article_modified_time":"2026-02-01T22:08:25+00:00","og_image":[{"width":250,"height":250,"url":"https:\/\/euro-east.fi\/wp-content\/uploads\/2023\/03\/Logo-1.png","type":"image\/png"}],"twitter_card":"summary_large_image","twitter_site":"@euroeastoy","twitter_misc":{"Ber\u00e4knad l\u00e4stid":"1 minute"},"schema":{"@context":"https:\/\/schema.org","@graph":[{"@type":"WebPage","@id":"https:\/\/euro-east.fi\/tuote\/8-panda-kimchi-med-gurkmeja-medium-300-g\/","url":"https:\/\/euro-east.fi\/tuote\/8-panda-kimchi-med-gurkmeja-medium-300-g\/","name":"8 Panda Kimchi med gurkmeja, medium 300 g - Euro-East","isPartOf":{"@id":"https:\/\/euro-east.fi\/#website"},"primaryImageOfPage":{"@id":"https:\/\/euro-east.fi\/tuote\/8-panda-kimchi-med-gurkmeja-medium-300-g\/#primaryimage"},"image":{"@id":"https:\/\/euro-east.fi\/tuote\/8-panda-kimchi-med-gurkmeja-medium-300-g\/#primaryimage"},"thumbnailUrl":"https:\/\/euro-east.fi\/wp-content\/uploads\/2026\/01\/33410300_8_panda_kimchi_kurkuma_medium_300_g.jpg","datePublished":"2025-06-10T14:24:24+00:00","dateModified":"2026-02-01T22:08:25+00:00","breadcrumb":{"@id":"https:\/\/euro-east.fi\/tuote\/8-panda-kimchi-med-gurkmeja-medium-300-g\/#breadcrumb"},"inLanguage":"sv-SE","potentialAction":[{"@type":"ReadAction","target":["https:\/\/euro-east.fi\/tuote\/8-panda-kimchi-med-gurkmeja-medium-300-g\/"]}]},{"@type":"ImageObject","inLanguage":"sv-SE","@id":"https:\/\/euro-east.fi\/tuote\/8-panda-kimchi-med-gurkmeja-medium-300-g\/#primaryimage","url":"https:\/\/euro-east.fi\/wp-content\/uploads\/2026\/01\/33410300_8_panda_kimchi_kurkuma_medium_300_g.jpg","contentUrl":"https:\/\/euro-east.fi\/wp-content\/uploads\/2026\/01\/33410300_8_panda_kimchi_kurkuma_medium_300_g.jpg","width":500,"height":500,"caption":"8_Panda_Kimchi_kurkuma_300_g_"},{"@type":"BreadcrumbList","@id":"https:\/\/euro-east.fi\/tuote\/8-panda-kimchi-med-gurkmeja-medium-300-g\/#breadcrumb","itemListElement":[{"@type":"ListItem","position":1,"name":"Home","item":"https:\/\/euro-east.fi\/sv\/"},{"@type":"ListItem","position":2,"name":"Butik","item":"https:\/\/euro-east.fi\/sv\/butik\/"},{"@type":"ListItem","position":3,"name":"8 Panda Kimchi med gurkmeja, medium 300 g"}]},{"@type":"WebSite","@id":"https:\/\/euro-east.fi\/#website","url":"https:\/\/euro-east.fi\/","name":"Euro-East","description":"Euro-East vie sinut makumatkalle Baltiasta Balkanille.Euro-East on it\u00e4eurooppalaisten elintarvikkeiden maahantuoja. Tarjoamme parhaita herkkuja Baltiasta Balkaniin. Meilt\u00e4 l\u00f6yd\u00e4t laadukkaita vihannes-, kala- ja lihas\u00e4ilykkeit\u00e4, kastikkeita, jyvi\u00e4, mehuja, keksej\u00e4 ja pakasteita. Tule mukaan makumatkalle ja ihastu ruokakulttuurien herkulliseen kirjoon","publisher":{"@id":"https:\/\/euro-east.fi\/#organization"},"potentialAction":[{"@type":"SearchAction","target":{"@type":"EntryPoint","urlTemplate":"https:\/\/euro-east.fi\/?s={search_term_string}"},"query-input":{"@type":"PropertyValueSpecification","valueRequired":true,"valueName":"search_term_string"}}],"inLanguage":"sv-SE"},{"@type":"Organization","@id":"https:\/\/euro-east.fi\/#organization","name":"Euro-East","url":"https:\/\/euro-east.fi\/","logo":{"@type":"ImageObject","inLanguage":"sv-SE","@id":"https:\/\/euro-east.fi\/#\/schema\/logo\/image\/","url":"https:\/\/euro-east.fi\/wp-content\/uploads\/2023\/03\/Logo-1.png","contentUrl":"https:\/\/euro-east.fi\/wp-content\/uploads\/2023\/03\/Logo-1.png","width":250,"height":250,"caption":"Euro-East"},"image":{"@id":"https:\/\/euro-east.fi\/#\/schema\/logo\/image\/"},"sameAs":["https:\/\/www.facebook.com\/EuroEast.fi","https:\/\/x.com\/euroeastoy","https:\/\/www.instagram.com\/euro.east\/","https:\/\/www.pinterest.com\/euroeast\/","https:\/\/www.youtube.com\/channel\/UCfNlzn0G_n53fATPX6Uw0yw"]}]}},"_links":{"self":[{"href":"https:\/\/euro-east.fi\/sv\/wp-json\/wp\/v2\/product\/524526","targetHints":{"allow":["GET"]}}],"collection":[{"href":"https:\/\/euro-east.fi\/sv\/wp-json\/wp\/v2\/product"}],"about":[{"href":"https:\/\/euro-east.fi\/sv\/wp-json\/wp\/v2\/types\/product"}],"wp:featuredmedia":[{"embeddable":true,"href":"https:\/\/euro-east.fi\/sv\/wp-json\/wp\/v2\/media\/526366"}],"wp:attachment":[{"href":"https:\/\/euro-east.fi\/sv\/wp-json\/wp\/v2\/media?parent=524526"}],"wp:term":[{"taxonomy":"product_brand","embeddable":true,"href":"https:\/\/euro-east.fi\/sv\/wp-json\/wp\/v2\/product_brand?post=524526"},{"taxonomy":"product_cat","embeddable":true,"href":"https:\/\/euro-east.fi\/sv\/wp-json\/wp\/v2\/product_cat?post=524526"},{"taxonomy":"product_tag","embeddable":true,"href":"https:\/\/euro-east.fi\/sv\/wp-json\/wp\/v2\/product_tag?post=524526"}],"curies":[{"name":"wp","href":"https:\/\/api.w.org\/{rel}","templated":true}]}}