{"id":524949,"date":"2025-08-01T14:29:31","date_gmt":"2025-08-01T11:29:31","guid":{"rendered":"https:\/\/euro-east.fi\/tuote\/bazar-pumpafronskalade-rostade-och-saltade-200-g\/"},"modified":"2026-02-02T00:07:36","modified_gmt":"2026-02-01T22:07:36","slug":"bazar-pumpafronskalade-rostade-och-saltade-200-g","status":"publish","type":"product","link":"https:\/\/euro-east.fi\/sv\/tuote\/bazar-pumpafronskalade-rostade-och-saltade-200-g\/","title":{"rendered":"Bazar Pumpafr\u00f6n,skalade, rostade och saltade 200 g"},"content":{"rendered":"<p>Bazar Pumpafr\u00f6n, med skal, rostade och saltade \u2013 Ett l\u00e4tt snack, stor njutning. Pumpafr\u00f6n \u00e4r inte bara goda \u2013 de g\u00f6r snacksstunden ocks\u00e5 roligare. Ett l\u00e4tt mellanm\u00e5l f\u00f6r resan eller f\u00f6r gemensamma stunder med v\u00e4nner.<\/p>\n","protected":false},"excerpt":{"rendered":"<p>Bazar Pumpafr\u00f6n, med skal, rostade och saltade \u2013 Ett l\u00e4tt snack, stor njutning. Pumpafr\u00f6n \u00e4r inte bara goda \u2013 de g\u00f6r snacksstunden ocks\u00e5 roligare. Ett l\u00e4tt mellanm\u00e5l f\u00f6r resan eller f\u00f6r gemensamma stunder med v\u00e4nner.<\/p>\n","protected":false},"featured_media":526414,"template":"","meta":{"_acf_changed":false,"content-type":"","_improvement_type_select":"improve_an_existing","_thumb_yes_seoaic":false,"_frame_yes_seoaic":false,"seoaic_generate_description":"","seoaic_improve_instructions_prompt":"","seoaic_rollback_content_improvement":"","seoaic_idea_thumbnail_generator":"","thumbnail_generated":false,"thumbnail_generate_prompt":"","seoaic_article_description":""},"product_brand":[],"product_cat":[3394],"product_tag":[],"class_list":{"0":"post-524949","1":"product","2":"type-product","3":"status-publish","4":"has-post-thumbnail","6":"product_cat-spannmal-och-kex","8":"first","9":"instock","10":"taxable","11":"shipping-taxable","12":"purchasable","13":"product-type-simple"},"acf":[],"yoast_head":"<!-- This site is optimized with the Yoast SEO plugin v27.1.1 - https:\/\/yoast.com\/product\/yoast-seo-wordpress\/ -->\n<title>Bazar Pumpafr\u00f6n,skalade, rostade och saltade 200 g - Euro-East<\/title>\n<meta name=\"robots\" content=\"index, follow, max-snippet:-1, max-image-preview:large, max-video-preview:-1\" \/>\n<link rel=\"canonical\" href=\"https:\/\/euro-east.fi\/tuote\/bazar-pumpafronskalade-rostade-och-saltade-200-g\/\" \/>\n<meta property=\"og:locale\" content=\"sv_SE\" \/>\n<meta property=\"og:type\" content=\"article\" \/>\n<meta property=\"og:title\" content=\"Bazar Pumpafr\u00f6n,skalade, rostade och saltade 200 g - Euro-East\" \/>\n<meta property=\"og:description\" content=\"Bazar Pumpafr\u00f6n, med skal, rostade och saltade \u2013 Ett l\u00e4tt snack, stor njutning. Pumpafr\u00f6n \u00e4r inte bara goda \u2013 de g\u00f6r snacksstunden ocks\u00e5 roligare. Ett l\u00e4tt mellanm\u00e5l f\u00f6r resan eller f\u00f6r gemensamma stunder med v\u00e4nner.\" \/>\n<meta property=\"og:url\" content=\"https:\/\/euro-east.fi\/tuote\/bazar-pumpafronskalade-rostade-och-saltade-200-g\/\" \/>\n<meta property=\"og:site_name\" content=\"Euro-East\" \/>\n<meta property=\"article:publisher\" content=\"https:\/\/www.facebook.com\/EuroEast.fi\" \/>\n<meta property=\"article:modified_time\" content=\"2026-02-01T22:07:36+00:00\" \/>\n<meta property=\"og:image\" content=\"https:\/\/euro-east.fi\/wp-content\/uploads\/2023\/03\/Logo-1.png\" \/>\n\t<meta property=\"og:image:width\" content=\"250\" \/>\n\t<meta property=\"og:image:height\" content=\"250\" \/>\n\t<meta property=\"og:image:type\" content=\"image\/png\" \/>\n<meta name=\"twitter:card\" content=\"summary_large_image\" \/>\n<meta name=\"twitter:site\" content=\"@euroeastoy\" \/>\n<script type=\"application\/ld+json\" class=\"yoast-schema-graph\">{\"@context\":\"https:\/\/schema.org\",\"@graph\":[{\"@type\":\"WebPage\",\"@id\":\"https:\/\/euro-east.fi\/tuote\/bazar-pumpafronskalade-rostade-och-saltade-200-g\/\",\"url\":\"https:\/\/euro-east.fi\/tuote\/bazar-pumpafronskalade-rostade-och-saltade-200-g\/\",\"name\":\"Bazar Pumpafr\u00f6n,skalade, rostade och saltade 200 g - Euro-East\",\"isPartOf\":{\"@id\":\"https:\/\/euro-east.fi\/#website\"},\"primaryImageOfPage\":{\"@id\":\"https:\/\/euro-east.fi\/tuote\/bazar-pumpafronskalade-rostade-och-saltade-200-g\/#primaryimage\"},\"image\":{\"@id\":\"https:\/\/euro-east.fi\/tuote\/bazar-pumpafronskalade-rostade-och-saltade-200-g\/#primaryimage\"},\"thumbnailUrl\":\"https:\/\/euro-east.fi\/wp-content\/uploads\/2026\/01\/30457200_bazar_kurpitsansiemenet_kuorellinen_paahdettu_ja_suolattu_200g-1.jpg\",\"datePublished\":\"2025-08-01T11:29:31+00:00\",\"dateModified\":\"2026-02-01T22:07:36+00:00\",\"breadcrumb\":{\"@id\":\"https:\/\/euro-east.fi\/tuote\/bazar-pumpafronskalade-rostade-och-saltade-200-g\/#breadcrumb\"},\"inLanguage\":\"sv-SE\",\"potentialAction\":[{\"@type\":\"ReadAction\",\"target\":[\"https:\/\/euro-east.fi\/tuote\/bazar-pumpafronskalade-rostade-och-saltade-200-g\/\"]}]},{\"@type\":\"ImageObject\",\"inLanguage\":\"sv-SE\",\"@id\":\"https:\/\/euro-east.fi\/tuote\/bazar-pumpafronskalade-rostade-och-saltade-200-g\/#primaryimage\",\"url\":\"https:\/\/euro-east.fi\/wp-content\/uploads\/2026\/01\/30457200_bazar_kurpitsansiemenet_kuorellinen_paahdettu_ja_suolattu_200g-1.jpg\",\"contentUrl\":\"https:\/\/euro-east.fi\/wp-content\/uploads\/2026\/01\/30457200_bazar_kurpitsansiemenet_kuorellinen_paahdettu_ja_suolattu_200g-1.jpg\",\"width\":500,\"height\":500,\"caption\":\"Bazar_Kurpitsansiemenet__kuorellinen__paahdettu_ja_suolattu_200g\"},{\"@type\":\"BreadcrumbList\",\"@id\":\"https:\/\/euro-east.fi\/tuote\/bazar-pumpafronskalade-rostade-och-saltade-200-g\/#breadcrumb\",\"itemListElement\":[{\"@type\":\"ListItem\",\"position\":1,\"name\":\"Home\",\"item\":\"https:\/\/euro-east.fi\/sv\/\"},{\"@type\":\"ListItem\",\"position\":2,\"name\":\"Butik\",\"item\":\"https:\/\/euro-east.fi\/sv\/butik\/\"},{\"@type\":\"ListItem\",\"position\":3,\"name\":\"Bazar Pumpafr\u00f6n,skalade, rostade och saltade 200 g\"}]},{\"@type\":\"WebSite\",\"@id\":\"https:\/\/euro-east.fi\/#website\",\"url\":\"https:\/\/euro-east.fi\/\",\"name\":\"Euro-East\",\"description\":\"Euro-East vie sinut makumatkalle Baltiasta Balkanille.Euro-East on it\u00e4eurooppalaisten elintarvikkeiden maahantuoja. Tarjoamme parhaita herkkuja Baltiasta Balkaniin. Meilt\u00e4 l\u00f6yd\u00e4t laadukkaita vihannes-, kala- ja lihas\u00e4ilykkeit\u00e4, kastikkeita, jyvi\u00e4, mehuja, keksej\u00e4 ja pakasteita. Tule mukaan makumatkalle ja ihastu ruokakulttuurien herkulliseen kirjoon\",\"publisher\":{\"@id\":\"https:\/\/euro-east.fi\/#organization\"},\"potentialAction\":[{\"@type\":\"SearchAction\",\"target\":{\"@type\":\"EntryPoint\",\"urlTemplate\":\"https:\/\/euro-east.fi\/?s={search_term_string}\"},\"query-input\":{\"@type\":\"PropertyValueSpecification\",\"valueRequired\":true,\"valueName\":\"search_term_string\"}}],\"inLanguage\":\"sv-SE\"},{\"@type\":\"Organization\",\"@id\":\"https:\/\/euro-east.fi\/#organization\",\"name\":\"Euro-East\",\"url\":\"https:\/\/euro-east.fi\/\",\"logo\":{\"@type\":\"ImageObject\",\"inLanguage\":\"sv-SE\",\"@id\":\"https:\/\/euro-east.fi\/#\/schema\/logo\/image\/\",\"url\":\"https:\/\/euro-east.fi\/wp-content\/uploads\/2023\/03\/Logo-1.png\",\"contentUrl\":\"https:\/\/euro-east.fi\/wp-content\/uploads\/2023\/03\/Logo-1.png\",\"width\":250,\"height\":250,\"caption\":\"Euro-East\"},\"image\":{\"@id\":\"https:\/\/euro-east.fi\/#\/schema\/logo\/image\/\"},\"sameAs\":[\"https:\/\/www.facebook.com\/EuroEast.fi\",\"https:\/\/x.com\/euroeastoy\",\"https:\/\/www.instagram.com\/euro.east\/\",\"https:\/\/www.pinterest.com\/euroeast\/\",\"https:\/\/www.youtube.com\/channel\/UCfNlzn0G_n53fATPX6Uw0yw\"]}]}<\/script>\n<!-- \/ Yoast SEO plugin. -->","yoast_head_json":{"title":"Bazar Pumpafr\u00f6n,skalade, rostade och saltade 200 g - Euro-East","robots":{"index":"index","follow":"follow","max-snippet":"max-snippet:-1","max-image-preview":"max-image-preview:large","max-video-preview":"max-video-preview:-1"},"canonical":"https:\/\/euro-east.fi\/tuote\/bazar-pumpafronskalade-rostade-och-saltade-200-g\/","og_locale":"sv_SE","og_type":"article","og_title":"Bazar Pumpafr\u00f6n,skalade, rostade och saltade 200 g - Euro-East","og_description":"Bazar Pumpafr\u00f6n, med skal, rostade och saltade \u2013 Ett l\u00e4tt snack, stor njutning. Pumpafr\u00f6n \u00e4r inte bara goda \u2013 de g\u00f6r snacksstunden ocks\u00e5 roligare. Ett l\u00e4tt mellanm\u00e5l f\u00f6r resan eller f\u00f6r gemensamma stunder med v\u00e4nner.","og_url":"https:\/\/euro-east.fi\/tuote\/bazar-pumpafronskalade-rostade-och-saltade-200-g\/","og_site_name":"Euro-East","article_publisher":"https:\/\/www.facebook.com\/EuroEast.fi","article_modified_time":"2026-02-01T22:07:36+00:00","og_image":[{"width":250,"height":250,"url":"https:\/\/euro-east.fi\/wp-content\/uploads\/2023\/03\/Logo-1.png","type":"image\/png"}],"twitter_card":"summary_large_image","twitter_site":"@euroeastoy","schema":{"@context":"https:\/\/schema.org","@graph":[{"@type":"WebPage","@id":"https:\/\/euro-east.fi\/tuote\/bazar-pumpafronskalade-rostade-och-saltade-200-g\/","url":"https:\/\/euro-east.fi\/tuote\/bazar-pumpafronskalade-rostade-och-saltade-200-g\/","name":"Bazar Pumpafr\u00f6n,skalade, rostade och saltade 200 g - Euro-East","isPartOf":{"@id":"https:\/\/euro-east.fi\/#website"},"primaryImageOfPage":{"@id":"https:\/\/euro-east.fi\/tuote\/bazar-pumpafronskalade-rostade-och-saltade-200-g\/#primaryimage"},"image":{"@id":"https:\/\/euro-east.fi\/tuote\/bazar-pumpafronskalade-rostade-och-saltade-200-g\/#primaryimage"},"thumbnailUrl":"https:\/\/euro-east.fi\/wp-content\/uploads\/2026\/01\/30457200_bazar_kurpitsansiemenet_kuorellinen_paahdettu_ja_suolattu_200g-1.jpg","datePublished":"2025-08-01T11:29:31+00:00","dateModified":"2026-02-01T22:07:36+00:00","breadcrumb":{"@id":"https:\/\/euro-east.fi\/tuote\/bazar-pumpafronskalade-rostade-och-saltade-200-g\/#breadcrumb"},"inLanguage":"sv-SE","potentialAction":[{"@type":"ReadAction","target":["https:\/\/euro-east.fi\/tuote\/bazar-pumpafronskalade-rostade-och-saltade-200-g\/"]}]},{"@type":"ImageObject","inLanguage":"sv-SE","@id":"https:\/\/euro-east.fi\/tuote\/bazar-pumpafronskalade-rostade-och-saltade-200-g\/#primaryimage","url":"https:\/\/euro-east.fi\/wp-content\/uploads\/2026\/01\/30457200_bazar_kurpitsansiemenet_kuorellinen_paahdettu_ja_suolattu_200g-1.jpg","contentUrl":"https:\/\/euro-east.fi\/wp-content\/uploads\/2026\/01\/30457200_bazar_kurpitsansiemenet_kuorellinen_paahdettu_ja_suolattu_200g-1.jpg","width":500,"height":500,"caption":"Bazar_Kurpitsansiemenet__kuorellinen__paahdettu_ja_suolattu_200g"},{"@type":"BreadcrumbList","@id":"https:\/\/euro-east.fi\/tuote\/bazar-pumpafronskalade-rostade-och-saltade-200-g\/#breadcrumb","itemListElement":[{"@type":"ListItem","position":1,"name":"Home","item":"https:\/\/euro-east.fi\/sv\/"},{"@type":"ListItem","position":2,"name":"Butik","item":"https:\/\/euro-east.fi\/sv\/butik\/"},{"@type":"ListItem","position":3,"name":"Bazar Pumpafr\u00f6n,skalade, rostade och saltade 200 g"}]},{"@type":"WebSite","@id":"https:\/\/euro-east.fi\/#website","url":"https:\/\/euro-east.fi\/","name":"Euro-East","description":"Euro-East vie sinut makumatkalle Baltiasta Balkanille.Euro-East on it\u00e4eurooppalaisten elintarvikkeiden maahantuoja. Tarjoamme parhaita herkkuja Baltiasta Balkaniin. Meilt\u00e4 l\u00f6yd\u00e4t laadukkaita vihannes-, kala- ja lihas\u00e4ilykkeit\u00e4, kastikkeita, jyvi\u00e4, mehuja, keksej\u00e4 ja pakasteita. Tule mukaan makumatkalle ja ihastu ruokakulttuurien herkulliseen kirjoon","publisher":{"@id":"https:\/\/euro-east.fi\/#organization"},"potentialAction":[{"@type":"SearchAction","target":{"@type":"EntryPoint","urlTemplate":"https:\/\/euro-east.fi\/?s={search_term_string}"},"query-input":{"@type":"PropertyValueSpecification","valueRequired":true,"valueName":"search_term_string"}}],"inLanguage":"sv-SE"},{"@type":"Organization","@id":"https:\/\/euro-east.fi\/#organization","name":"Euro-East","url":"https:\/\/euro-east.fi\/","logo":{"@type":"ImageObject","inLanguage":"sv-SE","@id":"https:\/\/euro-east.fi\/#\/schema\/logo\/image\/","url":"https:\/\/euro-east.fi\/wp-content\/uploads\/2023\/03\/Logo-1.png","contentUrl":"https:\/\/euro-east.fi\/wp-content\/uploads\/2023\/03\/Logo-1.png","width":250,"height":250,"caption":"Euro-East"},"image":{"@id":"https:\/\/euro-east.fi\/#\/schema\/logo\/image\/"},"sameAs":["https:\/\/www.facebook.com\/EuroEast.fi","https:\/\/x.com\/euroeastoy","https:\/\/www.instagram.com\/euro.east\/","https:\/\/www.pinterest.com\/euroeast\/","https:\/\/www.youtube.com\/channel\/UCfNlzn0G_n53fATPX6Uw0yw"]}]}},"_links":{"self":[{"href":"https:\/\/euro-east.fi\/sv\/wp-json\/wp\/v2\/product\/524949","targetHints":{"allow":["GET"]}}],"collection":[{"href":"https:\/\/euro-east.fi\/sv\/wp-json\/wp\/v2\/product"}],"about":[{"href":"https:\/\/euro-east.fi\/sv\/wp-json\/wp\/v2\/types\/product"}],"wp:featuredmedia":[{"embeddable":true,"href":"https:\/\/euro-east.fi\/sv\/wp-json\/wp\/v2\/media\/526414"}],"wp:attachment":[{"href":"https:\/\/euro-east.fi\/sv\/wp-json\/wp\/v2\/media?parent=524949"}],"wp:term":[{"taxonomy":"product_brand","embeddable":true,"href":"https:\/\/euro-east.fi\/sv\/wp-json\/wp\/v2\/product_brand?post=524949"},{"taxonomy":"product_cat","embeddable":true,"href":"https:\/\/euro-east.fi\/sv\/wp-json\/wp\/v2\/product_cat?post=524949"},{"taxonomy":"product_tag","embeddable":true,"href":"https:\/\/euro-east.fi\/sv\/wp-json\/wp\/v2\/product_tag?post=524949"}],"curies":[{"name":"wp","href":"https:\/\/api.w.org\/{rel}","templated":true}]}}