{"id":525268,"date":"2025-09-01T14:20:50","date_gmt":"2025-09-01T11:20:50","guid":{"rendered":"https:\/\/euro-east.fi\/tuote\/glads-ramen-snabbnudlar-med-sas-av-kycklingsmak-105-g\/"},"modified":"2026-02-02T00:06:54","modified_gmt":"2026-02-01T22:06:54","slug":"glads-ramen-snabbnudlar-med-sas-av-kycklingsmak-105-g","status":"publish","type":"product","link":"https:\/\/euro-east.fi\/sv\/tuote\/glads-ramen-snabbnudlar-med-sas-av-kycklingsmak-105-g\/","title":{"rendered":"Glads Ramen snabbnudlar med s\u00e5s av kycklingsmak 105 g"},"content":{"rendered":"<p>Glads Ramen-snabbnudlar bjuder p\u00e5 en \u00e4kta asiatisk smakupplevelse \u2013 snabbt och enkelt.<br \/>\nDen l\u00e4tt kryddiga kycklingsmaken kombineras elegant med milda toner av tomat, vitl\u00f6k och ingef\u00e4ra f\u00f6r en fyllig och balanserad smakhelhet.<\/p>\n<p>Det perfekta valet f\u00f6r stressiga stunder n\u00e4r du vill njuta av en god och v\u00e4rmande m\u00e5ltid utan kr\u00e5ngel.<\/p>\n","protected":false},"excerpt":{"rendered":"<p>Glads Ramen-snabbnudlar bjuder p\u00e5 en \u00e4kta asiatisk smakupplevelse \u2013 snabbt och enkelt. Den l\u00e4tt kryddiga kycklingsmaken kombineras elegant med milda toner av tomat, vitl\u00f6k och ingef\u00e4ra f\u00f6r en fyllig och balanserad smakhelhet. Det perfekta valet f\u00f6r stressiga stunder n\u00e4r du vill njuta av en god och v\u00e4rmande m\u00e5ltid utan kr\u00e5ngel.<\/p>\n","protected":false},"featured_media":526382,"template":"","meta":{"_acf_changed":false,"content-type":"","_improvement_type_select":"improve_an_existing","_thumb_yes_seoaic":false,"_frame_yes_seoaic":false,"seoaic_generate_description":"","seoaic_improve_instructions_prompt":"","seoaic_rollback_content_improvement":"","seoaic_idea_thumbnail_generator":"","thumbnail_generated":false,"thumbnail_generate_prompt":"","seoaic_article_description":""},"product_brand":[],"product_cat":[3379],"product_tag":[],"class_list":{"0":"post-525268","1":"product","2":"type-product","3":"status-publish","4":"has-post-thumbnail","6":"product_cat-nudlar-och-pasta","8":"first","9":"instock","10":"taxable","11":"shipping-taxable","12":"purchasable","13":"product-type-simple"},"acf":[],"yoast_head":"<!-- This site is optimized with the Yoast SEO plugin v27.1.1 - https:\/\/yoast.com\/product\/yoast-seo-wordpress\/ -->\n<title>Glads Ramen snabbnudlar med s\u00e5s av kycklingsmak 105 g - Euro-East<\/title>\n<meta name=\"robots\" content=\"index, follow, max-snippet:-1, max-image-preview:large, max-video-preview:-1\" \/>\n<link rel=\"canonical\" href=\"https:\/\/euro-east.fi\/tuote\/glads-ramen-snabbnudlar-med-sas-av-kycklingsmak-105-g\/\" \/>\n<meta property=\"og:locale\" content=\"sv_SE\" \/>\n<meta property=\"og:type\" content=\"article\" \/>\n<meta property=\"og:title\" content=\"Glads Ramen snabbnudlar med s\u00e5s av kycklingsmak 105 g - Euro-East\" \/>\n<meta property=\"og:description\" content=\"Glads Ramen-snabbnudlar bjuder p\u00e5 en \u00e4kta asiatisk smakupplevelse \u2013 snabbt och enkelt. Den l\u00e4tt kryddiga kycklingsmaken kombineras elegant med milda toner av tomat, vitl\u00f6k och ingef\u00e4ra f\u00f6r en fyllig och balanserad smakhelhet. Det perfekta valet f\u00f6r stressiga stunder n\u00e4r du vill njuta av en god och v\u00e4rmande m\u00e5ltid utan kr\u00e5ngel.\" \/>\n<meta property=\"og:url\" content=\"https:\/\/euro-east.fi\/tuote\/glads-ramen-snabbnudlar-med-sas-av-kycklingsmak-105-g\/\" \/>\n<meta property=\"og:site_name\" content=\"Euro-East\" \/>\n<meta property=\"article:publisher\" content=\"https:\/\/www.facebook.com\/EuroEast.fi\" \/>\n<meta property=\"article:modified_time\" content=\"2026-02-01T22:06:54+00:00\" \/>\n<meta property=\"og:image\" content=\"https:\/\/euro-east.fi\/wp-content\/uploads\/2023\/03\/Logo-1.png\" \/>\n\t<meta property=\"og:image:width\" content=\"250\" \/>\n\t<meta property=\"og:image:height\" content=\"250\" \/>\n\t<meta property=\"og:image:type\" content=\"image\/png\" \/>\n<meta name=\"twitter:card\" content=\"summary_large_image\" \/>\n<meta name=\"twitter:site\" content=\"@euroeastoy\" \/>\n<script type=\"application\/ld+json\" class=\"yoast-schema-graph\">{\"@context\":\"https:\/\/schema.org\",\"@graph\":[{\"@type\":\"WebPage\",\"@id\":\"https:\/\/euro-east.fi\/tuote\/glads-ramen-snabbnudlar-med-sas-av-kycklingsmak-105-g\/\",\"url\":\"https:\/\/euro-east.fi\/tuote\/glads-ramen-snabbnudlar-med-sas-av-kycklingsmak-105-g\/\",\"name\":\"Glads Ramen snabbnudlar med s\u00e5s av kycklingsmak 105 g - Euro-East\",\"isPartOf\":{\"@id\":\"https:\/\/euro-east.fi\/#website\"},\"primaryImageOfPage\":{\"@id\":\"https:\/\/euro-east.fi\/tuote\/glads-ramen-snabbnudlar-med-sas-av-kycklingsmak-105-g\/#primaryimage\"},\"image\":{\"@id\":\"https:\/\/euro-east.fi\/tuote\/glads-ramen-snabbnudlar-med-sas-av-kycklingsmak-105-g\/#primaryimage\"},\"thumbnailUrl\":\"https:\/\/euro-east.fi\/wp-content\/uploads\/2026\/01\/482255_glads_ramen_pikanuudeli_kananmakuisella_kastikkeella_105_g.jpg\",\"datePublished\":\"2025-09-01T11:20:50+00:00\",\"dateModified\":\"2026-02-01T22:06:54+00:00\",\"breadcrumb\":{\"@id\":\"https:\/\/euro-east.fi\/tuote\/glads-ramen-snabbnudlar-med-sas-av-kycklingsmak-105-g\/#breadcrumb\"},\"inLanguage\":\"sv-SE\",\"potentialAction\":[{\"@type\":\"ReadAction\",\"target\":[\"https:\/\/euro-east.fi\/tuote\/glads-ramen-snabbnudlar-med-sas-av-kycklingsmak-105-g\/\"]}]},{\"@type\":\"ImageObject\",\"inLanguage\":\"sv-SE\",\"@id\":\"https:\/\/euro-east.fi\/tuote\/glads-ramen-snabbnudlar-med-sas-av-kycklingsmak-105-g\/#primaryimage\",\"url\":\"https:\/\/euro-east.fi\/wp-content\/uploads\/2026\/01\/482255_glads_ramen_pikanuudeli_kananmakuisella_kastikkeella_105_g.jpg\",\"contentUrl\":\"https:\/\/euro-east.fi\/wp-content\/uploads\/2026\/01\/482255_glads_ramen_pikanuudeli_kananmakuisella_kastikkeella_105_g.jpg\",\"width\":500,\"height\":500,\"caption\":\"Glads_Ramen_Pikanuudeli_kananmakuisella_kastikkeella_105g\"},{\"@type\":\"BreadcrumbList\",\"@id\":\"https:\/\/euro-east.fi\/tuote\/glads-ramen-snabbnudlar-med-sas-av-kycklingsmak-105-g\/#breadcrumb\",\"itemListElement\":[{\"@type\":\"ListItem\",\"position\":1,\"name\":\"Home\",\"item\":\"https:\/\/euro-east.fi\/sv\/\"},{\"@type\":\"ListItem\",\"position\":2,\"name\":\"Butik\",\"item\":\"https:\/\/euro-east.fi\/sv\/butik\/\"},{\"@type\":\"ListItem\",\"position\":3,\"name\":\"Glads Ramen snabbnudlar med s\u00e5s av kycklingsmak 105 g\"}]},{\"@type\":\"WebSite\",\"@id\":\"https:\/\/euro-east.fi\/#website\",\"url\":\"https:\/\/euro-east.fi\/\",\"name\":\"Euro-East\",\"description\":\"Euro-East vie sinut makumatkalle Baltiasta Balkanille.Euro-East on it\u00e4eurooppalaisten elintarvikkeiden maahantuoja. Tarjoamme parhaita herkkuja Baltiasta Balkaniin. Meilt\u00e4 l\u00f6yd\u00e4t laadukkaita vihannes-, kala- ja lihas\u00e4ilykkeit\u00e4, kastikkeita, jyvi\u00e4, mehuja, keksej\u00e4 ja pakasteita. Tule mukaan makumatkalle ja ihastu ruokakulttuurien herkulliseen kirjoon\",\"publisher\":{\"@id\":\"https:\/\/euro-east.fi\/#organization\"},\"potentialAction\":[{\"@type\":\"SearchAction\",\"target\":{\"@type\":\"EntryPoint\",\"urlTemplate\":\"https:\/\/euro-east.fi\/?s={search_term_string}\"},\"query-input\":{\"@type\":\"PropertyValueSpecification\",\"valueRequired\":true,\"valueName\":\"search_term_string\"}}],\"inLanguage\":\"sv-SE\"},{\"@type\":\"Organization\",\"@id\":\"https:\/\/euro-east.fi\/#organization\",\"name\":\"Euro-East\",\"url\":\"https:\/\/euro-east.fi\/\",\"logo\":{\"@type\":\"ImageObject\",\"inLanguage\":\"sv-SE\",\"@id\":\"https:\/\/euro-east.fi\/#\/schema\/logo\/image\/\",\"url\":\"https:\/\/euro-east.fi\/wp-content\/uploads\/2023\/03\/Logo-1.png\",\"contentUrl\":\"https:\/\/euro-east.fi\/wp-content\/uploads\/2023\/03\/Logo-1.png\",\"width\":250,\"height\":250,\"caption\":\"Euro-East\"},\"image\":{\"@id\":\"https:\/\/euro-east.fi\/#\/schema\/logo\/image\/\"},\"sameAs\":[\"https:\/\/www.facebook.com\/EuroEast.fi\",\"https:\/\/x.com\/euroeastoy\",\"https:\/\/www.instagram.com\/euro.east\/\",\"https:\/\/www.pinterest.com\/euroeast\/\",\"https:\/\/www.youtube.com\/channel\/UCfNlzn0G_n53fATPX6Uw0yw\"]}]}<\/script>\n<!-- \/ Yoast SEO plugin. -->","yoast_head_json":{"title":"Glads Ramen snabbnudlar med s\u00e5s av kycklingsmak 105 g - Euro-East","robots":{"index":"index","follow":"follow","max-snippet":"max-snippet:-1","max-image-preview":"max-image-preview:large","max-video-preview":"max-video-preview:-1"},"canonical":"https:\/\/euro-east.fi\/tuote\/glads-ramen-snabbnudlar-med-sas-av-kycklingsmak-105-g\/","og_locale":"sv_SE","og_type":"article","og_title":"Glads Ramen snabbnudlar med s\u00e5s av kycklingsmak 105 g - Euro-East","og_description":"Glads Ramen-snabbnudlar bjuder p\u00e5 en \u00e4kta asiatisk smakupplevelse \u2013 snabbt och enkelt. Den l\u00e4tt kryddiga kycklingsmaken kombineras elegant med milda toner av tomat, vitl\u00f6k och ingef\u00e4ra f\u00f6r en fyllig och balanserad smakhelhet. Det perfekta valet f\u00f6r stressiga stunder n\u00e4r du vill njuta av en god och v\u00e4rmande m\u00e5ltid utan kr\u00e5ngel.","og_url":"https:\/\/euro-east.fi\/tuote\/glads-ramen-snabbnudlar-med-sas-av-kycklingsmak-105-g\/","og_site_name":"Euro-East","article_publisher":"https:\/\/www.facebook.com\/EuroEast.fi","article_modified_time":"2026-02-01T22:06:54+00:00","og_image":[{"width":250,"height":250,"url":"https:\/\/euro-east.fi\/wp-content\/uploads\/2023\/03\/Logo-1.png","type":"image\/png"}],"twitter_card":"summary_large_image","twitter_site":"@euroeastoy","schema":{"@context":"https:\/\/schema.org","@graph":[{"@type":"WebPage","@id":"https:\/\/euro-east.fi\/tuote\/glads-ramen-snabbnudlar-med-sas-av-kycklingsmak-105-g\/","url":"https:\/\/euro-east.fi\/tuote\/glads-ramen-snabbnudlar-med-sas-av-kycklingsmak-105-g\/","name":"Glads Ramen snabbnudlar med s\u00e5s av kycklingsmak 105 g - Euro-East","isPartOf":{"@id":"https:\/\/euro-east.fi\/#website"},"primaryImageOfPage":{"@id":"https:\/\/euro-east.fi\/tuote\/glads-ramen-snabbnudlar-med-sas-av-kycklingsmak-105-g\/#primaryimage"},"image":{"@id":"https:\/\/euro-east.fi\/tuote\/glads-ramen-snabbnudlar-med-sas-av-kycklingsmak-105-g\/#primaryimage"},"thumbnailUrl":"https:\/\/euro-east.fi\/wp-content\/uploads\/2026\/01\/482255_glads_ramen_pikanuudeli_kananmakuisella_kastikkeella_105_g.jpg","datePublished":"2025-09-01T11:20:50+00:00","dateModified":"2026-02-01T22:06:54+00:00","breadcrumb":{"@id":"https:\/\/euro-east.fi\/tuote\/glads-ramen-snabbnudlar-med-sas-av-kycklingsmak-105-g\/#breadcrumb"},"inLanguage":"sv-SE","potentialAction":[{"@type":"ReadAction","target":["https:\/\/euro-east.fi\/tuote\/glads-ramen-snabbnudlar-med-sas-av-kycklingsmak-105-g\/"]}]},{"@type":"ImageObject","inLanguage":"sv-SE","@id":"https:\/\/euro-east.fi\/tuote\/glads-ramen-snabbnudlar-med-sas-av-kycklingsmak-105-g\/#primaryimage","url":"https:\/\/euro-east.fi\/wp-content\/uploads\/2026\/01\/482255_glads_ramen_pikanuudeli_kananmakuisella_kastikkeella_105_g.jpg","contentUrl":"https:\/\/euro-east.fi\/wp-content\/uploads\/2026\/01\/482255_glads_ramen_pikanuudeli_kananmakuisella_kastikkeella_105_g.jpg","width":500,"height":500,"caption":"Glads_Ramen_Pikanuudeli_kananmakuisella_kastikkeella_105g"},{"@type":"BreadcrumbList","@id":"https:\/\/euro-east.fi\/tuote\/glads-ramen-snabbnudlar-med-sas-av-kycklingsmak-105-g\/#breadcrumb","itemListElement":[{"@type":"ListItem","position":1,"name":"Home","item":"https:\/\/euro-east.fi\/sv\/"},{"@type":"ListItem","position":2,"name":"Butik","item":"https:\/\/euro-east.fi\/sv\/butik\/"},{"@type":"ListItem","position":3,"name":"Glads Ramen snabbnudlar med s\u00e5s av kycklingsmak 105 g"}]},{"@type":"WebSite","@id":"https:\/\/euro-east.fi\/#website","url":"https:\/\/euro-east.fi\/","name":"Euro-East","description":"Euro-East vie sinut makumatkalle Baltiasta Balkanille.Euro-East on it\u00e4eurooppalaisten elintarvikkeiden maahantuoja. Tarjoamme parhaita herkkuja Baltiasta Balkaniin. Meilt\u00e4 l\u00f6yd\u00e4t laadukkaita vihannes-, kala- ja lihas\u00e4ilykkeit\u00e4, kastikkeita, jyvi\u00e4, mehuja, keksej\u00e4 ja pakasteita. Tule mukaan makumatkalle ja ihastu ruokakulttuurien herkulliseen kirjoon","publisher":{"@id":"https:\/\/euro-east.fi\/#organization"},"potentialAction":[{"@type":"SearchAction","target":{"@type":"EntryPoint","urlTemplate":"https:\/\/euro-east.fi\/?s={search_term_string}"},"query-input":{"@type":"PropertyValueSpecification","valueRequired":true,"valueName":"search_term_string"}}],"inLanguage":"sv-SE"},{"@type":"Organization","@id":"https:\/\/euro-east.fi\/#organization","name":"Euro-East","url":"https:\/\/euro-east.fi\/","logo":{"@type":"ImageObject","inLanguage":"sv-SE","@id":"https:\/\/euro-east.fi\/#\/schema\/logo\/image\/","url":"https:\/\/euro-east.fi\/wp-content\/uploads\/2023\/03\/Logo-1.png","contentUrl":"https:\/\/euro-east.fi\/wp-content\/uploads\/2023\/03\/Logo-1.png","width":250,"height":250,"caption":"Euro-East"},"image":{"@id":"https:\/\/euro-east.fi\/#\/schema\/logo\/image\/"},"sameAs":["https:\/\/www.facebook.com\/EuroEast.fi","https:\/\/x.com\/euroeastoy","https:\/\/www.instagram.com\/euro.east\/","https:\/\/www.pinterest.com\/euroeast\/","https:\/\/www.youtube.com\/channel\/UCfNlzn0G_n53fATPX6Uw0yw"]}]}},"_links":{"self":[{"href":"https:\/\/euro-east.fi\/sv\/wp-json\/wp\/v2\/product\/525268","targetHints":{"allow":["GET"]}}],"collection":[{"href":"https:\/\/euro-east.fi\/sv\/wp-json\/wp\/v2\/product"}],"about":[{"href":"https:\/\/euro-east.fi\/sv\/wp-json\/wp\/v2\/types\/product"}],"wp:featuredmedia":[{"embeddable":true,"href":"https:\/\/euro-east.fi\/sv\/wp-json\/wp\/v2\/media\/526382"}],"wp:attachment":[{"href":"https:\/\/euro-east.fi\/sv\/wp-json\/wp\/v2\/media?parent=525268"}],"wp:term":[{"taxonomy":"product_brand","embeddable":true,"href":"https:\/\/euro-east.fi\/sv\/wp-json\/wp\/v2\/product_brand?post=525268"},{"taxonomy":"product_cat","embeddable":true,"href":"https:\/\/euro-east.fi\/sv\/wp-json\/wp\/v2\/product_cat?post=525268"},{"taxonomy":"product_tag","embeddable":true,"href":"https:\/\/euro-east.fi\/sv\/wp-json\/wp\/v2\/product_tag?post=525268"}],"curies":[{"name":"wp","href":"https:\/\/api.w.org\/{rel}","templated":true}]}}