{"id":525338,"date":"2025-09-15T08:09:50","date_gmt":"2025-09-15T05:09:50","guid":{"rendered":"https:\/\/euro-east.fi\/tuote\/8-panda-koreansk-kryddgurka-330-g\/"},"modified":"2026-02-02T00:05:35","modified_gmt":"2026-02-01T22:05:35","slug":"8-panda-koreansk-kryddgurka-330-g","status":"publish","type":"product","link":"https:\/\/euro-east.fi\/sv\/tuote\/8-panda-koreansk-kryddgurka-330-g\/","title":{"rendered":"8 Panda Koreansk kryddgurka 330 g"},"content":{"rendered":"<p>8 Panda Kryddgurka p\u00e5 Koreanskt vis kombinerar krispiga gurkor och kryddor f\u00f6r en fyllig och nyanserad smakupplevelse.<br \/>\nGurkorna \u00e4r smaksatta med senapsfr\u00f6n, paprika, koriander, chili, ingef\u00e4ra, vitl\u00f6k och kryddnejlika, som tillsammans skapar en kraftfull och balanserad smak.<br \/>\n8 Panda kryddgurka \u00e4r det perfekta valet om du s\u00f6ker n\u00e5got nytt och kryddigare \u00e4n traditionella inlagda gurkor.<\/p>\n<p>Kryddgurkorna passar utm\u00e4rkt att avnjutas som de \u00e4r eller som tillbeh\u00f6r till olika r\u00e4tter.<br \/>\nDu kan ocks\u00e5 prova dem i sallader, som potatissallad, p\u00e5 tapasbordet eller i en burgare eller tortilla.<br \/>\nNjut av den exceptionella smaken hos 8 Panda Kryddgurka och ta med koreanska smaktraditioner in i vardagen!<br \/>\nProva ocks\u00e5 andra produkter fr\u00e5n 8 Panda och uppt\u00e4ck det m\u00e5ngsidiga utbudet av \u00f6sterl\u00e4ndska smaker.<\/p>\n","protected":false},"excerpt":{"rendered":"<p>8 Panda Kryddgurka p\u00e5 Koreanskt vis kombinerar krispiga gurkor och kryddor f\u00f6r en fyllig och nyanserad smakupplevelse. Gurkorna \u00e4r smaksatta med senapsfr\u00f6n, paprika, koriander, chili, ingef\u00e4ra, vitl\u00f6k och kryddnejlika, som tillsammans skapar en kraftfull och balanserad smak. 8 Panda kryddgurka \u00e4r det perfekta valet om du s\u00f6ker n\u00e5got nytt och kryddigare \u00e4n traditionella inlagda gurkor. [&hellip;]<\/p>\n","protected":false},"featured_media":526374,"template":"","meta":{"_acf_changed":false,"content-type":"","_improvement_type_select":"improve_an_existing","_thumb_yes_seoaic":false,"_frame_yes_seoaic":false,"seoaic_generate_description":"","seoaic_improve_instructions_prompt":"","seoaic_rollback_content_improvement":"","seoaic_idea_thumbnail_generator":"","thumbnail_generated":false,"thumbnail_generate_prompt":"","seoaic_article_description":""},"product_brand":[],"product_cat":[3373],"product_tag":[],"class_list":{"0":"post-525338","1":"product","2":"type-product","3":"status-publish","4":"has-post-thumbnail","6":"product_cat-konserverade-gronsaker-och-sallader","8":"first","9":"instock","10":"taxable","11":"shipping-taxable","12":"purchasable","13":"product-type-simple"},"acf":[],"yoast_head":"<!-- This site is optimized with the Yoast SEO plugin v27.1.1 - https:\/\/yoast.com\/product\/yoast-seo-wordpress\/ -->\n<title>8 Panda Koreansk kryddgurka 330 g - Euro-East<\/title>\n<meta name=\"robots\" content=\"index, follow, max-snippet:-1, max-image-preview:large, max-video-preview:-1\" \/>\n<link rel=\"canonical\" href=\"https:\/\/euro-east.fi\/tuote\/8-panda-koreansk-kryddgurka-330-g\/\" \/>\n<meta property=\"og:locale\" content=\"sv_SE\" \/>\n<meta property=\"og:type\" content=\"article\" \/>\n<meta property=\"og:title\" content=\"8 Panda Koreansk kryddgurka 330 g - Euro-East\" \/>\n<meta property=\"og:description\" content=\"8 Panda Kryddgurka p\u00e5 Koreanskt vis kombinerar krispiga gurkor och kryddor f\u00f6r en fyllig och nyanserad smakupplevelse. Gurkorna \u00e4r smaksatta med senapsfr\u00f6n, paprika, koriander, chili, ingef\u00e4ra, vitl\u00f6k och kryddnejlika, som tillsammans skapar en kraftfull och balanserad smak. 8 Panda kryddgurka \u00e4r det perfekta valet om du s\u00f6ker n\u00e5got nytt och kryddigare \u00e4n traditionella inlagda gurkor. [&hellip;]\" \/>\n<meta property=\"og:url\" content=\"https:\/\/euro-east.fi\/tuote\/8-panda-koreansk-kryddgurka-330-g\/\" \/>\n<meta property=\"og:site_name\" content=\"Euro-East\" \/>\n<meta property=\"article:publisher\" content=\"https:\/\/www.facebook.com\/EuroEast.fi\" \/>\n<meta property=\"article:modified_time\" content=\"2026-02-01T22:05:35+00:00\" \/>\n<meta property=\"og:image\" content=\"https:\/\/euro-east.fi\/wp-content\/uploads\/2023\/03\/Logo-1.png\" \/>\n\t<meta property=\"og:image:width\" content=\"250\" \/>\n\t<meta property=\"og:image:height\" content=\"250\" \/>\n\t<meta property=\"og:image:type\" content=\"image\/png\" \/>\n<meta name=\"twitter:card\" content=\"summary_large_image\" \/>\n<meta name=\"twitter:site\" content=\"@euroeastoy\" \/>\n<meta name=\"twitter:label1\" content=\"Ber\u00e4knad l\u00e4stid\" \/>\n\t<meta name=\"twitter:data1\" content=\"1 minute\" \/>\n<script type=\"application\/ld+json\" class=\"yoast-schema-graph\">{\"@context\":\"https:\/\/schema.org\",\"@graph\":[{\"@type\":\"WebPage\",\"@id\":\"https:\/\/euro-east.fi\/tuote\/8-panda-koreansk-kryddgurka-330-g\/\",\"url\":\"https:\/\/euro-east.fi\/tuote\/8-panda-koreansk-kryddgurka-330-g\/\",\"name\":\"8 Panda Koreansk kryddgurka 330 g - Euro-East\",\"isPartOf\":{\"@id\":\"https:\/\/euro-east.fi\/#website\"},\"primaryImageOfPage\":{\"@id\":\"https:\/\/euro-east.fi\/tuote\/8-panda-koreansk-kryddgurka-330-g\/#primaryimage\"},\"image\":{\"@id\":\"https:\/\/euro-east.fi\/tuote\/8-panda-koreansk-kryddgurka-330-g\/#primaryimage\"},\"thumbnailUrl\":\"https:\/\/euro-east.fi\/wp-content\/uploads\/2026\/01\/41260330_8_panda_maustekurkku_korealaisittain_330_g.jpg\",\"datePublished\":\"2025-09-15T05:09:50+00:00\",\"dateModified\":\"2026-02-01T22:05:35+00:00\",\"breadcrumb\":{\"@id\":\"https:\/\/euro-east.fi\/tuote\/8-panda-koreansk-kryddgurka-330-g\/#breadcrumb\"},\"inLanguage\":\"sv-SE\",\"potentialAction\":[{\"@type\":\"ReadAction\",\"target\":[\"https:\/\/euro-east.fi\/tuote\/8-panda-koreansk-kryddgurka-330-g\/\"]}]},{\"@type\":\"ImageObject\",\"inLanguage\":\"sv-SE\",\"@id\":\"https:\/\/euro-east.fi\/tuote\/8-panda-koreansk-kryddgurka-330-g\/#primaryimage\",\"url\":\"https:\/\/euro-east.fi\/wp-content\/uploads\/2026\/01\/41260330_8_panda_maustekurkku_korealaisittain_330_g.jpg\",\"contentUrl\":\"https:\/\/euro-east.fi\/wp-content\/uploads\/2026\/01\/41260330_8_panda_maustekurkku_korealaisittain_330_g.jpg\",\"width\":500,\"height\":500,\"caption\":\"8_Panda_Maustekurkku_korealaisittain_330_g_jpg\"},{\"@type\":\"BreadcrumbList\",\"@id\":\"https:\/\/euro-east.fi\/tuote\/8-panda-koreansk-kryddgurka-330-g\/#breadcrumb\",\"itemListElement\":[{\"@type\":\"ListItem\",\"position\":1,\"name\":\"Home\",\"item\":\"https:\/\/euro-east.fi\/sv\/\"},{\"@type\":\"ListItem\",\"position\":2,\"name\":\"Butik\",\"item\":\"https:\/\/euro-east.fi\/sv\/butik\/\"},{\"@type\":\"ListItem\",\"position\":3,\"name\":\"8 Panda Koreansk kryddgurka 330 g\"}]},{\"@type\":\"WebSite\",\"@id\":\"https:\/\/euro-east.fi\/#website\",\"url\":\"https:\/\/euro-east.fi\/\",\"name\":\"Euro-East\",\"description\":\"Euro-East vie sinut makumatkalle Baltiasta Balkanille.Euro-East on it\u00e4eurooppalaisten elintarvikkeiden maahantuoja. Tarjoamme parhaita herkkuja Baltiasta Balkaniin. Meilt\u00e4 l\u00f6yd\u00e4t laadukkaita vihannes-, kala- ja lihas\u00e4ilykkeit\u00e4, kastikkeita, jyvi\u00e4, mehuja, keksej\u00e4 ja pakasteita. Tule mukaan makumatkalle ja ihastu ruokakulttuurien herkulliseen kirjoon\",\"publisher\":{\"@id\":\"https:\/\/euro-east.fi\/#organization\"},\"potentialAction\":[{\"@type\":\"SearchAction\",\"target\":{\"@type\":\"EntryPoint\",\"urlTemplate\":\"https:\/\/euro-east.fi\/?s={search_term_string}\"},\"query-input\":{\"@type\":\"PropertyValueSpecification\",\"valueRequired\":true,\"valueName\":\"search_term_string\"}}],\"inLanguage\":\"sv-SE\"},{\"@type\":\"Organization\",\"@id\":\"https:\/\/euro-east.fi\/#organization\",\"name\":\"Euro-East\",\"url\":\"https:\/\/euro-east.fi\/\",\"logo\":{\"@type\":\"ImageObject\",\"inLanguage\":\"sv-SE\",\"@id\":\"https:\/\/euro-east.fi\/#\/schema\/logo\/image\/\",\"url\":\"https:\/\/euro-east.fi\/wp-content\/uploads\/2023\/03\/Logo-1.png\",\"contentUrl\":\"https:\/\/euro-east.fi\/wp-content\/uploads\/2023\/03\/Logo-1.png\",\"width\":250,\"height\":250,\"caption\":\"Euro-East\"},\"image\":{\"@id\":\"https:\/\/euro-east.fi\/#\/schema\/logo\/image\/\"},\"sameAs\":[\"https:\/\/www.facebook.com\/EuroEast.fi\",\"https:\/\/x.com\/euroeastoy\",\"https:\/\/www.instagram.com\/euro.east\/\",\"https:\/\/www.pinterest.com\/euroeast\/\",\"https:\/\/www.youtube.com\/channel\/UCfNlzn0G_n53fATPX6Uw0yw\"]}]}<\/script>\n<!-- \/ Yoast SEO plugin. -->","yoast_head_json":{"title":"8 Panda Koreansk kryddgurka 330 g - Euro-East","robots":{"index":"index","follow":"follow","max-snippet":"max-snippet:-1","max-image-preview":"max-image-preview:large","max-video-preview":"max-video-preview:-1"},"canonical":"https:\/\/euro-east.fi\/tuote\/8-panda-koreansk-kryddgurka-330-g\/","og_locale":"sv_SE","og_type":"article","og_title":"8 Panda Koreansk kryddgurka 330 g - Euro-East","og_description":"8 Panda Kryddgurka p\u00e5 Koreanskt vis kombinerar krispiga gurkor och kryddor f\u00f6r en fyllig och nyanserad smakupplevelse. Gurkorna \u00e4r smaksatta med senapsfr\u00f6n, paprika, koriander, chili, ingef\u00e4ra, vitl\u00f6k och kryddnejlika, som tillsammans skapar en kraftfull och balanserad smak. 8 Panda kryddgurka \u00e4r det perfekta valet om du s\u00f6ker n\u00e5got nytt och kryddigare \u00e4n traditionella inlagda gurkor. [&hellip;]","og_url":"https:\/\/euro-east.fi\/tuote\/8-panda-koreansk-kryddgurka-330-g\/","og_site_name":"Euro-East","article_publisher":"https:\/\/www.facebook.com\/EuroEast.fi","article_modified_time":"2026-02-01T22:05:35+00:00","og_image":[{"width":250,"height":250,"url":"https:\/\/euro-east.fi\/wp-content\/uploads\/2023\/03\/Logo-1.png","type":"image\/png"}],"twitter_card":"summary_large_image","twitter_site":"@euroeastoy","twitter_misc":{"Ber\u00e4knad l\u00e4stid":"1 minute"},"schema":{"@context":"https:\/\/schema.org","@graph":[{"@type":"WebPage","@id":"https:\/\/euro-east.fi\/tuote\/8-panda-koreansk-kryddgurka-330-g\/","url":"https:\/\/euro-east.fi\/tuote\/8-panda-koreansk-kryddgurka-330-g\/","name":"8 Panda Koreansk kryddgurka 330 g - Euro-East","isPartOf":{"@id":"https:\/\/euro-east.fi\/#website"},"primaryImageOfPage":{"@id":"https:\/\/euro-east.fi\/tuote\/8-panda-koreansk-kryddgurka-330-g\/#primaryimage"},"image":{"@id":"https:\/\/euro-east.fi\/tuote\/8-panda-koreansk-kryddgurka-330-g\/#primaryimage"},"thumbnailUrl":"https:\/\/euro-east.fi\/wp-content\/uploads\/2026\/01\/41260330_8_panda_maustekurkku_korealaisittain_330_g.jpg","datePublished":"2025-09-15T05:09:50+00:00","dateModified":"2026-02-01T22:05:35+00:00","breadcrumb":{"@id":"https:\/\/euro-east.fi\/tuote\/8-panda-koreansk-kryddgurka-330-g\/#breadcrumb"},"inLanguage":"sv-SE","potentialAction":[{"@type":"ReadAction","target":["https:\/\/euro-east.fi\/tuote\/8-panda-koreansk-kryddgurka-330-g\/"]}]},{"@type":"ImageObject","inLanguage":"sv-SE","@id":"https:\/\/euro-east.fi\/tuote\/8-panda-koreansk-kryddgurka-330-g\/#primaryimage","url":"https:\/\/euro-east.fi\/wp-content\/uploads\/2026\/01\/41260330_8_panda_maustekurkku_korealaisittain_330_g.jpg","contentUrl":"https:\/\/euro-east.fi\/wp-content\/uploads\/2026\/01\/41260330_8_panda_maustekurkku_korealaisittain_330_g.jpg","width":500,"height":500,"caption":"8_Panda_Maustekurkku_korealaisittain_330_g_jpg"},{"@type":"BreadcrumbList","@id":"https:\/\/euro-east.fi\/tuote\/8-panda-koreansk-kryddgurka-330-g\/#breadcrumb","itemListElement":[{"@type":"ListItem","position":1,"name":"Home","item":"https:\/\/euro-east.fi\/sv\/"},{"@type":"ListItem","position":2,"name":"Butik","item":"https:\/\/euro-east.fi\/sv\/butik\/"},{"@type":"ListItem","position":3,"name":"8 Panda Koreansk kryddgurka 330 g"}]},{"@type":"WebSite","@id":"https:\/\/euro-east.fi\/#website","url":"https:\/\/euro-east.fi\/","name":"Euro-East","description":"Euro-East vie sinut makumatkalle Baltiasta Balkanille.Euro-East on it\u00e4eurooppalaisten elintarvikkeiden maahantuoja. Tarjoamme parhaita herkkuja Baltiasta Balkaniin. Meilt\u00e4 l\u00f6yd\u00e4t laadukkaita vihannes-, kala- ja lihas\u00e4ilykkeit\u00e4, kastikkeita, jyvi\u00e4, mehuja, keksej\u00e4 ja pakasteita. Tule mukaan makumatkalle ja ihastu ruokakulttuurien herkulliseen kirjoon","publisher":{"@id":"https:\/\/euro-east.fi\/#organization"},"potentialAction":[{"@type":"SearchAction","target":{"@type":"EntryPoint","urlTemplate":"https:\/\/euro-east.fi\/?s={search_term_string}"},"query-input":{"@type":"PropertyValueSpecification","valueRequired":true,"valueName":"search_term_string"}}],"inLanguage":"sv-SE"},{"@type":"Organization","@id":"https:\/\/euro-east.fi\/#organization","name":"Euro-East","url":"https:\/\/euro-east.fi\/","logo":{"@type":"ImageObject","inLanguage":"sv-SE","@id":"https:\/\/euro-east.fi\/#\/schema\/logo\/image\/","url":"https:\/\/euro-east.fi\/wp-content\/uploads\/2023\/03\/Logo-1.png","contentUrl":"https:\/\/euro-east.fi\/wp-content\/uploads\/2023\/03\/Logo-1.png","width":250,"height":250,"caption":"Euro-East"},"image":{"@id":"https:\/\/euro-east.fi\/#\/schema\/logo\/image\/"},"sameAs":["https:\/\/www.facebook.com\/EuroEast.fi","https:\/\/x.com\/euroeastoy","https:\/\/www.instagram.com\/euro.east\/","https:\/\/www.pinterest.com\/euroeast\/","https:\/\/www.youtube.com\/channel\/UCfNlzn0G_n53fATPX6Uw0yw"]}]}},"_links":{"self":[{"href":"https:\/\/euro-east.fi\/sv\/wp-json\/wp\/v2\/product\/525338","targetHints":{"allow":["GET"]}}],"collection":[{"href":"https:\/\/euro-east.fi\/sv\/wp-json\/wp\/v2\/product"}],"about":[{"href":"https:\/\/euro-east.fi\/sv\/wp-json\/wp\/v2\/types\/product"}],"wp:featuredmedia":[{"embeddable":true,"href":"https:\/\/euro-east.fi\/sv\/wp-json\/wp\/v2\/media\/526374"}],"wp:attachment":[{"href":"https:\/\/euro-east.fi\/sv\/wp-json\/wp\/v2\/media?parent=525338"}],"wp:term":[{"taxonomy":"product_brand","embeddable":true,"href":"https:\/\/euro-east.fi\/sv\/wp-json\/wp\/v2\/product_brand?post=525338"},{"taxonomy":"product_cat","embeddable":true,"href":"https:\/\/euro-east.fi\/sv\/wp-json\/wp\/v2\/product_cat?post=525338"},{"taxonomy":"product_tag","embeddable":true,"href":"https:\/\/euro-east.fi\/sv\/wp-json\/wp\/v2\/product_tag?post=525338"}],"curies":[{"name":"wp","href":"https:\/\/api.w.org\/{rel}","templated":true}]}}