{"id":525410,"date":"2025-10-03T09:35:43","date_gmt":"2025-10-03T06:35:43","guid":{"rendered":"https:\/\/euro-east.fi\/tuote\/reeva-potatismos-med-smak-av-smor-och-orter-40-g\/"},"modified":"2026-02-02T00:05:24","modified_gmt":"2026-02-01T22:05:24","slug":"reeva-potatismos-med-smak-av-smor-och-orter-40-g","status":"publish","type":"product","link":"https:\/\/euro-east.fi\/sv\/tuote\/reeva-potatismos-med-smak-av-smor-och-orter-40-g\/","title":{"rendered":"Reeva Potatismos med smak av sm\u00f6r och \u00f6rter 40 g"},"content":{"rendered":"<p>Reeva erbjuder ett snabbt och enkelt potatismos med en l\u00e4cker \u00f6rt- och sm\u00f6rsmak.<br \/>\nTillverkat av h\u00f6gkvalitativa potatisflingor och smaksatt med naturliga \u00f6rter och sm\u00f6r \u2013 en traditionell smakupplevelse som p\u00e5minner om hemlagad mat.<br \/>\nPerfekt val f\u00f6r vardagen \u2013 oavsett om du har br\u00e5ttom eller njuter av en lugn m\u00e5ltid, n\u00e4r du vill ha ett l\u00e4ttlagat och smakrikt tillbeh\u00f6r.<br \/>\nServera varmt med till exempel k\u00f6ttr\u00e4tter, s\u00e5ser eller gr\u00f6nsaker. Inneh\u00e5ller inga animaliska ingredienser.<\/p>\n","protected":false},"excerpt":{"rendered":"<p>Reeva erbjuder ett snabbt och enkelt potatismos med en l\u00e4cker \u00f6rt- och sm\u00f6rsmak. Tillverkat av h\u00f6gkvalitativa potatisflingor och smaksatt med naturliga \u00f6rter och sm\u00f6r \u2013 en traditionell smakupplevelse som p\u00e5minner om hemlagad mat. Perfekt val f\u00f6r vardagen \u2013 oavsett om du har br\u00e5ttom eller njuter av en lugn m\u00e5ltid, n\u00e4r du vill ha ett l\u00e4ttlagat [&hellip;]<\/p>\n","protected":false},"featured_media":526430,"template":"","meta":{"_acf_changed":false,"content-type":"","_improvement_type_select":"improve_an_existing","_thumb_yes_seoaic":false,"_frame_yes_seoaic":false,"seoaic_generate_description":"","seoaic_improve_instructions_prompt":"","seoaic_rollback_content_improvement":"","seoaic_idea_thumbnail_generator":"","thumbnail_generated":false,"thumbnail_generate_prompt":"","seoaic_article_description":""},"product_brand":[],"product_cat":[3379],"product_tag":[],"class_list":{"0":"post-525410","1":"product","2":"type-product","3":"status-publish","4":"has-post-thumbnail","6":"product_cat-nudlar-och-pasta","8":"first","9":"instock","10":"taxable","11":"shipping-taxable","12":"purchasable","13":"product-type-simple"},"acf":[],"yoast_head":"<!-- This site is optimized with the Yoast SEO plugin v27.1.1 - https:\/\/yoast.com\/product\/yoast-seo-wordpress\/ -->\n<title>Reeva Potatismos med smak av sm\u00f6r och \u00f6rter 40 g - Euro-East<\/title>\n<meta name=\"robots\" content=\"index, follow, max-snippet:-1, max-image-preview:large, max-video-preview:-1\" \/>\n<link rel=\"canonical\" href=\"https:\/\/euro-east.fi\/tuote\/reeva-potatismos-med-smak-av-smor-och-orter-40-g\/\" \/>\n<meta property=\"og:locale\" content=\"sv_SE\" \/>\n<meta property=\"og:type\" content=\"article\" \/>\n<meta property=\"og:title\" content=\"Reeva Potatismos med smak av sm\u00f6r och \u00f6rter 40 g - Euro-East\" \/>\n<meta property=\"og:description\" content=\"Reeva erbjuder ett snabbt och enkelt potatismos med en l\u00e4cker \u00f6rt- och sm\u00f6rsmak. Tillverkat av h\u00f6gkvalitativa potatisflingor och smaksatt med naturliga \u00f6rter och sm\u00f6r \u2013 en traditionell smakupplevelse som p\u00e5minner om hemlagad mat. Perfekt val f\u00f6r vardagen \u2013 oavsett om du har br\u00e5ttom eller njuter av en lugn m\u00e5ltid, n\u00e4r du vill ha ett l\u00e4ttlagat [&hellip;]\" \/>\n<meta property=\"og:url\" content=\"https:\/\/euro-east.fi\/tuote\/reeva-potatismos-med-smak-av-smor-och-orter-40-g\/\" \/>\n<meta property=\"og:site_name\" content=\"Euro-East\" \/>\n<meta property=\"article:publisher\" content=\"https:\/\/www.facebook.com\/EuroEast.fi\" \/>\n<meta property=\"article:modified_time\" content=\"2026-02-01T22:05:24+00:00\" \/>\n<meta property=\"og:image\" content=\"https:\/\/euro-east.fi\/wp-content\/uploads\/2023\/03\/Logo-1.png\" \/>\n\t<meta property=\"og:image:width\" content=\"250\" \/>\n\t<meta property=\"og:image:height\" content=\"250\" \/>\n\t<meta property=\"og:image:type\" content=\"image\/png\" \/>\n<meta name=\"twitter:card\" content=\"summary_large_image\" \/>\n<meta name=\"twitter:site\" content=\"@euroeastoy\" \/>\n<script type=\"application\/ld+json\" class=\"yoast-schema-graph\">{\"@context\":\"https:\/\/schema.org\",\"@graph\":[{\"@type\":\"WebPage\",\"@id\":\"https:\/\/euro-east.fi\/tuote\/reeva-potatismos-med-smak-av-smor-och-orter-40-g\/\",\"url\":\"https:\/\/euro-east.fi\/tuote\/reeva-potatismos-med-smak-av-smor-och-orter-40-g\/\",\"name\":\"Reeva Potatismos med smak av sm\u00f6r och \u00f6rter 40 g - Euro-East\",\"isPartOf\":{\"@id\":\"https:\/\/euro-east.fi\/#website\"},\"primaryImageOfPage\":{\"@id\":\"https:\/\/euro-east.fi\/tuote\/reeva-potatismos-med-smak-av-smor-och-orter-40-g\/#primaryimage\"},\"image\":{\"@id\":\"https:\/\/euro-east.fi\/tuote\/reeva-potatismos-med-smak-av-smor-och-orter-40-g\/#primaryimage\"},\"thumbnailUrl\":\"https:\/\/euro-east.fi\/wp-content\/uploads\/2026\/01\/482813_reeva_perunamuusi_yrtti_ja_voinmakuinen_40_g.jpg\",\"datePublished\":\"2025-10-03T06:35:43+00:00\",\"dateModified\":\"2026-02-01T22:05:24+00:00\",\"breadcrumb\":{\"@id\":\"https:\/\/euro-east.fi\/tuote\/reeva-potatismos-med-smak-av-smor-och-orter-40-g\/#breadcrumb\"},\"inLanguage\":\"sv-SE\",\"potentialAction\":[{\"@type\":\"ReadAction\",\"target\":[\"https:\/\/euro-east.fi\/tuote\/reeva-potatismos-med-smak-av-smor-och-orter-40-g\/\"]}]},{\"@type\":\"ImageObject\",\"inLanguage\":\"sv-SE\",\"@id\":\"https:\/\/euro-east.fi\/tuote\/reeva-potatismos-med-smak-av-smor-och-orter-40-g\/#primaryimage\",\"url\":\"https:\/\/euro-east.fi\/wp-content\/uploads\/2026\/01\/482813_reeva_perunamuusi_yrtti_ja_voinmakuinen_40_g.jpg\",\"contentUrl\":\"https:\/\/euro-east.fi\/wp-content\/uploads\/2026\/01\/482813_reeva_perunamuusi_yrtti_ja_voinmakuinen_40_g.jpg\",\"width\":500,\"height\":500,\"caption\":\"Reeva_Perunamuusi_yrteilla_ja_voilla_40g\"},{\"@type\":\"BreadcrumbList\",\"@id\":\"https:\/\/euro-east.fi\/tuote\/reeva-potatismos-med-smak-av-smor-och-orter-40-g\/#breadcrumb\",\"itemListElement\":[{\"@type\":\"ListItem\",\"position\":1,\"name\":\"Home\",\"item\":\"https:\/\/euro-east.fi\/sv\/\"},{\"@type\":\"ListItem\",\"position\":2,\"name\":\"Butik\",\"item\":\"https:\/\/euro-east.fi\/sv\/butik\/\"},{\"@type\":\"ListItem\",\"position\":3,\"name\":\"Reeva Potatismos med smak av sm\u00f6r och \u00f6rter 40 g\"}]},{\"@type\":\"WebSite\",\"@id\":\"https:\/\/euro-east.fi\/#website\",\"url\":\"https:\/\/euro-east.fi\/\",\"name\":\"Euro-East\",\"description\":\"Euro-East vie sinut makumatkalle Baltiasta Balkanille.Euro-East on it\u00e4eurooppalaisten elintarvikkeiden maahantuoja. Tarjoamme parhaita herkkuja Baltiasta Balkaniin. Meilt\u00e4 l\u00f6yd\u00e4t laadukkaita vihannes-, kala- ja lihas\u00e4ilykkeit\u00e4, kastikkeita, jyvi\u00e4, mehuja, keksej\u00e4 ja pakasteita. Tule mukaan makumatkalle ja ihastu ruokakulttuurien herkulliseen kirjoon\",\"publisher\":{\"@id\":\"https:\/\/euro-east.fi\/#organization\"},\"potentialAction\":[{\"@type\":\"SearchAction\",\"target\":{\"@type\":\"EntryPoint\",\"urlTemplate\":\"https:\/\/euro-east.fi\/?s={search_term_string}\"},\"query-input\":{\"@type\":\"PropertyValueSpecification\",\"valueRequired\":true,\"valueName\":\"search_term_string\"}}],\"inLanguage\":\"sv-SE\"},{\"@type\":\"Organization\",\"@id\":\"https:\/\/euro-east.fi\/#organization\",\"name\":\"Euro-East\",\"url\":\"https:\/\/euro-east.fi\/\",\"logo\":{\"@type\":\"ImageObject\",\"inLanguage\":\"sv-SE\",\"@id\":\"https:\/\/euro-east.fi\/#\/schema\/logo\/image\/\",\"url\":\"https:\/\/euro-east.fi\/wp-content\/uploads\/2023\/03\/Logo-1.png\",\"contentUrl\":\"https:\/\/euro-east.fi\/wp-content\/uploads\/2023\/03\/Logo-1.png\",\"width\":250,\"height\":250,\"caption\":\"Euro-East\"},\"image\":{\"@id\":\"https:\/\/euro-east.fi\/#\/schema\/logo\/image\/\"},\"sameAs\":[\"https:\/\/www.facebook.com\/EuroEast.fi\",\"https:\/\/x.com\/euroeastoy\",\"https:\/\/www.instagram.com\/euro.east\/\",\"https:\/\/www.pinterest.com\/euroeast\/\",\"https:\/\/www.youtube.com\/channel\/UCfNlzn0G_n53fATPX6Uw0yw\"]}]}<\/script>\n<!-- \/ Yoast SEO plugin. -->","yoast_head_json":{"title":"Reeva Potatismos med smak av sm\u00f6r och \u00f6rter 40 g - Euro-East","robots":{"index":"index","follow":"follow","max-snippet":"max-snippet:-1","max-image-preview":"max-image-preview:large","max-video-preview":"max-video-preview:-1"},"canonical":"https:\/\/euro-east.fi\/tuote\/reeva-potatismos-med-smak-av-smor-och-orter-40-g\/","og_locale":"sv_SE","og_type":"article","og_title":"Reeva Potatismos med smak av sm\u00f6r och \u00f6rter 40 g - Euro-East","og_description":"Reeva erbjuder ett snabbt och enkelt potatismos med en l\u00e4cker \u00f6rt- och sm\u00f6rsmak. Tillverkat av h\u00f6gkvalitativa potatisflingor och smaksatt med naturliga \u00f6rter och sm\u00f6r \u2013 en traditionell smakupplevelse som p\u00e5minner om hemlagad mat. Perfekt val f\u00f6r vardagen \u2013 oavsett om du har br\u00e5ttom eller njuter av en lugn m\u00e5ltid, n\u00e4r du vill ha ett l\u00e4ttlagat [&hellip;]","og_url":"https:\/\/euro-east.fi\/tuote\/reeva-potatismos-med-smak-av-smor-och-orter-40-g\/","og_site_name":"Euro-East","article_publisher":"https:\/\/www.facebook.com\/EuroEast.fi","article_modified_time":"2026-02-01T22:05:24+00:00","og_image":[{"width":250,"height":250,"url":"https:\/\/euro-east.fi\/wp-content\/uploads\/2023\/03\/Logo-1.png","type":"image\/png"}],"twitter_card":"summary_large_image","twitter_site":"@euroeastoy","schema":{"@context":"https:\/\/schema.org","@graph":[{"@type":"WebPage","@id":"https:\/\/euro-east.fi\/tuote\/reeva-potatismos-med-smak-av-smor-och-orter-40-g\/","url":"https:\/\/euro-east.fi\/tuote\/reeva-potatismos-med-smak-av-smor-och-orter-40-g\/","name":"Reeva Potatismos med smak av sm\u00f6r och \u00f6rter 40 g - Euro-East","isPartOf":{"@id":"https:\/\/euro-east.fi\/#website"},"primaryImageOfPage":{"@id":"https:\/\/euro-east.fi\/tuote\/reeva-potatismos-med-smak-av-smor-och-orter-40-g\/#primaryimage"},"image":{"@id":"https:\/\/euro-east.fi\/tuote\/reeva-potatismos-med-smak-av-smor-och-orter-40-g\/#primaryimage"},"thumbnailUrl":"https:\/\/euro-east.fi\/wp-content\/uploads\/2026\/01\/482813_reeva_perunamuusi_yrtti_ja_voinmakuinen_40_g.jpg","datePublished":"2025-10-03T06:35:43+00:00","dateModified":"2026-02-01T22:05:24+00:00","breadcrumb":{"@id":"https:\/\/euro-east.fi\/tuote\/reeva-potatismos-med-smak-av-smor-och-orter-40-g\/#breadcrumb"},"inLanguage":"sv-SE","potentialAction":[{"@type":"ReadAction","target":["https:\/\/euro-east.fi\/tuote\/reeva-potatismos-med-smak-av-smor-och-orter-40-g\/"]}]},{"@type":"ImageObject","inLanguage":"sv-SE","@id":"https:\/\/euro-east.fi\/tuote\/reeva-potatismos-med-smak-av-smor-och-orter-40-g\/#primaryimage","url":"https:\/\/euro-east.fi\/wp-content\/uploads\/2026\/01\/482813_reeva_perunamuusi_yrtti_ja_voinmakuinen_40_g.jpg","contentUrl":"https:\/\/euro-east.fi\/wp-content\/uploads\/2026\/01\/482813_reeva_perunamuusi_yrtti_ja_voinmakuinen_40_g.jpg","width":500,"height":500,"caption":"Reeva_Perunamuusi_yrteilla_ja_voilla_40g"},{"@type":"BreadcrumbList","@id":"https:\/\/euro-east.fi\/tuote\/reeva-potatismos-med-smak-av-smor-och-orter-40-g\/#breadcrumb","itemListElement":[{"@type":"ListItem","position":1,"name":"Home","item":"https:\/\/euro-east.fi\/sv\/"},{"@type":"ListItem","position":2,"name":"Butik","item":"https:\/\/euro-east.fi\/sv\/butik\/"},{"@type":"ListItem","position":3,"name":"Reeva Potatismos med smak av sm\u00f6r och \u00f6rter 40 g"}]},{"@type":"WebSite","@id":"https:\/\/euro-east.fi\/#website","url":"https:\/\/euro-east.fi\/","name":"Euro-East","description":"Euro-East vie sinut makumatkalle Baltiasta Balkanille.Euro-East on it\u00e4eurooppalaisten elintarvikkeiden maahantuoja. Tarjoamme parhaita herkkuja Baltiasta Balkaniin. Meilt\u00e4 l\u00f6yd\u00e4t laadukkaita vihannes-, kala- ja lihas\u00e4ilykkeit\u00e4, kastikkeita, jyvi\u00e4, mehuja, keksej\u00e4 ja pakasteita. Tule mukaan makumatkalle ja ihastu ruokakulttuurien herkulliseen kirjoon","publisher":{"@id":"https:\/\/euro-east.fi\/#organization"},"potentialAction":[{"@type":"SearchAction","target":{"@type":"EntryPoint","urlTemplate":"https:\/\/euro-east.fi\/?s={search_term_string}"},"query-input":{"@type":"PropertyValueSpecification","valueRequired":true,"valueName":"search_term_string"}}],"inLanguage":"sv-SE"},{"@type":"Organization","@id":"https:\/\/euro-east.fi\/#organization","name":"Euro-East","url":"https:\/\/euro-east.fi\/","logo":{"@type":"ImageObject","inLanguage":"sv-SE","@id":"https:\/\/euro-east.fi\/#\/schema\/logo\/image\/","url":"https:\/\/euro-east.fi\/wp-content\/uploads\/2023\/03\/Logo-1.png","contentUrl":"https:\/\/euro-east.fi\/wp-content\/uploads\/2023\/03\/Logo-1.png","width":250,"height":250,"caption":"Euro-East"},"image":{"@id":"https:\/\/euro-east.fi\/#\/schema\/logo\/image\/"},"sameAs":["https:\/\/www.facebook.com\/EuroEast.fi","https:\/\/x.com\/euroeastoy","https:\/\/www.instagram.com\/euro.east\/","https:\/\/www.pinterest.com\/euroeast\/","https:\/\/www.youtube.com\/channel\/UCfNlzn0G_n53fATPX6Uw0yw"]}]}},"_links":{"self":[{"href":"https:\/\/euro-east.fi\/sv\/wp-json\/wp\/v2\/product\/525410","targetHints":{"allow":["GET"]}}],"collection":[{"href":"https:\/\/euro-east.fi\/sv\/wp-json\/wp\/v2\/product"}],"about":[{"href":"https:\/\/euro-east.fi\/sv\/wp-json\/wp\/v2\/types\/product"}],"wp:featuredmedia":[{"embeddable":true,"href":"https:\/\/euro-east.fi\/sv\/wp-json\/wp\/v2\/media\/526430"}],"wp:attachment":[{"href":"https:\/\/euro-east.fi\/sv\/wp-json\/wp\/v2\/media?parent=525410"}],"wp:term":[{"taxonomy":"product_brand","embeddable":true,"href":"https:\/\/euro-east.fi\/sv\/wp-json\/wp\/v2\/product_brand?post=525410"},{"taxonomy":"product_cat","embeddable":true,"href":"https:\/\/euro-east.fi\/sv\/wp-json\/wp\/v2\/product_cat?post=525410"},{"taxonomy":"product_tag","embeddable":true,"href":"https:\/\/euro-east.fi\/sv\/wp-json\/wp\/v2\/product_tag?post=525410"}],"curies":[{"name":"wp","href":"https:\/\/api.w.org\/{rel}","templated":true}]}}