{"id":525662,"date":"2025-10-20T15:09:17","date_gmt":"2025-10-20T12:09:17","guid":{"rendered":"https:\/\/euro-east.fi\/tuote\/dovgan-family-majonnas-provansal-310-ml\/"},"modified":"2026-02-24T18:04:13","modified_gmt":"2026-02-24T16:04:13","slug":"dovgan-family-majonnas-provansal-310-ml","status":"publish","type":"product","link":"https:\/\/euro-east.fi\/sv\/tuote\/dovgan-family-majonnas-provansal-310-ml\/","title":{"rendered":"Dovgan Family Majonn\u00e4s  Provansal 310 ml"},"content":{"rendered":"<p>Provensalsk majonn\u00e4s \u00e4r resultatet av samarbete med kulinariska experter och har en l\u00e5ng historia som g\u00e5r tillbaka till b\u00f6rjan av 1900-talet. Denna l\u00e5nga historia g\u00f6r den till en av de mest k\u00e4nda majonn\u00e4serna i v\u00e4rlden. Det \u00e4r den perfekta kombinationen av kr\u00e4mighet, fyllighet och subtilitet i smaken.<br \/>\nDess traditionella och enkla formel inneh\u00e5ller 71 % solrosolja, vatten, \u00e4gg, socker, salt, \u00e4ttiksyra och senapsolja. Perfekt f\u00f6r sallader och dressingar, den \u00e4r ocks\u00e5 en integrerad del av den traditionella Olivier-salladen.<\/p>\n","protected":false},"excerpt":{"rendered":"<p>Provensalsk majonn\u00e4s \u00e4r resultatet av samarbete med kulinariska experter och har en l\u00e5ng historia som g\u00e5r tillbaka till b\u00f6rjan av 1900-talet. Denna l\u00e5nga historia g\u00f6r den till en av de mest k\u00e4nda majonn\u00e4serna i v\u00e4rlden. Det \u00e4r den perfekta kombinationen av kr\u00e4mighet, fyllighet och subtilitet i smaken. Dess traditionella och enkla formel inneh\u00e5ller 71 % [&hellip;]<\/p>\n","protected":false},"featured_media":525660,"template":"","meta":{"_acf_changed":false,"content-type":"","_improvement_type_select":"improve_an_existing","_thumb_yes_seoaic":false,"_frame_yes_seoaic":false,"seoaic_generate_description":"","seoaic_improve_instructions_prompt":"","seoaic_rollback_content_improvement":"","seoaic_idea_thumbnail_generator":"","thumbnail_generated":false,"thumbnail_generate_prompt":"","seoaic_article_description":""},"product_brand":[],"product_cat":[3400],"product_tag":[],"class_list":{"0":"post-525662","1":"product","2":"type-product","3":"status-publish","4":"has-post-thumbnail","6":"product_cat-saser-och-annat","8":"first","9":"instock","10":"taxable","11":"shipping-taxable","12":"purchasable","13":"product-type-simple"},"acf":[],"yoast_head":"<!-- This site is optimized with the Yoast SEO plugin v27.1.1 - https:\/\/yoast.com\/product\/yoast-seo-wordpress\/ -->\n<title>Dovgan Family Majonn\u00e4s Provansal 310 ml - Euro-East<\/title>\n<meta name=\"robots\" content=\"index, follow, max-snippet:-1, max-image-preview:large, max-video-preview:-1\" \/>\n<link rel=\"canonical\" href=\"https:\/\/euro-east.fi\/sv\/tuote\/dovgan-family-majonnas-provansal-310-ml\/\" \/>\n<meta property=\"og:locale\" content=\"sv_SE\" \/>\n<meta property=\"og:type\" content=\"article\" \/>\n<meta property=\"og:title\" content=\"Dovgan Family Majonn\u00e4s Provansal 310 ml - Euro-East\" \/>\n<meta property=\"og:description\" content=\"Provensalsk majonn\u00e4s \u00e4r resultatet av samarbete med kulinariska experter och har en l\u00e5ng historia som g\u00e5r tillbaka till b\u00f6rjan av 1900-talet. Denna l\u00e5nga historia g\u00f6r den till en av de mest k\u00e4nda majonn\u00e4serna i v\u00e4rlden. Det \u00e4r den perfekta kombinationen av kr\u00e4mighet, fyllighet och subtilitet i smaken. Dess traditionella och enkla formel inneh\u00e5ller 71 % [&hellip;]\" \/>\n<meta property=\"og:url\" content=\"https:\/\/euro-east.fi\/sv\/tuote\/dovgan-family-majonnas-provansal-310-ml\/\" \/>\n<meta property=\"og:site_name\" content=\"Euro-East\" \/>\n<meta property=\"article:publisher\" content=\"https:\/\/www.facebook.com\/EuroEast.fi\" \/>\n<meta property=\"article:modified_time\" content=\"2026-02-24T16:04:13+00:00\" \/>\n<meta property=\"og:image\" content=\"https:\/\/euro-east.fi\/wp-content\/uploads\/2025\/10\/f43229300_dovgan_family_majoneesi_provansal_310_ml.jpg\" \/>\n\t<meta property=\"og:image:width\" content=\"500\" \/>\n\t<meta property=\"og:image:height\" content=\"500\" \/>\n\t<meta property=\"og:image:type\" content=\"image\/jpeg\" \/>\n<meta name=\"twitter:card\" content=\"summary_large_image\" \/>\n<meta name=\"twitter:site\" content=\"@euroeastoy\" \/>\n<script type=\"application\/ld+json\" class=\"yoast-schema-graph\">{\"@context\":\"https:\/\/schema.org\",\"@graph\":[{\"@type\":\"WebPage\",\"@id\":\"https:\/\/euro-east.fi\/sv\/tuote\/dovgan-family-majonnas-provansal-310-ml\/\",\"url\":\"https:\/\/euro-east.fi\/sv\/tuote\/dovgan-family-majonnas-provansal-310-ml\/\",\"name\":\"Dovgan Family Majonn\u00e4s Provansal 310 ml - Euro-East\",\"isPartOf\":{\"@id\":\"https:\/\/euro-east.fi\/#website\"},\"primaryImageOfPage\":{\"@id\":\"https:\/\/euro-east.fi\/sv\/tuote\/dovgan-family-majonnas-provansal-310-ml\/#primaryimage\"},\"image\":{\"@id\":\"https:\/\/euro-east.fi\/sv\/tuote\/dovgan-family-majonnas-provansal-310-ml\/#primaryimage\"},\"thumbnailUrl\":\"https:\/\/euro-east.fi\/wp-content\/uploads\/2025\/10\/f43229300_dovgan_family_majoneesi_provansal_310_ml.jpg\",\"datePublished\":\"2025-10-20T12:09:17+00:00\",\"dateModified\":\"2026-02-24T16:04:13+00:00\",\"breadcrumb\":{\"@id\":\"https:\/\/euro-east.fi\/sv\/tuote\/dovgan-family-majonnas-provansal-310-ml\/#breadcrumb\"},\"inLanguage\":\"sv-SE\",\"potentialAction\":[{\"@type\":\"ReadAction\",\"target\":[\"https:\/\/euro-east.fi\/sv\/tuote\/dovgan-family-majonnas-provansal-310-ml\/\"]}]},{\"@type\":\"ImageObject\",\"inLanguage\":\"sv-SE\",\"@id\":\"https:\/\/euro-east.fi\/sv\/tuote\/dovgan-family-majonnas-provansal-310-ml\/#primaryimage\",\"url\":\"https:\/\/euro-east.fi\/wp-content\/uploads\/2025\/10\/f43229300_dovgan_family_majoneesi_provansal_310_ml.jpg\",\"contentUrl\":\"https:\/\/euro-east.fi\/wp-content\/uploads\/2025\/10\/f43229300_dovgan_family_majoneesi_provansal_310_ml.jpg\",\"width\":500,\"height\":500,\"caption\":\"Dovgan_Family_Majoneesi_Provansal_310_ml\"},{\"@type\":\"BreadcrumbList\",\"@id\":\"https:\/\/euro-east.fi\/sv\/tuote\/dovgan-family-majonnas-provansal-310-ml\/#breadcrumb\",\"itemListElement\":[{\"@type\":\"ListItem\",\"position\":1,\"name\":\"Home\",\"item\":\"https:\/\/euro-east.fi\/sv\/\"},{\"@type\":\"ListItem\",\"position\":2,\"name\":\"Butik\",\"item\":\"https:\/\/euro-east.fi\/sv\/butik\/\"},{\"@type\":\"ListItem\",\"position\":3,\"name\":\"Dovgan Family Majonn\u00e4s Provansal 310 ml\"}]},{\"@type\":\"WebSite\",\"@id\":\"https:\/\/euro-east.fi\/#website\",\"url\":\"https:\/\/euro-east.fi\/\",\"name\":\"Euro-East\",\"description\":\"Euro-East vie sinut makumatkalle Baltiasta Balkanille.Euro-East on it\u00e4eurooppalaisten elintarvikkeiden maahantuoja. Tarjoamme parhaita herkkuja Baltiasta Balkaniin. Meilt\u00e4 l\u00f6yd\u00e4t laadukkaita vihannes-, kala- ja lihas\u00e4ilykkeit\u00e4, kastikkeita, jyvi\u00e4, mehuja, keksej\u00e4 ja pakasteita. Tule mukaan makumatkalle ja ihastu ruokakulttuurien herkulliseen kirjoon\",\"publisher\":{\"@id\":\"https:\/\/euro-east.fi\/#organization\"},\"potentialAction\":[{\"@type\":\"SearchAction\",\"target\":{\"@type\":\"EntryPoint\",\"urlTemplate\":\"https:\/\/euro-east.fi\/?s={search_term_string}\"},\"query-input\":{\"@type\":\"PropertyValueSpecification\",\"valueRequired\":true,\"valueName\":\"search_term_string\"}}],\"inLanguage\":\"sv-SE\"},{\"@type\":\"Organization\",\"@id\":\"https:\/\/euro-east.fi\/#organization\",\"name\":\"Euro-East\",\"url\":\"https:\/\/euro-east.fi\/\",\"logo\":{\"@type\":\"ImageObject\",\"inLanguage\":\"sv-SE\",\"@id\":\"https:\/\/euro-east.fi\/#\/schema\/logo\/image\/\",\"url\":\"https:\/\/euro-east.fi\/wp-content\/uploads\/2023\/03\/Logo-1.png\",\"contentUrl\":\"https:\/\/euro-east.fi\/wp-content\/uploads\/2023\/03\/Logo-1.png\",\"width\":250,\"height\":250,\"caption\":\"Euro-East\"},\"image\":{\"@id\":\"https:\/\/euro-east.fi\/#\/schema\/logo\/image\/\"},\"sameAs\":[\"https:\/\/www.facebook.com\/EuroEast.fi\",\"https:\/\/x.com\/euroeastoy\",\"https:\/\/www.instagram.com\/euro.east\/\",\"https:\/\/www.pinterest.com\/euroeast\/\",\"https:\/\/www.youtube.com\/channel\/UCfNlzn0G_n53fATPX6Uw0yw\"]}]}<\/script>\n<!-- \/ Yoast SEO plugin. -->","yoast_head_json":{"title":"Dovgan Family Majonn\u00e4s Provansal 310 ml - Euro-East","robots":{"index":"index","follow":"follow","max-snippet":"max-snippet:-1","max-image-preview":"max-image-preview:large","max-video-preview":"max-video-preview:-1"},"canonical":"https:\/\/euro-east.fi\/sv\/tuote\/dovgan-family-majonnas-provansal-310-ml\/","og_locale":"sv_SE","og_type":"article","og_title":"Dovgan Family Majonn\u00e4s Provansal 310 ml - Euro-East","og_description":"Provensalsk majonn\u00e4s \u00e4r resultatet av samarbete med kulinariska experter och har en l\u00e5ng historia som g\u00e5r tillbaka till b\u00f6rjan av 1900-talet. Denna l\u00e5nga historia g\u00f6r den till en av de mest k\u00e4nda majonn\u00e4serna i v\u00e4rlden. Det \u00e4r den perfekta kombinationen av kr\u00e4mighet, fyllighet och subtilitet i smaken. Dess traditionella och enkla formel inneh\u00e5ller 71 % [&hellip;]","og_url":"https:\/\/euro-east.fi\/sv\/tuote\/dovgan-family-majonnas-provansal-310-ml\/","og_site_name":"Euro-East","article_publisher":"https:\/\/www.facebook.com\/EuroEast.fi","article_modified_time":"2026-02-24T16:04:13+00:00","og_image":[{"width":500,"height":500,"url":"https:\/\/euro-east.fi\/wp-content\/uploads\/2025\/10\/f43229300_dovgan_family_majoneesi_provansal_310_ml.jpg","type":"image\/jpeg"}],"twitter_card":"summary_large_image","twitter_site":"@euroeastoy","schema":{"@context":"https:\/\/schema.org","@graph":[{"@type":"WebPage","@id":"https:\/\/euro-east.fi\/sv\/tuote\/dovgan-family-majonnas-provansal-310-ml\/","url":"https:\/\/euro-east.fi\/sv\/tuote\/dovgan-family-majonnas-provansal-310-ml\/","name":"Dovgan Family Majonn\u00e4s Provansal 310 ml - Euro-East","isPartOf":{"@id":"https:\/\/euro-east.fi\/#website"},"primaryImageOfPage":{"@id":"https:\/\/euro-east.fi\/sv\/tuote\/dovgan-family-majonnas-provansal-310-ml\/#primaryimage"},"image":{"@id":"https:\/\/euro-east.fi\/sv\/tuote\/dovgan-family-majonnas-provansal-310-ml\/#primaryimage"},"thumbnailUrl":"https:\/\/euro-east.fi\/wp-content\/uploads\/2025\/10\/f43229300_dovgan_family_majoneesi_provansal_310_ml.jpg","datePublished":"2025-10-20T12:09:17+00:00","dateModified":"2026-02-24T16:04:13+00:00","breadcrumb":{"@id":"https:\/\/euro-east.fi\/sv\/tuote\/dovgan-family-majonnas-provansal-310-ml\/#breadcrumb"},"inLanguage":"sv-SE","potentialAction":[{"@type":"ReadAction","target":["https:\/\/euro-east.fi\/sv\/tuote\/dovgan-family-majonnas-provansal-310-ml\/"]}]},{"@type":"ImageObject","inLanguage":"sv-SE","@id":"https:\/\/euro-east.fi\/sv\/tuote\/dovgan-family-majonnas-provansal-310-ml\/#primaryimage","url":"https:\/\/euro-east.fi\/wp-content\/uploads\/2025\/10\/f43229300_dovgan_family_majoneesi_provansal_310_ml.jpg","contentUrl":"https:\/\/euro-east.fi\/wp-content\/uploads\/2025\/10\/f43229300_dovgan_family_majoneesi_provansal_310_ml.jpg","width":500,"height":500,"caption":"Dovgan_Family_Majoneesi_Provansal_310_ml"},{"@type":"BreadcrumbList","@id":"https:\/\/euro-east.fi\/sv\/tuote\/dovgan-family-majonnas-provansal-310-ml\/#breadcrumb","itemListElement":[{"@type":"ListItem","position":1,"name":"Home","item":"https:\/\/euro-east.fi\/sv\/"},{"@type":"ListItem","position":2,"name":"Butik","item":"https:\/\/euro-east.fi\/sv\/butik\/"},{"@type":"ListItem","position":3,"name":"Dovgan Family Majonn\u00e4s Provansal 310 ml"}]},{"@type":"WebSite","@id":"https:\/\/euro-east.fi\/#website","url":"https:\/\/euro-east.fi\/","name":"Euro-East","description":"Euro-East vie sinut makumatkalle Baltiasta Balkanille.Euro-East on it\u00e4eurooppalaisten elintarvikkeiden maahantuoja. Tarjoamme parhaita herkkuja Baltiasta Balkaniin. Meilt\u00e4 l\u00f6yd\u00e4t laadukkaita vihannes-, kala- ja lihas\u00e4ilykkeit\u00e4, kastikkeita, jyvi\u00e4, mehuja, keksej\u00e4 ja pakasteita. Tule mukaan makumatkalle ja ihastu ruokakulttuurien herkulliseen kirjoon","publisher":{"@id":"https:\/\/euro-east.fi\/#organization"},"potentialAction":[{"@type":"SearchAction","target":{"@type":"EntryPoint","urlTemplate":"https:\/\/euro-east.fi\/?s={search_term_string}"},"query-input":{"@type":"PropertyValueSpecification","valueRequired":true,"valueName":"search_term_string"}}],"inLanguage":"sv-SE"},{"@type":"Organization","@id":"https:\/\/euro-east.fi\/#organization","name":"Euro-East","url":"https:\/\/euro-east.fi\/","logo":{"@type":"ImageObject","inLanguage":"sv-SE","@id":"https:\/\/euro-east.fi\/#\/schema\/logo\/image\/","url":"https:\/\/euro-east.fi\/wp-content\/uploads\/2023\/03\/Logo-1.png","contentUrl":"https:\/\/euro-east.fi\/wp-content\/uploads\/2023\/03\/Logo-1.png","width":250,"height":250,"caption":"Euro-East"},"image":{"@id":"https:\/\/euro-east.fi\/#\/schema\/logo\/image\/"},"sameAs":["https:\/\/www.facebook.com\/EuroEast.fi","https:\/\/x.com\/euroeastoy","https:\/\/www.instagram.com\/euro.east\/","https:\/\/www.pinterest.com\/euroeast\/","https:\/\/www.youtube.com\/channel\/UCfNlzn0G_n53fATPX6Uw0yw"]}]}},"_links":{"self":[{"href":"https:\/\/euro-east.fi\/sv\/wp-json\/wp\/v2\/product\/525662","targetHints":{"allow":["GET"]}}],"collection":[{"href":"https:\/\/euro-east.fi\/sv\/wp-json\/wp\/v2\/product"}],"about":[{"href":"https:\/\/euro-east.fi\/sv\/wp-json\/wp\/v2\/types\/product"}],"wp:featuredmedia":[{"embeddable":true,"href":"https:\/\/euro-east.fi\/sv\/wp-json\/wp\/v2\/media\/525660"}],"wp:attachment":[{"href":"https:\/\/euro-east.fi\/sv\/wp-json\/wp\/v2\/media?parent=525662"}],"wp:term":[{"taxonomy":"product_brand","embeddable":true,"href":"https:\/\/euro-east.fi\/sv\/wp-json\/wp\/v2\/product_brand?post=525662"},{"taxonomy":"product_cat","embeddable":true,"href":"https:\/\/euro-east.fi\/sv\/wp-json\/wp\/v2\/product_cat?post=525662"},{"taxonomy":"product_tag","embeddable":true,"href":"https:\/\/euro-east.fi\/sv\/wp-json\/wp\/v2\/product_tag?post=525662"}],"curies":[{"name":"wp","href":"https:\/\/api.w.org\/{rel}","templated":true}]}}