{"id":525859,"date":"2025-11-20T10:46:20","date_gmt":"2025-11-20T08:46:20","guid":{"rendered":"https:\/\/euro-east.fi\/tuote\/nizhyn-saltgurka-i-landstil-920-g-552-g\/"},"modified":"2026-02-02T00:05:02","modified_gmt":"2026-02-01T22:05:02","slug":"nizhyn-saltgurka-i-landstil-920-g-552-g","status":"publish","type":"product","link":"https:\/\/euro-east.fi\/sv\/tuote\/nizhyn-saltgurka-i-landstil-920-g-552-g\/","title":{"rendered":"Nizhyn Saltgurka i landstil 920 g\/ 552 g"},"content":{"rendered":"<p>Fermenterade saltgurkor enligt Nizhyns traditionella lantrecept tillverkas med en tillsatsfri metod som bevarar gurkornas krispighet och framh\u00e4ver en fyllig, autentisk smak \u2013 precis s\u00e5 som inlagda gurkor ska smaka.<br \/>\nReceptet kombinerar vitl\u00f6k, dill, pepparrot, persilja och en nypa r\u00f6d chili, vilket ger gurkorna en h\u00e4rligt aromatisk smak. Produkten \u00e4r past\u00f6riserad.<br \/>\nSaltgurkorna passar utm\u00e4rkt som tillbeh\u00f6r till olika matr\u00e4tter, som p\u00e5l\u00e4gg, i sallader eller som snacks.<\/p>\n","protected":false},"excerpt":{"rendered":"<p>Fermenterade saltgurkor enligt Nizhyns traditionella lantrecept tillverkas med en tillsatsfri metod som bevarar gurkornas krispighet och framh\u00e4ver en fyllig, autentisk smak \u2013 precis s\u00e5 som inlagda gurkor ska smaka. Receptet kombinerar vitl\u00f6k, dill, pepparrot, persilja och en nypa r\u00f6d chili, vilket ger gurkorna en h\u00e4rligt aromatisk smak. Produkten \u00e4r past\u00f6riserad. Saltgurkorna passar utm\u00e4rkt som tillbeh\u00f6r [&hellip;]<\/p>\n","protected":false},"featured_media":526434,"template":"","meta":{"_acf_changed":false,"content-type":"","_improvement_type_select":"improve_an_existing","_thumb_yes_seoaic":false,"_frame_yes_seoaic":false,"seoaic_generate_description":"","seoaic_improve_instructions_prompt":"","seoaic_rollback_content_improvement":"","seoaic_idea_thumbnail_generator":"","thumbnail_generated":false,"thumbnail_generate_prompt":"","seoaic_article_description":""},"product_brand":[],"product_cat":[3373],"product_tag":[],"class_list":{"0":"post-525859","1":"product","2":"type-product","3":"status-publish","4":"has-post-thumbnail","6":"product_cat-konserverade-gronsaker-och-sallader","8":"first","9":"instock","10":"taxable","11":"shipping-taxable","12":"purchasable","13":"product-type-simple"},"acf":[],"yoast_head":"<!-- This site is optimized with the Yoast SEO plugin v27.1.1 - https:\/\/yoast.com\/product\/yoast-seo-wordpress\/ -->\n<title>Nizhyn Saltgurka i landstil 920 g\/ 552 g - Euro-East<\/title>\n<meta name=\"robots\" content=\"index, follow, max-snippet:-1, max-image-preview:large, max-video-preview:-1\" \/>\n<link rel=\"canonical\" href=\"https:\/\/euro-east.fi\/tuote\/nizhyn-saltgurka-i-landstil-920-g-552-g\/\" \/>\n<meta property=\"og:locale\" content=\"sv_SE\" \/>\n<meta property=\"og:type\" content=\"article\" \/>\n<meta property=\"og:title\" content=\"Nizhyn Saltgurka i landstil 920 g\/ 552 g - Euro-East\" \/>\n<meta property=\"og:description\" content=\"Fermenterade saltgurkor enligt Nizhyns traditionella lantrecept tillverkas med en tillsatsfri metod som bevarar gurkornas krispighet och framh\u00e4ver en fyllig, autentisk smak \u2013 precis s\u00e5 som inlagda gurkor ska smaka. Receptet kombinerar vitl\u00f6k, dill, pepparrot, persilja och en nypa r\u00f6d chili, vilket ger gurkorna en h\u00e4rligt aromatisk smak. Produkten \u00e4r past\u00f6riserad. Saltgurkorna passar utm\u00e4rkt som tillbeh\u00f6r [&hellip;]\" \/>\n<meta property=\"og:url\" content=\"https:\/\/euro-east.fi\/tuote\/nizhyn-saltgurka-i-landstil-920-g-552-g\/\" \/>\n<meta property=\"og:site_name\" content=\"Euro-East\" \/>\n<meta property=\"article:publisher\" content=\"https:\/\/www.facebook.com\/EuroEast.fi\" \/>\n<meta property=\"article:modified_time\" content=\"2026-02-01T22:05:02+00:00\" \/>\n<meta property=\"og:image\" content=\"https:\/\/euro-east.fi\/wp-content\/uploads\/2023\/03\/Logo-1.png\" \/>\n\t<meta property=\"og:image:width\" content=\"250\" \/>\n\t<meta property=\"og:image:height\" content=\"250\" \/>\n\t<meta property=\"og:image:type\" content=\"image\/png\" \/>\n<meta name=\"twitter:card\" content=\"summary_large_image\" \/>\n<meta name=\"twitter:site\" content=\"@euroeastoy\" \/>\n<script type=\"application\/ld+json\" class=\"yoast-schema-graph\">{\"@context\":\"https:\/\/schema.org\",\"@graph\":[{\"@type\":\"WebPage\",\"@id\":\"https:\/\/euro-east.fi\/tuote\/nizhyn-saltgurka-i-landstil-920-g-552-g\/\",\"url\":\"https:\/\/euro-east.fi\/tuote\/nizhyn-saltgurka-i-landstil-920-g-552-g\/\",\"name\":\"Nizhyn Saltgurka i landstil 920 g\/ 552 g - Euro-East\",\"isPartOf\":{\"@id\":\"https:\/\/euro-east.fi\/#website\"},\"primaryImageOfPage\":{\"@id\":\"https:\/\/euro-east.fi\/tuote\/nizhyn-saltgurka-i-landstil-920-g-552-g\/#primaryimage\"},\"image\":{\"@id\":\"https:\/\/euro-east.fi\/tuote\/nizhyn-saltgurka-i-landstil-920-g-552-g\/#primaryimage\"},\"thumbnailUrl\":\"https:\/\/euro-east.fi\/wp-content\/uploads\/2026\/01\/482075_nizhyn_suolakurkku_maalaistapaan_920_g_552_g.jpg\",\"datePublished\":\"2025-11-20T08:46:20+00:00\",\"dateModified\":\"2026-02-01T22:05:02+00:00\",\"breadcrumb\":{\"@id\":\"https:\/\/euro-east.fi\/tuote\/nizhyn-saltgurka-i-landstil-920-g-552-g\/#breadcrumb\"},\"inLanguage\":\"sv-SE\",\"potentialAction\":[{\"@type\":\"ReadAction\",\"target\":[\"https:\/\/euro-east.fi\/tuote\/nizhyn-saltgurka-i-landstil-920-g-552-g\/\"]}]},{\"@type\":\"ImageObject\",\"inLanguage\":\"sv-SE\",\"@id\":\"https:\/\/euro-east.fi\/tuote\/nizhyn-saltgurka-i-landstil-920-g-552-g\/#primaryimage\",\"url\":\"https:\/\/euro-east.fi\/wp-content\/uploads\/2026\/01\/482075_nizhyn_suolakurkku_maalaistapaan_920_g_552_g.jpg\",\"contentUrl\":\"https:\/\/euro-east.fi\/wp-content\/uploads\/2026\/01\/482075_nizhyn_suolakurkku_maalaistapaan_920_g_552_g.jpg\",\"width\":500,\"height\":500,\"caption\":\"Nizhyn_Suolakurkku_maalaistapaan_920_g__552_g\"},{\"@type\":\"BreadcrumbList\",\"@id\":\"https:\/\/euro-east.fi\/tuote\/nizhyn-saltgurka-i-landstil-920-g-552-g\/#breadcrumb\",\"itemListElement\":[{\"@type\":\"ListItem\",\"position\":1,\"name\":\"Home\",\"item\":\"https:\/\/euro-east.fi\/sv\/\"},{\"@type\":\"ListItem\",\"position\":2,\"name\":\"Butik\",\"item\":\"https:\/\/euro-east.fi\/sv\/butik\/\"},{\"@type\":\"ListItem\",\"position\":3,\"name\":\"Nizhyn Saltgurka i landstil 920 g\/ 552 g\"}]},{\"@type\":\"WebSite\",\"@id\":\"https:\/\/euro-east.fi\/#website\",\"url\":\"https:\/\/euro-east.fi\/\",\"name\":\"Euro-East\",\"description\":\"Euro-East vie sinut makumatkalle Baltiasta Balkanille.Euro-East on it\u00e4eurooppalaisten elintarvikkeiden maahantuoja. Tarjoamme parhaita herkkuja Baltiasta Balkaniin. Meilt\u00e4 l\u00f6yd\u00e4t laadukkaita vihannes-, kala- ja lihas\u00e4ilykkeit\u00e4, kastikkeita, jyvi\u00e4, mehuja, keksej\u00e4 ja pakasteita. Tule mukaan makumatkalle ja ihastu ruokakulttuurien herkulliseen kirjoon\",\"publisher\":{\"@id\":\"https:\/\/euro-east.fi\/#organization\"},\"potentialAction\":[{\"@type\":\"SearchAction\",\"target\":{\"@type\":\"EntryPoint\",\"urlTemplate\":\"https:\/\/euro-east.fi\/?s={search_term_string}\"},\"query-input\":{\"@type\":\"PropertyValueSpecification\",\"valueRequired\":true,\"valueName\":\"search_term_string\"}}],\"inLanguage\":\"sv-SE\"},{\"@type\":\"Organization\",\"@id\":\"https:\/\/euro-east.fi\/#organization\",\"name\":\"Euro-East\",\"url\":\"https:\/\/euro-east.fi\/\",\"logo\":{\"@type\":\"ImageObject\",\"inLanguage\":\"sv-SE\",\"@id\":\"https:\/\/euro-east.fi\/#\/schema\/logo\/image\/\",\"url\":\"https:\/\/euro-east.fi\/wp-content\/uploads\/2023\/03\/Logo-1.png\",\"contentUrl\":\"https:\/\/euro-east.fi\/wp-content\/uploads\/2023\/03\/Logo-1.png\",\"width\":250,\"height\":250,\"caption\":\"Euro-East\"},\"image\":{\"@id\":\"https:\/\/euro-east.fi\/#\/schema\/logo\/image\/\"},\"sameAs\":[\"https:\/\/www.facebook.com\/EuroEast.fi\",\"https:\/\/x.com\/euroeastoy\",\"https:\/\/www.instagram.com\/euro.east\/\",\"https:\/\/www.pinterest.com\/euroeast\/\",\"https:\/\/www.youtube.com\/channel\/UCfNlzn0G_n53fATPX6Uw0yw\"]}]}<\/script>\n<!-- \/ Yoast SEO plugin. -->","yoast_head_json":{"title":"Nizhyn Saltgurka i landstil 920 g\/ 552 g - Euro-East","robots":{"index":"index","follow":"follow","max-snippet":"max-snippet:-1","max-image-preview":"max-image-preview:large","max-video-preview":"max-video-preview:-1"},"canonical":"https:\/\/euro-east.fi\/tuote\/nizhyn-saltgurka-i-landstil-920-g-552-g\/","og_locale":"sv_SE","og_type":"article","og_title":"Nizhyn Saltgurka i landstil 920 g\/ 552 g - Euro-East","og_description":"Fermenterade saltgurkor enligt Nizhyns traditionella lantrecept tillverkas med en tillsatsfri metod som bevarar gurkornas krispighet och framh\u00e4ver en fyllig, autentisk smak \u2013 precis s\u00e5 som inlagda gurkor ska smaka. Receptet kombinerar vitl\u00f6k, dill, pepparrot, persilja och en nypa r\u00f6d chili, vilket ger gurkorna en h\u00e4rligt aromatisk smak. Produkten \u00e4r past\u00f6riserad. Saltgurkorna passar utm\u00e4rkt som tillbeh\u00f6r [&hellip;]","og_url":"https:\/\/euro-east.fi\/tuote\/nizhyn-saltgurka-i-landstil-920-g-552-g\/","og_site_name":"Euro-East","article_publisher":"https:\/\/www.facebook.com\/EuroEast.fi","article_modified_time":"2026-02-01T22:05:02+00:00","og_image":[{"width":250,"height":250,"url":"https:\/\/euro-east.fi\/wp-content\/uploads\/2023\/03\/Logo-1.png","type":"image\/png"}],"twitter_card":"summary_large_image","twitter_site":"@euroeastoy","schema":{"@context":"https:\/\/schema.org","@graph":[{"@type":"WebPage","@id":"https:\/\/euro-east.fi\/tuote\/nizhyn-saltgurka-i-landstil-920-g-552-g\/","url":"https:\/\/euro-east.fi\/tuote\/nizhyn-saltgurka-i-landstil-920-g-552-g\/","name":"Nizhyn Saltgurka i landstil 920 g\/ 552 g - Euro-East","isPartOf":{"@id":"https:\/\/euro-east.fi\/#website"},"primaryImageOfPage":{"@id":"https:\/\/euro-east.fi\/tuote\/nizhyn-saltgurka-i-landstil-920-g-552-g\/#primaryimage"},"image":{"@id":"https:\/\/euro-east.fi\/tuote\/nizhyn-saltgurka-i-landstil-920-g-552-g\/#primaryimage"},"thumbnailUrl":"https:\/\/euro-east.fi\/wp-content\/uploads\/2026\/01\/482075_nizhyn_suolakurkku_maalaistapaan_920_g_552_g.jpg","datePublished":"2025-11-20T08:46:20+00:00","dateModified":"2026-02-01T22:05:02+00:00","breadcrumb":{"@id":"https:\/\/euro-east.fi\/tuote\/nizhyn-saltgurka-i-landstil-920-g-552-g\/#breadcrumb"},"inLanguage":"sv-SE","potentialAction":[{"@type":"ReadAction","target":["https:\/\/euro-east.fi\/tuote\/nizhyn-saltgurka-i-landstil-920-g-552-g\/"]}]},{"@type":"ImageObject","inLanguage":"sv-SE","@id":"https:\/\/euro-east.fi\/tuote\/nizhyn-saltgurka-i-landstil-920-g-552-g\/#primaryimage","url":"https:\/\/euro-east.fi\/wp-content\/uploads\/2026\/01\/482075_nizhyn_suolakurkku_maalaistapaan_920_g_552_g.jpg","contentUrl":"https:\/\/euro-east.fi\/wp-content\/uploads\/2026\/01\/482075_nizhyn_suolakurkku_maalaistapaan_920_g_552_g.jpg","width":500,"height":500,"caption":"Nizhyn_Suolakurkku_maalaistapaan_920_g__552_g"},{"@type":"BreadcrumbList","@id":"https:\/\/euro-east.fi\/tuote\/nizhyn-saltgurka-i-landstil-920-g-552-g\/#breadcrumb","itemListElement":[{"@type":"ListItem","position":1,"name":"Home","item":"https:\/\/euro-east.fi\/sv\/"},{"@type":"ListItem","position":2,"name":"Butik","item":"https:\/\/euro-east.fi\/sv\/butik\/"},{"@type":"ListItem","position":3,"name":"Nizhyn Saltgurka i landstil 920 g\/ 552 g"}]},{"@type":"WebSite","@id":"https:\/\/euro-east.fi\/#website","url":"https:\/\/euro-east.fi\/","name":"Euro-East","description":"Euro-East vie sinut makumatkalle Baltiasta Balkanille.Euro-East on it\u00e4eurooppalaisten elintarvikkeiden maahantuoja. Tarjoamme parhaita herkkuja Baltiasta Balkaniin. Meilt\u00e4 l\u00f6yd\u00e4t laadukkaita vihannes-, kala- ja lihas\u00e4ilykkeit\u00e4, kastikkeita, jyvi\u00e4, mehuja, keksej\u00e4 ja pakasteita. Tule mukaan makumatkalle ja ihastu ruokakulttuurien herkulliseen kirjoon","publisher":{"@id":"https:\/\/euro-east.fi\/#organization"},"potentialAction":[{"@type":"SearchAction","target":{"@type":"EntryPoint","urlTemplate":"https:\/\/euro-east.fi\/?s={search_term_string}"},"query-input":{"@type":"PropertyValueSpecification","valueRequired":true,"valueName":"search_term_string"}}],"inLanguage":"sv-SE"},{"@type":"Organization","@id":"https:\/\/euro-east.fi\/#organization","name":"Euro-East","url":"https:\/\/euro-east.fi\/","logo":{"@type":"ImageObject","inLanguage":"sv-SE","@id":"https:\/\/euro-east.fi\/#\/schema\/logo\/image\/","url":"https:\/\/euro-east.fi\/wp-content\/uploads\/2023\/03\/Logo-1.png","contentUrl":"https:\/\/euro-east.fi\/wp-content\/uploads\/2023\/03\/Logo-1.png","width":250,"height":250,"caption":"Euro-East"},"image":{"@id":"https:\/\/euro-east.fi\/#\/schema\/logo\/image\/"},"sameAs":["https:\/\/www.facebook.com\/EuroEast.fi","https:\/\/x.com\/euroeastoy","https:\/\/www.instagram.com\/euro.east\/","https:\/\/www.pinterest.com\/euroeast\/","https:\/\/www.youtube.com\/channel\/UCfNlzn0G_n53fATPX6Uw0yw"]}]}},"_links":{"self":[{"href":"https:\/\/euro-east.fi\/sv\/wp-json\/wp\/v2\/product\/525859","targetHints":{"allow":["GET"]}}],"collection":[{"href":"https:\/\/euro-east.fi\/sv\/wp-json\/wp\/v2\/product"}],"about":[{"href":"https:\/\/euro-east.fi\/sv\/wp-json\/wp\/v2\/types\/product"}],"wp:featuredmedia":[{"embeddable":true,"href":"https:\/\/euro-east.fi\/sv\/wp-json\/wp\/v2\/media\/526434"}],"wp:attachment":[{"href":"https:\/\/euro-east.fi\/sv\/wp-json\/wp\/v2\/media?parent=525859"}],"wp:term":[{"taxonomy":"product_brand","embeddable":true,"href":"https:\/\/euro-east.fi\/sv\/wp-json\/wp\/v2\/product_brand?post=525859"},{"taxonomy":"product_cat","embeddable":true,"href":"https:\/\/euro-east.fi\/sv\/wp-json\/wp\/v2\/product_cat?post=525859"},{"taxonomy":"product_tag","embeddable":true,"href":"https:\/\/euro-east.fi\/sv\/wp-json\/wp\/v2\/product_tag?post=525859"}],"curies":[{"name":"wp","href":"https:\/\/api.w.org\/{rel}","templated":true}]}}