{"id":526922,"date":"2026-03-12T15:01:30","date_gmt":"2026-03-12T13:01:30","guid":{"rendered":"https:\/\/euro-east.fi\/tuote\/lewandowski-krakowskie-mleczko-vaniljefluffkonfekt-400g\/"},"modified":"2026-03-12T15:11:26","modified_gmt":"2026-03-12T13:11:26","slug":"lewandowski-krakowskie-mleczko-vaniljefluffkonfekt-400g","status":"publish","type":"product","link":"https:\/\/euro-east.fi\/sv\/tuote\/lewandowski-krakowskie-mleczko-vaniljefluffkonfekt-400g\/","title":{"rendered":"Lewandowski &#8220;Krakowskie Mleczko&#8221; vaniljefluffkonfekt 400g"},"content":{"rendered":"<p>Uts\u00f6kt mjuka vaniljskumkonfekter som f\u00f6renar en luftig fyllning med ett fylligt choklad\u00f6verdrag. Denna klassiska \u00f6steuropeiska s\u00f6tsak f\u00f6rtrollar med sin sammetslena konsistens och eleganta vaniljarom. Perfekt till kaffebordet, som g\u00e5va eller f\u00f6r en liten njutningsstund mitt i vardagen.<\/p>\n","protected":false},"excerpt":{"rendered":"<p>Uts\u00f6kt mjuka vaniljskumkonfekter som f\u00f6renar en luftig fyllning med ett fylligt choklad\u00f6verdrag. Denna klassiska \u00f6steuropeiska s\u00f6tsak f\u00f6rtrollar med sin sammetslena konsistens och eleganta vaniljarom. Perfekt till kaffebordet, som g\u00e5va eller f\u00f6r en liten njutningsstund mitt i vardagen.<\/p>\n","protected":false},"featured_media":526920,"template":"","meta":{"_acf_changed":false,"content-type":"","_improvement_type_select":"improve_an_existing","_thumb_yes_seoaic":false,"_frame_yes_seoaic":false,"seoaic_generate_description":"","seoaic_improve_instructions_prompt":"","seoaic_rollback_content_improvement":"","seoaic_idea_thumbnail_generator":"","thumbnail_generated":false,"thumbnail_generate_prompt":"","seoaic_article_description":""},"product_brand":[],"product_cat":[3394],"product_tag":[],"class_list":{"0":"post-526922","1":"product","2":"type-product","3":"status-publish","4":"has-post-thumbnail","6":"product_cat-spannmal-och-kex","8":"first","9":"instock","10":"taxable","11":"shipping-taxable","12":"purchasable","13":"product-type-simple"},"acf":[],"yoast_head":"<!-- This site is optimized with the Yoast SEO plugin v27.1.1 - https:\/\/yoast.com\/product\/yoast-seo-wordpress\/ -->\n<title>Lewandowski &quot;Krakowskie Mleczko&quot; vaniljefluffkonfekt 400g - Euro-East<\/title>\n<meta name=\"robots\" content=\"index, follow, max-snippet:-1, max-image-preview:large, max-video-preview:-1\" \/>\n<link rel=\"canonical\" href=\"https:\/\/euro-east.fi\/sv\/tuote\/lewandowski-krakowskie-mleczko-vaniljefluffkonfekt-400g\/\" \/>\n<meta property=\"og:locale\" content=\"sv_SE\" \/>\n<meta property=\"og:type\" content=\"article\" \/>\n<meta property=\"og:title\" content=\"Lewandowski &quot;Krakowskie Mleczko&quot; vaniljefluffkonfekt 400g - Euro-East\" \/>\n<meta property=\"og:description\" content=\"Uts\u00f6kt mjuka vaniljskumkonfekter som f\u00f6renar en luftig fyllning med ett fylligt choklad\u00f6verdrag. Denna klassiska \u00f6steuropeiska s\u00f6tsak f\u00f6rtrollar med sin sammetslena konsistens och eleganta vaniljarom. Perfekt till kaffebordet, som g\u00e5va eller f\u00f6r en liten njutningsstund mitt i vardagen.\" \/>\n<meta property=\"og:url\" content=\"https:\/\/euro-east.fi\/sv\/tuote\/lewandowski-krakowskie-mleczko-vaniljefluffkonfekt-400g\/\" \/>\n<meta property=\"og:site_name\" content=\"Euro-East\" \/>\n<meta property=\"article:publisher\" content=\"https:\/\/www.facebook.com\/EuroEast.fi\" \/>\n<meta property=\"article:modified_time\" content=\"2026-03-12T13:11:26+00:00\" \/>\n<meta property=\"og:image\" content=\"https:\/\/euro-east.fi\/wp-content\/uploads\/2026\/03\/47726400_lewandowski_krakowskie_mleczko_vaniljavaahtokonvehdit_400g.jpg\" \/>\n\t<meta property=\"og:image:width\" content=\"500\" \/>\n\t<meta property=\"og:image:height\" content=\"500\" \/>\n\t<meta property=\"og:image:type\" content=\"image\/jpeg\" \/>\n<meta name=\"twitter:card\" content=\"summary_large_image\" \/>\n<meta name=\"twitter:site\" content=\"@euroeastoy\" \/>\n<script type=\"application\/ld+json\" class=\"yoast-schema-graph\">{\"@context\":\"https:\/\/schema.org\",\"@graph\":[{\"@type\":\"WebPage\",\"@id\":\"https:\/\/euro-east.fi\/sv\/tuote\/lewandowski-krakowskie-mleczko-vaniljefluffkonfekt-400g\/\",\"url\":\"https:\/\/euro-east.fi\/sv\/tuote\/lewandowski-krakowskie-mleczko-vaniljefluffkonfekt-400g\/\",\"name\":\"Lewandowski \\\"Krakowskie Mleczko\\\" vaniljefluffkonfekt 400g - Euro-East\",\"isPartOf\":{\"@id\":\"https:\/\/euro-east.fi\/#website\"},\"primaryImageOfPage\":{\"@id\":\"https:\/\/euro-east.fi\/sv\/tuote\/lewandowski-krakowskie-mleczko-vaniljefluffkonfekt-400g\/#primaryimage\"},\"image\":{\"@id\":\"https:\/\/euro-east.fi\/sv\/tuote\/lewandowski-krakowskie-mleczko-vaniljefluffkonfekt-400g\/#primaryimage\"},\"thumbnailUrl\":\"https:\/\/euro-east.fi\/wp-content\/uploads\/2026\/03\/47726400_lewandowski_krakowskie_mleczko_vaniljavaahtokonvehdit_400g.jpg\",\"datePublished\":\"2026-03-12T13:01:30+00:00\",\"dateModified\":\"2026-03-12T13:11:26+00:00\",\"breadcrumb\":{\"@id\":\"https:\/\/euro-east.fi\/sv\/tuote\/lewandowski-krakowskie-mleczko-vaniljefluffkonfekt-400g\/#breadcrumb\"},\"inLanguage\":\"sv-SE\",\"potentialAction\":[{\"@type\":\"ReadAction\",\"target\":[\"https:\/\/euro-east.fi\/sv\/tuote\/lewandowski-krakowskie-mleczko-vaniljefluffkonfekt-400g\/\"]}]},{\"@type\":\"ImageObject\",\"inLanguage\":\"sv-SE\",\"@id\":\"https:\/\/euro-east.fi\/sv\/tuote\/lewandowski-krakowskie-mleczko-vaniljefluffkonfekt-400g\/#primaryimage\",\"url\":\"https:\/\/euro-east.fi\/wp-content\/uploads\/2026\/03\/47726400_lewandowski_krakowskie_mleczko_vaniljavaahtokonvehdit_400g.jpg\",\"contentUrl\":\"https:\/\/euro-east.fi\/wp-content\/uploads\/2026\/03\/47726400_lewandowski_krakowskie_mleczko_vaniljavaahtokonvehdit_400g.jpg\",\"width\":500,\"height\":500,\"caption\":\"47726400_Lewandowski_Krakowskie_Mleczko_vaniljavaahtokonvehdit_400g\"},{\"@type\":\"BreadcrumbList\",\"@id\":\"https:\/\/euro-east.fi\/sv\/tuote\/lewandowski-krakowskie-mleczko-vaniljefluffkonfekt-400g\/#breadcrumb\",\"itemListElement\":[{\"@type\":\"ListItem\",\"position\":1,\"name\":\"Home\",\"item\":\"https:\/\/euro-east.fi\/sv\/\"},{\"@type\":\"ListItem\",\"position\":2,\"name\":\"Butik\",\"item\":\"https:\/\/euro-east.fi\/sv\/butik\/\"},{\"@type\":\"ListItem\",\"position\":3,\"name\":\"Lewandowski &#8220;Krakowskie Mleczko&#8221; vaniljefluffkonfekt 400g\"}]},{\"@type\":\"WebSite\",\"@id\":\"https:\/\/euro-east.fi\/#website\",\"url\":\"https:\/\/euro-east.fi\/\",\"name\":\"Euro-East\",\"description\":\"Euro-East vie sinut makumatkalle Baltiasta Balkanille.Euro-East on it\u00e4eurooppalaisten elintarvikkeiden maahantuoja. Tarjoamme parhaita herkkuja Baltiasta Balkaniin. Meilt\u00e4 l\u00f6yd\u00e4t laadukkaita vihannes-, kala- ja lihas\u00e4ilykkeit\u00e4, kastikkeita, jyvi\u00e4, mehuja, keksej\u00e4 ja pakasteita. Tule mukaan makumatkalle ja ihastu ruokakulttuurien herkulliseen kirjoon\",\"publisher\":{\"@id\":\"https:\/\/euro-east.fi\/#organization\"},\"potentialAction\":[{\"@type\":\"SearchAction\",\"target\":{\"@type\":\"EntryPoint\",\"urlTemplate\":\"https:\/\/euro-east.fi\/?s={search_term_string}\"},\"query-input\":{\"@type\":\"PropertyValueSpecification\",\"valueRequired\":true,\"valueName\":\"search_term_string\"}}],\"inLanguage\":\"sv-SE\"},{\"@type\":\"Organization\",\"@id\":\"https:\/\/euro-east.fi\/#organization\",\"name\":\"Euro-East\",\"url\":\"https:\/\/euro-east.fi\/\",\"logo\":{\"@type\":\"ImageObject\",\"inLanguage\":\"sv-SE\",\"@id\":\"https:\/\/euro-east.fi\/#\/schema\/logo\/image\/\",\"url\":\"https:\/\/euro-east.fi\/wp-content\/uploads\/2023\/03\/Logo-1.png\",\"contentUrl\":\"https:\/\/euro-east.fi\/wp-content\/uploads\/2023\/03\/Logo-1.png\",\"width\":250,\"height\":250,\"caption\":\"Euro-East\"},\"image\":{\"@id\":\"https:\/\/euro-east.fi\/#\/schema\/logo\/image\/\"},\"sameAs\":[\"https:\/\/www.facebook.com\/EuroEast.fi\",\"https:\/\/x.com\/euroeastoy\",\"https:\/\/www.instagram.com\/euro.east\/\",\"https:\/\/www.pinterest.com\/euroeast\/\",\"https:\/\/www.youtube.com\/channel\/UCfNlzn0G_n53fATPX6Uw0yw\"]}]}<\/script>\n<!-- \/ Yoast SEO plugin. -->","yoast_head_json":{"title":"Lewandowski \"Krakowskie Mleczko\" vaniljefluffkonfekt 400g - Euro-East","robots":{"index":"index","follow":"follow","max-snippet":"max-snippet:-1","max-image-preview":"max-image-preview:large","max-video-preview":"max-video-preview:-1"},"canonical":"https:\/\/euro-east.fi\/sv\/tuote\/lewandowski-krakowskie-mleczko-vaniljefluffkonfekt-400g\/","og_locale":"sv_SE","og_type":"article","og_title":"Lewandowski \"Krakowskie Mleczko\" vaniljefluffkonfekt 400g - Euro-East","og_description":"Uts\u00f6kt mjuka vaniljskumkonfekter som f\u00f6renar en luftig fyllning med ett fylligt choklad\u00f6verdrag. Denna klassiska \u00f6steuropeiska s\u00f6tsak f\u00f6rtrollar med sin sammetslena konsistens och eleganta vaniljarom. Perfekt till kaffebordet, som g\u00e5va eller f\u00f6r en liten njutningsstund mitt i vardagen.","og_url":"https:\/\/euro-east.fi\/sv\/tuote\/lewandowski-krakowskie-mleczko-vaniljefluffkonfekt-400g\/","og_site_name":"Euro-East","article_publisher":"https:\/\/www.facebook.com\/EuroEast.fi","article_modified_time":"2026-03-12T13:11:26+00:00","og_image":[{"width":500,"height":500,"url":"https:\/\/euro-east.fi\/wp-content\/uploads\/2026\/03\/47726400_lewandowski_krakowskie_mleczko_vaniljavaahtokonvehdit_400g.jpg","type":"image\/jpeg"}],"twitter_card":"summary_large_image","twitter_site":"@euroeastoy","schema":{"@context":"https:\/\/schema.org","@graph":[{"@type":"WebPage","@id":"https:\/\/euro-east.fi\/sv\/tuote\/lewandowski-krakowskie-mleczko-vaniljefluffkonfekt-400g\/","url":"https:\/\/euro-east.fi\/sv\/tuote\/lewandowski-krakowskie-mleczko-vaniljefluffkonfekt-400g\/","name":"Lewandowski \"Krakowskie Mleczko\" vaniljefluffkonfekt 400g - Euro-East","isPartOf":{"@id":"https:\/\/euro-east.fi\/#website"},"primaryImageOfPage":{"@id":"https:\/\/euro-east.fi\/sv\/tuote\/lewandowski-krakowskie-mleczko-vaniljefluffkonfekt-400g\/#primaryimage"},"image":{"@id":"https:\/\/euro-east.fi\/sv\/tuote\/lewandowski-krakowskie-mleczko-vaniljefluffkonfekt-400g\/#primaryimage"},"thumbnailUrl":"https:\/\/euro-east.fi\/wp-content\/uploads\/2026\/03\/47726400_lewandowski_krakowskie_mleczko_vaniljavaahtokonvehdit_400g.jpg","datePublished":"2026-03-12T13:01:30+00:00","dateModified":"2026-03-12T13:11:26+00:00","breadcrumb":{"@id":"https:\/\/euro-east.fi\/sv\/tuote\/lewandowski-krakowskie-mleczko-vaniljefluffkonfekt-400g\/#breadcrumb"},"inLanguage":"sv-SE","potentialAction":[{"@type":"ReadAction","target":["https:\/\/euro-east.fi\/sv\/tuote\/lewandowski-krakowskie-mleczko-vaniljefluffkonfekt-400g\/"]}]},{"@type":"ImageObject","inLanguage":"sv-SE","@id":"https:\/\/euro-east.fi\/sv\/tuote\/lewandowski-krakowskie-mleczko-vaniljefluffkonfekt-400g\/#primaryimage","url":"https:\/\/euro-east.fi\/wp-content\/uploads\/2026\/03\/47726400_lewandowski_krakowskie_mleczko_vaniljavaahtokonvehdit_400g.jpg","contentUrl":"https:\/\/euro-east.fi\/wp-content\/uploads\/2026\/03\/47726400_lewandowski_krakowskie_mleczko_vaniljavaahtokonvehdit_400g.jpg","width":500,"height":500,"caption":"47726400_Lewandowski_Krakowskie_Mleczko_vaniljavaahtokonvehdit_400g"},{"@type":"BreadcrumbList","@id":"https:\/\/euro-east.fi\/sv\/tuote\/lewandowski-krakowskie-mleczko-vaniljefluffkonfekt-400g\/#breadcrumb","itemListElement":[{"@type":"ListItem","position":1,"name":"Home","item":"https:\/\/euro-east.fi\/sv\/"},{"@type":"ListItem","position":2,"name":"Butik","item":"https:\/\/euro-east.fi\/sv\/butik\/"},{"@type":"ListItem","position":3,"name":"Lewandowski &#8220;Krakowskie Mleczko&#8221; vaniljefluffkonfekt 400g"}]},{"@type":"WebSite","@id":"https:\/\/euro-east.fi\/#website","url":"https:\/\/euro-east.fi\/","name":"Euro-East","description":"Euro-East vie sinut makumatkalle Baltiasta Balkanille.Euro-East on it\u00e4eurooppalaisten elintarvikkeiden maahantuoja. Tarjoamme parhaita herkkuja Baltiasta Balkaniin. Meilt\u00e4 l\u00f6yd\u00e4t laadukkaita vihannes-, kala- ja lihas\u00e4ilykkeit\u00e4, kastikkeita, jyvi\u00e4, mehuja, keksej\u00e4 ja pakasteita. Tule mukaan makumatkalle ja ihastu ruokakulttuurien herkulliseen kirjoon","publisher":{"@id":"https:\/\/euro-east.fi\/#organization"},"potentialAction":[{"@type":"SearchAction","target":{"@type":"EntryPoint","urlTemplate":"https:\/\/euro-east.fi\/?s={search_term_string}"},"query-input":{"@type":"PropertyValueSpecification","valueRequired":true,"valueName":"search_term_string"}}],"inLanguage":"sv-SE"},{"@type":"Organization","@id":"https:\/\/euro-east.fi\/#organization","name":"Euro-East","url":"https:\/\/euro-east.fi\/","logo":{"@type":"ImageObject","inLanguage":"sv-SE","@id":"https:\/\/euro-east.fi\/#\/schema\/logo\/image\/","url":"https:\/\/euro-east.fi\/wp-content\/uploads\/2023\/03\/Logo-1.png","contentUrl":"https:\/\/euro-east.fi\/wp-content\/uploads\/2023\/03\/Logo-1.png","width":250,"height":250,"caption":"Euro-East"},"image":{"@id":"https:\/\/euro-east.fi\/#\/schema\/logo\/image\/"},"sameAs":["https:\/\/www.facebook.com\/EuroEast.fi","https:\/\/x.com\/euroeastoy","https:\/\/www.instagram.com\/euro.east\/","https:\/\/www.pinterest.com\/euroeast\/","https:\/\/www.youtube.com\/channel\/UCfNlzn0G_n53fATPX6Uw0yw"]}]}},"_links":{"self":[{"href":"https:\/\/euro-east.fi\/sv\/wp-json\/wp\/v2\/product\/526922","targetHints":{"allow":["GET"]}}],"collection":[{"href":"https:\/\/euro-east.fi\/sv\/wp-json\/wp\/v2\/product"}],"about":[{"href":"https:\/\/euro-east.fi\/sv\/wp-json\/wp\/v2\/types\/product"}],"wp:featuredmedia":[{"embeddable":true,"href":"https:\/\/euro-east.fi\/sv\/wp-json\/wp\/v2\/media\/526920"}],"wp:attachment":[{"href":"https:\/\/euro-east.fi\/sv\/wp-json\/wp\/v2\/media?parent=526922"}],"wp:term":[{"taxonomy":"product_brand","embeddable":true,"href":"https:\/\/euro-east.fi\/sv\/wp-json\/wp\/v2\/product_brand?post=526922"},{"taxonomy":"product_cat","embeddable":true,"href":"https:\/\/euro-east.fi\/sv\/wp-json\/wp\/v2\/product_cat?post=526922"},{"taxonomy":"product_tag","embeddable":true,"href":"https:\/\/euro-east.fi\/sv\/wp-json\/wp\/v2\/product_tag?post=526922"}],"curies":[{"name":"wp","href":"https:\/\/api.w.org\/{rel}","templated":true}]}}