{"id":526985,"date":"2026-03-13T08:06:13","date_gmt":"2026-03-13T06:06:13","guid":{"rendered":"https:\/\/euro-east.fi\/tuote\/bazar-pindjur-stark-350g\/"},"modified":"2026-03-13T08:06:17","modified_gmt":"2026-03-13T06:06:17","slug":"bazar-pindjur-stark-350g","status":"publish","type":"product","link":"https:\/\/euro-east.fi\/sv\/tuote\/bazar-pindjur-stark-350g\/","title":{"rendered":"Bazar Pindjur, stark 350g"},"content":{"rendered":"<p>Stark pindjur \u00e4r en klassisk gr\u00f6nsaksr\u00f6ra fr\u00e5n Balkan d\u00e4r rostade paprikor, aubergine och kryddor skapar en fyllig och aromatisk smakupplevelse. Passar utm\u00e4rkt som p\u00e5l\u00e4gg, dip, tillbeh\u00f6r till grillr\u00e4tter eller som smaks\u00e4ttare i matlagning. Ett perfekt val n\u00e4r du vill ge r\u00e4tten lite hetta och autentisk karakt\u00e4r.<\/p>\n","protected":false},"excerpt":{"rendered":"<p>Stark pindjur \u00e4r en klassisk gr\u00f6nsaksr\u00f6ra fr\u00e5n Balkan d\u00e4r rostade paprikor, aubergine och kryddor skapar en fyllig och aromatisk smakupplevelse. Passar utm\u00e4rkt som p\u00e5l\u00e4gg, dip, tillbeh\u00f6r till grillr\u00e4tter eller som smaks\u00e4ttare i matlagning. Ett perfekt val n\u00e4r du vill ge r\u00e4tten lite hetta och autentisk karakt\u00e4r.<\/p>\n","protected":false},"featured_media":526983,"template":"","meta":{"_acf_changed":false,"content-type":"","_improvement_type_select":"improve_an_existing","_thumb_yes_seoaic":false,"_frame_yes_seoaic":false,"seoaic_generate_description":"","seoaic_improve_instructions_prompt":"","seoaic_rollback_content_improvement":"","seoaic_idea_thumbnail_generator":"","thumbnail_generated":false,"thumbnail_generate_prompt":"","seoaic_article_description":""},"product_brand":[],"product_cat":[3400],"product_tag":[],"class_list":{"0":"post-526985","1":"product","2":"type-product","3":"status-publish","4":"has-post-thumbnail","6":"product_cat-saser-och-annat","8":"first","9":"instock","10":"taxable","11":"shipping-taxable","12":"purchasable","13":"product-type-simple"},"acf":[],"yoast_head":"<!-- This site is optimized with the Yoast SEO plugin v27.1.1 - https:\/\/yoast.com\/product\/yoast-seo-wordpress\/ -->\n<title>Bazar Pindjur, stark 350g - Euro-East<\/title>\n<meta name=\"robots\" content=\"index, follow, max-snippet:-1, max-image-preview:large, max-video-preview:-1\" \/>\n<link rel=\"canonical\" href=\"https:\/\/euro-east.fi\/tuote\/bazar-pindjur-stark-350g\/\" \/>\n<meta property=\"og:locale\" content=\"sv_SE\" \/>\n<meta property=\"og:type\" content=\"article\" \/>\n<meta property=\"og:title\" content=\"Bazar Pindjur, stark 350g - Euro-East\" \/>\n<meta property=\"og:description\" content=\"Stark pindjur \u00e4r en klassisk gr\u00f6nsaksr\u00f6ra fr\u00e5n Balkan d\u00e4r rostade paprikor, aubergine och kryddor skapar en fyllig och aromatisk smakupplevelse. Passar utm\u00e4rkt som p\u00e5l\u00e4gg, dip, tillbeh\u00f6r till grillr\u00e4tter eller som smaks\u00e4ttare i matlagning. Ett perfekt val n\u00e4r du vill ge r\u00e4tten lite hetta och autentisk karakt\u00e4r.\" \/>\n<meta property=\"og:url\" content=\"https:\/\/euro-east.fi\/tuote\/bazar-pindjur-stark-350g\/\" \/>\n<meta property=\"og:site_name\" content=\"Euro-East\" \/>\n<meta property=\"article:publisher\" content=\"https:\/\/www.facebook.com\/EuroEast.fi\" \/>\n<meta property=\"article:modified_time\" content=\"2026-03-13T06:06:17+00:00\" \/>\n<meta property=\"og:image\" content=\"https:\/\/euro-east.fi\/wp-content\/uploads\/2023\/03\/Logo-1.png\" \/>\n\t<meta property=\"og:image:width\" content=\"250\" \/>\n\t<meta property=\"og:image:height\" content=\"250\" \/>\n\t<meta property=\"og:image:type\" content=\"image\/png\" \/>\n<meta name=\"twitter:card\" content=\"summary_large_image\" \/>\n<meta name=\"twitter:site\" content=\"@euroeastoy\" \/>\n<script type=\"application\/ld+json\" class=\"yoast-schema-graph\">{\"@context\":\"https:\/\/schema.org\",\"@graph\":[{\"@type\":\"WebPage\",\"@id\":\"https:\/\/euro-east.fi\/tuote\/bazar-pindjur-stark-350g\/\",\"url\":\"https:\/\/euro-east.fi\/tuote\/bazar-pindjur-stark-350g\/\",\"name\":\"Bazar Pindjur, stark 350g - Euro-East\",\"isPartOf\":{\"@id\":\"https:\/\/euro-east.fi\/#website\"},\"primaryImageOfPage\":{\"@id\":\"https:\/\/euro-east.fi\/tuote\/bazar-pindjur-stark-350g\/#primaryimage\"},\"image\":{\"@id\":\"https:\/\/euro-east.fi\/tuote\/bazar-pindjur-stark-350g\/#primaryimage\"},\"thumbnailUrl\":\"https:\/\/euro-east.fi\/wp-content\/uploads\/2026\/03\/36080350_bazar_pindjur_tulinen_350g.jpg\",\"datePublished\":\"2026-03-13T06:06:13+00:00\",\"dateModified\":\"2026-03-13T06:06:17+00:00\",\"breadcrumb\":{\"@id\":\"https:\/\/euro-east.fi\/tuote\/bazar-pindjur-stark-350g\/#breadcrumb\"},\"inLanguage\":\"sv-SE\",\"potentialAction\":[{\"@type\":\"ReadAction\",\"target\":[\"https:\/\/euro-east.fi\/tuote\/bazar-pindjur-stark-350g\/\"]}]},{\"@type\":\"ImageObject\",\"inLanguage\":\"sv-SE\",\"@id\":\"https:\/\/euro-east.fi\/tuote\/bazar-pindjur-stark-350g\/#primaryimage\",\"url\":\"https:\/\/euro-east.fi\/wp-content\/uploads\/2026\/03\/36080350_bazar_pindjur_tulinen_350g.jpg\",\"contentUrl\":\"https:\/\/euro-east.fi\/wp-content\/uploads\/2026\/03\/36080350_bazar_pindjur_tulinen_350g.jpg\",\"width\":500,\"height\":500,\"caption\":\"36080350_Bazar_Pindjur__tulinen_350g\"},{\"@type\":\"BreadcrumbList\",\"@id\":\"https:\/\/euro-east.fi\/tuote\/bazar-pindjur-stark-350g\/#breadcrumb\",\"itemListElement\":[{\"@type\":\"ListItem\",\"position\":1,\"name\":\"Home\",\"item\":\"https:\/\/euro-east.fi\/sv\/\"},{\"@type\":\"ListItem\",\"position\":2,\"name\":\"Butik\",\"item\":\"https:\/\/euro-east.fi\/sv\/butik\/\"},{\"@type\":\"ListItem\",\"position\":3,\"name\":\"Bazar Pindjur, stark 350g\"}]},{\"@type\":\"WebSite\",\"@id\":\"https:\/\/euro-east.fi\/#website\",\"url\":\"https:\/\/euro-east.fi\/\",\"name\":\"Euro-East\",\"description\":\"Euro-East vie sinut makumatkalle Baltiasta Balkanille.Euro-East on it\u00e4eurooppalaisten elintarvikkeiden maahantuoja. Tarjoamme parhaita herkkuja Baltiasta Balkaniin. Meilt\u00e4 l\u00f6yd\u00e4t laadukkaita vihannes-, kala- ja lihas\u00e4ilykkeit\u00e4, kastikkeita, jyvi\u00e4, mehuja, keksej\u00e4 ja pakasteita. Tule mukaan makumatkalle ja ihastu ruokakulttuurien herkulliseen kirjoon\",\"publisher\":{\"@id\":\"https:\/\/euro-east.fi\/#organization\"},\"potentialAction\":[{\"@type\":\"SearchAction\",\"target\":{\"@type\":\"EntryPoint\",\"urlTemplate\":\"https:\/\/euro-east.fi\/?s={search_term_string}\"},\"query-input\":{\"@type\":\"PropertyValueSpecification\",\"valueRequired\":true,\"valueName\":\"search_term_string\"}}],\"inLanguage\":\"sv-SE\"},{\"@type\":\"Organization\",\"@id\":\"https:\/\/euro-east.fi\/#organization\",\"name\":\"Euro-East\",\"url\":\"https:\/\/euro-east.fi\/\",\"logo\":{\"@type\":\"ImageObject\",\"inLanguage\":\"sv-SE\",\"@id\":\"https:\/\/euro-east.fi\/#\/schema\/logo\/image\/\",\"url\":\"https:\/\/euro-east.fi\/wp-content\/uploads\/2023\/03\/Logo-1.png\",\"contentUrl\":\"https:\/\/euro-east.fi\/wp-content\/uploads\/2023\/03\/Logo-1.png\",\"width\":250,\"height\":250,\"caption\":\"Euro-East\"},\"image\":{\"@id\":\"https:\/\/euro-east.fi\/#\/schema\/logo\/image\/\"},\"sameAs\":[\"https:\/\/www.facebook.com\/EuroEast.fi\",\"https:\/\/x.com\/euroeastoy\",\"https:\/\/www.instagram.com\/euro.east\/\",\"https:\/\/www.pinterest.com\/euroeast\/\",\"https:\/\/www.youtube.com\/channel\/UCfNlzn0G_n53fATPX6Uw0yw\"]}]}<\/script>\n<!-- \/ Yoast SEO plugin. -->","yoast_head_json":{"title":"Bazar Pindjur, stark 350g - Euro-East","robots":{"index":"index","follow":"follow","max-snippet":"max-snippet:-1","max-image-preview":"max-image-preview:large","max-video-preview":"max-video-preview:-1"},"canonical":"https:\/\/euro-east.fi\/tuote\/bazar-pindjur-stark-350g\/","og_locale":"sv_SE","og_type":"article","og_title":"Bazar Pindjur, stark 350g - Euro-East","og_description":"Stark pindjur \u00e4r en klassisk gr\u00f6nsaksr\u00f6ra fr\u00e5n Balkan d\u00e4r rostade paprikor, aubergine och kryddor skapar en fyllig och aromatisk smakupplevelse. Passar utm\u00e4rkt som p\u00e5l\u00e4gg, dip, tillbeh\u00f6r till grillr\u00e4tter eller som smaks\u00e4ttare i matlagning. Ett perfekt val n\u00e4r du vill ge r\u00e4tten lite hetta och autentisk karakt\u00e4r.","og_url":"https:\/\/euro-east.fi\/tuote\/bazar-pindjur-stark-350g\/","og_site_name":"Euro-East","article_publisher":"https:\/\/www.facebook.com\/EuroEast.fi","article_modified_time":"2026-03-13T06:06:17+00:00","og_image":[{"width":250,"height":250,"url":"https:\/\/euro-east.fi\/wp-content\/uploads\/2023\/03\/Logo-1.png","type":"image\/png"}],"twitter_card":"summary_large_image","twitter_site":"@euroeastoy","schema":{"@context":"https:\/\/schema.org","@graph":[{"@type":"WebPage","@id":"https:\/\/euro-east.fi\/tuote\/bazar-pindjur-stark-350g\/","url":"https:\/\/euro-east.fi\/tuote\/bazar-pindjur-stark-350g\/","name":"Bazar Pindjur, stark 350g - Euro-East","isPartOf":{"@id":"https:\/\/euro-east.fi\/#website"},"primaryImageOfPage":{"@id":"https:\/\/euro-east.fi\/tuote\/bazar-pindjur-stark-350g\/#primaryimage"},"image":{"@id":"https:\/\/euro-east.fi\/tuote\/bazar-pindjur-stark-350g\/#primaryimage"},"thumbnailUrl":"https:\/\/euro-east.fi\/wp-content\/uploads\/2026\/03\/36080350_bazar_pindjur_tulinen_350g.jpg","datePublished":"2026-03-13T06:06:13+00:00","dateModified":"2026-03-13T06:06:17+00:00","breadcrumb":{"@id":"https:\/\/euro-east.fi\/tuote\/bazar-pindjur-stark-350g\/#breadcrumb"},"inLanguage":"sv-SE","potentialAction":[{"@type":"ReadAction","target":["https:\/\/euro-east.fi\/tuote\/bazar-pindjur-stark-350g\/"]}]},{"@type":"ImageObject","inLanguage":"sv-SE","@id":"https:\/\/euro-east.fi\/tuote\/bazar-pindjur-stark-350g\/#primaryimage","url":"https:\/\/euro-east.fi\/wp-content\/uploads\/2026\/03\/36080350_bazar_pindjur_tulinen_350g.jpg","contentUrl":"https:\/\/euro-east.fi\/wp-content\/uploads\/2026\/03\/36080350_bazar_pindjur_tulinen_350g.jpg","width":500,"height":500,"caption":"36080350_Bazar_Pindjur__tulinen_350g"},{"@type":"BreadcrumbList","@id":"https:\/\/euro-east.fi\/tuote\/bazar-pindjur-stark-350g\/#breadcrumb","itemListElement":[{"@type":"ListItem","position":1,"name":"Home","item":"https:\/\/euro-east.fi\/sv\/"},{"@type":"ListItem","position":2,"name":"Butik","item":"https:\/\/euro-east.fi\/sv\/butik\/"},{"@type":"ListItem","position":3,"name":"Bazar Pindjur, stark 350g"}]},{"@type":"WebSite","@id":"https:\/\/euro-east.fi\/#website","url":"https:\/\/euro-east.fi\/","name":"Euro-East","description":"Euro-East vie sinut makumatkalle Baltiasta Balkanille.Euro-East on it\u00e4eurooppalaisten elintarvikkeiden maahantuoja. Tarjoamme parhaita herkkuja Baltiasta Balkaniin. Meilt\u00e4 l\u00f6yd\u00e4t laadukkaita vihannes-, kala- ja lihas\u00e4ilykkeit\u00e4, kastikkeita, jyvi\u00e4, mehuja, keksej\u00e4 ja pakasteita. Tule mukaan makumatkalle ja ihastu ruokakulttuurien herkulliseen kirjoon","publisher":{"@id":"https:\/\/euro-east.fi\/#organization"},"potentialAction":[{"@type":"SearchAction","target":{"@type":"EntryPoint","urlTemplate":"https:\/\/euro-east.fi\/?s={search_term_string}"},"query-input":{"@type":"PropertyValueSpecification","valueRequired":true,"valueName":"search_term_string"}}],"inLanguage":"sv-SE"},{"@type":"Organization","@id":"https:\/\/euro-east.fi\/#organization","name":"Euro-East","url":"https:\/\/euro-east.fi\/","logo":{"@type":"ImageObject","inLanguage":"sv-SE","@id":"https:\/\/euro-east.fi\/#\/schema\/logo\/image\/","url":"https:\/\/euro-east.fi\/wp-content\/uploads\/2023\/03\/Logo-1.png","contentUrl":"https:\/\/euro-east.fi\/wp-content\/uploads\/2023\/03\/Logo-1.png","width":250,"height":250,"caption":"Euro-East"},"image":{"@id":"https:\/\/euro-east.fi\/#\/schema\/logo\/image\/"},"sameAs":["https:\/\/www.facebook.com\/EuroEast.fi","https:\/\/x.com\/euroeastoy","https:\/\/www.instagram.com\/euro.east\/","https:\/\/www.pinterest.com\/euroeast\/","https:\/\/www.youtube.com\/channel\/UCfNlzn0G_n53fATPX6Uw0yw"]}]}},"_links":{"self":[{"href":"https:\/\/euro-east.fi\/sv\/wp-json\/wp\/v2\/product\/526985","targetHints":{"allow":["GET"]}}],"collection":[{"href":"https:\/\/euro-east.fi\/sv\/wp-json\/wp\/v2\/product"}],"about":[{"href":"https:\/\/euro-east.fi\/sv\/wp-json\/wp\/v2\/types\/product"}],"wp:featuredmedia":[{"embeddable":true,"href":"https:\/\/euro-east.fi\/sv\/wp-json\/wp\/v2\/media\/526983"}],"wp:attachment":[{"href":"https:\/\/euro-east.fi\/sv\/wp-json\/wp\/v2\/media?parent=526985"}],"wp:term":[{"taxonomy":"product_brand","embeddable":true,"href":"https:\/\/euro-east.fi\/sv\/wp-json\/wp\/v2\/product_brand?post=526985"},{"taxonomy":"product_cat","embeddable":true,"href":"https:\/\/euro-east.fi\/sv\/wp-json\/wp\/v2\/product_cat?post=526985"},{"taxonomy":"product_tag","embeddable":true,"href":"https:\/\/euro-east.fi\/sv\/wp-json\/wp\/v2\/product_tag?post=526985"}],"curies":[{"name":"wp","href":"https:\/\/api.w.org\/{rel}","templated":true}]}}